{"id":28672,"date":"2020-01-23T12:05:21","date_gmt":"2020-01-23T09:05:21","guid":{"rendered":"http:\/\/www.xn--tuksimaailm-ffb.ee\/vuokra\/"},"modified":"2023-01-19T21:16:45","modified_gmt":"2023-01-19T19:16:45","slug":"vuokra","status":"publish","type":"page","link":"https:\/\/www.xn--tuksimaailm-ffb.ee\/fi\/vuokra\/","title":{"rendered":"VUOKRA"},"content":{"rendered":"\n<p><strong>T\u00f5uksimaailman pitk\u00e4aikainen s\u00e4hk\u00f6potkulautavuokraus on tarkoitettu ensisijaisesti niille ihmisille, jotka haluavat vuokrata s\u00e4hk\u00f6potkulaudan v\u00e4hint\u00e4\u00e4n useiksi tunneiksi tai pidemm\u00e4ksi aikaa. S\u00e4hk\u00f6skootterit voi ottaa mukaan Viron sis\u00e4ll\u00e4. T\u00f5uksimaailman s\u00e4hk\u00f6skooterivuokraus on paras valinta my\u00f6s niille, jotka haluavat varata suurempia m\u00e4\u00e4ri\u00e4 s\u00e4hk\u00f6potkulautoja esimerkiksi yritystapahtuman tai muun tapahtuman tarpeisiin.<\/strong><\/p>\n\n<h3 class=\"wp-block-heading\" id=\"h-elektritoukeratta-rent-on-imelihtne\"><strong>El<\/strong>s\u00e4hk\u00f6potkulaudan<strong> vuokraus on helppoa!<\/strong><br\/><\/h3>\n\n<ol class=\"wp-block-list\"><li><strong>Tule T\u00f5uksimaailman myym\u00e4l\u00e4\u00e4n - T\u00f6\u00f6stuse 47a, Tallinnassa<\/strong><\/li><li><strong>Esit\u00e4 henkil\u00f6llisyytt\u00e4 todentava asiakirja (Viron tasavallan henkil\u00f6kortti, ajokortti, passi, asumislupa)<\/strong><\/li><li><strong>L\u00e4p\u00e4ist\u00e4 henkil\u00f6n nopean taustatarkastuksen, joka yleens\u00e4 kest\u00e4\u00e4 enint\u00e4\u00e4n 5 minuuttia (tarkemmin kuvattu alla).<\/strong><\/li><li><strong>T\u00e4yt\u00e4 vuokrasopimus ja maksa vakuus 100-300\u20ac (mahdollista maksaa paikan p\u00e4\u00e4ll\u00e4 k\u00e4teisell\u00e4 tai pankkisiirrolla)<\/strong><\/li><li><strong>Maksa s\u00e4hk\u00f6py\u00f6r\u00e4n vuokrauksesta (hinnasto alla)<\/strong><\/li><li><strong>Valloita Tallinnan kadut tai l\u00f6yd\u00e4 Viron kauneimmat alueet s\u00e4hk\u00f6potkulaudallasi<\/strong>!<br\/><\/li><\/ol>\n\n<p>S\u00e4hk\u00f6potkulautdan vuokraus on hyv\u00e4 tapa kokeilla uutta ja kiinnostavaa liikkumistapaa ennen oman henkil\u00f6kohtaisen laitteen hankkimista tai vain viett\u00e4\u00e4 yksi iltap\u00e4iv\u00e4 kierrellen kaupungin ymp\u00e4ri. Jos suunnittelet itsellesi s\u00e4hk\u00f6potkulaudan hankkimista, mutta haluat silti kokeilla, ett\u00e4 se p\u00e4\u00e4see yl\u00f6s alueen vuorista tai se pystyy kulkemaan oman ajotyylisi sopivan et\u00e4isyyden, T\u00f5uksimaailman s\u00e4hk\u00f6potkulautavuokraus on paras tapa t\u00e4h\u00e4n kokeiluun. S\u00e4hk\u00f6potkulautavuokraus sopii my\u00f6s hyvin vain yhden hauskan p\u00e4iv\u00e4n viett\u00e4miseen yst\u00e4vien kanssa ja Tallinnan tutkimiseen. Meid\u00e4n kauppan \"T\u00f6\u00f6stuse 47a\" vieress\u00e4 sijaitsee upea Noblessnerin satama, hieman kauempana on Kalarantaa ja kaupungin keskus.<\/p>\n\n<h3 class=\"wp-block-heading\" id=\"h-missuguseid-elektritoukerattaid-rendime\">Mink\u00e4laisia s\u00e4hk\u00f6potkulautoja vuokraamme?<\/h3>\n\n<p>Ajoneuvoina meill\u00e4 on valittu mukavat, suurilla renkailla ja ilmarenkailla varustetut s\u00e4hk\u00f6potkulaudat. Merkeist\u00e4 olemme valinneet vain kest\u00e4vimm\u00e4t ja laadukkaimmat vuokralle - <strong>Inokim<\/strong>, <strong>Segway Ninebot<\/strong> ja <strong>Xiaomi<\/strong> <strong>Mi<\/strong>. S\u00e4hk\u00f6potkulaudan vuokraamalla saat mukana my\u00f6s akkulaturin, jolla voit ladata akun tarvittaessa tuntien j\u00e4lkeen taas seikkailuun. My\u00f6s annamme mukana turvallisen s\u00e4hk\u00f6potkulaudalle sopivan lukon, jolla voit j\u00e4tt\u00e4\u00e4 py\u00f6r\u00e4n turvallisesti ulos kauppaan tai t\u00f6ihin menness\u00e4.<\/p>\n\n<p>Meid\u00e4n pitk\u00e4aikaisen s\u00e4hk\u00f6skootterivuokrauksen ytimen muodostuu Segway Ninebot Max G30 s\u00e4hk\u00f6potkulaudoista, joita meill\u00e4 on mahdollista vuokrata my\u00f6s etuk\u00e4teen varatun suuremman m\u00e4\u00e4r\u00e4n (10+) tarvittaessa jonkin suuremman tapahtuman tarpeisiin. Xiaomi ja Inokim s\u00e4hk\u00f6potkulaudoita meill\u00e4 on v\u00e4hemm\u00e4n, 1-2 kappaletta jokaisesta mallista.<\/p>\n\n<h3 class=\"wp-block-heading\" id=\"h-elektritoukeratta-rent-mudelite-valik\">S\u00e4hk\u00f6potkulaudan vuokraus - mallivalikoima<\/h3>\n\n<ul class=\"wp-block-list\"><li><strong><a href=\"http:\/\/www.xn--tuksimaailm-ffb.ee\/shop\/elektriline-toukeratas-ninebot-max-g30\/\">Segway Ninebot Max G30<\/a> <\/strong>- Ajo yhdell\u00e4 latauksella <strong>65km<\/strong>, tehoa <strong>~750W<\/strong> (T\u00f5uksimaailman <a href=\"http:\/\/www.xn--tuksimaailm-ffb.ee\/elektrilise-toukeratta-remont\/\" target=\"_blank\" rel=\"noreferrer noopener\">ty\u00f6pajan<\/a> tuuningulla) Laatausaika 0-100% <strong>6h<\/strong><\/li><li><strong><a href=\"http:\/\/www.xn--tuksimaailm-ffb.ee\/shop\/elektriline-toukeratas-inokim-ox-eco\/\">Inokim OX Eco<\/a><\/strong> - Ajo yhdell\u00e4 latauksella <strong>40km<\/strong>, tehoa <strong>700W<\/strong>, laatausaika 0-100% <strong>7h<\/strong><\/li><li><strong><a href=\"http:\/\/www.xn--tuksimaailm-ffb.ee\/shop\/inokim-quick-4-super-elektritoukeratas\/\" target=\"_blank\" rel=\"noreferrer noopener\">Inokim Quick 4 Super<\/a><\/strong> - Ajo yhdell\u00e4 laatauksella <strong>70km<\/strong>, tehoa <strong>600W<\/strong>, laatausaika 0-100% <strong>7h<\/strong><\/li><li><a href=\"http:\/\/www.xn--tuksimaailm-ffb.ee\/shop\/elektriline-toukeratas-xiaomi-mi-m365-pro\/\"><strong>Xiaomi M365 Pro<\/strong><\/a> - Ajo yhdell\u00e4 laatauksella <strong>45km<\/strong>, tehoa <strong>300W (600W max)<\/strong>, laatausaika 0-100% <strong>8h<\/strong><\/li><li><strong><a href=\"http:\/\/www.xn--tuksimaailm-ffb.ee\/shop\/xiaomi-pro-2-elektritoukeratas\/\">Xiaomi Mi Pro 2<\/a><\/strong> - Ajo yhdell\u00e4 laatauksella <strong>45km<\/strong>, tehoa <strong>300W (600W max)<\/strong>, laatausaika 0-100% <strong>8h<\/strong><\/li><li><strong><a href=\"http:\/\/www.xn--tuksimaailm-ffb.ee\/shop\/xiaomi-1s-elektritoukeratas\/\">Xiaomi Mi 1S<\/a><\/strong> - Ajo yhdell\u00e4 laatauksella <strong>30km<\/strong>, tehoa <strong>250W (600W max)<\/strong>, laatausaika 0-100% <strong>5h<\/strong><\/li><\/ul>\n\n<p>Valtioneuvoston 28.10.2020 hyv\u00e4ksym\u00e4n <a href=\"https:\/\/www.riigiteataja.ee\/akt\/113112020001\" target=\"_blank\" rel=\"noreferrer noopener\">Liikennelain muutoksen<\/a> mukaan ei ole en\u00e4\u00e4 1.01.2021 Virosta sallittua ajaa kevyell\u00e4 ajoneuvolla (s\u00e4hk\u00f6potkulaudalla, s\u00e4hk\u00f6skootterilla, yksipy\u00f6r\u00e4isell\u00e4) nopeammin kuin <strong>25 km\/h<\/strong>. T\u00e4st\u00e4 syyst\u00e4 my\u00f6s kaikkien vuokraamiemme s\u00e4hk\u00f6potkulaudan nopeudet on rajoitettu 25 kilometriin tunnissa. Lis\u00e4ksi yhdell\u00e4k\u00e4\u00e4n s\u00e4hk\u00f6potkulaudan moottorin teho ei ylit\u00e4 yht\u00e4 kilowattia (<strong>1 kW<\/strong> <strong>\/ 1000 W<\/strong>).<\/p>\n\n<p><strong>HUOM!<\/strong> Matkan suunnittelussa pyyd\u00e4mme huomioima, ett\u00e4 todellinen ajo yhdell\u00e4 latauksella riippuu suuresti ajajan painosta ja ajotyylist\u00e4. Matka-et\u00e4isyydet on m\u00e4\u00e4ritelty perustuen <strong>70 kg<\/strong> painavalle ja <strong>tasaiselle<\/strong> ajotyylille ajavalle.<\/p>\n\n<h2 class=\"wp-block-heading\" id=\"h-hinnakiri-elektritoukeratta-rent\">Hintaluettelo - s\u00e4hk\u00f6potkulaudan vuokraus:<\/h2>\n\n<p>Segway Ninebot Max G30, Xiaomi (M365 Pro, Pro 2, 1S):<\/p>\n\n<ul class=\"wp-block-list\"><li>Tunti 9\u20ac<\/li><li>P\u00e4iv\u00e4 12\u20ac<\/li><li>Viikko 65\u20ac<\/li><li>Kuukausi 149\u20ac<\/li><\/ul>\n\n<p><strong>Vakuus 100\u20ac<\/strong><\/p>\n\n<p>Inokim OX Eco, Inokim Quick 4 Super:<\/p>\n\n<ul class=\"wp-block-list\"><li>Tunti 10\u20ac<\/li><li>P\u00e4iv\u00e4 25\u20ac<\/li><li>Viikko 135\u20ac<\/li><li>Kuukausi 349\u20ac<\/li><\/ul>\n\n<p><strong>Vakuus 300\u20ac (Quick 4, OX Eco)<\/strong><\/p>\n\n<p>Tuodessasi oman s\u00e4hk\u00f6potkulaudan <a href=\"http:\/\/www.xn--tuksimaailm-ffb.ee\/elektrilise-toukeratta-remont\/\" target=\"_blank\" rel=\"noreferrer noopener\">ty\u00f6paikallesi<\/a> korjattavaksi, s\u00e4hk\u00f6potkulaudan vuokra on sinulle edullisempi - hintaan 5\u20ac \/ p\u00e4iv\u00e4.<\/p>\n\n<p>Vuokraushinnan tarjousta voi kysy\u00e4 s\u00e4hk\u00f6postitse <strong>rent@touksimaailm.ee<\/strong>.<\/p>\n\n<p>Ennen paikalle tulemista pyyd\u00e4mme mahdollisuuksien mukaan soittamaan tai kirjoittamaan etuk\u00e4teen ja <strong>varaamaan<\/strong>s\u00e4hk\u00f6potkulaudan vuokraus, niin voimme varmistaa, ett\u00e4 saavuttaessa on tarvittava m\u00e4\u00e4r\u00e4 s\u00e4hk\u00f6potkulautoja saatavilla. T\u00e4m\u00e4n voit tehd\u00e4 l\u00e4hett\u00e4m\u00e4ll\u00e4 meille s\u00e4hk\u00f6postia osoitteeseen <strong>rent@touksimaailm.ee<\/strong> tai soittamalla <strong>+372 517 1307<\/strong>, voit my\u00f6s kirjoittaa meille sosiaalisen median kautta <a href=\"https:\/\/www.facebook.com\/touksimaailm\" target=\"_blank\" rel=\"noreferrer noopener\">Facebookista<\/a>.<\/p>\n\n<h2 class=\"wp-block-heading\" id=\"h-elektrilise-toukeratta-laenutus-tingimused\">S\u00e4hk\u00f6potkulaudan vuokrausehdot:<\/h2>\n\n<ul class=\"wp-block-list\"><li>Laitteet ja mahdolliset laturit tai muut lis\u00e4varusteet on palautettava vuokra-ajan p\u00e4\u00e4ttyess\u00e4 samassa teknisess\u00e4 ja kosmeettisessa kunnossa, jossa ne on vuokrattu.\u00a0<\/li><li>Kaikki vuokra-ajan aikana laitteelle syntyneet vahingot tai korjauskulut korvaa vuokraaja.<\/li><li>Laitteen varkauden tai menetyksen tapauksessa laitteen myyntihinnan on korvattava vuokraajalle.<\/li><li>Vuokra-ajan p\u00e4\u00e4ttyess\u00e4 takuumaksu palautetaan kokonaisuudessaan, kun laitteet on palautettu alkuper\u00e4isess\u00e4 kunnossaan.<\/li><li>Vuokralaisen on esitett\u00e4v\u00e4 henkil\u00f6llisyystodistus (henkil\u00f6kortti, ajokortti, passi, oleskelulupa).<\/li><li>Ennen vuokraamista tulee vuokraajan maksaa vakuusmaksu, jonka suuruus ei saa olla alle 100\u20ac, ja se palautetaan vuokra-ajan p\u00e4\u00e4tytty\u00e4.<\/li><li>Jos laitetta ei palauteta vuokrasopimuksessa m\u00e4\u00e4ritellyn aikataulun mukaisesti, vuokranantajalla on oikeus vaatia vuokrahintaluettelon mukaista vuokraa jokaiselta ylitt\u00e4neelt\u00e4 p\u00e4iv\u00e4lt\u00e4 (sopimussakko - 50\u20ac \/ p\u00e4iv\u00e4).<\/li><li>Vuokra-ajan pident\u00e4miseksi vuokralaisen on tultava fyysisesti T\u00f5uksimaailman myym\u00e4l\u00e4\u00e4n osoitteessa T\u00f6\u00f6stuse 47a vuokratun s\u00e4hk\u00f6potkulaudan kanssa ja maksettava vuokra-ajan pidennys. S\u00e4hk\u00f6skootterien vuokraus jatkuu uuden sopimuksen allekirjoittamisen j\u00e4lkeen.<\/li><li>S\u00e4hk\u00f6skootterin vuokraaja sitoutuu k\u00e4sittelem\u00e4\u00e4n vuokrattua laitetta varovaisesti ja ilmoittamaan v\u00e4litt\u00f6m\u00e4sti laitteen rikkoutumisesta, katoamisesta, varkaudesta tai muusta vahingoittumisesta.<\/li><li>S\u00e4hk\u00f6potkulaudan vuokraaja lupaa k\u00e4ytt\u00e4\u00e4 laitetta liikennes\u00e4\u00e4nt\u00f6jen mukaisesti. Alle 16-vuotias kevyen liikenteen k\u00e4ytt\u00e4j\u00e4 on velvollinen k\u00e4ytt\u00e4m\u00e4\u00e4n <a href=\"http:\/\/www.xn--tuksimaailm-ffb.ee\/shop\/elektritoukeratta-kiiver-lapsele-taiskasvanule\/\">kyp\u00e4r\u00e4\u00e4<\/a> \u00e4hk\u00f6potkulaudan k\u00e4yt\u00f6n aikana.<\/li><\/ul>\n\n<p><strong>Pitemp\u00e4\u00e4n voit tutustua sopimusehtoihin T\u00f5uksimaailma kaupassa osoitteessa T\u00f6\u00f6stuse 47a-111, Tallinn.<\/strong><\/p>\n\n<h2 class=\"wp-block-heading\" id=\"h-varguskindlus-kellele-rendime-gps-jalgimissusteem\">Varkaudenesto - Kenelle vuokraamme? - GPS-seurantaj\u00e4rjestelm\u00e4<\/h2>\n\n<p>S\u00e4hk\u00f6potkulaudan vuokraus on merkitt\u00e4v\u00e4 velkajuridisellinen vastuu. T\u00e4st\u00e4 syyst\u00e4 T\u00f5uksimaailma vuokraa s\u00e4hk\u00f6potkulautoja yll\u00e4 mainituilla tavallisilla ehdoilla kaikille henkil\u00f6ille, jotka l\u00e4p\u00e4isev\u00e4t taustatarkastuksemme. Taustatarkastuksen l\u00e4p\u00e4isemiseksi on tarpeen tulla paikan p\u00e4\u00e4lle liikkeeseemme ja esitt\u00e4\u00e4 asiakaspalvelijalle henkil\u00f6llisyystodistuksesi. Prosessi kest\u00e4\u00e4 noin 5 minuuttia.<\/p>\n\n<h4 class=\"wp-block-heading\" id=\"h-kas-elektrilise-toukeratta-laenutus-on-ikka-minu-jaoks-muretsemiseks-on-ilmselt-pohjust-kui\">Onko s\u00e4hk\u00f6potkulaudan vuokraus edelleen minulle? Ilmeisesti on syyt\u00e4 huoleen, jos:<\/h4>\n\n<ul class=\"wp-block-list\"><li>Oletko koskaan joutunut rikoslain nojalla rangaistuksi jonkin syyn takia?<\/li><li>Sinulla ei ole T\u00f5uksimaailman hyv\u00e4ksym\u00e4\u00e4 henkil\u00f6llisyystodistusta, kuten Eestin Valtion ID-korttia, ajokorttia, passia tai asumislupaa.<\/li><li>Sinulla ei ole pysyv\u00e4\u00e4 asuinpaikkaa Virosta.<\/li><li>Sinun suhteesi on julistettu fyysisen henkil\u00f6n konkurssi<\/li><li>Olet humalassa vai huumeissa<\/li><li>Tingit vararahasumman yli<\/li><li>Esit\u00e4t ep\u00e4ilytt\u00e4vi\u00e4 kysymyksi\u00e4 (esimerkiksi \"Mit\u00e4 tapahtuu, jos en saa palauttaa ajoissa?\" jne.)<\/li><li>Olet viivitt\u00e4nyt s\u00e4hk\u00f6potkulaudan palauttamista T\u00f5uksimaailmalle.<\/li><\/ul>\n\n<p><strong>T\u00f5uksimaailma ottaa itselleen oikeuden ilmoittaa henkil\u00f6lle taustatarkastuksen ep\u00e4onnistumisen syyst\u00e4.<\/strong><\/p>\n\n<p>Jos et kuitenkaan l\u00e4p\u00e4ise taustatarkastusta, voit silti vuokrata s\u00e4hk\u00f6skootterin maksamalla haluamasi skootterin <strong>t\u00e4yden v\u00e4hitt\u00e4ismyyntihinnan takuumaksuna (esimerkiksi Ninebot Max G30 - 699\u20ac)<\/strong>.<\/p>\n\n<h3 class=\"wp-block-heading\" id=\"h-muud-eritingimused\">Muut ehdot<\/h3>\n\n<ul class=\"wp-block-list\"><li>Yksityishenkil\u00f6 saa vuokrata samanaikaisesti <strong>enint\u00e4\u00e4n 2 s\u00e4hk\u00f6potkulautaa<\/strong>, erityisesti (suuremmalla vakuudella) on sovittavissa mahdollisuus vuokrata enemm\u00e4n s\u00e4hk\u00f6potkulautoja.<\/li><li>T\u00f5uksimaailma vuokraus on palvelu s\u00e4hk\u00f6potkulautoja <strong>vain Virossa k\u00e4ytett\u00e4v\u00e4ksi<\/strong>, erityisesti (suuremmalla vakuudella) on sovittavissa mahdollisuus ottaa s\u00e4hk\u00f6potkulaudat my\u00f6s ulkomailla k\u00e4ytt\u00f6\u00f6n.<\/li><li>Tarjoamme Viron Valtion luotettaville, puhta tausta, v\u00e4hint\u00e4\u00e4n jonkin verran historiaa ja ilman vero- ja yksityisvelkojaa <strong>yrityksille ja j\u00e4rjest\u00f6ille s\u00e4hk\u00f6potkulautojen vuokrausta ilman vakuutta<\/strong>.<\/li><\/ul>\n\n<p>S\u00e4hk\u00f6potkulautojen vuokraajan t\u00e4ytyy varmasti huomioida, ett\u00e4 kaikki meid\u00e4n vuokraamamme s\u00e4hk\u00f6potkulaudat on varustettu <strong>GPS-seurantaj\u00e4rjestelm\u00e4ll\u00e4<\/strong> ja <a href=\"http:\/\/www.xn--tuksimaailm-ffb.ee\/elektrilise-toukeratta-remont\/\">T\u00f5uksimaailma ty\u00f6pajan<\/a> asiantuntijoiden asentamalla ja kehitt\u00e4m\u00e4ll\u00e4 <strong>automaattisella katkaisulla\/ajon estolla<\/strong>. Vuokra-ajan p\u00e4\u00e4tytty\u00e4 j\u00e4rjestelm\u00e4 toimii GPS-signaalin olemassaolosta riippumatta, s\u00e4hk\u00f6potkulauta alkaa piippaamaan eik\u00e4 sit\u00e4 en\u00e4\u00e4 pysty ajamaan ennen kuin me aktivoimme sen uudelleen. T\u00e4m\u00e4n tarkoituksena on, ett\u00e4 vuokrattua s\u00e4hk\u00f6potkulautaa ei voi omistaa. Automaattisen vuokra-ajan laskemiskontrollerin poistamisessa s\u00e4hk\u00f6potkulaudan puolelta k\u00e4ytet\u00e4\u00e4n toissijainen j\u00e4rjestelm\u00e4, joka aiheuttaa s\u00e4hk\u00f6potkulaudan sis\u00e4isess\u00e4 elektroniikassa lyhyen - t\u00e4m\u00e4 tekee <strong>k\u00e4ytt\u00f6kelvottomaksi s\u00e4hk\u00f6potkulaudan akun<\/strong>. Samoin j\u00e4rjestelm\u00e4 l\u00e4hett\u00e4\u00e4 h\u00e4t\u00e4kutsun GPS:n kautta. T\u00e4ss\u00e4 tilanteessa vuokraajan on korvattava T\u00f5uksimaailmalle uuden s\u00e4hk\u00f6potkulaudan akun hinnan j\u00e4lleenmyyntihinnassa (esimerkkin\u00e4 <a href=\"http:\/\/www.xn--tuksimaailm-ffb.ee\/shop\/segway-ninebot-max-g30-aku-g30p-g30le\/\" target=\"_blank\" rel=\"noreferrer noopener\">Ninebot Max G30 aku<\/a> - 399\u20ac).<\/p>\n\n<p class=\"has-text-align-center\"><strong>Iloisia ja turvallisia ajoja!<\/strong><\/p>\n\n<div class=\"wp-block-columns alignwide is-layout-flex wp-container-core-columns-is-layout-9d6595d7 wp-block-columns-is-layout-flex\">\n<div class=\"wp-block-column is-layout-flow wp-block-column-is-layout-flow\" style=\"flex-basis:100%\">\n<div class=\"wp-block-image is-style-default\"><figure class=\"alignright size-large is-resized\"><img decoding=\"async\" src=\"http:\/\/www.xn--tuksimaailm-ffb.ee\/wp-content\/uploads\/2021\/02\/Max-G30-noblessner-1024x683.jpg\" alt=\"S&#xE4;hk&#xF6;potkulauta vuokraus, S&#xE4;hk&#xF6;potkulautojen s&#xE4;hk&#xF6;skooteri\" class=\"wp-image-3493\" width=\"1159\" height=\"773\" srcset=\"https:\/\/www.xn--tuksimaailm-ffb.ee\/wp-content\/uploads\/2021\/02\/Max-G30-noblessner-1024x683.jpg 1024w, https:\/\/www.xn--tuksimaailm-ffb.ee\/wp-content\/uploads\/2021\/02\/Max-G30-noblessner-300x200.jpg 300w, https:\/\/www.xn--tuksimaailm-ffb.ee\/wp-content\/uploads\/2021\/02\/Max-G30-noblessner-768x512.jpg 768w, https:\/\/www.xn--tuksimaailm-ffb.ee\/wp-content\/uploads\/2021\/02\/Max-G30-noblessner-1536x1024.jpg 1536w, https:\/\/www.xn--tuksimaailm-ffb.ee\/wp-content\/uploads\/2021\/02\/Max-G30-noblessner-2048x1365.jpg 2048w, https:\/\/www.xn--tuksimaailm-ffb.ee\/wp-content\/uploads\/2021\/02\/Max-G30-noblessner-450x300.jpg 450w, https:\/\/www.xn--tuksimaailm-ffb.ee\/wp-content\/uploads\/2021\/02\/Max-G30-noblessner-600x400.jpg 600w\" sizes=\"(max-width: 1159px) 100vw, 1159px\" \/><figcaption>S\u00e4hk\u00f6potkulauta Ninebot Max G30 Noblessnerin jahisatamassa<\/figcaption><\/figure><\/div>\n<\/div>\n<\/div>\n","protected":false},"excerpt":{"rendered":"<p>T\u00f5uksimaailman pitk\u00e4aikainen s\u00e4hk\u00f6potkulautavuokraus on tarkoitettu ensisijaisesti niille ihmisille, jotka haluavat vuokrata s\u00e4hk\u00f6potkulaudan v\u00e4hint\u00e4\u00e4n useiksi tunneiksi tai pidemm\u00e4ksi aikaa. S\u00e4hk\u00f6skootterit voi ottaa mukaan Viron sis\u00e4ll\u00e4. T\u00f5uksimaailman s\u00e4hk\u00f6skooterivuokraus on paras valinta my\u00f6s niille, jotka haluavat varata suurempia m\u00e4\u00e4ri\u00e4 s\u00e4hk\u00f6potkulautoja esimerkiksi yritystapahtuman tai muun tapahtuman tarpeisiin. Els\u00e4hk\u00f6potkulaudan vuokraus on helppoa! Tule T\u00f5uksimaailman myym\u00e4l\u00e4\u00e4n &hellip;<\/p>\n","protected":false},"author":1,"featured_media":22096,"parent":0,"menu_order":0,"comment_status":"closed","ping_status":"closed","template":"","meta":{"footnotes":""},"class_list":["post-28672","page","type-page","status-publish","has-post-thumbnail","hentry"],"yoast_head":"<!-- This site is optimized with the Yoast SEO Premium plugin v26.8 (Yoast SEO v27.5) - https:\/\/yoast.com\/product\/yoast-seo-premium-wordpress\/ -->\n<title>S\u00e4hk\u00f6potkulauta vuokraus | T\u00f5uksimaailm | S\u00e4hk\u00f6potkulautan vuokraus<\/title>\n<meta name=\"description\" content=\"Tallinnassa s\u00e4hk\u00f6potkulautojen vuokrausta! T\u00f5uksimaailman pitk\u00e4aikainen s\u00e4hk\u00f6potkulautojen vuokraus. Edullinen ja mukava s\u00e4hk\u00f6potkulautojen vuokraus.\" \/>\n<meta name=\"robots\" content=\"index, follow, max-snippet:-1, max-image-preview:large, max-video-preview:-1\" \/>\n<link rel=\"canonical\" href=\"https:\/\/www.xn--tuksimaailm-ffb.ee\/fi\/vuokra\/\" \/>\n<meta property=\"og:locale\" content=\"fi_FI\" \/>\n<meta property=\"og:type\" content=\"article\" \/>\n<meta property=\"og:title\" content=\"VUOKRA\" \/>\n<meta property=\"og:description\" content=\"Tallinnassa s\u00e4hk\u00f6potkulautojen vuokrausta! T\u00f5uksimaailman pitk\u00e4aikainen s\u00e4hk\u00f6potkulautojen vuokraus. Edullinen ja mukava s\u00e4hk\u00f6potkulautojen vuokraus.\" \/>\n<meta property=\"og:url\" content=\"https:\/\/www.xn--tuksimaailm-ffb.ee\/fi\/vuokra\/\" \/>\n<meta property=\"og:site_name\" content=\"T\u00f5uksimaailm\" \/>\n<meta property=\"article:publisher\" content=\"https:\/\/www.facebook.com\/touksimaailm\/\" \/>\n<meta property=\"article:modified_time\" content=\"2023-01-19T19:16:45+00:00\" \/>\n<meta property=\"og:image\" content=\"https:\/\/www.xn--tuksimaailm-ffb.ee\/wp-content\/uploads\/2020\/04\/cropped-DSCF7607-scaled-1.jpg\" \/>\n\t<meta property=\"og:image:width\" content=\"1920\" \/>\n\t<meta property=\"og:image:height\" content=\"530\" \/>\n\t<meta property=\"og:image:type\" content=\"image\/jpeg\" \/>\n<meta name=\"twitter:card\" content=\"summary_large_image\" \/>\n<meta name=\"twitter:label1\" content=\"Arvioitu lukuaika\" \/>\n\t<meta name=\"twitter:data1\" content=\"7 minuuttia\" \/>\n<!-- \/ Yoast SEO Premium plugin. -->","yoast_head_json":{"title":"S\u00e4hk\u00f6potkulauta vuokraus | T\u00f5uksimaailm | S\u00e4hk\u00f6potkulautan vuokraus","description":"Tallinnassa s\u00e4hk\u00f6potkulautojen vuokrausta! T\u00f5uksimaailman pitk\u00e4aikainen s\u00e4hk\u00f6potkulautojen vuokraus. Edullinen ja mukava s\u00e4hk\u00f6potkulautojen vuokraus.","robots":{"index":"index","follow":"follow","max-snippet":"max-snippet:-1","max-image-preview":"max-image-preview:large","max-video-preview":"max-video-preview:-1"},"canonical":"https:\/\/www.xn--tuksimaailm-ffb.ee\/fi\/vuokra\/","og_locale":"fi_FI","og_type":"article","og_title":"VUOKRA","og_description":"Tallinnassa s\u00e4hk\u00f6potkulautojen vuokrausta! T\u00f5uksimaailman pitk\u00e4aikainen s\u00e4hk\u00f6potkulautojen vuokraus. Edullinen ja mukava s\u00e4hk\u00f6potkulautojen vuokraus.","og_url":"https:\/\/www.xn--tuksimaailm-ffb.ee\/fi\/vuokra\/","og_site_name":"T\u00f5uksimaailm","article_publisher":"https:\/\/www.facebook.com\/touksimaailm\/","article_modified_time":"2023-01-19T19:16:45+00:00","og_image":[{"width":1920,"height":530,"url":"https:\/\/www.xn--tuksimaailm-ffb.ee\/wp-content\/uploads\/2020\/04\/cropped-DSCF7607-scaled-1.jpg","type":"image\/jpeg"}],"twitter_card":"summary_large_image","twitter_misc":{"Arvioitu lukuaika":"7 minuuttia"},"schema":{"@context":"https:\/\/schema.org","@graph":[{"@type":"WebPage","@id":"https:\/\/www.xn--tuksimaailm-ffb.ee\/fi\/vuokra\/","url":"https:\/\/www.xn--tuksimaailm-ffb.ee\/fi\/vuokra\/","name":"S\u00e4hk\u00f6potkulauta vuokraus | T\u00f5uksimaailm | S\u00e4hk\u00f6potkulautan vuokraus","isPartOf":{"@id":"https:\/\/www.xn--tuksimaailm-ffb.ee\/fi\/#website"},"primaryImageOfPage":{"@id":"https:\/\/www.xn--tuksimaailm-ffb.ee\/fi\/vuokra\/#primaryimage"},"image":{"@id":"https:\/\/www.xn--tuksimaailm-ffb.ee\/fi\/vuokra\/#primaryimage"},"thumbnailUrl":"https:\/\/www.xn--tuksimaailm-ffb.ee\/wp-content\/uploads\/2020\/04\/cropped-DSCF7607-scaled-1.jpg","datePublished":"2020-01-23T09:05:21+00:00","dateModified":"2023-01-19T19:16:45+00:00","description":"Tallinnassa s\u00e4hk\u00f6potkulautojen vuokrausta! T\u00f5uksimaailman pitk\u00e4aikainen s\u00e4hk\u00f6potkulautojen vuokraus. Edullinen ja mukava s\u00e4hk\u00f6potkulautojen vuokraus.","breadcrumb":{"@id":"https:\/\/www.xn--tuksimaailm-ffb.ee\/fi\/vuokra\/#breadcrumb"},"inLanguage":"fi","potentialAction":[{"@type":"ReadAction","target":["https:\/\/www.xn--tuksimaailm-ffb.ee\/fi\/vuokra\/"]}]},{"@type":"ImageObject","inLanguage":"fi","@id":"https:\/\/www.xn--tuksimaailm-ffb.ee\/fi\/vuokra\/#primaryimage","url":"https:\/\/www.xn--tuksimaailm-ffb.ee\/wp-content\/uploads\/2020\/04\/cropped-DSCF7607-scaled-1.jpg","contentUrl":"https:\/\/www.xn--tuksimaailm-ffb.ee\/wp-content\/uploads\/2020\/04\/cropped-DSCF7607-scaled-1.jpg","width":1920,"height":530},{"@type":"BreadcrumbList","@id":"https:\/\/www.xn--tuksimaailm-ffb.ee\/fi\/vuokra\/#breadcrumb","itemListElement":[{"@type":"ListItem","position":1,"name":"Home","item":"https:\/\/www.xn--tuksimaailm-ffb.ee\/fi\/kotisivu\/"},{"@type":"ListItem","position":2,"name":"VUOKRA"}]},{"@type":"WebSite","@id":"https:\/\/www.xn--tuksimaailm-ffb.ee\/fi\/#website","url":"https:\/\/www.xn--tuksimaailm-ffb.ee\/fi\/","name":"T\u00f5uksimaailm","description":"Elektrit\u00f5ukerataste m\u00fc\u00fck, remont ja rent","publisher":{"@id":"https:\/\/www.xn--tuksimaailm-ffb.ee\/fi\/#organization"},"potentialAction":[{"@type":"SearchAction","target":{"@type":"EntryPoint","urlTemplate":"https:\/\/www.xn--tuksimaailm-ffb.ee\/fi\/?s={search_term_string}"},"query-input":{"@type":"PropertyValueSpecification","valueRequired":true,"valueName":"search_term_string"}}],"inLanguage":"fi"},{"@type":"Organization","@id":"https:\/\/www.xn--tuksimaailm-ffb.ee\/fi\/#organization","name":"T\u00f5uksimaailm","url":"https:\/\/www.xn--tuksimaailm-ffb.ee\/fi\/","logo":{"@type":"ImageObject","inLanguage":"fi","@id":"https:\/\/www.xn--tuksimaailm-ffb.ee\/fi\/#\/schema\/logo\/image\/","url":"https:\/\/www.xn--tuksimaailm-ffb.ee\/wp-content\/uploads\/2020\/01\/logoz-e1579792875517.png","contentUrl":"https:\/\/www.xn--tuksimaailm-ffb.ee\/wp-content\/uploads\/2020\/01\/logoz-e1579792875517.png","width":250,"height":250,"caption":"T\u00f5uksimaailm"},"image":{"@id":"https:\/\/www.xn--tuksimaailm-ffb.ee\/fi\/#\/schema\/logo\/image\/"},"sameAs":["https:\/\/www.facebook.com\/touksimaailm\/","https:\/\/www.instagram.com\/touksimaailm_\/","https:\/\/www.youtube.com\/channel\/UC18ml0EKIDLP1xGuQjFzcXQ"]}]}},"jetpack_sharing_enabled":true,"_links":{"self":[{"href":"https:\/\/www.xn--tuksimaailm-ffb.ee\/fi\/wp-json\/wp\/v2\/pages\/28672","targetHints":{"allow":["GET"]}}],"collection":[{"href":"https:\/\/www.xn--tuksimaailm-ffb.ee\/fi\/wp-json\/wp\/v2\/pages"}],"about":[{"href":"https:\/\/www.xn--tuksimaailm-ffb.ee\/fi\/wp-json\/wp\/v2\/types\/page"}],"author":[{"embeddable":true,"href":"https:\/\/www.xn--tuksimaailm-ffb.ee\/fi\/wp-json\/wp\/v2\/users\/1"}],"replies":[{"embeddable":true,"href":"https:\/\/www.xn--tuksimaailm-ffb.ee\/fi\/wp-json\/wp\/v2\/comments?post=28672"}],"version-history":[{"count":3,"href":"https:\/\/www.xn--tuksimaailm-ffb.ee\/fi\/wp-json\/wp\/v2\/pages\/28672\/revisions"}],"predecessor-version":[{"id":28675,"href":"https:\/\/www.xn--tuksimaailm-ffb.ee\/fi\/wp-json\/wp\/v2\/pages\/28672\/revisions\/28675"}],"wp:featuredmedia":[{"embeddable":true,"href":"https:\/\/www.xn--tuksimaailm-ffb.ee\/fi\/wp-json\/wp\/v2\/media\/22096"}],"wp:attachment":[{"href":"https:\/\/www.xn--tuksimaailm-ffb.ee\/fi\/wp-json\/wp\/v2\/media?parent=28672"}],"curies":[{"name":"wp","href":"https:\/\/api.w.org\/{rel}","templated":true}]}}