{"id":40939,"date":"2023-06-30T22:53:39","date_gmt":"2023-06-30T19:53:39","guid":{"rendered":"http:\/\/www.xn--tuksimaailm-ffb.ee\/sahkopotkulaudat\/"},"modified":"2026-02-11T23:35:25","modified_gmt":"2026-02-11T21:35:25","slug":"sahkopotkulaudat","status":"publish","type":"page","link":"https:\/\/www.xn--tuksimaailm-ffb.ee\/fi\/vuokraus\/sahkopotkulaudat\/","title":{"rendered":"S\u00e4hk\u00f6potkulaudat"},"content":{"rendered":"\n<div class=\"wp-block-vikrentcar-gutenberg-shortcodes\">\n<div class=\"wrap plugin-container\">\n\n\t\n\t\n\t\t<h3 class=\"vrcclistheadt\">Elektrit\u00f5ukeratas<\/h3>\n\t<div class=\"vrc-search-results-block vrc-search-results-block-list\">\n\n\t<div class=\"car_result\">\n\t\t<div class=\"vrc-car-result-left\">\n\t\t\t\t\t<img decoding=\"async\" class=\"imgresult\" alt=\"Segway Ninebot Max G30\" src=\"https:\/\/www.xn--tuksimaailm-ffb.ee\/wp-content\/plugins\/vikrentcar\/admin\/resources\/vthumb_max-g30-noblessner-2048x1365-2.jpg\"\/>\n\t\t\t\t\t<\/div>\n\t\t<div class=\"vrc-car-result-right\">\n\t\t\t<div class=\"vrc-car-result-rightinner\">\n\t\t\t\t<div class=\"vrc-car-result-rightinner-deep\">\n\t\t\t\t\t<div class=\"vrc-car-result-inner\">\n\t\t\t\t\t\t<h4 class=\"vrc-car-name\">\n\t\t\t\t\t\t\t<a href=\"https:\/\/www.xn--tuksimaailm-ffb.ee\/fi\/vuokraus\/sahkopotkulaudat\/?option=com_vikrentcar&amp;view=cardetails&amp;carid=2\">Segway Ninebot Max G30<\/a>\n\t\t\t\t\t\t<\/h4>\n\t\t\t\t\t\t\t\t\t\t\t<div class=\"vrc-car-category\">Elektrit\u00f5ukeratas<\/div>\n\t\t\t\t\t\t\t\t\t\t\t\t<div class=\"vrc-car-result-description\">\n\t\t\t\t\t\t<p style=\"font-size:smaller;font-weight: bold\">S\u00f5idukaugus ~65km | laadimisaeg 6h<\/p>\t\t\t\t\t\t<\/div>\n\t\t\t\t\t\t\t\t\t\t\t<\/div>\n\t\t\t\t\t<div class=\"vrc-car-lastblock\">\n\t\t\t\t\t\t<div class=\"vrc-car-price\">\n\t\t\t\t\t\t\t<div class=\"vrcsrowpricediv\">\n\t\t\t\t\t\t\t\t\t\t\t\t\t\t\t\n\t\t\t\t\t\t\t\t<!-- 1 to 6 days -->\n\t\t\t\t\t\t\t\t<div>\n\t\t\t\t\t\t\t\t\t<span class=\"\"><span class=\"vrc_currency\">\u20ac<\/span>\n\t\t\t\t\t\t\t\t\t<span class=\"vrc_price\">9.00<\/span>\n\t\t\t\t\t\t\t\t\t<span>\/p\u00e4ev<\/span>\n\t\t\t\t\t\t\t\t\t<span>(1 - 6 p\u00e4eva)<\/span>\n\t\t\t\t\t\t\t\t<\/div>\n\t\t\t\t\t\t\t\t<!-- 7 to 29 days -->\n\t\t\t\t\t\t\t\t<div>\n\t\t\t\t\t\t\t\t\t<span class=\"\"><span class=\"vrc_currency\">\u20ac<\/span>\n\t\t\t\t\t\t\t\t\t<span class=\"vrc_price\">6.75<\/span>\n\t\t\t\t\t\t\t\t\t<span>\/p\u00e4ev<\/span>\n\t\t\t\t\t\t\t\t\t<span>(7 - 29 p\u00e4eva)<\/span>\n\t\t\t\t\t\t\t\t<\/div>\n\t\t\t\t\t\t\t\t<!-- 30 to 90 days -->\n\t\t\t\t\t\t\t\t<div style=\"font-weight: 600;\">\n\t\t\t\t\t\t\t\t\t<span><span class=\"vrc_currency\">\u20ac<\/span>\n\t\t\t\t\t\t\t\t\t<span class=\"vrc_price\">4.50<\/span>\n\t\t\t\t\t\t\t\t\t<span>\/p\u00e4ev<\/span>\n\t\t\t\t\t\t\t\t\t<span>(30 - 90 p\u00e4eva)<\/span>\n\t\t\t\t\t\t\t\t<\/div>\n\t\t\t\t\t\t\t\n\t\t\t\t\t\t\t\t\t\t\t\t\t\t<\/div>\n\t\t\t\t\t\t<\/div>\n\t\t\t\t\t\t<div class=\"vrc-car-bookingbtn\">\n\t\t\t\t\t\t\t<span class=\"vrclistgoon\"><a class=\"btn vrc-pref-color-btn\" href=\"https:\/\/www.xn--tuksimaailm-ffb.ee\/fi\/vuokraus\/sahkopotkulaudat\/?option=com_vikrentcar&amp;view=cardetails&amp;carid=2\">View Details<\/a><\/span>\n\t\t\t\t\t\t<\/div>\n\t\t\t\t\t<\/div>\n\t\t\t\t<\/div>\n\t\t\t<\/div>\n\t\t<\/div>\n\t<\/div>\n\t\t<div class=\"car_result\">\n\t\t<div class=\"vrc-car-result-left\">\n\t\t\t\t\t<img decoding=\"async\" class=\"imgresult\" alt=\"Kugoo G2 Pro\" src=\"https:\/\/www.xn--tuksimaailm-ffb.ee\/wp-content\/plugins\/vikrentcar\/admin\/resources\/vthumb_1d0a5423.jpg\"\/>\n\t\t\t\t\t<\/div>\n\t\t<div class=\"vrc-car-result-right\">\n\t\t\t<div class=\"vrc-car-result-rightinner\">\n\t\t\t\t<div class=\"vrc-car-result-rightinner-deep\">\n\t\t\t\t\t<div class=\"vrc-car-result-inner\">\n\t\t\t\t\t\t<h4 class=\"vrc-car-name\">\n\t\t\t\t\t\t\t<a href=\"https:\/\/www.xn--tuksimaailm-ffb.ee\/fi\/vuokraus\/sahkopotkulaudat\/?option=com_vikrentcar&amp;view=cardetails&amp;carid=16\">Kugoo G2 Pro<\/a>\n\t\t\t\t\t\t<\/h4>\n\t\t\t\t\t\t\t\t\t\t\t<div class=\"vrc-car-category\">Elektrit\u00f5ukeratas<\/div>\n\t\t\t\t\t\t\t\t\t\t\t\t<div class=\"vrc-car-result-description\">\n\t\t\t\t\t\t<p style=\"font-size:smaller;font-weight: bold\">S\u00f5idukaugus ~48km | laadimisaeg 7h<\/p>\t\t\t\t\t\t<\/div>\n\t\t\t\t\t\t\t\t\t\t\t<\/div>\n\t\t\t\t\t<div class=\"vrc-car-lastblock\">\n\t\t\t\t\t\t<div class=\"vrc-car-price\">\n\t\t\t\t\t\t\t<div class=\"vrcsrowpricediv\">\n\t\t\t\t\t\t\t\t\t\t\t\t\t\t\t\n\t\t\t\t\t\t\t\t<!-- 1 to 6 days -->\n\t\t\t\t\t\t\t\t<div>\n\t\t\t\t\t\t\t\t\t<span class=\"\"><span class=\"vrc_currency\">\u20ac<\/span>\n\t\t\t\t\t\t\t\t\t<span class=\"vrc_price\">12.00<\/span>\n\t\t\t\t\t\t\t\t\t<span>\/p\u00e4ev<\/span>\n\t\t\t\t\t\t\t\t\t<span>(1 - 6 p\u00e4eva)<\/span>\n\t\t\t\t\t\t\t\t<\/div>\n\t\t\t\t\t\t\t\t<!-- 7 to 29 days -->\n\t\t\t\t\t\t\t\t<div>\n\t\t\t\t\t\t\t\t\t<span class=\"\"><span class=\"vrc_currency\">\u20ac<\/span>\n\t\t\t\t\t\t\t\t\t<span class=\"vrc_price\">9.00<\/span>\n\t\t\t\t\t\t\t\t\t<span>\/p\u00e4ev<\/span>\n\t\t\t\t\t\t\t\t\t<span>(7 - 29 p\u00e4eva)<\/span>\n\t\t\t\t\t\t\t\t<\/div>\n\t\t\t\t\t\t\t\t<!-- 30 to 90 days -->\n\t\t\t\t\t\t\t\t<div style=\"font-weight: 600;\">\n\t\t\t\t\t\t\t\t\t<span><span class=\"vrc_currency\">\u20ac<\/span>\n\t\t\t\t\t\t\t\t\t<span class=\"vrc_price\">6.00<\/span>\n\t\t\t\t\t\t\t\t\t<span>\/p\u00e4ev<\/span>\n\t\t\t\t\t\t\t\t\t<span>(30 - 90 p\u00e4eva)<\/span>\n\t\t\t\t\t\t\t\t<\/div>\n\t\t\t\t\t\t\t\n\t\t\t\t\t\t\t\t\t\t\t\t\t\t<\/div>\n\t\t\t\t\t\t<\/div>\n\t\t\t\t\t\t<div class=\"vrc-car-bookingbtn\">\n\t\t\t\t\t\t\t<span class=\"vrclistgoon\"><a class=\"btn vrc-pref-color-btn\" href=\"https:\/\/www.xn--tuksimaailm-ffb.ee\/fi\/vuokraus\/sahkopotkulaudat\/?option=com_vikrentcar&amp;view=cardetails&amp;carid=16\">View Details<\/a><\/span>\n\t\t\t\t\t\t<\/div>\n\t\t\t\t\t<\/div>\n\t\t\t\t<\/div>\n\t\t\t<\/div>\n\t\t<\/div>\n\t<\/div>\n\t<\/div>\n\n<script type=\"text\/javascript\">\njQuery(function() {\n\tif (jQuery('.car_result').length) {\n\t\tjQuery('.car_result').each(function() {\n\t\t\tvar car_img = jQuery(this).find('.vrc-car-result-left').find('img');\n\t\t\tif (car_img.length) {\n\t\t\t\tjQuery(this).find('.vrc-car-result-right').find('.vrc-car-result-rightinner').find('.vrc-car-result-rightinner-deep').find('.vrc-car-result-inner').css('min-height', car_img.height()+'px');\n\t\t\t}\n\t\t});\n\t};\n});\n<\/script>\n\n<\/div>\n<\/div>\r\n","protected":false},"excerpt":{"rendered":"","protected":false},"author":21,"featured_media":37324,"parent":78653,"menu_order":0,"comment_status":"closed","ping_status":"closed","template":"","meta":{"footnotes":""},"class_list":["post-40939","page","type-page","status-publish","has-post-thumbnail","hentry"],"yoast_head":"<!-- This site is optimized with the Yoast SEO Premium plugin v26.8 (Yoast SEO v27.3) - https:\/\/yoast.com\/product\/yoast-seo-premium-wordpress\/ -->\n<title>S\u00e4hk\u00f6potkulaudat &#8212; T\u00f5uksimaailm<\/title>\n<meta name=\"robots\" content=\"index, follow, max-snippet:-1, max-image-preview:large, max-video-preview:-1\" \/>\n<link rel=\"canonical\" href=\"https:\/\/www.xn--tuksimaailm-ffb.ee\/fi\/vuokraus\/sahkopotkulaudat\/\" \/>\n<meta property=\"og:locale\" content=\"fi_FI\" \/>\n<meta property=\"og:type\" content=\"article\" \/>\n<meta property=\"og:title\" content=\"S\u00e4hk\u00f6potkulaudat\" \/>\n<meta property=\"og:url\" content=\"https:\/\/www.xn--tuksimaailm-ffb.ee\/fi\/vuokraus\/sahkopotkulaudat\/\" \/>\n<meta property=\"og:site_name\" content=\"T\u00f5uksimaailm\" \/>\n<meta property=\"article:publisher\" content=\"https:\/\/www.facebook.com\/touksimaailm\/\" \/>\n<meta property=\"article:modified_time\" content=\"2026-02-11T21:35:25+00:00\" \/>\n<meta property=\"og:image\" content=\"https:\/\/www.xn--tuksimaailm-ffb.ee\/wp-content\/uploads\/2023\/06\/g30_1-fit-scaled.webp\" \/>\n\t<meta property=\"og:image:width\" content=\"2560\" \/>\n\t<meta property=\"og:image:height\" content=\"1009\" \/>\n\t<meta property=\"og:image:type\" content=\"image\/jpeg\" \/>\n<meta name=\"twitter:card\" content=\"summary_large_image\" \/>\n<!-- \/ Yoast SEO Premium plugin. -->","yoast_head_json":{"title":"S\u00e4hk\u00f6potkulaudat &#8212; T\u00f5uksimaailm","robots":{"index":"index","follow":"follow","max-snippet":"max-snippet:-1","max-image-preview":"max-image-preview:large","max-video-preview":"max-video-preview:-1"},"canonical":"https:\/\/www.xn--tuksimaailm-ffb.ee\/fi\/vuokraus\/sahkopotkulaudat\/","og_locale":"fi_FI","og_type":"article","og_title":"S\u00e4hk\u00f6potkulaudat","og_url":"https:\/\/www.xn--tuksimaailm-ffb.ee\/fi\/vuokraus\/sahkopotkulaudat\/","og_site_name":"T\u00f5uksimaailm","article_publisher":"https:\/\/www.facebook.com\/touksimaailm\/","article_modified_time":"2026-02-11T21:35:25+00:00","og_image":[{"width":2560,"height":1009,"url":"https:\/\/www.xn--tuksimaailm-ffb.ee\/wp-content\/uploads\/2023\/06\/g30_1-fit-scaled.webp","type":"image\/jpeg"}],"twitter_card":"summary_large_image","schema":{"@context":"https:\/\/schema.org","@graph":[{"@type":"WebPage","@id":"https:\/\/www.xn--tuksimaailm-ffb.ee\/fi\/vuokraus\/sahkopotkulaudat\/","url":"https:\/\/www.xn--tuksimaailm-ffb.ee\/fi\/vuokraus\/sahkopotkulaudat\/","name":"S\u00e4hk\u00f6potkulaudat &#8212; T\u00f5uksimaailm","isPartOf":{"@id":"https:\/\/www.xn--tuksimaailm-ffb.ee\/fi\/#website"},"primaryImageOfPage":{"@id":"https:\/\/www.xn--tuksimaailm-ffb.ee\/fi\/vuokraus\/sahkopotkulaudat\/#primaryimage"},"image":{"@id":"https:\/\/www.xn--tuksimaailm-ffb.ee\/fi\/vuokraus\/sahkopotkulaudat\/#primaryimage"},"thumbnailUrl":"https:\/\/www.xn--tuksimaailm-ffb.ee\/wp-content\/uploads\/2023\/06\/g30_1-fit-scaled.webp","datePublished":"2023-06-30T19:53:39+00:00","dateModified":"2026-02-11T21:35:25+00:00","breadcrumb":{"@id":"https:\/\/www.xn--tuksimaailm-ffb.ee\/fi\/vuokraus\/sahkopotkulaudat\/#breadcrumb"},"inLanguage":"fi","potentialAction":[{"@type":"ReadAction","target":["https:\/\/www.xn--tuksimaailm-ffb.ee\/fi\/vuokraus\/sahkopotkulaudat\/"]}]},{"@type":"ImageObject","inLanguage":"fi","@id":"https:\/\/www.xn--tuksimaailm-ffb.ee\/fi\/vuokraus\/sahkopotkulaudat\/#primaryimage","url":"https:\/\/www.xn--tuksimaailm-ffb.ee\/wp-content\/uploads\/2023\/06\/g30_1-fit-scaled.webp","contentUrl":"https:\/\/www.xn--tuksimaailm-ffb.ee\/wp-content\/uploads\/2023\/06\/g30_1-fit-scaled.webp","width":2560,"height":1009},{"@type":"BreadcrumbList","@id":"https:\/\/www.xn--tuksimaailm-ffb.ee\/fi\/vuokraus\/sahkopotkulaudat\/#breadcrumb","itemListElement":[{"@type":"ListItem","position":1,"name":"Home","item":"https:\/\/www.xn--tuksimaailm-ffb.ee\/fi\/kotisivu\/"},{"@type":"ListItem","position":2,"name":"Vuokraus","item":"https:\/\/www.xn--tuksimaailm-ffb.ee\/fi\/vuokraus\/"},{"@type":"ListItem","position":3,"name":"S\u00e4hk\u00f6potkulaudat"}]},{"@type":"WebSite","@id":"https:\/\/www.xn--tuksimaailm-ffb.ee\/fi\/#website","url":"https:\/\/www.xn--tuksimaailm-ffb.ee\/fi\/","name":"T\u00f5uksimaailm","description":"Elektrit\u00f5ukerataste m\u00fc\u00fck, remont ja rent","publisher":{"@id":"https:\/\/www.xn--tuksimaailm-ffb.ee\/fi\/#organization"},"potentialAction":[{"@type":"SearchAction","target":{"@type":"EntryPoint","urlTemplate":"https:\/\/www.xn--tuksimaailm-ffb.ee\/fi\/?s={search_term_string}"},"query-input":{"@type":"PropertyValueSpecification","valueRequired":true,"valueName":"search_term_string"}}],"inLanguage":"fi"},{"@type":"Organization","@id":"https:\/\/www.xn--tuksimaailm-ffb.ee\/fi\/#organization","name":"T\u00f5uksimaailm","url":"https:\/\/www.xn--tuksimaailm-ffb.ee\/fi\/","logo":{"@type":"ImageObject","inLanguage":"fi","@id":"https:\/\/www.xn--tuksimaailm-ffb.ee\/fi\/#\/schema\/logo\/image\/","url":"https:\/\/www.xn--tuksimaailm-ffb.ee\/wp-content\/uploads\/2020\/01\/logoz-e1579792875517.png","contentUrl":"https:\/\/www.xn--tuksimaailm-ffb.ee\/wp-content\/uploads\/2020\/01\/logoz-e1579792875517.png","width":250,"height":250,"caption":"T\u00f5uksimaailm"},"image":{"@id":"https:\/\/www.xn--tuksimaailm-ffb.ee\/fi\/#\/schema\/logo\/image\/"},"sameAs":["https:\/\/www.facebook.com\/touksimaailm\/","https:\/\/www.instagram.com\/touksimaailm_\/","https:\/\/www.youtube.com\/channel\/UC18ml0EKIDLP1xGuQjFzcXQ"]}]}},"jetpack_sharing_enabled":true,"_links":{"self":[{"href":"https:\/\/www.xn--tuksimaailm-ffb.ee\/fi\/wp-json\/wp\/v2\/pages\/40939","targetHints":{"allow":["GET"]}}],"collection":[{"href":"https:\/\/www.xn--tuksimaailm-ffb.ee\/fi\/wp-json\/wp\/v2\/pages"}],"about":[{"href":"https:\/\/www.xn--tuksimaailm-ffb.ee\/fi\/wp-json\/wp\/v2\/types\/page"}],"author":[{"embeddable":true,"href":"https:\/\/www.xn--tuksimaailm-ffb.ee\/fi\/wp-json\/wp\/v2\/users\/21"}],"replies":[{"embeddable":true,"href":"https:\/\/www.xn--tuksimaailm-ffb.ee\/fi\/wp-json\/wp\/v2\/comments?post=40939"}],"version-history":[{"count":1,"href":"https:\/\/www.xn--tuksimaailm-ffb.ee\/fi\/wp-json\/wp\/v2\/pages\/40939\/revisions"}],"predecessor-version":[{"id":40940,"href":"https:\/\/www.xn--tuksimaailm-ffb.ee\/fi\/wp-json\/wp\/v2\/pages\/40939\/revisions\/40940"}],"up":[{"embeddable":true,"href":"https:\/\/www.xn--tuksimaailm-ffb.ee\/fi\/wp-json\/wp\/v2\/pages\/78653"}],"wp:featuredmedia":[{"embeddable":true,"href":"https:\/\/www.xn--tuksimaailm-ffb.ee\/fi\/wp-json\/wp\/v2\/media\/37324"}],"wp:attachment":[{"href":"https:\/\/www.xn--tuksimaailm-ffb.ee\/fi\/wp-json\/wp\/v2\/media?parent=40939"}],"curies":[{"name":"wp","href":"https:\/\/api.w.org\/{rel}","templated":true}]}}