{"id":41519,"date":"2023-02-14T22:14:47","date_gmt":"2023-02-14T19:14:47","guid":{"rendered":"http:\/\/www.xn--tuksimaailm-ffb.ee\/hx\/"},"modified":"2024-02-14T19:58:44","modified_gmt":"2024-02-14T16:58:44","slug":"hx","status":"publish","type":"page","link":"https:\/\/www.xn--tuksimaailm-ffb.ee\/fi\/hx\/","title":{"rendered":"HX"},"content":{"rendered":"\n<h1 class=\"has-text-align-center wp-block-heading\" id=\"h-hx-elektritoukeratas\">HX S\u00c4HK\u00d6POTKULAUTA<\/h1>\n\n<h2 class=\"has-text-align-center wp-block-heading\" id=\"h-ajalugu-ja-tutvustus\">HISTORIA JA ESITTELY<\/h2>\n\n<p><p><a href=\"https:\/\/www.szkixin.com\" target=\"_blank\" rel=\"noreferrer noopener\">Shenzhen Kixin Electronics Co. Ltd<\/a> konserni omistaa kaksi tuotemerkki\u00e4 - HX ja KIXIN.<\/p><\/p>\n\n<p>KIXIN k\u00e4sittelee p\u00e4\u00e4asiassa pieni\u00e4 projektoreita, kun taas HX keskittyy kohtuuhintaisten s\u00e4hk\u00f6potkulautojen ja s\u00e4hk\u00f6polkupy\u00f6rien saattamiseen markkinoille. HX-s\u00e4hk\u00f6skootteri on saanut paljon suosiota ja mainetta juuri siksi, ett\u00e4 se on edullinen, siin\u00e4 on irrotettava akku ja siin\u00e4 on my\u00f6s paljon tehoa. Voidaan v\u00e4itt\u00e4\u00e4, ett\u00e4 HX on t\u00e4ytt\u00e4nyt alkuper\u00e4isen tarkoituksensa, ja nyky\u00e4\u00e4n HX-mallistoon kuuluu s\u00e4hk\u00f6potkulauta, jossa on tehokas s\u00e4hk\u00f6moottori ja akkupaketti, mutta edulliseen hintaan.<\/p>\n\n<p>Itse tuotemerkki syntyi kymmenist\u00e4 unelmoijista, jotka keskittyiv\u00e4t ymp\u00e4rist\u00f6yst\u00e4v\u00e4llisen kevyen polkupy\u00f6r\u00e4n luomiseen. Vaatimattomasta alusta huolimatta HX on kasvanut tunnetuksi maailmanlaajuisesti ja on nyt yksi johtavista s\u00e4hk\u00f6skootterien valmistajista. HX-s\u00e4hk\u00f6skootterit olivat ensimm\u00e4isi\u00e4, joissa oli irrotettava akku. T\u00e4h\u00e4n menness\u00e4 s\u00e4hk\u00f6skoottereita on myyty yli miljoona kappaletta, ja tuotevalikoima on kasvanut nopeasti vuosien varrella.<\/p>\n\n<p>KIXIN on yksi harvoista s\u00e4hk\u00f6skootterivalmistajista, jotka tuottavat omia s\u00e4hk\u00f6isi\u00e4 kevyit\u00e4 skoottereita yhteisten standardien mukaisesti. Esimerkiksi ISO9001, UL-2272, CE-EMC, RoHS jne. T\u00e4ll\u00e4 hetkell\u00e4 s\u00e4hk\u00f6skoottereita jakelee yli 480 maahantuojaa ja niit\u00e4 on saatavilla 110 maassa. Itse asiassa HX-merkkiset s\u00e4hk\u00f6skootterit ovat niin yleisi\u00e4, ett\u00e4 niit\u00e4 l\u00f6ytyy Walmartista. <\/p>\n\n<h2 class=\"has-text-align-center wp-block-heading\" id=\"h-hx-elektritoukerattad-touksimaailma-mudelivalik\">HX S\u00c4HK\u00d6POTKULAUDAT - SKOOTTERiMAAILMA MALLIVALIKOIMA<\/h2>\n\n<h3 class=\"wp-block-heading\" id=\"h-hx-x9-plus\">HX X9 PLUS<\/h3>\n<div class=\"wp-block-image\">\n<figure class=\"alignleft size-large is-resized\"><img decoding=\"async\" src=\"http:\/\/www.xn--tuksimaailm-ffb.ee\/wp-content\/uploads\/2022\/12\/hx-x9-elektritoukeratas-elektriline-toukeratas-electric-scooter-4-1-1024x1024.jpeg\" alt=\"s&#xE4;hk&#xF6;potkulaudat\" class=\"wp-image-25681\" width=\"512\" height=\"512\" srcset=\"https:\/\/www.xn--tuksimaailm-ffb.ee\/wp-content\/uploads\/2022\/12\/hx-x9-elektritoukeratas-elektriline-toukeratas-electric-scooter-4-1-1024x1024.jpeg 1024w, https:\/\/www.xn--tuksimaailm-ffb.ee\/wp-content\/uploads\/2022\/12\/hx-x9-elektritoukeratas-elektriline-toukeratas-electric-scooter-4-1-300x300.jpeg 300w, https:\/\/www.xn--tuksimaailm-ffb.ee\/wp-content\/uploads\/2022\/12\/hx-x9-elektritoukeratas-elektriline-toukeratas-electric-scooter-4-1-150x150.jpeg 150w, https:\/\/www.xn--tuksimaailm-ffb.ee\/wp-content\/uploads\/2022\/12\/hx-x9-elektritoukeratas-elektriline-toukeratas-electric-scooter-4-1-768x768.jpeg 768w, https:\/\/www.xn--tuksimaailm-ffb.ee\/wp-content\/uploads\/2022\/12\/hx-x9-elektritoukeratas-elektriline-toukeratas-electric-scooter-4-1-600x600.jpeg 600w, https:\/\/www.xn--tuksimaailm-ffb.ee\/wp-content\/uploads\/2022\/12\/hx-x9-elektritoukeratas-elektriline-toukeratas-electric-scooter-4-1-100x100.jpeg 100w, https:\/\/www.xn--tuksimaailm-ffb.ee\/wp-content\/uploads\/2022\/12\/hx-x9-elektritoukeratas-elektriline-toukeratas-electric-scooter-4-1-512x512.jpeg 512w, https:\/\/www.xn--tuksimaailm-ffb.ee\/wp-content\/uploads\/2022\/12\/hx-x9-elektritoukeratas-elektriline-toukeratas-electric-scooter-4-1.jpeg 1500w\" sizes=\"(max-width: 512px) 100vw, 512px\" \/><\/figure>\n<\/div>\n<p><p><a href=\"https:\/\/www.t&#xF5;uksimaailm.ee\/shop\/hx-h9-plus-elektritoukeratas\/\" target=\"_blank\" rel=\"noreferrer noopener\">HX X9 Plus<\/a>\u00a0s\u00e4hk\u00f6potkulauta erottuu k\u00e4yt\u00e4nn\u00f6llisyydell\u00e4\u00e4n ja edullisella hinnallaan. X9 Plus -s\u00e4hk\u00f6skootteri luotiin erityisesti tarjoamaan vahvaa kilpailua hinnan ja kantaman suhteen. X9 Plus -s\u00e4hk\u00f6skootteria ei voi pit\u00e4\u00e4 markkinoiden parhaana, mutta sen toimintas\u00e4de on poikkeuksellisen hyv\u00e4. Massiivisella 561Wh:n akulla varustettu X9 Plus pystyy valmistajan tietojen mukaan kulkemaan jopa 70km:n matkan. Tehon suhteen s\u00e4hk\u00f6potkulauta ei ole kaukana muista, sill\u00e4 se on varustettu 850W:n takas\u00e4hk\u00f6moottorilla. Tehokkaan s\u00e4hk\u00f6moottorinsa ansiosta X9 Plus -skootteri saavuttaa valmistajan ilmoittaman 25 km\/h nopeuden suhteellisen helposti.<\/p><\/p>\n\n<p>X9 Plus -s\u00e4hk\u00f6potkulauta on k\u00e4yt\u00e4nn\u00f6llinen, koska siin\u00e4 on akkupaketti, joka voidaan irrottaa nopeasti ja helposti. T\u00e4llaiset s\u00e4hk\u00f6potkulaudat ovat todenn\u00e4k\u00f6isesti erityisen k\u00e4yt\u00e4nn\u00f6llisi\u00e4 elintarvikkeiden jakelupalveluissa. X9 Plus -s\u00e4hk\u00f6skootteri on my\u00f6s eritt\u00e4in kevyt, sill\u00e4 se painaa vain 19 kg. X9 Plus onkin yksi harvoista tavallisille k\u00e4ytt\u00e4jille suunnatuista s\u00e4hk\u00f6skoottereista, jotka ovat sek\u00e4 edullisia ett\u00e4 hyvin varusteltuja. X9 Plus -s\u00e4hk\u00f6skootterissa on esimerkiksi mekaaninen levyjarru sek\u00e4 edess\u00e4 ett\u00e4 takana.<\/p>\n\n<p>X9 Plus -s\u00e4hk\u00f6skootterissa on my\u00f6s mukava korkea maavara ja suuret 10-tuumaiset putkettomat renkaat, mik\u00e4 tarkoittaa, ett\u00e4 se pystyy selviytym\u00e4\u00e4n vaikeimmista esteist\u00e4.  Kaiken kaikkiaan X9 Plus on ihanteellinen valinta keskivertok\u00e4ytt\u00e4j\u00e4lle, koska se on k\u00e4yt\u00e4nn\u00f6llinen, tehokas ja edullinen.<\/p>\n\n<h3 class=\"wp-block-heading\" id=\"h-hx-x9-max\">HX X9 MAX<\/h3>\n<div class=\"wp-block-image\">\n<figure class=\"alignright size-large is-resized\"><img decoding=\"async\" src=\"http:\/\/www.xn--tuksimaailm-ffb.ee\/wp-content\/uploads\/2022\/12\/hx-x9-max-elektritoukeratas-elektriline-toukeratas-electric-scooter-5-1024x1024.jpeg\" alt=\"HX X9 MAX elektrit&#xF5;ukeratas elektriline t&#xF5;ukeratas 5\" class=\"wp-image-21266\" width=\"512\" height=\"512\" srcset=\"https:\/\/www.xn--tuksimaailm-ffb.ee\/wp-content\/uploads\/2022\/12\/hx-x9-max-elektritoukeratas-elektriline-toukeratas-electric-scooter-5-1024x1024.jpeg 1024w, https:\/\/www.xn--tuksimaailm-ffb.ee\/wp-content\/uploads\/2022\/12\/hx-x9-max-elektritoukeratas-elektriline-toukeratas-electric-scooter-5-300x300.jpeg 300w, https:\/\/www.xn--tuksimaailm-ffb.ee\/wp-content\/uploads\/2022\/12\/hx-x9-max-elektritoukeratas-elektriline-toukeratas-electric-scooter-5-150x150.jpeg 150w, https:\/\/www.xn--tuksimaailm-ffb.ee\/wp-content\/uploads\/2022\/12\/hx-x9-max-elektritoukeratas-elektriline-toukeratas-electric-scooter-5-768x768.jpeg 768w, https:\/\/www.xn--tuksimaailm-ffb.ee\/wp-content\/uploads\/2022\/12\/hx-x9-max-elektritoukeratas-elektriline-toukeratas-electric-scooter-5-600x600.jpeg 600w, https:\/\/www.xn--tuksimaailm-ffb.ee\/wp-content\/uploads\/2022\/12\/hx-x9-max-elektritoukeratas-elektriline-toukeratas-electric-scooter-5-100x100.jpeg 100w, https:\/\/www.xn--tuksimaailm-ffb.ee\/wp-content\/uploads\/2022\/12\/hx-x9-max-elektritoukeratas-elektriline-toukeratas-electric-scooter-5-512x512.jpeg 512w, https:\/\/www.xn--tuksimaailm-ffb.ee\/wp-content\/uploads\/2022\/12\/hx-x9-max-elektritoukeratas-elektriline-toukeratas-electric-scooter-5.jpeg 1500w\" sizes=\"(max-width: 512px) 100vw, 512px\" \/><\/figure>\n<\/div>\n<p><p><a href=\"https:\/\/www.t&#xF5;uksimaailm.ee\/shop\/hx-x9-max-elektritoukeratas\/\" target=\"_blank\" rel=\"noreferrer noopener\">X9 Max <\/a>s\u00e4hk\u00f6skootteri on X9 Plus -mallin tehokkaampi versio. Huolimatta huomattavasti pidemm\u00e4st\u00e4 kantamasta ja tehokkaammasta s\u00e4hk\u00f6moottorista X9 Max on eritt\u00e4in edullinen s\u00e4hk\u00f6skootteri. Massiivisella 749Wh:n akulla varustettu X9 Max -s\u00e4hk\u00f6skootteri pystyy tehtaan tietojen mukaan jopa 100km:n ajomatkaan yhdell\u00e4 latauksella. Realistisissa olosuhteissa uskomme kuitenkin, ett\u00e4 70kg:n painoisella kuljettajalla tasaisella nopeudella toimintas\u00e4de on noin 50km.<\/p><\/p>\n\n<p>HX X9 Max -s\u00e4hk\u00f6potkulautoissa on kaikki X9 Plus -s\u00e4hk\u00f6potkulautojen hienot ominaisuudet. Suuret 10\" tubeless\/ilman sis\u00e4kumia-ilmarenkaat, levyjarrut sek\u00e4 edess\u00e4 ett\u00e4 takana ja korkea 120 mm:n korkeusero. X9 Max -s\u00e4hk\u00f6skootterissa on kuitenkin tehokkaampi 1000W:n s\u00e4hk\u00f6moottori. N\u00e4in tehokkaalla s\u00e4hk\u00f6potkulautalla on ilo ajaa, sill\u00e4 se saavuttaa valmistajan ilmoittaman 25km\/h nopeuden sekunneissa. X9 Max on my\u00f6s eritt\u00e4in kompakti, sill\u00e4 siin\u00e4 on irrotettava akkupaketti, ja se on kevyt, sill\u00e4 se painaa vain 20kg.<\/p>\n\n<p>Kevyest\u00e4 rakenteestaan huolimatta X9 Max -s\u00e4hk\u00f6skootterit ovat vankkoja. Tehtaan mukaan X9 Max -skootterit kest\u00e4v\u00e4t jopa 120kg. Tehokkaan s\u00e4hk\u00f6moottorin ja tukevan rakenteen ansiosta X9 Max -s\u00e4hk\u00f6potkulauta ei anna periksi, vaikka se joutuisi kohtaamaan raskaampia kuormia. X9 Max -s\u00e4hk\u00f6potkulauta on tarpeeksi tehokas selviyty\u00e4kseen jopa 25% nousuista.<\/p>\n","protected":false},"excerpt":{"rendered":"<p>HX S\u00c4HK\u00d6POTKULAUTA HISTORIA JA ESITTELY Shenzhen Kixin Electronics Co. Ltd konserni omistaa kaksi tuotemerkki\u00e4 - HX ja KIXIN. KIXIN k\u00e4sittelee p\u00e4\u00e4asiassa pieni\u00e4 projektoreita, kun taas HX keskittyy kohtuuhintaisten s\u00e4hk\u00f6potkulautojen ja s\u00e4hk\u00f6polkupy\u00f6rien saattamiseen markkinoille. HX-s\u00e4hk\u00f6skootteri on saanut paljon suosiota ja mainetta juuri siksi, ett\u00e4 se on edullinen, siin\u00e4 on irrotettava akku &hellip;<\/p>\n","protected":false},"author":1,"featured_media":0,"parent":0,"menu_order":0,"comment_status":"closed","ping_status":"closed","template":"","meta":{"footnotes":""},"class_list":["post-41519","page","type-page","status-publish","hentry"],"yoast_head":"<!-- This site is optimized with the Yoast SEO Premium plugin v26.8 (Yoast SEO v27.5) - https:\/\/yoast.com\/product\/yoast-seo-premium-wordpress\/ -->\n<title>HX Elektrit\u00f5ukeratas | T\u00f5uksimaailm | Kixin Elektrit\u00f5ukerattad<\/title>\n<meta name=\"description\" content=\"HX-s\u00e4hk\u00f6skootteri, sen rakenne ja historia. S\u00e4hk\u00f6skootterit, joissa on irrotettava akku. Tehokas HX Kixin X9 Max -s\u00e4hk\u00f6skootteri.\" \/>\n<meta name=\"robots\" content=\"index, follow, max-snippet:-1, max-image-preview:large, max-video-preview:-1\" \/>\n<link rel=\"canonical\" href=\"https:\/\/www.xn--tuksimaailm-ffb.ee\/fi\/hx\/\" \/>\n<meta property=\"og:locale\" content=\"fi_FI\" \/>\n<meta property=\"og:type\" content=\"article\" \/>\n<meta property=\"og:title\" content=\"HX\" \/>\n<meta property=\"og:description\" content=\"HX-s\u00e4hk\u00f6skootteri, sen rakenne ja historia. S\u00e4hk\u00f6skootterit, joissa on irrotettava akku. Tehokas HX Kixin X9 Max -s\u00e4hk\u00f6skootteri.\" \/>\n<meta property=\"og:url\" content=\"https:\/\/www.xn--tuksimaailm-ffb.ee\/fi\/hx\/\" \/>\n<meta property=\"og:site_name\" content=\"T\u00f5uksimaailm\" \/>\n<meta property=\"article:publisher\" content=\"https:\/\/www.facebook.com\/touksimaailm\/\" \/>\n<meta property=\"article:modified_time\" content=\"2024-02-14T16:58:44+00:00\" \/>\n<meta property=\"og:image\" content=\"http:\/\/www.xn--tuksimaailm-ffb.ee\/wp-content\/uploads\/2022\/12\/hx-x9-elektritoukeratas-elektriline-toukeratas-electric-scooter-4-1-1024x1024.jpeg\" \/>\n<meta name=\"twitter:card\" content=\"summary_large_image\" \/>\n<meta name=\"twitter:label1\" content=\"Arvioitu lukuaika\" \/>\n\t<meta name=\"twitter:data1\" content=\"3 minuuttia\" \/>\n<!-- \/ Yoast SEO Premium plugin. -->","yoast_head_json":{"title":"HX Elektrit\u00f5ukeratas | T\u00f5uksimaailm | Kixin Elektrit\u00f5ukerattad","description":"HX-s\u00e4hk\u00f6skootteri, sen rakenne ja historia. S\u00e4hk\u00f6skootterit, joissa on irrotettava akku. Tehokas HX Kixin X9 Max -s\u00e4hk\u00f6skootteri.","robots":{"index":"index","follow":"follow","max-snippet":"max-snippet:-1","max-image-preview":"max-image-preview:large","max-video-preview":"max-video-preview:-1"},"canonical":"https:\/\/www.xn--tuksimaailm-ffb.ee\/fi\/hx\/","og_locale":"fi_FI","og_type":"article","og_title":"HX","og_description":"HX-s\u00e4hk\u00f6skootteri, sen rakenne ja historia. S\u00e4hk\u00f6skootterit, joissa on irrotettava akku. Tehokas HX Kixin X9 Max -s\u00e4hk\u00f6skootteri.","og_url":"https:\/\/www.xn--tuksimaailm-ffb.ee\/fi\/hx\/","og_site_name":"T\u00f5uksimaailm","article_publisher":"https:\/\/www.facebook.com\/touksimaailm\/","article_modified_time":"2024-02-14T16:58:44+00:00","og_image":[{"url":"http:\/\/www.xn--tuksimaailm-ffb.ee\/wp-content\/uploads\/2022\/12\/hx-x9-elektritoukeratas-elektriline-toukeratas-electric-scooter-4-1-1024x1024.jpeg","type":"","width":"","height":""}],"twitter_card":"summary_large_image","twitter_misc":{"Arvioitu lukuaika":"3 minuuttia"},"schema":{"@context":"https:\/\/schema.org","@graph":[{"@type":"WebPage","@id":"https:\/\/www.xn--tuksimaailm-ffb.ee\/fi\/hx\/","url":"https:\/\/www.xn--tuksimaailm-ffb.ee\/fi\/hx\/","name":"HX Elektrit\u00f5ukeratas | T\u00f5uksimaailm | Kixin Elektrit\u00f5ukerattad","isPartOf":{"@id":"https:\/\/www.xn--tuksimaailm-ffb.ee\/fi\/#website"},"primaryImageOfPage":{"@id":"https:\/\/www.xn--tuksimaailm-ffb.ee\/fi\/hx\/#primaryimage"},"image":{"@id":"https:\/\/www.xn--tuksimaailm-ffb.ee\/fi\/hx\/#primaryimage"},"thumbnailUrl":"http:\/\/www.xn--tuksimaailm-ffb.ee\/wp-content\/uploads\/2022\/12\/hx-x9-elektritoukeratas-elektriline-toukeratas-electric-scooter-4-1-1024x1024.jpeg","datePublished":"2023-02-14T19:14:47+00:00","dateModified":"2024-02-14T16:58:44+00:00","description":"HX-s\u00e4hk\u00f6skootteri, sen rakenne ja historia. S\u00e4hk\u00f6skootterit, joissa on irrotettava akku. Tehokas HX Kixin X9 Max -s\u00e4hk\u00f6skootteri.","breadcrumb":{"@id":"https:\/\/www.xn--tuksimaailm-ffb.ee\/fi\/hx\/#breadcrumb"},"inLanguage":"fi","potentialAction":[{"@type":"ReadAction","target":["https:\/\/www.xn--tuksimaailm-ffb.ee\/fi\/hx\/"]}]},{"@type":"ImageObject","inLanguage":"fi","@id":"https:\/\/www.xn--tuksimaailm-ffb.ee\/fi\/hx\/#primaryimage","url":"http:\/\/www.xn--tuksimaailm-ffb.ee\/wp-content\/uploads\/2022\/12\/hx-x9-elektritoukeratas-elektriline-toukeratas-electric-scooter-4-1-1024x1024.jpeg","contentUrl":"http:\/\/www.xn--tuksimaailm-ffb.ee\/wp-content\/uploads\/2022\/12\/hx-x9-elektritoukeratas-elektriline-toukeratas-electric-scooter-4-1-1024x1024.jpeg"},{"@type":"BreadcrumbList","@id":"https:\/\/www.xn--tuksimaailm-ffb.ee\/fi\/hx\/#breadcrumb","itemListElement":[{"@type":"ListItem","position":1,"name":"Home","item":"https:\/\/www.xn--tuksimaailm-ffb.ee\/fi\/kotisivu\/"},{"@type":"ListItem","position":2,"name":"HX"}]},{"@type":"WebSite","@id":"https:\/\/www.xn--tuksimaailm-ffb.ee\/fi\/#website","url":"https:\/\/www.xn--tuksimaailm-ffb.ee\/fi\/","name":"T\u00f5uksimaailm","description":"Elektrit\u00f5ukerataste m\u00fc\u00fck, remont ja rent","publisher":{"@id":"https:\/\/www.xn--tuksimaailm-ffb.ee\/fi\/#organization"},"potentialAction":[{"@type":"SearchAction","target":{"@type":"EntryPoint","urlTemplate":"https:\/\/www.xn--tuksimaailm-ffb.ee\/fi\/?s={search_term_string}"},"query-input":{"@type":"PropertyValueSpecification","valueRequired":true,"valueName":"search_term_string"}}],"inLanguage":"fi"},{"@type":"Organization","@id":"https:\/\/www.xn--tuksimaailm-ffb.ee\/fi\/#organization","name":"T\u00f5uksimaailm","url":"https:\/\/www.xn--tuksimaailm-ffb.ee\/fi\/","logo":{"@type":"ImageObject","inLanguage":"fi","@id":"https:\/\/www.xn--tuksimaailm-ffb.ee\/fi\/#\/schema\/logo\/image\/","url":"https:\/\/www.xn--tuksimaailm-ffb.ee\/wp-content\/uploads\/2020\/01\/logoz-e1579792875517.png","contentUrl":"https:\/\/www.xn--tuksimaailm-ffb.ee\/wp-content\/uploads\/2020\/01\/logoz-e1579792875517.png","width":250,"height":250,"caption":"T\u00f5uksimaailm"},"image":{"@id":"https:\/\/www.xn--tuksimaailm-ffb.ee\/fi\/#\/schema\/logo\/image\/"},"sameAs":["https:\/\/www.facebook.com\/touksimaailm\/","https:\/\/www.instagram.com\/touksimaailm_\/","https:\/\/www.youtube.com\/channel\/UC18ml0EKIDLP1xGuQjFzcXQ"]}]}},"jetpack_sharing_enabled":true,"_links":{"self":[{"href":"https:\/\/www.xn--tuksimaailm-ffb.ee\/fi\/wp-json\/wp\/v2\/pages\/41519","targetHints":{"allow":["GET"]}}],"collection":[{"href":"https:\/\/www.xn--tuksimaailm-ffb.ee\/fi\/wp-json\/wp\/v2\/pages"}],"about":[{"href":"https:\/\/www.xn--tuksimaailm-ffb.ee\/fi\/wp-json\/wp\/v2\/types\/page"}],"author":[{"embeddable":true,"href":"https:\/\/www.xn--tuksimaailm-ffb.ee\/fi\/wp-json\/wp\/v2\/users\/1"}],"replies":[{"embeddable":true,"href":"https:\/\/www.xn--tuksimaailm-ffb.ee\/fi\/wp-json\/wp\/v2\/comments?post=41519"}],"version-history":[{"count":1,"href":"https:\/\/www.xn--tuksimaailm-ffb.ee\/fi\/wp-json\/wp\/v2\/pages\/41519\/revisions"}],"predecessor-version":[{"id":41520,"href":"https:\/\/www.xn--tuksimaailm-ffb.ee\/fi\/wp-json\/wp\/v2\/pages\/41519\/revisions\/41520"}],"wp:attachment":[{"href":"https:\/\/www.xn--tuksimaailm-ffb.ee\/fi\/wp-json\/wp\/v2\/media?parent=41519"}],"curies":[{"name":"wp","href":"https:\/\/api.w.org\/{rel}","templated":true}]}}