{"id":51717,"date":"2023-02-14T22:13:37","date_gmt":"2023-02-14T19:13:37","guid":{"rendered":"http:\/\/www.xn--tuksimaailm-ffb.ee\/apollo\/"},"modified":"2024-12-09T16:56:50","modified_gmt":"2024-12-09T13:56:50","slug":"apollo","status":"publish","type":"page","link":"https:\/\/www.xn--tuksimaailm-ffb.ee\/fi\/apollo\/","title":{"rendered":"Apollo"},"content":{"rendered":"\n<h1 class=\"has-text-align-center wp-block-heading\" id=\"h-apollo-elektritoukeratas\">APOLLO S\u00c4HK\u00d6POTKULAUTA<\/h1>\n\n<h2 class=\"has-text-align-center wp-block-heading\" id=\"h-apollo-ajalugu-tutvustus\">APOLLO - HISTORIA - ESITELY<\/h2>\n\n<p><p>Vuonna 2018 Chris Healthcoate-Rey ja Maciek Piskorz perustivat s\u00e4hk\u00f6isen skootterimerkin Apollo. Apollo syntyi Montrealissa, Kanadassa. He n\u00e4kiv\u00e4t, ett\u00e4 s\u00e4hk\u00f6skootterit voisivat hyv\u00e4ll\u00e4 kehitysty\u00f6ll\u00e4 olla mukava ja kest\u00e4v\u00e4 liikennev\u00e4line, joka edist\u00e4isi merkitt\u00e4v\u00e4sti yhteiskunnan siirtymist\u00e4 s\u00e4hk\u00f6iseen liikenteeseen.<\/p><p>Apollon missio oli yksinkertainen - luoda markkinoiden paras henkil\u00f6kohtainen s\u00e4hk\u00f6skootteri. He eiv\u00e4t kuitenkaan halunneet, ett\u00e4 heid\u00e4n s\u00e4hk\u00f6skootterinsa olisi vain tavallinen skootteri, joten heid\u00e4n oli teht\u00e4v\u00e4 asiat hieman toisin. Toisin kuin kilpailijansa, he halusivat sek\u00e4 suunnitella ett\u00e4 valmistaa omat s\u00e4hk\u00f6skootterinsa.<\/p><\/p>\n\n<p>Apollo on tuotemerkki, joka tarjoaa laajan valikoiman laadukkaita ja kest\u00e4vi\u00e4 s\u00e4hk\u00f6potkulautoja. Apollo on kaikin puolin ymp\u00e4rist\u00f6yst\u00e4v\u00e4llinen. Ymp\u00e4rist\u00f6yst\u00e4v\u00e4llisyyden lis\u00e4ksi Apollo-s\u00e4hk\u00f6skootterit valmistetaan mahdollisimman optimoidusti ja energiatehokkaasti.<\/p>\n\n<p>Apollon ensimm\u00e4iset s\u00e4hk\u00f6skootterit olivat kuitenkin v\u00e4hemm\u00e4n tehokkaita ja yksinkertaisempia. Vuonna 2022 Apollo siirtyi jatkuvan kehitysty\u00f6n tuloksena l\u00e4hemm\u00e4s teht\u00e4v\u00e4ns\u00e4 ja tavoitteensa t\u00e4ytt\u00e4mist\u00e4 lanseeraamalla uusia ja parannettuja s\u00e4hk\u00f6skoottereita.<\/p>\n\n<p>Heid\u00e4n s\u00e4hk\u00f6skootterinsa on varustettu vain hyv\u00e4ll\u00e4 ja paremmalla, ja niill\u00e4 on my\u00f6s hieno ajo. Suorituskyvyn ja kest\u00e4vyyden lis\u00e4ksi Apollo on sitoutunut my\u00f6s kuljettajan turvallisuuteen. Sen vuoksi heid\u00e4n valikoimastaan l\u00f6yd\u00e4t my\u00f6s suuntavilkulla varustettuja s\u00e4hk\u00f6skoottereita.<\/p>\n\n<p>Kaiken kaikkiaan Apollo on nyky\u00e4\u00e4n tunnettu ja hyv\u00e4maineinen tuotemerkki, joka tarjoaa erinomaista vastinetta rahalle ja on loistava valinta kaikille, jotka etsiv\u00e4t luotettavaa s\u00e4hk\u00f6skootteria, jolla on hyv\u00e4 kyyti.<\/p>\n\n<p>Apollo-sarjan s\u00e4hk\u00f6skootterit ja niiden soveltuvuus:<\/p>\n\n<ul class=\"wp-block-list\">\n<li><p style=\"caret-color: #000000; color: #000000;\"><strong>Apollo Phantom<\/strong>\u00a0-s\u00e4hk\u00f6skootterit - sopivat harrastajille, jotka etsiv\u00e4t \u00e4\u00e4rimm\u00e4ist\u00e4 ajomukavuutta ja suorituskyky\u00e4.<\/p><\/li>\n\n\n\n<li><p style=\"caret-color: #000000; color: #000000;\"><strong>Apollo City Pro<\/strong>\u00a0ja\u00a0<strong>Apollo City<\/strong>\u00a0kaksoismoottoriset (City Pro) s\u00e4hk\u00f6skootterit ja yksimoottoriset (City) s\u00e4hk\u00f6skootterit sopivat harrastajille, jotka etsiv\u00e4t tehokasta mutta kompaktia s\u00e4hk\u00f6skootteria, jota on helppo kuljettaa.<\/p><\/li>\n\n\n\n<li><p style=\"caret-color: #000000; color: #000000;\"><strong>Apollo Air\u00a0<\/strong>yksimoottoriset s\u00e4hk\u00f6mopot - sopivat s\u00e4\u00e4nn\u00f6llisille k\u00e4ytt\u00e4jille, jotka haluavat mukavan ja ymp\u00e4rist\u00f6yst\u00e4v\u00e4llisen kulkuv\u00e4lineen.<\/p><\/li>\n<\/ul>\n\n<h2 class=\"has-text-align-center wp-block-heading\" id=\"h-apollo-elektritoukerattad-touksimaailma-mudelivalik\">APOLLO S\u00c4HK\u00d6POTKULUADAT - T\u00d5UKSIMAAILMAN MALLITASO<\/h2>\n\n<h3 class=\"wp-block-heading\" id=\"h-phantom-v2\">Phantom V2<\/h3>\n<div class=\"wp-block-image\">\n<figure class=\"alignright size-large is-resized\"><img decoding=\"async\" src=\"http:\/\/www.xn--tuksimaailm-ffb.ee\/wp-content\/uploads\/2022\/05\/ApolloPhantom_1_1920x-1024x1024.png\" alt=\"elektrit&#xF5;ukeratas-apollo-phantom-v2\" class=\"wp-image-18293\" width=\"409\" height=\"409\" srcset=\"https:\/\/www.xn--tuksimaailm-ffb.ee\/wp-content\/uploads\/2022\/05\/ApolloPhantom_1_1920x-1024x1024.png 1024w, https:\/\/www.xn--tuksimaailm-ffb.ee\/wp-content\/uploads\/2022\/05\/ApolloPhantom_1_1920x-300x300.png 300w, https:\/\/www.xn--tuksimaailm-ffb.ee\/wp-content\/uploads\/2022\/05\/ApolloPhantom_1_1920x-150x150.png 150w, https:\/\/www.xn--tuksimaailm-ffb.ee\/wp-content\/uploads\/2022\/05\/ApolloPhantom_1_1920x-768x768.png 768w, https:\/\/www.xn--tuksimaailm-ffb.ee\/wp-content\/uploads\/2022\/05\/ApolloPhantom_1_1920x-600x600.png 600w, https:\/\/www.xn--tuksimaailm-ffb.ee\/wp-content\/uploads\/2022\/05\/ApolloPhantom_1_1920x-100x100.png 100w, https:\/\/www.xn--tuksimaailm-ffb.ee\/wp-content\/uploads\/2022\/05\/ApolloPhantom_1_1920x-512x512.png 512w, https:\/\/www.xn--tuksimaailm-ffb.ee\/wp-content\/uploads\/2022\/05\/ApolloPhantom_1_1920x.png 1280w\" sizes=\"(max-width: 409px) 100vw, 409px\" \/><\/figure>\n<\/div>\n<p><p style=\"caret-color: #000000; color: #000000;\">Apollo Phantom V2 -s\u00e4hk\u00f6skootteri on parannettu versio edelt\u00e4j\u00e4st\u00e4\u00e4n, Apollo Phantomista. Kaksipy\u00f6r\u00e4isen voimansiirron, tehokkaiden moottoreiden ja suuren akkupaketin ansiosta Phantom V2 -s\u00e4hk\u00f6potkulauta on Apollo-malliston kehittynein ja edistynein. Phantom V2 on varustettu kaikella, mit\u00e4 kunnon s\u00e4hk\u00f6skootterilta voi toivoa. Phantom V2 on saatavana my\u00f6s kolmena eri versiona. Phantom V2:n kaikki versiot l\u00f6ytyv\u00e4t\u00a0<a href=\"http:\/\/www.xn--tuksimaailm-ffb.ee\/fi\/shop\/apollo-phantom-v2-sahkopotkulauta\/\">t\u00e4\u00e4lt\u00e4<\/a>.<\/p><\/p>\n\n<p>Phantomia kehitett\u00e4ess\u00e4 Apollo oli m\u00e4\u00e4r\u00e4tietoinen ja hellitt\u00e4m\u00e4t\u00f6n ja painotti voimakkaasti sek\u00e4 suorituskyky\u00e4 ett\u00e4 ajomukavuutta. Mukavan ajomukavuuden varmistamiseksi Phantom V2 -s\u00e4hk\u00f6skootterissa on kahden hybridihydraulijousimoottorin sijasta yhteens\u00e4 nelj\u00e4 hybridihydraulijousimoottoria. S\u00e4hk\u00f6skootteri varustettiin my\u00f6s suurilla ilmarenkailla ilman sis\u00e4renkaita, jotka tarjoavat erinomaisen pidon ja pidon.<\/p>\n\n<p>Teknologisella puolella s\u00e4hk\u00f6inen skootteri ei ole erilainen. Phantom V2 on yksi harvoista s\u00e4hk\u00f6skoottereista, joiden n\u00e4yt\u00f6ss\u00e4 k\u00e4ytet\u00e4\u00e4n OLED-tekniikkaa. OLED-n\u00e4ytt\u00f6\/n\u00e4ytt\u00f6 on my\u00f6s suhteellisen suuri, joten tiedot ovat helposti ja helposti luettavissa. Parhaan ajokokemuksen takaamiseksi Phantom V2 on saatavana laadukkailla ZOOM-merkkisill\u00e4 hydraulisilla levyjarruilla.<\/p>\n\n<p>Parametrien osalta Phantom V2 on selv\u00e4sti markkinoiden keskiarvon yl\u00e4puolella. Toimintas\u00e4de on 80-85 km akun kapasiteetista riippuen. My\u00f6s Li-Ion-akut on valmistettu laadukkaista Dynavoltin akkumoduuleista (tai -elementeist\u00e4). Akku antaa virtaa tehokkaille 2x500W s\u00e4hk\u00f6moottoreille, joiden avulla Phantom V2 saavuttaa 25km\/h nopeuden hetkess\u00e4. Phantom V2:ssa on my\u00f6s vankka rakenne, jonka ansiosta tehokkailla moottoreilla varustettu Phantom V2 -s\u00e4hk\u00f6skootteri pystyy valmistajan m\u00e4\u00e4rittelyn mukaan liikkumaan eteenp\u00e4in 130 kg:n painon alla.<\/p>\n\n<h3 class=\"wp-block-heading\" id=\"h-city-ja-city-pro\">City ja City Pro<\/h3>\n<div class=\"wp-block-image\">\n<figure class=\"alignleft size-full is-resized\"><img decoding=\"async\" src=\"http:\/\/www.xn--tuksimaailm-ffb.ee\/wp-content\/uploads\/2023\/01\/city-pro-kategooria.jpg\" alt=\"Scooter World Shop Electric Scooter luokka laadukkaita s&#xE4;hk&#xF6;skootterit Apollo s&#xE4;hk&#xF6;skootteri nopea s&#xE4;hk&#xF6;skootterit\" class=\"wp-image-28796\" width=\"425\" height=\"387\"\/><\/figure>\n<\/div>\n<p>Apollo City ja City Pro lanseerattiin vuonna 2022, ja ne ovat saavuttaneet suuren suosion pienikokoisuutensa, laatunsa ja suorituskykyns\u00e4 ansiosta. City Pro -s\u00e4hk\u00f6skootteri eroaa City-mallista l\u00e4hinn\u00e4 siksi, ett\u00e4 se on kaksipy\u00f6r\u00e4inen skootteri. City-s\u00e4hk\u00f6skootterissa on kaikki olennaiset ominaisuudet ja tekij\u00e4t, joita tarvitaan turvalliseen ja nautinnolliseen ajokokemukseen. City-malleissa on sek\u00e4 etu- ett\u00e4 takasuuntavilkut, jotka voidaan kytke\u00e4 helposti p\u00e4\u00e4lle tai pois p\u00e4\u00e4lt\u00e4 milloin tahansa. City-s\u00e4hk\u00f6skoottereissa on my\u00f6s eritt\u00e4in korkea IP-suojausluokitus. City- ja City Pro -skoottereilla on IP56-sertifikaatti, joten niill\u00e4 voi ajaa luottavaisin mielin ymp\u00e4ri vuoden.<\/p>\n\n<p><p style=\"caret-color: #000000; color: #000000;\">Korkealla ohjaustangolla varustetut City-s\u00e4hk\u00f6skootterit sopivat my\u00f6s enint\u00e4\u00e4n 2 metri\u00e4 pitkille kuljettajille. Jalusta on pitk\u00e4 ja leve\u00e4, ja se on p\u00e4\u00e4llystetty helposti puhdistettavalla liukumattomalla kumipinnoitteella. Liukastumattoman potkulaudan ja korkean\u00a0<a href=\"https:\/\/et.wikipedia.org\/wiki\/IP-kood\">IP-suojan ansiosta<\/a>\u00a0City-s\u00e4hk\u00f6skootteri on yksinkertaisesti t\u00e4ydellinen valinta ajamiseen Viron s\u00e4\u00e4olosuhteissa.<\/p><\/p>\n\n<p>Erityisesti luotiin s\u00e4hk\u00f6inen skootteri, jolla voi liikkua kaupungin alueella. My\u00f6s kest\u00e4vyys ja huoleton ajokokemus olivat t\u00e4rkeit\u00e4. Siksi City-s\u00e4hk\u00f6skootteri on varustettu kahdella rumpujarrulla ja elektronisella moottorijarrulla. Rumpujarru vaatii paljon v\u00e4hemm\u00e4n huoltoa kuin levyjarru, mik\u00e4 tekee City-s\u00e4hk\u00f6skootterista vaivattomamman. Rumpujarru yhdess\u00e4 elektronisen moottorijarrun kanssa on eritt\u00e4in tehokas, ja t\u00e4m\u00e4n jarruj\u00e4rjestelm\u00e4n yhdistelm\u00e4 antaa skootterille h\u00e4mm\u00e4stytt\u00e4v\u00e4n lyhyen pys\u00e4htymismatkan.<\/p>\n\n<p>City-s\u00e4hk\u00f6skootteri on ihanteellinen liikkumisv\u00e4line kaikille, jotka etsiv\u00e4t kompaktia kevytt\u00e4 skootteria, joka on t\u00e4ynn\u00e4 nykyaikaista tekniikkaa ja silti tehokas.<\/p>\n\n<h3 class=\"wp-block-heading\" id=\"h-apollo-air\">Apollo Air<\/h3>\n\n<p>Air on Apollo-malliston pienitehoisin, mutta kompaktein ja kevyin. Air-s\u00e4hk\u00f6skootteri on luotu tarjoamaan ihmisille hyv\u00e4 ja edullinen s\u00e4hk\u00f6skootteri kaupunkiliikenteeseen. Air-s\u00e4hk\u00f6skootteri on monien tunnettujen tuotemerkkien silm\u00e4\u00e4tekev\u00e4, sill\u00e4 erinomaisen suorituskykyns\u00e4 lis\u00e4ksi siin\u00e4 on my\u00f6s ensimm\u00e4inen akku. T\u00e4ss\u00e4 hintaluokassa kilpailua k\u00e4yv\u00e4t l\u00e4hinn\u00e4 Xiaomi Pro 2 ja Ninebot G30 -s\u00e4hk\u00f6skootterit, mutta miss\u00e4\u00e4n niist\u00e4 ei ole akkua tehtaalta l\u00e4htiess\u00e4\u00e4n. Air-s\u00e4hk\u00f6skootteri on erityisen tiiviisti rakennettu, mik\u00e4 tekee Air-s\u00e4hk\u00f6skootterista korkean, IP66-luokituksen omaavan skootterin. N\u00e4in korkean suojausasteen ansiosta voit ajaa ymp\u00e4ri vuoden ilman, ett\u00e4 sinun tarvitsee huolehtia skootterin kest\u00e4vyydest\u00e4. Skootteri on my\u00f6s eritt\u00e4in kevyt, sill\u00e4 se painaa vain 17,5 kg.<\/p>\n\n<p>Jotta Air-skootteri olisi laajalti hyv\u00e4ksytty, erityisesti suuren yleis\u00f6n keskuudessa, korostettiin voimakkaasti, ett\u00e4 skootteri on helppok\u00e4ytt\u00f6inen ja turvallinen. Toisin kuin monissa muissa laajalti tunnetuissa, yleisk\u00e4ytt\u00e4jille suunnitelluissa s\u00e4hk\u00f6potkulaudoissa, Air-s\u00e4hk\u00f6potkulaudassa on suuret 10 tuuman renkaat, joissa on puhkeamisen kest\u00e4v\u00e4 sis\u00e4kumi. Air on my\u00f6s hieman v\u00e4hemm\u00e4n hankala. T\u00e4m\u00e4 johtuu juuri siit\u00e4, ett\u00e4 siin\u00e4 on sek\u00e4 rumpujarru ett\u00e4 elektroninen moottorijarru (regeneratiivinen). T\u00e4m\u00e4 yhdistelm\u00e4 takaa erityisen lyhyet jarrutusmatkat ja vaivattomamman ajon, sill\u00e4 rumpujarrut ovat kest\u00e4v\u00e4mpi\u00e4 ja pitk\u00e4ik\u00e4isempi\u00e4 kuin levyjarrut.<\/p>\n\n<p>Air-skootteri ei ole kaukana tehon suhteen, sill\u00e4 se on varustettu 500 W:n takamoottorilla ja kohtuullisen kokoisella 36 V:n ja 15 Ah:n Li-ion-akulla. Akkupaketti on my\u00f6s valmistettu 21700-akkumoduuleista, jotka antavat yleisesti k\u00e4ytetyille 18650-akkumoduuleille kyyti\u00e4.<\/p>\n","protected":false},"excerpt":{"rendered":"<p>APOLLO S\u00c4HK\u00d6POTKULAUTA APOLLO - HISTORIA - ESITELY Vuonna 2018 Chris Healthcoate-Rey ja Maciek Piskorz perustivat s\u00e4hk\u00f6isen skootterimerkin Apollo. Apollo syntyi Montrealissa, Kanadassa. He n\u00e4kiv\u00e4t, ett\u00e4 s\u00e4hk\u00f6skootterit voisivat hyv\u00e4ll\u00e4 kehitysty\u00f6ll\u00e4 olla mukava ja kest\u00e4v\u00e4 liikennev\u00e4line, joka edist\u00e4isi merkitt\u00e4v\u00e4sti yhteiskunnan siirtymist\u00e4 s\u00e4hk\u00f6iseen liikenteeseen. Apollon missio oli yksinkertainen - luoda markkinoiden paras henkil\u00f6kohtainen &hellip;<\/p>\n","protected":false},"author":1,"featured_media":0,"parent":0,"menu_order":0,"comment_status":"closed","ping_status":"closed","template":"","meta":{"footnotes":""},"class_list":["post-51717","page","type-page","status-publish","hentry"],"yoast_head":"<!-- This site is optimized with the Yoast SEO Premium plugin v26.8 (Yoast SEO v27.3) - https:\/\/yoast.com\/product\/yoast-seo-premium-wordpress\/ -->\n<title>Apollo | T\u00f5uksimaailm | Stiilne Kanada elektrit\u00f5ukeratas<\/title>\n<meta name=\"description\" content=\"Apollo elektrit\u00f5ukeratas ning selle ajalugu. Hea veekindlusega elektrit\u00f5ukerattad. Kaasaegne Apollo elektriline t\u00f5ukeratas.\" \/>\n<meta name=\"robots\" content=\"index, follow, max-snippet:-1, max-image-preview:large, max-video-preview:-1\" \/>\n<link rel=\"canonical\" href=\"https:\/\/www.xn--tuksimaailm-ffb.ee\/fi\/apollo\/\" \/>\n<meta property=\"og:locale\" content=\"fi_FI\" \/>\n<meta property=\"og:type\" content=\"article\" \/>\n<meta property=\"og:title\" content=\"Apollo\" \/>\n<meta property=\"og:description\" content=\"Apollo elektrit\u00f5ukeratas ning selle ajalugu. Hea veekindlusega elektrit\u00f5ukerattad. Kaasaegne Apollo elektriline t\u00f5ukeratas.\" \/>\n<meta property=\"og:url\" content=\"https:\/\/www.xn--tuksimaailm-ffb.ee\/fi\/apollo\/\" \/>\n<meta property=\"og:site_name\" content=\"T\u00f5uksimaailm\" \/>\n<meta property=\"article:publisher\" content=\"https:\/\/www.facebook.com\/touksimaailm\/\" \/>\n<meta property=\"article:modified_time\" content=\"2024-12-09T13:56:50+00:00\" \/>\n<meta property=\"og:image\" content=\"http:\/\/www.xn--tuksimaailm-ffb.ee\/wp-content\/uploads\/2022\/05\/ApolloPhantom_1_1920x-1024x1024.png\" \/>\n<meta name=\"twitter:card\" content=\"summary_large_image\" \/>\n<meta name=\"twitter:label1\" content=\"Arvioitu lukuaika\" \/>\n\t<meta name=\"twitter:data1\" content=\"5 minuuttia\" \/>\n<!-- \/ Yoast SEO Premium plugin. -->","yoast_head_json":{"title":"Apollo | T\u00f5uksimaailm | Stiilne Kanada elektrit\u00f5ukeratas","description":"Apollo elektrit\u00f5ukeratas ning selle ajalugu. Hea veekindlusega elektrit\u00f5ukerattad. Kaasaegne Apollo elektriline t\u00f5ukeratas.","robots":{"index":"index","follow":"follow","max-snippet":"max-snippet:-1","max-image-preview":"max-image-preview:large","max-video-preview":"max-video-preview:-1"},"canonical":"https:\/\/www.xn--tuksimaailm-ffb.ee\/fi\/apollo\/","og_locale":"fi_FI","og_type":"article","og_title":"Apollo","og_description":"Apollo elektrit\u00f5ukeratas ning selle ajalugu. Hea veekindlusega elektrit\u00f5ukerattad. Kaasaegne Apollo elektriline t\u00f5ukeratas.","og_url":"https:\/\/www.xn--tuksimaailm-ffb.ee\/fi\/apollo\/","og_site_name":"T\u00f5uksimaailm","article_publisher":"https:\/\/www.facebook.com\/touksimaailm\/","article_modified_time":"2024-12-09T13:56:50+00:00","og_image":[{"url":"http:\/\/www.xn--tuksimaailm-ffb.ee\/wp-content\/uploads\/2022\/05\/ApolloPhantom_1_1920x-1024x1024.png","type":"","width":"","height":""}],"twitter_card":"summary_large_image","twitter_misc":{"Arvioitu lukuaika":"5 minuuttia"},"schema":{"@context":"https:\/\/schema.org","@graph":[{"@type":"WebPage","@id":"https:\/\/www.xn--tuksimaailm-ffb.ee\/fi\/apollo\/","url":"https:\/\/www.xn--tuksimaailm-ffb.ee\/fi\/apollo\/","name":"Apollo | T\u00f5uksimaailm | Stiilne Kanada elektrit\u00f5ukeratas","isPartOf":{"@id":"https:\/\/www.xn--tuksimaailm-ffb.ee\/fi\/#website"},"primaryImageOfPage":{"@id":"https:\/\/www.xn--tuksimaailm-ffb.ee\/fi\/apollo\/#primaryimage"},"image":{"@id":"https:\/\/www.xn--tuksimaailm-ffb.ee\/fi\/apollo\/#primaryimage"},"thumbnailUrl":"http:\/\/www.xn--tuksimaailm-ffb.ee\/wp-content\/uploads\/2022\/05\/ApolloPhantom_1_1920x-1024x1024.png","datePublished":"2023-02-14T19:13:37+00:00","dateModified":"2024-12-09T13:56:50+00:00","description":"Apollo elektrit\u00f5ukeratas ning selle ajalugu. Hea veekindlusega elektrit\u00f5ukerattad. Kaasaegne Apollo elektriline t\u00f5ukeratas.","breadcrumb":{"@id":"https:\/\/www.xn--tuksimaailm-ffb.ee\/fi\/apollo\/#breadcrumb"},"inLanguage":"fi","potentialAction":[{"@type":"ReadAction","target":["https:\/\/www.xn--tuksimaailm-ffb.ee\/fi\/apollo\/"]}]},{"@type":"ImageObject","inLanguage":"fi","@id":"https:\/\/www.xn--tuksimaailm-ffb.ee\/fi\/apollo\/#primaryimage","url":"http:\/\/www.xn--tuksimaailm-ffb.ee\/wp-content\/uploads\/2022\/05\/ApolloPhantom_1_1920x-1024x1024.png","contentUrl":"http:\/\/www.xn--tuksimaailm-ffb.ee\/wp-content\/uploads\/2022\/05\/ApolloPhantom_1_1920x-1024x1024.png"},{"@type":"BreadcrumbList","@id":"https:\/\/www.xn--tuksimaailm-ffb.ee\/fi\/apollo\/#breadcrumb","itemListElement":[{"@type":"ListItem","position":1,"name":"Home","item":"https:\/\/www.xn--tuksimaailm-ffb.ee\/fi\/kotisivu\/"},{"@type":"ListItem","position":2,"name":"Apollo"}]},{"@type":"WebSite","@id":"https:\/\/www.xn--tuksimaailm-ffb.ee\/fi\/#website","url":"https:\/\/www.xn--tuksimaailm-ffb.ee\/fi\/","name":"T\u00f5uksimaailm","description":"Elektrit\u00f5ukerataste m\u00fc\u00fck, remont ja rent","publisher":{"@id":"https:\/\/www.xn--tuksimaailm-ffb.ee\/fi\/#organization"},"potentialAction":[{"@type":"SearchAction","target":{"@type":"EntryPoint","urlTemplate":"https:\/\/www.xn--tuksimaailm-ffb.ee\/fi\/?s={search_term_string}"},"query-input":{"@type":"PropertyValueSpecification","valueRequired":true,"valueName":"search_term_string"}}],"inLanguage":"fi"},{"@type":"Organization","@id":"https:\/\/www.xn--tuksimaailm-ffb.ee\/fi\/#organization","name":"T\u00f5uksimaailm","url":"https:\/\/www.xn--tuksimaailm-ffb.ee\/fi\/","logo":{"@type":"ImageObject","inLanguage":"fi","@id":"https:\/\/www.xn--tuksimaailm-ffb.ee\/fi\/#\/schema\/logo\/image\/","url":"https:\/\/www.xn--tuksimaailm-ffb.ee\/wp-content\/uploads\/2020\/01\/logoz-e1579792875517.png","contentUrl":"https:\/\/www.xn--tuksimaailm-ffb.ee\/wp-content\/uploads\/2020\/01\/logoz-e1579792875517.png","width":250,"height":250,"caption":"T\u00f5uksimaailm"},"image":{"@id":"https:\/\/www.xn--tuksimaailm-ffb.ee\/fi\/#\/schema\/logo\/image\/"},"sameAs":["https:\/\/www.facebook.com\/touksimaailm\/","https:\/\/www.instagram.com\/touksimaailm_\/","https:\/\/www.youtube.com\/channel\/UC18ml0EKIDLP1xGuQjFzcXQ"]}]}},"jetpack_sharing_enabled":true,"_links":{"self":[{"href":"https:\/\/www.xn--tuksimaailm-ffb.ee\/fi\/wp-json\/wp\/v2\/pages\/51717","targetHints":{"allow":["GET"]}}],"collection":[{"href":"https:\/\/www.xn--tuksimaailm-ffb.ee\/fi\/wp-json\/wp\/v2\/pages"}],"about":[{"href":"https:\/\/www.xn--tuksimaailm-ffb.ee\/fi\/wp-json\/wp\/v2\/types\/page"}],"author":[{"embeddable":true,"href":"https:\/\/www.xn--tuksimaailm-ffb.ee\/fi\/wp-json\/wp\/v2\/users\/1"}],"replies":[{"embeddable":true,"href":"https:\/\/www.xn--tuksimaailm-ffb.ee\/fi\/wp-json\/wp\/v2\/comments?post=51717"}],"version-history":[{"count":1,"href":"https:\/\/www.xn--tuksimaailm-ffb.ee\/fi\/wp-json\/wp\/v2\/pages\/51717\/revisions"}],"predecessor-version":[{"id":51718,"href":"https:\/\/www.xn--tuksimaailm-ffb.ee\/fi\/wp-json\/wp\/v2\/pages\/51717\/revisions\/51718"}],"wp:attachment":[{"href":"https:\/\/www.xn--tuksimaailm-ffb.ee\/fi\/wp-json\/wp\/v2\/media?parent=51717"}],"curies":[{"name":"wp","href":"https:\/\/api.w.org\/{rel}","templated":true}]}}