{"id":51774,"date":"2024-05-15T22:54:08","date_gmt":"2024-05-15T19:54:08","guid":{"rendered":"http:\/\/www.xn--tuksimaailm-ffb.ee\/sahkomoottoripyorien-ja-mopojen-korjaus-ja-huolto\/"},"modified":"2024-12-12T20:59:08","modified_gmt":"2024-12-12T17:59:08","slug":"sahkomoottoripyorien-ja-mopojen-korjaus-ja-huolto","status":"publish","type":"page","link":"https:\/\/www.xn--tuksimaailm-ffb.ee\/fi\/sahkomoottoripyorien-ja-mopojen-korjaus-ja-huolto\/","title":{"rendered":"S\u00c4HK\u00d6MOOTTORIPY\u00d6RIEN JA -MOPOJEN KORJAUS JA HUOLTO"},"content":{"rendered":"\n<h2 class=\"wp-block-heading\" id=\"elektritoukeratta-hooldus-hinnakiri\">S\u00c4HK\u00d6MOOTTORIPY\u00d6RIEN JA -MOPOJEN HUOLTO - HINNASTO<\/h2>\n\n<h4 class=\"wp-block-heading\" id=\"h-lihthooldus-149\">YKSINKERTAINEN HUOLTO - 149\u20ac<\/h4>\n\n<ul class=\"wp-block-list\">\n<li>Ulkopuolinen puhdistus<\/li>\n\n\n\n<li>Jarrujen s\u00e4\u00e4t\u00f6<\/li>\n\n\n\n<li>\u00d6ljynvaihto (vaihteisto)<\/li>\n\n\n\n<li>Moottorin vaiheen s\u00e4\u00e4t\u00f6<\/li>\n\n\n\n<li>Ketjun \u00f6ljytys<\/li>\n\n\n\n<li>Pinnas\u00e4\u00e4t\u00f6<\/li>\n\n\n\n<li>Kummin pumppaus<\/li>\n\n\n\n<li>Rytin\u00e4n poistaminen<\/li>\n\n\n\n<li>Kiinnikkeiden (pultit-mutterit) tarkastus<\/li>\n\n\n\n<li>Teknisen kunnon tarkastus, kuluvien osien tarkastus, tarvittaessa neuvoja jatkotoimenpiteist\u00e4, neuvoja s\u00e4hk\u00f6polkupy\u00f6r\u00e4n k\u00e4yt\u00f6st\u00e4.<\/li>\n<\/ul>\n\n<h4 class=\"wp-block-heading\" id=\"h-taishooldus-199\">T\u00c4YSIHUOLTO<\/h4>\n\n<ul class=\"wp-block-list\">\n<li>Puhdistus \/ pesu<\/li>\n\n\n\n<li>Jarrujen s\u00e4\u00e4t\u00f6<\/li>\n\n\n\n<li>\u00d6ljynvaihto (vaihteisto)<\/li>\n\n\n\n<li>Moottorin vaiheen s\u00e4\u00e4t\u00f6<\/li>\n\n\n\n<li>Ketjun \u00f6ljytys<\/li>\n\n\n\n<li>Pinnas\u00e4\u00e4t\u00f6<\/li>\n\n\n\n<li>Kummin pumppaus<\/li>\n\n\n\n<li>Rytin\u00e4n poistaminen<\/li>\n\n\n\n<li>Kiinnikkeiden (pultit-mutterit) tarkastus<\/li>\n\n\n\n<li>Elektroniikan visuaalinen tarkastus - suoritamme korroosion \/ vesivahingon, eristyksen vaurioiden ja liitosten tarkastuksen.<\/li>\n\n\n\n<li>Irrallisilla laakereilla varustettujen kaulakaussien voitelu<\/li>\n\n\n\n<li>Teknisen kunnon tarkastus, kuluvien osien tarkastus, tarvittaessa neuvoja jatkotoimenpiteist\u00e4, neuvoja s\u00e4hk\u00f6polkupy\u00f6r\u00e4n k\u00e4yt\u00f6st\u00e4.<\/li>\n\n\n\n<li>Yksinkertaisten kulutusosien vaihdon (ty\u00f6n osa) hinta on huoltohinnan sis\u00e4ll\u00e4 - jarrulevyt, jarrulevyjen py\u00f6r\u00e4t, renkaat, pohjalevyt (griptape).<\/li>\n\n\n\n<li>Amortisaattorin huolto \/ voitelu<\/li>\n<\/ul>\n\n<h2 class=\"wp-block-heading\" id=\"elektritoukeratta-remont-toode-hinnakiri\"><p style=\"caret-color: #000000; color: #000000;\">S\u00c4HK\u00d6MOOTTORIPY\u00d6RIEN JA -MOPOJEN KORJAUS -\u00a0<strong>HINNASTO T\u00d6IST\u00c4<\/strong><\/p><\/h2>\n\n<h4 class=\"wp-block-heading\" id=\"h-rattad-rehvid-laagrid\">PY\u00d6R\u00c4, RENKAAT, LAAKERIT<\/h4>\n\n<ol class=\"wp-block-list\">\n<li><p style=\"caret-color: #000000; color: #000000;\"><a href=\"http:\/\/www.xn--tuksimaailm-ffb.ee\/elektritoukeratta-rehvivahetus\/\">Sis\u00e4- ja\/tai ulkokumin<\/a>\u00a0vaihto:\u00a0<strong>19\u20ac - 89\u20ac<\/strong><\/p><\/li>\n\n\n\n<li><p style=\"caret-color: #000000; color: #000000;\">Tubeless-renkaan vaihto:\u00a0<strong>29\u20ac - 97\u20ac<\/strong><\/p><\/li>\n\n\n\n<li><p style=\"caret-color: #000000; color: #000000;\">Tubeless (letkuton) renkaan korjaus (k\u00f6ysi sis\u00e4\u00e4n):\u00a0<strong>18\u20ac<\/strong><\/p><\/li>\n\n\n\n<li><p style=\"caret-color: #000000; color: #000000;\">Tubeless-renkaan t\u00e4ytt\u00e4minen renkaan puhkeamisenestoaineella:\u00a0<strong>18 \u20ac<\/strong><\/p><\/li>\n\n\n\n<li><p style=\"caret-color: #000000; color: #000000;\">Nastojen asentaminen renkaan pintaan (nastat sis\u00e4ltyv\u00e4t hintaan):\u00a0<strong>55 - 155 \u20ac<\/strong>\u00a0(nastatyypist\u00e4 riippuen)<\/p><\/li>\n<\/ol>\n\n<h4 class=\"wp-block-heading\" id=\"h-elekter-tarkvara-firmware\">ELEKTRONIIKKA, OHJELMISTO \/ FIRMWARE:<\/h4>\n\n<ol class=\"wp-block-list\">\n<li><p style=\"caret-color: #000000; color: #000000;\">Elektroniikkadiagnostiikka (tarvitaan, jos vikakoodia ei ole):\u00a0<strong>39\u20ac - 96\u20ac<\/strong><\/p><\/li>\n\n\n\n<li><p style=\"caret-color: #000000; color: #000000;\">Vedenpit\u00e4vyyden parantaminen:\u00a0<strong>59\u20ac - 199\u20ac<\/strong><\/p><\/li>\n\n\n\n<li><p>Akun vaihto: <strong>5\u20ac - 59\u20ac<\/strong><\/p><\/li>\n\n\n\n<li><p style=\"caret-color: #000000; color: #000000;\">Ohjaimen (emolevyn) vaihto:\u00a0<strong>39\u20ac - 98\u20ac<\/strong><\/p><\/li>\n\n\n\n<li><p style=\"caret-color: #000000; color: #000000;\">Elektroniikan perustarkastus (korroosio\/vesivauriot, eristysvauriot ja liit\u00e4nn\u00e4t):\u00a0<strong>53 \u20ac<\/strong><\/p><\/li>\n\n\n\n<li><p style=\"caret-color: #000000; color: #000000;\">Akun kapasiteettitesti 100%-0% (ilmoitamme ik\u00e4\u00e4ntymisprosentin):\u00a0<strong>25\u20ac - 66\u20ac<\/strong><\/p><\/li>\n\n\n\n<li><p style=\"caret-color: #000000; color: #000000;\">Asennus muuhun kuin alkuper\u00e4iseen ohjaussarjaan (uudet liittimet ja johdotukset mukana):\u00a0<strong>99\u20ac - 239\u20ac<\/strong><\/p><\/li>\n\n\n\n<li><p style=\"caret-color: #000000; color: #000000;\">Valaisimen vaihto tai korjaus:\u00a0<strong>19\u20ac - 54\u20ac<\/strong><\/p><\/li>\n\n\n\n<li><p style=\"caret-color: #000000; color: #000000;\">Kaasupolkimen tai s\u00e4hk\u00f6jarrupolkimen (e-jarru) vaihto:\u00a0<strong>5 \u20ac - 42 \u20ac<\/strong><\/p><\/li>\n\n\n\n<li><p style=\"caret-color: #000000; color: #000000;\">PAS-anturin vaihto:\u00a0<strong>25\u20ac - 59\u20ac<\/strong><\/p><\/li>\n\n\n\n<li><p style=\"caret-color: #000000; color: #000000;\">Laiteohjelmiston palautus:\u00a0<strong>25\u20ac - 59\u20ac<\/strong><\/p><\/li>\n\n\n\n<li><p style=\"caret-color: #000000; color: #000000;\">BMS:n (akun ohjausmoduuli) vaihtaminen:\u00a0<strong>79 - 199\u20ac<\/strong><\/p><\/li>\n\n\n\n<li><p style=\"caret-color: #000000; color: #000000;\">N\u00e4yt\u00f6n \/ ruudun vaihto:\u00a0<strong>19\u20ac - 42\u20ac<\/strong><\/p><\/li>\n\n\n\n<li><p style=\"caret-color: #000000; color: #000000;\">Moottorihallin anturin (antureiden) vaihto:\u00a0<strong>89\u20ac - 119\u20ac<\/strong><\/p><\/li>\n\n\n\n<li><p style=\"caret-color: #000000; color: #000000;\">Moottorin k\u00e4\u00e4mityksen (k\u00e4\u00e4mien) koskettimien juottaminen tai uudelleenjuottaminen:\u00a0<strong>84\u20ac<\/strong><\/p><\/li>\n<\/ol>\n\n<h4 class=\"wp-block-heading\" id=\"h-korpus-lenks-ja-kahvel\">RUNKO, KAHVA JA HAARUKKA<\/h4>\n\n<ol class=\"wp-block-list\">\n<li><p style=\"caret-color: #000000; color: #000000;\">Kahvojen vaihto:\u00a0<strong>9\u20ac - 35\u20ac<\/strong><\/p><\/li>\n\n\n\n<li><p style=\"caret-color: #000000; color: #000000;\">Haarukan tai amourin vaihtaminen:\u00a0<strong>29\u20ac - 119\u20ac<\/strong><\/p><\/li>\n\n\n\n<li><p style=\"caret-color: #000000; color: #000000;\">Kaulakaukaloiden ja laakereiden voitelu ja puhdistus:<strong>\u00a015\u20ac - 119\u20ac<\/strong><\/p><\/li>\n\n\n\n<li><p style=\"caret-color: #000000; color: #000000;\">Kaulakaukaloiden ja laakereiden vaihto:\u00a0<strong>29\u20ac - 119\u20ac<\/strong><\/p><\/li>\n\n\n\n<li><p style=\"caret-color: #000000; color: #000000;\">Kaulakaukaloiden s\u00e4\u00e4t\u00f6:\u00a0<strong>15\u20ac - 69.5\u20ac<\/strong><\/p><\/li>\n\n\n\n<li><p style=\"caret-color: #000000; color: #000000;\">Siivous \/ pesu**:<strong>\u00a019\u20ac - 47\u20ac<\/strong><\/p><\/li>\n\n\n\n<li><p style=\"caret-color: #000000; color: #000000;\">Amortiksen voitelu \/ huolto:\u00a0<strong>23\u20ac<\/strong><\/p><\/li>\n\n\n\n<li><p style=\"caret-color: #000000; color: #000000;\">Latauspistorasia \/ pistokkeen vaihto:\u00a0<strong>15\u20ac - 42\u20ac<\/strong><\/p><\/li>\n<\/ol>\n\n<p>**Eritt\u00e4in likaisen moottoripy\u00f6r\u00e4n huolto\/korjaus - 10\u20ac lis\u00e4maksu siivouksesta.<\/p>\n\n<h4 class=\"wp-block-heading\" id=\"h-pidurid\">JARRUT<\/h4>\n\n<ol class=\"wp-block-list\">\n<li><p style=\"caret-color: #000000; color: #000000;\">Jarrujen s\u00e4\u00e4t\u00f6\/ilmaus (1 tai 2 jarrua):\u00a0<strong>49\u20ac - 69\u20ac<\/strong><\/p><\/li>\n\n\n\n<li><p style=\"caret-color: #000000; color: #000000;\">Jarrukahvan vaihto:\u00a0<strong>19\u20ac - 47\u20ac<\/strong><\/p><\/li>\n\n\n\n<li><p style=\"caret-color: #000000; color: #000000;\">Jarruvaijerin puhdistus ja \u00f6ljy\u00e4minen:\u00a0<strong>15\u20ac - 42\u20ac<\/strong><\/p><\/li>\n\n\n\n<li><p style=\"caret-color: #000000; color: #000000;\">Jarruvaijerin vaihto (uuden kuoren kanssa):\u00a0<strong>29\u20ac - 54\u20ac<\/strong><\/p><\/li>\n\n\n\n<li><p style=\"caret-color: #000000; color: #000000;\">Levyjarrupalojen vaihto:\u00a0<strong>9\u20ac - 18\u20ac<\/strong><\/p><\/li>\n\n\n\n<li><p style=\"caret-color: #000000; color: #000000;\">Jarrun vaihto:\u00a0<strong>9\u20ac - 18\u20ac<\/strong><\/p><\/li>\n\n\n\n<li><p style=\"caret-color: #000000; color: #000000;\">Jarrulevyn vaihto:\u00a0<strong>15\u20ac<\/strong>\u00a0(py\u00f6r\u00e4 ilman moottoria) |\u00a0<strong>25\u20ac - 99\u20ac<\/strong>\u00a0(py\u00f6r\u00e4 moottorilla)<\/p><\/li>\n\n\n\n<li><p style=\"caret-color: #000000; color: #000000;\">Jarrulevyjen oikaisu:\u00a0<strong>9\u20ac - 23\u20ac<\/strong><\/p><\/li>\n\n\n\n<li><p style=\"caret-color: #000000; color: #000000;\">Hydraulisen levyjarrusarjan asennus:\u00a0<strong>55\u20ac<\/strong><\/p><\/li>\n<\/ol>\n\n<p><p style=\"caret-color: #000000; color: #000000;\"><strong>Muiden kuin hinnastoon sis\u00e4ltyvien t\u00f6iden tuntihinta on 59\u20ac-79\u20ac\/h (ty\u00f6n tyypist\u00e4 riippuen)<\/strong><\/p><\/p>\n\n<p><p style=\"caret-color: #000000; color: #000000;\"><strong>*- T\u00f5uksimaailmlma ei takaa, ett\u00e4 ajoneuvo pysyy toimintakuntoisena viritystarkoituksessa tehdyn ohjelmistomuutoksen j\u00e4lkeen.<\/strong>\u00a0<strong>Viritys vaikuttaa varmasti jossain m\u00e4\u00e4rin s\u00e4hk\u00f6moottoripy\u00f6r\u00e4n komponenttien k\u00e4ytt\u00f6ik\u00e4\u00e4n.<\/strong><\/p><\/p>\n\n<p><p style=\"caret-color: #000000; color: #000000;\"><strong>Voimme my\u00f6s suorittaa kaikki suuret ty\u00f6t ensisijaisesti tai valmiustilassa varaosien saatavuuden mukaan.<\/strong>\u00a0<strong>Voit odottaa odotustilassamme.<\/strong>\u00a0<strong>Odotusaikahinta on 50 % (x1,5) hinnastoa korkeampi.<\/strong><\/p><\/p>\n\n<p><p style=\"caret-color: #000000; color: #000000;\"><strong>Vakituisille kuljettajille tarjoamme my\u00f6s mahdollisuuden\u00a0<\/strong><a href=\"http:\/\/www.xn--tuksimaailm-ffb.ee\/rent\/\"><strong>vuokrata<\/strong><\/a><strong>\u00a0korvaavan s\u00e4hk\u00f6skootterin tai moottoripy\u00f6r\u00e4n alennettuunhintaan, kun tuot henkil\u00f6kohtaisen s\u00e4hk\u00f6ajoneuvosi korjaukseen!<\/strong><\/p><\/p>\n\n<h3 class=\"wp-block-heading\" id=\"h-elektrilise-mootorratta-voi-rolleri-hoiustamine-kui-remont-on-valmis\">S\u00c4HK\u00d6MOOTTORIPY\u00d6R\u00c4N TAI SKOOTTERIN VARASTOINTI, KUN KORJAUS ON VALMIS!<\/h3>\n\n<ul class=\"wp-block-list\">\n<li><p style=\"caret-color: #000000; color: #000000;\">Ensimm\u00e4iset 10 kalenterip\u00e4iv\u00e4\u00e4 -\u00a0<strong>0 \u20ac - ilmainen.<\/strong><\/p><\/li>\n\n\n\n<li><p style=\"caret-color: #000000; color: #000000;\">10. kalenterip\u00e4iv\u00e4st\u00e4 alkaen -\u00a0<strong>5\u20ac \/ p\u00e4iv\u00e4<\/strong><\/p><\/li>\n\n\n\n<li><p style=\"caret-color: #000000; color: #000000;\">Varastointi enint\u00e4\u00e4n 1 viikko -\u00a0<strong>35\u20ac<\/strong><\/p><\/li>\n\n\n\n<li><p style=\"caret-color: #000000; color: #000000;\">Varastointi enint\u00e4\u00e4n 1 kuukausi -\u00a0<strong>50\u20ac<\/strong><\/p><\/li>\n\n\n\n<li><p style=\"caret-color: #000000; color: #000000;\">Talletus kuukauden lopusta alkaen -<strong>\u00a045\u20ac \/ kk<\/strong><\/p><\/li>\n<\/ul>\n\n<p class=\"has-text-align-justify\"><p style=\"caret-color: #000000; color: #000000;\"><strong>Kun moottoripy\u00f6r\u00e4si tai skootterisi korjaus on valmis, pyyd\u00e4mme sinua tulemaan noutamaan s\u00e4hk\u00f6ajoneuvosi 10 kalenterip\u00e4iv\u00e4n kuluessa, muutoin veloitamme varastointimaksun, ja my\u00f6s varastointiaikana T\u00f5uksimaailm ei ota vastuuta s\u00e4hk\u00f6moottoripy\u00f6r\u00e4n lataamisesta - jotta akku ei tyhjenisi \/ vuotaisi liian alhaiseksi, pyyd\u00e4mme sinua tulemaan noutamaan s\u00e4hk\u00f6moottoripy\u00f6r\u00e4si mahdollisimman pian.<\/strong><\/p><\/p>\n\n<p class=\"has-text-align-justify\"><p style=\"caret-color: #000000; color: #000000;\"><strong>Jos huollettu s\u00e4hk\u00f6moottoripy\u00f6r\u00e4 on pys\u00e4htynyt pitk\u00e4ksi aikaa seisonta-ajaksi ja akun vikaantumisen vuoksi, suoritetut huolto- ja korjausty\u00f6t sek\u00e4 varastointimaksu on maksettava.<\/strong>\u00a0<strong>Jos Carrying World on ilmoittanut s\u00e4hk\u00f6moottoripy\u00f6r\u00e4n huolto- tai korjaust\u00f6iden keskeytt\u00e4misest\u00e4 (esim. varaosia ei saada), t\u00e4m\u00e4 katsotaan s\u00e4hk\u00f6moottoripy\u00f6r\u00e4n korjaust\u00f6iden p\u00e4\u00e4ttymiseksi ja s\u00e4hk\u00f6moottoripy\u00f6r\u00e4 voidaan my\u00f6s noutaa 10 kalenterip\u00e4iv\u00e4n kuluessa ilman varastointimaksun maksamista.<\/strong><\/p><\/p>\n\n<p class=\"has-text-align-justify\"><p style=\"caret-color: #000000; color: #000000;\"><strong>Jos s\u00e4hk\u00f6moottoripy\u00f6r\u00e4n tai muun kevytmoottoripy\u00f6r\u00e4n korjaus tai huolto on p\u00e4\u00e4ttynyt 3 kuukauden kuluttua ty\u00f6n valmistumisesta (vaadittu takuumaksu ylitt\u00e4\u00e4 45 euroa) eik\u00e4 asiakas ole noutanut ajoneuvoaan, T\u00f5uksimaailman ty\u00f6pajalla on oikeus h\u00e4vitt\u00e4\u00e4 kevytmoottoripy\u00f6r\u00e4 ilmoittamatta siit\u00e4 asiakkaalle.<\/strong><\/p><\/p>\n\n<h2 class=\"wp-block-heading\" id=\"h-plaaniline-hoiustamine\">SUUNNITELTU VARASTOINTI<\/h2>\n\n<p><p style=\"caret-color: #000000; color: #000000;\">T\u00f5uksimaailm tarjoaa my\u00f6s suunniteltua varastointia hiljaisen sesongin aikana,\u00a0<strong>syksyn ja talven aikana 1. marraskuuta-1. huhtikuuta<\/strong>. Kausis\u00e4ilytys maksaa<strong>\u00a0155 \u20ac<\/strong>\u00a0ja sis\u00e4lt\u00e4\u00e4:<\/p><\/p>\n\n<ul class=\"wp-block-list\">\n<li><p style=\"caret-color: #000000; color: #000000;\">Koko Yksinkertainen huoltopaketti\u00a0<strong>hintaan 149\u20ac<\/strong>, sis\u00e4lt\u00e4en s\u00e4hk\u00f6moottoripy\u00f6r\u00e4n pesun\/puhdistuksen.<\/p><\/li>\n\n\n\n<li><p style=\"caret-color: #000000; color: #000000;\">Kuukausittainen akun varaustason tarkistus - pid\u00e4mme s\u00e4hk\u00f6moottoripy\u00f6r\u00e4si Li-Ion-akun\u00a0<strong>optimaalisimmalla varaustasolla - 40-80 %<\/strong>\u00a0(muista tuoda meille laturi t\u00e4t\u00e4 tarkoitusta varten).<\/p><\/li>\n<\/ul>\n\n<h3 class=\"wp-block-heading\" id=\"h-elektrilise-mootorratta-remont-kulleriga-tookotta-saatmine\"><p style=\"caret-color: #000000; color: #000000;\">S\u00c4HK\u00d6MOOTTORIPY\u00d6R\u00c4N KORJAUS -\u00a0<a href=\"http:\/\/www.xn--tuksimaailm-ffb.ee\/fi\/shop\/elektritoukeratta-hooldus-remonti-saatmine-kulleriga\/\">KURIIRIPALVELU KORJAAMOLLE<\/a><\/p><\/h3>\n\n<p><p style=\"caret-color: #000000; color: #000000;\">Jos asut Tallinnan ulkopuolella ja korjaamolle tuleminen olisi aikaa viev\u00e4\u00e4, s\u00e4hk\u00f6moottoripy\u00f6r\u00e4si on mahdollista l\u00e4hett\u00e4\u00e4 korjattavaksi my\u00f6s kuriiripalvelun v\u00e4lityksell\u00e4. Jos korjauslasku ylitt\u00e4\u00e4\u00a0<strong>100\u20ac<\/strong>, l\u00e4het\u00e4mme py\u00f6r\u00e4n takaisin\u00a0<strong>kuriirilla<\/strong>\u00a0ilman lis\u00e4maksua! Jos summa on alle\u00a0<strong>100\u20ac<\/strong>, laskuun lis\u00e4t\u00e4\u00e4n postikulut\u00a0<strong>45,50\u20ac<\/strong>.<\/p><\/p>\n\n<p class=\"has-text-align-justify\"><p style=\"caret-color: #000000; color: #000000;\">Voit my\u00f6s l\u00e4hett\u00e4\u00e4 s\u00e4hk\u00f6polkupy\u00f6r\u00e4n osan, esimerkiksi py\u00f6r\u00e4n, joka tarvitsee sis\u00e4putken vaihdon, kokonaisen navan asennuksen tai moottorikaapelin korjauksen, korjattavaksi. Pakettiautomaattiin mahtuvien osien palautuskulut ovat\u00a0<strong>3,95\u20ac<\/strong>, k\u00e4yt\u00e4mme Itella Smartpost pakettiautomaatteja.<\/p><\/p>\n\n<p class=\"has-text-align-justify\"><p><span style=\"caret-color: #000000; color: #000000;\">Muistathan ilmoittaa asiasta meille kirjeitse ja liitt\u00e4\u00e4 mukaan kuvauksen virheest\u00e4:<\/span><span style=\"caret-color: #000000; color: #000000;\">\u00a0<\/span><strong style=\"caret-color: #000000; color: #000000;\">info@touksimaailm.ee<\/strong><span style=\"caret-color: #000000; color: #000000;\">.<\/span>Paki saaja: <strong>Exocool O\u00dc (T\u00f5uksimaailm)<\/strong><br\/>Aadress: <strong>T\u00f6\u00f6stuse 47a-111, Tallinn, Harjumaa 10416<\/strong><br\/>Telefon: <strong>+372 5303 4917<\/strong><\/p><\/p>\n","protected":false},"excerpt":{"rendered":"<p>S\u00c4HK\u00d6MOOTTORIPY\u00d6RIEN JA -MOPOJEN HUOLTO - HINNASTO YKSINKERTAINEN HUOLTO - 149\u20ac T\u00c4YSIHUOLTO S\u00c4HK\u00d6MOOTTORIPY\u00d6RIEN JA -MOPOJEN KORJAUS -\u00a0HINNASTO T\u00d6IST\u00c4 PY\u00d6R\u00c4, RENKAAT, LAAKERIT ELEKTRONIIKKA, OHJELMISTO \/ FIRMWARE: RUNKO, KAHVA JA HAARUKKA **Eritt\u00e4in likaisen moottoripy\u00f6r\u00e4n huolto\/korjaus - 10\u20ac lis\u00e4maksu siivouksesta. JARRUT Muiden kuin hinnastoon sis\u00e4ltyvien t\u00f6iden tuntihinta on 59\u20ac-79\u20ac\/h (ty\u00f6n tyypist\u00e4 riippuen) *- T\u00f5uksimaailmlma &hellip;<\/p>\n","protected":false},"author":5,"featured_media":0,"parent":0,"menu_order":0,"comment_status":"closed","ping_status":"closed","template":"","meta":{"footnotes":""},"class_list":["post-51774","page","type-page","status-publish","hentry"],"yoast_head":"<!-- This site is optimized with the Yoast SEO Premium plugin v26.8 (Yoast SEO v27.5) - https:\/\/yoast.com\/product\/yoast-seo-premium-wordpress\/ -->\n<title>S\u00c4HK\u00d6MOOTTORIPY\u00d6RIEN JA -MOPOJEN KORJAUS JA HUOLTO &#8212; T\u00f5uksimaailm<\/title>\n<meta name=\"robots\" content=\"index, follow, max-snippet:-1, max-image-preview:large, max-video-preview:-1\" \/>\n<link rel=\"canonical\" href=\"https:\/\/www.xn--tuksimaailm-ffb.ee\/fi\/sahkomoottoripyorien-ja-mopojen-korjaus-ja-huolto\/\" \/>\n<meta property=\"og:locale\" content=\"fi_FI\" \/>\n<meta property=\"og:type\" content=\"article\" \/>\n<meta property=\"og:title\" content=\"S\u00c4HK\u00d6MOOTTORIPY\u00d6RIEN JA -MOPOJEN KORJAUS JA HUOLTO\" \/>\n<meta property=\"og:description\" content=\"S\u00c4HK\u00d6MOOTTORIPY\u00d6RIEN JA -MOPOJEN HUOLTO - HINNASTO YKSINKERTAINEN HUOLTO - 149\u20ac T\u00c4YSIHUOLTO S\u00c4HK\u00d6MOOTTORIPY\u00d6RIEN JA -MOPOJEN KORJAUS -\u00a0HINNASTO T\u00d6IST\u00c4 PY\u00d6R\u00c4, RENKAAT, LAAKERIT ELEKTRONIIKKA, OHJELMISTO \/ FIRMWARE: RUNKO, KAHVA JA HAARUKKA **Eritt\u00e4in likaisen moottoripy\u00f6r\u00e4n huolto\/korjaus - 10\u20ac lis\u00e4maksu siivouksesta. JARRUT Muiden kuin hinnastoon sis\u00e4ltyvien t\u00f6iden tuntihinta on 59\u20ac-79\u20ac\/h (ty\u00f6n tyypist\u00e4 riippuen) *- T\u00f5uksimaailmlma &hellip;\" \/>\n<meta property=\"og:url\" content=\"https:\/\/www.xn--tuksimaailm-ffb.ee\/fi\/sahkomoottoripyorien-ja-mopojen-korjaus-ja-huolto\/\" \/>\n<meta property=\"og:site_name\" content=\"T\u00f5uksimaailm\" \/>\n<meta property=\"article:publisher\" content=\"https:\/\/www.facebook.com\/touksimaailm\/\" \/>\n<meta property=\"article:modified_time\" content=\"2024-12-12T17:59:08+00:00\" \/>\n<meta name=\"twitter:card\" content=\"summary_large_image\" \/>\n<meta name=\"twitter:label1\" content=\"Arvioitu lukuaika\" \/>\n\t<meta name=\"twitter:data1\" content=\"4 minuuttia\" \/>\n<!-- \/ Yoast SEO Premium plugin. -->","yoast_head_json":{"title":"S\u00c4HK\u00d6MOOTTORIPY\u00d6RIEN JA -MOPOJEN KORJAUS JA HUOLTO &#8212; T\u00f5uksimaailm","robots":{"index":"index","follow":"follow","max-snippet":"max-snippet:-1","max-image-preview":"max-image-preview:large","max-video-preview":"max-video-preview:-1"},"canonical":"https:\/\/www.xn--tuksimaailm-ffb.ee\/fi\/sahkomoottoripyorien-ja-mopojen-korjaus-ja-huolto\/","og_locale":"fi_FI","og_type":"article","og_title":"S\u00c4HK\u00d6MOOTTORIPY\u00d6RIEN JA -MOPOJEN KORJAUS JA HUOLTO","og_description":"S\u00c4HK\u00d6MOOTTORIPY\u00d6RIEN JA -MOPOJEN HUOLTO - HINNASTO YKSINKERTAINEN HUOLTO - 149\u20ac T\u00c4YSIHUOLTO S\u00c4HK\u00d6MOOTTORIPY\u00d6RIEN JA -MOPOJEN KORJAUS -\u00a0HINNASTO T\u00d6IST\u00c4 PY\u00d6R\u00c4, RENKAAT, LAAKERIT ELEKTRONIIKKA, OHJELMISTO \/ FIRMWARE: RUNKO, KAHVA JA HAARUKKA **Eritt\u00e4in likaisen moottoripy\u00f6r\u00e4n huolto\/korjaus - 10\u20ac lis\u00e4maksu siivouksesta. JARRUT Muiden kuin hinnastoon sis\u00e4ltyvien t\u00f6iden tuntihinta on 59\u20ac-79\u20ac\/h (ty\u00f6n tyypist\u00e4 riippuen) *- T\u00f5uksimaailmlma &hellip;","og_url":"https:\/\/www.xn--tuksimaailm-ffb.ee\/fi\/sahkomoottoripyorien-ja-mopojen-korjaus-ja-huolto\/","og_site_name":"T\u00f5uksimaailm","article_publisher":"https:\/\/www.facebook.com\/touksimaailm\/","article_modified_time":"2024-12-12T17:59:08+00:00","twitter_card":"summary_large_image","twitter_misc":{"Arvioitu lukuaika":"4 minuuttia"},"schema":{"@context":"https:\/\/schema.org","@graph":[{"@type":"WebPage","@id":"https:\/\/www.xn--tuksimaailm-ffb.ee\/fi\/sahkomoottoripyorien-ja-mopojen-korjaus-ja-huolto\/","url":"https:\/\/www.xn--tuksimaailm-ffb.ee\/fi\/sahkomoottoripyorien-ja-mopojen-korjaus-ja-huolto\/","name":"S\u00c4HK\u00d6MOOTTORIPY\u00d6RIEN JA -MOPOJEN KORJAUS JA HUOLTO &#8212; T\u00f5uksimaailm","isPartOf":{"@id":"https:\/\/www.xn--tuksimaailm-ffb.ee\/fi\/#website"},"datePublished":"2024-05-15T19:54:08+00:00","dateModified":"2024-12-12T17:59:08+00:00","breadcrumb":{"@id":"https:\/\/www.xn--tuksimaailm-ffb.ee\/fi\/sahkomoottoripyorien-ja-mopojen-korjaus-ja-huolto\/#breadcrumb"},"inLanguage":"fi","potentialAction":[{"@type":"ReadAction","target":["https:\/\/www.xn--tuksimaailm-ffb.ee\/fi\/sahkomoottoripyorien-ja-mopojen-korjaus-ja-huolto\/"]}]},{"@type":"BreadcrumbList","@id":"https:\/\/www.xn--tuksimaailm-ffb.ee\/fi\/sahkomoottoripyorien-ja-mopojen-korjaus-ja-huolto\/#breadcrumb","itemListElement":[{"@type":"ListItem","position":1,"name":"Home","item":"https:\/\/www.xn--tuksimaailm-ffb.ee\/fi\/kotisivu\/"},{"@type":"ListItem","position":2,"name":"S\u00c4HK\u00d6MOOTTORIPY\u00d6RIEN JA -MOPOJEN KORJAUS JA HUOLTO"}]},{"@type":"WebSite","@id":"https:\/\/www.xn--tuksimaailm-ffb.ee\/fi\/#website","url":"https:\/\/www.xn--tuksimaailm-ffb.ee\/fi\/","name":"T\u00f5uksimaailm","description":"Elektrit\u00f5ukerataste m\u00fc\u00fck, remont ja rent","publisher":{"@id":"https:\/\/www.xn--tuksimaailm-ffb.ee\/fi\/#organization"},"potentialAction":[{"@type":"SearchAction","target":{"@type":"EntryPoint","urlTemplate":"https:\/\/www.xn--tuksimaailm-ffb.ee\/fi\/?s={search_term_string}"},"query-input":{"@type":"PropertyValueSpecification","valueRequired":true,"valueName":"search_term_string"}}],"inLanguage":"fi"},{"@type":"Organization","@id":"https:\/\/www.xn--tuksimaailm-ffb.ee\/fi\/#organization","name":"T\u00f5uksimaailm","url":"https:\/\/www.xn--tuksimaailm-ffb.ee\/fi\/","logo":{"@type":"ImageObject","inLanguage":"fi","@id":"https:\/\/www.xn--tuksimaailm-ffb.ee\/fi\/#\/schema\/logo\/image\/","url":"https:\/\/www.xn--tuksimaailm-ffb.ee\/wp-content\/uploads\/2020\/01\/logoz-e1579792875517.png","contentUrl":"https:\/\/www.xn--tuksimaailm-ffb.ee\/wp-content\/uploads\/2020\/01\/logoz-e1579792875517.png","width":250,"height":250,"caption":"T\u00f5uksimaailm"},"image":{"@id":"https:\/\/www.xn--tuksimaailm-ffb.ee\/fi\/#\/schema\/logo\/image\/"},"sameAs":["https:\/\/www.facebook.com\/touksimaailm\/","https:\/\/www.instagram.com\/touksimaailm_\/","https:\/\/www.youtube.com\/channel\/UC18ml0EKIDLP1xGuQjFzcXQ"]}]}},"jetpack_sharing_enabled":true,"_links":{"self":[{"href":"https:\/\/www.xn--tuksimaailm-ffb.ee\/fi\/wp-json\/wp\/v2\/pages\/51774","targetHints":{"allow":["GET"]}}],"collection":[{"href":"https:\/\/www.xn--tuksimaailm-ffb.ee\/fi\/wp-json\/wp\/v2\/pages"}],"about":[{"href":"https:\/\/www.xn--tuksimaailm-ffb.ee\/fi\/wp-json\/wp\/v2\/types\/page"}],"author":[{"embeddable":true,"href":"https:\/\/www.xn--tuksimaailm-ffb.ee\/fi\/wp-json\/wp\/v2\/users\/5"}],"replies":[{"embeddable":true,"href":"https:\/\/www.xn--tuksimaailm-ffb.ee\/fi\/wp-json\/wp\/v2\/comments?post=51774"}],"version-history":[{"count":3,"href":"https:\/\/www.xn--tuksimaailm-ffb.ee\/fi\/wp-json\/wp\/v2\/pages\/51774\/revisions"}],"predecessor-version":[{"id":51780,"href":"https:\/\/www.xn--tuksimaailm-ffb.ee\/fi\/wp-json\/wp\/v2\/pages\/51774\/revisions\/51780"}],"wp:attachment":[{"href":"https:\/\/www.xn--tuksimaailm-ffb.ee\/fi\/wp-json\/wp\/v2\/media?parent=51774"}],"curies":[{"name":"wp","href":"https:\/\/api.w.org\/{rel}","templated":true}]}}