{"id":78380,"date":"2025-02-25T20:29:37","date_gmt":"2025-02-25T18:29:37","guid":{"rendered":"https:\/\/www.xn--tuksimaailm-ffb.ee\/sahkoskootterin-renkaanvaihto-i-paivystys-30-minuutissa\/"},"modified":"2026-02-08T21:07:22","modified_gmt":"2026-02-08T19:07:22","slug":"sahkoskootterin-renkaanvaihto-i-paivystys-30-minuutissa","status":"publish","type":"page","link":"https:\/\/www.xn--tuksimaailm-ffb.ee\/fi\/sahkoskootterin-renkaanvaihto-i-paivystys-30-minuutissa\/","title":{"rendered":"S\u00e4hk\u00f6skootterin renkaanvaihto I P\u00e4ivystys 30 minuutissa"},"content":{"rendered":"\n<h2 class=\"wp-block-heading\" id=\"h-elektrilise-toukeratta-rehvivahetus-i-elektritoukeratta-rehvitood\">S\u00c4HK\u00d6SKOOTTERIN RENKAANVAIHTO I S\u00c4HK\u00d6SKOOTTERIN RENGAS TOIMII<\/h2>\n\n<p>Koska s\u00e4\u00e4olosuhteet muuttuvat Virossa jatkuvasti ja tieolosuhteet ovat usein arvaamattomat, sinun on ennemmin tai my\u00f6hemmin v\u00e4ist\u00e4m\u00e4tt\u00e4 vaihdettava s\u00e4hk\u00f6py\u00f6r\u00e4si, s\u00e4hk\u00f6skootterisi tai muun s\u00e4hk\u00f6k\u00e4ytt\u00f6isen kevytpy\u00f6r\u00e4si renkaat. Talvirenkaat, joihin on asennettu nastat, auttavat tarjoamaan riitt\u00e4v\u00e4n pidon j\u00e4isill\u00e4 ja lumisilla teill\u00e4 ja takaavat s\u00e4hk\u00f6potkulautasi, s\u00e4hk\u00f6py\u00f6r\u00e4si tai muun s\u00e4hk\u00f6k\u00e4ytt\u00f6isen skootterisi \/ kevytmoottoripy\u00f6r\u00e4si turvallisuuden. <\/p>\n\n<p>Me Liftworldissa l\u00f6yd\u00e4mme parhaan ja nopeimman ratkaisun rengasleikkuriinne. Voimme auttaa sinua rengaskorjauksissa \/ renkaiden vaihdossa mihin tahansa s\u00e4hk\u00f6potkulautamalliin, s\u00e4hk\u00f6polkupy\u00f6r\u00e4\u00e4n, s\u00e4hk\u00f6k\u00e4ytt\u00f6iseen yksipy\u00f6r\u00e4iseen polkupy\u00f6r\u00e4\u00e4n, tasapainopy\u00f6r\u00e4\u00e4n tai mihin tahansa muuhun s\u00e4hk\u00f6k\u00e4ytt\u00f6iseen kevytpy\u00f6r\u00e4\u00e4n, riippumatta ajoneuvon merkist\u00e4 ja nimest\u00e4. <\/p>\n\n<p>Tallinnan ja Tarton toimipisteiss\u00e4mme on useita satoja eri kokoja sis\u00e4renkaita (my\u00f6s sis\u00e4kumit, vetoputket), maasto- ja maantierenkaita (my\u00f6s ulkokumit), hybridirenkaita, katurenkaita ja nastarenkaita, mukaan lukien nastoitetut umpikumirenkaat.<\/p>\n\n<h2 class=\"wp-block-heading\" id=\"h-kiirtood-ehk-ootetood\">KIIRE- TAI P\u00c4IVYSTYSTY\u00d6<\/h2>\n\n<p>Kokemus py\u00f6r\u00e4tuolimaailmasta on vuosien varrella osoittanut, ett\u00e4 s\u00e4hk\u00f6potkulautojen rengast\u00f6iden kysynt\u00e4 on suurinta silloin, kun l\u00e4mmin kev\u00e4t ja kes\u00e4, kaikkien kaksipy\u00f6r\u00e4isten ajoneuvojen huippusesonki, saapuu, ja kaikilla korjaamoilla on eritt\u00e4in kiireisi\u00e4 aikoja ja pitki\u00e4 jonoja. Siksi tarjoamme asiakkaillemme renkaanvaihtopalvelua varallaolo- \/ kiireellisen\u00e4 ty\u00f6n\u00e4 tilanteissa, joissa korjausjono on pitk\u00e4. Renkaanvaihto p\u00e4ivystyksess\u00e4 kest\u00e4\u00e4 yleens\u00e4 enint\u00e4\u00e4n 30 minuuttia, ja kokeneen korjausasiantuntijan keskim\u00e4\u00e4r\u00e4inen aika on 10-25 minuuttia. Monimutkaisemmissa rengasvaihdoissa, joissa vaihdon ergonomiaa ei ole otettu huomioon tehtaalla ja puolet ajoneuvosta on purettava, voi kest\u00e4\u00e4 jopa 1,5 tuntia. Pikaisen renkaanvaihdon kustannukset ovat 1,5 kertaa korkeammat kuin saman ajoneuvon tavanomaisen renkaanvaihdon kustannukset.    <\/p>\n\n<h2 class=\"wp-block-heading\" id=\"h-ohkrehvid\">LENTOKONEET<\/h2>\n\n<p>Ilmarenkaita on kahta eri tyyppi\u00e4 - <strong> letkuttomia<\/strong> ja <strong> letkullisia<\/strong> renkaita, joilla molemmilla on omat hyv\u00e4t ja huonot puolensa. Sis\u00e4renkaat rikkoutuvat helpommin, mutta ne ovat yleens\u00e4 suhteellisen helppoja ja halpoja vaihtaa verrattuna putkettomiin renkaisiin. Yleisin syy sis\u00e4renkaiden puhkeamiseen on v\u00e4\u00e4r\u00e4 rengaspaine. Putkettomat renkaat puolestaan kest\u00e4v\u00e4t paremmin rengaspaineen vaihteluita ja fyysisi\u00e4 vaurioita, kuten lasinsiruja. Joissakin letkuttomissa renkaissa on jopa puhkeamisen kest\u00e4v\u00e4 kerros, joka parantaa puhkeamisen kest\u00e4vyytt\u00e4 puhkeamisen sattuessa.      <\/p>\n\n<p>Sis\u00e4renkaat l\u00f6ytyv\u00e4t <a href=\"https:\/\/www.t%C3%B5uksimaailm.ee\/tootekategooria\/elektritoukeratta-varuosad\/?swoof=1&amp;pa_tootetuup=siserehvid&amp;really_curr_tax=40-product_cat\">t\u00e4\u00e4lt\u00e4<\/a>, ulkorenkaat ja letkuttomat renkaat <a href=\"https:\/\/www.t%C3%B5uksimaailm.ee\/tootekategooria\/elektritoukeratta-varuosad\/?swoof=1&amp;pa_tootetuup=rehvid&amp;really_curr_tax=40-product_cat\">t\u00e4\u00e4lt\u00e4<\/a>.<\/p>\n\n<h2 class=\"wp-block-heading\" id=\"h-taisrehvid-kargrehvid\">UMPIKUMIRENKAAT \/ KAKSOISRENKAAT<\/h2>\n\n<p>Vaihtoehtona ilmarenkaille ovat umpikumirenkaat, jotka ovat puhkeamattomia ja joita ei tarvitse t\u00e4ytt\u00e4\u00e4. Ainoa haittapuoli huolettomassa ajossa on ajomukavuus, sill\u00e4 rengas pomppii enemm\u00e4n kuin ilmakumirengas, ja joissakin tapauksissa k\u00e4sitelt\u00e4vyys on huonompi. T\u00e4ysrenkaiden asentaminen on vaikeampaa kuin ilmarenkaiden asentaminen, koska t\u00e4ysrenkaat ovat paljon j\u00e4ykempi\u00e4 kuin ilmarenkaat.    <\/p>\n\n<p>Valikoima kenno- ja kiinteit\u00e4 renkaita on n\u00e4ht\u00e4viss\u00e4 <a href=\"https:\/\/www.t%C3%B5uksimaailm.ee\/tootekategooria\/elektritoukeratta-varuosad\/?swoof=1&amp;pa_tootetuup=taisrehvid-kargrehvid&amp;really_curr_tax=40-product_cat\">t\u00e4\u00e4ll\u00e4<\/a>.<\/p>\n\n<h2 class=\"wp-block-heading\" id=\"h-naastrehvid-talverehvid\">NASTARENKAAT \/ TALVIRENKAAT<\/h2>\n\n<p>Mill\u00e4 tahansa s\u00e4hk\u00f6k\u00e4ytt\u00f6isell\u00e4 liikkumisskootterilla voi ajaa talvella, jos se on asianmukaisesti valmisteltu talvea varten. Talviajoa varten on valittava oikeat renkaat turvallisuuden ja ajomukavuuden takaamiseksi. Talviajoon soveltuvia renkaita on kahta p\u00e4\u00e4tyyppi\u00e4 - talvirenkaita eli tasaisia\/maastorenkaita ja nastarenkaita. K\u00e4yt\u00e4nn\u00f6ss\u00e4 kaikkiin maastorenkaisiin voidaan asentaa nastat, jotka voidaan irrottaa kev\u00e4\u00e4n tullessa ja k\u00e4ytt\u00e4\u00e4 samoja renkaita uudelleen. Sama p\u00e4tee my\u00f6s kiinteisiin renkaisiin, jotka voidaan my\u00f6s varustaa nastoilla, jotka voidaan poistaa my\u00f6hemmin.      <\/p>\n\n<h2 class=\"wp-block-heading\" id=\"h-r-ehvitoode-hinnakiri\"><strong>RENGASKORJAUKSEN<\/strong>HINNASTO<\/h2>\n\n<p><strong>S\u00e4hk\u00f6skootterin renkaan vaihto<\/strong><\/p>\n\n<ul class=\"wp-block-list\">\n<li><a href=\"http:\/\/www.xn--tuksimaailm-ffb.ee\/elektritoukeratta-rehvivahetus\/\" target=\"_blank\" rel=\"noreferrer noopener\">Sis\u00e4- ja\/tai ulkokumin<\/a> vaihto: <strong>19\u20ac - 29.5\u20ac<\/strong> (py\u00f6r\u00e4 ilman moottoria) <strong>|<\/strong> <strong>25\u20ac - 69.5\u20ac<\/strong> (py\u00f6r\u00e4 moottorilla).<\/li>\n\n\n\n<li>Kiinte\u00e4n renkaan asentaminen (sis\u00e4- ja ulkorenkaan tilalle) tai kiinte\u00e4n renkaan\/vanteen poistaminen: <strong>25\u20ac - 29,5\u20ac<\/strong> (enint\u00e4\u00e4n 8,5\u2033) <strong>| 35\u20ac - 66\u20ac<\/strong> (10\u2033+).<\/li>\n\n\n\n<li>Asentaminen\/laippaaminen (vaihdon lis\u00e4ksi): <strong>11\u20ac<\/strong>.<\/li>\n\n\n\n<li>Tubeless-renkaan vaihto: <strong>29\u20ac - 47\u20ac<\/strong> (alle 10\u2033) <strong>|<\/strong> <strong>35\u20ac - 66\u20ac<\/strong> (10\u2033+).<\/li>\n\n\n\n<li>Tubeless (letkuttoman) renkaan asennus (sis\u00e4kumi sis\u00e4\u00e4n): <strong>18\u20ac<\/strong>.<\/li>\n\n\n\n<li>Letkuttoman renkaan t\u00e4ytt\u00e4minen rengasrikkovasta-aineella: <strong>18\u20ac<\/strong>.<\/li>\n\n\n\n<li>Nastojen \/ nastojen asentaminen renkaan pintaan (nastat sis\u00e4ltyv\u00e4t hintaan): <strong>35 \u20ac<\/strong>.<\/li>\n<\/ul>\n\n<p><strong>S\u00e4hk\u00f6polkupy\u00f6r\u00e4n renkaan vaihto<\/strong><\/p>\n\n<ul class=\"wp-block-list\">\n<li><a href=\"http:\/\/www.xn--tuksimaailm-ffb.ee\/elektritoukeratta-rehvivahetus\/\" target=\"_blank\" rel=\"noreferrer noopener\">Sis\u00e4- ja\/tai ulkokumin<\/a> vaihto: <strong>19\u20ac - 29.5\u20ac<\/strong> (py\u00f6r\u00e4 ilman moottoria) <strong>|<\/strong> <strong>25\u20ac - 39.5\u20ac<\/strong> (py\u00f6r\u00e4 moottorilla).<\/li>\n\n\n\n<li>Kiinte\u00e4n renkaan asentaminen (sis\u00e4- ja ulkorenkaan tilalle) tai kiinte\u00e4n renkaan\/vanteen poistaminen: <strong>25\u20ac - 29,5\u20ac<\/strong> (enint\u00e4\u00e4n 8,5\u2033) <strong>| 35\u20ac - 66\u20ac<\/strong> (10\u2033+).<\/li>\n\n\n\n<li>Tubeless-renkaan vaihto: <strong>29\u20ac - 47\u20ac<\/strong><\/li>\n\n\n\n<li>Tubeless (letkuttoman) renkaan asennus (sis\u00e4kumi sis\u00e4\u00e4n): <strong>18\u20ac<\/strong>.<\/li>\n\n\n\n<li>Letkuttoman renkaan t\u00e4ytt\u00e4minen rengasrikkovasta-aineella: <strong>18\u20ac<\/strong>.<\/li>\n\n\n\n<li>Nastojen \/ nastojen asennus renkaan pintaan (nastat sis\u00e4ltyv\u00e4t hintaan): <strong>35 - 65 \u20ac.<\/strong><\/li>\n<\/ul>\n\n<p><strong>S\u00e4hk\u00f6moottoripy\u00f6r\u00e4n tai -skootterin renkaat<\/strong><\/p>\n\n<ul class=\"wp-block-list\">\n<li><a href=\"http:\/\/www.xn--tuksimaailm-ffb.ee\/elektritoukeratta-rehvivahetus\/\" target=\"_blank\" rel=\"noreferrer noopener\">Sis\u00e4- ja\/tai ulkokumin<\/a> vaihto: <strong>19\u20ac - 89\u20ac<\/strong>.<\/li>\n\n\n\n<li>Tubeless-renkaan vaihto: <strong>29\u20ac - 97\u20ac<\/strong><\/li>\n\n\n\n<li>Tubeless (letkuttoman) renkaan asennus (sis\u00e4kumi sis\u00e4\u00e4n): <strong>18\u20ac<\/strong>.<\/li>\n\n\n\n<li>Letkuttoman renkaan t\u00e4ytt\u00e4minen rengasrikkovasta-aineella: <strong>18\u20ac<\/strong>.<\/li>\n\n\n\n<li>Nastojen \/ nastojen asentaminen renkaan pintaan (nastat sis\u00e4ltyv\u00e4t hintaan): <strong>55 - 155 \u20ac<\/strong> (nastatyypist\u00e4 riippuen).<\/li>\n<\/ul>\n\n<p><strong>S\u00e4hk\u00f6k\u00e4ytt\u00f6isten yksipy\u00f6r\u00e4isten polkupy\u00f6rien tai rullalautojen rengasty\u00f6t.<\/strong><\/p>\n\n<ul class=\"wp-block-list\">\n<li>Onewheel XR \/ Pint renkaanvaihto:<strong> 69.5\u20ac<\/strong><\/li>\n\n\n\n<li>Yksipy\u00f6r\u00e4isten renkaiden vaihto:<strong> 39 - 90\u20ac<\/strong><\/li>\n<\/ul>\n\n<p><\/p>\n\n<ol class=\"wp-block-list\">\n<li><\/li>\n<\/ol>\n","protected":false},"excerpt":{"rendered":"<p>S\u00c4HK\u00d6SKOOTTERIN RENKAANVAIHTO I S\u00c4HK\u00d6SKOOTTERIN RENGAS TOIMII Koska s\u00e4\u00e4olosuhteet muuttuvat Virossa jatkuvasti ja tieolosuhteet ovat usein arvaamattomat, sinun on ennemmin tai my\u00f6hemmin v\u00e4ist\u00e4m\u00e4tt\u00e4 vaihdettava s\u00e4hk\u00f6py\u00f6r\u00e4si, s\u00e4hk\u00f6skootterisi tai muun s\u00e4hk\u00f6k\u00e4ytt\u00f6isen kevytpy\u00f6r\u00e4si renkaat. Talvirenkaat, joihin on asennettu nastat, auttavat tarjoamaan riitt\u00e4v\u00e4n pidon j\u00e4isill\u00e4 ja lumisilla teill\u00e4 ja takaavat s\u00e4hk\u00f6potkulautasi, s\u00e4hk\u00f6py\u00f6r\u00e4si tai muun s\u00e4hk\u00f6k\u00e4ytt\u00f6isen &hellip;<\/p>\n","protected":false},"author":5,"featured_media":0,"parent":0,"menu_order":0,"comment_status":"closed","ping_status":"closed","template":"","meta":{"footnotes":""},"class_list":["post-78380","page","type-page","status-publish","hentry"],"yoast_head":"<!-- This site is optimized with the Yoast SEO Premium plugin v26.8 (Yoast SEO v27.3) - https:\/\/yoast.com\/product\/yoast-seo-premium-wordpress\/ -->\n<title>S\u00e4hk\u00f6skootterin renkaanvaihto I P\u00e4ivystys 30 minuutissa I T\u00f5uksimaailm%<\/title>\n<meta name=\"description\" content=\"S\u00e4hk\u00f6skootterin renkaanvaihto ja muut rengaspalvelut s\u00e4hk\u00f6skootterille, s\u00e4hk\u00f6py\u00f6r\u00e4lle, tasapainopy\u00f6r\u00e4lle, yksipy\u00f6r\u00e4iselle polkupy\u00f6r\u00e4lle tai Onewheelille.\" \/>\n<meta name=\"robots\" content=\"index, follow, max-snippet:-1, max-image-preview:large, max-video-preview:-1\" \/>\n<link rel=\"canonical\" href=\"https:\/\/www.xn--tuksimaailm-ffb.ee\/fi\/sahkoskootterin-renkaanvaihto-i-paivystys-30-minuutissa\/\" \/>\n<meta property=\"og:locale\" content=\"fi_FI\" \/>\n<meta property=\"og:type\" content=\"article\" \/>\n<meta property=\"og:title\" content=\"S\u00e4hk\u00f6skootterin renkaanvaihto I P\u00e4ivystys 30 minuutissa\" \/>\n<meta property=\"og:description\" content=\"S\u00e4hk\u00f6skootterin renkaanvaihto ja muut rengaspalvelut s\u00e4hk\u00f6skootterille, s\u00e4hk\u00f6py\u00f6r\u00e4lle, tasapainopy\u00f6r\u00e4lle, yksipy\u00f6r\u00e4iselle polkupy\u00f6r\u00e4lle tai Onewheelille.\" \/>\n<meta property=\"og:url\" content=\"https:\/\/www.xn--tuksimaailm-ffb.ee\/fi\/sahkoskootterin-renkaanvaihto-i-paivystys-30-minuutissa\/\" \/>\n<meta property=\"og:site_name\" content=\"T\u00f5uksimaailm\" \/>\n<meta property=\"article:publisher\" content=\"https:\/\/www.facebook.com\/touksimaailm\/\" \/>\n<meta property=\"article:modified_time\" content=\"2026-02-08T19:07:22+00:00\" \/>\n<meta name=\"twitter:card\" content=\"summary_large_image\" \/>\n<meta name=\"twitter:label1\" content=\"Arvioitu lukuaika\" \/>\n\t<meta name=\"twitter:data1\" content=\"4 minuuttia\" \/>\n<!-- \/ Yoast SEO Premium plugin. -->","yoast_head_json":{"title":"S\u00e4hk\u00f6skootterin renkaanvaihto I P\u00e4ivystys 30 minuutissa I T\u00f5uksimaailm%","description":"S\u00e4hk\u00f6skootterin renkaanvaihto ja muut rengaspalvelut s\u00e4hk\u00f6skootterille, s\u00e4hk\u00f6py\u00f6r\u00e4lle, tasapainopy\u00f6r\u00e4lle, yksipy\u00f6r\u00e4iselle polkupy\u00f6r\u00e4lle tai Onewheelille.","robots":{"index":"index","follow":"follow","max-snippet":"max-snippet:-1","max-image-preview":"max-image-preview:large","max-video-preview":"max-video-preview:-1"},"canonical":"https:\/\/www.xn--tuksimaailm-ffb.ee\/fi\/sahkoskootterin-renkaanvaihto-i-paivystys-30-minuutissa\/","og_locale":"fi_FI","og_type":"article","og_title":"S\u00e4hk\u00f6skootterin renkaanvaihto I P\u00e4ivystys 30 minuutissa","og_description":"S\u00e4hk\u00f6skootterin renkaanvaihto ja muut rengaspalvelut s\u00e4hk\u00f6skootterille, s\u00e4hk\u00f6py\u00f6r\u00e4lle, tasapainopy\u00f6r\u00e4lle, yksipy\u00f6r\u00e4iselle polkupy\u00f6r\u00e4lle tai Onewheelille.","og_url":"https:\/\/www.xn--tuksimaailm-ffb.ee\/fi\/sahkoskootterin-renkaanvaihto-i-paivystys-30-minuutissa\/","og_site_name":"T\u00f5uksimaailm","article_publisher":"https:\/\/www.facebook.com\/touksimaailm\/","article_modified_time":"2026-02-08T19:07:22+00:00","twitter_card":"summary_large_image","twitter_misc":{"Arvioitu lukuaika":"4 minuuttia"},"schema":{"@context":"https:\/\/schema.org","@graph":[{"@type":"WebPage","@id":"https:\/\/www.xn--tuksimaailm-ffb.ee\/fi\/sahkoskootterin-renkaanvaihto-i-paivystys-30-minuutissa\/","url":"https:\/\/www.xn--tuksimaailm-ffb.ee\/fi\/sahkoskootterin-renkaanvaihto-i-paivystys-30-minuutissa\/","name":"S\u00e4hk\u00f6skootterin renkaanvaihto I P\u00e4ivystys 30 minuutissa I T\u00f5uksimaailm%","isPartOf":{"@id":"https:\/\/www.xn--tuksimaailm-ffb.ee\/fi\/#website"},"datePublished":"2025-02-25T18:29:37+00:00","dateModified":"2026-02-08T19:07:22+00:00","description":"S\u00e4hk\u00f6skootterin renkaanvaihto ja muut rengaspalvelut s\u00e4hk\u00f6skootterille, s\u00e4hk\u00f6py\u00f6r\u00e4lle, tasapainopy\u00f6r\u00e4lle, yksipy\u00f6r\u00e4iselle polkupy\u00f6r\u00e4lle tai Onewheelille.","breadcrumb":{"@id":"https:\/\/www.xn--tuksimaailm-ffb.ee\/fi\/sahkoskootterin-renkaanvaihto-i-paivystys-30-minuutissa\/#breadcrumb"},"inLanguage":"fi","potentialAction":[{"@type":"ReadAction","target":["https:\/\/www.xn--tuksimaailm-ffb.ee\/fi\/sahkoskootterin-renkaanvaihto-i-paivystys-30-minuutissa\/"]}]},{"@type":"BreadcrumbList","@id":"https:\/\/www.xn--tuksimaailm-ffb.ee\/fi\/sahkoskootterin-renkaanvaihto-i-paivystys-30-minuutissa\/#breadcrumb","itemListElement":[{"@type":"ListItem","position":1,"name":"Home","item":"https:\/\/www.xn--tuksimaailm-ffb.ee\/fi\/kotisivu\/"},{"@type":"ListItem","position":2,"name":"S\u00e4hk\u00f6skootterin renkaanvaihto I P\u00e4ivystys 30 minuutissa"}]},{"@type":"WebSite","@id":"https:\/\/www.xn--tuksimaailm-ffb.ee\/fi\/#website","url":"https:\/\/www.xn--tuksimaailm-ffb.ee\/fi\/","name":"T\u00f5uksimaailm","description":"Elektrit\u00f5ukerataste m\u00fc\u00fck, remont ja rent","publisher":{"@id":"https:\/\/www.xn--tuksimaailm-ffb.ee\/fi\/#organization"},"potentialAction":[{"@type":"SearchAction","target":{"@type":"EntryPoint","urlTemplate":"https:\/\/www.xn--tuksimaailm-ffb.ee\/fi\/?s={search_term_string}"},"query-input":{"@type":"PropertyValueSpecification","valueRequired":true,"valueName":"search_term_string"}}],"inLanguage":"fi"},{"@type":"Organization","@id":"https:\/\/www.xn--tuksimaailm-ffb.ee\/fi\/#organization","name":"T\u00f5uksimaailm","url":"https:\/\/www.xn--tuksimaailm-ffb.ee\/fi\/","logo":{"@type":"ImageObject","inLanguage":"fi","@id":"https:\/\/www.xn--tuksimaailm-ffb.ee\/fi\/#\/schema\/logo\/image\/","url":"https:\/\/www.xn--tuksimaailm-ffb.ee\/wp-content\/uploads\/2020\/01\/logoz-e1579792875517.png","contentUrl":"https:\/\/www.xn--tuksimaailm-ffb.ee\/wp-content\/uploads\/2020\/01\/logoz-e1579792875517.png","width":250,"height":250,"caption":"T\u00f5uksimaailm"},"image":{"@id":"https:\/\/www.xn--tuksimaailm-ffb.ee\/fi\/#\/schema\/logo\/image\/"},"sameAs":["https:\/\/www.facebook.com\/touksimaailm\/","https:\/\/www.instagram.com\/touksimaailm_\/","https:\/\/www.youtube.com\/channel\/UC18ml0EKIDLP1xGuQjFzcXQ"]}]}},"jetpack_sharing_enabled":true,"_links":{"self":[{"href":"https:\/\/www.xn--tuksimaailm-ffb.ee\/fi\/wp-json\/wp\/v2\/pages\/78380","targetHints":{"allow":["GET"]}}],"collection":[{"href":"https:\/\/www.xn--tuksimaailm-ffb.ee\/fi\/wp-json\/wp\/v2\/pages"}],"about":[{"href":"https:\/\/www.xn--tuksimaailm-ffb.ee\/fi\/wp-json\/wp\/v2\/types\/page"}],"author":[{"embeddable":true,"href":"https:\/\/www.xn--tuksimaailm-ffb.ee\/fi\/wp-json\/wp\/v2\/users\/5"}],"replies":[{"embeddable":true,"href":"https:\/\/www.xn--tuksimaailm-ffb.ee\/fi\/wp-json\/wp\/v2\/comments?post=78380"}],"version-history":[{"count":1,"href":"https:\/\/www.xn--tuksimaailm-ffb.ee\/fi\/wp-json\/wp\/v2\/pages\/78380\/revisions"}],"predecessor-version":[{"id":78381,"href":"https:\/\/www.xn--tuksimaailm-ffb.ee\/fi\/wp-json\/wp\/v2\/pages\/78380\/revisions\/78381"}],"wp:attachment":[{"href":"https:\/\/www.xn--tuksimaailm-ffb.ee\/fi\/wp-json\/wp\/v2\/media?parent=78380"}],"curies":[{"name":"wp","href":"https:\/\/api.w.org\/{rel}","templated":true}]}}