{"id":25978,"date":"2022-12-01T14:04:27","date_gmt":"2022-12-01T14:04:27","guid":{"rendered":"http:\/\/www.xn--tuksimaailm-ffb.ee\/shop\/segway-ninebot-ekickscooter-zing-a6-sahkopotkulauta\/"},"modified":"2024-11-08T12:16:04","modified_gmt":"2024-11-08T09:16:04","slug":"segway-ninebot-ekickscooter-zing-a6-sahkopotkulauta","status":"publish","type":"product","link":"https:\/\/www.xn--tuksimaailm-ffb.ee\/fi\/shop\/segway-ninebot-ekickscooter-zing-a6-sahkopotkulauta\/","title":{"rendered":"Segway Ninebot eKickScooter ZING A6 s\u00e4hk\u00f6potkulauta"},"content":{"rendered":"<h2 style=\"text-align: center;\">SEGWAY NINEBOT eKICKSCOOTER ZING A6 - TUOTEKUVAUS<\/h2>\n<p>Segway Ninebot eKickScooter ZING A6, lasten s\u00e4hk\u00f6potkulauta on vallankumouksellinen muutos s\u00e4hk\u00f6potkulautojen maailmassa. Segway on kuunnellut nuorimpien lastemme vaatimuksia ja luonut silmi\u00e4 hivelev\u00e4n, mahtavan ja kompaktin s\u00e4hk\u00f6potkulaudan. Lis\u00e4ksi Segway Ninebot ZING A6 -s\u00e4hk\u00f6skootteri on helppok\u00e4ytt\u00f6inen innovatiivisten ratkaisujensa ansiosta. ZING-sarjan s\u00e4hk\u00f6skootterit ovat Segwayn pienimpi\u00e4 malleja. S\u00e4hk\u00f6potkulauta kytkeytyy p\u00e4\u00e4lle ja pois automaattisesti, sinun tarvitsee vain astua jalustassa olevalle painikkeelle \/ polkimelle, jotta voit aloittaa ajamisen. Paina kaasua ja olet valmis l\u00e4htem\u00e4\u00e4n! Segway Ninebot eKickScooter ZING A6 -s\u00e4hk\u00f6skootteri on varustettu huomiota her\u00e4tt\u00e4vill\u00e4 valoilla sek\u00e4 potkulaudassa ett\u00e4 etupy\u00f6r\u00e4ss\u00e4. Py\u00f6r\u00e4t on valmistettu tukevasta materiaalista ja ne ovat my\u00f6s huolettomat. Lyhyesti sanottuna skootterissa ei ole s\u00e4hk\u00f6potkulaudoille ominaista sis\u00e4ist\u00e4 ilmakumia. ZING-sarjan s\u00e4hk\u00f6skootterit on varustettu erityiskahvoilla, jotka on valmistettu helposti puhdistettavasta, liukumattomasta materiaalista. ZING A6 -s\u00e4hk\u00f6skootteri sopii kaikkiin henkil\u00f6autoihin. Ihanteellinen s\u00e4hk\u00f6skootteri lapsille nauttimaan ensimm\u00e4isist\u00e4 ajeluistaan, harjoittelemaan tasapainoa ja liikkuvuutta.<\/p>\n<p><iframe title=\"Segway-Ninebot ekickscooter A6\" width=\"1082\" height=\"609\" src=\"https:\/\/www.youtube.com\/embed\/gAv5DQYC3rU?feature=oembed\" frameborder=\"0\" allow=\"accelerometer; autoplay; clipboard-write; encrypted-media; gyroscope; picture-in-picture\" allowfullscreen><\/iframe><\/p>\n<h2 style=\"text-align: center;\">TEKNINEN KUVAUS<\/h2>\n<p>Segway Ninebot ZING A6 -s\u00e4hk\u00f6potkulauta on varustettu kest\u00e4v\u00e4ll\u00e4 5 tuuman etu- ja 4 tuuman takarenkaalla ilman sis\u00e4kumia, jotta ajo olisi huoletonta. Segway Ninebot ZING A6 -s\u00e4hk\u00f6skootterin virtal\u00e4hteen\u00e4 on <strong>2500mAh (27Wh)<\/strong> akku, jolla voi ajaa <strong>jopa 5km:n<\/strong> matkan. Lyhyemm\u00e4st\u00e4 ajomatkasta huolimatta Segway Ninebot eKickScooter Zing A6 -s\u00e4hk\u00f6skootteri on t\u00e4ydellinen liikkumisv\u00e4line lapsellesi koulumatkoille ja muille lyhyille matkoille, sill\u00e4 <strong>akun lataaminen 0 prosentista 100 prosenttiin kest\u00e4\u00e4 vain 3,5 tuntia!<\/strong> Kompaktin kokonsa ja painonsa ansiosta s\u00e4hk\u00f6skootteria voi helposti ty\u00f6nt\u00e4\u00e4 lapsen jalalla, kun akku loppuu.<\/p>\n<p>S\u00e4hk\u00f6skootteri on valmistettu tukevasta materiaalista, ja se pystyy kantamaan jopa 40kg. S\u00e4hk\u00f6skootteri sopii 6-10-vuotiaille lapsille ja on t\u00e4ydellinen ensimm\u00e4inen s\u00e4hk\u00f6potkulauta nuoremmille lapsille.<\/p>\n<p>S\u00e4hk\u00f6skootterissa on 50W:n moottori (maksimissaan 80W), joka kykenee saavuttamaan 12km\/h huippunopeuden. N\u00e4in ollen skootteri ei kykene saavuttamaan lapselle mahdollisesti vaarallisia nopeuksia. S\u00e4hk\u00f6skootterissa on my\u00f6s elektroniset vaihteet, jotka ovat helposti vaihdettavissa - painamalla kolme kertaa per\u00e4kk\u00e4in takajarrua, joka toimii my\u00f6s lokasuojana.<\/p>\n<p>S\u00e4hk\u00f6skootteri on varustettu eritt\u00e4in hienoilla ja viihtyisill\u00e4 jalustavaloilla, jotka syttyv\u00e4t heti, kun kuljettaja astuu jalustalle. Liikkeest\u00e4 aktivoituvat valot sijaitsevat etupy\u00f6r\u00e4n sis\u00e4ll\u00e4. T\u00e4m\u00e4 ratkaisu tekee Segway Ninebot eKicksScooter ZING A6 -s\u00e4hk\u00f6skootterista eritt\u00e4in n\u00e4kyv\u00e4n liikenteess\u00e4 ja my\u00f6s turvallisemman. <strong>S\u00e4hk\u00f6skootterilla on IPX4-suojausluokitus (kosteus- ja roiskevesisuojaus)<\/strong>.<\/p>\n<p><a href=\"https:\/\/www.youtube.com\/watch?v=EaI1A_llISI\">Englanninkielinen opetusvideo<\/a> Segway Ninebot eKicksScooter ZING A6:n aktivoimisesta lapselle.<\/p>\n<p><strong>\"Kun ostat skootterin liikkeest\u00e4mme, saat kaikki <a href=\"http:\/\/www.xn--tuksimaailm-ffb.ee\/tootekategooria\/lisavarustus\/\">lis\u00e4varusteet<\/a>\u00a0 puoleen hintaan skootterin oston yhteydess\u00e4!\"<\/strong><\/p>\n<table class=\"tg\" style=\"border-collapse: collapse; max-width: 600px; border-spacing: 0; margin: 0px auto;\">\n<tbody>\n<tr>\n<td style=\"background-color: #e4e1e1; color: #333333; font-family: inherit; font-size: 14px; font-weight: bold; overflow: hidden; padding: 5px 5px; text-align: center; vertical-align: top; word-break: normal; border: 1px solid;\" colspan=\"2\">Tekniset tiedot<\/td>\n<\/tr>\n<tr>\n<td style=\"background-color: #e4e1e1; color: #333333; font-family: inherit; font-size: 14px; font-weight: bold; overflow: hidden; padding: 5px 5px; text-align: right; vertical-align: top; word-break: normal; border: 1px solid;\">Paino<\/td>\n<td style=\"font-family: inherit; font-size: 14px; overflow: hidden; padding: 5px 5px; text-align: center; vertical-align: top; word-break: normal; border: 1px solid;\">4.6kg<\/td>\n<\/tr>\n<tr>\n<td style=\"background-color: #e4e1e1; color: #333333; font-family: inherit; font-size: 14px; font-weight: bold; overflow: hidden; padding: 5px 5px; text-align: right; vertical-align: top; word-break: normal; border: 1px solid;\">Nopeus<\/td>\n<td style=\"font-family: inherit; font-size: 14px; overflow: hidden; padding: 5px 5px; text-align: center; vertical-align: top; word-break: normal; border: 1px solid;\">tuotajanopeus 12km\/h<\/td>\n<\/tr>\n<tr>\n<td style=\"background-color: #e4e1e1; color: #333333; font-family: inherit; font-size: 14px; font-weight: bold; overflow: hidden; padding: 5px 5px; text-align: right; vertical-align: top; word-break: normal; border: 1px solid;\">Akku<\/td>\n<td style=\"font-family: inherit; font-size: 14px; overflow: hidden; padding: 5px 5px; text-align: center; vertical-align: top; word-break: normal; border: 1px solid;\">27Wh (2500mAh)<\/td>\n<\/tr>\n<tr>\n<td style=\"background-color: #e4e1e1; color: #333333; font-family: inherit; font-size: 14px; font-weight: bold; overflow: hidden; padding: 5px 5px; text-align: right; vertical-align: top; word-break: normal; border: 1px solid;\">Moottori<\/td>\n<td style=\"font-family: inherit; font-size: 14px; overflow: hidden; padding: 5px 5px; text-align: center; vertical-align: top; word-break: normal; border: 1px solid;\">valmistajateho 50W(max 80w)<\/td>\n<\/tr>\n<tr>\n<td style=\"background-color: #e4e1e1; color: #333333; font-family: inherit; font-size: 14px; font-weight: bold; overflow: hidden; padding: 5px 5px; text-align: right; vertical-align: top; word-break: normal; border: 1px solid;\">Vedenpit\u00e4vyys<\/td>\n<td style=\"font-family: inherit; font-size: 14px; overflow: hidden; padding: 5px 5px; text-align: center; vertical-align: top; word-break: normal; border: 1px solid;\">IPX4<\/td>\n<\/tr>\n<tr>\n<td style=\"background-color: #e4e1e1; color: #333333; font-family: inherit; font-size: 14px; font-weight: bold; overflow: hidden; padding: 5px 5px; text-align: right; vertical-align: top; word-break: normal; border: 1px solid;\">Latausaika<\/td>\n<td style=\"font-family: inherit; font-size: 14px; overflow: hidden; padding: 5px 5px; text-align: center; vertical-align: top; word-break: normal; border: 1px solid;\">3.5h<\/td>\n<\/tr>\n<tr>\n<td style=\"background-color: #e4e1e1; color: #333333; font-family: inherit; font-size: 14px; font-weight: bold; overflow: hidden; padding: 5px 5px; text-align: right; vertical-align: top; word-break: normal; border: 1px solid;\">Ajomatka (valmistajan m\u00e4\u00e4rittely)<\/td>\n<td style=\"font-family: inherit; font-size: 14px; overflow: hidden; padding: 5px 5px; text-align: center; vertical-align: top; word-break: normal; border: 1px solid;\">jopa 5km<\/td>\n<\/tr>\n<tr>\n<td style=\"background-color: #e4e1e1; color: #333333; font-family: inherit; font-size: 14px; font-weight: bold; overflow: hidden; padding: 5px 5px; text-align: right; vertical-align: top; word-break: normal; border: 1px solid;\">Valot<\/td>\n<td style=\"font-family: inherit; font-size: 14px; overflow: hidden; padding: 5px 5px; text-align: center; vertical-align: top; word-break: normal; border: 1px solid;\">jalusta ja etupy\u00f6r\u00e4<\/td>\n<\/tr>\n<tr>\n<td style=\"background-color: #e4e1e1; color: #333333; font-family: inherit; font-size: 14px; font-weight: bold; overflow: hidden; padding: 5px 5px; text-align: right; vertical-align: top; word-break: normal; border: 1px solid;\">Jarrut<\/td>\n<td style=\"font-family: inherit; font-size: 14px; overflow: hidden; padding: 5px 5px; text-align: center; vertical-align: top; word-break: normal; border: 1px solid;\">jalkak\u00e4ytt\u00f6inen takajarru<\/td>\n<\/tr>\n<tr>\n<td style=\"background-color: #e4e1e1; color: #333333; font-family: inherit; font-size: 14px; font-weight: bold; overflow: hidden; padding: 5px 5px; text-align: right; vertical-align: top; word-break: normal; border: 1px solid;\">Renkaat<\/td>\n<td style=\"font-family: inherit; font-size: 14px; overflow: hidden; padding: 5px 5px; text-align: center; vertical-align: top; word-break: normal; border: 1px solid;\">5\" etu ja 4\" taka - ilman sis\u00e4kumia<\/td>\n<\/tr>\n<tr>\n<td style=\"background-color: #e4e1e1; color: #333333; font-family: inherit; font-size: 14px; font-weight: bold; overflow: hidden; padding: 5px 5px; text-align: right; vertical-align: top; word-break: normal; border: 1px solid;\">Painorajoitus<\/td>\n<td style=\"font-family: inherit; font-size: 14px; overflow: hidden; padding: 5px 5px; text-align: center; vertical-align: top; word-break: normal; border: 1px solid;\">40kg<\/td>\n<\/tr>\n<tr>\n<td style=\"background-color: #e4e1e1; color: #333333; font-family: inherit; font-size: 14px; font-weight: bold; overflow: hidden; padding: 5px 5px; text-align: right; vertical-align: top; word-break: normal; border: 1px solid;\">Materiali<\/td>\n<td style=\"font-family: inherit; font-size: 14px; overflow: hidden; padding: 5px 5px; text-align: center; vertical-align: top; word-break: normal; border: 1px solid;\">Alumiinirunko, kantavat osat ruostumatonta ter\u00e4st\u00e4<\/p>\n<\/td>\n<\/tr>\n<\/tbody>\n<\/table>\n","protected":false},"excerpt":{"rendered":"<p><strong>Kaikki\u00a0<a href=\"http:\/\/www.xn--tuksimaailm-ffb.ee\/tootekategooria\/lisavarustus\/\">lis\u00e4varusteet<\/a>\u00a0ja\u00a0<a href=\"https:\/\/www.xn\u2014tuksimaailm-ffb.ee\/tootekategooria\/elektritoukeratta-varuosad\/\">varaosat<\/a> ovat\u00a0-20%, kun ne ostetaan s\u00e4hk\u00f6skootterin kanssa. Alennus otetaan automaattisesti k\u00e4ytt\u00f6\u00f6n, kun lis\u00e4\u00e4t sen ostoskoriin!<\/strong><\/p>\n<p><em><strong>Toimitusaika: 1-5tp<\/p>\n<p><\/strong><\/em><\/p>\n","protected":false},"featured_media":25517,"template":"","meta":[],"product_brand":[],"product_cat":[926],"product_tag":[],"filter_elektritoukeratas":[],"class_list":{"0":"post-25978","1":"product","2":"type-product","3":"status-publish","4":"has-post-thumbnail","6":"product_cat-sahkopotkulaudat-fi","7":"pa_aku-mahutavus-wh-27-fi","8":"pa_kaal-kg-4-6-fi","9":"pa_kandevoime-kg-40-fi","10":"pa_labisoit-arvutuslik-km-2-fi","11":"pa_mootorite-arv-uhe-mootoriga-fi","12":"pa_muuja-platvormil-touksimaailm-exocool-ou-fi","13":"pa_piiramata-tippkiirus-kmh-12-fi","14":"pa_tootetuup-elektritoukeratas-fi","15":"pa_valmistaja-segway-fi","16":"pa_voimsus-w-50-fi","18":"first","19":"instock","20":"taxable","21":"shipping-taxable","22":"purchasable","23":"product-type-simple"},"yoast_head":"<!-- This site is optimized with the Yoast SEO Premium plugin v26.8 (Yoast SEO v27.5) - https:\/\/yoast.com\/product\/yoast-seo-premium-wordpress\/ -->\n<title>Segway Ninebot eKickScooter ZING A6 s\u00e4hk\u00f6potkulauta<\/title>\n<meta name=\"description\" content=\"Segway Ninebot eKickScooter ZING A6, \u00fclimalt vinge elektrit\u00f5ukeratas lapsele esimesteks s\u00f5itudeks. Elektriline t\u00f5ukeratas, mis sobib lastele 6-10a.\" \/>\n<meta name=\"robots\" content=\"index, follow, max-snippet:-1, max-image-preview:large, max-video-preview:-1\" \/>\n<link rel=\"canonical\" href=\"https:\/\/www.xn--tuksimaailm-ffb.ee\/fi\/shop\/segway-ninebot-ekickscooter-zing-a6-sahkopotkulauta\/\" \/>\n<meta property=\"og:locale\" content=\"fi_FI\" \/>\n<meta property=\"og:type\" content=\"article\" \/>\n<meta property=\"og:title\" content=\"Segway Ninebot eKickScooter ZING A6 s\u00e4hk\u00f6potkulauta\" \/>\n<meta property=\"og:description\" content=\"Segway Ninebot eKickScooter ZING A6, \u00fclimalt vinge elektrit\u00f5ukeratas lapsele esimesteks s\u00f5itudeks. Elektriline t\u00f5ukeratas, mis sobib lastele 6-10a.\" \/>\n<meta property=\"og:url\" content=\"https:\/\/www.xn--tuksimaailm-ffb.ee\/fi\/shop\/segway-ninebot-ekickscooter-zing-a6-sahkopotkulauta\/\" \/>\n<meta property=\"og:site_name\" content=\"T\u00f5uksimaailm\" \/>\n<meta property=\"article:publisher\" content=\"https:\/\/www.facebook.com\/touksimaailm\/\" \/>\n<meta property=\"article:modified_time\" content=\"2024-11-08T09:16:04+00:00\" \/>\n<meta property=\"og:image\" content=\"https:\/\/www.xn--tuksimaailm-ffb.ee\/wp-content\/uploads\/2022\/12\/Segway-eKickScooter-ZING-A6-1.png\" \/>\n\t<meta property=\"og:image:width\" content=\"761\" \/>\n\t<meta property=\"og:image:height\" content=\"1020\" \/>\n\t<meta property=\"og:image:type\" content=\"image\/png\" \/>\n<meta name=\"twitter:card\" content=\"summary_large_image\" \/>\n<meta name=\"twitter:label1\" content=\"Hinta\" \/>\n\t<meta name=\"twitter:data1\" content=\"&euro;225.00\" \/>\n\t<meta name=\"twitter:label2\" content=\"Saatavuus\" \/>\n\t<meta name=\"twitter:data2\" content=\"Varastossa\" \/>\n<meta property=\"product:price:amount\" content=\"225.00\" \/>\n<meta property=\"product:price:currency\" content=\"EUR\" \/>\n<meta property=\"og:availability\" content=\"instock\" \/>\n<meta property=\"product:availability\" content=\"instock\" \/>\n<meta property=\"product:retailer_item_id\" content=\"Ninebot_Zing-A6-1\" \/>\n<meta property=\"product:condition\" content=\"new\" \/>\n<!-- \/ Yoast SEO Premium plugin. -->","yoast_head_json":{"title":"Segway Ninebot eKickScooter ZING A6 s\u00e4hk\u00f6potkulauta","description":"Segway Ninebot eKickScooter ZING A6, \u00fclimalt vinge elektrit\u00f5ukeratas lapsele esimesteks s\u00f5itudeks. Elektriline t\u00f5ukeratas, mis sobib lastele 6-10a.","robots":{"index":"index","follow":"follow","max-snippet":"max-snippet:-1","max-image-preview":"max-image-preview:large","max-video-preview":"max-video-preview:-1"},"canonical":"https:\/\/www.xn--tuksimaailm-ffb.ee\/fi\/shop\/segway-ninebot-ekickscooter-zing-a6-sahkopotkulauta\/","og_locale":"fi_FI","og_type":"article","og_title":"Segway Ninebot eKickScooter ZING A6 s\u00e4hk\u00f6potkulauta","og_description":"Segway Ninebot eKickScooter ZING A6, \u00fclimalt vinge elektrit\u00f5ukeratas lapsele esimesteks s\u00f5itudeks. Elektriline t\u00f5ukeratas, mis sobib lastele 6-10a.","og_url":"https:\/\/www.xn--tuksimaailm-ffb.ee\/fi\/shop\/segway-ninebot-ekickscooter-zing-a6-sahkopotkulauta\/","og_site_name":"T\u00f5uksimaailm","article_publisher":"https:\/\/www.facebook.com\/touksimaailm\/","article_modified_time":"2024-11-08T09:16:04+00:00","og_image":[{"width":761,"height":1020,"url":"https:\/\/www.xn--tuksimaailm-ffb.ee\/wp-content\/uploads\/2022\/12\/Segway-eKickScooter-ZING-A6-1.png","type":"image\/png"}],"twitter_card":"summary_large_image","twitter_misc":{"Hinta":"&euro;225.00","Saatavuus":"Varastossa"},"schema":{"@context":"https:\/\/schema.org","@graph":[{"@type":"WebPage","@id":"https:\/\/www.xn--tuksimaailm-ffb.ee\/fi\/shop\/segway-ninebot-ekickscooter-zing-a6-sahkopotkulauta\/","url":"https:\/\/www.xn--tuksimaailm-ffb.ee\/fi\/shop\/segway-ninebot-ekickscooter-zing-a6-sahkopotkulauta\/","name":"Segway Ninebot eKickScooter ZING A6 s\u00e4hk\u00f6potkulauta","isPartOf":{"@id":"https:\/\/www.xn--tuksimaailm-ffb.ee\/fi\/#website"},"primaryImageOfPage":{"@id":"https:\/\/www.xn--tuksimaailm-ffb.ee\/fi\/shop\/segway-ninebot-ekickscooter-zing-a6-sahkopotkulauta\/#primaryimage"},"image":{"@id":"https:\/\/www.xn--tuksimaailm-ffb.ee\/fi\/shop\/segway-ninebot-ekickscooter-zing-a6-sahkopotkulauta\/#primaryimage"},"thumbnailUrl":"https:\/\/www.xn--tuksimaailm-ffb.ee\/wp-content\/uploads\/2022\/12\/Segway-eKickScooter-ZING-A6-1.png","datePublished":"2022-12-01T14:04:27+00:00","dateModified":"2024-11-08T09:16:04+00:00","description":"Segway Ninebot eKickScooter ZING A6, \u00fclimalt vinge elektrit\u00f5ukeratas lapsele esimesteks s\u00f5itudeks. Elektriline t\u00f5ukeratas, mis sobib lastele 6-10a.","breadcrumb":{"@id":"https:\/\/www.xn--tuksimaailm-ffb.ee\/fi\/shop\/segway-ninebot-ekickscooter-zing-a6-sahkopotkulauta\/#breadcrumb"},"inLanguage":"fi","potentialAction":[{"@type":"ReadAction","target":["https:\/\/www.xn--tuksimaailm-ffb.ee\/fi\/shop\/segway-ninebot-ekickscooter-zing-a6-sahkopotkulauta\/"]}]},{"@type":"ImageObject","inLanguage":"fi","@id":"https:\/\/www.xn--tuksimaailm-ffb.ee\/fi\/shop\/segway-ninebot-ekickscooter-zing-a6-sahkopotkulauta\/#primaryimage","url":"https:\/\/www.xn--tuksimaailm-ffb.ee\/wp-content\/uploads\/2022\/12\/Segway-eKickScooter-ZING-A6-1.png","contentUrl":"https:\/\/www.xn--tuksimaailm-ffb.ee\/wp-content\/uploads\/2022\/12\/Segway-eKickScooter-ZING-A6-1.png","width":761,"height":1020,"caption":"Segway Ninebot eKickScooter ZING A6 s\u00e4hk\u00f6potkulauta"},{"@type":"BreadcrumbList","@id":"https:\/\/www.xn--tuksimaailm-ffb.ee\/fi\/shop\/segway-ninebot-ekickscooter-zing-a6-sahkopotkulauta\/#breadcrumb","itemListElement":[{"@type":"ListItem","position":1,"name":"Home","item":"https:\/\/www.xn--tuksimaailm-ffb.ee\/fi\/kotisivu\/"},{"@type":"ListItem","position":2,"name":"Kauppa","item":"https:\/\/www.xn--tuksimaailm-ffb.ee\/elektritoukerataste-pood\/"},{"@type":"ListItem","position":3,"name":"Segway Ninebot eKickScooter ZING A6 s\u00e4hk\u00f6potkulauta"}]},{"@type":"WebSite","@id":"https:\/\/www.xn--tuksimaailm-ffb.ee\/fi\/#website","url":"https:\/\/www.xn--tuksimaailm-ffb.ee\/fi\/","name":"T\u00f5uksimaailm","description":"Elektrit\u00f5ukerataste m\u00fc\u00fck, remont ja rent","publisher":{"@id":"https:\/\/www.xn--tuksimaailm-ffb.ee\/fi\/#organization"},"potentialAction":[{"@type":"SearchAction","target":{"@type":"EntryPoint","urlTemplate":"https:\/\/www.xn--tuksimaailm-ffb.ee\/fi\/?s={search_term_string}"},"query-input":{"@type":"PropertyValueSpecification","valueRequired":true,"valueName":"search_term_string"}}],"inLanguage":"fi"},{"@type":"Organization","@id":"https:\/\/www.xn--tuksimaailm-ffb.ee\/fi\/#organization","name":"T\u00f5uksimaailm","url":"https:\/\/www.xn--tuksimaailm-ffb.ee\/fi\/","logo":{"@type":"ImageObject","inLanguage":"fi","@id":"https:\/\/www.xn--tuksimaailm-ffb.ee\/fi\/#\/schema\/logo\/image\/","url":"https:\/\/www.xn--tuksimaailm-ffb.ee\/wp-content\/uploads\/2020\/01\/logoz-e1579792875517.png","contentUrl":"https:\/\/www.xn--tuksimaailm-ffb.ee\/wp-content\/uploads\/2020\/01\/logoz-e1579792875517.png","width":250,"height":250,"caption":"T\u00f5uksimaailm"},"image":{"@id":"https:\/\/www.xn--tuksimaailm-ffb.ee\/fi\/#\/schema\/logo\/image\/"},"sameAs":["https:\/\/www.facebook.com\/touksimaailm\/","https:\/\/www.instagram.com\/touksimaailm_\/","https:\/\/www.youtube.com\/channel\/UC18ml0EKIDLP1xGuQjFzcXQ"]}]},"product_price_amount":"225.00","product_price_currency":"EUR","og_availability":"instock","product_availability":"instock","product_retailer_item_id":"Ninebot_Zing-A6-1","product_condition":"new"},"jetpack_sharing_enabled":true,"_links":{"self":[{"href":"https:\/\/www.xn--tuksimaailm-ffb.ee\/fi\/wp-json\/wp\/v2\/product\/25978","targetHints":{"allow":["GET"]}}],"collection":[{"href":"https:\/\/www.xn--tuksimaailm-ffb.ee\/fi\/wp-json\/wp\/v2\/product"}],"about":[{"href":"https:\/\/www.xn--tuksimaailm-ffb.ee\/fi\/wp-json\/wp\/v2\/types\/product"}],"wp:featuredmedia":[{"embeddable":true,"href":"https:\/\/www.xn--tuksimaailm-ffb.ee\/fi\/wp-json\/wp\/v2\/media\/25517"}],"wp:attachment":[{"href":"https:\/\/www.xn--tuksimaailm-ffb.ee\/fi\/wp-json\/wp\/v2\/media?parent=25978"}],"wp:term":[{"taxonomy":"product_brand","embeddable":true,"href":"https:\/\/www.xn--tuksimaailm-ffb.ee\/fi\/wp-json\/wp\/v2\/product_brand?post=25978"},{"taxonomy":"product_cat","embeddable":true,"href":"https:\/\/www.xn--tuksimaailm-ffb.ee\/fi\/wp-json\/wp\/v2\/product_cat?post=25978"},{"taxonomy":"product_tag","embeddable":true,"href":"https:\/\/www.xn--tuksimaailm-ffb.ee\/fi\/wp-json\/wp\/v2\/product_tag?post=25978"},{"taxonomy":"filter_elektritoukeratas","embeddable":true,"href":"https:\/\/www.xn--tuksimaailm-ffb.ee\/fi\/wp-json\/wp\/v2\/filter_elektritoukeratas?post=25978"}],"curies":[{"name":"wp","href":"https:\/\/api.w.org\/{rel}","templated":true}]}}