{"id":39446,"date":"2023-07-08T17:20:34","date_gmt":"2023-07-08T14:20:34","guid":{"rendered":"http:\/\/www.xn--tuksimaailm-ffb.ee\/shop\/dualtron-thunder-3-sahkopotkulauta\/"},"modified":"2024-01-29T15:17:59","modified_gmt":"2024-01-29T12:17:59","slug":"dualtron-thunder-3-sahkopotkulauta","status":"publish","type":"product","link":"https:\/\/www.xn--tuksimaailm-ffb.ee\/fi\/shop\/dualtron-thunder-3-sahkopotkulauta\/","title":{"rendered":"Dualtron Thunder 3 s\u00e4hk\u00f6potkulauta"},"content":{"rendered":"<h2 style=\"text-align: center;\">DUALTRON THUNDER 3 S\u00c4HK\u00d6POTKULAUTA - TUOTEKUVAUS<\/h2>\n<p>Dualtron Thunder 3 (tai roomalaisella numerolla III) s\u00e4hk\u00f6potkulauta on vuoden 2023 uutuus yhdess\u00e4 maailman tunnetuimmista ja legendaarisimmista Dualtron Thunder -sarjoista. Dualtron Thunder -sarja ei kaipaa esittely\u00e4 kenellek\u00e4\u00e4n s\u00e4hk\u00f6potkulautojen harrastajalle. Se on Dualtronin t\u00e4ydellisin s\u00e4hk\u00f6skootterimalli, joka on suunniteltu nopeammaksi, tehokkaammaksi ja erinomaisemmaksi kuin mik\u00e4\u00e4n kilpailija. Dualtron Thunder 3 (III) on varustettu suurella ja tehokkaalla <strong>72V<\/strong> j\u00e4nnittyneen\u00e4, ja <strong>40Ah<\/strong> akku, jonka kapasiteetti riitt\u00e4\u00e4 ajotyylist\u00e4, nopeustilasta ja kuljettajan painosta riippuen jopa <strong>170 kilometri<\/strong>.<\/p>\n<p>Suurimmat p\u00e4ivitykset Dualtron Thunder 2 -malliin verrattuna ovat Thunder 3 -version p\u00e4ivitetyn n\u00e4k\u00f6inen EY4 LCD-n\u00e4ytt\u00f6, suuret ja todella tehokkaat ajovalot, <strong>IPX5 vedenkest\u00e4vyys suojausluokka<\/strong> ensimm\u00e4inen IP-luokitus Minimotorsin s\u00e4hk\u00f6skootterissa) ja s\u00e4hk\u00f6skootterin taittomekanismi. Suurin helpotus k\u00e4ytt\u00e4j\u00e4lle on luultavasti t\u00e4m\u00e4 viimeinen, sill\u00e4 nyt ei tarvitse en\u00e4\u00e4 taistella s\u00e4hk\u00f6potkulaitteen ripustimen narinan ja naksahdusten kanssa, kun taittomekanismia voidellaan kuukausittain. Dualtron Thunder 3 -s\u00e4hk\u00f6skootteri on varustettu alustan takaosassa olevalla jalkatuella, jossa on punainen jarruvalo. Jalkatason avulla voit vaihtaa asentoa pidemmill\u00e4 ajomatkoilla ja v\u00e4lt\u00e4t tilanteet, joissa jalkasi tai selk\u00e4si pyrkii j\u00e4ykistym\u00e4\u00e4n seisoessasi yhdess\u00e4 asennossa pitki\u00e4 aikoja.<\/p>\n<h2 style=\"text-align: center;\">DUALTRON THUNDER 3 S\u00c4HK\u00d6POTKULAUTA - TEKNINEN KUVAUS<\/h2>\n<p>Dualtron Thunder III elektrit\u00f5ukeratas on varustatud 11 tolliste laiade tubeless \u00f5hkrehvidega. Elektrilisele t\u00f5ukerattale on paigaldatud <strong>NUTT tuotemerkin 4-m\u00e4nt\u00e4isten jarrutukien kanssa<\/strong>, yksi arvostetuimmista tuotemerkeist\u00e4 s\u00e4hk\u00f6skootterin harrastajien keskuudessa. Jarrurattaiden 160 mm:n halkaisijan ansiosta Dualtron Thunder 3 -s\u00e4hk\u00f6skootteri pys\u00e4htyy nopeammin kuin kilpailevien merkkien s\u00e4hk\u00f6skootterit.<\/p>\n<p><strong style=\"box-sizing: inherit; margin: 0px; padding: 0px; border: 0px; font-variant-numeric: inherit; font-variant-east-asian: inherit; font-stretch: inherit; font-size: 17px; line-height: inherit;\">Dualtron Thunder 3 -s\u00e4hk\u00f6skootteri on Viron liikennelain mukainen katulain mukainen kevytskootteri, jonka valmistajan teho on 1000W ja valmistajan nopeus 25km\/h. HUOM: Jos k\u00e4ytt\u00e4j\u00e4 on itsen\u00e4isesti muuttanut s\u00e4hk\u00f6skootteria nopeammaksi tai tehokkaammaksi kuin edell\u00e4 mainitut parametrit, T\u00f5uksimaailm ei ole vastuussa lain rikkomisesta aiheutuvista sakoista, poliisin takavarikoimasta s\u00e4hk\u00f6skootterista tai mist\u00e4\u00e4n muustakaan t\u00e4llaisten rikkomusten aiheuttamasta vahingosta.<\/strong><\/p>\n<table class=\"tg\" style=\"border-collapse: collapse; max-width: 600px; border-spacing: 0px; margin: 0px auto; width: 74.8125%; height: 644px;\">\n<tbody>\n<tr style=\"height: 28px;\">\n<td style=\"background-color: #e4e1e1; color: #333333; font-family: inherit; font-size: 14px; font-weight: bold; overflow: hidden; padding: 5px; text-align: center; vertical-align: top; word-break: normal; border: 1px solid; height: 28px;\" colspan=\"2\">Tekniset tiedot<\/td>\n<\/tr>\n<tr style=\"height: 28px;\">\n<td style=\"background-color: #e4e1e1; color: #333333; font-family: inherit; font-size: 14px; font-weight: bold; overflow: hidden; padding: 5px; text-align: right; vertical-align: top; word-break: normal; border: 1px solid; height: 28px;\">Malli<\/td>\n<td style=\"font-family: inherit; font-size: 14px; overflow: hidden; padding: 5px; text-align: center; vertical-align: top; word-break: normal; border: 1px solid; height: 28px;\">Minimotors Dualtron Thunder 3<\/td>\n<\/tr>\n<tr style=\"height: 56px;\">\n<td style=\"background-color: #e4e1e1; color: #333333; font-family: inherit; font-size: 14px; font-weight: bold; overflow: hidden; padding: 5px; text-align: right; vertical-align: top; word-break: normal; border: 1px solid; height: 56px;\">Akku<\/td>\n<td style=\"font-family: inherit; font-size: 14px; overflow: hidden; padding: 5px; text-align: center; vertical-align: top; word-break: normal; border: 1px solid; height: 56px;\">72V\/40Ah\/2880Wh (LG 21700 akumoodulid) Li-Ion<\/td>\n<\/tr>\n<tr style=\"height: 56px;\">\n<td style=\"background-color: #e4e1e1; color: #333333; font-family: inherit; font-size: 14px; font-weight: bold; overflow: hidden; padding: 5px; text-align: right; vertical-align: top; word-break: normal; border: 1px solid; height: 56px;\">Mootori voimaa<\/td>\n<td style=\"font-family: inherit; font-size: 14px; overflow: hidden; padding: 5px; text-align: center; vertical-align: top; word-break: normal; border: 1px solid; height: 56px;\">valmistajav\u00f5imsus 1000W<\/td>\n<\/tr>\n<tr style=\"height: 56px;\">\n<td style=\"background-color: #e4e1e1; color: #333333; font-family: inherit; font-size: 14px; font-weight: bold; overflow: hidden; padding: 5px; text-align: right; vertical-align: top; word-break: normal; border: 1px solid; height: 56px;\">Ajomatka (ECO-tilassa), valmistajan m\u00e4\u00e4ritys | Laskettu ajomatka<\/td>\n<td style=\"font-family: inherit; font-size: 14px; overflow: hidden; padding: 5px; text-align: center; vertical-align: top; word-break: normal; border: 1px solid; height: 56px;\">jopa 170km | 192km (25km\/h, 70kg kuljettaja, 15Wh\/km)<\/td>\n<\/tr>\n<tr style=\"height: 56px;\">\n<td style=\"background-color: #e4e1e1; color: #333333; font-family: inherit; font-size: 14px; font-weight: bold; overflow: hidden; padding: 5px; text-align: right; vertical-align: top; word-break: normal; border: 1px solid; height: 56px;\">Esijarru<\/td>\n<td style=\"font-family: inherit; font-size: 14px; overflow: hidden; padding: 5px; text-align: center; vertical-align: top; word-break: normal; border: 1px solid; height: 56px;\">NUTT-merkkinen 4-m\u00e4nt\u00e4inen hydraulinen levyjarru (160mm) + magneettinen<\/td>\n<\/tr>\n<tr style=\"height: 56px;\">\n<td style=\"background-color: #e4e1e1; color: #333333; font-family: inherit; font-size: 14px; font-weight: bold; overflow: hidden; padding: 5px; text-align: right; vertical-align: top; word-break: normal; border: 1px solid; height: 56px;\">Takajarru<\/td>\n<td style=\"font-family: inherit; font-size: 14px; overflow: hidden; padding: 5px; text-align: center; vertical-align: top; word-break: normal; border: 1px solid; height: 56px;\">NUTT-merkkinen 4-m\u00e4nt\u00e4inen hydraulinen levyjarru (160mm) + magneettinen<\/td>\n<\/tr>\n<tr style=\"height: 56px;\">\n<td style=\"background-color: #e4e1e1; color: #333333; font-family: inherit; font-size: 14px; font-weight: bold; overflow: hidden; padding: 5px; text-align: right; vertical-align: top; word-break: normal; border: 1px solid; height: 56px;\">Latausaika<\/td>\n<td style=\"font-family: inherit; font-size: 14px; overflow: hidden; padding: 5px; text-align: center; vertical-align: top; word-break: normal; border: 1px solid; height: 56px;\">28h (vakiolaturilla - mukana; 6h (pikalaturilla)))<\/td>\n<\/tr>\n<tr style=\"height: 28px;\">\n<td style=\"background-color: #e4e1e1; color: #333333; font-family: inherit; font-size: 14px; font-weight: bold; overflow: hidden; padding: 5px; text-align: right; vertical-align: top; word-break: normal; border: 1px solid; height: 28px;\">Painoraja<\/td>\n<td style=\"font-family: inherit; font-size: 14px; overflow: hidden; padding: 5px; text-align: center; vertical-align: top; word-break: normal; border: 1px solid; height: 28px;\">120kg<\/td>\n<\/tr>\n<tr style=\"height: 28px;\">\n<td style=\"background-color: #e4e1e1; color: #333333; font-family: inherit; font-size: 14px; font-weight: bold; overflow: hidden; padding: 5px; text-align: right; vertical-align: top; word-break: normal; border: 1px solid; height: 28px;\">Muokatun virittelyn j\u00e4lkeinen nopeus<\/td>\n<td style=\"font-family: inherit; font-size: 14px; overflow: hidden; padding: 5px; text-align: center; vertical-align: top; word-break: normal; border: 1px solid; height: 28px;\">25km\/h<\/td>\n<\/tr>\n<tr style=\"height: 28px;\">\n<td style=\"background-color: #e4e1e1; color: #333333; font-family: inherit; font-size: 14px; font-weight: bold; overflow: hidden; padding: 5px; text-align: right; vertical-align: top; word-break: normal; border: 1px solid; height: 28px;\">Valmistusnopeus<\/td>\n<td style=\"font-family: inherit; font-size: 14px; overflow: hidden; padding: 5px; text-align: center; vertical-align: top; word-break: normal; border: 1px solid; height: 28px;\">25km\/h<\/td>\n<\/tr>\n<tr style=\"height: 28px;\">\n<td style=\"background-color: #e4e1e1; color: #333333; font-family: inherit; font-size: 14px; font-weight: bold; overflow: hidden; padding: 5px; text-align: right; vertical-align: top; word-break: normal; border: 1px solid; height: 28px;\">Paino<\/td>\n<td style=\"font-family: inherit; font-size: 14px; overflow: hidden; padding: 5px; text-align: center; vertical-align: top; word-break: normal; border: 1px solid; height: 28px;\">48kg<\/td>\n<\/tr>\n<tr style=\"height: 56px;\">\n<td style=\"background-color: #e4e1e1; color: #333333; font-family: inherit; font-size: 14px; font-weight: bold; overflow: hidden; padding: 5px; text-align: right; vertical-align: top; word-break: normal; border: 1px solid; height: 56px;\">Renkaat<\/td>\n<td style=\"font-family: inherit; font-size: 14px; overflow: hidden; padding: 5px; text-align: center; vertical-align: top; word-break: normal; border: 1px solid; height: 56px;\">11-tuumainen tubeless (ilman sis\u00e4kumia) leve\u00e4t ilmarenkaat<\/td>\n<\/tr>\n<tr style=\"height: 28px;\">\n<td style=\"background-color: #e4e1e1; color: #333333; font-family: inherit; font-size: 14px; font-weight: bold; overflow: hidden; padding: 5px; text-align: right; vertical-align: top; word-break: normal; border: 1px solid; height: 28px;\">Amortisaattorit<\/td>\n<td style=\"font-family: inherit; font-size: 14px; overflow: hidden; padding: 5px; text-align: center; vertical-align: top; word-break: normal; border: 1px solid; height: 28px;\">Kumiholkkikasetit - 5 eri j\u00e4ykkyytt\u00e4<\/td>\n<\/tr>\n<tr style=\"height: 28px;\">\n<td style=\"background-color: #e4e1e1; color: #333333; font-family: inherit; font-size: 14px; font-weight: bold; overflow: hidden; padding: 5px; text-align: right; vertical-align: top; word-break: normal; border: 1px solid; height: 28px;\">Valot<\/td>\n<td style=\"font-family: inherit; font-size: 14px; overflow: hidden; padding: 5px; text-align: center; vertical-align: top; word-break: normal; border: 1px solid; height: 28px;\">60W tehokkaat etuvalot, LED-jarruvalot, turvavalaistus, vilkut<\/td>\n<\/tr>\n<tr style=\"height: 28px;\">\n<td style=\"background-color: #e4e1e1; color: #333333; font-family: inherit; font-size: 14px; font-weight: bold; overflow: hidden; padding: 5px; text-align: right; vertical-align: top; word-break: normal; border: 1px solid; height: 28px;\">Tien enimm\u00e4iskaltevuus<\/td>\n<td style=\"font-family: inherit; font-size: 14px; overflow: hidden; padding: 5px; text-align: center; vertical-align: top; word-break: normal; border: 1px solid; height: 28px;\">40%<\/td>\n<\/tr>\n<\/tbody>\n<\/table>\n","protected":false},"excerpt":{"rendered":"<p><strong>L\u00f6ysitk\u00f6 paremman hinnan? Kirjoita meille, niin teemme sinulle paremman tarjouksen!<\/p>\n<p>Kaikki lis\u00e4varusteet ja varaosat ovat -20%, kun ne ostetaan s\u00e4hk\u00f6potkulaudan kanssa. Alennus otetaan automaattisesti k\u00e4ytt\u00f6\u00f6n, kun lis\u00e4\u00e4t sen ostoskoriin!<\/p>\n<p>Toimitusaika: TBD<\/strong><\/p>\n<p><em><strong>\u00a0<\/strong><\/em><\/p>\n","protected":false},"featured_media":37983,"template":"","meta":[],"product_brand":[],"product_cat":[926],"product_tag":[],"filter_elektritoukeratas":[],"class_list":{"0":"post-39446","1":"product","2":"type-product","3":"status-publish","4":"has-post-thumbnail","6":"product_cat-sahkopotkulaudat-fi","7":"product_shipping_class-keskmine-pakk-fi","8":"pa_aku-mahutavus-wh-2880-fi","9":"pa_kaal-kg-48-fi","10":"pa_kandevoime-kg-120-fi","11":"pa_labisoit-arvutuslik-km-192-fi","12":"pa_mootorite-arv-kahdella-moottorilla","13":"pa_muuja-platvormil-touksimaailm-exocool-ou-fi","14":"pa_piiramata-tippkiirus-kmh-25-fi","15":"pa_tootetuup-elektritoukeratas-fi","16":"pa_valmistaja-dualtron-fi","17":"pa_voimsus-w-1000-fi","19":"first","20":"outofstock","21":"taxable","22":"shipping-taxable","23":"purchasable","24":"product-type-simple"},"yoast_head":"<!-- This site is optimized with the Yoast SEO Premium plugin v26.8 (Yoast SEO v27.5) - https:\/\/yoast.com\/product\/yoast-seo-premium-wordpress\/ -->\n<title>Dualtron Thunder 3 s\u00e4hk\u00f6potkulauta | T\u00f5uksimaailm<\/title>\n<meta name=\"description\" content=\"Dualtron Thunder 2 elektrit\u00f5ukeratas. Uus 2023 lipulaev. Kiire 72V 40Ah akuga elektriline t\u00f5ukeratas. V\u00f5imsad Minimotors elektrit\u00f5ukerattad.\" \/>\n<meta name=\"robots\" content=\"index, follow, max-snippet:-1, max-image-preview:large, max-video-preview:-1\" \/>\n<link rel=\"canonical\" href=\"https:\/\/www.xn--tuksimaailm-ffb.ee\/fi\/shop\/dualtron-thunder-3-sahkopotkulauta\/\" \/>\n<meta property=\"og:locale\" content=\"fi_FI\" \/>\n<meta property=\"og:type\" content=\"article\" \/>\n<meta property=\"og:title\" content=\"Dualtron Thunder 3 s\u00e4hk\u00f6potkulauta\" \/>\n<meta property=\"og:description\" content=\"Dualtron Thunder 2 elektrit\u00f5ukeratas. Uus 2023 lipulaev. Kiire 72V 40Ah akuga elektriline t\u00f5ukeratas. V\u00f5imsad Minimotors elektrit\u00f5ukerattad.\" \/>\n<meta property=\"og:url\" content=\"https:\/\/www.xn--tuksimaailm-ffb.ee\/fi\/shop\/dualtron-thunder-3-sahkopotkulauta\/\" \/>\n<meta property=\"og:site_name\" content=\"T\u00f5uksimaailm\" \/>\n<meta property=\"article:publisher\" content=\"https:\/\/www.facebook.com\/touksimaailm\/\" \/>\n<meta property=\"article:modified_time\" content=\"2024-01-29T12:17:59+00:00\" \/>\n<meta property=\"og:image\" content=\"https:\/\/www.xn--tuksimaailm-ffb.ee\/wp-content\/uploads\/2023\/07\/thunder-3-1-jpg.webp\" \/>\n\t<meta property=\"og:image:width\" content=\"561\" \/>\n\t<meta property=\"og:image:height\" content=\"561\" \/>\n\t<meta property=\"og:image:type\" content=\"image\/jpeg\" \/>\n<meta name=\"twitter:card\" content=\"summary_large_image\" \/>\n<meta name=\"twitter:label1\" content=\"Hinta\" \/>\n\t<meta name=\"twitter:data1\" content=\"&euro;4,199.00\" \/>\n\t<meta name=\"twitter:label2\" content=\"Saatavuus\" \/>\n\t<meta name=\"twitter:data2\" content=\"Loppu varastosta\" \/>\n<meta property=\"product:price:amount\" content=\"4199.00\" \/>\n<meta property=\"product:price:currency\" content=\"EUR\" \/>\n<meta property=\"og:availability\" content=\"out of stock\" \/>\n<meta property=\"product:availability\" content=\"out of stock\" \/>\n<meta property=\"product:retailer_item_id\" content=\"Thunder_3-1\" \/>\n<meta property=\"product:condition\" content=\"new\" \/>\n<!-- \/ Yoast SEO Premium plugin. -->","yoast_head_json":{"title":"Dualtron Thunder 3 s\u00e4hk\u00f6potkulauta | T\u00f5uksimaailm","description":"Dualtron Thunder 2 elektrit\u00f5ukeratas. Uus 2023 lipulaev. Kiire 72V 40Ah akuga elektriline t\u00f5ukeratas. V\u00f5imsad Minimotors elektrit\u00f5ukerattad.","robots":{"index":"index","follow":"follow","max-snippet":"max-snippet:-1","max-image-preview":"max-image-preview:large","max-video-preview":"max-video-preview:-1"},"canonical":"https:\/\/www.xn--tuksimaailm-ffb.ee\/fi\/shop\/dualtron-thunder-3-sahkopotkulauta\/","og_locale":"fi_FI","og_type":"article","og_title":"Dualtron Thunder 3 s\u00e4hk\u00f6potkulauta","og_description":"Dualtron Thunder 2 elektrit\u00f5ukeratas. Uus 2023 lipulaev. Kiire 72V 40Ah akuga elektriline t\u00f5ukeratas. V\u00f5imsad Minimotors elektrit\u00f5ukerattad.","og_url":"https:\/\/www.xn--tuksimaailm-ffb.ee\/fi\/shop\/dualtron-thunder-3-sahkopotkulauta\/","og_site_name":"T\u00f5uksimaailm","article_publisher":"https:\/\/www.facebook.com\/touksimaailm\/","article_modified_time":"2024-01-29T12:17:59+00:00","og_image":[{"width":561,"height":561,"url":"https:\/\/www.xn--tuksimaailm-ffb.ee\/wp-content\/uploads\/2023\/07\/thunder-3-1-jpg.webp","type":"image\/jpeg"}],"twitter_card":"summary_large_image","twitter_misc":{"Hinta":"&euro;4,199.00","Saatavuus":"Loppu varastosta"},"schema":{"@context":"https:\/\/schema.org","@graph":[{"@type":"WebPage","@id":"https:\/\/www.xn--tuksimaailm-ffb.ee\/fi\/shop\/dualtron-thunder-3-sahkopotkulauta\/","url":"https:\/\/www.xn--tuksimaailm-ffb.ee\/fi\/shop\/dualtron-thunder-3-sahkopotkulauta\/","name":"Dualtron Thunder 3 s\u00e4hk\u00f6potkulauta | T\u00f5uksimaailm","isPartOf":{"@id":"https:\/\/www.xn--tuksimaailm-ffb.ee\/fi\/#website"},"primaryImageOfPage":{"@id":"https:\/\/www.xn--tuksimaailm-ffb.ee\/fi\/shop\/dualtron-thunder-3-sahkopotkulauta\/#primaryimage"},"image":{"@id":"https:\/\/www.xn--tuksimaailm-ffb.ee\/fi\/shop\/dualtron-thunder-3-sahkopotkulauta\/#primaryimage"},"thumbnailUrl":"https:\/\/www.xn--tuksimaailm-ffb.ee\/wp-content\/uploads\/2023\/07\/thunder-3-1-jpg.webp","datePublished":"2023-07-08T14:20:34+00:00","dateModified":"2024-01-29T12:17:59+00:00","description":"Dualtron Thunder 2 elektrit\u00f5ukeratas. Uus 2023 lipulaev. Kiire 72V 40Ah akuga elektriline t\u00f5ukeratas. V\u00f5imsad Minimotors elektrit\u00f5ukerattad.","breadcrumb":{"@id":"https:\/\/www.xn--tuksimaailm-ffb.ee\/fi\/shop\/dualtron-thunder-3-sahkopotkulauta\/#breadcrumb"},"inLanguage":"fi","potentialAction":[{"@type":"ReadAction","target":["https:\/\/www.xn--tuksimaailm-ffb.ee\/fi\/shop\/dualtron-thunder-3-sahkopotkulauta\/"]}]},{"@type":"ImageObject","inLanguage":"fi","@id":"https:\/\/www.xn--tuksimaailm-ffb.ee\/fi\/shop\/dualtron-thunder-3-sahkopotkulauta\/#primaryimage","url":"https:\/\/www.xn--tuksimaailm-ffb.ee\/wp-content\/uploads\/2023\/07\/thunder-3-1-jpg.webp","contentUrl":"https:\/\/www.xn--tuksimaailm-ffb.ee\/wp-content\/uploads\/2023\/07\/thunder-3-1-jpg.webp","width":561,"height":561,"caption":"dualtron thunder 3 III elektrit\u00f5ukeratas elektriline t\u00f5ukeratas elektrit\u00f5ukerattad eesti tallinn tartu kiire v\u00f5imas 1"},{"@type":"BreadcrumbList","@id":"https:\/\/www.xn--tuksimaailm-ffb.ee\/fi\/shop\/dualtron-thunder-3-sahkopotkulauta\/#breadcrumb","itemListElement":[{"@type":"ListItem","position":1,"name":"Home","item":"https:\/\/www.xn--tuksimaailm-ffb.ee\/fi\/kotisivu\/"},{"@type":"ListItem","position":2,"name":"Kauppa","item":"https:\/\/www.xn--tuksimaailm-ffb.ee\/elektritoukerataste-pood\/"},{"@type":"ListItem","position":3,"name":"Dualtron Thunder 3 s\u00e4hk\u00f6potkulauta"}]},{"@type":"WebSite","@id":"https:\/\/www.xn--tuksimaailm-ffb.ee\/fi\/#website","url":"https:\/\/www.xn--tuksimaailm-ffb.ee\/fi\/","name":"T\u00f5uksimaailm","description":"Elektrit\u00f5ukerataste m\u00fc\u00fck, remont ja rent","publisher":{"@id":"https:\/\/www.xn--tuksimaailm-ffb.ee\/fi\/#organization"},"potentialAction":[{"@type":"SearchAction","target":{"@type":"EntryPoint","urlTemplate":"https:\/\/www.xn--tuksimaailm-ffb.ee\/fi\/?s={search_term_string}"},"query-input":{"@type":"PropertyValueSpecification","valueRequired":true,"valueName":"search_term_string"}}],"inLanguage":"fi"},{"@type":"Organization","@id":"https:\/\/www.xn--tuksimaailm-ffb.ee\/fi\/#organization","name":"T\u00f5uksimaailm","url":"https:\/\/www.xn--tuksimaailm-ffb.ee\/fi\/","logo":{"@type":"ImageObject","inLanguage":"fi","@id":"https:\/\/www.xn--tuksimaailm-ffb.ee\/fi\/#\/schema\/logo\/image\/","url":"https:\/\/www.xn--tuksimaailm-ffb.ee\/wp-content\/uploads\/2020\/01\/logoz-e1579792875517.png","contentUrl":"https:\/\/www.xn--tuksimaailm-ffb.ee\/wp-content\/uploads\/2020\/01\/logoz-e1579792875517.png","width":250,"height":250,"caption":"T\u00f5uksimaailm"},"image":{"@id":"https:\/\/www.xn--tuksimaailm-ffb.ee\/fi\/#\/schema\/logo\/image\/"},"sameAs":["https:\/\/www.facebook.com\/touksimaailm\/","https:\/\/www.instagram.com\/touksimaailm_\/","https:\/\/www.youtube.com\/channel\/UC18ml0EKIDLP1xGuQjFzcXQ"]}]},"product_price_amount":"4199.00","product_price_currency":"EUR","og_availability":"out of stock","product_availability":"out of stock","product_retailer_item_id":"Thunder_3-1","product_condition":"new"},"jetpack_sharing_enabled":true,"_links":{"self":[{"href":"https:\/\/www.xn--tuksimaailm-ffb.ee\/fi\/wp-json\/wp\/v2\/product\/39446","targetHints":{"allow":["GET"]}}],"collection":[{"href":"https:\/\/www.xn--tuksimaailm-ffb.ee\/fi\/wp-json\/wp\/v2\/product"}],"about":[{"href":"https:\/\/www.xn--tuksimaailm-ffb.ee\/fi\/wp-json\/wp\/v2\/types\/product"}],"wp:featuredmedia":[{"embeddable":true,"href":"https:\/\/www.xn--tuksimaailm-ffb.ee\/fi\/wp-json\/wp\/v2\/media\/37983"}],"wp:attachment":[{"href":"https:\/\/www.xn--tuksimaailm-ffb.ee\/fi\/wp-json\/wp\/v2\/media?parent=39446"}],"wp:term":[{"taxonomy":"product_brand","embeddable":true,"href":"https:\/\/www.xn--tuksimaailm-ffb.ee\/fi\/wp-json\/wp\/v2\/product_brand?post=39446"},{"taxonomy":"product_cat","embeddable":true,"href":"https:\/\/www.xn--tuksimaailm-ffb.ee\/fi\/wp-json\/wp\/v2\/product_cat?post=39446"},{"taxonomy":"product_tag","embeddable":true,"href":"https:\/\/www.xn--tuksimaailm-ffb.ee\/fi\/wp-json\/wp\/v2\/product_tag?post=39446"},{"taxonomy":"filter_elektritoukeratas","embeddable":true,"href":"https:\/\/www.xn--tuksimaailm-ffb.ee\/fi\/wp-json\/wp\/v2\/filter_elektritoukeratas?post=39446"}],"curies":[{"name":"wp","href":"https:\/\/api.w.org\/{rel}","templated":true}]}}