{"id":39447,"date":"2023-03-11T12:33:51","date_gmt":"2023-03-11T10:33:51","guid":{"rendered":"http:\/\/www.xn--tuksimaailm-ffb.ee\/shop\/dualtron-victor-luxury-plus-sahkopotkulauta\/"},"modified":"2024-11-06T17:27:28","modified_gmt":"2024-11-06T14:27:28","slug":"dualtron-victor-luxury-plus-sahkopotkulauta","status":"publish","type":"product","link":"https:\/\/www.xn--tuksimaailm-ffb.ee\/fi\/shop\/dualtron-victor-luxury-plus-sahkopotkulauta\/","title":{"rendered":"Dualtron Victor Luxury Plus s\u00e4hk\u00f6potkulauta"},"content":{"rendered":"<h2 style=\"text-align: center;\">DUALTRON VICTOR LUXURY PLUS S\u00c4HK\u00d6POTKULAUTA - TUOTEKUVAUS<\/h2>\n<p>Dualtron Victor Luxury Plus -pakettis olevat s\u00e4hk\u00f6potkulautaa on edistyneempi versio eritt\u00e4in suositusta Dualtron Victor -s\u00e4hk\u00f6potkulaudasta. Verrattuna edelt\u00e4j\u00e4\u00e4ns\u00e4 Victor Luxury Plus -s\u00e4hk\u00f6potkulauta on varustettu 60 mm pidemm\u00e4ll\u00e4 seisualustalla, korkeammalla ohjaustangolla, tehokkaalla etuvalolla ja kumisella seisualustan p\u00e4\u00e4llysteell\u00e4. T\u00e4llaisessa yhdistelm\u00e4ss\u00e4 Victor Luxury Plus -s\u00e4hk\u00f6potkulauta on helpompi puhdistaa ja sopii my\u00f6s pidemmille matkustajille. Victor Luxury Plus -s\u00e4hk\u00f6potkulaudat ovat eritt\u00e4in tarkasti ohjattavissa ja vakaina sek\u00e4 poikkeuksellisen pitk\u00e4ll\u00e4 toimintamatkalla varustettuja.<\/p>\n<p>Minimotorsin s\u00e4hk\u00f6potkulaudat ovat saaneet suosiota markkinoilla modernilla lis\u00e4varustelullaan ja ensiluokkaisella tuotelaadullaan. Samoin kuin kaikki muutkin Dualtron-s\u00e4hk\u00f6potkulaudat, my\u00f6s Victor Luxury Plus -pakettis olevat s\u00e4hk\u00f6potkulaudat saapuvat vain parhailla varusteilla.<\/p>\n<p>Kaikki Minimotors Dualtron -s\u00e4hk\u00f6potkulaudat l\u00f6ytyv\u00e4t <a href=\"http:\/\/www.xn--tuksimaailm-ffb.ee\/tootekategooria\/elektritoukeratas\/\"><strong>t\u00e4\u00e4lt\u00e4<\/strong><\/a>.<\/p>\n<h2 style=\"text-align: center;\">MINIMOTORS DUALTRON VICTOR LUXURY \u00a0 PLUS S\u00c4HK\u00d6SKOOTTERI - TEKNINEN HUIPPUOSAAMINEN<\/h2>\n<p>\u00a0<\/p>\n<div class=\"flex flex-grow flex-col gap-3 max-w-full\">\n<div class=\"min-h-[20px] flex flex-col items-start gap-3 whitespace-pre-wrap break-words overflow-x-auto\">\n<div class=\"markdown prose w-full break-words dark:prose-invert light\">\n<p>Minimotors, Dualtron-br\u00e4ndin luoja, on maailman vanhin s\u00e4hk\u00f6potkulautojen kehitykseen ja valmistukseen erikoistunut yritys. Etel\u00e4-Koreasta per\u00e4isin oleva Minimotors aloitti s\u00e4hk\u00f6isten kevytkulkuneuvojen teknologian kehitt\u00e4misen jo edellisen vuosisadan lopulla, vuonna 1999. T\u00e4m\u00e4n seurauksena heist\u00e4 tuli vuonna 2015 ensimm\u00e4inen s\u00e4hk\u00f6potkulaudan (Dualtron) etu- ja takaosaan moottoroidun kevytkulkuneuvon keksij\u00e4 ja markkinoille tuojia. Victor Luxury -s\u00e4hk\u00f6potkulauta on varustettu ensimm\u00e4isell\u00e4 ja takaisella (kaksimoottorisella) 1000 W huipputehokkailla harjattomilla BLDC-vaihtovirtamoottoreilla.<\/p>\n<p>Lis\u00e4ksi Dualtron Victor Luxury -s\u00e4hk\u00f6potkulaudat erottuvat ensiluokkaisella ohjattavuudellaan ja ajomukavuudellaan. Dualtron-s\u00e4hk\u00f6potkulaudat tunnetaan maailmanlaajuisesti omasta patentoitusta kumi-puskulevyjousituksestaan. Kumi-puskulevyjousituksen ansiosta s\u00e4hk\u00f6potkulautaa voidaan s\u00e4\u00e4t\u00e4\u00e4 helposti kuljettajan toiveiden ja parametrien mukaisesti.<\/p>\n<p>Turvalliseen ja tehokkaaseen jarruttamiseen s\u00e4hk\u00f6potkulauta Victor Luxury Plus on varustettu sek\u00e4 etu- ett\u00e4 takaosan ZOOM-merkkisill\u00e4 hydraulisilla levyjarruilla. S\u00e4hk\u00f6potkulauta Victor Luxury Plus toimitetaan mukanaan 10x3 tuuman leve\u00e4t ilmarengaat, patentoitu kumi-puskuvaimennus sek\u00e4 laadukkaat hydrauliset levyjarrut, jotka tekev\u00e4t s\u00e4hk\u00f6potkulaudasta erityisen tarkasti ja turvallisesti ohjattavan.<\/p>\n<p>Kuten kaikki uuden sukupolven Minimotors Dualtron-s\u00e4hk\u00f6potkulaudat, my\u00f6s Victor Luxury Plus -s\u00e4hk\u00f6potkulaudassa on ohjaustangon pohjaosaan asennettu v\u00e4rin\u00e4\u00e4 vaimentava iskunvaimennin. Lis\u00e4ksi s\u00e4hk\u00f6potkulauta Victor Luxury Plus on varustettu taitettavalla ja ty\u00f6kalutta s\u00e4\u00e4dett\u00e4v\u00e4ll\u00e4 ohjaustangolla.<\/p>\n<\/div>\n<\/div>\n<\/div>\n<h2 style=\"text-align: center;\">SUORITUS<\/h2>\n<div class=\"flex flex-grow flex-col gap-3 max-w-full\">\n<div class=\"min-h-[20px] flex flex-col items-start gap-3 whitespace-pre-wrap break-words overflow-x-auto\">\n<div class=\"markdown prose w-full break-words dark:prose-invert light\">\n<p>Kaikkien intohimoisten harrastajien ja harrastajien toiveiden tyydytt\u00e4miseksi Dualtron Victor Luxury Plus -s\u00e4hk\u00f6potkulauta on varustettu sek\u00e4 etu- ett\u00e4 takamoottorilla, jotka tarjoavat sopivasti tehoa. Kaksoisvetoinen Victor Luxury Plus on niin voimakas, ett\u00e4 se voi saavuttaa valmistajan nopeuden 25 km\/h v\u00e4litt\u00f6m\u00e4sti. Kest\u00e4v\u00e4n rakenteensa ja tehokkaiden moottoreidensa ansiosta Victor Luxury Plus -s\u00e4hk\u00f6potkulauta selviytyy vaivatta my\u00f6s 120 kg lis\u00e4painosta. Lis\u00e4ksi Victor Luxury Plus -s\u00e4hk\u00f6potkulauta ei anna periksi suurempien m\u00e4kien edess\u00e4, koska se kykenee selviytym\u00e4\u00e4n jopa 30% kaltevista reiteist\u00e4.<\/p>\n<p>Victor Luxury Plus -s\u00e4hk\u00f6potkulaudat ovat saatavilla kahdella erilaisella akkupaketilla. Hieman edullisempi ja kevyempi Victor Luxury Plus, Lite -version s\u00e4hk\u00f6potkulauta on varustettu 60V \/ 28Ah (1680Wh) Li-Ion-akkupaketilla. Suurella akkupaketilla varustettu s\u00e4hk\u00f6potkulauta voi meid\u00e4n laskelmien mukaan (70 kg kuljettajalla) saavuttaa tasaisella nopeudella (25 km\/h) jopa 112 km matkan yhdell\u00e4 latauksella. Toisaalta suuremmalla 60V \/ 35Ah (2100Wh) Li-Ion-akkupaketilla varustettu Victor Luxury Plus Pro -s\u00e4hk\u00f6potkulauta kykenee yhdell\u00e4 latauksella jopa 140 km matkaan. On huomionarvoista, ett\u00e4 35Ah Li-Ion-akkupaketissa on k\u00e4ytetty korkealaatuisia LG 21700-akumoduuleja (tai -elementtej\u00e4). Victor Luxury Plus -s\u00e4hk\u00f6potkulauta toimitetaan tavallisella laturilla, joka kest\u00e4\u00e4 28Ah-akkupaketin t\u00e4yteen lataamiseen 12 tuntia ja suuremman 35Ah-akkupaketin t\u00e4yteen lataamiseen jopa 17,5 tuntia.<\/p>\n<\/div>\n<\/div>\n<\/div>\n<h2 style=\"text-align: center;\">DUALTRON VICTOR LUXURY PLUS - SELKE\u00c4 N\u00c4KYVYYS<\/h2>\n<div class=\"flex flex-grow flex-col gap-3 max-w-full\">\n<div class=\"min-h-[20px] flex flex-col items-start gap-3 whitespace-pre-wrap break-words overflow-x-auto\">\n<div class=\"markdown prose w-full break-words dark:prose-invert light\">\n<p>H\u00e4m\u00e4r\u00e4ss\u00e4 ja pime\u00e4ss\u00e4 ajoon Victor Luxury -s\u00e4hk\u00f6potkulauta on varustettu tehokkaalla LED-etuvalolla. Lis\u00e4ksi Victor Luxury -s\u00e4hk\u00f6potkulauta on varustettu v\u00e4ri\u00e4 vaihtavilla RGB-valoilla sek\u00e4 ohjaustangossa ett\u00e4 seisualustalla sek\u00e4 suunta- ja turvavaloilla.<\/p>\n<p>Dualtron Victor Luxury Plus -s\u00e4hk\u00f6potkulauta on Viron liikennes\u00e4\u00e4nn\u00f6sten mukainen laillinen kevytliikennev\u00e4line, jonka valmistajateho on 1000 W ja valmistajanopeus 25 km\/h. HUOM! Jos k\u00e4ytt\u00e4j\u00e4 on itse muokannut s\u00e4hk\u00f6potkulautaa edell\u00e4 mainituista parametreista nopeammaksi tai tehokkaammaksi, T\u00f5uksimaailma ei vastaa laissa rikkomisesta aiheutuneista sakkoista, s\u00e4hk\u00f6potkulaudan takavarikoimisesta poliisin toimesta tai muista rikkomuksista aiheutuneista vahingoista.<\/p>\n<\/div>\n<\/div>\n<\/div>\n<table class=\"tg\" style=\"border-collapse: collapse; max-width: 600px; border-spacing: 0px; margin: 0px auto; width: 84%; height: 545px;\">\n<tbody>\n<tr style=\"height: 27px;\">\n<td style=\"background-color: #e4e1e1; color: #333333; font-family: inherit; font-size: 14px; font-weight: bold; overflow: hidden; padding: 5px; text-align: center; vertical-align: top; word-break: normal; border: 1px solid; height: 27px; width: 99.7863%;\" colspan=\"2\">Tekniset tiedot<\/td>\n<\/tr>\n<tr style=\"height: 27px;\">\n<td style=\"background-color: #e4e1e1; color: #333333; font-family: inherit; font-size: 14px; font-weight: bold; overflow: hidden; padding: 5px; text-align: right; vertical-align: top; word-break: normal; border: 1px solid; height: 27px; width: 46.5812%;\">\n<p>Malli<\/p>\n<\/td>\n<td style=\"font-family: inherit; font-size: 14px; overflow: hidden; padding: 5px; text-align: center; vertical-align: top; word-break: normal; border: 1px solid; height: 27px; width: 53.2051%;\">Minimotors Dualtron Victor Luxury Plus<\/td>\n<\/tr>\n<tr style=\"height: 55px;\">\n<td style=\"background-color: #e4e1e1; color: #333333; font-family: inherit; font-size: 14px; font-weight: bold; overflow: hidden; padding: 5px; text-align: right; vertical-align: top; word-break: normal; border: 1px solid; height: 55px; width: 46.5812%;\">Akku<\/td>\n<td style=\"font-family: inherit; font-size: 14px; overflow: hidden; padding: 5px; text-align: center; vertical-align: top; word-break: normal; border: 1px solid; height: 55px; width: 53.2051%;\">60V\/35Ah (LG 21700 akkumoodulit) tai 60V\/28Ah Li-Ion<\/td>\n<\/tr>\n<tr style=\"height: 27px;\">\n<td style=\"background-color: #e4e1e1; color: #333333; font-family: inherit; font-size: 14px; font-weight: bold; overflow: hidden; padding: 5px; text-align: right; vertical-align: top; word-break: normal; border: 1px solid; height: 27px; width: 46.5812%;\">Mootorin teho<\/td>\n<td style=\"font-family: inherit; font-size: 14px; overflow: hidden; padding: 5px; text-align: center; vertical-align: top; word-break: normal; border: 1px solid; height: 27px; width: 53.2051%;\">tuotantokapasiteetti 1000W<\/td>\n<\/tr>\n<tr style=\"height: 55px;\">\n<td style=\"background-color: #e4e1e1; color: #333333; font-family: inherit; font-size: 14px; font-weight: bold; overflow: hidden; padding: 5px; text-align: right; vertical-align: top; word-break: normal; border: 1px solid; height: 55px; width: 46.5812%;\">Ajomatka (ECO-tilassa), valmistajan m\u00e4\u00e4ritys | Laskettu ajomatka<\/td>\n<td style=\"font-family: inherit; font-size: 14px; overflow: hidden; padding: 5px; text-align: center; vertical-align: top; word-break: normal; border: 1px solid; height: 55px; width: 53.2051%;\">jopa 120km (35Ah aku) ; 140km<span style=\"font-family: inherit; font-size: 14px;\">\u00a0| 100km\u00a0<\/span>(28Ah aku) ; 112km\u00a0<span style=\"font-family: inherit; font-size: 14px;\">(25km\/h, 70kg Kuljettaja, 15Wh\/km)<\/span><span style=\"font-family: inherit; font-size: 14px;\"><br \/><\/span><\/td>\n<\/tr>\n<tr style=\"height: 55px;\">\n<td style=\"background-color: #e4e1e1; color: #333333; font-family: inherit; font-size: 14px; font-weight: bold; overflow: hidden; padding: 5px; text-align: right; vertical-align: top; word-break: normal; border: 1px solid; height: 55px; width: 46.5812%;\">Esijarru<\/td>\n<td style=\"font-family: inherit; font-size: 14px; overflow: hidden; padding: 5px; text-align: center; vertical-align: top; word-break: normal; border: 1px solid; height: 55px; width: 53.2051%;\">Zoom-merkkinen hydraulinen levyjarru + magneettinen moottorijarru<\/td>\n<\/tr>\n<tr style=\"height: 55px;\">\n<td style=\"background-color: #e4e1e1; color: #333333; font-family: inherit; font-size: 14px; font-weight: bold; overflow: hidden; padding: 5px; text-align: right; vertical-align: top; word-break: normal; border: 1px solid; height: 55px; width: 46.5812%;\">Takajarru<\/td>\n<td style=\"font-family: inherit; font-size: 14px; overflow: hidden; padding: 5px; text-align: center; vertical-align: top; word-break: normal; border: 1px solid; height: 55px; width: 53.2051%;\">Zoom-merkkinen hydraulinen levyjarru + magneettinen moottorijarru<\/td>\n<\/tr>\n<tr style=\"height: 27px;\">\n<td style=\"background-color: #e4e1e1; color: #333333; font-family: inherit; font-size: 14px; font-weight: bold; overflow: hidden; padding: 5px; text-align: right; vertical-align: top; word-break: normal; border: 1px solid; height: 27px; width: 46.5812%;\">Latausaika (60V \/ 35Ah)<\/td>\n<td style=\"font-family: inherit; font-size: 14px; overflow: hidden; padding: 5px; text-align: center; vertical-align: top; word-break: normal; border: 1px solid; height: 27px; width: 53.2051%;\">17.5h \u2013 vakiolaturilla; 7h \u2013 pikalaturilla<\/td>\n<\/tr>\n<tr style=\"height: 27px;\">\n<td style=\"background-color: #e4e1e1; color: #333333; font-family: inherit; font-size: 14px; font-weight: bold; overflow: hidden; padding: 5px; text-align: right; vertical-align: top; word-break: normal; border: 1px solid; height: 27px; width: 46.5812%;\">Painoraja<\/td>\n<td style=\"font-family: inherit; font-size: 14px; overflow: hidden; padding: 5px; text-align: center; vertical-align: top; word-break: normal; border: 1px solid; height: 27px; width: 53.2051%;\">120kg<\/td>\n<\/tr>\n<tr style=\"height: 27px;\">\n<td style=\"background-color: #e4e1e1; color: #333333; font-family: inherit; font-size: 14px; font-weight: bold; overflow: hidden; padding: 5px; text-align: right; vertical-align: top; word-break: normal; border: 1px solid; height: 27px; width: 46.5812%;\">Valmistusnopeus<\/td>\n<td style=\"font-family: inherit; font-size: 14px; overflow: hidden; padding: 5px; text-align: center; vertical-align: top; word-break: normal; border: 1px solid; height: 27px; width: 53.2051%;\">25km\/h<\/td>\n<\/tr>\n<tr style=\"height: 27px;\">\n<td style=\"background-color: #e4e1e1; color: #333333; font-family: inherit; font-size: 14px; font-weight: bold; overflow: hidden; padding: 5px; text-align: right; vertical-align: top; word-break: normal; border: 1px solid; height: 27px; width: 46.5812%;\">Paino<\/td>\n<td style=\"font-family: inherit; font-size: 14px; overflow: hidden; padding: 5px; text-align: center; vertical-align: top; word-break: normal; border: 1px solid; height: 27px; width: 53.2051%;\">30kg (24Ah) \/ 32kg (30Ah)<\/td>\n<\/tr>\n<tr style=\"height: 27px;\">\n<td style=\"background-color: #e4e1e1; color: #333333; font-family: inherit; font-size: 14px; font-weight: bold; overflow: hidden; padding: 5px; text-align: right; vertical-align: top; word-break: normal; border: 1px solid; height: 27px; width: 46.5812%;\">Renkaat<\/td>\n<td style=\"font-family: inherit; font-size: 14px; overflow: hidden; padding: 5px; text-align: center; vertical-align: top; word-break: normal; border: 1px solid; height: 27px; width: 53.2051%;\">10\u00d73.00\u2033 leve\u00e4t ilmarenkaat, joissa on sis\u00e4putki<\/td>\n<\/tr>\n<tr style=\"height: 27px;\">\n<td style=\"background-color: #e4e1e1; color: #333333; font-family: inherit; font-size: 14px; font-weight: bold; overflow: hidden; padding: 5px; text-align: right; vertical-align: top; word-break: normal; border: 1px solid; height: 27px; width: 46.5812%;\">Amortisaattorit<\/td>\n<td style=\"font-family: inherit; font-size: 14px; overflow: hidden; padding: 5px; text-align: center; vertical-align: top; word-break: normal; border: 1px solid; height: 27px; width: 53.2051%;\">Kumipuska kasetit - 5 erilaista j\u00e4ykkyyden vaihtoehtoa<\/td>\n<\/tr>\n<tr style=\"height: 55px;\">\n<td style=\"background-color: #e4e1e1; color: #333333; font-family: inherit; font-size: 14px; font-weight: bold; overflow: hidden; padding: 5px; text-align: right; vertical-align: top; word-break: normal; border: 1px solid; height: 55px; width: 46.5812%;\">\n<p>Valot<\/p>\n<\/td>\n<td style=\"font-family: inherit; font-size: 14px; overflow: hidden; padding: 5px; text-align: center; vertical-align: top; word-break: normal; border: 1px solid; height: 55px; width: 53.2051%;\">LED etu- ja takavalot, jarruvalot, varoitusvalot, LED-valot<\/td>\n<\/tr>\n<tr style=\"height: 27px;\">\n<td style=\"background-color: #e4e1e1; color: #333333; font-family: inherit; font-size: 14px; font-weight: bold; overflow: hidden; padding: 5px; text-align: right; vertical-align: top; word-break: normal; border: 1px solid; height: 27px; width: 46.5812%;\">Tien enimm\u00e4iskaltevuus<\/td>\n<td style=\"font-family: inherit; font-size: 14px; overflow: hidden; padding: 5px; text-align: center; vertical-align: top; word-break: normal; border: 1px solid; height: 27px; width: 53.2051%;\">30 astetta<\/td>\n<\/tr>\n<\/tbody>\n<\/table>\n<p>\u00a0<\/p>\n","protected":false},"excerpt":{"rendered":"<p><a href=\"http:\/\/www.xn--tuksimaailm-ffb.ee\/kontakt\/\"><strong>L\u00f6ysitk\u00f6 paremman hinnan? Kirjoita meille, niin teemme sinulle paremman tarjouksen!<\/strong><\/a><\/p>\n<p><strong>Kaikki\u00a0<\/strong><a href=\"http:\/\/www.xn--tuksimaailm-ffb.ee\/tootekategooria\/lisavarustus\/\"><strong>lis\u00e4varusteet ja varaosat<\/strong><\/a><strong> ovat -20 %, kun ne ostetaan s\u00e4hk\u00f6skootterin kanssa. Alennus otetaan automaattisesti k\u00e4ytt\u00f6\u00f6n, kun lis\u00e4\u00e4t sen ostoskoriin!\u00a0<\/strong><strong> <br \/><\/strong><\/p>\n<p><em><strong>Toimitusaika: 1-5tp<\/p>\n<p><\/strong><\/em><\/p>\n","protected":false},"featured_media":33201,"template":"","meta":[],"product_brand":[],"product_cat":[926],"product_tag":[],"filter_elektritoukeratas":[],"class_list":{"0":"post-39447","1":"product","2":"type-product","3":"status-publish","4":"has-post-thumbnail","6":"product_cat-sahkopotkulaudat-fi","7":"product_shipping_class-keskmine-pakk-fi","8":"pa_aku-mahutavus-wh-1680-fi","9":"pa_aku-mahutavus-wh-2100-fi","10":"pa_kaal-kg-32-fi","11":"pa_kandevoime-kg-120-fi","12":"pa_labisoit-arvutuslik-km-140-fi","13":"pa_mootorite-arv-kahdella-moottorilla","14":"pa_muuja-platvormil-touksimaailm-exocool-ou-fi","15":"pa_piiramata-tippkiirus-kmh-25-fi","16":"pa_size-dualtron-victor-luxury-plus-28ah-fi","17":"pa_size-dualtron-victor-luxury-plus-35ah-fi","18":"pa_tootetuup-elektritoukeratas-fi","19":"pa_valmistaja-dualtron-fi","20":"pa_voimsus-w-1000-fi","22":"first","23":"instock","24":"taxable","25":"shipping-taxable","26":"purchasable","27":"product-type-variable"},"yoast_head":"<!-- This site is optimized with the Yoast SEO Premium plugin v26.8 (Yoast SEO v27.5) - https:\/\/yoast.com\/product\/yoast-seo-premium-wordpress\/ -->\n<title>Dualtron Victor Luxury Plus s\u00e4hk\u00f6potkulauta | T\u00f5uksimaailm<\/title>\n<meta name=\"description\" content=\"Dualtron Victor Luxury Plus elektrit\u00f5ukeratas. Esmaklassiline elektriline t\u00f5ukeratas. Kompaktsed elektrilised t\u00f5ukerattad. Minimotors elektrit\u00f5ukerattad.\" \/>\n<meta name=\"robots\" content=\"index, follow, max-snippet:-1, max-image-preview:large, max-video-preview:-1\" \/>\n<link rel=\"canonical\" href=\"https:\/\/www.xn--tuksimaailm-ffb.ee\/fi\/shop\/dualtron-victor-luxury-plus-sahkopotkulauta\/\" \/>\n<meta property=\"og:locale\" content=\"fi_FI\" \/>\n<meta property=\"og:type\" content=\"article\" \/>\n<meta property=\"og:title\" content=\"Dualtron Victor Luxury Plus s\u00e4hk\u00f6potkulauta\" \/>\n<meta property=\"og:description\" content=\"Dualtron Victor Luxury Plus elektrit\u00f5ukeratas. Esmaklassiline elektriline t\u00f5ukeratas. Kompaktsed elektrilised t\u00f5ukerattad. Minimotors elektrit\u00f5ukerattad.\" \/>\n<meta property=\"og:url\" content=\"https:\/\/www.xn--tuksimaailm-ffb.ee\/fi\/shop\/dualtron-victor-luxury-plus-sahkopotkulauta\/\" \/>\n<meta property=\"og:site_name\" content=\"T\u00f5uksimaailm\" \/>\n<meta property=\"article:publisher\" content=\"https:\/\/www.facebook.com\/touksimaailm\/\" \/>\n<meta property=\"article:modified_time\" content=\"2024-11-06T14:27:28+00:00\" \/>\n<meta property=\"og:image\" content=\"https:\/\/www.xn--tuksimaailm-ffb.ee\/wp-content\/uploads\/2023\/03\/Dualtron-Victor-Luxury-Plus-elektritoukeratas-elektriline-toukeratas-elektritoukerattad-elektrilised-toukerattad-1.webp\" \/>\n\t<meta property=\"og:image:width\" content=\"2000\" \/>\n\t<meta property=\"og:image:height\" content=\"2000\" \/>\n\t<meta property=\"og:image:type\" content=\"image\/webp\" \/>\n<meta name=\"twitter:card\" content=\"summary_large_image\" \/>\n<meta name=\"twitter:label1\" content=\"Saatavuus\" \/>\n\t<meta name=\"twitter:data1\" content=\"Varastossa\" \/>\n<meta property=\"og:availability\" content=\"instock\" \/>\n<meta property=\"product:availability\" content=\"instock\" \/>\n<meta property=\"product:retailer_item_id\" content=\"DT-VICTOR-LUXURY-PLUS\" \/>\n<meta property=\"product:condition\" content=\"new\" \/>\n<!-- \/ Yoast SEO Premium plugin. -->","yoast_head_json":{"title":"Dualtron Victor Luxury Plus s\u00e4hk\u00f6potkulauta | T\u00f5uksimaailm","description":"Dualtron Victor Luxury Plus elektrit\u00f5ukeratas. Esmaklassiline elektriline t\u00f5ukeratas. Kompaktsed elektrilised t\u00f5ukerattad. Minimotors elektrit\u00f5ukerattad.","robots":{"index":"index","follow":"follow","max-snippet":"max-snippet:-1","max-image-preview":"max-image-preview:large","max-video-preview":"max-video-preview:-1"},"canonical":"https:\/\/www.xn--tuksimaailm-ffb.ee\/fi\/shop\/dualtron-victor-luxury-plus-sahkopotkulauta\/","og_locale":"fi_FI","og_type":"article","og_title":"Dualtron Victor Luxury Plus s\u00e4hk\u00f6potkulauta","og_description":"Dualtron Victor Luxury Plus elektrit\u00f5ukeratas. Esmaklassiline elektriline t\u00f5ukeratas. Kompaktsed elektrilised t\u00f5ukerattad. Minimotors elektrit\u00f5ukerattad.","og_url":"https:\/\/www.xn--tuksimaailm-ffb.ee\/fi\/shop\/dualtron-victor-luxury-plus-sahkopotkulauta\/","og_site_name":"T\u00f5uksimaailm","article_publisher":"https:\/\/www.facebook.com\/touksimaailm\/","article_modified_time":"2024-11-06T14:27:28+00:00","og_image":[{"width":2000,"height":2000,"url":"https:\/\/www.xn--tuksimaailm-ffb.ee\/wp-content\/uploads\/2023\/03\/Dualtron-Victor-Luxury-Plus-elektritoukeratas-elektriline-toukeratas-elektritoukerattad-elektrilised-toukerattad-1.webp","type":"image\/webp"}],"twitter_card":"summary_large_image","twitter_misc":{"Saatavuus":"Varastossa"},"schema":{"@context":"https:\/\/schema.org","@graph":[{"@type":"WebPage","@id":"https:\/\/www.xn--tuksimaailm-ffb.ee\/fi\/shop\/dualtron-victor-luxury-plus-sahkopotkulauta\/","url":"https:\/\/www.xn--tuksimaailm-ffb.ee\/fi\/shop\/dualtron-victor-luxury-plus-sahkopotkulauta\/","name":"Dualtron Victor Luxury Plus s\u00e4hk\u00f6potkulauta | T\u00f5uksimaailm","isPartOf":{"@id":"https:\/\/www.xn--tuksimaailm-ffb.ee\/fi\/#website"},"primaryImageOfPage":{"@id":"https:\/\/www.xn--tuksimaailm-ffb.ee\/fi\/shop\/dualtron-victor-luxury-plus-sahkopotkulauta\/#primaryimage"},"image":{"@id":"https:\/\/www.xn--tuksimaailm-ffb.ee\/fi\/shop\/dualtron-victor-luxury-plus-sahkopotkulauta\/#primaryimage"},"thumbnailUrl":"https:\/\/www.xn--tuksimaailm-ffb.ee\/wp-content\/uploads\/2023\/03\/Dualtron-Victor-Luxury-Plus-elektritoukeratas-elektriline-toukeratas-elektritoukerattad-elektrilised-toukerattad-1.webp","datePublished":"2023-03-11T10:33:51+00:00","dateModified":"2024-11-06T14:27:28+00:00","description":"Dualtron Victor Luxury Plus elektrit\u00f5ukeratas. Esmaklassiline elektriline t\u00f5ukeratas. Kompaktsed elektrilised t\u00f5ukerattad. Minimotors elektrit\u00f5ukerattad.","breadcrumb":{"@id":"https:\/\/www.xn--tuksimaailm-ffb.ee\/fi\/shop\/dualtron-victor-luxury-plus-sahkopotkulauta\/#breadcrumb"},"inLanguage":"fi","potentialAction":[{"@type":"ReadAction","target":["https:\/\/www.xn--tuksimaailm-ffb.ee\/fi\/shop\/dualtron-victor-luxury-plus-sahkopotkulauta\/"]}]},{"@type":"ImageObject","inLanguage":"fi","@id":"https:\/\/www.xn--tuksimaailm-ffb.ee\/fi\/shop\/dualtron-victor-luxury-plus-sahkopotkulauta\/#primaryimage","url":"https:\/\/www.xn--tuksimaailm-ffb.ee\/wp-content\/uploads\/2023\/03\/Dualtron-Victor-Luxury-Plus-elektritoukeratas-elektriline-toukeratas-elektritoukerattad-elektrilised-toukerattad-1.webp","contentUrl":"https:\/\/www.xn--tuksimaailm-ffb.ee\/wp-content\/uploads\/2023\/03\/Dualtron-Victor-Luxury-Plus-elektritoukeratas-elektriline-toukeratas-elektritoukerattad-elektrilised-toukerattad-1.webp","width":2000,"height":2000,"caption":"Dualtron Victor Luxury Plus elektrit\u00f5ukeratas elektriline t\u00f5ukeratas elektrit\u00f5ukerattad elektrilised t\u00f5ukerattad 1"},{"@type":"BreadcrumbList","@id":"https:\/\/www.xn--tuksimaailm-ffb.ee\/fi\/shop\/dualtron-victor-luxury-plus-sahkopotkulauta\/#breadcrumb","itemListElement":[{"@type":"ListItem","position":1,"name":"Home","item":"https:\/\/www.xn--tuksimaailm-ffb.ee\/fi\/kotisivu\/"},{"@type":"ListItem","position":2,"name":"Kauppa","item":"https:\/\/www.xn--tuksimaailm-ffb.ee\/elektritoukerataste-pood\/"},{"@type":"ListItem","position":3,"name":"Dualtron Victor Luxury Plus s\u00e4hk\u00f6potkulauta"}]},{"@type":"WebSite","@id":"https:\/\/www.xn--tuksimaailm-ffb.ee\/fi\/#website","url":"https:\/\/www.xn--tuksimaailm-ffb.ee\/fi\/","name":"T\u00f5uksimaailm","description":"Elektrit\u00f5ukerataste m\u00fc\u00fck, remont ja rent","publisher":{"@id":"https:\/\/www.xn--tuksimaailm-ffb.ee\/fi\/#organization"},"potentialAction":[{"@type":"SearchAction","target":{"@type":"EntryPoint","urlTemplate":"https:\/\/www.xn--tuksimaailm-ffb.ee\/fi\/?s={search_term_string}"},"query-input":{"@type":"PropertyValueSpecification","valueRequired":true,"valueName":"search_term_string"}}],"inLanguage":"fi"},{"@type":"Organization","@id":"https:\/\/www.xn--tuksimaailm-ffb.ee\/fi\/#organization","name":"T\u00f5uksimaailm","url":"https:\/\/www.xn--tuksimaailm-ffb.ee\/fi\/","logo":{"@type":"ImageObject","inLanguage":"fi","@id":"https:\/\/www.xn--tuksimaailm-ffb.ee\/fi\/#\/schema\/logo\/image\/","url":"https:\/\/www.xn--tuksimaailm-ffb.ee\/wp-content\/uploads\/2020\/01\/logoz-e1579792875517.png","contentUrl":"https:\/\/www.xn--tuksimaailm-ffb.ee\/wp-content\/uploads\/2020\/01\/logoz-e1579792875517.png","width":250,"height":250,"caption":"T\u00f5uksimaailm"},"image":{"@id":"https:\/\/www.xn--tuksimaailm-ffb.ee\/fi\/#\/schema\/logo\/image\/"},"sameAs":["https:\/\/www.facebook.com\/touksimaailm\/","https:\/\/www.instagram.com\/touksimaailm_\/","https:\/\/www.youtube.com\/channel\/UC18ml0EKIDLP1xGuQjFzcXQ"]}]},"og_availability":"instock","product_availability":"instock","product_retailer_item_id":"DT-VICTOR-LUXURY-PLUS","product_condition":"new"},"jetpack_sharing_enabled":true,"_links":{"self":[{"href":"https:\/\/www.xn--tuksimaailm-ffb.ee\/fi\/wp-json\/wp\/v2\/product\/39447","targetHints":{"allow":["GET"]}}],"collection":[{"href":"https:\/\/www.xn--tuksimaailm-ffb.ee\/fi\/wp-json\/wp\/v2\/product"}],"about":[{"href":"https:\/\/www.xn--tuksimaailm-ffb.ee\/fi\/wp-json\/wp\/v2\/types\/product"}],"wp:featuredmedia":[{"embeddable":true,"href":"https:\/\/www.xn--tuksimaailm-ffb.ee\/fi\/wp-json\/wp\/v2\/media\/33201"}],"wp:attachment":[{"href":"https:\/\/www.xn--tuksimaailm-ffb.ee\/fi\/wp-json\/wp\/v2\/media?parent=39447"}],"wp:term":[{"taxonomy":"product_brand","embeddable":true,"href":"https:\/\/www.xn--tuksimaailm-ffb.ee\/fi\/wp-json\/wp\/v2\/product_brand?post=39447"},{"taxonomy":"product_cat","embeddable":true,"href":"https:\/\/www.xn--tuksimaailm-ffb.ee\/fi\/wp-json\/wp\/v2\/product_cat?post=39447"},{"taxonomy":"product_tag","embeddable":true,"href":"https:\/\/www.xn--tuksimaailm-ffb.ee\/fi\/wp-json\/wp\/v2\/product_tag?post=39447"},{"taxonomy":"filter_elektritoukeratas","embeddable":true,"href":"https:\/\/www.xn--tuksimaailm-ffb.ee\/fi\/wp-json\/wp\/v2\/filter_elektritoukeratas?post=39447"}],"curies":[{"name":"wp","href":"https:\/\/api.w.org\/{rel}","templated":true}]}}