{"id":39711,"date":"2021-12-31T16:51:52","date_gmt":"2021-12-31T14:51:52","guid":{"rendered":"http:\/\/www.xn--tuksimaailm-ffb.ee\/shop\/kugoo-kirin-m4-pro-sahkopotkulauta\/"},"modified":"2024-03-20T14:10:47","modified_gmt":"2024-03-20T11:10:47","slug":"kugoo-kirin-m4-pro-sahkopotkulauta","status":"publish","type":"product","link":"https:\/\/www.xn--tuksimaailm-ffb.ee\/fi\/shop\/kugoo-kirin-m4-pro-sahkopotkulauta\/","title":{"rendered":"Kugoo Kirin M4 Pro s\u00e4hk\u00f6potkulauta"},"content":{"rendered":"<h2 style=\"text-align: center;\">KUGOO KIRIN M4 PRO S\u00c4HK\u00d6POTKULAUTA - TUOTEKUVAUS<\/h2>\n<p>Kugoo Kirin M4 Pro -s\u00e4hk\u00f6skootteri on yksi Viron suosituimmista s\u00e4hk\u00f6skoottereista. M4 Pro -s\u00e4hk\u00f6skootteri on hyvin yleinen valinta niille, jotka haluavat hankkia ensimm\u00e4isen s\u00e4hk\u00f6skootterinsa, jolla on hyv\u00e4 suorituskyky ja vastinetta rahalle. Ja hyv\u00e4st\u00e4 syyst\u00e4, sill\u00e4 Kugoo M4 Pro -s\u00e4hk\u00f6skootteri on yksi maailman parhaista s\u00e4hk\u00f6skoottereista hinnan ja tehon\/mukavuuden\/akun kapasiteetin suhteen. S\u00e4\u00e4dett\u00e4v\u00e4 ohjaustangon korkeus sek\u00e4 pitk\u00e4 ja leve\u00e4 jalusta tekev\u00e4t M4 Pro -s\u00e4hk\u00f6skootterista sopivan ja mukavan kaiken pituisille ihmisille. Kuten useimmat Kugoo-s\u00e4hk\u00f6skootterit, M4 Pro on saatavana mustan ja punaisen v\u00e4riyhdistelm\u00e4n\u00e4.<\/p>\n<p>Kugoo Kirin M4 Pro -s\u00e4hk\u00f6potkulauta, jossa on <strong>48V\/18Ah\/864Wh litiumakku<\/strong>, on saatavilla skootterimaailmassa. M4 Pro voi kulkea <strong>jopa 70km<\/strong> t\u00e4ydell\u00e4 akulla. Kuten mink\u00e4 tahansa s\u00e4hk\u00f6potkulaudan kohdalla, realistinen matka, jonka keskipainoinen henkil\u00f6 voi kulkea keskivertovauhdilla t\u00e4ydell\u00e4 akulla, on 35-55 km. Kugoo Kirin M4 Pro -s\u00e4hk\u00f6potkulauta on varustettu eritt\u00e4in nopealla taittomekanismilla, jonka ansiosta s\u00e4hk\u00f6potkulauta taittuu kokoon eritt\u00e4in nopeasti. Taittaminen tapahtuu v\u00e4litt\u00f6m\u00e4sti jalustan edess\u00e4, mik\u00e4 takaa s\u00e4hk\u00f6potkulaitteen eritt\u00e4in lyhyen pituuden taitettuna ja tekee M4 Pro -skootterin sijoittamisesta auton tavaratilaan eritt\u00e4in helppoa..<\/p>\n<p>S\u00e4hk\u00f6skootterin kuljettamiseksi kokoontaitetussa asennossa jalustan takaosaan on asennettu putkimainen rakenne, joka on eritt\u00e4in k\u00e4tev\u00e4 tarttua kuljetuksen aikana. Se toimii my\u00f6s eritt\u00e4in hyvin jalkatukena ajettaessa. Kugoo M4 Pro -s\u00e4hk\u00f6potkulauta on varustettu <strong>500W<\/strong> BLDC-s\u00e4hk\u00f6moottorilla.<img decoding=\"async\" class=\"wp-image-7300 aligncenter\" src=\"https:\/\/www.xn--tuksimaailm-ffb.ee\/wp-content\/uploads\/2021\/12\/m4-pro-8a-300x148.png\" alt=\"kugoo m4 pro elektrit\u00f5ukeratas elektriline t\u00f5ukeratas elektrit\u00f5ukerattad\" width=\"681\" height=\"336\" srcset=\"https:\/\/www.xn--tuksimaailm-ffb.ee\/wp-content\/uploads\/2021\/12\/m4-pro-8a-300x148.png 300w, https:\/\/www.xn--tuksimaailm-ffb.ee\/wp-content\/uploads\/2021\/12\/m4-pro-8a-768x378.png 768w, https:\/\/www.xn--tuksimaailm-ffb.ee\/wp-content\/uploads\/2021\/12\/m4-pro-8a-609x300.png 609w, https:\/\/www.xn--tuksimaailm-ffb.ee\/wp-content\/uploads\/2021\/12\/m4-pro-8a-611x300.png 611w, https:\/\/www.xn--tuksimaailm-ffb.ee\/wp-content\/uploads\/2021\/12\/m4-pro-8a-600x295.png 600w, https:\/\/www.xn--tuksimaailm-ffb.ee\/wp-content\/uploads\/2021\/12\/m4-pro-8a.png 928w\" sizes=\"(max-width: 681px) 100vw, 681px\" \/><\/p>\n<h2 style=\"text-align: center;\">KUGOO M4 PRO S\u00c4HK\u00d6POTKULAUTA - TEKNISET TIEDOT<\/h2>\n<p>Kugoo on eritt\u00e4in suosittu s\u00e4hk\u00f6potkulautojen tuotemerkki l\u00e4hinn\u00e4 It\u00e4-Euroopassa ja Baltian alueella, mutta viime vuosina my\u00f6s yh\u00e4 enemm\u00e4n muualla Euroopassa. Kugoo-s\u00e4hk\u00f6skootterit ovat l\u00f6yt\u00e4neet tiens\u00e4 ihmisten syd\u00e4miin nimenomaan erinomaisen hinta-laatusuhteensa ansiosta, sill\u00e4 ne ovat usein jopa puolet kalliimpien premium-merkkien, kuten Inokimin ja Vsettin, hinnasta. Kugoo M4 Pro -s\u00e4hk\u00f6skootteri on eritt\u00e4in hyv\u00e4 valinta my\u00f6s siksi, ett\u00e4 sen teho (500W) on alle 1000W, joka on liikennelain mukaan Virossa s\u00e4hk\u00f6k\u00e4ytt\u00f6isen skootterin suurin sallittu teho. T\u00e4m\u00e4 tarkoittaa, ett\u00e4 Kugoo Kirin M4 Pro -s\u00e4hk\u00f6skootterilla voi ajaa huoletta kevyen liikenteen teill\u00e4 ja poluilla. Lain mukaan valmistajan asettama nopeusrajoitus s\u00e4hk\u00f6skootterille on <strong>25km\/h<\/strong>.<\/p>\n<p>Tukevan rakenteensa ansiosta s\u00e4hk\u00f6potkulauta on eritt\u00e4in vaikuttava <strong>150kg<\/strong> enimm\u00e4iskantavuus. Akun t\u00e4yteen lataaminen kest\u00e4\u00e4 <strong>8h<\/strong> skootterin mukana pakkauksessa tulevalla laturilla. Kugoo Kirin M4:ll\u00e4 on my\u00f6s etu-, sivu- ja taka-LED-valot. Etuvalo on niin tehokas, ettei ohjaustankoon tarvitse asentaa lis\u00e4valoja pime\u00e4ss\u00e4 ajamista varten. Kyp\u00e4r\u00e4n k\u00e4ytt\u00f6 on eritt\u00e4in suositeltavaa s\u00e4hk\u00f6moottorilla ajettaessa. Alle 16-vuotiaille s\u00e4hk\u00f6potkulautailijoille kyp\u00e4r\u00e4n k\u00e4ytt\u00f6 ajon aikana on\u00a0<a href=\"https:\/\/www.riigiteataja.ee\/akt\/113112020001\">lain<\/a> mukaan pakollista. Kaikki s\u00e4hk\u00f6skootterit l\u00f6ytyv\u00e4t <a href=\"http:\/\/www.xn--tuksimaailm-ffb.ee\/tootekategooria\/elektritoukeratas\/\">t\u00e4st\u00e4<\/a>.<\/p>\n<p><strong>Jos ostat s\u00e4hk\u00f6skootterin kaupastamme, saat kaikki <\/strong><a href=\"http:\/\/www.xn--tuksimaailm-ffb.ee\/tootekategooria\/lisavarustus\/\"><strong>lis\u00e4varusteet<\/strong><\/a><strong> -20%!<\/strong><\/p>\n<p><span style=\"font-size: 12pt;\"><strong style=\"box-sizing: inherit; margin: 0px; padding: 0px; border: 0px; font-variant-numeric: inherit; font-variant-east-asian: inherit; font-stretch: inherit; line-height: inherit;\">Kugoo M4 Pro 18Ah -s\u00e4hk\u00f6potkulauta on Viron liikennelain mukainen katu-oikeutettu kevytskootteri, jonka valmistajan teho on 500W ja valmistajan nopeus 25km\/h. Jos k\u00e4ytt\u00e4j\u00e4 on itsen\u00e4isesti muuttanut s\u00e4hk\u00f6skootteria edell\u00e4 mainittuja parametreja nopeammaksi tai tehokkaammaksi, T\u00f5uksimaailm ei ole vastuussa lain rikkomisesta aiheutuvista sakoista, s\u00e4hk\u00f6skootterin takavarikoimisesta poliisin toimesta tai mist\u00e4\u00e4n muustakaan rikkomisesta aiheutuneesta vahingosta.<\/strong><\/span><\/p>\n<table class=\"tg\" style=\"border-collapse: collapse; max-width: 600px; border-spacing: 0; margin: 0px auto;\">\n<tbody>\n<tr>\n<td style=\"background-color: #e4e1e1; color: #333333; font-family: inherit; font-size: 14px; font-weight: bold; overflow: hidden; padding: 5px 5px; text-align: center; vertical-align: top; word-break: normal; border: 1px solid;\" colspan=\"2\">Tekniset tiedot<\/td>\n<\/tr>\n<tr>\n<td style=\"background-color: #e4e1e1; color: #333333; font-family: inherit; font-size: 14px; font-weight: bold; overflow: hidden; padding: 5px 5px; text-align: right; vertical-align: top; word-break: normal; border: 1px solid;\">Paino<\/td>\n<td style=\"font-family: inherit; font-size: 14px; overflow: hidden; padding: 5px 5px; text-align: center; vertical-align: top; word-break: normal; border: 1px solid;\">25kg<\/td>\n<\/tr>\n<tr>\n<td style=\"background-color: #e4e1e1; color: #333333; font-family: inherit; font-size: 14px; font-weight: bold; overflow: hidden; padding: 5px 5px; text-align: right; vertical-align: top; word-break: normal; border: 1px solid;\">Nopeus<\/td>\n<td style=\"font-family: inherit; font-size: 14px; overflow: hidden; padding: 5px 5px; text-align: center; vertical-align: top; word-break: normal; border: 1px solid;\">tuotantonopeus 25km\/h<\/td>\n<\/tr>\n<tr>\n<td style=\"background-color: #e4e1e1; color: #333333; font-family: inherit; font-size: 14px; font-weight: bold; overflow: hidden; padding: 5px 5px; text-align: right; vertical-align: top; word-break: normal; border: 1px solid;\">Akku<\/td>\n<td style=\"font-family: inherit; font-size: 14px; overflow: hidden; padding: 5px 5px; text-align: center; vertical-align: top; word-break: normal; border: 1px solid;\">48V\/18Ah\/864Wh<\/td>\n<\/tr>\n<tr>\n<td style=\"background-color: #e4e1e1; color: #333333; font-family: inherit; font-size: 14px; font-weight: bold; overflow: hidden; padding: 5px 5px; text-align: right; vertical-align: top; word-break: normal; border: 1px solid;\">Moottori<\/td>\n<td style=\"font-family: inherit; font-size: 14px; overflow: hidden; padding: 5px 5px; text-align: center; vertical-align: top; word-break: normal; border: 1px solid;\">500W<\/td>\n<\/tr>\n<tr>\n<td style=\"background-color: #e4e1e1; color: #333333; font-family: inherit; font-size: 14px; font-weight: bold; overflow: hidden; padding: 5px 5px; text-align: right; vertical-align: top; word-break: normal; border: 1px solid;\">Vedenpit\u00e4vyys<\/td>\n<td style=\"font-family: inherit; font-size: 14px; overflow: hidden; padding: 5px 5px; text-align: center; vertical-align: top; word-break: normal; border: 1px solid;\">IP54<\/td>\n<\/tr>\n<tr>\n<td style=\"background-color: #e4e1e1; color: #333333; font-family: inherit; font-size: 14px; font-weight: bold; overflow: hidden; padding: 5px 5px; text-align: right; vertical-align: top; word-break: normal; border: 1px solid;\">Latausaika<\/td>\n<td style=\"font-family: inherit; font-size: 14px; overflow: hidden; padding: 5px 5px; text-align: center; vertical-align: top; word-break: normal; border: 1px solid;\">7-8h<\/td>\n<\/tr>\n<tr>\n<td style=\"background-color: #e4e1e1; color: #333333; font-family: inherit; font-size: 14px; font-weight: bold; overflow: hidden; padding: 5px 5px; text-align: right; vertical-align: top; word-break: normal; border: 1px solid;\">Ajomatka (valmistajan m\u00e4\u00e4rittely) | Laskettu ajomatka<\/td>\n<td style=\"font-family: inherit; font-size: 14px; overflow: hidden; padding: 5px 5px; text-align: center; vertical-align: top; word-break: normal; border: 1px solid;\">jopa 55km | 58km (25km\/h, 70kg kuljettaja, 15Wh\/km)<\/td>\n<\/tr>\n<tr>\n<td style=\"background-color: #e4e1e1; color: #333333; font-family: inherit; font-size: 14px; font-weight: bold; overflow: hidden; padding: 5px 5px; text-align: right; vertical-align: top; word-break: normal; border: 1px solid;\">Valot<\/td>\n<td style=\"font-family: inherit; font-size: 14px; overflow: hidden; padding: 5px 5px; text-align: center; vertical-align: top; word-break: normal; border: 1px solid;\">Etu ja taka LED<\/td>\n<\/tr>\n<tr>\n<td style=\"background-color: #e4e1e1; color: #333333; font-family: inherit; font-size: 14px; font-weight: bold; overflow: hidden; padding: 5px 5px; text-align: right; vertical-align: top; word-break: normal; border: 1px solid;\">Jarrut<\/td>\n<td style=\"font-family: inherit; font-size: 14px; overflow: hidden; padding: 5px 5px; text-align: center; vertical-align: top; word-break: normal; border: 1px solid;\">etu- ja takalevyjarrut<\/td>\n<\/tr>\n<tr>\n<td style=\"background-color: #e4e1e1; color: #333333; font-family: inherit; font-size: 14px; font-weight: bold; overflow: hidden; padding: 5px 5px; text-align: right; vertical-align: top; word-break: normal; border: 1px solid;\">Renkaat<\/td>\n<td style=\"font-family: inherit; font-size: 14px; overflow: hidden; padding: 5px 5px; text-align: center; vertical-align: top; word-break: normal; border: 1px solid;\">10\" ilmarengas<\/td>\n<\/tr>\n<tr>\n<td style=\"background-color: #e4e1e1; color: #333333; font-family: inherit; font-size: 14px; font-weight: bold; overflow: hidden; padding: 5px 5px; text-align: right; vertical-align: top; word-break: normal; border: 1px solid;\">Suurin kantavuus<\/td>\n<td style=\"font-family: inherit; font-size: 14px; overflow: hidden; padding: 5px 5px; text-align: center; vertical-align: top; word-break: normal; border: 1px solid;\">120kg<\/td>\n<\/tr>\n<tr>\n<td style=\"background-color: #e4e1e1; color: #333333; font-family: inherit; font-size: 14px; font-weight: bold; overflow: hidden; padding: 5px 5px; text-align: right; vertical-align: top; word-break: normal; border: 1px solid;\">Materiaali<\/td>\n<td style=\"font-family: inherit; font-size: 14px; overflow: hidden; padding: 5px 5px; text-align: center; vertical-align: top; word-break: normal; border: 1px solid;\">Alumiinirunko, kantavat osat ruostumatonta ter\u00e4st\u00e4<\/td>\n<\/tr>\n<\/tbody>\n<\/table>\n","protected":false},"excerpt":{"rendered":"<p><a href=\"http:\/\/www.xn--tuksimaailm-ffb.ee\/kontakt\/\"><strong>L\u00f6ysitk\u00f6 paremman hinnan? Kirjoita meille, niin teemme sinulle paremman tarjouksen!<\/strong><\/a><\/p>\n<p><strong>Kaikki\u00a0<\/strong><strong><a href=\"http:\/\/www.xn--tuksimaailm-ffb.ee\/tootekategooria\/lisavarustus\/\">lisavarusteet<\/a><\/strong><strong> ja\u00a0<\/strong><strong><a href=\"http:\/\/www.xn--tuksimaailm-ffb.ee\/tootekategooria\/elektritoukeratta-varuosad\/\">varuosat<\/a><\/strong><strong> ovat -20%, kun ne ostetaan s\u00e4hk\u00f6skootterin kanssa. Alennus otetaan automaattisesti k\u00e4ytt\u00f6\u00f6n, kun lis\u00e4\u00e4t sen ostoskoriin!<\/strong><\/p>\n<p><em><strong>Toimitusaika: 0-3tp<\/p>\n<p><\/strong><\/em><\/p>\n","protected":false},"featured_media":23992,"template":"","meta":[],"product_brand":[],"product_cat":[926],"product_tag":[],"filter_elektritoukeratas":[],"class_list":{"0":"post-39711","1":"product","2":"type-product","3":"status-publish","4":"has-post-thumbnail","6":"product_cat-sahkopotkulaudat-fi","7":"product_shipping_class-keskmine-pakk-fi","8":"pa_aku-mahutavus-wh-864-fi","9":"pa_kaal-kg-25-fi","10":"pa_kandevoime-kg-150-fi","11":"pa_labisoit-arvutuslik-km-58-fi","12":"pa_mootorite-arv-uhe-mootoriga-fi","13":"pa_muuja-platvormil-neli-pro-ou-fi","14":"pa_piiramata-tippkiirus-kmh-25-fi","15":"pa_tootetuup-elektritoukeratas-fi","16":"pa_valmistaja-kugoo-fi","17":"pa_voimsus-w-500-fi","19":"first","20":"outofstock","21":"taxable","22":"shipping-taxable","23":"purchasable","24":"product-type-simple"},"yoast_head":"<!-- This site is optimized with the Yoast SEO Premium plugin v26.8 (Yoast SEO v27.5) - https:\/\/yoast.com\/product\/yoast-seo-premium-wordpress\/ -->\n<title>Kugoo Kirin M4 Pro s\u00e4hk\u00f6potkulauta | Populaarne | T\u00f5uksimaailm<\/title>\n<meta name=\"description\" content=\"Kugoo Kirin M4 Pro elektrit\u00f5ukeratas. V\u00f5imas, kompaktne elektriline t\u00f5ukeratas. V\u00e4ga hea hinna ja v\u00f5imsuse \/ j\u00f5udluse suhtega. Kugoo elektrit\u00f5ukerattad.\" \/>\n<meta name=\"robots\" content=\"index, follow, max-snippet:-1, max-image-preview:large, max-video-preview:-1\" \/>\n<link rel=\"canonical\" href=\"https:\/\/www.xn--tuksimaailm-ffb.ee\/fi\/shop\/kugoo-kirin-m4-pro-sahkopotkulauta\/\" \/>\n<meta property=\"og:locale\" content=\"fi_FI\" \/>\n<meta property=\"og:type\" content=\"article\" \/>\n<meta property=\"og:title\" content=\"Kugoo Kirin M4 Pro s\u00e4hk\u00f6potkulauta\" \/>\n<meta property=\"og:description\" content=\"Kugoo Kirin M4 Pro elektrit\u00f5ukeratas. V\u00f5imas, kompaktne elektriline t\u00f5ukeratas. V\u00e4ga hea hinna ja v\u00f5imsuse \/ j\u00f5udluse suhtega. Kugoo elektrit\u00f5ukerattad.\" \/>\n<meta property=\"og:url\" content=\"https:\/\/www.xn--tuksimaailm-ffb.ee\/fi\/shop\/kugoo-kirin-m4-pro-sahkopotkulauta\/\" \/>\n<meta property=\"og:site_name\" content=\"T\u00f5uksimaailm\" \/>\n<meta property=\"article:publisher\" content=\"https:\/\/www.facebook.com\/touksimaailm\/\" \/>\n<meta property=\"article:modified_time\" content=\"2024-03-20T11:10:47+00:00\" \/>\n<meta property=\"og:image\" content=\"https:\/\/www.xn--tuksimaailm-ffb.ee\/wp-content\/uploads\/2021\/12\/m4-pro-1.png\" \/>\n\t<meta property=\"og:image:width\" content=\"939\" \/>\n\t<meta property=\"og:image:height\" content=\"909\" \/>\n\t<meta property=\"og:image:type\" content=\"image\/png\" \/>\n<meta name=\"twitter:card\" content=\"summary_large_image\" \/>\n<meta name=\"twitter:label1\" content=\"Hinta\" \/>\n\t<meta name=\"twitter:data1\" content=\"&euro;999.00\" \/>\n\t<meta name=\"twitter:label2\" content=\"Saatavuus\" \/>\n\t<meta name=\"twitter:data2\" content=\"Loppu varastosta\" \/>\n<meta property=\"product:price:amount\" content=\"999.00\" \/>\n<meta property=\"product:price:currency\" content=\"EUR\" \/>\n<meta property=\"og:availability\" content=\"out of stock\" \/>\n<meta property=\"product:availability\" content=\"out of stock\" \/>\n<meta property=\"product:retailer_item_id\" content=\"KirinM4Pro\" \/>\n<meta property=\"product:condition\" content=\"new\" \/>\n<!-- \/ Yoast SEO Premium plugin. -->","yoast_head_json":{"title":"Kugoo Kirin M4 Pro s\u00e4hk\u00f6potkulauta | Populaarne | T\u00f5uksimaailm","description":"Kugoo Kirin M4 Pro elektrit\u00f5ukeratas. V\u00f5imas, kompaktne elektriline t\u00f5ukeratas. V\u00e4ga hea hinna ja v\u00f5imsuse \/ j\u00f5udluse suhtega. Kugoo elektrit\u00f5ukerattad.","robots":{"index":"index","follow":"follow","max-snippet":"max-snippet:-1","max-image-preview":"max-image-preview:large","max-video-preview":"max-video-preview:-1"},"canonical":"https:\/\/www.xn--tuksimaailm-ffb.ee\/fi\/shop\/kugoo-kirin-m4-pro-sahkopotkulauta\/","og_locale":"fi_FI","og_type":"article","og_title":"Kugoo Kirin M4 Pro s\u00e4hk\u00f6potkulauta","og_description":"Kugoo Kirin M4 Pro elektrit\u00f5ukeratas. V\u00f5imas, kompaktne elektriline t\u00f5ukeratas. V\u00e4ga hea hinna ja v\u00f5imsuse \/ j\u00f5udluse suhtega. Kugoo elektrit\u00f5ukerattad.","og_url":"https:\/\/www.xn--tuksimaailm-ffb.ee\/fi\/shop\/kugoo-kirin-m4-pro-sahkopotkulauta\/","og_site_name":"T\u00f5uksimaailm","article_publisher":"https:\/\/www.facebook.com\/touksimaailm\/","article_modified_time":"2024-03-20T11:10:47+00:00","og_image":[{"width":939,"height":909,"url":"https:\/\/www.xn--tuksimaailm-ffb.ee\/wp-content\/uploads\/2021\/12\/m4-pro-1.png","type":"image\/png"}],"twitter_card":"summary_large_image","twitter_misc":{"Hinta":"&euro;999.00","Saatavuus":"Loppu varastosta"},"schema":{"@context":"https:\/\/schema.org","@graph":[{"@type":"WebPage","@id":"https:\/\/www.xn--tuksimaailm-ffb.ee\/fi\/shop\/kugoo-kirin-m4-pro-sahkopotkulauta\/","url":"https:\/\/www.xn--tuksimaailm-ffb.ee\/fi\/shop\/kugoo-kirin-m4-pro-sahkopotkulauta\/","name":"Kugoo Kirin M4 Pro s\u00e4hk\u00f6potkulauta | Populaarne | T\u00f5uksimaailm","isPartOf":{"@id":"https:\/\/www.xn--tuksimaailm-ffb.ee\/fi\/#website"},"primaryImageOfPage":{"@id":"https:\/\/www.xn--tuksimaailm-ffb.ee\/fi\/shop\/kugoo-kirin-m4-pro-sahkopotkulauta\/#primaryimage"},"image":{"@id":"https:\/\/www.xn--tuksimaailm-ffb.ee\/fi\/shop\/kugoo-kirin-m4-pro-sahkopotkulauta\/#primaryimage"},"thumbnailUrl":"https:\/\/www.xn--tuksimaailm-ffb.ee\/wp-content\/uploads\/2021\/12\/m4-pro-1.png","datePublished":"2021-12-31T14:51:52+00:00","dateModified":"2024-03-20T11:10:47+00:00","description":"Kugoo Kirin M4 Pro elektrit\u00f5ukeratas. V\u00f5imas, kompaktne elektriline t\u00f5ukeratas. V\u00e4ga hea hinna ja v\u00f5imsuse \/ j\u00f5udluse suhtega. Kugoo elektrit\u00f5ukerattad.","breadcrumb":{"@id":"https:\/\/www.xn--tuksimaailm-ffb.ee\/fi\/shop\/kugoo-kirin-m4-pro-sahkopotkulauta\/#breadcrumb"},"inLanguage":"fi","potentialAction":[{"@type":"ReadAction","target":["https:\/\/www.xn--tuksimaailm-ffb.ee\/fi\/shop\/kugoo-kirin-m4-pro-sahkopotkulauta\/"]}]},{"@type":"ImageObject","inLanguage":"fi","@id":"https:\/\/www.xn--tuksimaailm-ffb.ee\/fi\/shop\/kugoo-kirin-m4-pro-sahkopotkulauta\/#primaryimage","url":"https:\/\/www.xn--tuksimaailm-ffb.ee\/wp-content\/uploads\/2021\/12\/m4-pro-1.png","contentUrl":"https:\/\/www.xn--tuksimaailm-ffb.ee\/wp-content\/uploads\/2021\/12\/m4-pro-1.png","width":939,"height":909},{"@type":"BreadcrumbList","@id":"https:\/\/www.xn--tuksimaailm-ffb.ee\/fi\/shop\/kugoo-kirin-m4-pro-sahkopotkulauta\/#breadcrumb","itemListElement":[{"@type":"ListItem","position":1,"name":"Home","item":"https:\/\/www.xn--tuksimaailm-ffb.ee\/fi\/kotisivu\/"},{"@type":"ListItem","position":2,"name":"Kauppa","item":"https:\/\/www.xn--tuksimaailm-ffb.ee\/elektritoukerataste-pood\/"},{"@type":"ListItem","position":3,"name":"Kugoo Kirin M4 Pro s\u00e4hk\u00f6potkulauta"}]},{"@type":"WebSite","@id":"https:\/\/www.xn--tuksimaailm-ffb.ee\/fi\/#website","url":"https:\/\/www.xn--tuksimaailm-ffb.ee\/fi\/","name":"T\u00f5uksimaailm","description":"Elektrit\u00f5ukerataste m\u00fc\u00fck, remont ja rent","publisher":{"@id":"https:\/\/www.xn--tuksimaailm-ffb.ee\/fi\/#organization"},"potentialAction":[{"@type":"SearchAction","target":{"@type":"EntryPoint","urlTemplate":"https:\/\/www.xn--tuksimaailm-ffb.ee\/fi\/?s={search_term_string}"},"query-input":{"@type":"PropertyValueSpecification","valueRequired":true,"valueName":"search_term_string"}}],"inLanguage":"fi"},{"@type":"Organization","@id":"https:\/\/www.xn--tuksimaailm-ffb.ee\/fi\/#organization","name":"T\u00f5uksimaailm","url":"https:\/\/www.xn--tuksimaailm-ffb.ee\/fi\/","logo":{"@type":"ImageObject","inLanguage":"fi","@id":"https:\/\/www.xn--tuksimaailm-ffb.ee\/fi\/#\/schema\/logo\/image\/","url":"https:\/\/www.xn--tuksimaailm-ffb.ee\/wp-content\/uploads\/2020\/01\/logoz-e1579792875517.png","contentUrl":"https:\/\/www.xn--tuksimaailm-ffb.ee\/wp-content\/uploads\/2020\/01\/logoz-e1579792875517.png","width":250,"height":250,"caption":"T\u00f5uksimaailm"},"image":{"@id":"https:\/\/www.xn--tuksimaailm-ffb.ee\/fi\/#\/schema\/logo\/image\/"},"sameAs":["https:\/\/www.facebook.com\/touksimaailm\/","https:\/\/www.instagram.com\/touksimaailm_\/","https:\/\/www.youtube.com\/channel\/UC18ml0EKIDLP1xGuQjFzcXQ"]}]},"product_price_amount":"999.00","product_price_currency":"EUR","og_availability":"out of stock","product_availability":"out of stock","product_retailer_item_id":"KirinM4Pro","product_condition":"new"},"jetpack_sharing_enabled":true,"_links":{"self":[{"href":"https:\/\/www.xn--tuksimaailm-ffb.ee\/fi\/wp-json\/wp\/v2\/product\/39711","targetHints":{"allow":["GET"]}}],"collection":[{"href":"https:\/\/www.xn--tuksimaailm-ffb.ee\/fi\/wp-json\/wp\/v2\/product"}],"about":[{"href":"https:\/\/www.xn--tuksimaailm-ffb.ee\/fi\/wp-json\/wp\/v2\/types\/product"}],"wp:featuredmedia":[{"embeddable":true,"href":"https:\/\/www.xn--tuksimaailm-ffb.ee\/fi\/wp-json\/wp\/v2\/media\/23992"}],"wp:attachment":[{"href":"https:\/\/www.xn--tuksimaailm-ffb.ee\/fi\/wp-json\/wp\/v2\/media?parent=39711"}],"wp:term":[{"taxonomy":"product_brand","embeddable":true,"href":"https:\/\/www.xn--tuksimaailm-ffb.ee\/fi\/wp-json\/wp\/v2\/product_brand?post=39711"},{"taxonomy":"product_cat","embeddable":true,"href":"https:\/\/www.xn--tuksimaailm-ffb.ee\/fi\/wp-json\/wp\/v2\/product_cat?post=39711"},{"taxonomy":"product_tag","embeddable":true,"href":"https:\/\/www.xn--tuksimaailm-ffb.ee\/fi\/wp-json\/wp\/v2\/product_tag?post=39711"},{"taxonomy":"filter_elektritoukeratas","embeddable":true,"href":"https:\/\/www.xn--tuksimaailm-ffb.ee\/fi\/wp-json\/wp\/v2\/filter_elektritoukeratas?post=39711"}],"curies":[{"name":"wp","href":"https:\/\/api.w.org\/{rel}","templated":true}]}}