{"id":39777,"date":"2022-01-01T20:08:19","date_gmt":"2022-01-01T18:08:19","guid":{"rendered":"http:\/\/www.xn--tuksimaailm-ffb.ee\/shop\/kugoo-g2-pro-sahkopotkulauta\/"},"modified":"2024-10-30T17:39:53","modified_gmt":"2024-10-30T14:39:53","slug":"kugoo-g2-pro-sahkopotkulauta","status":"publish","type":"product","link":"https:\/\/www.xn--tuksimaailm-ffb.ee\/fi\/shop\/kugoo-g2-pro-sahkopotkulauta\/","title":{"rendered":"Kugoo G2 Pro s\u00e4hk\u00f6potkulauta"},"content":{"rendered":"<h2 style=\"text-align: center;\">KUGOO G2 PRO S\u00c4HK\u00d6POTKULAUTA - TUOTEKUVAUS<\/h2>\n<p>Kugoo G2 Pro -s\u00e4hk\u00f6skootteri on Kugoo-sarjan malli, joka julkaistaan vuonna 2022. G2 Pro -s\u00e4hk\u00f6skootteri on suunniteltu sopimaan <a href=\"http:\/\/www.xn--tuksimaailm-ffb.ee\/shop\/kugoo-g-booster-elektritoukeratas\/\">Kugoo G-Boosterin<\/a> ja <a href=\"http:\/\/www.xn--tuksimaailm-ffb.ee\/shop\/kugoo-kirin-m4-pro-elektritoukeratas\/\">Kugoo M4 Pron<\/a> v\u00e4liin. G2 Pro -s\u00e4hk\u00f6skootteri on siis yksimoottorinen, 9 tuuman py\u00f6rill\u00e4 varustettu, keinujousitettu malli, joka on huomattavasti kevyempi ja kompaktimpi kuin G-Booster ja mukavampi ja tehokkaampi kuin M4 Pro -s\u00e4hk\u00f6skootteri. Kuten kaikki Kugoo-s\u00e4hk\u00f6skootterit, my\u00f6s G2 Pro tarjoaa poikkeuksellista vastinetta rahalle.<\/p>\n<p>G2 Pro -s\u00e4hk\u00f6skootterissa on korkea ohjaustanko, joka tekee ajamisesta mukavaa ja miellytt\u00e4v\u00e4\u00e4 pidemmille kuljettajille. <strong>9\"<\/strong> paksut pneumaattiset renkaat auttavat vaimentamaan tielt\u00e4 s\u00e4hk\u00f6skootteriin siirtyv\u00e4\u00e4 t\u00e4rin\u00e4\u00e4. Etu- ja takaosan kumiholkkityyppiset iskunvaimentimet auttavat pehment\u00e4m\u00e4\u00e4n kyyti\u00e4 isompia kuoppia vastaan. Kugoo G2 Pro -s\u00e4hk\u00f6skootteri on saatavana <strong>48V\/15Ah\/720Wh<\/strong> Li-Ion-akulla. T\u00e4ydell\u00e4 akulla G2 Pro voi ajaa <strong>jopa 55km<\/strong>. Kuten mink\u00e4 tahansa s\u00e4hk\u00f6skootterin kohdalla, realistinen matka t\u00e4ysin ladatulla akulla ja nopealla vauhdilla on G2 Pro:lla todenn\u00e4k\u00f6isesti 40-48 km.<\/p>\n<p>G2 Pro -s\u00e4hk\u00f6potkulauta on varustettu eritt\u00e4in nopealla ja helpolla mutta turvallisella lukituskiinnitysj\u00e4rjestelm\u00e4ll\u00e4. Kugoo G2 Pro -s\u00e4hk\u00f6skootteri on varustettu <strong>6<\/strong><strong>00W<\/strong> harjattomalla moottorilla, jonka avulla saavutetaan 25km\/h maksiminopeus ilman suurempia ponnistuksia.<\/p>\n<h2 style=\"text-align: center;\">G2 PRO S\u00c4HK\u00d6POTKULAUTA - TEKNINEN KUVAUS<\/h2>\n<p>Kugoo on laajalti tunnettu nimi It\u00e4-Euroopassa ja Baltian alueella, mutta viime vuosina siit\u00e4 on tullut yh\u00e4 suositumpi my\u00f6s muualla Euroopassa. Kugoo-s\u00e4hk\u00f6skootterit ovat saavuttaneet niin suuren suosion nimenomaan erinomaisen hinta-laatusuhteensa ansiosta, sill\u00e4 ne ovat aina edullisempi vaihtoehto Inokimin ja Vsettin kaltaisille merkeille. G2 Pro -s\u00e4hk\u00f6skootteri on ihanteellinen valinta my\u00f6s siksi, ett\u00e4 s\u00e4hk\u00f6skootterin moottorin maksimiteho (600W) on alle 1kW, joka on Viron lain sallima maksimiteho kevyille s\u00e4hk\u00f6skoottereille. Kugoo G2 Pro -s\u00e4hk\u00f6skootterilla voi siis ajaa rangaistuksetta kevyen liikenteen v\u00e4ylill\u00e4 ja py\u00f6r\u00e4teill\u00e4. Lain mukaan valmistajan asettama nopeusrajoitus on <strong>25km\/h<\/strong>.<\/p>\n<p>G2 Pro -s\u00e4hk\u00f6potkulauta voi kantaa jopa <strong>120kg<\/strong>. Akun t\u00e4yteen lataaminen kest\u00e4\u00e4 vain <strong>7-8 tuntia<\/strong> s\u00e4hk\u00f6potkulaitteen laatikossa olevalla laturilla. Kyp\u00e4r\u00e4n k\u00e4ytt\u00e4minen on eritt\u00e4in suositeltavaa s\u00e4hk\u00f6potkulautaa k\u00e4ytett\u00e4ess\u00e4. Alle 16-vuotiaiden kuljettajien on lain mukaan pakko k\u00e4ytt\u00e4\u00e4 kyp\u00e4r\u00e4\u00e4 s\u00e4hk\u00f6skootterilla ajettaessa. Kaikki s\u00e4hk\u00f6skootterit l\u00f6ytyv\u00e4t <a href=\"http:\/\/www.xn--tuksimaailm-ffb.ee\/tootekategooria\/elektritoukeratas\/\"><strong>t\u00e4st\u00e4<\/strong><\/a>.<\/p>\n<p><strong>Kun ostat s\u00e4hk\u00f6potkulaudan kaupastamme, saat kaikki <a href=\"http:\/\/www.xn--tuksimaailm-ffb.ee\/tootekategooria\/lisavarustus\/\">lis\u00e4varusteet<\/a> -20%!<\/strong><\/p>\n<p><span style=\"font-size: 12pt;\"><strong style=\"box-sizing: inherit; margin: 0px; padding: 0px; border: 0px; font-variant-numeric: inherit; font-variant-east-asian: inherit; font-stretch: inherit; line-height: inherit;\">Kugoo G2 Pro -s\u00e4hk\u00f6potkulauta on Viron liikennelain mukainen katuoikeudellinen kevytskootteri, jonka valmistajan teho on 600W ja valmistajan nopeus 25km\/h. HUOM: Jos k\u00e4ytt\u00e4j\u00e4 on itsen\u00e4isesti muuttanut s\u00e4hk\u00f6potkulautaa nopeammaksi tai tehokkaammaksi kuin edell\u00e4 mainitut parametrit, ei T\u00f5uksimaailm ole vastuussa lain rikkomisesta aiheutuvista sakoista, s\u00e4hk\u00f6potkulautan takavarikoimisesta poliisin toimesta tai mist\u00e4\u00e4n muustakaan rikkomisesta aiheutuneesta vahingosta.<\/strong><\/span><\/p>\n<table class=\"tg\" style=\"border-collapse: collapse; max-width: 600px; border-spacing: 0; margin: 0px auto;\">\n<tbody>\n<tr>\n<td style=\"background-color: #e4e1e1; color: #333333; font-family: inherit; font-size: 14px; font-weight: bold; overflow: hidden; padding: 5px 5px; text-align: center; vertical-align: top; word-break: normal; border: 1px solid;\" colspan=\"2\">Tekniset tiedot<\/td>\n<\/tr>\n<tr>\n<td style=\"background-color: #e4e1e1; color: #333333; font-family: inherit; font-size: 14px; font-weight: bold; overflow: hidden; padding: 5px 5px; text-align: right; vertical-align: top; word-break: normal; border: 1px solid;\">Paino<\/td>\n<td style=\"font-family: inherit; font-size: 14px; overflow: hidden; padding: 5px 5px; text-align: center; vertical-align: top; word-break: normal; border: 1px solid;\">26.7kg<\/td>\n<\/tr>\n<tr>\n<td style=\"background-color: #e4e1e1; color: #333333; font-family: inherit; font-size: 14px; font-weight: bold; overflow: hidden; padding: 5px 5px; text-align: right; vertical-align: top; word-break: normal; border: 1px solid;\">Nopeus<\/td>\n<td style=\"font-family: inherit; font-size: 14px; overflow: hidden; padding: 5px 5px; text-align: center; vertical-align: top; word-break: normal; border: 1px solid;\">valmistusnopeus 25km\/h<\/td>\n<\/tr>\n<tr>\n<td style=\"background-color: #e4e1e1; color: #333333; font-family: inherit; font-size: 14px; font-weight: bold; overflow: hidden; padding: 5px 5px; text-align: right; vertical-align: top; word-break: normal; border: 1px solid;\">Akku<\/td>\n<td style=\"font-family: inherit; font-size: 14px; overflow: hidden; padding: 5px 5px; text-align: center; vertical-align: top; word-break: normal; border: 1px solid;\">48V\/15Ah\/720Wh<\/td>\n<\/tr>\n<tr>\n<td style=\"background-color: #e4e1e1; color: #333333; font-family: inherit; font-size: 14px; font-weight: bold; overflow: hidden; padding: 5px 5px; text-align: right; vertical-align: top; word-break: normal; border: 1px solid;\">Mootori<\/td>\n<td style=\"font-family: inherit; font-size: 14px; overflow: hidden; padding: 5px 5px; text-align: center; vertical-align: top; word-break: normal; border: 1px solid;\">600W<\/td>\n<\/tr>\n<tr>\n<td style=\"background-color: #e4e1e1; color: #333333; font-family: inherit; font-size: 14px; font-weight: bold; overflow: hidden; padding: 5px 5px; text-align: right; vertical-align: top; word-break: normal; border: 1px solid;\">Vedenpit\u00e4vyys<\/td>\n<td style=\"font-family: inherit; font-size: 14px; overflow: hidden; padding: 5px 5px; text-align: center; vertical-align: top; word-break: normal; border: 1px solid;\">IP54<\/td>\n<\/tr>\n<tr>\n<td style=\"background-color: #e4e1e1; color: #333333; font-family: inherit; font-size: 14px; font-weight: bold; overflow: hidden; padding: 5px 5px; text-align: right; vertical-align: top; word-break: normal; border: 1px solid;\">Latausaika<\/td>\n<td style=\"font-family: inherit; font-size: 14px; overflow: hidden; padding: 5px 5px; text-align: center; vertical-align: top; word-break: normal; border: 1px solid;\">7-8h<\/td>\n<\/tr>\n<tr>\n<td style=\"background-color: #e4e1e1; color: #333333; font-family: inherit; font-size: 14px; font-weight: bold; overflow: hidden; padding: 5px 5px; text-align: right; vertical-align: top; word-break: normal; border: 1px solid;\">Ajomatka (valmistajan m\u00e4\u00e4rittely) | Laskettu ajomatka<\/td>\n<td style=\"font-family: inherit; font-size: 14px; overflow: hidden; padding: 5px 5px; text-align: center; vertical-align: top; word-break: normal; border: 1px solid;\">jopa 55km | 48km (25km\/h, 70kg kuljettaja, 15Wh\/km)<\/td>\n<\/tr>\n<tr>\n<td style=\"background-color: #e4e1e1; color: #333333; font-family: inherit; font-size: 14px; font-weight: bold; overflow: hidden; padding: 5px 5px; text-align: right; vertical-align: top; word-break: normal; border: 1px solid;\">Valot<\/td>\n<td style=\"font-family: inherit; font-size: 14px; overflow: hidden; padding: 5px 5px; text-align: center; vertical-align: top; word-break: normal; border: 1px solid;\">Ees ja taga LED<\/td>\n<\/tr>\n<tr>\n<td style=\"background-color: #e4e1e1; color: #333333; font-family: inherit; font-size: 14px; font-weight: bold; overflow: hidden; padding: 5px 5px; text-align: right; vertical-align: top; word-break: normal; border: 1px solid;\">Jarrut<\/td>\n<td style=\"font-family: inherit; font-size: 14px; overflow: hidden; padding: 5px 5px; text-align: center; vertical-align: top; word-break: normal; border: 1px solid;\">etu- ja takalevyjarrut<\/td>\n<\/tr>\n<tr>\n<td style=\"background-color: #e4e1e1; color: #333333; font-family: inherit; font-size: 14px; font-weight: bold; overflow: hidden; padding: 5px 5px; text-align: right; vertical-align: top; word-break: normal; border: 1px solid;\">Renkaat<\/td>\n<td style=\"font-family: inherit; font-size: 14px; overflow: hidden; padding: 5px 5px; text-align: center; vertical-align: top; word-break: normal; border: 1px solid;\">9\" ilmarenkaat<\/td>\n<\/tr>\n<tr>\n<td style=\"background-color: #e4e1e1; color: #333333; font-family: inherit; font-size: 14px; font-weight: bold; overflow: hidden; padding: 5px 5px; text-align: right; vertical-align: top; word-break: normal; border: 1px solid;\">Suurin kantavuus<\/td>\n<td style=\"font-family: inherit; font-size: 14px; overflow: hidden; padding: 5px 5px; text-align: center; vertical-align: top; word-break: normal; border: 1px solid;\">120kg<\/td>\n<\/tr>\n<tr>\n<td style=\"background-color: #e4e1e1; color: #333333; font-family: inherit; font-size: 14px; font-weight: bold; overflow: hidden; padding: 5px 5px; text-align: right; vertical-align: top; word-break: normal; border: 1px solid;\">Materiaali<\/td>\n<td style=\"font-family: inherit; font-size: 14px; overflow: hidden; padding: 5px 5px; text-align: center; vertical-align: top; word-break: normal; border: 1px solid;\">Alumiinirunko, kantavat osat ruostumatonta ter\u00e4st\u00e4<\/p>\n<\/td>\n<\/tr>\n<\/tbody>\n<\/table>\n","protected":false},"excerpt":{"rendered":"<p><a href=\"http:\/\/www.xn--tuksimaailm-ffb.ee\/kontakt\/\"><strong>L\u00f6ysitk\u00f6 paremman hinnan? Kirjoita meille, niin teemme sinulle paremman tarjouksen!<\/strong><\/a><\/p>\n<p><strong>Kaikki lis\u00e4varusteet ja varaosat ovat -20%, kun ne ostetaan s\u00e4hk\u00f6skootterin kanssa. Alennus otetaan automaattisesti k\u00e4ytt\u00f6\u00f6n, kun lis\u00e4\u00e4t sen ostoskoriin!<\/strong><\/p>\n<p><em><strong>Toimitusaika: 0-3tp<\/p>\n<p><\/strong><\/em><\/p>\n","protected":false},"featured_media":48314,"template":"","meta":[],"product_brand":[],"product_cat":[926],"product_tag":[916],"filter_elektritoukeratas":[],"class_list":{"0":"post-39777","1":"product","2":"type-product","3":"status-publish","4":"has-post-thumbnail","6":"product_cat-sahkopotkulaudat-fi","7":"product_tag-esilehe-tooted-fi","8":"product_shipping_class-keskmine-pakk-fi","9":"pa_aku-mahutavus-wh-720-fi","10":"pa_kaal-kg-24-fi","11":"pa_kandevoime-kg-120-fi","12":"pa_labisoit-arvutuslik-km-48-fi","13":"pa_mootorite-arv-uhe-mootoriga-fi","14":"pa_muuja-platvormil-kaks-max-ou-fi","15":"pa_piiramata-tippkiirus-kmh-25-fi","16":"pa_tootetuup-elektritoukeratas-fi","17":"pa_valmistaja-kugoo-fi","18":"pa_voimsus-w-600-fi","20":"first","21":"instock","22":"sale","23":"taxable","24":"shipping-taxable","25":"purchasable","26":"product-type-simple"},"yoast_head":"<!-- This site is optimized with the Yoast SEO Premium plugin v26.8 (Yoast SEO v27.5) - https:\/\/yoast.com\/product\/yoast-seo-premium-wordpress\/ -->\n<title>Kugoo G2 Pro s\u00e4hk\u00f6potkulauta | Kompaktne | T\u00f5uksimaailm<\/title>\n<meta name=\"description\" content=\"Kugoo G2 Pro elektrit\u00f5ukeratas. Mugav, \u00f5hkrehvidega ja vedrustusega kompaktne elektriline t\u00f5ukeratas. Soodsad Kugoo elektrit\u00f5ukerattad.\" \/>\n<meta name=\"robots\" content=\"index, follow, max-snippet:-1, max-image-preview:large, max-video-preview:-1\" \/>\n<link rel=\"canonical\" href=\"https:\/\/www.xn--tuksimaailm-ffb.ee\/fi\/shop\/kugoo-g2-pro-sahkopotkulauta\/\" \/>\n<meta property=\"og:locale\" content=\"fi_FI\" \/>\n<meta property=\"og:type\" content=\"article\" \/>\n<meta property=\"og:title\" content=\"Kugoo G2 Pro s\u00e4hk\u00f6potkulauta\" \/>\n<meta property=\"og:description\" content=\"Kugoo G2 Pro elektrit\u00f5ukeratas. Mugav, \u00f5hkrehvidega ja vedrustusega kompaktne elektriline t\u00f5ukeratas. Soodsad Kugoo elektrit\u00f5ukerattad.\" \/>\n<meta property=\"og:url\" content=\"https:\/\/www.xn--tuksimaailm-ffb.ee\/fi\/shop\/kugoo-g2-pro-sahkopotkulauta\/\" \/>\n<meta property=\"og:site_name\" content=\"T\u00f5uksimaailm\" \/>\n<meta property=\"article:publisher\" content=\"https:\/\/www.facebook.com\/touksimaailm\/\" \/>\n<meta property=\"article:modified_time\" content=\"2024-10-30T14:39:53+00:00\" \/>\n<meta property=\"og:image\" content=\"https:\/\/www.xn--tuksimaailm-ffb.ee\/wp-content\/uploads\/2022\/01\/Nimetu-jpg.webp\" \/>\n\t<meta property=\"og:image:width\" content=\"899\" \/>\n\t<meta property=\"og:image:height\" content=\"938\" \/>\n\t<meta property=\"og:image:type\" content=\"image\/jpeg\" \/>\n<meta name=\"twitter:card\" content=\"summary_large_image\" \/>\n<meta name=\"twitter:label1\" content=\"Hinta\" \/>\n\t<meta name=\"twitter:data1\" content=\"&euro;629.00\" \/>\n\t<meta name=\"twitter:label2\" content=\"Saatavuus\" \/>\n\t<meta name=\"twitter:data2\" content=\"Varastossa\" \/>\n<meta property=\"product:price:amount\" content=\"629.00\" \/>\n<meta property=\"product:price:currency\" content=\"EUR\" \/>\n<meta property=\"og:availability\" content=\"instock\" \/>\n<meta property=\"product:availability\" content=\"instock\" \/>\n<meta property=\"product:retailer_item_id\" content=\"Kugoo-G2-Pro\" \/>\n<meta property=\"product:condition\" content=\"new\" \/>\n<!-- \/ Yoast SEO Premium plugin. -->","yoast_head_json":{"title":"Kugoo G2 Pro s\u00e4hk\u00f6potkulauta | Kompaktne | T\u00f5uksimaailm","description":"Kugoo G2 Pro elektrit\u00f5ukeratas. Mugav, \u00f5hkrehvidega ja vedrustusega kompaktne elektriline t\u00f5ukeratas. Soodsad Kugoo elektrit\u00f5ukerattad.","robots":{"index":"index","follow":"follow","max-snippet":"max-snippet:-1","max-image-preview":"max-image-preview:large","max-video-preview":"max-video-preview:-1"},"canonical":"https:\/\/www.xn--tuksimaailm-ffb.ee\/fi\/shop\/kugoo-g2-pro-sahkopotkulauta\/","og_locale":"fi_FI","og_type":"article","og_title":"Kugoo G2 Pro s\u00e4hk\u00f6potkulauta","og_description":"Kugoo G2 Pro elektrit\u00f5ukeratas. Mugav, \u00f5hkrehvidega ja vedrustusega kompaktne elektriline t\u00f5ukeratas. Soodsad Kugoo elektrit\u00f5ukerattad.","og_url":"https:\/\/www.xn--tuksimaailm-ffb.ee\/fi\/shop\/kugoo-g2-pro-sahkopotkulauta\/","og_site_name":"T\u00f5uksimaailm","article_publisher":"https:\/\/www.facebook.com\/touksimaailm\/","article_modified_time":"2024-10-30T14:39:53+00:00","og_image":[{"width":899,"height":938,"url":"https:\/\/www.xn--tuksimaailm-ffb.ee\/wp-content\/uploads\/2022\/01\/Nimetu-jpg.webp","type":"image\/jpeg"}],"twitter_card":"summary_large_image","twitter_misc":{"Hinta":"&euro;629.00","Saatavuus":"Varastossa"},"schema":{"@context":"https:\/\/schema.org","@graph":[{"@type":"WebPage","@id":"https:\/\/www.xn--tuksimaailm-ffb.ee\/fi\/shop\/kugoo-g2-pro-sahkopotkulauta\/","url":"https:\/\/www.xn--tuksimaailm-ffb.ee\/fi\/shop\/kugoo-g2-pro-sahkopotkulauta\/","name":"Kugoo G2 Pro s\u00e4hk\u00f6potkulauta | Kompaktne | T\u00f5uksimaailm","isPartOf":{"@id":"https:\/\/www.xn--tuksimaailm-ffb.ee\/fi\/#website"},"primaryImageOfPage":{"@id":"https:\/\/www.xn--tuksimaailm-ffb.ee\/fi\/shop\/kugoo-g2-pro-sahkopotkulauta\/#primaryimage"},"image":{"@id":"https:\/\/www.xn--tuksimaailm-ffb.ee\/fi\/shop\/kugoo-g2-pro-sahkopotkulauta\/#primaryimage"},"thumbnailUrl":"https:\/\/www.xn--tuksimaailm-ffb.ee\/wp-content\/uploads\/2022\/01\/Nimetu-jpg.webp","datePublished":"2022-01-01T18:08:19+00:00","dateModified":"2024-10-30T14:39:53+00:00","description":"Kugoo G2 Pro elektrit\u00f5ukeratas. Mugav, \u00f5hkrehvidega ja vedrustusega kompaktne elektriline t\u00f5ukeratas. Soodsad Kugoo elektrit\u00f5ukerattad.","breadcrumb":{"@id":"https:\/\/www.xn--tuksimaailm-ffb.ee\/fi\/shop\/kugoo-g2-pro-sahkopotkulauta\/#breadcrumb"},"inLanguage":"fi","potentialAction":[{"@type":"ReadAction","target":["https:\/\/www.xn--tuksimaailm-ffb.ee\/fi\/shop\/kugoo-g2-pro-sahkopotkulauta\/"]}]},{"@type":"ImageObject","inLanguage":"fi","@id":"https:\/\/www.xn--tuksimaailm-ffb.ee\/fi\/shop\/kugoo-g2-pro-sahkopotkulauta\/#primaryimage","url":"https:\/\/www.xn--tuksimaailm-ffb.ee\/wp-content\/uploads\/2022\/01\/Nimetu-jpg.webp","contentUrl":"https:\/\/www.xn--tuksimaailm-ffb.ee\/wp-content\/uploads\/2022\/01\/Nimetu-jpg.webp","width":899,"height":938,"caption":"Kugoo G2 Pro 2024 elektrit\u00f5ukeratas elektriline t\u00f5ukeratas electric scooter elektrit\u00f5ukerattad elektrilised t\u00f5ukerattad 6"},{"@type":"BreadcrumbList","@id":"https:\/\/www.xn--tuksimaailm-ffb.ee\/fi\/shop\/kugoo-g2-pro-sahkopotkulauta\/#breadcrumb","itemListElement":[{"@type":"ListItem","position":1,"name":"Home","item":"https:\/\/www.xn--tuksimaailm-ffb.ee\/fi\/kotisivu\/"},{"@type":"ListItem","position":2,"name":"Kauppa","item":"https:\/\/www.xn--tuksimaailm-ffb.ee\/elektritoukerataste-pood\/"},{"@type":"ListItem","position":3,"name":"Kugoo G2 Pro s\u00e4hk\u00f6potkulauta"}]},{"@type":"WebSite","@id":"https:\/\/www.xn--tuksimaailm-ffb.ee\/fi\/#website","url":"https:\/\/www.xn--tuksimaailm-ffb.ee\/fi\/","name":"T\u00f5uksimaailm","description":"Elektrit\u00f5ukerataste m\u00fc\u00fck, remont ja rent","publisher":{"@id":"https:\/\/www.xn--tuksimaailm-ffb.ee\/fi\/#organization"},"potentialAction":[{"@type":"SearchAction","target":{"@type":"EntryPoint","urlTemplate":"https:\/\/www.xn--tuksimaailm-ffb.ee\/fi\/?s={search_term_string}"},"query-input":{"@type":"PropertyValueSpecification","valueRequired":true,"valueName":"search_term_string"}}],"inLanguage":"fi"},{"@type":"Organization","@id":"https:\/\/www.xn--tuksimaailm-ffb.ee\/fi\/#organization","name":"T\u00f5uksimaailm","url":"https:\/\/www.xn--tuksimaailm-ffb.ee\/fi\/","logo":{"@type":"ImageObject","inLanguage":"fi","@id":"https:\/\/www.xn--tuksimaailm-ffb.ee\/fi\/#\/schema\/logo\/image\/","url":"https:\/\/www.xn--tuksimaailm-ffb.ee\/wp-content\/uploads\/2020\/01\/logoz-e1579792875517.png","contentUrl":"https:\/\/www.xn--tuksimaailm-ffb.ee\/wp-content\/uploads\/2020\/01\/logoz-e1579792875517.png","width":250,"height":250,"caption":"T\u00f5uksimaailm"},"image":{"@id":"https:\/\/www.xn--tuksimaailm-ffb.ee\/fi\/#\/schema\/logo\/image\/"},"sameAs":["https:\/\/www.facebook.com\/touksimaailm\/","https:\/\/www.instagram.com\/touksimaailm_\/","https:\/\/www.youtube.com\/channel\/UC18ml0EKIDLP1xGuQjFzcXQ"]}]},"product_price_amount":"629.00","product_price_currency":"EUR","og_availability":"instock","product_availability":"instock","product_retailer_item_id":"Kugoo-G2-Pro","product_condition":"new"},"jetpack_sharing_enabled":true,"_links":{"self":[{"href":"https:\/\/www.xn--tuksimaailm-ffb.ee\/fi\/wp-json\/wp\/v2\/product\/39777","targetHints":{"allow":["GET"]}}],"collection":[{"href":"https:\/\/www.xn--tuksimaailm-ffb.ee\/fi\/wp-json\/wp\/v2\/product"}],"about":[{"href":"https:\/\/www.xn--tuksimaailm-ffb.ee\/fi\/wp-json\/wp\/v2\/types\/product"}],"wp:featuredmedia":[{"embeddable":true,"href":"https:\/\/www.xn--tuksimaailm-ffb.ee\/fi\/wp-json\/wp\/v2\/media\/48314"}],"wp:attachment":[{"href":"https:\/\/www.xn--tuksimaailm-ffb.ee\/fi\/wp-json\/wp\/v2\/media?parent=39777"}],"wp:term":[{"taxonomy":"product_brand","embeddable":true,"href":"https:\/\/www.xn--tuksimaailm-ffb.ee\/fi\/wp-json\/wp\/v2\/product_brand?post=39777"},{"taxonomy":"product_cat","embeddable":true,"href":"https:\/\/www.xn--tuksimaailm-ffb.ee\/fi\/wp-json\/wp\/v2\/product_cat?post=39777"},{"taxonomy":"product_tag","embeddable":true,"href":"https:\/\/www.xn--tuksimaailm-ffb.ee\/fi\/wp-json\/wp\/v2\/product_tag?post=39777"},{"taxonomy":"filter_elektritoukeratas","embeddable":true,"href":"https:\/\/www.xn--tuksimaailm-ffb.ee\/fi\/wp-json\/wp\/v2\/filter_elektritoukeratas?post=39777"}],"curies":[{"name":"wp","href":"https:\/\/api.w.org\/{rel}","templated":true}]}}