{"id":40519,"date":"2023-01-17T14:10:42","date_gmt":"2023-01-17T12:10:42","guid":{"rendered":"http:\/\/www.xn--tuksimaailm-ffb.ee\/shop\/kuljetuslaatikko-sahkoskootterille-sahkoskootterin-kuljetuslaatikko\/"},"modified":"2025-01-06T19:31:28","modified_gmt":"2025-01-06T16:31:28","slug":"kuljetuslaatikko-sahkoskootterille-sahkoskootterin-kuljetuslaatikko","status":"publish","type":"product","link":"https:\/\/www.xn--tuksimaailm-ffb.ee\/fi\/shop\/kuljetuslaatikko-sahkoskootterille-sahkoskootterin-kuljetuslaatikko\/","title":{"rendered":"S\u00e4hk\u00f6skootterin kuljetuslaatikko"},"content":{"rendered":"<p>Erilaiset s\u00e4hk\u00f6skootterin kuljetuslaatikot\/pakkaukset kuriiritoimitusta varten. Vaihtoehto ostaa uusi laatikko voi olla hy\u00f6dyllinen, jos s\u00e4hk\u00f6skootterisi alkuper\u00e4inen pakkaus on h\u00e4vitetty oston j\u00e4lkeen ja sinun on toimitettava s\u00e4hk\u00f6skootterisi kuriirikuljetuksena <strong><a href=\"http:\/\/www.xn--tuksimaailm-ffb.ee\/shop\/elektritoukeratta-hooldusesse-remonti-saatmine\/\">Skooterimaailma ty\u00f6pajaan huoltoa tai korjausta varten.<\/a><\/strong> Voit my\u00f6s tarvita laatikkoa, jos sinun on l\u00e4hetett\u00e4v\u00e4 skootterisi uudelle omistajalle sen myynnin j\u00e4lkeen.<\/p>\n<p>Kuljetuslaatikon puuttuminen ei ole en\u00e4\u00e4 ongelma, sill\u00e4 voit ostaa meilt\u00e4 uuden s\u00e4hk\u00f6potkulautalaatikon <strong>vain 10 sentill\u00e4<\/strong>. Jokaisella valikoimamme s\u00e4hk\u00f6skootterilaatikolla on pituus (P), leveys (L) ja korkeus (K). N\u00e4in voit mitata, mihin kuljetuslaatikkoon skootterisi sopii. Se osoittaa my\u00f6s, miss\u00e4 s\u00e4hk\u00f6potkulautalaatikossa se alun perin oli.<\/p>\n<p>Kuljetuslaatikot on mahdollista noutaa meid\u00e4n n\u00e4yttelytilastamme tai saada s\u00e4hk\u00f6skootterilaatikko toimitettua kotiisi. Laatikon tilaaminen kuriirilla maksaa <strong>9.50\u20ac<\/strong> voit valita kuriirin toimitusvaihtoehdon verkkokauppamme kassalla.<\/p>\n","protected":false},"excerpt":{"rendered":"<p>Erilaiset s\u00e4hk\u00f6skootterin kuljetuslaatikot\/pakkaukset kuriiritoimitusta varten. Vaihtoehto ostaa uusi laatikko voi olla hy\u00f6dyllinen, jos s\u00e4hk\u00f6skootterisi alkuper\u00e4inen pakkaus on h\u00e4vitetty oston j\u00e4lkeen ja sinun on toimitettava s\u00e4hk\u00f6skootterisi kuriirikuljetuksena Skooterimaailma ty\u00f6pajaan huoltoa tai korjausta varten. Voit my\u00f6s tarvita laatikkoa, jos sinun on l\u00e4hetett\u00e4v\u00e4 skootterisi uudelle omistajalle sen myynnin j\u00e4lkeen. Kuljetuslaatikon puuttuminen ei ole &hellip;<\/p>\n","protected":false},"featured_media":63852,"template":"","meta":[],"product_brand":[],"product_cat":[1699,2949],"product_tag":[1700],"filter_elektritoukeratas":[],"class_list":{"0":"post-40519","1":"product","2":"type-product","3":"status-publish","4":"has-post-thumbnail","6":"product_cat-palvelut","7":"product_cat-tyokalut-ja-tarvikkeet","8":"product_tag-universal-sahkoskootterin-varaosat","9":"pa_size-apollo-city-pro-p-131cm-l-25cm-k-66cm-fi","10":"pa_size-dualtron-storm-limited-p-127cm-l-38cm-k-62cm-fi","11":"pa_size-hx-x8-p-113cm-l-17cm-k-50cm-fi","12":"pa_size-hx-x9-p-115cm-l-20-5cm-k-58-5cm-fi","13":"pa_size-inokim-ox-p-125cm-l-32cm-k-60cm-fi","14":"pa_size-inokim-quick-4-p-114cm-l-30cm-k-64cm-fi","15":"pa_size-kaabo-mantis-10-p-130cm-l-29cm-k-59cm-fi","16":"pa_size-kaabo-skywalker-10c-p-128cm-l-31-5cm-k-48-5cm-fi","17":"pa_size-kaabo-wolf-warrior-11-p-160cm-l-35cm-k-52cm-fi","18":"pa_size-kugoo-g2-pro-p-123cm-l-24cm-k-60cm-fi","19":"pa_size-kugoo-m4-pro-p-119cm-l-27cm-k-51cm-fi","20":"pa_size-nami-burn-e-p-139cm-l-36cm-k-67cm-fi","21":"pa_size-ninebot-max-g30-ii-p-120cm-l-22cm-k-62cm-fi","22":"pa_size-ninebot-max-g30-le-p-115cm-l-22cm-k-61cm-fi","23":"pa_size-niu-kqi-p-120cm-l-26cm-k-59cm-fi","24":"pa_size-segway-kickscooter-d-seeria-p-119cm-l-21cm-k-52cm-fi","25":"pa_size-speedway-leger-p-112cm-l-26cm-k-42cm-fi","26":"pa_size-vsett-10-p-135cm-l-29cm-k-63cm-fi","27":"pa_size-vsett-11-p-140cm-l-40cm-k-72cm-fi","28":"pa_size-xiaomi-1s-scooter-3-p-115cm-l-19cm-k-53cm-fi","29":"pa_size-xiaomi-essential-p-112cm-l-18cm-k-52cm-fi","30":"pa_size-xiaomi-pro-2-p-115cm-l-19cm-k-53cm-fi","32":"first","33":"instock","34":"taxable","35":"shipping-taxable","36":"purchasable","37":"product-type-variable"},"yoast_head":"<!-- This site is optimized with the Yoast SEO Premium plugin v26.8 (Yoast SEO v27.5) - https:\/\/yoast.com\/product\/yoast-seo-premium-wordpress\/ -->\n<title>S\u00e4hk\u00f6skootterin kuljetuslaatikko | T\u00f5uksimaailm | Saada Remonti<\/title>\n<meta name=\"description\" content=\"Transpordikast elektrit\u00f5ukerattale. Kast on vajalik kui on tekkinud vajadus oma elektrit\u00f5ukeratas saata remonti v\u00f5i uuele omanikule.\" \/>\n<meta name=\"robots\" content=\"index, follow, max-snippet:-1, max-image-preview:large, max-video-preview:-1\" \/>\n<link rel=\"canonical\" href=\"https:\/\/www.xn--tuksimaailm-ffb.ee\/fi\/shop\/kuljetuslaatikko-sahkoskootterille-sahkoskootterin-kuljetuslaatikko\/\" \/>\n<meta property=\"og:locale\" content=\"fi_FI\" \/>\n<meta property=\"og:type\" content=\"article\" \/>\n<meta property=\"og:title\" content=\"S\u00e4hk\u00f6skootterin kuljetuslaatikko\" \/>\n<meta property=\"og:description\" content=\"Transpordikast elektrit\u00f5ukerattale. Kast on vajalik kui on tekkinud vajadus oma elektrit\u00f5ukeratas saata remonti v\u00f5i uuele omanikule.\" \/>\n<meta property=\"og:url\" content=\"https:\/\/www.xn--tuksimaailm-ffb.ee\/fi\/shop\/kuljetuslaatikko-sahkoskootterille-sahkoskootterin-kuljetuslaatikko\/\" \/>\n<meta property=\"og:site_name\" content=\"T\u00f5uksimaailm\" \/>\n<meta property=\"article:publisher\" content=\"https:\/\/www.facebook.com\/touksimaailm\/\" \/>\n<meta property=\"article:modified_time\" content=\"2025-01-06T16:31:28+00:00\" \/>\n<meta property=\"og:image\" content=\"https:\/\/www.xn--tuksimaailm-ffb.ee\/wp-content\/uploads\/2022\/02\/Touksimaailm_logo_uus_12.png\" \/>\n\t<meta property=\"og:image:width\" content=\"2050\" \/>\n\t<meta property=\"og:image:height\" content=\"2547\" \/>\n\t<meta property=\"og:image:type\" content=\"image\/png\" \/>\n<meta name=\"twitter:card\" content=\"summary_large_image\" \/>\n<meta name=\"twitter:label1\" content=\"Saatavuus\" \/>\n\t<meta name=\"twitter:data1\" content=\"Varastossa\" \/>\n<meta property=\"og:availability\" content=\"instock\" \/>\n<meta property=\"product:availability\" content=\"instock\" \/>\n<meta property=\"product:condition\" content=\"new\" \/>\n<!-- \/ Yoast SEO Premium plugin. -->","yoast_head_json":{"title":"S\u00e4hk\u00f6skootterin kuljetuslaatikko | T\u00f5uksimaailm | Saada Remonti","description":"Transpordikast elektrit\u00f5ukerattale. Kast on vajalik kui on tekkinud vajadus oma elektrit\u00f5ukeratas saata remonti v\u00f5i uuele omanikule.","robots":{"index":"index","follow":"follow","max-snippet":"max-snippet:-1","max-image-preview":"max-image-preview:large","max-video-preview":"max-video-preview:-1"},"canonical":"https:\/\/www.xn--tuksimaailm-ffb.ee\/fi\/shop\/kuljetuslaatikko-sahkoskootterille-sahkoskootterin-kuljetuslaatikko\/","og_locale":"fi_FI","og_type":"article","og_title":"S\u00e4hk\u00f6skootterin kuljetuslaatikko","og_description":"Transpordikast elektrit\u00f5ukerattale. Kast on vajalik kui on tekkinud vajadus oma elektrit\u00f5ukeratas saata remonti v\u00f5i uuele omanikule.","og_url":"https:\/\/www.xn--tuksimaailm-ffb.ee\/fi\/shop\/kuljetuslaatikko-sahkoskootterille-sahkoskootterin-kuljetuslaatikko\/","og_site_name":"T\u00f5uksimaailm","article_publisher":"https:\/\/www.facebook.com\/touksimaailm\/","article_modified_time":"2025-01-06T16:31:28+00:00","og_image":[{"width":2050,"height":2547,"url":"https:\/\/www.xn--tuksimaailm-ffb.ee\/wp-content\/uploads\/2022\/02\/Touksimaailm_logo_uus_12.png","type":"image\/png"}],"twitter_card":"summary_large_image","twitter_misc":{"Saatavuus":"Varastossa"},"schema":{"@context":"https:\/\/schema.org","@graph":[{"@type":"WebPage","@id":"https:\/\/www.xn--tuksimaailm-ffb.ee\/fi\/shop\/kuljetuslaatikko-sahkoskootterille-sahkoskootterin-kuljetuslaatikko\/","url":"https:\/\/www.xn--tuksimaailm-ffb.ee\/fi\/shop\/kuljetuslaatikko-sahkoskootterille-sahkoskootterin-kuljetuslaatikko\/","name":"S\u00e4hk\u00f6skootterin kuljetuslaatikko | T\u00f5uksimaailm | Saada Remonti","isPartOf":{"@id":"https:\/\/www.xn--tuksimaailm-ffb.ee\/fi\/#website"},"primaryImageOfPage":{"@id":"https:\/\/www.xn--tuksimaailm-ffb.ee\/fi\/shop\/kuljetuslaatikko-sahkoskootterille-sahkoskootterin-kuljetuslaatikko\/#primaryimage"},"image":{"@id":"https:\/\/www.xn--tuksimaailm-ffb.ee\/fi\/shop\/kuljetuslaatikko-sahkoskootterille-sahkoskootterin-kuljetuslaatikko\/#primaryimage"},"thumbnailUrl":"https:\/\/www.xn--tuksimaailm-ffb.ee\/wp-content\/uploads\/2022\/02\/Touksimaailm_logo_uus_12.png","datePublished":"2023-01-17T12:10:42+00:00","dateModified":"2025-01-06T16:31:28+00:00","description":"Transpordikast elektrit\u00f5ukerattale. Kast on vajalik kui on tekkinud vajadus oma elektrit\u00f5ukeratas saata remonti v\u00f5i uuele omanikule.","breadcrumb":{"@id":"https:\/\/www.xn--tuksimaailm-ffb.ee\/fi\/shop\/kuljetuslaatikko-sahkoskootterille-sahkoskootterin-kuljetuslaatikko\/#breadcrumb"},"inLanguage":"fi","potentialAction":[{"@type":"ReadAction","target":["https:\/\/www.xn--tuksimaailm-ffb.ee\/fi\/shop\/kuljetuslaatikko-sahkoskootterille-sahkoskootterin-kuljetuslaatikko\/"]}]},{"@type":"ImageObject","inLanguage":"fi","@id":"https:\/\/www.xn--tuksimaailm-ffb.ee\/fi\/shop\/kuljetuslaatikko-sahkoskootterille-sahkoskootterin-kuljetuslaatikko\/#primaryimage","url":"https:\/\/www.xn--tuksimaailm-ffb.ee\/wp-content\/uploads\/2022\/02\/Touksimaailm_logo_uus_12.png","contentUrl":"https:\/\/www.xn--tuksimaailm-ffb.ee\/wp-content\/uploads\/2022\/02\/Touksimaailm_logo_uus_12.png","width":2050,"height":2547,"caption":"t\u00f5uksimaailm"},{"@type":"BreadcrumbList","@id":"https:\/\/www.xn--tuksimaailm-ffb.ee\/fi\/shop\/kuljetuslaatikko-sahkoskootterille-sahkoskootterin-kuljetuslaatikko\/#breadcrumb","itemListElement":[{"@type":"ListItem","position":1,"name":"Home","item":"https:\/\/www.xn--tuksimaailm-ffb.ee\/fi\/kotisivu\/"},{"@type":"ListItem","position":2,"name":"Kauppa","item":"https:\/\/www.xn--tuksimaailm-ffb.ee\/elektritoukerataste-pood\/"},{"@type":"ListItem","position":3,"name":"S\u00e4hk\u00f6skootterin kuljetuslaatikko"}]},{"@type":"WebSite","@id":"https:\/\/www.xn--tuksimaailm-ffb.ee\/fi\/#website","url":"https:\/\/www.xn--tuksimaailm-ffb.ee\/fi\/","name":"T\u00f5uksimaailm","description":"Elektrit\u00f5ukerataste m\u00fc\u00fck, remont ja rent","publisher":{"@id":"https:\/\/www.xn--tuksimaailm-ffb.ee\/fi\/#organization"},"potentialAction":[{"@type":"SearchAction","target":{"@type":"EntryPoint","urlTemplate":"https:\/\/www.xn--tuksimaailm-ffb.ee\/fi\/?s={search_term_string}"},"query-input":{"@type":"PropertyValueSpecification","valueRequired":true,"valueName":"search_term_string"}}],"inLanguage":"fi"},{"@type":"Organization","@id":"https:\/\/www.xn--tuksimaailm-ffb.ee\/fi\/#organization","name":"T\u00f5uksimaailm","url":"https:\/\/www.xn--tuksimaailm-ffb.ee\/fi\/","logo":{"@type":"ImageObject","inLanguage":"fi","@id":"https:\/\/www.xn--tuksimaailm-ffb.ee\/fi\/#\/schema\/logo\/image\/","url":"https:\/\/www.xn--tuksimaailm-ffb.ee\/wp-content\/uploads\/2020\/01\/logoz-e1579792875517.png","contentUrl":"https:\/\/www.xn--tuksimaailm-ffb.ee\/wp-content\/uploads\/2020\/01\/logoz-e1579792875517.png","width":250,"height":250,"caption":"T\u00f5uksimaailm"},"image":{"@id":"https:\/\/www.xn--tuksimaailm-ffb.ee\/fi\/#\/schema\/logo\/image\/"},"sameAs":["https:\/\/www.facebook.com\/touksimaailm\/","https:\/\/www.instagram.com\/touksimaailm_\/","https:\/\/www.youtube.com\/channel\/UC18ml0EKIDLP1xGuQjFzcXQ"]}]},"og_availability":"instock","product_availability":"instock","product_condition":"new"},"jetpack_sharing_enabled":true,"_links":{"self":[{"href":"https:\/\/www.xn--tuksimaailm-ffb.ee\/fi\/wp-json\/wp\/v2\/product\/40519","targetHints":{"allow":["GET"]}}],"collection":[{"href":"https:\/\/www.xn--tuksimaailm-ffb.ee\/fi\/wp-json\/wp\/v2\/product"}],"about":[{"href":"https:\/\/www.xn--tuksimaailm-ffb.ee\/fi\/wp-json\/wp\/v2\/types\/product"}],"wp:featuredmedia":[{"embeddable":true,"href":"https:\/\/www.xn--tuksimaailm-ffb.ee\/fi\/wp-json\/wp\/v2\/media\/63852"}],"wp:attachment":[{"href":"https:\/\/www.xn--tuksimaailm-ffb.ee\/fi\/wp-json\/wp\/v2\/media?parent=40519"}],"wp:term":[{"taxonomy":"product_brand","embeddable":true,"href":"https:\/\/www.xn--tuksimaailm-ffb.ee\/fi\/wp-json\/wp\/v2\/product_brand?post=40519"},{"taxonomy":"product_cat","embeddable":true,"href":"https:\/\/www.xn--tuksimaailm-ffb.ee\/fi\/wp-json\/wp\/v2\/product_cat?post=40519"},{"taxonomy":"product_tag","embeddable":true,"href":"https:\/\/www.xn--tuksimaailm-ffb.ee\/fi\/wp-json\/wp\/v2\/product_tag?post=40519"},{"taxonomy":"filter_elektritoukeratas","embeddable":true,"href":"https:\/\/www.xn--tuksimaailm-ffb.ee\/fi\/wp-json\/wp\/v2\/filter_elektritoukeratas?post=40519"}],"curies":[{"name":"wp","href":"https:\/\/api.w.org\/{rel}","templated":true}]}}