{"id":40543,"date":"2023-04-27T12:51:21","date_gmt":"2023-04-27T09:51:21","guid":{"rendered":"http:\/\/www.xn--tuksimaailm-ffb.ee\/shop\/xiaomi-sahkopotkulauta-laturi-42v-5a-pro-2\/"},"modified":"2025-01-06T15:53:24","modified_gmt":"2025-01-06T12:53:24","slug":"xiaomi-sahkopotkulauta-laturi-42v-5a-pro-2","status":"publish","type":"product","link":"https:\/\/www.xn--tuksimaailm-ffb.ee\/fi\/shop\/xiaomi-sahkopotkulauta-laturi-42v-5a-pro-2\/","title":{"rendered":"Xiaomi s\u00e4hk\u00f6potkulauta laturi 42V 5A Pro 2"},"content":{"rendered":"<p>Xiaomi-s\u00e4hk\u00f6skootterin laturi (my\u00f6s johto, virtal\u00e4hde, sovitin), tuloj\u00e4nnite <strong>230VAC<\/strong>, l\u00e4ht\u00f6j\u00e4nnite <strong>42VDC<\/strong> (akuille, joiden nimellisj\u00e4nnite on 36VDC), suurin latausvirta <strong>5<\/strong><strong>A<\/strong>. Xiaomi s\u00e4hk\u00f6skootterin laturi 42V sopii suosittuun Xiaomi s\u00e4hk\u00f6skootteriin <strong><a href=\"http:\/\/www.xn--tuksimaailm-ffb.ee\/shop\/elektritouks_xiaomi-360\/\">Xiaomi Mi M365<\/a>, <a href=\"http:\/\/www.xn--tuksimaailm-ffb.ee\/shop\/elektriline-toukeratas-xiaomi-mi-m365-pro\/\">Xiaomi M365 Pro<\/a>, <a href=\"https:\/\/www.mi.com\/global\/mi-electric-scooter-1S\/\">Xiaomi Mi 1S<\/a> <\/strong>ja<strong> <a href=\"http:\/\/www.xn--tuksimaailm-ffb.ee\/shop\/xiaomi-pro-2-elektritoukeratas\/\">Xiaomi Mi Pro 2<\/a>.<\/strong> S\u00e4hk\u00f6skootteri tarvitsee uuden laturin, jos laturin merkkivalo LED-valo ei pala tai ulostulossa ei ole j\u00e4nnitett\u00e4. Vaihtoehtoisesti tarjoamme my\u00f6s <a href=\"http:\/\/www.xn--tuksimaailm-ffb.ee\/shop\/xiaomi-originaal-laadija-elektritoukerattale-m365-1s-pro-2\/\"><strong>Xiaomin alkuper\u00e4isen laturin<\/strong><\/a>.<\/p>\n","protected":false},"excerpt":{"rendered":"<p>Xiaomi-s\u00e4hk\u00f6skootterin laturi (my\u00f6s johto, virtal\u00e4hde, sovitin), tuloj\u00e4nnite 230VAC, l\u00e4ht\u00f6j\u00e4nnite 42VDC (akuille, joiden nimellisj\u00e4nnite on 36VDC), suurin latausvirta 5A. Xiaomi s\u00e4hk\u00f6skootterin laturi 42V sopii suosittuun Xiaomi s\u00e4hk\u00f6skootteriin Xiaomi Mi M365, Xiaomi M365 Pro, Xiaomi Mi 1S ja Xiaomi Mi Pro 2. S\u00e4hk\u00f6skootteri tarvitsee uuden laturin, jos laturin merkkivalo LED-valo ei pala &hellip;<\/p>\n","protected":false},"featured_media":34975,"template":"","meta":[],"product_brand":[],"product_cat":[1697,1698],"product_tag":[1707,1706],"filter_elektritoukeratas":[2639,2636,2635,2640,2613,2612],"class_list":{"0":"post-40543","1":"product","2":"type-product","3":"status-publish","4":"has-post-thumbnail","6":"product_cat-lisavarusteet","7":"product_cat-varaosat","8":"product_tag-laturit","9":"product_tag-xiaomi-varaosat","10":"pa_tootetuup-laturit","11":"filter_elektritoukeratas-ft_segway_ninebot_d18e_d28e_d38e","12":"filter_elektritoukeratas-ft_segway_ninebot_e22e_e35e_e45e","13":"filter_elektritoukeratas-ft_segway_ninebot_es1_es2_es4","14":"filter_elektritoukeratas-ft_segway_ninebot_f20d_f25e_ii_f30d_f40d_f40d_ii","15":"filter_elektritoukeratas-ft_xiaomi_1s_mi3_pro_2_3_lite","16":"filter_elektritoukeratas-ft_xiaomi_m365_m365_pro_essential","18":"first","19":"instock","20":"taxable","21":"shipping-taxable","22":"purchasable","23":"product-type-simple"},"yoast_head":"<!-- This site is optimized with the Yoast SEO Premium plugin v26.8 (Yoast SEO v27.5) - https:\/\/yoast.com\/product\/yoast-seo-premium-wordpress\/ -->\n<title>Xiaomi s\u00e4hk\u00f6potkulauta laturi 42V 5A Pro 2 | T\u00f5uksimaailm<\/title>\n<meta name=\"description\" content=\"Xiaomi elektrit\u00f5ukeratta laadija (ka juhe, toiteadapter, adapter), 42V 5A, elektrit\u00f5ukerattale Xiaomi M365, M365 Pro, Xiaomi Mi 1s \/ Pro 2\" \/>\n<meta name=\"robots\" content=\"index, follow, max-snippet:-1, max-image-preview:large, max-video-preview:-1\" \/>\n<link rel=\"canonical\" href=\"https:\/\/www.xn--tuksimaailm-ffb.ee\/fi\/shop\/xiaomi-sahkopotkulauta-laturi-42v-5a-pro-2\/\" \/>\n<meta property=\"og:locale\" content=\"fi_FI\" \/>\n<meta property=\"og:type\" content=\"article\" \/>\n<meta property=\"og:title\" content=\"Xiaomi s\u00e4hk\u00f6potkulauta laturi 42V 5A Pro 2\" \/>\n<meta property=\"og:description\" content=\"Xiaomi elektrit\u00f5ukeratta laadija (ka juhe, toiteadapter, adapter), 42V 5A, elektrit\u00f5ukerattale Xiaomi M365, M365 Pro, Xiaomi Mi 1s \/ Pro 2\" \/>\n<meta property=\"og:url\" content=\"https:\/\/www.xn--tuksimaailm-ffb.ee\/fi\/shop\/xiaomi-sahkopotkulauta-laturi-42v-5a-pro-2\/\" \/>\n<meta property=\"og:site_name\" content=\"T\u00f5uksimaailm\" \/>\n<meta property=\"article:publisher\" content=\"https:\/\/www.facebook.com\/touksimaailm\/\" \/>\n<meta property=\"article:modified_time\" content=\"2025-01-06T12:53:24+00:00\" \/>\n<meta property=\"og:image\" content=\"https:\/\/www.xn--tuksimaailm-ffb.ee\/wp-content\/uploads\/2023\/04\/tempImageXJ2SdX-removebg-preview.png\" \/>\n\t<meta property=\"og:image:width\" content=\"433\" \/>\n\t<meta property=\"og:image:height\" content=\"577\" \/>\n\t<meta property=\"og:image:type\" content=\"image\/png\" \/>\n<meta name=\"twitter:card\" content=\"summary_large_image\" \/>\n<meta name=\"twitter:label1\" content=\"Hinta\" \/>\n\t<meta name=\"twitter:data1\" content=\"&euro;199.50\" \/>\n\t<meta name=\"twitter:label2\" content=\"Saatavuus\" \/>\n\t<meta name=\"twitter:data2\" content=\"Varastossa\" \/>\n<meta property=\"product:price:amount\" content=\"199.50\" \/>\n<meta property=\"product:price:currency\" content=\"EUR\" \/>\n<meta property=\"og:availability\" content=\"instock\" \/>\n<meta property=\"product:availability\" content=\"instock\" \/>\n<meta property=\"product:condition\" content=\"new\" \/>\n<!-- \/ Yoast SEO Premium plugin. -->","yoast_head_json":{"title":"Xiaomi s\u00e4hk\u00f6potkulauta laturi 42V 5A Pro 2 | T\u00f5uksimaailm","description":"Xiaomi elektrit\u00f5ukeratta laadija (ka juhe, toiteadapter, adapter), 42V 5A, elektrit\u00f5ukerattale Xiaomi M365, M365 Pro, Xiaomi Mi 1s \/ Pro 2","robots":{"index":"index","follow":"follow","max-snippet":"max-snippet:-1","max-image-preview":"max-image-preview:large","max-video-preview":"max-video-preview:-1"},"canonical":"https:\/\/www.xn--tuksimaailm-ffb.ee\/fi\/shop\/xiaomi-sahkopotkulauta-laturi-42v-5a-pro-2\/","og_locale":"fi_FI","og_type":"article","og_title":"Xiaomi s\u00e4hk\u00f6potkulauta laturi 42V 5A Pro 2","og_description":"Xiaomi elektrit\u00f5ukeratta laadija (ka juhe, toiteadapter, adapter), 42V 5A, elektrit\u00f5ukerattale Xiaomi M365, M365 Pro, Xiaomi Mi 1s \/ Pro 2","og_url":"https:\/\/www.xn--tuksimaailm-ffb.ee\/fi\/shop\/xiaomi-sahkopotkulauta-laturi-42v-5a-pro-2\/","og_site_name":"T\u00f5uksimaailm","article_publisher":"https:\/\/www.facebook.com\/touksimaailm\/","article_modified_time":"2025-01-06T12:53:24+00:00","og_image":[{"width":433,"height":577,"url":"https:\/\/www.xn--tuksimaailm-ffb.ee\/wp-content\/uploads\/2023\/04\/tempImageXJ2SdX-removebg-preview.png","type":"image\/png"}],"twitter_card":"summary_large_image","twitter_misc":{"Hinta":"&euro;199.50","Saatavuus":"Varastossa"},"schema":{"@context":"https:\/\/schema.org","@graph":[{"@type":"WebPage","@id":"https:\/\/www.xn--tuksimaailm-ffb.ee\/fi\/shop\/xiaomi-sahkopotkulauta-laturi-42v-5a-pro-2\/","url":"https:\/\/www.xn--tuksimaailm-ffb.ee\/fi\/shop\/xiaomi-sahkopotkulauta-laturi-42v-5a-pro-2\/","name":"Xiaomi s\u00e4hk\u00f6potkulauta laturi 42V 5A Pro 2 | T\u00f5uksimaailm","isPartOf":{"@id":"https:\/\/www.xn--tuksimaailm-ffb.ee\/fi\/#website"},"primaryImageOfPage":{"@id":"https:\/\/www.xn--tuksimaailm-ffb.ee\/fi\/shop\/xiaomi-sahkopotkulauta-laturi-42v-5a-pro-2\/#primaryimage"},"image":{"@id":"https:\/\/www.xn--tuksimaailm-ffb.ee\/fi\/shop\/xiaomi-sahkopotkulauta-laturi-42v-5a-pro-2\/#primaryimage"},"thumbnailUrl":"https:\/\/www.xn--tuksimaailm-ffb.ee\/wp-content\/uploads\/2023\/04\/tempImageXJ2SdX-removebg-preview.png","datePublished":"2023-04-27T09:51:21+00:00","dateModified":"2025-01-06T12:53:24+00:00","description":"Xiaomi elektrit\u00f5ukeratta laadija (ka juhe, toiteadapter, adapter), 42V 5A, elektrit\u00f5ukerattale Xiaomi M365, M365 Pro, Xiaomi Mi 1s \/ Pro 2","breadcrumb":{"@id":"https:\/\/www.xn--tuksimaailm-ffb.ee\/fi\/shop\/xiaomi-sahkopotkulauta-laturi-42v-5a-pro-2\/#breadcrumb"},"inLanguage":"fi","potentialAction":[{"@type":"ReadAction","target":["https:\/\/www.xn--tuksimaailm-ffb.ee\/fi\/shop\/xiaomi-sahkopotkulauta-laturi-42v-5a-pro-2\/"]}]},{"@type":"ImageObject","inLanguage":"fi","@id":"https:\/\/www.xn--tuksimaailm-ffb.ee\/fi\/shop\/xiaomi-sahkopotkulauta-laturi-42v-5a-pro-2\/#primaryimage","url":"https:\/\/www.xn--tuksimaailm-ffb.ee\/wp-content\/uploads\/2023\/04\/tempImageXJ2SdX-removebg-preview.png","contentUrl":"https:\/\/www.xn--tuksimaailm-ffb.ee\/wp-content\/uploads\/2023\/04\/tempImageXJ2SdX-removebg-preview.png","width":433,"height":577,"caption":"xiaomi elektrit\u00f5ukeratta laadija 42V 5A elektrit\u00f5ukeratas elektrit\u00f5ukeratta varuosad e-pood remont pood elektrit\u00f5ukerattad 1"},{"@type":"BreadcrumbList","@id":"https:\/\/www.xn--tuksimaailm-ffb.ee\/fi\/shop\/xiaomi-sahkopotkulauta-laturi-42v-5a-pro-2\/#breadcrumb","itemListElement":[{"@type":"ListItem","position":1,"name":"Home","item":"https:\/\/www.xn--tuksimaailm-ffb.ee\/fi\/kotisivu\/"},{"@type":"ListItem","position":2,"name":"Kauppa","item":"https:\/\/www.xn--tuksimaailm-ffb.ee\/elektritoukerataste-pood\/"},{"@type":"ListItem","position":3,"name":"Xiaomi s\u00e4hk\u00f6potkulauta laturi 42V 5A Pro 2"}]},{"@type":"WebSite","@id":"https:\/\/www.xn--tuksimaailm-ffb.ee\/fi\/#website","url":"https:\/\/www.xn--tuksimaailm-ffb.ee\/fi\/","name":"T\u00f5uksimaailm","description":"Elektrit\u00f5ukerataste m\u00fc\u00fck, remont ja rent","publisher":{"@id":"https:\/\/www.xn--tuksimaailm-ffb.ee\/fi\/#organization"},"potentialAction":[{"@type":"SearchAction","target":{"@type":"EntryPoint","urlTemplate":"https:\/\/www.xn--tuksimaailm-ffb.ee\/fi\/?s={search_term_string}"},"query-input":{"@type":"PropertyValueSpecification","valueRequired":true,"valueName":"search_term_string"}}],"inLanguage":"fi"},{"@type":"Organization","@id":"https:\/\/www.xn--tuksimaailm-ffb.ee\/fi\/#organization","name":"T\u00f5uksimaailm","url":"https:\/\/www.xn--tuksimaailm-ffb.ee\/fi\/","logo":{"@type":"ImageObject","inLanguage":"fi","@id":"https:\/\/www.xn--tuksimaailm-ffb.ee\/fi\/#\/schema\/logo\/image\/","url":"https:\/\/www.xn--tuksimaailm-ffb.ee\/wp-content\/uploads\/2020\/01\/logoz-e1579792875517.png","contentUrl":"https:\/\/www.xn--tuksimaailm-ffb.ee\/wp-content\/uploads\/2020\/01\/logoz-e1579792875517.png","width":250,"height":250,"caption":"T\u00f5uksimaailm"},"image":{"@id":"https:\/\/www.xn--tuksimaailm-ffb.ee\/fi\/#\/schema\/logo\/image\/"},"sameAs":["https:\/\/www.facebook.com\/touksimaailm\/","https:\/\/www.instagram.com\/touksimaailm_\/","https:\/\/www.youtube.com\/channel\/UC18ml0EKIDLP1xGuQjFzcXQ"]}]},"product_price_amount":"199.50","product_price_currency":"EUR","og_availability":"instock","product_availability":"instock","product_condition":"new"},"jetpack_sharing_enabled":true,"_links":{"self":[{"href":"https:\/\/www.xn--tuksimaailm-ffb.ee\/fi\/wp-json\/wp\/v2\/product\/40543","targetHints":{"allow":["GET"]}}],"collection":[{"href":"https:\/\/www.xn--tuksimaailm-ffb.ee\/fi\/wp-json\/wp\/v2\/product"}],"about":[{"href":"https:\/\/www.xn--tuksimaailm-ffb.ee\/fi\/wp-json\/wp\/v2\/types\/product"}],"wp:featuredmedia":[{"embeddable":true,"href":"https:\/\/www.xn--tuksimaailm-ffb.ee\/fi\/wp-json\/wp\/v2\/media\/34975"}],"wp:attachment":[{"href":"https:\/\/www.xn--tuksimaailm-ffb.ee\/fi\/wp-json\/wp\/v2\/media?parent=40543"}],"wp:term":[{"taxonomy":"product_brand","embeddable":true,"href":"https:\/\/www.xn--tuksimaailm-ffb.ee\/fi\/wp-json\/wp\/v2\/product_brand?post=40543"},{"taxonomy":"product_cat","embeddable":true,"href":"https:\/\/www.xn--tuksimaailm-ffb.ee\/fi\/wp-json\/wp\/v2\/product_cat?post=40543"},{"taxonomy":"product_tag","embeddable":true,"href":"https:\/\/www.xn--tuksimaailm-ffb.ee\/fi\/wp-json\/wp\/v2\/product_tag?post=40543"},{"taxonomy":"filter_elektritoukeratas","embeddable":true,"href":"https:\/\/www.xn--tuksimaailm-ffb.ee\/fi\/wp-json\/wp\/v2\/filter_elektritoukeratas?post=40543"}],"curies":[{"name":"wp","href":"https:\/\/api.w.org\/{rel}","templated":true}]}}