{"id":40551,"date":"2023-02-18T11:44:39","date_gmt":"2023-02-18T09:44:39","guid":{"rendered":"http:\/\/www.xn--tuksimaailm-ffb.ee\/shop\/kompakti-kytkinlukko-halytyssignaalilla-pidike\/"},"modified":"2025-01-06T16:37:11","modified_gmt":"2025-01-06T13:37:11","slug":"kompakti-kytkinlukko-halytyssignaalilla-pidike","status":"publish","type":"product","link":"https:\/\/www.xn--tuksimaailm-ffb.ee\/fi\/shop\/kompakti-kytkinlukko-halytyssignaalilla-pidike\/","title":{"rendered":"Kompakti kytkinlukko h\u00e4lytyssignaalilla + pidike"},"content":{"rendered":"<p>Dorich kompakti, tyylik\u00e4s ja eritt\u00e4in turvallinen, h\u00e4lytys \/ signaalikytkinlukko. Saatavana <strong>mustana, vihre\u00e4n\u00e4, keltainena, sinisen\u00e4<\/strong> ja <strong>punaisena<\/strong>. Lukon mitat ovat <strong>192x76mm<\/strong>. Turvah\u00e4lytyskytkinlukko antaa varoitussignaalin, jos joku siirt\u00e4\u00e4 vartioidun lukon, ja jos varoitussignaalit j\u00e4tet\u00e4\u00e4n huomiotta, lukko antaa \u00e4\u00e4nekk\u00e4\u00e4n 100dB:n h\u00e4lytys\u00e4\u00e4nen.<\/p>\n","protected":false},"excerpt":{"rendered":"<p><a href=\"http:\/\/www.xn--tuksimaailm-ffb.ee\/kontakt\/\"><strong>L\u00f6ysitk\u00f6 paremman hinnan? Kirjoita meille, niin teemme sinulle paremman tarjouksen!<\/strong><\/a><\/p>\n","protected":false},"featured_media":31811,"template":"","meta":[],"product_brand":[],"product_cat":[1697],"product_tag":[1721],"filter_elektritoukeratas":[],"class_list":{"0":"post-40551","1":"product","2":"type-product","3":"status-publish","4":"has-post-thumbnail","6":"product_cat-lisavarusteet","7":"product_tag-lukot","8":"pa_colour-keltainen","9":"pa_colour-musta","10":"pa_colour-punainen","11":"pa_colour-vaaleanvihrea","12":"pa_tootetuup-lukot","14":"first","15":"instock","16":"taxable","17":"shipping-taxable","18":"purchasable","19":"product-type-variable"},"yoast_head":"<!-- This site is optimized with the Yoast SEO Premium plugin v26.8 (Yoast SEO v27.5) - https:\/\/yoast.com\/product\/yoast-seo-premium-wordpress\/ -->\n<title>Kompakti kytkinlukko h\u00e4lytyssignaalilla + pidike | T\u00f5uksimaailm<\/title>\n<meta name=\"description\" content=\"Dorich kompaktne, stiilne ning v\u00e4ga turvaline, alarmiga \/ signaaliga l\u00fclilukk. Valikus on musta, rohelist, kollast, sinist ja punast v\u00e4rvi lukud.\" \/>\n<meta name=\"robots\" content=\"index, follow, max-snippet:-1, max-image-preview:large, max-video-preview:-1\" \/>\n<link rel=\"canonical\" href=\"https:\/\/www.xn--tuksimaailm-ffb.ee\/fi\/shop\/kompakti-kytkinlukko-halytyssignaalilla-pidike\/\" \/>\n<meta property=\"og:locale\" content=\"fi_FI\" \/>\n<meta property=\"og:type\" content=\"article\" \/>\n<meta property=\"og:title\" content=\"Kompakti kytkinlukko h\u00e4lytyssignaalilla + pidike\" \/>\n<meta property=\"og:description\" content=\"Dorich kompaktne, stiilne ning v\u00e4ga turvaline, alarmiga \/ signaaliga l\u00fclilukk. Valikus on musta, rohelist, kollast, sinist ja punast v\u00e4rvi lukud.\" \/>\n<meta property=\"og:url\" content=\"https:\/\/www.xn--tuksimaailm-ffb.ee\/fi\/shop\/kompakti-kytkinlukko-halytyssignaalilla-pidike\/\" \/>\n<meta property=\"og:site_name\" content=\"T\u00f5uksimaailm\" \/>\n<meta property=\"article:publisher\" content=\"https:\/\/www.facebook.com\/touksimaailm\/\" \/>\n<meta property=\"article:modified_time\" content=\"2025-01-06T13:37:11+00:00\" \/>\n<meta property=\"og:image\" content=\"https:\/\/www.xn--tuksimaailm-ffb.ee\/wp-content\/uploads\/2023\/02\/alarmlukk-1.jpg\" \/>\n\t<meta property=\"og:image:width\" content=\"446\" \/>\n\t<meta property=\"og:image:height\" content=\"465\" \/>\n\t<meta property=\"og:image:type\" content=\"image\/jpeg\" \/>\n<meta name=\"twitter:card\" content=\"summary_large_image\" \/>\n<meta name=\"twitter:label1\" content=\"Saatavuus\" \/>\n\t<meta name=\"twitter:data1\" content=\"Varastossa\" \/>\n<meta property=\"og:availability\" content=\"instock\" \/>\n<meta property=\"product:availability\" content=\"instock\" \/>\n<meta property=\"product:condition\" content=\"new\" \/>\n<!-- \/ Yoast SEO Premium plugin. -->","yoast_head_json":{"title":"Kompakti kytkinlukko h\u00e4lytyssignaalilla + pidike | T\u00f5uksimaailm","description":"Dorich kompaktne, stiilne ning v\u00e4ga turvaline, alarmiga \/ signaaliga l\u00fclilukk. Valikus on musta, rohelist, kollast, sinist ja punast v\u00e4rvi lukud.","robots":{"index":"index","follow":"follow","max-snippet":"max-snippet:-1","max-image-preview":"max-image-preview:large","max-video-preview":"max-video-preview:-1"},"canonical":"https:\/\/www.xn--tuksimaailm-ffb.ee\/fi\/shop\/kompakti-kytkinlukko-halytyssignaalilla-pidike\/","og_locale":"fi_FI","og_type":"article","og_title":"Kompakti kytkinlukko h\u00e4lytyssignaalilla + pidike","og_description":"Dorich kompaktne, stiilne ning v\u00e4ga turvaline, alarmiga \/ signaaliga l\u00fclilukk. Valikus on musta, rohelist, kollast, sinist ja punast v\u00e4rvi lukud.","og_url":"https:\/\/www.xn--tuksimaailm-ffb.ee\/fi\/shop\/kompakti-kytkinlukko-halytyssignaalilla-pidike\/","og_site_name":"T\u00f5uksimaailm","article_publisher":"https:\/\/www.facebook.com\/touksimaailm\/","article_modified_time":"2025-01-06T13:37:11+00:00","og_image":[{"width":446,"height":465,"url":"https:\/\/www.xn--tuksimaailm-ffb.ee\/wp-content\/uploads\/2023\/02\/alarmlukk-1.jpg","type":"image\/jpeg"}],"twitter_card":"summary_large_image","twitter_misc":{"Saatavuus":"Varastossa"},"schema":{"@context":"https:\/\/schema.org","@graph":[{"@type":"WebPage","@id":"https:\/\/www.xn--tuksimaailm-ffb.ee\/fi\/shop\/kompakti-kytkinlukko-halytyssignaalilla-pidike\/","url":"https:\/\/www.xn--tuksimaailm-ffb.ee\/fi\/shop\/kompakti-kytkinlukko-halytyssignaalilla-pidike\/","name":"Kompakti kytkinlukko h\u00e4lytyssignaalilla + pidike | T\u00f5uksimaailm","isPartOf":{"@id":"https:\/\/www.xn--tuksimaailm-ffb.ee\/fi\/#website"},"primaryImageOfPage":{"@id":"https:\/\/www.xn--tuksimaailm-ffb.ee\/fi\/shop\/kompakti-kytkinlukko-halytyssignaalilla-pidike\/#primaryimage"},"image":{"@id":"https:\/\/www.xn--tuksimaailm-ffb.ee\/fi\/shop\/kompakti-kytkinlukko-halytyssignaalilla-pidike\/#primaryimage"},"thumbnailUrl":"https:\/\/www.xn--tuksimaailm-ffb.ee\/wp-content\/uploads\/2023\/02\/alarmlukk-1.jpg","datePublished":"2023-02-18T09:44:39+00:00","dateModified":"2025-01-06T13:37:11+00:00","description":"Dorich kompaktne, stiilne ning v\u00e4ga turvaline, alarmiga \/ signaaliga l\u00fclilukk. Valikus on musta, rohelist, kollast, sinist ja punast v\u00e4rvi lukud.","breadcrumb":{"@id":"https:\/\/www.xn--tuksimaailm-ffb.ee\/fi\/shop\/kompakti-kytkinlukko-halytyssignaalilla-pidike\/#breadcrumb"},"inLanguage":"fi","potentialAction":[{"@type":"ReadAction","target":["https:\/\/www.xn--tuksimaailm-ffb.ee\/fi\/shop\/kompakti-kytkinlukko-halytyssignaalilla-pidike\/"]}]},{"@type":"ImageObject","inLanguage":"fi","@id":"https:\/\/www.xn--tuksimaailm-ffb.ee\/fi\/shop\/kompakti-kytkinlukko-halytyssignaalilla-pidike\/#primaryimage","url":"https:\/\/www.xn--tuksimaailm-ffb.ee\/wp-content\/uploads\/2023\/02\/alarmlukk-1.jpg","contentUrl":"https:\/\/www.xn--tuksimaailm-ffb.ee\/wp-content\/uploads\/2023\/02\/alarmlukk-1.jpg","width":446,"height":465,"caption":"Dorich kompaktne, stiilne ning v\u00e4ga turvaline, alarmiga \/ signaaliga l\u00fclilukk 1"},{"@type":"BreadcrumbList","@id":"https:\/\/www.xn--tuksimaailm-ffb.ee\/fi\/shop\/kompakti-kytkinlukko-halytyssignaalilla-pidike\/#breadcrumb","itemListElement":[{"@type":"ListItem","position":1,"name":"Home","item":"https:\/\/www.xn--tuksimaailm-ffb.ee\/fi\/kotisivu\/"},{"@type":"ListItem","position":2,"name":"Kauppa","item":"https:\/\/www.xn--tuksimaailm-ffb.ee\/elektritoukerataste-pood\/"},{"@type":"ListItem","position":3,"name":"Kompakti kytkinlukko h\u00e4lytyssignaalilla + pidike"}]},{"@type":"WebSite","@id":"https:\/\/www.xn--tuksimaailm-ffb.ee\/fi\/#website","url":"https:\/\/www.xn--tuksimaailm-ffb.ee\/fi\/","name":"T\u00f5uksimaailm","description":"Elektrit\u00f5ukerataste m\u00fc\u00fck, remont ja rent","publisher":{"@id":"https:\/\/www.xn--tuksimaailm-ffb.ee\/fi\/#organization"},"potentialAction":[{"@type":"SearchAction","target":{"@type":"EntryPoint","urlTemplate":"https:\/\/www.xn--tuksimaailm-ffb.ee\/fi\/?s={search_term_string}"},"query-input":{"@type":"PropertyValueSpecification","valueRequired":true,"valueName":"search_term_string"}}],"inLanguage":"fi"},{"@type":"Organization","@id":"https:\/\/www.xn--tuksimaailm-ffb.ee\/fi\/#organization","name":"T\u00f5uksimaailm","url":"https:\/\/www.xn--tuksimaailm-ffb.ee\/fi\/","logo":{"@type":"ImageObject","inLanguage":"fi","@id":"https:\/\/www.xn--tuksimaailm-ffb.ee\/fi\/#\/schema\/logo\/image\/","url":"https:\/\/www.xn--tuksimaailm-ffb.ee\/wp-content\/uploads\/2020\/01\/logoz-e1579792875517.png","contentUrl":"https:\/\/www.xn--tuksimaailm-ffb.ee\/wp-content\/uploads\/2020\/01\/logoz-e1579792875517.png","width":250,"height":250,"caption":"T\u00f5uksimaailm"},"image":{"@id":"https:\/\/www.xn--tuksimaailm-ffb.ee\/fi\/#\/schema\/logo\/image\/"},"sameAs":["https:\/\/www.facebook.com\/touksimaailm\/","https:\/\/www.instagram.com\/touksimaailm_\/","https:\/\/www.youtube.com\/channel\/UC18ml0EKIDLP1xGuQjFzcXQ"]}]},"og_availability":"instock","product_availability":"instock","product_condition":"new"},"jetpack_sharing_enabled":true,"_links":{"self":[{"href":"https:\/\/www.xn--tuksimaailm-ffb.ee\/fi\/wp-json\/wp\/v2\/product\/40551","targetHints":{"allow":["GET"]}}],"collection":[{"href":"https:\/\/www.xn--tuksimaailm-ffb.ee\/fi\/wp-json\/wp\/v2\/product"}],"about":[{"href":"https:\/\/www.xn--tuksimaailm-ffb.ee\/fi\/wp-json\/wp\/v2\/types\/product"}],"wp:featuredmedia":[{"embeddable":true,"href":"https:\/\/www.xn--tuksimaailm-ffb.ee\/fi\/wp-json\/wp\/v2\/media\/31811"}],"wp:attachment":[{"href":"https:\/\/www.xn--tuksimaailm-ffb.ee\/fi\/wp-json\/wp\/v2\/media?parent=40551"}],"wp:term":[{"taxonomy":"product_brand","embeddable":true,"href":"https:\/\/www.xn--tuksimaailm-ffb.ee\/fi\/wp-json\/wp\/v2\/product_brand?post=40551"},{"taxonomy":"product_cat","embeddable":true,"href":"https:\/\/www.xn--tuksimaailm-ffb.ee\/fi\/wp-json\/wp\/v2\/product_cat?post=40551"},{"taxonomy":"product_tag","embeddable":true,"href":"https:\/\/www.xn--tuksimaailm-ffb.ee\/fi\/wp-json\/wp\/v2\/product_tag?post=40551"},{"taxonomy":"filter_elektritoukeratas","embeddable":true,"href":"https:\/\/www.xn--tuksimaailm-ffb.ee\/fi\/wp-json\/wp\/v2\/filter_elektritoukeratas?post=40551"}],"curies":[{"name":"wp","href":"https:\/\/api.w.org\/{rel}","templated":true}]}}