{"id":40671,"date":"2023-02-16T18:57:29","date_gmt":"2023-02-16T16:57:29","guid":{"rendered":"http:\/\/www.xn--tuksimaailm-ffb.ee\/shop\/sross-kypara-visiirilla-vito-cross\/"},"modified":"2025-01-06T18:30:12","modified_gmt":"2025-01-06T15:30:12","slug":"sross-kypara-visiirilla-vito-cross","status":"publish","type":"product","link":"https:\/\/www.xn--tuksimaailm-ffb.ee\/fi\/shop\/sross-kypara-visiirilla-vito-cross\/","title":{"rendered":"Cross kyp\u00e4r\u00e4 visiirill\u00e4 VITO MOLINO CROSS"},"content":{"rendered":"<p>Urheilullinen suljettu cross kyp\u00e4r\u00e4 visiirill\u00e4 VITO MOLINO CROSS. Sopii k\u00e4ytett\u00e4v\u00e4ksi - s\u00e4hk\u00f6moottoripy\u00f6r\u00e4ll\u00e4, s\u00e4hk\u00f6skootterilla, s\u00e4hk\u00f6potkulaudalla, s\u00e4hk\u00f6py\u00f6r\u00e4ll\u00e4 \/ s\u00e4hk\u00f6polkupy\u00f6r\u00e4ll\u00e4.<\/p>\n","protected":false},"excerpt":{"rendered":"<p><span style=\"font-style: italic;\"><strong>Toimitusaika: 1-5tp<\/strong><\/span><\/p>\n","protected":false},"featured_media":31122,"template":"","meta":[],"product_brand":[],"product_cat":[1697],"product_tag":[1715],"filter_elektritoukeratas":[],"class_list":{"0":"post-40671","1":"product","2":"type-product","3":"status-publish","4":"has-post-thumbnail","6":"product_cat-lisavarusteet","7":"product_tag-kyparat","8":"pa_size-matte-black-l-matt-must-suurus-l-fi","9":"pa_size-matte-black-m-matt-must-suurus-m-fi","10":"pa_size-matte-black-s-matt-must-suurus-s-fi","11":"pa_size-matte-black-xl-matt-must-suurus-xl-fi","12":"pa_size-matte-black-xxl-matt-must-suurus-xxl-fi","13":"pa_tootetuup-kyparat","15":"first","16":"instock","17":"taxable","18":"shipping-taxable","19":"purchasable","20":"product-type-variable"},"yoast_head":"<!-- This site is optimized with the Yoast SEO Premium plugin v26.8 (Yoast SEO v27.3) - https:\/\/yoast.com\/product\/yoast-seo-premium-wordpress\/ -->\n<title>Cross kyp\u00e4r\u00e4 visiirill\u00e4 VITO MOLINO CROSS | T\u00f5uksimaailm<\/title>\n<meta name=\"description\" content=\"Krossikiiver visiiriga VITO MOLINO CROSS. Sobib kasutamiseks - elektriline mootorratas, elektriroller, elektrit\u00f5ukeratas, elektriratas.\" \/>\n<meta name=\"robots\" content=\"index, follow, max-snippet:-1, max-image-preview:large, max-video-preview:-1\" \/>\n<link rel=\"canonical\" href=\"https:\/\/www.xn--tuksimaailm-ffb.ee\/fi\/shop\/sross-kypara-visiirilla-vito-cross\/\" \/>\n<meta property=\"og:locale\" content=\"fi_FI\" \/>\n<meta property=\"og:type\" content=\"article\" \/>\n<meta property=\"og:title\" content=\"Cross kyp\u00e4r\u00e4 visiirill\u00e4 VITO MOLINO CROSS\" \/>\n<meta property=\"og:description\" content=\"Krossikiiver visiiriga VITO MOLINO CROSS. Sobib kasutamiseks - elektriline mootorratas, elektriroller, elektrit\u00f5ukeratas, elektriratas.\" \/>\n<meta property=\"og:url\" content=\"https:\/\/www.xn--tuksimaailm-ffb.ee\/fi\/shop\/sross-kypara-visiirilla-vito-cross\/\" \/>\n<meta property=\"og:site_name\" content=\"T\u00f5uksimaailm\" \/>\n<meta property=\"article:publisher\" content=\"https:\/\/www.facebook.com\/touksimaailm\/\" \/>\n<meta property=\"article:modified_time\" content=\"2025-01-06T15:30:12+00:00\" \/>\n<meta property=\"og:image\" content=\"https:\/\/www.xn--tuksimaailm-ffb.ee\/wp-content\/uploads\/2023\/02\/Krossikiiver-visiiriga-VITO-CROSS-1.jpeg\" \/>\n\t<meta property=\"og:image:width\" content=\"800\" \/>\n\t<meta property=\"og:image:height\" content=\"534\" \/>\n\t<meta property=\"og:image:type\" content=\"image\/jpeg\" \/>\n<meta name=\"twitter:card\" content=\"summary_large_image\" \/>\n<meta name=\"twitter:label1\" content=\"Saatavuus\" \/>\n\t<meta name=\"twitter:data1\" content=\"Varastossa\" \/>\n<meta property=\"og:availability\" content=\"instock\" \/>\n<meta property=\"product:availability\" content=\"instock\" \/>\n<meta property=\"product:retailer_item_id\" content=\"VITO-MOLINO-CROSS\" \/>\n<meta property=\"product:condition\" content=\"new\" \/>\n<!-- \/ Yoast SEO Premium plugin. -->","yoast_head_json":{"title":"Cross kyp\u00e4r\u00e4 visiirill\u00e4 VITO MOLINO CROSS | T\u00f5uksimaailm","description":"Krossikiiver visiiriga VITO MOLINO CROSS. Sobib kasutamiseks - elektriline mootorratas, elektriroller, elektrit\u00f5ukeratas, elektriratas.","robots":{"index":"index","follow":"follow","max-snippet":"max-snippet:-1","max-image-preview":"max-image-preview:large","max-video-preview":"max-video-preview:-1"},"canonical":"https:\/\/www.xn--tuksimaailm-ffb.ee\/fi\/shop\/sross-kypara-visiirilla-vito-cross\/","og_locale":"fi_FI","og_type":"article","og_title":"Cross kyp\u00e4r\u00e4 visiirill\u00e4 VITO MOLINO CROSS","og_description":"Krossikiiver visiiriga VITO MOLINO CROSS. Sobib kasutamiseks - elektriline mootorratas, elektriroller, elektrit\u00f5ukeratas, elektriratas.","og_url":"https:\/\/www.xn--tuksimaailm-ffb.ee\/fi\/shop\/sross-kypara-visiirilla-vito-cross\/","og_site_name":"T\u00f5uksimaailm","article_publisher":"https:\/\/www.facebook.com\/touksimaailm\/","article_modified_time":"2025-01-06T15:30:12+00:00","og_image":[{"width":800,"height":534,"url":"https:\/\/www.xn--tuksimaailm-ffb.ee\/wp-content\/uploads\/2023\/02\/Krossikiiver-visiiriga-VITO-CROSS-1.jpeg","type":"image\/jpeg"}],"twitter_card":"summary_large_image","twitter_misc":{"Saatavuus":"Varastossa"},"schema":{"@context":"https:\/\/schema.org","@graph":[{"@type":"WebPage","@id":"https:\/\/www.xn--tuksimaailm-ffb.ee\/fi\/shop\/sross-kypara-visiirilla-vito-cross\/","url":"https:\/\/www.xn--tuksimaailm-ffb.ee\/fi\/shop\/sross-kypara-visiirilla-vito-cross\/","name":"Cross kyp\u00e4r\u00e4 visiirill\u00e4 VITO MOLINO CROSS | T\u00f5uksimaailm","isPartOf":{"@id":"https:\/\/www.xn--tuksimaailm-ffb.ee\/fi\/#website"},"primaryImageOfPage":{"@id":"https:\/\/www.xn--tuksimaailm-ffb.ee\/fi\/shop\/sross-kypara-visiirilla-vito-cross\/#primaryimage"},"image":{"@id":"https:\/\/www.xn--tuksimaailm-ffb.ee\/fi\/shop\/sross-kypara-visiirilla-vito-cross\/#primaryimage"},"thumbnailUrl":"https:\/\/www.xn--tuksimaailm-ffb.ee\/wp-content\/uploads\/2023\/02\/Krossikiiver-visiiriga-VITO-CROSS-1.jpeg","datePublished":"2023-02-16T16:57:29+00:00","dateModified":"2025-01-06T15:30:12+00:00","description":"Krossikiiver visiiriga VITO MOLINO CROSS. Sobib kasutamiseks - elektriline mootorratas, elektriroller, elektrit\u00f5ukeratas, elektriratas.","breadcrumb":{"@id":"https:\/\/www.xn--tuksimaailm-ffb.ee\/fi\/shop\/sross-kypara-visiirilla-vito-cross\/#breadcrumb"},"inLanguage":"fi","potentialAction":[{"@type":"ReadAction","target":["https:\/\/www.xn--tuksimaailm-ffb.ee\/fi\/shop\/sross-kypara-visiirilla-vito-cross\/"]}]},{"@type":"ImageObject","inLanguage":"fi","@id":"https:\/\/www.xn--tuksimaailm-ffb.ee\/fi\/shop\/sross-kypara-visiirilla-vito-cross\/#primaryimage","url":"https:\/\/www.xn--tuksimaailm-ffb.ee\/wp-content\/uploads\/2023\/02\/Krossikiiver-visiiriga-VITO-CROSS-1.jpeg","contentUrl":"https:\/\/www.xn--tuksimaailm-ffb.ee\/wp-content\/uploads\/2023\/02\/Krossikiiver-visiiriga-VITO-CROSS-1.jpeg","width":800,"height":534,"caption":"Krossikiiver visiiriga VITO CROSS 1"},{"@type":"BreadcrumbList","@id":"https:\/\/www.xn--tuksimaailm-ffb.ee\/fi\/shop\/sross-kypara-visiirilla-vito-cross\/#breadcrumb","itemListElement":[{"@type":"ListItem","position":1,"name":"Home","item":"https:\/\/www.xn--tuksimaailm-ffb.ee\/fi\/kotisivu\/"},{"@type":"ListItem","position":2,"name":"Kauppa","item":"https:\/\/www.xn--tuksimaailm-ffb.ee\/elektritoukerataste-pood\/"},{"@type":"ListItem","position":3,"name":"Cross kyp\u00e4r\u00e4 visiirill\u00e4 VITO MOLINO CROSS"}]},{"@type":"WebSite","@id":"https:\/\/www.xn--tuksimaailm-ffb.ee\/fi\/#website","url":"https:\/\/www.xn--tuksimaailm-ffb.ee\/fi\/","name":"T\u00f5uksimaailm","description":"Elektrit\u00f5ukerataste m\u00fc\u00fck, remont ja rent","publisher":{"@id":"https:\/\/www.xn--tuksimaailm-ffb.ee\/fi\/#organization"},"potentialAction":[{"@type":"SearchAction","target":{"@type":"EntryPoint","urlTemplate":"https:\/\/www.xn--tuksimaailm-ffb.ee\/fi\/?s={search_term_string}"},"query-input":{"@type":"PropertyValueSpecification","valueRequired":true,"valueName":"search_term_string"}}],"inLanguage":"fi"},{"@type":"Organization","@id":"https:\/\/www.xn--tuksimaailm-ffb.ee\/fi\/#organization","name":"T\u00f5uksimaailm","url":"https:\/\/www.xn--tuksimaailm-ffb.ee\/fi\/","logo":{"@type":"ImageObject","inLanguage":"fi","@id":"https:\/\/www.xn--tuksimaailm-ffb.ee\/fi\/#\/schema\/logo\/image\/","url":"https:\/\/www.xn--tuksimaailm-ffb.ee\/wp-content\/uploads\/2020\/01\/logoz-e1579792875517.png","contentUrl":"https:\/\/www.xn--tuksimaailm-ffb.ee\/wp-content\/uploads\/2020\/01\/logoz-e1579792875517.png","width":250,"height":250,"caption":"T\u00f5uksimaailm"},"image":{"@id":"https:\/\/www.xn--tuksimaailm-ffb.ee\/fi\/#\/schema\/logo\/image\/"},"sameAs":["https:\/\/www.facebook.com\/touksimaailm\/","https:\/\/www.instagram.com\/touksimaailm_\/","https:\/\/www.youtube.com\/channel\/UC18ml0EKIDLP1xGuQjFzcXQ"]}]},"og_availability":"instock","product_availability":"instock","product_retailer_item_id":"VITO-MOLINO-CROSS","product_condition":"new"},"jetpack_sharing_enabled":true,"_links":{"self":[{"href":"https:\/\/www.xn--tuksimaailm-ffb.ee\/fi\/wp-json\/wp\/v2\/product\/40671","targetHints":{"allow":["GET"]}}],"collection":[{"href":"https:\/\/www.xn--tuksimaailm-ffb.ee\/fi\/wp-json\/wp\/v2\/product"}],"about":[{"href":"https:\/\/www.xn--tuksimaailm-ffb.ee\/fi\/wp-json\/wp\/v2\/types\/product"}],"wp:featuredmedia":[{"embeddable":true,"href":"https:\/\/www.xn--tuksimaailm-ffb.ee\/fi\/wp-json\/wp\/v2\/media\/31122"}],"wp:attachment":[{"href":"https:\/\/www.xn--tuksimaailm-ffb.ee\/fi\/wp-json\/wp\/v2\/media?parent=40671"}],"wp:term":[{"taxonomy":"product_brand","embeddable":true,"href":"https:\/\/www.xn--tuksimaailm-ffb.ee\/fi\/wp-json\/wp\/v2\/product_brand?post=40671"},{"taxonomy":"product_cat","embeddable":true,"href":"https:\/\/www.xn--tuksimaailm-ffb.ee\/fi\/wp-json\/wp\/v2\/product_cat?post=40671"},{"taxonomy":"product_tag","embeddable":true,"href":"https:\/\/www.xn--tuksimaailm-ffb.ee\/fi\/wp-json\/wp\/v2\/product_tag?post=40671"},{"taxonomy":"filter_elektritoukeratas","embeddable":true,"href":"https:\/\/www.xn--tuksimaailm-ffb.ee\/fi\/wp-json\/wp\/v2\/filter_elektritoukeratas?post=40671"}],"curies":[{"name":"wp","href":"https:\/\/api.w.org\/{rel}","templated":true}]}}