{"id":40697,"date":"2023-02-16T18:12:07","date_gmt":"2023-02-16T16:12:07","guid":{"rendered":"http:\/\/www.xn--tuksimaailm-ffb.ee\/shop\/suljettu-kiypara-visiirilla-vito-falcone\/"},"modified":"2025-01-06T18:32:25","modified_gmt":"2025-01-06T15:32:25","slug":"suljettu-kiypara-visiirilla-vito-falcone","status":"publish","type":"product","link":"https:\/\/www.xn--tuksimaailm-ffb.ee\/fi\/shop\/suljettu-kiypara-visiirilla-vito-falcone\/","title":{"rendered":"Suljettu kyp\u00e4r\u00e4 visiirill\u00e4 VITO FALCONE"},"content":{"rendered":"<p>Urheilullinen suljettu kyp\u00e4r\u00e4 visiirill\u00e4 katuk\u00e4ytt\u00f6\u00f6n VITO FALCONE. Soveltuu k\u00e4ytett\u00e4v\u00e4ksi - s\u00e4hk\u00f6mopolla, s\u00e4hk\u00f6potkulaudalla, s\u00e4hk\u00f6py\u00f6r\u00e4ll\u00e4 \/ s\u00e4hk\u00f6polkupy\u00f6r\u00e4ll\u00e4.<\/p>\n","protected":false},"excerpt":{"rendered":"<p><span style=\"font-style: italic;\"><strong>Toimitusaika: 1-5tp<\/strong><\/span><\/p>\n","protected":false},"featured_media":30930,"template":"","meta":[],"product_brand":[],"product_cat":[1697],"product_tag":[1715],"filter_elektritoukeratas":[],"class_list":{"0":"post-40697","1":"product","2":"type-product","3":"status-publish","4":"has-post-thumbnail","6":"product_cat-lisavarusteet","7":"product_tag-kyparat","8":"pa_size-matte-black-fluor-l-matt-must-kollane-suurus-l-fi","9":"pa_size-matte-black-fluor-m-matt-must-kollane-suurus-m-fi","10":"pa_size-matte-black-fluor-s-matt-must-kollane-suurus-s-fi","11":"pa_size-matte-black-fluor-xl-matt-must-kollane-suurus-xl-fi","12":"pa_size-matte-black-fluor-xxl-matt-must-kollane-suurus-xxl-fi","13":"pa_size-matte-black-green-l-matt-must-roheline-suurus-l-fi","14":"pa_size-matte-black-green-m-matt-must-roheline-suurus-m-fi","15":"pa_size-matte-black-green-s-matt-must-roheline-suurus-s-fi","16":"pa_size-matte-black-green-xl-matt-must-roheline-suurus-xl-fi","17":"pa_size-matte-black-green-xxl-matt-must-roheline-suurus-xxl-fi","18":"pa_size-matte-black-red-l-matt-must-punane-suurus-l-fi","19":"pa_size-matte-black-red-m-matt-must-punane-suurus-m-fi","20":"pa_size-matte-black-red-s-matt-must-punane-suurus-s-fi","21":"pa_size-matte-black-red-xl-matt-must-punane-suurus-xl-fi","22":"pa_size-matte-black-red-xxl-matt-must-punane-suurus-xxl-fi","23":"pa_size-matte-black-l-matt-must-suurus-l-fi","24":"pa_size-matte-black-m-matt-must-suurus-m-fi","25":"pa_size-matte-black-s-matt-must-suurus-s-fi","26":"pa_size-matte-black-xl-matt-must-suurus-xl-fi","27":"pa_size-matte-black-xxl-matt-must-suurus-xxl-fi","28":"pa_tootetuup-kyparat","30":"first","31":"instock","32":"taxable","33":"shipping-taxable","34":"purchasable","35":"product-type-variable"},"yoast_head":"<!-- This site is optimized with the Yoast SEO Premium plugin v26.8 (Yoast SEO v27.5) - https:\/\/yoast.com\/product\/yoast-seo-premium-wordpress\/ -->\n<title>Suljettu kyp\u00e4r\u00e4 visiirill\u00e4 VITO FALCONE | T\u00f5uksimaailm | Kiivrid<\/title>\n<meta name=\"description\" content=\"Kinnine kiiver visiiriga VITO FALCONE. Sobib kasutamiseks - elektriroller, elektrit\u00f5ukeratas, elektriratas \/ elektriline jalgratas.\" \/>\n<meta name=\"robots\" content=\"index, follow, max-snippet:-1, max-image-preview:large, max-video-preview:-1\" \/>\n<link rel=\"canonical\" href=\"https:\/\/www.xn--tuksimaailm-ffb.ee\/fi\/shop\/suljettu-kiypara-visiirilla-vito-falcone\/\" \/>\n<meta property=\"og:locale\" content=\"fi_FI\" \/>\n<meta property=\"og:type\" content=\"article\" \/>\n<meta property=\"og:title\" content=\"Suljettu kyp\u00e4r\u00e4 visiirill\u00e4 VITO FALCONE\" \/>\n<meta property=\"og:description\" content=\"Kinnine kiiver visiiriga VITO FALCONE. Sobib kasutamiseks - elektriroller, elektrit\u00f5ukeratas, elektriratas \/ elektriline jalgratas.\" \/>\n<meta property=\"og:url\" content=\"https:\/\/www.xn--tuksimaailm-ffb.ee\/fi\/shop\/suljettu-kiypara-visiirilla-vito-falcone\/\" \/>\n<meta property=\"og:site_name\" content=\"T\u00f5uksimaailm\" \/>\n<meta property=\"article:publisher\" content=\"https:\/\/www.facebook.com\/touksimaailm\/\" \/>\n<meta property=\"article:modified_time\" content=\"2025-01-06T15:32:25+00:00\" \/>\n<meta property=\"og:image\" content=\"https:\/\/www.xn--tuksimaailm-ffb.ee\/wp-content\/uploads\/2023\/02\/Kinnine-kiiver-visiiriga-VITO-FALCONE-99.png\" \/>\n\t<meta property=\"og:image:width\" content=\"500\" \/>\n\t<meta property=\"og:image:height\" content=\"500\" \/>\n\t<meta property=\"og:image:type\" content=\"image\/png\" \/>\n<meta name=\"twitter:card\" content=\"summary_large_image\" \/>\n<meta name=\"twitter:label1\" content=\"Saatavuus\" \/>\n\t<meta name=\"twitter:data1\" content=\"Varastossa\" \/>\n<meta property=\"og:availability\" content=\"instock\" \/>\n<meta property=\"product:availability\" content=\"instock\" \/>\n<meta property=\"product:retailer_item_id\" content=\"VITO-FALCONE\" \/>\n<meta property=\"product:condition\" content=\"new\" \/>\n<!-- \/ Yoast SEO Premium plugin. -->","yoast_head_json":{"title":"Suljettu kyp\u00e4r\u00e4 visiirill\u00e4 VITO FALCONE | T\u00f5uksimaailm | Kiivrid","description":"Kinnine kiiver visiiriga VITO FALCONE. Sobib kasutamiseks - elektriroller, elektrit\u00f5ukeratas, elektriratas \/ elektriline jalgratas.","robots":{"index":"index","follow":"follow","max-snippet":"max-snippet:-1","max-image-preview":"max-image-preview:large","max-video-preview":"max-video-preview:-1"},"canonical":"https:\/\/www.xn--tuksimaailm-ffb.ee\/fi\/shop\/suljettu-kiypara-visiirilla-vito-falcone\/","og_locale":"fi_FI","og_type":"article","og_title":"Suljettu kyp\u00e4r\u00e4 visiirill\u00e4 VITO FALCONE","og_description":"Kinnine kiiver visiiriga VITO FALCONE. Sobib kasutamiseks - elektriroller, elektrit\u00f5ukeratas, elektriratas \/ elektriline jalgratas.","og_url":"https:\/\/www.xn--tuksimaailm-ffb.ee\/fi\/shop\/suljettu-kiypara-visiirilla-vito-falcone\/","og_site_name":"T\u00f5uksimaailm","article_publisher":"https:\/\/www.facebook.com\/touksimaailm\/","article_modified_time":"2025-01-06T15:32:25+00:00","og_image":[{"width":500,"height":500,"url":"https:\/\/www.xn--tuksimaailm-ffb.ee\/wp-content\/uploads\/2023\/02\/Kinnine-kiiver-visiiriga-VITO-FALCONE-99.png","type":"image\/png"}],"twitter_card":"summary_large_image","twitter_misc":{"Saatavuus":"Varastossa"},"schema":{"@context":"https:\/\/schema.org","@graph":[{"@type":"WebPage","@id":"https:\/\/www.xn--tuksimaailm-ffb.ee\/fi\/shop\/suljettu-kiypara-visiirilla-vito-falcone\/","url":"https:\/\/www.xn--tuksimaailm-ffb.ee\/fi\/shop\/suljettu-kiypara-visiirilla-vito-falcone\/","name":"Suljettu kyp\u00e4r\u00e4 visiirill\u00e4 VITO FALCONE | T\u00f5uksimaailm | Kiivrid","isPartOf":{"@id":"https:\/\/www.xn--tuksimaailm-ffb.ee\/fi\/#website"},"primaryImageOfPage":{"@id":"https:\/\/www.xn--tuksimaailm-ffb.ee\/fi\/shop\/suljettu-kiypara-visiirilla-vito-falcone\/#primaryimage"},"image":{"@id":"https:\/\/www.xn--tuksimaailm-ffb.ee\/fi\/shop\/suljettu-kiypara-visiirilla-vito-falcone\/#primaryimage"},"thumbnailUrl":"https:\/\/www.xn--tuksimaailm-ffb.ee\/wp-content\/uploads\/2023\/02\/Kinnine-kiiver-visiiriga-VITO-FALCONE-99.png","datePublished":"2023-02-16T16:12:07+00:00","dateModified":"2025-01-06T15:32:25+00:00","description":"Kinnine kiiver visiiriga VITO FALCONE. Sobib kasutamiseks - elektriroller, elektrit\u00f5ukeratas, elektriratas \/ elektriline jalgratas.","breadcrumb":{"@id":"https:\/\/www.xn--tuksimaailm-ffb.ee\/fi\/shop\/suljettu-kiypara-visiirilla-vito-falcone\/#breadcrumb"},"inLanguage":"fi","potentialAction":[{"@type":"ReadAction","target":["https:\/\/www.xn--tuksimaailm-ffb.ee\/fi\/shop\/suljettu-kiypara-visiirilla-vito-falcone\/"]}]},{"@type":"ImageObject","inLanguage":"fi","@id":"https:\/\/www.xn--tuksimaailm-ffb.ee\/fi\/shop\/suljettu-kiypara-visiirilla-vito-falcone\/#primaryimage","url":"https:\/\/www.xn--tuksimaailm-ffb.ee\/wp-content\/uploads\/2023\/02\/Kinnine-kiiver-visiiriga-VITO-FALCONE-99.png","contentUrl":"https:\/\/www.xn--tuksimaailm-ffb.ee\/wp-content\/uploads\/2023\/02\/Kinnine-kiiver-visiiriga-VITO-FALCONE-99.png","width":500,"height":500,"caption":"Kinnine kiiver visiiriga VITO FALCONE 99"},{"@type":"BreadcrumbList","@id":"https:\/\/www.xn--tuksimaailm-ffb.ee\/fi\/shop\/suljettu-kiypara-visiirilla-vito-falcone\/#breadcrumb","itemListElement":[{"@type":"ListItem","position":1,"name":"Home","item":"https:\/\/www.xn--tuksimaailm-ffb.ee\/fi\/kotisivu\/"},{"@type":"ListItem","position":2,"name":"Kauppa","item":"https:\/\/www.xn--tuksimaailm-ffb.ee\/elektritoukerataste-pood\/"},{"@type":"ListItem","position":3,"name":"Suljettu kyp\u00e4r\u00e4 visiirill\u00e4 VITO FALCONE"}]},{"@type":"WebSite","@id":"https:\/\/www.xn--tuksimaailm-ffb.ee\/fi\/#website","url":"https:\/\/www.xn--tuksimaailm-ffb.ee\/fi\/","name":"T\u00f5uksimaailm","description":"Elektrit\u00f5ukerataste m\u00fc\u00fck, remont ja rent","publisher":{"@id":"https:\/\/www.xn--tuksimaailm-ffb.ee\/fi\/#organization"},"potentialAction":[{"@type":"SearchAction","target":{"@type":"EntryPoint","urlTemplate":"https:\/\/www.xn--tuksimaailm-ffb.ee\/fi\/?s={search_term_string}"},"query-input":{"@type":"PropertyValueSpecification","valueRequired":true,"valueName":"search_term_string"}}],"inLanguage":"fi"},{"@type":"Organization","@id":"https:\/\/www.xn--tuksimaailm-ffb.ee\/fi\/#organization","name":"T\u00f5uksimaailm","url":"https:\/\/www.xn--tuksimaailm-ffb.ee\/fi\/","logo":{"@type":"ImageObject","inLanguage":"fi","@id":"https:\/\/www.xn--tuksimaailm-ffb.ee\/fi\/#\/schema\/logo\/image\/","url":"https:\/\/www.xn--tuksimaailm-ffb.ee\/wp-content\/uploads\/2020\/01\/logoz-e1579792875517.png","contentUrl":"https:\/\/www.xn--tuksimaailm-ffb.ee\/wp-content\/uploads\/2020\/01\/logoz-e1579792875517.png","width":250,"height":250,"caption":"T\u00f5uksimaailm"},"image":{"@id":"https:\/\/www.xn--tuksimaailm-ffb.ee\/fi\/#\/schema\/logo\/image\/"},"sameAs":["https:\/\/www.facebook.com\/touksimaailm\/","https:\/\/www.instagram.com\/touksimaailm_\/","https:\/\/www.youtube.com\/channel\/UC18ml0EKIDLP1xGuQjFzcXQ"]}]},"og_availability":"instock","product_availability":"instock","product_retailer_item_id":"VITO-FALCONE","product_condition":"new"},"jetpack_sharing_enabled":true,"_links":{"self":[{"href":"https:\/\/www.xn--tuksimaailm-ffb.ee\/fi\/wp-json\/wp\/v2\/product\/40697","targetHints":{"allow":["GET"]}}],"collection":[{"href":"https:\/\/www.xn--tuksimaailm-ffb.ee\/fi\/wp-json\/wp\/v2\/product"}],"about":[{"href":"https:\/\/www.xn--tuksimaailm-ffb.ee\/fi\/wp-json\/wp\/v2\/types\/product"}],"wp:featuredmedia":[{"embeddable":true,"href":"https:\/\/www.xn--tuksimaailm-ffb.ee\/fi\/wp-json\/wp\/v2\/media\/30930"}],"wp:attachment":[{"href":"https:\/\/www.xn--tuksimaailm-ffb.ee\/fi\/wp-json\/wp\/v2\/media?parent=40697"}],"wp:term":[{"taxonomy":"product_brand","embeddable":true,"href":"https:\/\/www.xn--tuksimaailm-ffb.ee\/fi\/wp-json\/wp\/v2\/product_brand?post=40697"},{"taxonomy":"product_cat","embeddable":true,"href":"https:\/\/www.xn--tuksimaailm-ffb.ee\/fi\/wp-json\/wp\/v2\/product_cat?post=40697"},{"taxonomy":"product_tag","embeddable":true,"href":"https:\/\/www.xn--tuksimaailm-ffb.ee\/fi\/wp-json\/wp\/v2\/product_tag?post=40697"},{"taxonomy":"filter_elektritoukeratas","embeddable":true,"href":"https:\/\/www.xn--tuksimaailm-ffb.ee\/fi\/wp-json\/wp\/v2\/filter_elektritoukeratas?post=40697"}],"curies":[{"name":"wp","href":"https:\/\/api.w.org\/{rel}","templated":true}]}}