{"id":40718,"date":"2023-02-15T23:51:03","date_gmt":"2023-02-15T21:51:03","guid":{"rendered":"http:\/\/www.xn--tuksimaailm-ffb.ee\/shop\/avokypara-visiirilla-vito-jet-amaro\/"},"modified":"2025-01-06T18:33:08","modified_gmt":"2025-01-06T15:33:08","slug":"avokypara-visiirilla-vito-jet-amaro","status":"publish","type":"product","link":"https:\/\/www.xn--tuksimaailm-ffb.ee\/fi\/shop\/avokypara-visiirilla-vito-jet-amaro\/","title":{"rendered":"Avokyp\u00e4r\u00e4 visiirill\u00e4 VITO JET AMARO"},"content":{"rendered":"<p>Urheilullisen muotoilun katukilpailukyp\u00e4r\u00e4 VITO JET AMARO. Soveltuu k\u00e4ytett\u00e4v\u00e4ksi - s\u00e4hk\u00f6skootterilla, s\u00e4hk\u00f6potkulaudalla, s\u00e4hk\u00f6py\u00f6r\u00e4ll\u00e4 \/ s\u00e4hk\u00f6polkupy\u00f6r\u00e4ll\u00e4.<\/p>\n","protected":false},"excerpt":{"rendered":"<p><span style=\"font-style: italic;\"><strong>Toimitusaika: 1-5tp<\/strong><\/span><\/p>\n","protected":false},"featured_media":30833,"template":"","meta":[],"product_brand":[],"product_cat":[1697],"product_tag":[1715],"filter_elektritoukeratas":[],"class_list":{"0":"post-40718","1":"product","2":"type-product","3":"status-publish","4":"has-post-thumbnail","6":"product_cat-lisavarusteet","7":"product_tag-kyparat","8":"pa_size-gun-metal-l-metalne-suurus-l-fi","9":"pa_size-gun-metal-m-metalne-suurus-m-fi","10":"pa_size-gun-metal-s-metalne-suurus-s-fi","11":"pa_size-gun-metal-xl-metalne-suurus-xl-fi","12":"pa_size-matte-black-l-matt-must-suurus-l-fi","13":"pa_size-matte-black-m-matt-must-suurus-m-fi","14":"pa_size-matte-black-s-matt-must-suurus-s-fi","15":"pa_size-matte-black-xl-matt-must-suurus-xl-fi","16":"pa_size-shiny-white-l-laikiv-valge-suurus-l-fi","17":"pa_size-shiny-white-m-laikiv-valge-suurus-m-fi","18":"pa_size-shiny-white-s-laikiv-valge-suurus-s-fi","19":"pa_size-shiny-white-xl-laikiv-valge-suurus-xl-fi","20":"pa_size-shiny-white-xs-laikiv-valge-suurus-xs-fi","21":"pa_tootetuup-kyparat","23":"first","24":"outofstock","25":"taxable","26":"shipping-taxable","27":"purchasable","28":"product-type-variable"},"yoast_head":"<!-- This site is optimized with the Yoast SEO Premium plugin v26.8 (Yoast SEO v27.5) - https:\/\/yoast.com\/product\/yoast-seo-premium-wordpress\/ -->\n<title>Avokyp\u00e4r\u00e4 visiirill\u00e4 VITO JET AMARO | T\u00f5uksimaailm | Lisad<\/title>\n<meta name=\"description\" content=\"Lahtine kiiver visiiriga VITO JET AMARO. Sobib kasutamiseks - elektriroller, elektrit\u00f5ukeratas, elektriratas \/ elektriline jalgratas.\" \/>\n<meta name=\"robots\" content=\"index, follow, max-snippet:-1, max-image-preview:large, max-video-preview:-1\" \/>\n<link rel=\"canonical\" href=\"https:\/\/www.xn--tuksimaailm-ffb.ee\/fi\/shop\/avokypara-visiirilla-vito-jet-amaro\/\" \/>\n<meta property=\"og:locale\" content=\"fi_FI\" \/>\n<meta property=\"og:type\" content=\"article\" \/>\n<meta property=\"og:title\" content=\"Avokyp\u00e4r\u00e4 visiirill\u00e4 VITO JET AMARO\" \/>\n<meta property=\"og:description\" content=\"Lahtine kiiver visiiriga VITO JET AMARO. Sobib kasutamiseks - elektriroller, elektrit\u00f5ukeratas, elektriratas \/ elektriline jalgratas.\" \/>\n<meta property=\"og:url\" content=\"https:\/\/www.xn--tuksimaailm-ffb.ee\/fi\/shop\/avokypara-visiirilla-vito-jet-amaro\/\" \/>\n<meta property=\"og:site_name\" content=\"T\u00f5uksimaailm\" \/>\n<meta property=\"article:publisher\" content=\"https:\/\/www.facebook.com\/touksimaailm\/\" \/>\n<meta property=\"article:modified_time\" content=\"2025-01-06T15:33:08+00:00\" \/>\n<meta property=\"og:image\" content=\"https:\/\/www.xn--tuksimaailm-ffb.ee\/wp-content\/uploads\/2023\/02\/Lahtine-kiiver-visiiriga-VITO-JET-AMARO-99.png\" \/>\n\t<meta property=\"og:image:width\" content=\"500\" \/>\n\t<meta property=\"og:image:height\" content=\"500\" \/>\n\t<meta property=\"og:image:type\" content=\"image\/png\" \/>\n<meta name=\"twitter:card\" content=\"summary_large_image\" \/>\n<meta name=\"twitter:label1\" content=\"Saatavuus\" \/>\n\t<meta name=\"twitter:data1\" content=\"Loppu varastosta\" \/>\n<meta property=\"og:availability\" content=\"out of stock\" \/>\n<meta property=\"product:availability\" content=\"out of stock\" \/>\n<meta property=\"product:retailer_item_id\" content=\"VITO-JET-AMARO\" \/>\n<meta property=\"product:condition\" content=\"new\" \/>\n<!-- \/ Yoast SEO Premium plugin. -->","yoast_head_json":{"title":"Avokyp\u00e4r\u00e4 visiirill\u00e4 VITO JET AMARO | T\u00f5uksimaailm | Lisad","description":"Lahtine kiiver visiiriga VITO JET AMARO. Sobib kasutamiseks - elektriroller, elektrit\u00f5ukeratas, elektriratas \/ elektriline jalgratas.","robots":{"index":"index","follow":"follow","max-snippet":"max-snippet:-1","max-image-preview":"max-image-preview:large","max-video-preview":"max-video-preview:-1"},"canonical":"https:\/\/www.xn--tuksimaailm-ffb.ee\/fi\/shop\/avokypara-visiirilla-vito-jet-amaro\/","og_locale":"fi_FI","og_type":"article","og_title":"Avokyp\u00e4r\u00e4 visiirill\u00e4 VITO JET AMARO","og_description":"Lahtine kiiver visiiriga VITO JET AMARO. Sobib kasutamiseks - elektriroller, elektrit\u00f5ukeratas, elektriratas \/ elektriline jalgratas.","og_url":"https:\/\/www.xn--tuksimaailm-ffb.ee\/fi\/shop\/avokypara-visiirilla-vito-jet-amaro\/","og_site_name":"T\u00f5uksimaailm","article_publisher":"https:\/\/www.facebook.com\/touksimaailm\/","article_modified_time":"2025-01-06T15:33:08+00:00","og_image":[{"width":500,"height":500,"url":"https:\/\/www.xn--tuksimaailm-ffb.ee\/wp-content\/uploads\/2023\/02\/Lahtine-kiiver-visiiriga-VITO-JET-AMARO-99.png","type":"image\/png"}],"twitter_card":"summary_large_image","twitter_misc":{"Saatavuus":"Loppu varastosta"},"schema":{"@context":"https:\/\/schema.org","@graph":[{"@type":"WebPage","@id":"https:\/\/www.xn--tuksimaailm-ffb.ee\/fi\/shop\/avokypara-visiirilla-vito-jet-amaro\/","url":"https:\/\/www.xn--tuksimaailm-ffb.ee\/fi\/shop\/avokypara-visiirilla-vito-jet-amaro\/","name":"Avokyp\u00e4r\u00e4 visiirill\u00e4 VITO JET AMARO | T\u00f5uksimaailm | Lisad","isPartOf":{"@id":"https:\/\/www.xn--tuksimaailm-ffb.ee\/fi\/#website"},"primaryImageOfPage":{"@id":"https:\/\/www.xn--tuksimaailm-ffb.ee\/fi\/shop\/avokypara-visiirilla-vito-jet-amaro\/#primaryimage"},"image":{"@id":"https:\/\/www.xn--tuksimaailm-ffb.ee\/fi\/shop\/avokypara-visiirilla-vito-jet-amaro\/#primaryimage"},"thumbnailUrl":"https:\/\/www.xn--tuksimaailm-ffb.ee\/wp-content\/uploads\/2023\/02\/Lahtine-kiiver-visiiriga-VITO-JET-AMARO-99.png","datePublished":"2023-02-15T21:51:03+00:00","dateModified":"2025-01-06T15:33:08+00:00","description":"Lahtine kiiver visiiriga VITO JET AMARO. Sobib kasutamiseks - elektriroller, elektrit\u00f5ukeratas, elektriratas \/ elektriline jalgratas.","breadcrumb":{"@id":"https:\/\/www.xn--tuksimaailm-ffb.ee\/fi\/shop\/avokypara-visiirilla-vito-jet-amaro\/#breadcrumb"},"inLanguage":"fi","potentialAction":[{"@type":"ReadAction","target":["https:\/\/www.xn--tuksimaailm-ffb.ee\/fi\/shop\/avokypara-visiirilla-vito-jet-amaro\/"]}]},{"@type":"ImageObject","inLanguage":"fi","@id":"https:\/\/www.xn--tuksimaailm-ffb.ee\/fi\/shop\/avokypara-visiirilla-vito-jet-amaro\/#primaryimage","url":"https:\/\/www.xn--tuksimaailm-ffb.ee\/wp-content\/uploads\/2023\/02\/Lahtine-kiiver-visiiriga-VITO-JET-AMARO-99.png","contentUrl":"https:\/\/www.xn--tuksimaailm-ffb.ee\/wp-content\/uploads\/2023\/02\/Lahtine-kiiver-visiiriga-VITO-JET-AMARO-99.png","width":500,"height":500,"caption":"Lahtine kiiver visiiriga VITO JET AMARO 99"},{"@type":"BreadcrumbList","@id":"https:\/\/www.xn--tuksimaailm-ffb.ee\/fi\/shop\/avokypara-visiirilla-vito-jet-amaro\/#breadcrumb","itemListElement":[{"@type":"ListItem","position":1,"name":"Home","item":"https:\/\/www.xn--tuksimaailm-ffb.ee\/fi\/kotisivu\/"},{"@type":"ListItem","position":2,"name":"Kauppa","item":"https:\/\/www.xn--tuksimaailm-ffb.ee\/elektritoukerataste-pood\/"},{"@type":"ListItem","position":3,"name":"Avokyp\u00e4r\u00e4 visiirill\u00e4 VITO JET AMARO"}]},{"@type":"WebSite","@id":"https:\/\/www.xn--tuksimaailm-ffb.ee\/fi\/#website","url":"https:\/\/www.xn--tuksimaailm-ffb.ee\/fi\/","name":"T\u00f5uksimaailm","description":"Elektrit\u00f5ukerataste m\u00fc\u00fck, remont ja rent","publisher":{"@id":"https:\/\/www.xn--tuksimaailm-ffb.ee\/fi\/#organization"},"potentialAction":[{"@type":"SearchAction","target":{"@type":"EntryPoint","urlTemplate":"https:\/\/www.xn--tuksimaailm-ffb.ee\/fi\/?s={search_term_string}"},"query-input":{"@type":"PropertyValueSpecification","valueRequired":true,"valueName":"search_term_string"}}],"inLanguage":"fi"},{"@type":"Organization","@id":"https:\/\/www.xn--tuksimaailm-ffb.ee\/fi\/#organization","name":"T\u00f5uksimaailm","url":"https:\/\/www.xn--tuksimaailm-ffb.ee\/fi\/","logo":{"@type":"ImageObject","inLanguage":"fi","@id":"https:\/\/www.xn--tuksimaailm-ffb.ee\/fi\/#\/schema\/logo\/image\/","url":"https:\/\/www.xn--tuksimaailm-ffb.ee\/wp-content\/uploads\/2020\/01\/logoz-e1579792875517.png","contentUrl":"https:\/\/www.xn--tuksimaailm-ffb.ee\/wp-content\/uploads\/2020\/01\/logoz-e1579792875517.png","width":250,"height":250,"caption":"T\u00f5uksimaailm"},"image":{"@id":"https:\/\/www.xn--tuksimaailm-ffb.ee\/fi\/#\/schema\/logo\/image\/"},"sameAs":["https:\/\/www.facebook.com\/touksimaailm\/","https:\/\/www.instagram.com\/touksimaailm_\/","https:\/\/www.youtube.com\/channel\/UC18ml0EKIDLP1xGuQjFzcXQ"]}]},"og_availability":"out of stock","product_availability":"out of stock","product_retailer_item_id":"VITO-JET-AMARO","product_condition":"new"},"jetpack_sharing_enabled":true,"_links":{"self":[{"href":"https:\/\/www.xn--tuksimaailm-ffb.ee\/fi\/wp-json\/wp\/v2\/product\/40718","targetHints":{"allow":["GET"]}}],"collection":[{"href":"https:\/\/www.xn--tuksimaailm-ffb.ee\/fi\/wp-json\/wp\/v2\/product"}],"about":[{"href":"https:\/\/www.xn--tuksimaailm-ffb.ee\/fi\/wp-json\/wp\/v2\/types\/product"}],"wp:featuredmedia":[{"embeddable":true,"href":"https:\/\/www.xn--tuksimaailm-ffb.ee\/fi\/wp-json\/wp\/v2\/media\/30833"}],"wp:attachment":[{"href":"https:\/\/www.xn--tuksimaailm-ffb.ee\/fi\/wp-json\/wp\/v2\/media?parent=40718"}],"wp:term":[{"taxonomy":"product_brand","embeddable":true,"href":"https:\/\/www.xn--tuksimaailm-ffb.ee\/fi\/wp-json\/wp\/v2\/product_brand?post=40718"},{"taxonomy":"product_cat","embeddable":true,"href":"https:\/\/www.xn--tuksimaailm-ffb.ee\/fi\/wp-json\/wp\/v2\/product_cat?post=40718"},{"taxonomy":"product_tag","embeddable":true,"href":"https:\/\/www.xn--tuksimaailm-ffb.ee\/fi\/wp-json\/wp\/v2\/product_tag?post=40718"},{"taxonomy":"filter_elektritoukeratas","embeddable":true,"href":"https:\/\/www.xn--tuksimaailm-ffb.ee\/fi\/wp-json\/wp\/v2\/filter_elektritoukeratas?post=40718"}],"curies":[{"name":"wp","href":"https:\/\/api.w.org\/{rel}","templated":true}]}}