{"id":40732,"date":"2023-02-15T20:03:32","date_gmt":"2023-02-15T18:03:32","guid":{"rendered":"http:\/\/www.xn--tuksimaailm-ffb.ee\/shop\/suljettu-kypara-visiirilla-vito-duomo\/"},"modified":"2025-01-06T18:35:44","modified_gmt":"2025-01-06T15:35:44","slug":"suljettu-kypara-visiirilla-vito-duomo","status":"publish","type":"product","link":"https:\/\/www.xn--tuksimaailm-ffb.ee\/fi\/shop\/suljettu-kypara-visiirilla-vito-duomo\/","title":{"rendered":"Suljettu kyp\u00e4r\u00e4 visiirill\u00e4 VITO DUOMO"},"content":{"rendered":"<p>Urheilullinen suljettu katukyp\u00e4r\u00e4 VITO DUOMO. Sopii k\u00e4ytett\u00e4v\u00e4ksi - s\u00e4hk\u00f6mopoissa, s\u00e4hk\u00f6potkulaudoissa, tehokkaammissa s\u00e4hk\u00f6py\u00f6riss\u00e4 \/ s\u00e4hk\u00f6polkupy\u00f6riss\u00e4.<\/p>\n","protected":false},"excerpt":{"rendered":"<p><span style=\"font-style: italic;\"><strong>Toimitusaika: 1-5tp<\/strong><\/span><\/p>\n","protected":false},"featured_media":63019,"template":"","meta":[],"product_brand":[],"product_cat":[1697],"product_tag":[1715],"filter_elektritoukeratas":[],"class_list":{"0":"post-40732","1":"product","2":"type-product","3":"status-publish","4":"has-post-thumbnail","6":"product_cat-lisavarusteet","7":"product_tag-kyparat","8":"pa_size-matt-black-l-matt-must-suurus-l-fi","9":"pa_size-matt-black-m-matt-must-suurus-m-fi","10":"pa_size-matt-black-s-matt-must-suurus-s-fi","11":"pa_size-matt-black-xl-matt-must-suurus-xl-fi","12":"pa_size-matt-black-xxl-matt-must-suurus-xxl-fi","13":"pa_size-nardo-l-laikiv-hall-suurus-l-fi","14":"pa_size-nardo-m-laikiv-hall-suurus-m-fi","15":"pa_size-nardo-s-laikiv-hall-suurus-s-fi","16":"pa_size-nardo-xl-laikiv-hall-suurus-xl-fi","17":"pa_size-nardo-xxl-laikiv-hall-suurus-xxl-fi","18":"pa_tootetuup-kyparat","20":"first","21":"instock","22":"taxable","23":"shipping-taxable","24":"purchasable","25":"product-type-variable"},"yoast_head":"<!-- This site is optimized with the Yoast SEO Premium plugin v26.8 (Yoast SEO v27.5) - https:\/\/yoast.com\/product\/yoast-seo-premium-wordpress\/ -->\n<title>Suljettu kyp\u00e4r\u00e4 visiirill\u00e4 VITO DUOMO | T\u00f5uksimaailm<\/title>\n<meta name=\"description\" content=\"Kinnine kiiver visiiriga VITO DUOMO. Sobib kasutamiseks - elektrimopeed, elektriline t\u00f5ukeratas, v\u00f5imsamad elektrilised jalgrattad \/ elektrirattad.\" \/>\n<meta name=\"robots\" content=\"index, follow, max-snippet:-1, max-image-preview:large, max-video-preview:-1\" \/>\n<link rel=\"canonical\" href=\"https:\/\/www.xn--tuksimaailm-ffb.ee\/fi\/shop\/suljettu-kypara-visiirilla-vito-duomo\/\" \/>\n<meta property=\"og:locale\" content=\"fi_FI\" \/>\n<meta property=\"og:type\" content=\"article\" \/>\n<meta property=\"og:title\" content=\"Suljettu kyp\u00e4r\u00e4 visiirill\u00e4 VITO DUOMO\" \/>\n<meta property=\"og:description\" content=\"Kinnine kiiver visiiriga VITO DUOMO. Sobib kasutamiseks - elektrimopeed, elektriline t\u00f5ukeratas, v\u00f5imsamad elektrilised jalgrattad \/ elektrirattad.\" \/>\n<meta property=\"og:url\" content=\"https:\/\/www.xn--tuksimaailm-ffb.ee\/fi\/shop\/suljettu-kypara-visiirilla-vito-duomo\/\" \/>\n<meta property=\"og:site_name\" content=\"T\u00f5uksimaailm\" \/>\n<meta property=\"article:publisher\" content=\"https:\/\/www.facebook.com\/touksimaailm\/\" \/>\n<meta property=\"article:modified_time\" content=\"2025-01-06T15:35:44+00:00\" \/>\n<meta property=\"og:image\" content=\"https:\/\/www.xn--tuksimaailm-ffb.ee\/wp-content\/uploads\/2023\/02\/Kinnine-kiiver-visiiriga-VITO-DUOMO-99.jpg\" \/>\n\t<meta property=\"og:image:width\" content=\"500\" \/>\n\t<meta property=\"og:image:height\" content=\"500\" \/>\n\t<meta property=\"og:image:type\" content=\"image\/jpeg\" \/>\n<meta name=\"twitter:card\" content=\"summary_large_image\" \/>\n<meta name=\"twitter:label1\" content=\"Saatavuus\" \/>\n\t<meta name=\"twitter:data1\" content=\"Varastossa\" \/>\n<meta property=\"og:availability\" content=\"instock\" \/>\n<meta property=\"product:availability\" content=\"instock\" \/>\n<meta property=\"product:retailer_item_id\" content=\"VITO-DUOMO\" \/>\n<meta property=\"product:condition\" content=\"new\" \/>\n<!-- \/ Yoast SEO Premium plugin. -->","yoast_head_json":{"title":"Suljettu kyp\u00e4r\u00e4 visiirill\u00e4 VITO DUOMO | T\u00f5uksimaailm","description":"Kinnine kiiver visiiriga VITO DUOMO. Sobib kasutamiseks - elektrimopeed, elektriline t\u00f5ukeratas, v\u00f5imsamad elektrilised jalgrattad \/ elektrirattad.","robots":{"index":"index","follow":"follow","max-snippet":"max-snippet:-1","max-image-preview":"max-image-preview:large","max-video-preview":"max-video-preview:-1"},"canonical":"https:\/\/www.xn--tuksimaailm-ffb.ee\/fi\/shop\/suljettu-kypara-visiirilla-vito-duomo\/","og_locale":"fi_FI","og_type":"article","og_title":"Suljettu kyp\u00e4r\u00e4 visiirill\u00e4 VITO DUOMO","og_description":"Kinnine kiiver visiiriga VITO DUOMO. Sobib kasutamiseks - elektrimopeed, elektriline t\u00f5ukeratas, v\u00f5imsamad elektrilised jalgrattad \/ elektrirattad.","og_url":"https:\/\/www.xn--tuksimaailm-ffb.ee\/fi\/shop\/suljettu-kypara-visiirilla-vito-duomo\/","og_site_name":"T\u00f5uksimaailm","article_publisher":"https:\/\/www.facebook.com\/touksimaailm\/","article_modified_time":"2025-01-06T15:35:44+00:00","og_image":[{"width":500,"height":500,"url":"https:\/\/www.xn--tuksimaailm-ffb.ee\/wp-content\/uploads\/2023\/02\/Kinnine-kiiver-visiiriga-VITO-DUOMO-99.jpg","type":"image\/jpeg"}],"twitter_card":"summary_large_image","twitter_misc":{"Saatavuus":"Varastossa"},"schema":{"@context":"https:\/\/schema.org","@graph":[{"@type":"WebPage","@id":"https:\/\/www.xn--tuksimaailm-ffb.ee\/fi\/shop\/suljettu-kypara-visiirilla-vito-duomo\/","url":"https:\/\/www.xn--tuksimaailm-ffb.ee\/fi\/shop\/suljettu-kypara-visiirilla-vito-duomo\/","name":"Suljettu kyp\u00e4r\u00e4 visiirill\u00e4 VITO DUOMO | T\u00f5uksimaailm","isPartOf":{"@id":"https:\/\/www.xn--tuksimaailm-ffb.ee\/fi\/#website"},"primaryImageOfPage":{"@id":"https:\/\/www.xn--tuksimaailm-ffb.ee\/fi\/shop\/suljettu-kypara-visiirilla-vito-duomo\/#primaryimage"},"image":{"@id":"https:\/\/www.xn--tuksimaailm-ffb.ee\/fi\/shop\/suljettu-kypara-visiirilla-vito-duomo\/#primaryimage"},"thumbnailUrl":"https:\/\/www.xn--tuksimaailm-ffb.ee\/wp-content\/uploads\/2023\/02\/Screenshot-2025-04-24-223907.webp","datePublished":"2023-02-15T18:03:32+00:00","dateModified":"2025-01-06T15:35:44+00:00","description":"Kinnine kiiver visiiriga VITO DUOMO. Sobib kasutamiseks - elektrimopeed, elektriline t\u00f5ukeratas, v\u00f5imsamad elektrilised jalgrattad \/ elektrirattad.","breadcrumb":{"@id":"https:\/\/www.xn--tuksimaailm-ffb.ee\/fi\/shop\/suljettu-kypara-visiirilla-vito-duomo\/#breadcrumb"},"inLanguage":"fi","potentialAction":[{"@type":"ReadAction","target":["https:\/\/www.xn--tuksimaailm-ffb.ee\/fi\/shop\/suljettu-kypara-visiirilla-vito-duomo\/"]}]},{"@type":"ImageObject","inLanguage":"fi","@id":"https:\/\/www.xn--tuksimaailm-ffb.ee\/fi\/shop\/suljettu-kypara-visiirilla-vito-duomo\/#primaryimage","url":"https:\/\/www.xn--tuksimaailm-ffb.ee\/wp-content\/uploads\/2023\/02\/Screenshot-2025-04-24-223907.webp","contentUrl":"https:\/\/www.xn--tuksimaailm-ffb.ee\/wp-content\/uploads\/2023\/02\/Screenshot-2025-04-24-223907.webp","width":705,"height":784,"caption":"Kinnine kiiver visiiriga VITO DUOMO"},{"@type":"BreadcrumbList","@id":"https:\/\/www.xn--tuksimaailm-ffb.ee\/fi\/shop\/suljettu-kypara-visiirilla-vito-duomo\/#breadcrumb","itemListElement":[{"@type":"ListItem","position":1,"name":"Home","item":"https:\/\/www.xn--tuksimaailm-ffb.ee\/fi\/kotisivu\/"},{"@type":"ListItem","position":2,"name":"Kauppa","item":"https:\/\/www.xn--tuksimaailm-ffb.ee\/elektritoukerataste-pood\/"},{"@type":"ListItem","position":3,"name":"Suljettu kyp\u00e4r\u00e4 visiirill\u00e4 VITO DUOMO"}]},{"@type":"WebSite","@id":"https:\/\/www.xn--tuksimaailm-ffb.ee\/fi\/#website","url":"https:\/\/www.xn--tuksimaailm-ffb.ee\/fi\/","name":"T\u00f5uksimaailm","description":"Elektrit\u00f5ukerataste m\u00fc\u00fck, remont ja rent","publisher":{"@id":"https:\/\/www.xn--tuksimaailm-ffb.ee\/fi\/#organization"},"potentialAction":[{"@type":"SearchAction","target":{"@type":"EntryPoint","urlTemplate":"https:\/\/www.xn--tuksimaailm-ffb.ee\/fi\/?s={search_term_string}"},"query-input":{"@type":"PropertyValueSpecification","valueRequired":true,"valueName":"search_term_string"}}],"inLanguage":"fi"},{"@type":"Organization","@id":"https:\/\/www.xn--tuksimaailm-ffb.ee\/fi\/#organization","name":"T\u00f5uksimaailm","url":"https:\/\/www.xn--tuksimaailm-ffb.ee\/fi\/","logo":{"@type":"ImageObject","inLanguage":"fi","@id":"https:\/\/www.xn--tuksimaailm-ffb.ee\/fi\/#\/schema\/logo\/image\/","url":"https:\/\/www.xn--tuksimaailm-ffb.ee\/wp-content\/uploads\/2020\/01\/logoz-e1579792875517.png","contentUrl":"https:\/\/www.xn--tuksimaailm-ffb.ee\/wp-content\/uploads\/2020\/01\/logoz-e1579792875517.png","width":250,"height":250,"caption":"T\u00f5uksimaailm"},"image":{"@id":"https:\/\/www.xn--tuksimaailm-ffb.ee\/fi\/#\/schema\/logo\/image\/"},"sameAs":["https:\/\/www.facebook.com\/touksimaailm\/","https:\/\/www.instagram.com\/touksimaailm_\/","https:\/\/www.youtube.com\/channel\/UC18ml0EKIDLP1xGuQjFzcXQ"]}]},"og_availability":"instock","product_availability":"instock","product_retailer_item_id":"VITO-DUOMO","product_condition":"new"},"jetpack_sharing_enabled":true,"_links":{"self":[{"href":"https:\/\/www.xn--tuksimaailm-ffb.ee\/fi\/wp-json\/wp\/v2\/product\/40732","targetHints":{"allow":["GET"]}}],"collection":[{"href":"https:\/\/www.xn--tuksimaailm-ffb.ee\/fi\/wp-json\/wp\/v2\/product"}],"about":[{"href":"https:\/\/www.xn--tuksimaailm-ffb.ee\/fi\/wp-json\/wp\/v2\/types\/product"}],"wp:featuredmedia":[{"embeddable":true,"href":"https:\/\/www.xn--tuksimaailm-ffb.ee\/fi\/wp-json\/wp\/v2\/media\/63019"}],"wp:attachment":[{"href":"https:\/\/www.xn--tuksimaailm-ffb.ee\/fi\/wp-json\/wp\/v2\/media?parent=40732"}],"wp:term":[{"taxonomy":"product_brand","embeddable":true,"href":"https:\/\/www.xn--tuksimaailm-ffb.ee\/fi\/wp-json\/wp\/v2\/product_brand?post=40732"},{"taxonomy":"product_cat","embeddable":true,"href":"https:\/\/www.xn--tuksimaailm-ffb.ee\/fi\/wp-json\/wp\/v2\/product_cat?post=40732"},{"taxonomy":"product_tag","embeddable":true,"href":"https:\/\/www.xn--tuksimaailm-ffb.ee\/fi\/wp-json\/wp\/v2\/product_tag?post=40732"},{"taxonomy":"filter_elektritoukeratas","embeddable":true,"href":"https:\/\/www.xn--tuksimaailm-ffb.ee\/fi\/wp-json\/wp\/v2\/filter_elektritoukeratas?post=40732"}],"curies":[{"name":"wp","href":"https:\/\/api.w.org\/{rel}","templated":true}]}}