{"id":40753,"date":"2023-02-15T19:11:03","date_gmt":"2023-02-15T17:11:03","guid":{"rendered":"http:\/\/www.xn--tuksimaailm-ffb.ee\/shop\/suljettu-kypara-visiirilla-vito-bruzano\/"},"modified":"2025-01-06T18:43:28","modified_gmt":"2025-01-06T15:43:28","slug":"suljettu-kypara-visiirilla-vito-bruzano","status":"publish","type":"product","link":"https:\/\/www.xn--tuksimaailm-ffb.ee\/fi\/shop\/suljettu-kypara-visiirilla-vito-bruzano\/","title":{"rendered":"Suljettu kyp\u00e4r\u00e4 visiirill\u00e4 VITO BRUZANO"},"content":{"rendered":"<p>Suljettu kyp\u00e4r\u00e4 visiirill\u00e4 VITO BRUZANO. Sopii k\u00e4ytett\u00e4v\u00e4ksi - s\u00e4hk\u00f6mopoilla, s\u00e4hk\u00f6potkulaudoilla, tehokkaammilla s\u00e4hk\u00f6py\u00f6rill\u00e4 \/ s\u00e4hk\u00f6polkupy\u00f6rill\u00e4.<\/p>\n","protected":false},"excerpt":{"rendered":"<p><span style=\"font-style: italic;\"><strong>Toimitusaika: 0-3tp<\/strong><\/span><\/p>\n","protected":false},"featured_media":63073,"template":"","meta":[],"product_brand":[],"product_cat":[1697],"product_tag":[1715],"filter_elektritoukeratas":[],"class_list":{"0":"post-40753","1":"product","2":"type-product","3":"status-publish","4":"has-post-thumbnail","6":"product_cat-lisavarusteet","7":"product_tag-kyparat","8":"pa_size-camo-l-fi","9":"pa_size-camo-m-fi","10":"pa_size-camo-s-fi","11":"pa_size-camo-xl-fi","12":"pa_size-camo-xs-fi","13":"pa_size-matt-black-fluor-l-matt-must-roheline-suurus-l-fi","14":"pa_size-matt-black-fluor-m-matt-must-roheline-suurus-m-fi","15":"pa_size-matt-black-fluor-s-matt-must-roheline-suurus-s-fi","16":"pa_size-matt-black-fluor-xl-matt-must-roheline-suurus-xl-fi","17":"pa_size-matt-black-red-m-matt-must-punane-suurus-m-fi","18":"pa_size-matt-black-red-s-matt-must-punane-suurus-s-fi","19":"pa_size-matt-black-l-matt-must-suurus-l-fi","20":"pa_size-matt-black-m-matt-must-suurus-m-fi","21":"pa_size-matt-black-s-matt-must-suurus-s-fi","22":"pa_size-matt-black-xl-matt-must-suurus-xl-fi","23":"pa_size-matt-black-xs-matt-must-suurus-xs-fi","24":"pa_size-matt-black-xxl-matt-must-suurus-xxl-fi","25":"pa_size-matt-titanium-l-matt-titaanium-suurus-l-fi","26":"pa_size-matt-titanium-m-matt-titaanium-suurus-m-fi","27":"pa_size-matt-titanium-s-matt-titaanium-suurus-s-fi","28":"pa_size-matt-titanium-xl-matt-titaanium-suurus-xl-fi","29":"pa_size-titanium-xxl-titaanium-suurus-xxl-fi","30":"pa_tootetuup-kyparat","32":"first","33":"instock","34":"taxable","35":"shipping-taxable","36":"purchasable","37":"product-type-variable"},"yoast_head":"<!-- This site is optimized with the Yoast SEO Premium plugin v26.8 (Yoast SEO v27.5) - https:\/\/yoast.com\/product\/yoast-seo-premium-wordpress\/ -->\n<title>Suljettu kyp\u00e4r\u00e4 visiirill\u00e4 VITO BRUZANO | T\u00f5uksimaailm<\/title>\n<meta name=\"description\" content=\"Kinnine kiiver visiiriga VITO BRUZANO. Sobib kasutamiseks - elektrimopeed, elektriline t\u00f5ukeratas, v\u00f5imsamad elektrilised jalgrattad \/ elektrirattad.\" \/>\n<meta name=\"robots\" content=\"index, follow, max-snippet:-1, max-image-preview:large, max-video-preview:-1\" \/>\n<link rel=\"canonical\" href=\"https:\/\/www.xn--tuksimaailm-ffb.ee\/fi\/shop\/suljettu-kypara-visiirilla-vito-bruzano\/\" \/>\n<meta property=\"og:locale\" content=\"fi_FI\" \/>\n<meta property=\"og:type\" content=\"article\" \/>\n<meta property=\"og:title\" content=\"Suljettu kyp\u00e4r\u00e4 visiirill\u00e4 VITO BRUZANO\" \/>\n<meta property=\"og:description\" content=\"Kinnine kiiver visiiriga VITO BRUZANO. Sobib kasutamiseks - elektrimopeed, elektriline t\u00f5ukeratas, v\u00f5imsamad elektrilised jalgrattad \/ elektrirattad.\" \/>\n<meta property=\"og:url\" content=\"https:\/\/www.xn--tuksimaailm-ffb.ee\/fi\/shop\/suljettu-kypara-visiirilla-vito-bruzano\/\" \/>\n<meta property=\"og:site_name\" content=\"T\u00f5uksimaailm\" \/>\n<meta property=\"article:publisher\" content=\"https:\/\/www.facebook.com\/touksimaailm\/\" \/>\n<meta property=\"article:modified_time\" content=\"2025-01-06T15:43:28+00:00\" \/>\n<meta property=\"og:image\" content=\"https:\/\/www.xn--tuksimaailm-ffb.ee\/wp-content\/uploads\/2023\/02\/vito-bruzano-must-jpg.webp\" \/>\n\t<meta property=\"og:image:width\" content=\"687\" \/>\n\t<meta property=\"og:image:height\" content=\"532\" \/>\n\t<meta property=\"og:image:type\" content=\"image\/jpeg\" \/>\n<meta name=\"twitter:card\" content=\"summary_large_image\" \/>\n<meta name=\"twitter:label1\" content=\"Saatavuus\" \/>\n\t<meta name=\"twitter:data1\" content=\"Varastossa\" \/>\n<meta property=\"og:availability\" content=\"instock\" \/>\n<meta property=\"product:availability\" content=\"instock\" \/>\n<meta property=\"product:retailer_item_id\" content=\"VITO-BRUZANO\" \/>\n<meta property=\"product:condition\" content=\"new\" \/>\n<!-- \/ Yoast SEO Premium plugin. -->","yoast_head_json":{"title":"Suljettu kyp\u00e4r\u00e4 visiirill\u00e4 VITO BRUZANO | T\u00f5uksimaailm","description":"Kinnine kiiver visiiriga VITO BRUZANO. Sobib kasutamiseks - elektrimopeed, elektriline t\u00f5ukeratas, v\u00f5imsamad elektrilised jalgrattad \/ elektrirattad.","robots":{"index":"index","follow":"follow","max-snippet":"max-snippet:-1","max-image-preview":"max-image-preview:large","max-video-preview":"max-video-preview:-1"},"canonical":"https:\/\/www.xn--tuksimaailm-ffb.ee\/fi\/shop\/suljettu-kypara-visiirilla-vito-bruzano\/","og_locale":"fi_FI","og_type":"article","og_title":"Suljettu kyp\u00e4r\u00e4 visiirill\u00e4 VITO BRUZANO","og_description":"Kinnine kiiver visiiriga VITO BRUZANO. Sobib kasutamiseks - elektrimopeed, elektriline t\u00f5ukeratas, v\u00f5imsamad elektrilised jalgrattad \/ elektrirattad.","og_url":"https:\/\/www.xn--tuksimaailm-ffb.ee\/fi\/shop\/suljettu-kypara-visiirilla-vito-bruzano\/","og_site_name":"T\u00f5uksimaailm","article_publisher":"https:\/\/www.facebook.com\/touksimaailm\/","article_modified_time":"2025-01-06T15:43:28+00:00","og_image":[{"width":687,"height":532,"url":"https:\/\/www.xn--tuksimaailm-ffb.ee\/wp-content\/uploads\/2023\/02\/vito-bruzano-must-jpg.webp","type":"image\/jpeg"}],"twitter_card":"summary_large_image","twitter_misc":{"Saatavuus":"Varastossa"},"schema":{"@context":"https:\/\/schema.org","@graph":[{"@type":"WebPage","@id":"https:\/\/www.xn--tuksimaailm-ffb.ee\/fi\/shop\/suljettu-kypara-visiirilla-vito-bruzano\/","url":"https:\/\/www.xn--tuksimaailm-ffb.ee\/fi\/shop\/suljettu-kypara-visiirilla-vito-bruzano\/","name":"Suljettu kyp\u00e4r\u00e4 visiirill\u00e4 VITO BRUZANO | T\u00f5uksimaailm","isPartOf":{"@id":"https:\/\/www.xn--tuksimaailm-ffb.ee\/fi\/#website"},"primaryImageOfPage":{"@id":"https:\/\/www.xn--tuksimaailm-ffb.ee\/fi\/shop\/suljettu-kypara-visiirilla-vito-bruzano\/#primaryimage"},"image":{"@id":"https:\/\/www.xn--tuksimaailm-ffb.ee\/fi\/shop\/suljettu-kypara-visiirilla-vito-bruzano\/#primaryimage"},"thumbnailUrl":"https:\/\/www.xn--tuksimaailm-ffb.ee\/wp-content\/uploads\/2023\/02\/Screenshot-2025-04-25-095914.webp","datePublished":"2023-02-15T17:11:03+00:00","dateModified":"2025-01-06T15:43:28+00:00","description":"Kinnine kiiver visiiriga VITO BRUZANO. Sobib kasutamiseks - elektrimopeed, elektriline t\u00f5ukeratas, v\u00f5imsamad elektrilised jalgrattad \/ elektrirattad.","breadcrumb":{"@id":"https:\/\/www.xn--tuksimaailm-ffb.ee\/fi\/shop\/suljettu-kypara-visiirilla-vito-bruzano\/#breadcrumb"},"inLanguage":"fi","potentialAction":[{"@type":"ReadAction","target":["https:\/\/www.xn--tuksimaailm-ffb.ee\/fi\/shop\/suljettu-kypara-visiirilla-vito-bruzano\/"]}]},{"@type":"ImageObject","inLanguage":"fi","@id":"https:\/\/www.xn--tuksimaailm-ffb.ee\/fi\/shop\/suljettu-kypara-visiirilla-vito-bruzano\/#primaryimage","url":"https:\/\/www.xn--tuksimaailm-ffb.ee\/wp-content\/uploads\/2023\/02\/Screenshot-2025-04-25-095914.webp","contentUrl":"https:\/\/www.xn--tuksimaailm-ffb.ee\/wp-content\/uploads\/2023\/02\/Screenshot-2025-04-25-095914.webp","width":698,"height":587,"caption":"Kinnine kiiver visiiriga VITO BRUZANO"},{"@type":"BreadcrumbList","@id":"https:\/\/www.xn--tuksimaailm-ffb.ee\/fi\/shop\/suljettu-kypara-visiirilla-vito-bruzano\/#breadcrumb","itemListElement":[{"@type":"ListItem","position":1,"name":"Home","item":"https:\/\/www.xn--tuksimaailm-ffb.ee\/fi\/kotisivu\/"},{"@type":"ListItem","position":2,"name":"Kauppa","item":"https:\/\/www.xn--tuksimaailm-ffb.ee\/elektritoukerataste-pood\/"},{"@type":"ListItem","position":3,"name":"Suljettu kyp\u00e4r\u00e4 visiirill\u00e4 VITO BRUZANO"}]},{"@type":"WebSite","@id":"https:\/\/www.xn--tuksimaailm-ffb.ee\/fi\/#website","url":"https:\/\/www.xn--tuksimaailm-ffb.ee\/fi\/","name":"T\u00f5uksimaailm","description":"Elektrit\u00f5ukerataste m\u00fc\u00fck, remont ja rent","publisher":{"@id":"https:\/\/www.xn--tuksimaailm-ffb.ee\/fi\/#organization"},"potentialAction":[{"@type":"SearchAction","target":{"@type":"EntryPoint","urlTemplate":"https:\/\/www.xn--tuksimaailm-ffb.ee\/fi\/?s={search_term_string}"},"query-input":{"@type":"PropertyValueSpecification","valueRequired":true,"valueName":"search_term_string"}}],"inLanguage":"fi"},{"@type":"Organization","@id":"https:\/\/www.xn--tuksimaailm-ffb.ee\/fi\/#organization","name":"T\u00f5uksimaailm","url":"https:\/\/www.xn--tuksimaailm-ffb.ee\/fi\/","logo":{"@type":"ImageObject","inLanguage":"fi","@id":"https:\/\/www.xn--tuksimaailm-ffb.ee\/fi\/#\/schema\/logo\/image\/","url":"https:\/\/www.xn--tuksimaailm-ffb.ee\/wp-content\/uploads\/2020\/01\/logoz-e1579792875517.png","contentUrl":"https:\/\/www.xn--tuksimaailm-ffb.ee\/wp-content\/uploads\/2020\/01\/logoz-e1579792875517.png","width":250,"height":250,"caption":"T\u00f5uksimaailm"},"image":{"@id":"https:\/\/www.xn--tuksimaailm-ffb.ee\/fi\/#\/schema\/logo\/image\/"},"sameAs":["https:\/\/www.facebook.com\/touksimaailm\/","https:\/\/www.instagram.com\/touksimaailm_\/","https:\/\/www.youtube.com\/channel\/UC18ml0EKIDLP1xGuQjFzcXQ"]}]},"og_availability":"instock","product_availability":"instock","product_retailer_item_id":"VITO-BRUZANO","product_condition":"new"},"jetpack_sharing_enabled":true,"_links":{"self":[{"href":"https:\/\/www.xn--tuksimaailm-ffb.ee\/fi\/wp-json\/wp\/v2\/product\/40753","targetHints":{"allow":["GET"]}}],"collection":[{"href":"https:\/\/www.xn--tuksimaailm-ffb.ee\/fi\/wp-json\/wp\/v2\/product"}],"about":[{"href":"https:\/\/www.xn--tuksimaailm-ffb.ee\/fi\/wp-json\/wp\/v2\/types\/product"}],"wp:featuredmedia":[{"embeddable":true,"href":"https:\/\/www.xn--tuksimaailm-ffb.ee\/fi\/wp-json\/wp\/v2\/media\/63073"}],"wp:attachment":[{"href":"https:\/\/www.xn--tuksimaailm-ffb.ee\/fi\/wp-json\/wp\/v2\/media?parent=40753"}],"wp:term":[{"taxonomy":"product_brand","embeddable":true,"href":"https:\/\/www.xn--tuksimaailm-ffb.ee\/fi\/wp-json\/wp\/v2\/product_brand?post=40753"},{"taxonomy":"product_cat","embeddable":true,"href":"https:\/\/www.xn--tuksimaailm-ffb.ee\/fi\/wp-json\/wp\/v2\/product_cat?post=40753"},{"taxonomy":"product_tag","embeddable":true,"href":"https:\/\/www.xn--tuksimaailm-ffb.ee\/fi\/wp-json\/wp\/v2\/product_tag?post=40753"},{"taxonomy":"filter_elektritoukeratas","embeddable":true,"href":"https:\/\/www.xn--tuksimaailm-ffb.ee\/fi\/wp-json\/wp\/v2\/filter_elektritoukeratas?post=40753"}],"curies":[{"name":"wp","href":"https:\/\/api.w.org\/{rel}","templated":true}]}}