{"id":40835,"date":"2023-07-03T19:11:23","date_gmt":"2023-07-03T16:11:23","guid":{"rendered":"http:\/\/www.xn--tuksimaailm-ffb.ee\/shop\/talaria-sting-r-x3-tl3000-l1e-sahkomopedi\/"},"modified":"2024-11-29T15:16:55","modified_gmt":"2024-11-29T12:16:55","slug":"talaria-sting-r-x3-tl3000-l1e-sahkomopedi","status":"publish","type":"product","link":"https:\/\/www.xn--tuksimaailm-ffb.ee\/fi\/shop\/talaria-sting-r-x3-tl3000-l1e-sahkomopedi\/","title":{"rendered":"Talaria Sting R X3 TL3000 L1E s\u00e4hk\u00f6mopedi"},"content":{"rendered":"<h2 style=\"text-align: center;\">TALARIA E X3 TL3000 L1E S\u00c4HK\u00d6INEN KATU-OIKEUTETTU MOPEDI (2023 MALLI) \u00a0<\/h2>\n<p>\u00a0<\/p>\n<p>Talaria Sting R X3 TL3000 L1E on innovatiivinen s\u00e4hk\u00f6inen cross-py\u00f6r\u00e4, joka on suunniteltu seikkailunhaluisille henkil\u00f6ille ja jossa yhdistyv\u00e4t huipputeknologia ja tehokas suorituskyky. Talarian futuristinen muotoilu pist\u00e4\u00e4 heti silm\u00e4\u00e4n, sill\u00e4 se tarjoaa esteettisyyden lis\u00e4ksi my\u00f6s loistavaa suorituskyky\u00e4 keveytens\u00e4 ansiosta, sill\u00e4 se painaa vain 65 kg. L1E-luokan maantieajoneuvona sit\u00e4 voidaan k\u00e4ytt\u00e4\u00e4 yleisill\u00e4 teill\u00e4, joten se on monipuolinen valinta sek\u00e4 p\u00e4ivitt\u00e4isiin kaupunkiliikenteeseen ett\u00e4 viikonlopun kovimpaan maastoajoon. Yksi Talaria Sting R:n vaikuttavimmista ominaisuuksista on sen tehokas s\u00e4hk\u00f6moottori, jonka huipputeho on jopa 3500 W ja joka tarjoaa erinomaisen kiihtyvyyden ja jopa 45 km\/h huippunopeuden. Moottoripy\u00f6r\u00e4n voimanl\u00e4hteen\u00e4 on vankka 60V\/38Ah litiumioniakku, jonka toimintas\u00e4de yhdell\u00e4 latauksella on jopa 76 km, joten kuljettaja voi ajaa pitki\u00e4 matkoja huolehtimatta akun latauksesta. My\u00f6s lataaminen on tehty k\u00e4tev\u00e4ksi ja suhteellisen nopeaksi, sill\u00e4 akun t\u00e4yteen lataaminen kest\u00e4\u00e4 vain 4 tuntia. Talaria Sting R X3 -s\u00e4hk\u00f6mopot on varustettu laadukkaalla jousituksella, joka on suunniteltu vaimentamaan iskuja sek\u00e4 kaupunkien kaduilla ett\u00e4 kovilla maastopoluilla. Talaria-s\u00e4hk\u00f6mopon matala painopiste takaa vakauden jyrkiss\u00e4 mutkissa tai suuremmissa nopeuksissa, kun taas suuret py\u00f6r\u00e4t ja kest\u00e4v\u00e4t renkaat tarjoavat erinomaisen pidon ja ohjattavuuden haastavissa olosuhteissa.<\/p>\n<p>Turvallisuus on Talarian ykk\u00f6sprioriteetti, mink\u00e4 vuoksi Talaria Sting R on varustettu korkealaatuisilla hydraulisilla levyjarruilla, jotka takaavat nopean ja tasaisen jarrutuksen s\u00e4\u00e4st\u00e4 tai tieolosuhteista riippumatta. Talaria on my\u00f6s varustettu LED-etu- ja takavaloilla, jotka takaavat erinomaisen n\u00e4kyvyyden y\u00f6ajoissa. Talaria Sting R X3 -s\u00e4hk\u00f6crossmoottoripy\u00f6r\u00e4 tarjoaa nautinnollisen ja mukavan ajon, ja se on varustettu intuitiivisilla hallintalaitteilla ja edistyksellisell\u00e4 TFT-n\u00e4yt\u00f6ll\u00e4, joka n\u00e4ytt\u00e4\u00e4 t\u00e4rkeit\u00e4 tietoja, kuten nopeuden, akun keston ja ajotilat. Talaria on merkitt\u00e4v\u00e4 s\u00e4hk\u00f6skootteri, jossa yhdistyv\u00e4t teho, tyyli ja k\u00e4yt\u00e4nn\u00f6llisyys, joten t\u00e4m\u00e4 s\u00e4hk\u00f6skootteri sopii kaikille, jotka etsiv\u00e4t vihre\u00e4\u00e4 vaihtoehtoa jokap\u00e4iv\u00e4isiin ajoihin, sek\u00e4 maastoharrastajille, jotka tarvitsevat tehokkaan ja kest\u00e4v\u00e4n ajoneuvon. Vankan suorituskykyns\u00e4, ymp\u00e4rist\u00f6yst\u00e4v\u00e4llisen muotoilunsa ja edistyksellisten turvallisuusominaisuuksiensa ansiosta Talaria Sting R X3 erottuu s\u00e4hk\u00f6moottoripy\u00f6r\u00e4markkinoilla.<\/p>\n<h2 style=\"text-align: center;\">TURVALLISUUS<\/h2>\n<p style=\"caret-color: #000000; color: #000000;\">S\u00e4hk\u00f6moottoripy\u00f6r\u00e4ll\u00e4 ajaminen ja ajaminen on mahdollisesti vaarallista itsellesi ja muille. Kaikkien on pakko k\u00e4ytt\u00e4\u00e4\u00a0<a href=\"http:\/\/www.xn--tuksimaailm-ffb.ee\/shop\/elektrilise-toukeratta-kiiver-led-tagatulega-smart-4u\/\">kyp\u00e4r\u00e4\u00e4<\/a>\u00a0ajaessaan s\u00e4hk\u00f6moottoripy\u00f6r\u00e4ll\u00e4. Kaikki s\u00e4hk\u00f6skootterit l\u00f6ytyv\u00e4t\u00a0<a href=\"http:\/\/www.xn--tuksimaailm-ffb.ee\/tootekategooria\/elektriroller\/\">t\u00e4\u00e4lt\u00e4<\/a>.<\/p>\n<p style=\"caret-color: #000000; color: #000000;\"><strong>Kun ostat<\/strong>\u00a0<strong>s\u00e4hk\u00f6moottoripy\u00f6r\u00e4n kaupastamme, saat kaikki\u00a0<\/strong><a href=\"http:\/\/www.xn--tuksimaailm-ffb.ee\/tootekategooria\/lisavarustus\/\"><strong>lis\u00e4varusteet<\/strong><\/a>\u00a0<strong>s\u00e4hk\u00f6moottoripy\u00f6r\u00e4n oston yhteydess\u00e4 -20%!<\/strong><\/p>\n<table class=\"tg\" style=\"max-width: 600px; margin-right: auto; margin-bottom: 0px; margin-left: auto; width: 82.60849571109986%; height: 406px;\">\n<tbody>\n<tr style=\"height: 27px;\">\n<td style=\"font-size: 14px; padding: 5px; border-style: solid; background-color: #e4e1e1; color: #333333; font-weight: bold; overflow: hidden; text-align: center; vertical-align: top; word-break: normal; height: 27px;\" colspan=\"2\">Tekniset tiedot<\/td>\n<\/tr>\n<tr style=\"height: 27px;\">\n<td style=\"font-size: 14px; padding: 5px; border-style: solid; background-color: #e4e1e1; color: #333333; font-weight: bold; overflow: hidden; text-align: right; vertical-align: top; word-break: normal; height: 27px;\">Malli<\/td>\n<td style=\"font-size: 14px; padding: 5px; border-style: solid; overflow: hidden; text-align: center; vertical-align: top; word-break: normal; height: 27px;\">Talaria Sting R X3 TL3000 L1E 2023<\/td>\n<\/tr>\n<tr style=\"height: 27px;\">\n<td style=\"font-size: 14px; padding: 5px; border-style: solid; background-color: #e4e1e1; color: #333333; font-weight: bold; overflow: hidden; text-align: right; vertical-align: top; word-break: normal; height: 27px;\">Akku<\/td>\n<td style=\"font-size: 14px; padding: 5px; border-style: solid; overflow: hidden; text-align: center; vertical-align: top; word-break: normal; height: 27px;\">60V \/ 38Ah (2280Wh)\u00a0<\/td>\n<\/tr>\n<tr style=\"height: 27px;\">\n<td style=\"font-size: 14px; padding: 5px; border-style: solid; background-color: #e4e1e1; color: #333333; font-weight: bold; overflow: hidden; text-align: right; vertical-align: top; word-break: normal; height: 27px;\">Latausaika<\/td>\n<td style=\"font-size: 14px; padding: 5px; border-style: solid; overflow: hidden; text-align: center; vertical-align: top; word-break: normal; height: 27px;\">4h<\/td>\n<\/tr>\n<tr style=\"height: 27px;\">\n<td style=\"font-size: 14px; padding: 5px; border-style: solid; background-color: #e4e1e1; color: #333333; font-weight: bold; overflow: hidden; text-align: right; vertical-align: top; word-break: normal; height: 27px;\">Moottori teho<\/td>\n<td style=\"font-size: 14px; padding: 5px; border-style: solid; overflow: hidden; text-align: center; vertical-align: top; word-break: normal; height: 27px;\">3500W<\/td>\n<\/tr>\n<tr style=\"height: 55px;\">\n<td style=\"font-size: 14px; padding: 5px; border-style: solid; background-color: #e4e1e1; color: #333333; font-weight: bold; overflow: hidden; text-align: right; vertical-align: top; word-break: normal; height: 55px;\">Ajomatka (valmistajan m\u00e4\u00e4rittely)<\/td>\n<td style=\"font-size: 14px; padding: 5px; border-style: solid; overflow: hidden; text-align: center; vertical-align: top; word-break: normal; height: 55px;\">jopa 76km<\/td>\n<\/tr>\n<tr style=\"height: 27px;\">\n<td style=\"font-size: 14px; padding: 5px; border-style: solid; background-color: #e4e1e1; color: #333333; font-weight: bold; overflow: hidden; text-align: right; vertical-align: top; word-break: normal; height: 27px;\">Etujarru<\/td>\n<td style=\"font-size: 14px; padding: 5px; border-style: solid; overflow: hidden; text-align: center; vertical-align: top; word-break: normal; height: 27px;\">4-m\u00e4nt\u00e4inen hydraulinen levyjarru<\/td>\n<\/tr>\n<tr style=\"height: 27px;\">\n<td style=\"font-size: 14px; padding: 5px; border-style: solid; background-color: #e4e1e1; color: #333333; font-weight: bold; overflow: hidden; text-align: right; vertical-align: top; word-break: normal; height: 27px;\">Taga jarru<\/td>\n<td style=\"font-size: 14px; padding: 5px; border-style: solid; overflow: hidden; text-align: center; vertical-align: top; word-break: normal; height: 27px;\">4-m\u00e4nt\u00e4inen hydraulinen levyjarru<\/td>\n<\/tr>\n<tr style=\"height: 27px;\">\n<td style=\"font-size: 14px; padding: 5px; border-style: solid; background-color: #e4e1e1; color: #333333; font-weight: bold; overflow: hidden; text-align: right; vertical-align: top; word-break: normal; height: 27px;\">Painorajoitus<\/td>\n<td style=\"font-size: 14px; padding: 5px; border-style: solid; overflow: hidden; text-align: center; vertical-align: top; word-break: normal; height: 27px;\">120kg<\/td>\n<\/tr>\n<tr style=\"height: 27px;\">\n<td style=\"font-size: 14px; padding: 5px; border-style: solid; background-color: #e4e1e1; color: #333333; font-weight: bold; overflow: hidden; text-align: right; vertical-align: top; word-break: normal; height: 27px;\">Tuotajanopeus<\/td>\n<td style=\"font-size: 14px; padding: 5px; border-style: solid; overflow: hidden; text-align: center; vertical-align: top; word-break: normal; height: 27px;\">45km\/h<\/td>\n<\/tr>\n<tr style=\"height: 27px;\">\n<td style=\"font-size: 14px; padding: 5px; border-style: solid; background-color: #e4e1e1; color: #333333; font-weight: bold; overflow: hidden; text-align: right; vertical-align: top; word-break: normal; height: 27px;\">Paino<\/td>\n<td style=\"font-size: 14px; padding: 5px; border-style: solid; overflow: hidden; text-align: center; vertical-align: top; word-break: normal; height: 27px;\">65kg<\/td>\n<\/tr>\n<tr style=\"height: 27px;\">\n<td style=\"font-size: 14px; padding: 5px 5px 5px 125px; border-style: solid; background-color: #e4e1e1; color: #333333; font-weight: bold; overflow: hidden; vertical-align: top; word-break: normal; height: 27px; text-align: right;\">Motorisoitu\u00a0<br \/>py\u00f6r\u00e4<\/td>\n<td style=\"font-size: 14px; padding: 5px; border-style: solid; overflow: hidden; text-align: center; vertical-align: top; word-break: normal; height: 27px;\">\n<p>taga<\/p>\n<\/td>\n<\/tr>\n<tr style=\"height: 27px;\">\n<td style=\"font-size: 14px; padding: 5px; border-style: solid; background-color: #e4e1e1; color: #333333; font-weight: bold; overflow: hidden; text-align: right; vertical-align: top; word-break: normal; height: 27px;\">Renkaat<\/td>\n<td style=\"font-size: 14px; padding: 5px; border-style: solid; overflow: hidden; text-align: center; vertical-align: top; word-break: normal; height: 27px;\">Eturengas 70\/100-19, takarengas 80\/100-19<\/td>\n<\/tr>\n<tr style=\"height: 27px;\">\n<td style=\"font-size: 14px; padding: 5px; border-style: solid; background-color: #e4e1e1; color: #333333; font-weight: bold; overflow: hidden; text-align: right; vertical-align: top; word-break: normal; height: 27px;\">Tien enimm\u00e4iskaltevuus<\/td>\n<td style=\"font-size: 14px; padding: 5px; border-style: solid; overflow: hidden; text-align: center; vertical-align: top; word-break: normal; height: 27px;\">45%<\/td>\n<\/tr>\n<\/tbody>\n<\/table>\n","protected":false},"excerpt":{"rendered":"<p><a href=\"http:\/\/www.xn--tuksimaailm-ffb.ee\/kontakt\/\"><strong>L\u00f6ysitk\u00f6 paremman hinnan? Kirjoita meille, niin teemme sinulle paremman tarjouksen!<\/strong><\/a><\/p>\n<p><strong>Kaiki <a href=\"http:\/\/www.xn--tuksimaailm-ffb.ee\/tootekategooria\/lisavarustus\/\">lis\u00e4varusteet<\/a> ja\u00a0<a href=\"http:\/\/www.xn--tuksimaailm-ffb.ee\/tootekategooria\/elektritoukeratta-varuosad\/\">varuosat<\/a> ovat -20%, kun ne ostetaan yhdess\u00e4 s\u00e4hk\u00f6mopon kanssa. Alennus tulee automaattisesti voimaan, kun lis\u00e4\u00e4t sen ostoskoriin!<\/strong><\/p>\n<p><em><strong>Toimitusaika: 1-5tp<\/p>\n<p><\/strong><\/em><\/p>\n","protected":false},"featured_media":37825,"template":"","meta":[],"product_brand":[],"product_cat":[1906,1905],"product_tag":[],"filter_elektritoukeratas":[],"class_list":{"0":"post-40835","1":"product","2":"type-product","3":"status-publish","4":"has-post-thumbnail","6":"product_cat-sahkomoottoripyora","7":"product_cat-sahkomopo","8":"product_shipping_class-keskmine-pakk-fi","9":"pa_aku-mahutavus-wh-2280-fi","10":"pa_kaal-kg-65-fi","11":"pa_kandevoime-kg-120-fi","12":"pa_mootorite-arv-uhe-mootoriga-fi","13":"pa_piiramata-tippkiirus-kmh-45-fi","14":"pa_tootetuup-sahkomopo","15":"pa_valmistaja-talaria-fi","16":"pa_voimsus-w-3500-fi","18":"first","19":"outofstock","20":"sale","21":"taxable","22":"shipping-taxable","23":"purchasable","24":"product-type-simple"},"yoast_head":"<!-- This site is optimized with the Yoast SEO Premium plugin v26.8 (Yoast SEO v27.5) - https:\/\/yoast.com\/product\/yoast-seo-premium-wordpress\/ -->\n<title>Talaria Sting R X3 TL3000 L1E s\u00e4hk\u00f6mopedi | T\u00f5uksimaailm<\/title>\n<meta name=\"description\" content=\"Talaria tuntud t\u00e4navalegaalsed uued elektrimopeedid \/ elektrirollerid. V\u00f5imsa mootoriga, silmapaistva disainiga Talaria Sting R X3 TL3000 L1E elektrimopeed.\" \/>\n<meta name=\"robots\" content=\"index, follow, max-snippet:-1, max-image-preview:large, max-video-preview:-1\" \/>\n<link rel=\"canonical\" href=\"https:\/\/www.xn--tuksimaailm-ffb.ee\/fi\/shop\/talaria-sting-r-x3-tl3000-l1e-sahkomopedi\/\" \/>\n<meta property=\"og:locale\" content=\"fi_FI\" \/>\n<meta property=\"og:type\" content=\"article\" \/>\n<meta property=\"og:title\" content=\"Talaria Sting R X3 TL3000 L1E s\u00e4hk\u00f6mopedi\" \/>\n<meta property=\"og:description\" content=\"Talaria tuntud t\u00e4navalegaalsed uued elektrimopeedid \/ elektrirollerid. V\u00f5imsa mootoriga, silmapaistva disainiga Talaria Sting R X3 TL3000 L1E elektrimopeed.\" \/>\n<meta property=\"og:url\" content=\"https:\/\/www.xn--tuksimaailm-ffb.ee\/fi\/shop\/talaria-sting-r-x3-tl3000-l1e-sahkomopedi\/\" \/>\n<meta property=\"og:site_name\" content=\"T\u00f5uksimaailm\" \/>\n<meta property=\"article:publisher\" content=\"https:\/\/www.facebook.com\/touksimaailm\/\" \/>\n<meta property=\"article:modified_time\" content=\"2024-11-29T12:16:55+00:00\" \/>\n<meta property=\"og:image\" content=\"https:\/\/www.xn--tuksimaailm-ffb.ee\/wp-content\/uploads\/2023\/07\/sting-l1e-1-jpg.webp\" \/>\n\t<meta property=\"og:image:width\" content=\"769\" \/>\n\t<meta property=\"og:image:height\" content=\"557\" \/>\n\t<meta property=\"og:image:type\" content=\"image\/jpeg\" \/>\n<meta name=\"twitter:card\" content=\"summary_large_image\" \/>\n<meta name=\"twitter:label1\" content=\"Hinta\" \/>\n\t<meta name=\"twitter:data1\" content=\"&euro;4,599.00\" \/>\n\t<meta name=\"twitter:label2\" content=\"Saatavuus\" \/>\n\t<meta name=\"twitter:data2\" content=\"Loppu varastosta\" \/>\n<meta property=\"product:price:amount\" content=\"4599.00\" \/>\n<meta property=\"product:price:currency\" content=\"EUR\" \/>\n<meta property=\"og:availability\" content=\"out of stock\" \/>\n<meta property=\"product:availability\" content=\"out of stock\" \/>\n<meta property=\"product:retailer_item_id\" content=\"TALARIA-STING-L1E-1\" \/>\n<meta property=\"product:condition\" content=\"new\" \/>\n<!-- \/ Yoast SEO Premium plugin. -->","yoast_head_json":{"title":"Talaria Sting R X3 TL3000 L1E s\u00e4hk\u00f6mopedi | T\u00f5uksimaailm","description":"Talaria tuntud t\u00e4navalegaalsed uued elektrimopeedid \/ elektrirollerid. V\u00f5imsa mootoriga, silmapaistva disainiga Talaria Sting R X3 TL3000 L1E elektrimopeed.","robots":{"index":"index","follow":"follow","max-snippet":"max-snippet:-1","max-image-preview":"max-image-preview:large","max-video-preview":"max-video-preview:-1"},"canonical":"https:\/\/www.xn--tuksimaailm-ffb.ee\/fi\/shop\/talaria-sting-r-x3-tl3000-l1e-sahkomopedi\/","og_locale":"fi_FI","og_type":"article","og_title":"Talaria Sting R X3 TL3000 L1E s\u00e4hk\u00f6mopedi","og_description":"Talaria tuntud t\u00e4navalegaalsed uued elektrimopeedid \/ elektrirollerid. V\u00f5imsa mootoriga, silmapaistva disainiga Talaria Sting R X3 TL3000 L1E elektrimopeed.","og_url":"https:\/\/www.xn--tuksimaailm-ffb.ee\/fi\/shop\/talaria-sting-r-x3-tl3000-l1e-sahkomopedi\/","og_site_name":"T\u00f5uksimaailm","article_publisher":"https:\/\/www.facebook.com\/touksimaailm\/","article_modified_time":"2024-11-29T12:16:55+00:00","og_image":[{"width":769,"height":557,"url":"https:\/\/www.xn--tuksimaailm-ffb.ee\/wp-content\/uploads\/2023\/07\/sting-l1e-1-jpg.webp","type":"image\/jpeg"}],"twitter_card":"summary_large_image","twitter_misc":{"Hinta":"&euro;4,599.00","Saatavuus":"Loppu varastosta"},"schema":{"@context":"https:\/\/schema.org","@graph":[{"@type":"WebPage","@id":"https:\/\/www.xn--tuksimaailm-ffb.ee\/fi\/shop\/talaria-sting-r-x3-tl3000-l1e-sahkomopedi\/","url":"https:\/\/www.xn--tuksimaailm-ffb.ee\/fi\/shop\/talaria-sting-r-x3-tl3000-l1e-sahkomopedi\/","name":"Talaria Sting R X3 TL3000 L1E s\u00e4hk\u00f6mopedi | T\u00f5uksimaailm","isPartOf":{"@id":"https:\/\/www.xn--tuksimaailm-ffb.ee\/fi\/#website"},"primaryImageOfPage":{"@id":"https:\/\/www.xn--tuksimaailm-ffb.ee\/fi\/shop\/talaria-sting-r-x3-tl3000-l1e-sahkomopedi\/#primaryimage"},"image":{"@id":"https:\/\/www.xn--tuksimaailm-ffb.ee\/fi\/shop\/talaria-sting-r-x3-tl3000-l1e-sahkomopedi\/#primaryimage"},"thumbnailUrl":"https:\/\/www.xn--tuksimaailm-ffb.ee\/wp-content\/uploads\/2023\/07\/sting-l1e-1-jpg.webp","datePublished":"2023-07-03T16:11:23+00:00","dateModified":"2024-11-29T12:16:55+00:00","description":"Talaria tuntud t\u00e4navalegaalsed uued elektrimopeedid \/ elektrirollerid. V\u00f5imsa mootoriga, silmapaistva disainiga Talaria Sting R X3 TL3000 L1E elektrimopeed.","breadcrumb":{"@id":"https:\/\/www.xn--tuksimaailm-ffb.ee\/fi\/shop\/talaria-sting-r-x3-tl3000-l1e-sahkomopedi\/#breadcrumb"},"inLanguage":"fi","potentialAction":[{"@type":"ReadAction","target":["https:\/\/www.xn--tuksimaailm-ffb.ee\/fi\/shop\/talaria-sting-r-x3-tl3000-l1e-sahkomopedi\/"]}]},{"@type":"ImageObject","inLanguage":"fi","@id":"https:\/\/www.xn--tuksimaailm-ffb.ee\/fi\/shop\/talaria-sting-r-x3-tl3000-l1e-sahkomopedi\/#primaryimage","url":"https:\/\/www.xn--tuksimaailm-ffb.ee\/wp-content\/uploads\/2023\/07\/sting-l1e-1-jpg.webp","contentUrl":"https:\/\/www.xn--tuksimaailm-ffb.ee\/wp-content\/uploads\/2023\/07\/sting-l1e-1-jpg.webp","width":769,"height":557,"caption":"Talaria Sting R X3 TL3000 L1E elektrimopeed elektriroller elektriline mootorratas krossimootorratas tsikkel t\u00e4navalegaalne l1e am 1"},{"@type":"BreadcrumbList","@id":"https:\/\/www.xn--tuksimaailm-ffb.ee\/fi\/shop\/talaria-sting-r-x3-tl3000-l1e-sahkomopedi\/#breadcrumb","itemListElement":[{"@type":"ListItem","position":1,"name":"Home","item":"https:\/\/www.xn--tuksimaailm-ffb.ee\/fi\/kotisivu\/"},{"@type":"ListItem","position":2,"name":"Kauppa","item":"https:\/\/www.xn--tuksimaailm-ffb.ee\/elektritoukerataste-pood\/"},{"@type":"ListItem","position":3,"name":"Talaria Sting R X3 TL3000 L1E s\u00e4hk\u00f6mopedi"}]},{"@type":"WebSite","@id":"https:\/\/www.xn--tuksimaailm-ffb.ee\/fi\/#website","url":"https:\/\/www.xn--tuksimaailm-ffb.ee\/fi\/","name":"T\u00f5uksimaailm","description":"Elektrit\u00f5ukerataste m\u00fc\u00fck, remont ja rent","publisher":{"@id":"https:\/\/www.xn--tuksimaailm-ffb.ee\/fi\/#organization"},"potentialAction":[{"@type":"SearchAction","target":{"@type":"EntryPoint","urlTemplate":"https:\/\/www.xn--tuksimaailm-ffb.ee\/fi\/?s={search_term_string}"},"query-input":{"@type":"PropertyValueSpecification","valueRequired":true,"valueName":"search_term_string"}}],"inLanguage":"fi"},{"@type":"Organization","@id":"https:\/\/www.xn--tuksimaailm-ffb.ee\/fi\/#organization","name":"T\u00f5uksimaailm","url":"https:\/\/www.xn--tuksimaailm-ffb.ee\/fi\/","logo":{"@type":"ImageObject","inLanguage":"fi","@id":"https:\/\/www.xn--tuksimaailm-ffb.ee\/fi\/#\/schema\/logo\/image\/","url":"https:\/\/www.xn--tuksimaailm-ffb.ee\/wp-content\/uploads\/2020\/01\/logoz-e1579792875517.png","contentUrl":"https:\/\/www.xn--tuksimaailm-ffb.ee\/wp-content\/uploads\/2020\/01\/logoz-e1579792875517.png","width":250,"height":250,"caption":"T\u00f5uksimaailm"},"image":{"@id":"https:\/\/www.xn--tuksimaailm-ffb.ee\/fi\/#\/schema\/logo\/image\/"},"sameAs":["https:\/\/www.facebook.com\/touksimaailm\/","https:\/\/www.instagram.com\/touksimaailm_\/","https:\/\/www.youtube.com\/channel\/UC18ml0EKIDLP1xGuQjFzcXQ"]}]},"product_price_amount":"4599.00","product_price_currency":"EUR","og_availability":"out of stock","product_availability":"out of stock","product_retailer_item_id":"TALARIA-STING-L1E-1","product_condition":"new"},"jetpack_sharing_enabled":true,"_links":{"self":[{"href":"https:\/\/www.xn--tuksimaailm-ffb.ee\/fi\/wp-json\/wp\/v2\/product\/40835","targetHints":{"allow":["GET"]}}],"collection":[{"href":"https:\/\/www.xn--tuksimaailm-ffb.ee\/fi\/wp-json\/wp\/v2\/product"}],"about":[{"href":"https:\/\/www.xn--tuksimaailm-ffb.ee\/fi\/wp-json\/wp\/v2\/types\/product"}],"wp:featuredmedia":[{"embeddable":true,"href":"https:\/\/www.xn--tuksimaailm-ffb.ee\/fi\/wp-json\/wp\/v2\/media\/37825"}],"wp:attachment":[{"href":"https:\/\/www.xn--tuksimaailm-ffb.ee\/fi\/wp-json\/wp\/v2\/media?parent=40835"}],"wp:term":[{"taxonomy":"product_brand","embeddable":true,"href":"https:\/\/www.xn--tuksimaailm-ffb.ee\/fi\/wp-json\/wp\/v2\/product_brand?post=40835"},{"taxonomy":"product_cat","embeddable":true,"href":"https:\/\/www.xn--tuksimaailm-ffb.ee\/fi\/wp-json\/wp\/v2\/product_cat?post=40835"},{"taxonomy":"product_tag","embeddable":true,"href":"https:\/\/www.xn--tuksimaailm-ffb.ee\/fi\/wp-json\/wp\/v2\/product_tag?post=40835"},{"taxonomy":"filter_elektritoukeratas","embeddable":true,"href":"https:\/\/www.xn--tuksimaailm-ffb.ee\/fi\/wp-json\/wp\/v2\/filter_elektritoukeratas?post=40835"}],"curies":[{"name":"wp","href":"https:\/\/api.w.org\/{rel}","templated":true}]}}