{"id":40836,"date":"2023-07-03T18:06:37","date_gmt":"2023-07-03T15:06:37","guid":{"rendered":"http:\/\/www.xn--tuksimaailm-ffb.ee\/shop\/talaria-sting-r-mx3-tl3000-mx-sahkomoottoripyora-2023\/"},"modified":"2024-11-29T15:17:00","modified_gmt":"2024-11-29T12:17:00","slug":"talaria-sting-r-mx3-tl3000-mx-sahkomoottoripyora-2023","status":"publish","type":"product","link":"https:\/\/www.xn--tuksimaailm-ffb.ee\/fi\/shop\/talaria-sting-r-mx3-tl3000-mx-sahkomoottoripyora-2023\/","title":{"rendered":"Talaria Sting R MX3 TL3000 MX s\u00e4hk\u00f6moottoripy\u00f6r\u00e4"},"content":{"rendered":"<h2 style=\"text-align: center;\"><span style=\"font-size: xx-large;\">TALARIA STING R MX3 TL3000 MX S\u00c4HK\u00d6INEN CROSS-MOOTTORIPY\u00d6R\u00c4 (2023 MALLI)<\/span><\/h2>\n<p>Talaria Sting R MX3 TL3000 MX on kest\u00e4v\u00e4 s\u00e4hk\u00f6inen cross-py\u00f6r\u00e4, joka on suunniteltu niin maastoharrastajille kuin adrenaliinihulluillekin. Talaria Sting R -s\u00e4hk\u00f6moottoripy\u00f6r\u00e4ss\u00e4 yhdistyv\u00e4t huipputeknologia ja tarkkuus t\u00e4ydellisess\u00e4 tasapainossa, ja se tarjoaa erinomaisen tehon, k\u00e4sitelt\u00e4vyyden ja hallinnan, joka sopii kaikentasoisille ajajille, jotka haluavat valloittaa erilaisia maastoja. Talaria Sting R:n ytimess\u00e4 on tehokas 6000 W:n s\u00e4hk\u00f6moottori, joka tuottaa v\u00e4lit\u00f6nt\u00e4 v\u00e4\u00e4nt\u00f6\u00e4 ja kiihtyvyytt\u00e4, mik\u00e4 tarjoaa adrenaliinipitoisen ajokokemuksen ja mahdollistaa sen, ett\u00e4 py\u00f6r\u00e4 selviytyy poluista, m\u00e4ist\u00e4 ja esteist\u00e4 helposti. Yksi Talaria Sting R:n merkitt\u00e4vimmist\u00e4 ominaisuuksista on sen p\u00e4ivitetty akkuteknologia. Talari-s\u00e4hk\u00f6moottoripy\u00f6r\u00e4t on varustettu suurikapasiteettisella 60V\/38Ah litiumioniakulla, jonka avulla voit ajaa jopa 76 km yhdell\u00e4 latauksella ja saavuttaa jopa 72 km\/h huippunopeuden. Irrotettavan akun muotoilu tekee lataamisesta helppoa ja pident\u00e4\u00e4 akun k\u00e4ytt\u00f6ik\u00e4\u00e4, mik\u00e4 antaa ajajalle vapauden tutkia uusia polkuja ilman huolta akun tyhjenemisest\u00e4.<\/p>\n<p>Talaria Sting R MX3 on suunniteltu monenlaiseen maastoon, ja sen alumiiniseosrunko yhdist\u00e4\u00e4 lujuuden ja keveyden. Talarian s\u00e4\u00e4dett\u00e4v\u00e4ss\u00e4 jousitusj\u00e4rjestelm\u00e4ss\u00e4 on etu- ja taka-iskunvaimentimet, jotka takaavat tasaisen ja miellytt\u00e4v\u00e4n ajon ep\u00e4tasaisimmillakin poluilla. Py\u00f6r\u00e4 on varustettu 19-tuumaisilla maastorenkailla, pitk\u00e4ll\u00e4 matkalla ja s\u00e4\u00e4dett\u00e4v\u00e4ll\u00e4 jousituksella, joten se pysyy tiukasti hallinnassa kaikissa olosuhteissa.<\/p>\n<p>Turvallisuus on Talaria Sting R:ss\u00e4 etusijalla, mink\u00e4 vuoksi ne on varustettu hydraulisilla levyjarruilla sek\u00e4 etu- ett\u00e4 takapy\u00f6riss\u00e4, jotka takaavat nopean ja tasaisen jarrutuksen my\u00f6s m\u00e4riss\u00e4 tai mutaisissa olosuhteissa. Talaria-s\u00e4hk\u00f6moottoripy\u00f6r\u00e4t on my\u00f6s varustettu intuitiivisella LCD-n\u00e4yt\u00f6ll\u00e4, joka n\u00e4ytt\u00e4\u00e4 reaaliaikaiset tiedot nopeudesta, akun kestosta ja muista t\u00e4rkeist\u00e4 indikaattoreista, jolloin kuljettaja voi seurata suorituskyky\u00e4\u00e4n ja tehd\u00e4 tarvittavat s\u00e4\u00e4d\u00f6t. Olitpa sitten kokenut ajaja tai vasta aloittelija, Talaria Sting R MX3 tarjoaa ly\u00f6m\u00e4tt\u00f6m\u00e4n yhdistelm\u00e4n tehoa, k\u00e4sitelt\u00e4vyytt\u00e4 ja kest\u00e4vyytt\u00e4, joten se on t\u00e4ydellinen valinta niille, jotka haluavat vied\u00e4 maastopy\u00f6r\u00e4ilyn seuraavalle tasolle.<\/p>\n<p><iframe title=\"2023 Talaria Sting &quot;R&quot; \/\/ OFFICIAL Test &amp; Review\" width=\"1082\" height=\"609\" src=\"https:\/\/www.youtube.com\/embed\/LPJaUAxtBvQ?feature=oembed\" frameborder=\"0\" allow=\"accelerometer; autoplay; clipboard-write; encrypted-media; gyroscope; picture-in-picture; web-share\" referrerpolicy=\"strict-origin-when-cross-origin\" allowfullscreen><\/iframe><\/p>\n<p>\u00a0<\/p>\n<h2 style=\"text-align: center;\">TURVALLISUUS<\/h2>\n<p style=\"caret-color: #000000; color: #000000;\">S\u00e4hk\u00f6moottoripy\u00f6r\u00e4ll\u00e4 ajaminen ja ajaminen on mahdollisesti vaarallista itsellesi ja muille. Kaikkien on pakko k\u00e4ytt\u00e4\u00e4\u00a0<a href=\"http:\/\/www.xn--tuksimaailm-ffb.ee\/shop\/elektrilise-toukeratta-kiiver-led-tagatulega-smart-4u\/\">kyp\u00e4r\u00e4\u00e4<\/a>\u00a0ajaessaan s\u00e4hk\u00f6moottoripy\u00f6r\u00e4ll\u00e4. Kaikki s\u00e4hk\u00f6skootterit l\u00f6ytyv\u00e4t\u00a0<a href=\"http:\/\/www.xn--tuksimaailm-ffb.ee\/tootekategooria\/elektriroller\/\">t\u00e4\u00e4lt\u00e4<\/a>.<\/p>\n<p style=\"caret-color: #000000; color: #000000;\"><strong>Kun ostat<\/strong>\u00a0<strong>s\u00e4hk\u00f6skootterin kaupastamme, saat kaikki\u00a0<\/strong><a href=\"http:\/\/www.xn--tuksimaailm-ffb.ee\/tootekategooria\/lisavarustus\/\"><strong>lis\u00e4varusteet<\/strong><\/a><strong>\u00a020% alennuksella!<\/strong><\/p>\n<table class=\"tg\" style=\"max-width: 600px; margin-right: auto; margin-bottom: 0px; margin-left: auto; width: 82.60849571109986%; height: 406px;\">\n<tbody>\n<tr style=\"height: 27px;\">\n<td style=\"font-size: 14px; padding: 5px; border-style: solid; background-color: #e4e1e1; color: #333333; font-weight: bold; overflow: hidden; text-align: center; vertical-align: top; word-break: normal; height: 27px;\" colspan=\"2\">Tekniset tiedot<\/td>\n<\/tr>\n<tr style=\"height: 27px;\">\n<td style=\"font-size: 14px; padding: 5px; border-style: solid; background-color: #e4e1e1; color: #333333; font-weight: bold; overflow: hidden; text-align: right; vertical-align: top; word-break: normal; height: 27px;\">Malli<\/td>\n<td style=\"font-size: 14px; padding: 5px; border-style: solid; overflow: hidden; text-align: center; vertical-align: top; word-break: normal; height: 27px;\">Talaria Sting R MX3 TL3000 MX<\/td>\n<\/tr>\n<tr style=\"height: 27px;\">\n<td style=\"font-size: 14px; padding: 5px; border-style: solid; background-color: #e4e1e1; color: #333333; font-weight: bold; overflow: hidden; text-align: right; vertical-align: top; word-break: normal; height: 27px;\">Akku<\/td>\n<td style=\"font-size: 14px; padding: 5px; border-style: solid; overflow: hidden; text-align: center; vertical-align: top; word-break: normal; height: 27px;\">60V \/ 38Ah (2280Wh)\u00a0<\/td>\n<\/tr>\n<tr style=\"height: 27px;\">\n<td style=\"font-size: 14px; padding: 5px; border-style: solid; background-color: #e4e1e1; color: #333333; font-weight: bold; overflow: hidden; text-align: right; vertical-align: top; word-break: normal; height: 27px;\">Latausaika<\/td>\n<td style=\"font-size: 14px; padding: 5px; border-style: solid; overflow: hidden; text-align: center; vertical-align: top; word-break: normal; height: 27px;\">4h<\/td>\n<\/tr>\n<tr style=\"height: 27px;\">\n<td style=\"font-size: 14px; padding: 5px; border-style: solid; background-color: #e4e1e1; color: #333333; font-weight: bold; overflow: hidden; text-align: right; vertical-align: top; word-break: normal; height: 27px;\">Moottorin teho<\/td>\n<td style=\"font-size: 14px; padding: 5px; border-style: solid; overflow: hidden; text-align: center; vertical-align: top; word-break: normal; height: 27px;\">6000W<\/td>\n<\/tr>\n<tr style=\"height: 55px;\">\n<td style=\"font-size: 14px; padding: 5px; border-style: solid; background-color: #e4e1e1; color: #333333; font-weight: bold; overflow: hidden; text-align: right; vertical-align: top; word-break: normal; height: 55px;\">Ajomatka (valmistajan m\u00e4\u00e4rittely)<\/td>\n<td style=\"font-size: 14px; padding: 5px; border-style: solid; overflow: hidden; text-align: center; vertical-align: top; word-break: normal; height: 55px;\">jopa 76km<\/td>\n<\/tr>\n<tr style=\"height: 27px;\">\n<td style=\"font-size: 14px; padding: 5px; border-style: solid; background-color: #e4e1e1; color: #333333; font-weight: bold; overflow: hidden; text-align: right; vertical-align: top; word-break: normal; height: 27px;\">Etujarru<\/td>\n<td style=\"font-size: 14px; padding: 5px; border-style: solid; overflow: hidden; text-align: center; vertical-align: top; word-break: normal; height: 27px;\">4 m\u00e4nt\u00e4inen hydraulinen levyjarruj\u00e4rjestelm\u00e4<\/td>\n<\/tr>\n<tr style=\"height: 27px;\">\n<td style=\"font-size: 14px; padding: 5px; border-style: solid; background-color: #e4e1e1; color: #333333; font-weight: bold; overflow: hidden; text-align: right; vertical-align: top; word-break: normal; height: 27px;\">Takajarru<\/td>\n<td style=\"font-size: 14px; padding: 5px; border-style: solid; overflow: hidden; text-align: center; vertical-align: top; word-break: normal; height: 27px;\">4 m\u00e4nt\u00e4inen hydraulinen levyjarruj\u00e4rjestelm\u00e4<\/td>\n<\/tr>\n<tr style=\"height: 27px;\">\n<td style=\"font-size: 14px; padding: 5px; border-style: solid; background-color: #e4e1e1; color: #333333; font-weight: bold; overflow: hidden; text-align: right; vertical-align: top; word-break: normal; height: 27px;\">Kantavuus<\/td>\n<td style=\"font-size: 14px; padding: 5px; border-style: solid; overflow: hidden; text-align: center; vertical-align: top; word-break: normal; height: 27px;\">120kg<\/td>\n<\/tr>\n<tr style=\"height: 27px;\">\n<td style=\"font-size: 14px; padding: 5px; border-style: solid; background-color: #e4e1e1; color: #333333; font-weight: bold; overflow: hidden; text-align: right; vertical-align: top; word-break: normal; height: 27px;\">Tuotajannopeus<\/td>\n<td style=\"font-size: 14px; padding: 5px; border-style: solid; overflow: hidden; text-align: center; vertical-align: top; word-break: normal; height: 27px;\">72km\/h<\/td>\n<\/tr>\n<tr style=\"height: 27px;\">\n<td style=\"font-size: 14px; padding: 5px; border-style: solid; background-color: #e4e1e1; color: #333333; font-weight: bold; overflow: hidden; text-align: right; vertical-align: top; word-break: normal; height: 27px;\">Paino<\/td>\n<td style=\"font-size: 14px; padding: 5px; border-style: solid; overflow: hidden; text-align: center; vertical-align: top; word-break: normal; height: 27px;\">65kg<\/td>\n<\/tr>\n<tr style=\"height: 27px;\">\n<td style=\"font-size: 14px; padding: 5px 5px 5px 125px; border-style: solid; background-color: #e4e1e1; color: #333333; font-weight: bold; overflow: hidden; vertical-align: top; word-break: normal; height: 27px; text-align: right;\">Moottoroitu py\u00f6r\u00e4\/td&gt;<\/td>\n<td style=\"font-size: 14px; padding: 5px; border-style: solid; overflow: hidden; text-align: center; vertical-align: top; word-break: normal; height: 27px;\">\n<p>takapy\u00f6r\u00e4<\/p>\n<\/td>\n<\/tr>\n<tr style=\"height: 27px;\">\n<td style=\"font-size: 14px; padding: 5px; border-style: solid; background-color: #e4e1e1; color: #333333; font-weight: bold; overflow: hidden; text-align: right; vertical-align: top; word-break: normal; height: 27px;\">Renkaat<\/td>\n<td style=\"font-size: 14px; padding: 5px; border-style: solid; overflow: hidden; text-align: center; vertical-align: top; word-break: normal; height: 27px;\">Eturengas 70\/100-19, tagarengas 80\/100-17<\/td>\n<\/tr>\n<tr style=\"height: 27px;\">\n<td style=\"font-size: 14px; padding: 5px; border-style: solid; background-color: #e4e1e1; color: #333333; font-weight: bold; overflow: hidden; text-align: right; vertical-align: top; word-break: normal; height: 27px;\">Tien enimm\u00e4iskaltevuus<\/td>\n<td style=\"font-size: 14px; padding: 5px; border-style: solid; overflow: hidden; text-align: center; vertical-align: top; word-break: normal; height: 27px;\">45%<\/td>\n<\/tr>\n<\/tbody>\n<\/table>\n","protected":false},"excerpt":{"rendered":"<p><a href=\"http:\/\/www.xn--tuksimaailm-ffb.ee\/kontakt\/\"><strong>L\u00f6ysitk\u00f6 paremman hinnan? Kirjoita meille, niin teemme sinulle paremman tarjouksen!<\/strong><\/a><\/p>\n<p><strong>Kaikki\u00a0<a href=\"http:\/\/www.xn--tuksimaailm-ffb.ee\/tootekategooria\/lisavarustus\/\">lis\u00e4varusteet<\/a>\u00a0ja\u00a0<a href=\"http:\/\/www.xn--tuksimaailm-ffb.ee\/tootekategooria\/elektritoukeratta-varuosad\/\">varaosat<\/a> ovat -20%, kun ne ostetaan s\u00e4hk\u00f6mopedin kanssa. Alennus otetaan automaattisesti k\u00e4ytt\u00f6\u00f6n, kun lis\u00e4\u00e4t tuotteen ostoskoriin!<\/strong><\/p>\n<p><em><strong>Toimitusaika: 1-5tp<\/p>\n<p><\/strong><\/em><\/p>\n","protected":false},"featured_media":37693,"template":"","meta":[],"product_brand":[],"product_cat":[1906],"product_tag":[],"filter_elektritoukeratas":[],"class_list":{"0":"post-40836","1":"product","2":"type-product","3":"status-publish","4":"has-post-thumbnail","6":"product_cat-sahkomoottoripyora","7":"product_shipping_class-keskmine-pakk-fi","8":"pa_aku-mahutavus-wh-2280-fi","9":"pa_kaal-kg-65-fi","10":"pa_kandevoime-kg-120-fi","11":"pa_mootorite-arv-uhe-mootoriga-fi","12":"pa_piiramata-tippkiirus-kmh-72-fi","13":"pa_tootetuup-sahkomoottoripyora","14":"pa_valmistaja-talaria-fi","15":"pa_voimsus-w-6000-fi","17":"first","18":"outofstock","19":"taxable","20":"shipping-taxable","21":"purchasable","22":"product-type-simple"},"yoast_head":"<!-- This site is optimized with the Yoast SEO Premium plugin v26.8 (Yoast SEO v27.5) - https:\/\/yoast.com\/product\/yoast-seo-premium-wordpress\/ -->\n<title>Talaria Sting R MX3 TL3000 MX s\u00e4hk\u00f6moottoripy\u00f6r\u00e4 | T\u00f5uksimaailm<\/title>\n<meta name=\"description\" content=\"Futuristliku v\u00e4limusega Talaria elektrimootorrattad. Innovatiivne ja v\u00f5imas Talaria Sting R MX3 TL3000 MX elektrimootorratas. Kiire krossimootorratas.\" \/>\n<meta name=\"robots\" content=\"index, follow, max-snippet:-1, max-image-preview:large, max-video-preview:-1\" \/>\n<link rel=\"canonical\" href=\"https:\/\/www.xn--tuksimaailm-ffb.ee\/fi\/shop\/talaria-sting-r-mx3-tl3000-mx-sahkomoottoripyora-2023\/\" \/>\n<meta property=\"og:locale\" content=\"fi_FI\" \/>\n<meta property=\"og:type\" content=\"article\" \/>\n<meta property=\"og:title\" content=\"Talaria Sting R MX3 TL3000 MX s\u00e4hk\u00f6moottoripy\u00f6r\u00e4\" \/>\n<meta property=\"og:description\" content=\"Futuristliku v\u00e4limusega Talaria elektrimootorrattad. Innovatiivne ja v\u00f5imas Talaria Sting R MX3 TL3000 MX elektrimootorratas. Kiire krossimootorratas.\" \/>\n<meta property=\"og:url\" content=\"https:\/\/www.xn--tuksimaailm-ffb.ee\/fi\/shop\/talaria-sting-r-mx3-tl3000-mx-sahkomoottoripyora-2023\/\" \/>\n<meta property=\"og:site_name\" content=\"T\u00f5uksimaailm\" \/>\n<meta property=\"article:publisher\" content=\"https:\/\/www.facebook.com\/touksimaailm\/\" \/>\n<meta property=\"article:modified_time\" content=\"2024-11-29T12:17:00+00:00\" \/>\n<meta property=\"og:image\" content=\"https:\/\/www.xn--tuksimaailm-ffb.ee\/wp-content\/uploads\/2023\/07\/sting-1-jpg.webp\" \/>\n\t<meta property=\"og:image:width\" content=\"771\" \/>\n\t<meta property=\"og:image:height\" content=\"559\" \/>\n\t<meta property=\"og:image:type\" content=\"image\/jpeg\" \/>\n<meta name=\"twitter:card\" content=\"summary_large_image\" \/>\n<meta name=\"twitter:label1\" content=\"Hinta\" \/>\n\t<meta name=\"twitter:data1\" content=\"&euro;4,599.00\" \/>\n\t<meta name=\"twitter:label2\" content=\"Saatavuus\" \/>\n\t<meta name=\"twitter:data2\" content=\"Loppu varastosta\" \/>\n<meta property=\"product:price:amount\" content=\"4599.00\" \/>\n<meta property=\"product:price:currency\" content=\"EUR\" \/>\n<meta property=\"og:availability\" content=\"out of stock\" \/>\n<meta property=\"product:availability\" content=\"out of stock\" \/>\n<meta property=\"product:retailer_item_id\" content=\"TALARIA-STING-TL3000MX-1\" \/>\n<meta property=\"product:condition\" content=\"new\" \/>\n<!-- \/ Yoast SEO Premium plugin. -->","yoast_head_json":{"title":"Talaria Sting R MX3 TL3000 MX s\u00e4hk\u00f6moottoripy\u00f6r\u00e4 | T\u00f5uksimaailm","description":"Futuristliku v\u00e4limusega Talaria elektrimootorrattad. Innovatiivne ja v\u00f5imas Talaria Sting R MX3 TL3000 MX elektrimootorratas. Kiire krossimootorratas.","robots":{"index":"index","follow":"follow","max-snippet":"max-snippet:-1","max-image-preview":"max-image-preview:large","max-video-preview":"max-video-preview:-1"},"canonical":"https:\/\/www.xn--tuksimaailm-ffb.ee\/fi\/shop\/talaria-sting-r-mx3-tl3000-mx-sahkomoottoripyora-2023\/","og_locale":"fi_FI","og_type":"article","og_title":"Talaria Sting R MX3 TL3000 MX s\u00e4hk\u00f6moottoripy\u00f6r\u00e4","og_description":"Futuristliku v\u00e4limusega Talaria elektrimootorrattad. Innovatiivne ja v\u00f5imas Talaria Sting R MX3 TL3000 MX elektrimootorratas. Kiire krossimootorratas.","og_url":"https:\/\/www.xn--tuksimaailm-ffb.ee\/fi\/shop\/talaria-sting-r-mx3-tl3000-mx-sahkomoottoripyora-2023\/","og_site_name":"T\u00f5uksimaailm","article_publisher":"https:\/\/www.facebook.com\/touksimaailm\/","article_modified_time":"2024-11-29T12:17:00+00:00","og_image":[{"width":771,"height":559,"url":"https:\/\/www.xn--tuksimaailm-ffb.ee\/wp-content\/uploads\/2023\/07\/sting-1-jpg.webp","type":"image\/jpeg"}],"twitter_card":"summary_large_image","twitter_misc":{"Hinta":"&euro;4,599.00","Saatavuus":"Loppu varastosta"},"schema":{"@context":"https:\/\/schema.org","@graph":[{"@type":"WebPage","@id":"https:\/\/www.xn--tuksimaailm-ffb.ee\/fi\/shop\/talaria-sting-r-mx3-tl3000-mx-sahkomoottoripyora-2023\/","url":"https:\/\/www.xn--tuksimaailm-ffb.ee\/fi\/shop\/talaria-sting-r-mx3-tl3000-mx-sahkomoottoripyora-2023\/","name":"Talaria Sting R MX3 TL3000 MX s\u00e4hk\u00f6moottoripy\u00f6r\u00e4 | T\u00f5uksimaailm","isPartOf":{"@id":"https:\/\/www.xn--tuksimaailm-ffb.ee\/fi\/#website"},"primaryImageOfPage":{"@id":"https:\/\/www.xn--tuksimaailm-ffb.ee\/fi\/shop\/talaria-sting-r-mx3-tl3000-mx-sahkomoottoripyora-2023\/#primaryimage"},"image":{"@id":"https:\/\/www.xn--tuksimaailm-ffb.ee\/fi\/shop\/talaria-sting-r-mx3-tl3000-mx-sahkomoottoripyora-2023\/#primaryimage"},"thumbnailUrl":"https:\/\/www.xn--tuksimaailm-ffb.ee\/wp-content\/uploads\/2023\/07\/sting-1-jpg.webp","datePublished":"2023-07-03T15:06:37+00:00","dateModified":"2024-11-29T12:17:00+00:00","description":"Futuristliku v\u00e4limusega Talaria elektrimootorrattad. Innovatiivne ja v\u00f5imas Talaria Sting R MX3 TL3000 MX elektrimootorratas. Kiire krossimootorratas.","breadcrumb":{"@id":"https:\/\/www.xn--tuksimaailm-ffb.ee\/fi\/shop\/talaria-sting-r-mx3-tl3000-mx-sahkomoottoripyora-2023\/#breadcrumb"},"inLanguage":"fi","potentialAction":[{"@type":"ReadAction","target":["https:\/\/www.xn--tuksimaailm-ffb.ee\/fi\/shop\/talaria-sting-r-mx3-tl3000-mx-sahkomoottoripyora-2023\/"]}]},{"@type":"ImageObject","inLanguage":"fi","@id":"https:\/\/www.xn--tuksimaailm-ffb.ee\/fi\/shop\/talaria-sting-r-mx3-tl3000-mx-sahkomoottoripyora-2023\/#primaryimage","url":"https:\/\/www.xn--tuksimaailm-ffb.ee\/wp-content\/uploads\/2023\/07\/sting-1-jpg.webp","contentUrl":"https:\/\/www.xn--tuksimaailm-ffb.ee\/wp-content\/uploads\/2023\/07\/sting-1-jpg.webp","width":771,"height":559,"caption":"talaria sting"},{"@type":"BreadcrumbList","@id":"https:\/\/www.xn--tuksimaailm-ffb.ee\/fi\/shop\/talaria-sting-r-mx3-tl3000-mx-sahkomoottoripyora-2023\/#breadcrumb","itemListElement":[{"@type":"ListItem","position":1,"name":"Home","item":"https:\/\/www.xn--tuksimaailm-ffb.ee\/fi\/kotisivu\/"},{"@type":"ListItem","position":2,"name":"Kauppa","item":"https:\/\/www.xn--tuksimaailm-ffb.ee\/elektritoukerataste-pood\/"},{"@type":"ListItem","position":3,"name":"Talaria Sting R MX3 TL3000 MX s\u00e4hk\u00f6moottoripy\u00f6r\u00e4"}]},{"@type":"WebSite","@id":"https:\/\/www.xn--tuksimaailm-ffb.ee\/fi\/#website","url":"https:\/\/www.xn--tuksimaailm-ffb.ee\/fi\/","name":"T\u00f5uksimaailm","description":"Elektrit\u00f5ukerataste m\u00fc\u00fck, remont ja rent","publisher":{"@id":"https:\/\/www.xn--tuksimaailm-ffb.ee\/fi\/#organization"},"potentialAction":[{"@type":"SearchAction","target":{"@type":"EntryPoint","urlTemplate":"https:\/\/www.xn--tuksimaailm-ffb.ee\/fi\/?s={search_term_string}"},"query-input":{"@type":"PropertyValueSpecification","valueRequired":true,"valueName":"search_term_string"}}],"inLanguage":"fi"},{"@type":"Organization","@id":"https:\/\/www.xn--tuksimaailm-ffb.ee\/fi\/#organization","name":"T\u00f5uksimaailm","url":"https:\/\/www.xn--tuksimaailm-ffb.ee\/fi\/","logo":{"@type":"ImageObject","inLanguage":"fi","@id":"https:\/\/www.xn--tuksimaailm-ffb.ee\/fi\/#\/schema\/logo\/image\/","url":"https:\/\/www.xn--tuksimaailm-ffb.ee\/wp-content\/uploads\/2020\/01\/logoz-e1579792875517.png","contentUrl":"https:\/\/www.xn--tuksimaailm-ffb.ee\/wp-content\/uploads\/2020\/01\/logoz-e1579792875517.png","width":250,"height":250,"caption":"T\u00f5uksimaailm"},"image":{"@id":"https:\/\/www.xn--tuksimaailm-ffb.ee\/fi\/#\/schema\/logo\/image\/"},"sameAs":["https:\/\/www.facebook.com\/touksimaailm\/","https:\/\/www.instagram.com\/touksimaailm_\/","https:\/\/www.youtube.com\/channel\/UC18ml0EKIDLP1xGuQjFzcXQ"]}]},"product_price_amount":"4599.00","product_price_currency":"EUR","og_availability":"out of stock","product_availability":"out of stock","product_retailer_item_id":"TALARIA-STING-TL3000MX-1","product_condition":"new"},"jetpack_sharing_enabled":true,"_links":{"self":[{"href":"https:\/\/www.xn--tuksimaailm-ffb.ee\/fi\/wp-json\/wp\/v2\/product\/40836","targetHints":{"allow":["GET"]}}],"collection":[{"href":"https:\/\/www.xn--tuksimaailm-ffb.ee\/fi\/wp-json\/wp\/v2\/product"}],"about":[{"href":"https:\/\/www.xn--tuksimaailm-ffb.ee\/fi\/wp-json\/wp\/v2\/types\/product"}],"wp:featuredmedia":[{"embeddable":true,"href":"https:\/\/www.xn--tuksimaailm-ffb.ee\/fi\/wp-json\/wp\/v2\/media\/37693"}],"wp:attachment":[{"href":"https:\/\/www.xn--tuksimaailm-ffb.ee\/fi\/wp-json\/wp\/v2\/media?parent=40836"}],"wp:term":[{"taxonomy":"product_brand","embeddable":true,"href":"https:\/\/www.xn--tuksimaailm-ffb.ee\/fi\/wp-json\/wp\/v2\/product_brand?post=40836"},{"taxonomy":"product_cat","embeddable":true,"href":"https:\/\/www.xn--tuksimaailm-ffb.ee\/fi\/wp-json\/wp\/v2\/product_cat?post=40836"},{"taxonomy":"product_tag","embeddable":true,"href":"https:\/\/www.xn--tuksimaailm-ffb.ee\/fi\/wp-json\/wp\/v2\/product_tag?post=40836"},{"taxonomy":"filter_elektritoukeratas","embeddable":true,"href":"https:\/\/www.xn--tuksimaailm-ffb.ee\/fi\/wp-json\/wp\/v2\/filter_elektritoukeratas?post=40836"}],"curies":[{"name":"wp","href":"https:\/\/api.w.org\/{rel}","templated":true}]}}