{"id":40837,"date":"2023-07-03T17:23:32","date_gmt":"2023-07-03T14:23:32","guid":{"rendered":"http:\/\/www.xn--tuksimaailm-ffb.ee\/shop\/talaria-xxx-tl2500-l1e-sahkomopedi\/"},"modified":"2024-11-29T15:53:19","modified_gmt":"2024-11-29T12:53:19","slug":"talaria-xxx-tl2500-l1e-sahkomopedi","status":"publish","type":"product","link":"https:\/\/www.xn--tuksimaailm-ffb.ee\/fi\/shop\/talaria-xxx-tl2500-l1e-sahkomopedi\/","title":{"rendered":"Talaria XXX TL2500 L1E s\u00e4hk\u00f6mopedi 2023"},"content":{"rendered":"<h2 style=\"text-align: center;\">TALARIA XXX TL2500 L1E KATU-OIKEUTETTU S\u00c4HK\u00d6INEN CROSS-MOOTTORIPY\u00d6R\u00c4 (2023 MALLI)<\/h2>\n<p>Talaria XXX TL2500 L1E on huippuluokan s\u00e4hk\u00f6inen cross-moottoripy\u00f6r\u00e4, joka on suunniteltu seikkailunhaluisille ihmisille, jotka haluavat vain parasta. Talaria-s\u00e4hk\u00f6mopossa yhdistyv\u00e4t moderni teknologia ja tyylik\u00e4s muotoilu, mik\u00e4 tekee siit\u00e4 ihanteellisen ajoneuvon niin kaupunkiliikenteen ty\u00f6matkalaisille kuin maastoharrastajillekin, olipa kyse sitten raskaasta kaupunkiliikenteest\u00e4 tai karuista mets\u00e4poluista, t\u00e4m\u00e4 py\u00f6r\u00e4 on suunniteltu tarjoamaan erinomaista suorituskyky\u00e4, mukavuutta ja luotettavuutta. Tehokkaalla 3000 W:n moottorilla varustettu Talaria tarjoaa vaikuttavan v\u00e4\u00e4nt\u00f6momentin, jonka ansiosta py\u00f6r\u00e4 saavuttaa erinomaisen huippunopeuden, jopa 45 km\/h, joten se soveltuu sek\u00e4 kaupunki- ett\u00e4 maastoajoon. Talaria XXX L1E -s\u00e4hk\u00f6mopo on varustettu suurikapasiteettisella 60V\/40Ah litiumioniakulla, ja se pystyy kulkemaan jopa 70 km yhdell\u00e4 latauksella, joten sill\u00e4 voi kulkea pitki\u00e4 matkoja ilman usein toistuvaa latausta, ja t\u00e4ysi lataus kest\u00e4\u00e4 vain 4-5 tuntia, mik\u00e4 tekee siit\u00e4 erityisen k\u00e4tev\u00e4n p\u00e4ivitt\u00e4isille ajajille, jotka tarvitsevat nopean latauksen. Lis\u00e4ksi py\u00f6r\u00e4ss\u00e4 on regeneratiivinen jarrutustekniikka, joka auttaa s\u00e4\u00e4st\u00e4m\u00e4\u00e4n energiaa ja pident\u00e4m\u00e4\u00e4n akun k\u00e4ytt\u00f6ik\u00e4\u00e4, jolloin saat jokaisesta ajokerrasta kaiken irti.<\/p>\n<p>Talaria XXX TL2500 L1E on muotoilultaan sek\u00e4 tyylik\u00e4s ett\u00e4 k\u00e4yt\u00e4nn\u00f6llinen. Sen kevyt mutta tukeva runko on valmistettu korkealaatuisesta alumiiniseoksesta, joka takaa erinomaisen kest\u00e4vyyden kovimmissakin olosuhteissa. Talaria on varustettu vankalla jousitusj\u00e4rjestelm\u00e4ll\u00e4, joka takaa tasaisen ja mukavan ajon my\u00f6s ep\u00e4tasaisilla ja haastavilla teill\u00e4. 17-tuumaiset renkaat tarjoavat erinomaisen pidon ja vakauden. Talaria on varustettu etu- ja takalevyjarruilla, jotka takaavat luotettavan ja tasaisen jarrutuksen kaikissa olosuhteissa. Py\u00f6r\u00e4ss\u00e4 on LED-valot edess\u00e4 ja takana, mik\u00e4 parantaa n\u00e4kyvyytt\u00e4 ja tekee ajamisesta turvallista h\u00e4m\u00e4r\u00e4ss\u00e4. Talaria XXX TL2500 L1E -s\u00e4hk\u00f6potkulauta on monipuolinen s\u00e4hk\u00f6potkulauta, jossa yhdistyv\u00e4t tehokas suorituskyky, ymp\u00e4rist\u00f6yst\u00e4v\u00e4llinen teknologia ja moderni muotoilu. Olipa kyseess\u00e4 p\u00e4ivitt\u00e4inen ajelu kaupungilla tai viikonloppuseikkailu, Talaria tarjoaa joka kerta poikkeuksellisen kokemuksen.<\/p>\n<p><iframe title=\"TALARIA XXX - THE BEST $3000 E-BIKE EVER @LunaCyclesLLC @masonjagat\" width=\"1082\" height=\"609\" src=\"https:\/\/www.youtube.com\/embed\/hGglH752moU?feature=oembed\" frameborder=\"0\" allow=\"accelerometer; autoplay; clipboard-write; encrypted-media; gyroscope; picture-in-picture; web-share\" referrerpolicy=\"strict-origin-when-cross-origin\" allowfullscreen><\/iframe><\/p>\n<h2 style=\"text-align: center;\">TURVALLISUUS<\/h2>\n<p style=\"caret-color: #000000; color: #000000;\">S\u00e4hk\u00f6moottoripy\u00f6r\u00e4ll\u00e4 ajaminen ja ajaminen on mahdollisesti vaarallista itsellesi ja muille. Kaikkien on pakko k\u00e4ytt\u00e4\u00e4\u00a0<a href=\"http:\/\/www.xn--tuksimaailm-ffb.ee\/shop\/elektrilise-toukeratta-kiiver-led-tagatulega-smart-4u\/\">kyp\u00e4r\u00e4\u00e4<\/a>\u00a0ajaessaan s\u00e4hk\u00f6moottoripy\u00f6r\u00e4ll\u00e4. Kaikki s\u00e4hk\u00f6skootterit l\u00f6ytyv\u00e4t\u00a0<a href=\"http:\/\/www.xn--tuksimaailm-ffb.ee\/tootekategooria\/elektriroller\/\">t\u00e4\u00e4lt\u00e4<\/a>.<\/p>\n<p style=\"caret-color: #000000; color: #000000;\"><strong>Kun ostat<\/strong>\u00a0<strong>s\u00e4hk\u00f6moottoripy\u00f6r\u00e4n liikkeest\u00e4mme, sinulla on mahdollisuus saada kaikki\u00a0<\/strong><a href=\"http:\/\/www.xn--tuksimaailm-ffb.ee\/tootekategooria\/lisavarustus\/\"><strong>lis\u00e4varusteet<\/strong><\/a><strong>\u00a0-20% alennuksella!<\/strong><\/p>\n<table class=\"tg\" style=\"max-width: 600px; margin-right: auto; margin-bottom: 0px; margin-left: auto; width: 82.60849571109986%; height: 406px;\">\n<tbody>\n<tr style=\"height: 27px;\">\n<td style=\"font-size: 14px; padding: 5px; border-style: solid; background-color: #e4e1e1; color: #333333; font-weight: bold; overflow: hidden; text-align: center; vertical-align: top; word-break: normal; height: 27px; width: 99.7886%;\" colspan=\"2\">Tekniset tiedot<\/td>\n<\/tr>\n<tr style=\"height: 27px;\">\n<td style=\"font-size: 14px; padding: 5px; border-style: solid; background-color: #e4e1e1; color: #333333; font-weight: bold; overflow: hidden; text-align: right; vertical-align: top; word-break: normal; height: 27px; width: 53.9112%;\">Malli<\/td>\n<td style=\"font-size: 14px; padding: 5px; border-style: solid; overflow: hidden; text-align: center; vertical-align: top; word-break: normal; height: 27px; width: 45.8774%;\">Talaria XXX TL2500 L1E 2023<\/td>\n<\/tr>\n<tr style=\"height: 27px;\">\n<td style=\"font-size: 14px; padding: 5px; border-style: solid; background-color: #e4e1e1; color: #333333; font-weight: bold; overflow: hidden; text-align: right; vertical-align: top; word-break: normal; height: 27px; width: 53.9112%;\">Akku<\/td>\n<td style=\"font-size: 14px; padding: 5px; border-style: solid; overflow: hidden; text-align: center; vertical-align: top; word-break: normal; height: 27px; width: 45.8774%;\">60V \/ 25Ah (1500Wh)\u00a0<\/td>\n<\/tr>\n<tr style=\"height: 27px;\">\n<td style=\"font-size: 14px; padding: 5px; border-style: solid; background-color: #e4e1e1; color: #333333; font-weight: bold; overflow: hidden; text-align: right; vertical-align: top; word-break: normal; height: 27px; width: 53.9112%;\">Latausaika<\/td>\n<td style=\"font-size: 14px; padding: 5px; border-style: solid; overflow: hidden; text-align: center; vertical-align: top; word-break: normal; height: 27px; width: 45.8774%;\">4h<\/td>\n<\/tr>\n<tr style=\"height: 27px;\">\n<td style=\"font-size: 14px; padding: 5px; border-style: solid; background-color: #e4e1e1; color: #333333; font-weight: bold; overflow: hidden; text-align: right; vertical-align: top; word-break: normal; height: 27px; width: 53.9112%;\">Moottorin teho<\/td>\n<td style=\"font-size: 14px; padding: 5px; border-style: solid; overflow: hidden; text-align: center; vertical-align: top; word-break: normal; height: 27px; width: 45.8774%;\">3000W<\/td>\n<\/tr>\n<tr style=\"height: 55px;\">\n<td style=\"font-size: 14px; padding: 5px; border-style: solid; background-color: #e4e1e1; color: #333333; font-weight: bold; overflow: hidden; text-align: right; vertical-align: top; word-break: normal; height: 55px; width: 53.9112%;\">Ajomatka (valmistajan m\u00e4\u00e4rittely)<\/td>\n<td style=\"font-size: 14px; padding: 5px; border-style: solid; overflow: hidden; text-align: center; vertical-align: top; word-break: normal; height: 55px; width: 45.8774%;\">60-70km<\/td>\n<\/tr>\n<tr style=\"height: 27px;\">\n<td style=\"font-size: 14px; padding: 5px; border-style: solid; background-color: #e4e1e1; color: #333333; font-weight: bold; overflow: hidden; text-align: right; vertical-align: top; word-break: normal; height: 27px; width: 53.9112%;\">Etujarru<\/td>\n<td style=\"font-size: 14px; padding: 5px; border-style: solid; overflow: hidden; text-align: center; vertical-align: top; word-break: normal; height: 27px; width: 45.8774%;\">hydraulinen levyjarruj\u00e4rjestelm\u00e4<\/td>\n<\/tr>\n<tr style=\"height: 27px;\">\n<td style=\"font-size: 14px; padding: 5px; border-style: solid; background-color: #e4e1e1; color: #333333; font-weight: bold; overflow: hidden; text-align: right; vertical-align: top; word-break: normal; height: 27px; width: 53.9112%;\">Takajarru<\/td>\n<td style=\"font-size: 14px; padding: 5px; border-style: solid; overflow: hidden; text-align: center; vertical-align: top; word-break: normal; height: 27px; width: 45.8774%;\">hydraulinen levyjarruj\u00e4rjestelm\u00e4<\/td>\n<\/tr>\n<tr style=\"height: 27px;\">\n<td style=\"font-size: 14px; padding: 5px; border-style: solid; background-color: #e4e1e1; color: #333333; font-weight: bold; overflow: hidden; text-align: right; vertical-align: top; word-break: normal; height: 27px; width: 53.9112%;\">Painorajoitus<\/td>\n<td style=\"font-size: 14px; padding: 5px; border-style: solid; overflow: hidden; text-align: center; vertical-align: top; word-break: normal; height: 27px; width: 45.8774%;\">120kg<\/td>\n<\/tr>\n<tr style=\"height: 27px;\">\n<td style=\"font-size: 14px; padding: 5px; border-style: solid; background-color: #e4e1e1; color: #333333; font-weight: bold; overflow: hidden; text-align: right; vertical-align: top; word-break: normal; height: 27px; width: 53.9112%;\">Valmistusnopeus<\/td>\n<td style=\"font-size: 14px; padding: 5px; border-style: solid; overflow: hidden; text-align: center; vertical-align: top; word-break: normal; height: 27px; width: 45.8774%;\">45km\/h<\/td>\n<\/tr>\n<tr style=\"height: 27px;\">\n<td style=\"font-size: 14px; padding: 5px; border-style: solid; background-color: #e4e1e1; color: #333333; font-weight: bold; overflow: hidden; text-align: right; vertical-align: top; word-break: normal; height: 27px; width: 53.9112%;\">Paino<\/td>\n<td style=\"font-size: 14px; padding: 5px; border-style: solid; overflow: hidden; text-align: center; vertical-align: top; word-break: normal; height: 27px; width: 45.8774%;\">55kg<\/td>\n<\/tr>\n<tr style=\"height: 27px;\">\n<td style=\"font-size: 14px; padding: 5px 5px 5px 125px; border-style: solid; background-color: #e4e1e1; color: #333333; font-weight: bold; overflow: hidden; vertical-align: top; word-break: normal; height: 27px; text-align: right; width: 53.9112%;\">Moottorisoitu py\u00f6r\u00e4<\/td>\n<td style=\"font-size: 14px; padding: 5px; border-style: solid; overflow: hidden; text-align: center; vertical-align: top; word-break: normal; height: 27px; width: 45.8774%;\">taka<\/td>\n<\/tr>\n<tr style=\"height: 27px;\">\n<td style=\"font-size: 14px; padding: 5px; border-style: solid; background-color: #e4e1e1; color: #333333; font-weight: bold; overflow: hidden; text-align: right; vertical-align: top; word-break: normal; height: 27px; width: 53.9112%;\">Renkaat<\/td>\n<td style=\"font-size: 14px; padding: 5px; border-style: solid; overflow: hidden; text-align: center; vertical-align: top; word-break: normal; height: 27px; width: 45.8774%;\">Eturengas 70\/90-17, tagarengas 80\/90-17<\/td>\n<\/tr>\n<tr style=\"height: 27px;\">\n<td style=\"font-size: 14px; padding: 5px; border-style: solid; background-color: #e4e1e1; color: #333333; font-weight: bold; overflow: hidden; text-align: right; vertical-align: top; word-break: normal; height: 27px; width: 53.9112%;\">Tien enimm\u00e4iskaltevuus<\/td>\n<td style=\"font-size: 14px; padding: 5px; border-style: solid; overflow: hidden; text-align: center; vertical-align: top; word-break: normal; height: 27px; width: 45.8774%;\">45%<\/td>\n<\/tr>\n<\/tbody>\n<\/table>\n","protected":false},"excerpt":{"rendered":"<p style=\"caret-color: #000000; color: #000000;\"><a href=\"http:\/\/www.xn--tuksimaailm-ffb.ee\/kontakt\/\"><strong>TULE KOEAJOLLE!<\/strong><\/a>\u00a0<strong>Talaria XXX TL2500 L1E -s\u00e4hk\u00f6potkulauta on n\u00e4ht\u00e4vill\u00e4, koeajettavissa ja\u00a0<\/strong><a href=\"http:\/\/www.xn--tuksimaailm-ffb.ee\/rent\/mudelid\/?view=cardetails&amp;carid=5\"><strong>vuokrattavissa <\/strong><\/a><strong>Tallinnan T\u00f6stuse 47a -toimipisteess\u00e4mme .<\/strong><\/p>\n<p><a href=\"http:\/\/www.xn--tuksimaailm-ffb.ee\/kontakt\/\"><strong>L\u00f6ysitk\u00f6 paremman hinnan? Kirjoita meille, niin teemme sinulle paremman tarjouksen!<\/strong><\/a><\/p>\n<p><strong>Kaikki <a href=\"http:\/\/www.xn--tuksimaailm-ffb.ee\/tootekategooria\/lisavarustus\/\">lis\u00e4varusteet<\/a> ja\u00a0<a href=\"http:\/\/www.xn--tuksimaailm-ffb.ee\/tootekategooria\/elektritoukeratta-varuosad\/\">varaosat ovat<\/a> -20%, kun ne ostetaan s\u00e4hk\u00f6mopon kanssa. Alennus otetaan automaattisesti k\u00e4ytt\u00f6\u00f6n, kun lis\u00e4\u00e4t tuotteen ostoskoriin!<\/strong><\/p>\n<p><em><strong>Toimitusaika: 1-5tp<\/p>\n<p><\/strong><\/em><\/p>\n","protected":false},"featured_media":37798,"template":"","meta":[],"product_brand":[],"product_cat":[1906,1905],"product_tag":[],"filter_elektritoukeratas":[],"class_list":{"0":"post-40837","1":"product","2":"type-product","3":"status-publish","4":"has-post-thumbnail","6":"product_cat-sahkomoottoripyora","7":"product_cat-sahkomopo","8":"product_shipping_class-keskmine-pakk-fi","9":"pa_aku-mahutavus-wh-1500-fi","10":"pa_kaal-kg-55-fi","11":"pa_kandevoime-kg-120-fi","12":"pa_mootorite-arv-uhe-mootoriga-fi","13":"pa_piiramata-tippkiirus-kmh-45-fi","14":"pa_tootetuup-sahkomopo","15":"pa_valmistaja-talaria-fi","16":"pa_voimsus-w-3000-fi","18":"first","19":"outofstock","20":"taxable","21":"shipping-taxable","22":"purchasable","23":"product-type-simple"},"yoast_head":"<!-- This site is optimized with the Yoast SEO Premium plugin v26.8 (Yoast SEO v27.5) - https:\/\/yoast.com\/product\/yoast-seo-premium-wordpress\/ -->\n<title>Talaria XXX TL2500 L1E s\u00e4hk\u00f6mopedi 2023 | T\u00f5uksimaailm<\/title>\n<meta name=\"description\" content=\"Talaria tuntud t\u00e4navalegaalsed elektrimopeedid \/ elektrirollerid. V\u00f5imas ja erakordselt silmapaistva disainiga Talaria XXX TL2500 L1E elektrimopeed.\" \/>\n<meta name=\"robots\" content=\"index, follow, max-snippet:-1, max-image-preview:large, max-video-preview:-1\" \/>\n<link rel=\"canonical\" href=\"https:\/\/www.xn--tuksimaailm-ffb.ee\/fi\/shop\/talaria-xxx-tl2500-l1e-sahkomopedi\/\" \/>\n<meta property=\"og:locale\" content=\"fi_FI\" \/>\n<meta property=\"og:type\" content=\"article\" \/>\n<meta property=\"og:title\" content=\"Talaria XXX TL2500 L1E s\u00e4hk\u00f6mopedi 2023\" \/>\n<meta property=\"og:description\" content=\"Talaria tuntud t\u00e4navalegaalsed elektrimopeedid \/ elektrirollerid. V\u00f5imas ja erakordselt silmapaistva disainiga Talaria XXX TL2500 L1E elektrimopeed.\" \/>\n<meta property=\"og:url\" content=\"https:\/\/www.xn--tuksimaailm-ffb.ee\/fi\/shop\/talaria-xxx-tl2500-l1e-sahkomopedi\/\" \/>\n<meta property=\"og:site_name\" content=\"T\u00f5uksimaailm\" \/>\n<meta property=\"article:publisher\" content=\"https:\/\/www.facebook.com\/touksimaailm\/\" \/>\n<meta property=\"article:modified_time\" content=\"2024-11-29T12:53:19+00:00\" \/>\n<meta property=\"og:image\" content=\"https:\/\/www.xn--tuksimaailm-ffb.ee\/wp-content\/uploads\/2023\/07\/l1e_1-removebg-preview.png\" \/>\n\t<meta property=\"og:image:width\" content=\"500\" \/>\n\t<meta property=\"og:image:height\" content=\"499\" \/>\n\t<meta property=\"og:image:type\" content=\"image\/png\" \/>\n<meta name=\"twitter:card\" content=\"summary_large_image\" \/>\n<meta name=\"twitter:label1\" content=\"Hinta\" \/>\n\t<meta name=\"twitter:data1\" content=\"&euro;4,371.00\" \/>\n\t<meta name=\"twitter:label2\" content=\"Saatavuus\" \/>\n\t<meta name=\"twitter:data2\" content=\"Loppu varastosta\" \/>\n<meta property=\"product:price:amount\" content=\"4371.00\" \/>\n<meta property=\"product:price:currency\" content=\"EUR\" \/>\n<meta property=\"og:availability\" content=\"out of stock\" \/>\n<meta property=\"product:availability\" content=\"out of stock\" \/>\n<meta property=\"product:retailer_item_id\" content=\"TALARIA-XXX-L1E-1\" \/>\n<meta property=\"product:condition\" content=\"new\" \/>\n<!-- \/ Yoast SEO Premium plugin. -->","yoast_head_json":{"title":"Talaria XXX TL2500 L1E s\u00e4hk\u00f6mopedi 2023 | T\u00f5uksimaailm","description":"Talaria tuntud t\u00e4navalegaalsed elektrimopeedid \/ elektrirollerid. V\u00f5imas ja erakordselt silmapaistva disainiga Talaria XXX TL2500 L1E elektrimopeed.","robots":{"index":"index","follow":"follow","max-snippet":"max-snippet:-1","max-image-preview":"max-image-preview:large","max-video-preview":"max-video-preview:-1"},"canonical":"https:\/\/www.xn--tuksimaailm-ffb.ee\/fi\/shop\/talaria-xxx-tl2500-l1e-sahkomopedi\/","og_locale":"fi_FI","og_type":"article","og_title":"Talaria XXX TL2500 L1E s\u00e4hk\u00f6mopedi 2023","og_description":"Talaria tuntud t\u00e4navalegaalsed elektrimopeedid \/ elektrirollerid. V\u00f5imas ja erakordselt silmapaistva disainiga Talaria XXX TL2500 L1E elektrimopeed.","og_url":"https:\/\/www.xn--tuksimaailm-ffb.ee\/fi\/shop\/talaria-xxx-tl2500-l1e-sahkomopedi\/","og_site_name":"T\u00f5uksimaailm","article_publisher":"https:\/\/www.facebook.com\/touksimaailm\/","article_modified_time":"2024-11-29T12:53:19+00:00","og_image":[{"width":500,"height":499,"url":"https:\/\/www.xn--tuksimaailm-ffb.ee\/wp-content\/uploads\/2023\/07\/l1e_1-removebg-preview.png","type":"image\/png"}],"twitter_card":"summary_large_image","twitter_misc":{"Hinta":"&euro;4,371.00","Saatavuus":"Loppu varastosta"},"schema":{"@context":"https:\/\/schema.org","@graph":[{"@type":"WebPage","@id":"https:\/\/www.xn--tuksimaailm-ffb.ee\/fi\/shop\/talaria-xxx-tl2500-l1e-sahkomopedi\/","url":"https:\/\/www.xn--tuksimaailm-ffb.ee\/fi\/shop\/talaria-xxx-tl2500-l1e-sahkomopedi\/","name":"Talaria XXX TL2500 L1E s\u00e4hk\u00f6mopedi 2023 | T\u00f5uksimaailm","isPartOf":{"@id":"https:\/\/www.xn--tuksimaailm-ffb.ee\/fi\/#website"},"primaryImageOfPage":{"@id":"https:\/\/www.xn--tuksimaailm-ffb.ee\/fi\/shop\/talaria-xxx-tl2500-l1e-sahkomopedi\/#primaryimage"},"image":{"@id":"https:\/\/www.xn--tuksimaailm-ffb.ee\/fi\/shop\/talaria-xxx-tl2500-l1e-sahkomopedi\/#primaryimage"},"thumbnailUrl":"https:\/\/www.xn--tuksimaailm-ffb.ee\/wp-content\/uploads\/2023\/07\/l1e_1-removebg-preview.png","datePublished":"2023-07-03T14:23:32+00:00","dateModified":"2024-11-29T12:53:19+00:00","description":"Talaria tuntud t\u00e4navalegaalsed elektrimopeedid \/ elektrirollerid. V\u00f5imas ja erakordselt silmapaistva disainiga Talaria XXX TL2500 L1E elektrimopeed.","breadcrumb":{"@id":"https:\/\/www.xn--tuksimaailm-ffb.ee\/fi\/shop\/talaria-xxx-tl2500-l1e-sahkomopedi\/#breadcrumb"},"inLanguage":"fi","potentialAction":[{"@type":"ReadAction","target":["https:\/\/www.xn--tuksimaailm-ffb.ee\/fi\/shop\/talaria-xxx-tl2500-l1e-sahkomopedi\/"]}]},{"@type":"ImageObject","inLanguage":"fi","@id":"https:\/\/www.xn--tuksimaailm-ffb.ee\/fi\/shop\/talaria-xxx-tl2500-l1e-sahkomopedi\/#primaryimage","url":"https:\/\/www.xn--tuksimaailm-ffb.ee\/wp-content\/uploads\/2023\/07\/l1e_1-removebg-preview.png","contentUrl":"https:\/\/www.xn--tuksimaailm-ffb.ee\/wp-content\/uploads\/2023\/07\/l1e_1-removebg-preview.png","width":500,"height":499,"caption":"talaria xxx tl2500l1e l1e t\u00e4navalegaalne krossitsikkel elektriline mootorratas elektrimootorratas 1 elektrimopeed elektriroller 18 1"},{"@type":"BreadcrumbList","@id":"https:\/\/www.xn--tuksimaailm-ffb.ee\/fi\/shop\/talaria-xxx-tl2500-l1e-sahkomopedi\/#breadcrumb","itemListElement":[{"@type":"ListItem","position":1,"name":"Home","item":"https:\/\/www.xn--tuksimaailm-ffb.ee\/fi\/kotisivu\/"},{"@type":"ListItem","position":2,"name":"Kauppa","item":"https:\/\/www.xn--tuksimaailm-ffb.ee\/elektritoukerataste-pood\/"},{"@type":"ListItem","position":3,"name":"Talaria XXX TL2500 L1E s\u00e4hk\u00f6mopedi 2023"}]},{"@type":"WebSite","@id":"https:\/\/www.xn--tuksimaailm-ffb.ee\/fi\/#website","url":"https:\/\/www.xn--tuksimaailm-ffb.ee\/fi\/","name":"T\u00f5uksimaailm","description":"Elektrit\u00f5ukerataste m\u00fc\u00fck, remont ja rent","publisher":{"@id":"https:\/\/www.xn--tuksimaailm-ffb.ee\/fi\/#organization"},"potentialAction":[{"@type":"SearchAction","target":{"@type":"EntryPoint","urlTemplate":"https:\/\/www.xn--tuksimaailm-ffb.ee\/fi\/?s={search_term_string}"},"query-input":{"@type":"PropertyValueSpecification","valueRequired":true,"valueName":"search_term_string"}}],"inLanguage":"fi"},{"@type":"Organization","@id":"https:\/\/www.xn--tuksimaailm-ffb.ee\/fi\/#organization","name":"T\u00f5uksimaailm","url":"https:\/\/www.xn--tuksimaailm-ffb.ee\/fi\/","logo":{"@type":"ImageObject","inLanguage":"fi","@id":"https:\/\/www.xn--tuksimaailm-ffb.ee\/fi\/#\/schema\/logo\/image\/","url":"https:\/\/www.xn--tuksimaailm-ffb.ee\/wp-content\/uploads\/2020\/01\/logoz-e1579792875517.png","contentUrl":"https:\/\/www.xn--tuksimaailm-ffb.ee\/wp-content\/uploads\/2020\/01\/logoz-e1579792875517.png","width":250,"height":250,"caption":"T\u00f5uksimaailm"},"image":{"@id":"https:\/\/www.xn--tuksimaailm-ffb.ee\/fi\/#\/schema\/logo\/image\/"},"sameAs":["https:\/\/www.facebook.com\/touksimaailm\/","https:\/\/www.instagram.com\/touksimaailm_\/","https:\/\/www.youtube.com\/channel\/UC18ml0EKIDLP1xGuQjFzcXQ"]}]},"product_price_amount":"4371.00","product_price_currency":"EUR","og_availability":"out of stock","product_availability":"out of stock","product_retailer_item_id":"TALARIA-XXX-L1E-1","product_condition":"new"},"jetpack_sharing_enabled":true,"_links":{"self":[{"href":"https:\/\/www.xn--tuksimaailm-ffb.ee\/fi\/wp-json\/wp\/v2\/product\/40837","targetHints":{"allow":["GET"]}}],"collection":[{"href":"https:\/\/www.xn--tuksimaailm-ffb.ee\/fi\/wp-json\/wp\/v2\/product"}],"about":[{"href":"https:\/\/www.xn--tuksimaailm-ffb.ee\/fi\/wp-json\/wp\/v2\/types\/product"}],"wp:featuredmedia":[{"embeddable":true,"href":"https:\/\/www.xn--tuksimaailm-ffb.ee\/fi\/wp-json\/wp\/v2\/media\/37798"}],"wp:attachment":[{"href":"https:\/\/www.xn--tuksimaailm-ffb.ee\/fi\/wp-json\/wp\/v2\/media?parent=40837"}],"wp:term":[{"taxonomy":"product_brand","embeddable":true,"href":"https:\/\/www.xn--tuksimaailm-ffb.ee\/fi\/wp-json\/wp\/v2\/product_brand?post=40837"},{"taxonomy":"product_cat","embeddable":true,"href":"https:\/\/www.xn--tuksimaailm-ffb.ee\/fi\/wp-json\/wp\/v2\/product_cat?post=40837"},{"taxonomy":"product_tag","embeddable":true,"href":"https:\/\/www.xn--tuksimaailm-ffb.ee\/fi\/wp-json\/wp\/v2\/product_tag?post=40837"},{"taxonomy":"filter_elektritoukeratas","embeddable":true,"href":"https:\/\/www.xn--tuksimaailm-ffb.ee\/fi\/wp-json\/wp\/v2\/filter_elektritoukeratas?post=40837"}],"curies":[{"name":"wp","href":"https:\/\/api.w.org\/{rel}","templated":true}]}}