{"id":40839,"date":"2023-07-03T13:58:40","date_gmt":"2023-07-03T10:58:40","guid":{"rendered":"http:\/\/www.xn--tuksimaailm-ffb.ee\/shop\/talaria-xxx-tl2500mx-sahkomoottoripyora-2023\/"},"modified":"2024-11-29T16:57:47","modified_gmt":"2024-11-29T13:57:47","slug":"talaria-xxx-tl2500mx-sahkomoottoripyora-2023","status":"publish","type":"product","link":"https:\/\/www.xn--tuksimaailm-ffb.ee\/fi\/shop\/talaria-xxx-tl2500mx-sahkomoottoripyora-2023\/","title":{"rendered":"Talaria XXX TL2500 MX s\u00e4hk\u00f6moottoripy\u00f6r\u00e4 2023"},"content":{"rendered":"<p style=\"text-align: center;\"><span style=\"font-size: xx-large;\"><strong>TALARIA XXX TL2500 MX S\u00c4HK\u00d6INEN CROSS-MOOTTORIPY\u00d6R\u00c4 (2023 MALLI)<\/strong><\/span><\/p>\n<p>Talaria XXX TL2500 MX on huippuluokan s\u00e4hk\u00f6crosspy\u00f6r\u00e4, joka on suunniteltu kuljettajille, jotka etsiv\u00e4t erinomaista suorituskyky\u00e4, uusinta teknologiaa ja maastokelpoisuutta. T\u00e4ss\u00e4 py\u00f6r\u00e4ss\u00e4 yhdistyv\u00e4t tyylik\u00e4s ulkon\u00e4k\u00f6 ja luotettava toimivuus, ja se on suunniteltu ylitt\u00e4m\u00e4\u00e4n rajat maastossa. Olitpa sitten kokenut ajaja tai aloitteleva harrastaja, Talaria XXX tarjoaa j\u00e4nnitt\u00e4v\u00e4\u00e4 ja ymp\u00e4rist\u00f6yst\u00e4v\u00e4llist\u00e4 ajoa ilman kompromisseja. Talaria XXX:n ytimess\u00e4 on tehokas 5000 W:n s\u00e4hk\u00f6moottori, jonka ansiosta t\u00e4m\u00e4 s\u00e4hk\u00f6moottoripy\u00f6r\u00e4 saavuttaa jopa 78 km\/h:n huippunopeuden. Talaria XXX on j\u00e4nnitt\u00e4v\u00e4 ja j\u00e4nnitt\u00e4v\u00e4 kokemus kaikille ajajille. Talaria XXX -s\u00e4hk\u00f6moottoripy\u00f6r\u00e4 on ymp\u00e4rist\u00f6yst\u00e4v\u00e4llinen, sill\u00e4 sen p\u00e4\u00e4st\u00f6t ovat nolla ja yll\u00e4pitokustannukset alhaisemmat, mik\u00e4 tekee siit\u00e4 ihanteellisen valinnan nykyp\u00e4iv\u00e4n ajajalle, joka haluaa pienent\u00e4\u00e4 hiilijalanj\u00e4lke\u00e4\u00e4n nopeudesta ja suorituskyvyst\u00e4 tinkim\u00e4tt\u00e4.<\/p>\n<p>Talaria XXX TL2500 MX -s\u00e4hk\u00f6moottoripy\u00f6r\u00e4 on suunniteltu koviin olosuhteisiin, ja sen tukeva mutta kevyt runko on valmistettu kest\u00e4v\u00e4st\u00e4 alumiiniseoksesta, joka tarjoaa erinomaisen lujuuden ilman liiallista painoa, jolloin s\u00e4hk\u00f6moottoripy\u00f6r\u00e4\u00e4 voidaan k\u00e4sitell\u00e4 helposti ja tarkasti, jolloin kuljettaja saa t\u00e4ydellisen hallinnan my\u00f6s haastavimmissa tilanteissa. Talaria on varustettu pitk\u00e4ik\u00e4isell\u00e4 60V\/40Ah litiumioniakulla, joka mahdollistaa pidemm\u00e4t ajomatkat ja jopa 70 km:n toimintas\u00e4teen. Pikalatausominaisuus lyhent\u00e4\u00e4 latausaikaa, joten ajaja p\u00e4\u00e4see nopeammin takaisin liikenteeseen. \u00c4lyk\u00e4s akunhallintaj\u00e4rjestelm\u00e4 optimoi energiankulutuksen, mik\u00e4 takaa akun pidemm\u00e4n k\u00e4ytt\u00f6i\u00e4n ja tasaisen suorituskyvyn koko ajon ajan.<\/p>\n<p>Talaria XXX:n erinomainen ominaisuus on sen intuitiivinen ja k\u00e4ytt\u00e4j\u00e4yst\u00e4v\u00e4llinen ohjausj\u00e4rjestelm\u00e4. Digitaalinen n\u00e4ytt\u00f6 antaa reaaliaikaista tietoa nopeudesta, akun varaustilasta ja ajotilasta, joten voit s\u00e4\u00e4t\u00e4\u00e4 py\u00f6r\u00e4n suorituskyky\u00e4 reaaliaikaisesti taitotasosi tai maaston mukaan, olipa kyseess\u00e4 sitten rento tai adrenaliinipitoinen ajelu. Talaria XXX TL2500 MX on suunniteltu motocrossin harrastajille, jotka arvostavat luotettavuutta, suorituskyky\u00e4 ja ymp\u00e4rist\u00f6yst\u00e4v\u00e4llisi\u00e4 innovaatioita. Siin\u00e4 yhdistyv\u00e4t huipputeknologia ja vankka tekniikka, jotta maastokokemus on sek\u00e4 j\u00e4nnitt\u00e4v\u00e4 ett\u00e4 huoleton.<\/p>\n<p><iframe title=\"TALARIA XXX - THE BEST $3000 E-BIKE EVER @LunaCyclesLLC @masonjagat\" width=\"1082\" height=\"609\" src=\"https:\/\/www.youtube.com\/embed\/hGglH752moU?feature=oembed\" frameborder=\"0\" allow=\"accelerometer; autoplay; clipboard-write; encrypted-media; gyroscope; picture-in-picture; web-share\" referrerpolicy=\"strict-origin-when-cross-origin\" allowfullscreen><\/iframe><\/p>\n<h2 style=\"text-align: center;\">TURVALLISUUS<\/h2>\n<p style=\"caret-color: #000000; color: #000000;\">S\u00e4hk\u00f6moottoripy\u00f6r\u00e4ll\u00e4 ajaminen ja ajaminen on mahdollisesti vaarallista itsellesi ja muille. Kaikkien on pakko k\u00e4ytt\u00e4\u00e4\u00a0<a href=\"http:\/\/www.xn--tuksimaailm-ffb.ee\/shop\/elektrilise-toukeratta-kiiver-led-tagatulega-smart-4u\/\">kyp\u00e4r\u00e4\u00e4<\/a>\u00a0ajaessaan s\u00e4hk\u00f6moottoripy\u00f6r\u00e4ll\u00e4. Kaikki s\u00e4hk\u00f6skootterit l\u00f6ytyv\u00e4t\u00a0<a href=\"http:\/\/www.xn--tuksimaailm-ffb.ee\/tootekategooria\/elektriroller\/\">t\u00e4\u00e4lt\u00e4<\/a>.<\/p>\n<p style=\"caret-color: #000000; color: #000000;\"><strong>Kun ostat<\/strong>\u00a0<strong>s\u00e4hk\u00f6moottoripy\u00f6r\u00e4n liikkeest\u00e4mme, saat kaikki\u00a0<\/strong><a href=\"http:\/\/www.xn--tuksimaailm-ffb.ee\/tootekategooria\/lisavarustus\/\"><strong>lis\u00e4varusteet<\/strong><\/a><strong>\u00a0-20%!<\/strong><\/p>\n<table class=\"tg\" style=\"max-width: 600px; margin-right: auto; margin-bottom: 0px; margin-left: auto; width: 82.60849571109986%; height: 406px;\">\n<tbody>\n<tr style=\"height: 27px;\">\n<td style=\"font-size: 14px; padding: 5px; border-style: solid; background-color: #e4e1e1; color: #333333; font-weight: bold; overflow: hidden; text-align: center; vertical-align: top; word-break: normal; height: 27px;\" colspan=\"2\">Tekniset tiedot<\/td>\n<\/tr>\n<tr style=\"height: 27px;\">\n<td style=\"font-size: 14px; padding: 5px; border-style: solid; background-color: #e4e1e1; color: #333333; font-weight: bold; overflow: hidden; text-align: right; vertical-align: top; word-break: normal; height: 27px;\">Malli<\/td>\n<td style=\"font-size: 14px; padding: 5px; border-style: solid; overflow: hidden; text-align: center; vertical-align: top; word-break: normal; height: 27px;\">Talaria XXX TL2500 MX<\/td>\n<\/tr>\n<tr style=\"height: 27px;\">\n<td style=\"font-size: 14px; padding: 5px; border-style: solid; background-color: #e4e1e1; color: #333333; font-weight: bold; overflow: hidden; text-align: right; vertical-align: top; word-break: normal; height: 27px;\">Akku<\/td>\n<td style=\"font-size: 14px; padding: 5px; border-style: solid; overflow: hidden; text-align: center; vertical-align: top; word-break: normal; height: 27px;\">60V \/ 25Ah (1500Wh)\u00a0<\/td>\n<\/tr>\n<tr style=\"height: 27px;\">\n<td style=\"font-size: 14px; padding: 5px; border-style: solid; background-color: #e4e1e1; color: #333333; font-weight: bold; overflow: hidden; text-align: right; vertical-align: top; word-break: normal; height: 27px;\">Latausaika<\/td>\n<td style=\"font-size: 14px; padding: 5px; border-style: solid; overflow: hidden; text-align: center; vertical-align: top; word-break: normal; height: 27px;\">4h<\/td>\n<\/tr>\n<tr style=\"height: 27px;\">\n<td style=\"font-size: 14px; padding: 5px; border-style: solid; background-color: #e4e1e1; color: #333333; font-weight: bold; overflow: hidden; text-align: right; vertical-align: top; word-break: normal; height: 27px;\">Moottorin teho<\/td>\n<td style=\"font-size: 14px; padding: 5px; border-style: solid; overflow: hidden; text-align: center; vertical-align: top; word-break: normal; height: 27px;\">5000W<\/td>\n<\/tr>\n<tr style=\"height: 55px;\">\n<td style=\"font-size: 14px; padding: 5px; border-style: solid; background-color: #e4e1e1; color: #333333; font-weight: bold; overflow: hidden; text-align: right; vertical-align: top; word-break: normal; height: 55px;\">Ajomatka (valmistajan m\u00e4\u00e4rittely)<\/td>\n<td style=\"font-size: 14px; padding: 5px; border-style: solid; overflow: hidden; text-align: center; vertical-align: top; word-break: normal; height: 55px;\">60-70km<\/td>\n<\/tr>\n<tr style=\"height: 27px;\">\n<td style=\"font-size: 14px; padding: 5px; border-style: solid; background-color: #e4e1e1; color: #333333; font-weight: bold; overflow: hidden; text-align: right; vertical-align: top; word-break: normal; height: 27px;\">Etujarru<\/td>\n<td style=\"font-size: 14px; padding: 5px; border-style: solid; overflow: hidden; text-align: center; vertical-align: top; word-break: normal; height: 27px;\">hydraulinen levyjarruj\u00e4rjestelm\u00e4<\/td>\n<\/tr>\n<tr style=\"height: 27px;\">\n<td style=\"font-size: 14px; padding: 5px; border-style: solid; background-color: #e4e1e1; color: #333333; font-weight: bold; overflow: hidden; text-align: right; vertical-align: top; word-break: normal; height: 27px;\">Takajarru<\/td>\n<td style=\"font-size: 14px; padding: 5px; border-style: solid; overflow: hidden; text-align: center; vertical-align: top; word-break: normal; height: 27px;\">hydraulinen levyjarruj\u00e4rjestelm\u00e4<\/td>\n<\/tr>\n<tr style=\"height: 27px;\">\n<td style=\"font-size: 14px; padding: 5px; border-style: solid; background-color: #e4e1e1; color: #333333; font-weight: bold; overflow: hidden; text-align: right; vertical-align: top; word-break: normal; height: 27px;\">Kantavuus<\/td>\n<td style=\"font-size: 14px; padding: 5px; border-style: solid; overflow: hidden; text-align: center; vertical-align: top; word-break: normal; height: 27px;\">120kg<\/td>\n<\/tr>\n<tr style=\"height: 27px;\">\n<td style=\"font-size: 14px; padding: 5px; border-style: solid; background-color: #e4e1e1; color: #333333; font-weight: bold; overflow: hidden; text-align: right; vertical-align: top; word-break: normal; height: 27px;\">Valmistusnopeus<\/td>\n<td style=\"font-size: 14px; padding: 5px; border-style: solid; overflow: hidden; text-align: center; vertical-align: top; word-break: normal; height: 27px;\">78km\/h<\/td>\n<\/tr>\n<tr style=\"height: 27px;\">\n<td style=\"font-size: 14px; padding: 5px; border-style: solid; background-color: #e4e1e1; color: #333333; font-weight: bold; overflow: hidden; text-align: right; vertical-align: top; word-break: normal; height: 27px;\">Paino<\/td>\n<td style=\"font-size: 14px; padding: 5px; border-style: solid; overflow: hidden; text-align: center; vertical-align: top; word-break: normal; height: 27px;\">52kg<\/td>\n<\/tr>\n<tr style=\"height: 27px;\">\n<td style=\"font-size: 14px; padding: 5px 5px 5px 125px; border-style: solid; background-color: #e4e1e1; color: #333333; font-weight: bold; overflow: hidden; vertical-align: top; word-break: normal; height: 27px; text-align: right;\">Moottorisoitu py\u00f6r\u00e4<\/td>\n<td style=\"font-size: 14px; padding: 5px; border-style: solid; overflow: hidden; text-align: center; vertical-align: top; word-break: normal; height: 27px;\">\n<p>takapy\u00f6r\u00e4<\/p>\n<\/td>\n<\/tr>\n<tr style=\"height: 27px;\">\n<td style=\"font-size: 14px; padding: 5px; border-style: solid; background-color: #e4e1e1; color: #333333; font-weight: bold; overflow: hidden; text-align: right; vertical-align: top; word-break: normal; height: 27px;\">Renkaat<\/td>\n<td style=\"font-size: 14px; padding: 5px; border-style: solid; overflow: hidden; text-align: center; vertical-align: top; word-break: normal; height: 27px;\">Eturengas 70\/100-19, tagarengas 70\/100-17<\/td>\n<\/tr>\n<tr style=\"height: 27px;\">\n<td style=\"font-size: 14px; padding: 5px; border-style: solid; background-color: #e4e1e1; color: #333333; font-weight: bold; overflow: hidden; text-align: right; vertical-align: top; word-break: normal; height: 27px;\">Tien enimm\u00e4iskaltevuus<\/td>\n<td style=\"font-size: 14px; padding: 5px; border-style: solid; overflow: hidden; text-align: center; vertical-align: top; word-break: normal; height: 27px;\">45%<\/td>\n<\/tr>\n<\/tbody>\n<\/table>\n","protected":false},"excerpt":{"rendered":"<p><a href=\"http:\/\/www.xn--tuksimaailm-ffb.ee\/kontakt\/\"><strong>L\u00f6ysitk\u00f6 paremman hinnan? Kirjoita meille, niin teemme sinulle paremman tarjouksen!<\/strong><\/a><\/p>\n<p><strong>Kaikki\u00a0<a href=\"http:\/\/www.xn--tuksimaailm-ffb.ee\/tootekategooria\/lisavarustus\/\">lis\u00e4varusteet<\/a>\u00a0ja\u00a0<a href=\"http:\/\/www.xn--tuksimaailm-ffb.ee\/tootekategooria\/elektritoukeratta-varuosad\/\">varaosat<\/a> ovat -20%, kun ne ostetaan s\u00e4hk\u00f6mopedin kanssa. Alennus otetaan automaattisesti k\u00e4ytt\u00f6\u00f6n, kun lis\u00e4\u00e4t tuotteen ostoskoriin!<\/strong><\/p>\n<p><em><strong>Toimitusaika: 1-5tp<\/p>\n<p><\/strong><\/em><\/p>\n","protected":false},"featured_media":37475,"template":"","meta":[],"product_brand":[],"product_cat":[1906],"product_tag":[],"filter_elektritoukeratas":[],"class_list":{"0":"post-40839","1":"product","2":"type-product","3":"status-publish","4":"has-post-thumbnail","6":"product_cat-sahkomoottoripyora","7":"product_shipping_class-keskmine-pakk-fi","8":"pa_aku-mahutavus-wh-1500-fi","9":"pa_kaal-kg-52-fi","10":"pa_kandevoime-kg-120-fi","11":"pa_mootorite-arv-uhe-mootoriga-fi","12":"pa_piiramata-tippkiirus-kmh-78-fi","13":"pa_tootetuup-sahkomoottoripyora","14":"pa_valmistaja-talaria-fi","15":"pa_voimsus-w-5000-fi","17":"first","18":"outofstock","19":"taxable","20":"shipping-taxable","21":"purchasable","22":"product-type-simple"},"yoast_head":"<!-- This site is optimized with the Yoast SEO Premium plugin v26.8 (Yoast SEO v27.5) - https:\/\/yoast.com\/product\/yoast-seo-premium-wordpress\/ -->\n<title>Talaria XXX TL2500 MX s\u00e4hk\u00f6moottoripy\u00f6r\u00e4 2023 | T\u00f5uksimaailm<\/title>\n<meta name=\"description\" content=\"Futuristliku v\u00e4limusega Talaria elektrimootorrattad. Innovatiivne ja v\u00f5imas Talaria XXX TL2500 MX elektrimootorratas. Kiire elektriline krossimootorratas.\" \/>\n<meta name=\"robots\" content=\"index, follow, max-snippet:-1, max-image-preview:large, max-video-preview:-1\" \/>\n<link rel=\"canonical\" href=\"https:\/\/www.xn--tuksimaailm-ffb.ee\/fi\/shop\/talaria-xxx-tl2500mx-sahkomoottoripyora-2023\/\" \/>\n<meta property=\"og:locale\" content=\"fi_FI\" \/>\n<meta property=\"og:type\" content=\"article\" \/>\n<meta property=\"og:title\" content=\"Talaria XXX TL2500 MX s\u00e4hk\u00f6moottoripy\u00f6r\u00e4 2023\" \/>\n<meta property=\"og:description\" content=\"Futuristliku v\u00e4limusega Talaria elektrimootorrattad. Innovatiivne ja v\u00f5imas Talaria XXX TL2500 MX elektrimootorratas. Kiire elektriline krossimootorratas.\" \/>\n<meta property=\"og:url\" content=\"https:\/\/www.xn--tuksimaailm-ffb.ee\/fi\/shop\/talaria-xxx-tl2500mx-sahkomoottoripyora-2023\/\" \/>\n<meta property=\"og:site_name\" content=\"T\u00f5uksimaailm\" \/>\n<meta property=\"article:publisher\" content=\"https:\/\/www.facebook.com\/touksimaailm\/\" \/>\n<meta property=\"article:modified_time\" content=\"2024-11-29T13:57:47+00:00\" \/>\n<meta property=\"og:image\" content=\"https:\/\/www.xn--tuksimaailm-ffb.ee\/wp-content\/uploads\/2023\/07\/talaria-xxx-1-jpg.webp\" \/>\n\t<meta property=\"og:image:width\" content=\"771\" \/>\n\t<meta property=\"og:image:height\" content=\"559\" \/>\n\t<meta property=\"og:image:type\" content=\"image\/jpeg\" \/>\n<meta name=\"twitter:card\" content=\"summary_large_image\" \/>\n<meta name=\"twitter:label1\" content=\"Hinta\" \/>\n\t<meta name=\"twitter:data1\" content=\"&euro;3,863.00\" \/>\n\t<meta name=\"twitter:label2\" content=\"Saatavuus\" \/>\n\t<meta name=\"twitter:data2\" content=\"Loppu varastosta\" \/>\n<meta property=\"product:price:amount\" content=\"3863.00\" \/>\n<meta property=\"product:price:currency\" content=\"EUR\" \/>\n<meta property=\"og:availability\" content=\"out of stock\" \/>\n<meta property=\"product:availability\" content=\"out of stock\" \/>\n<meta property=\"product:retailer_item_id\" content=\"TALARIA-XXX-TL2500MX\" \/>\n<meta property=\"product:condition\" content=\"new\" \/>\n<!-- \/ Yoast SEO Premium plugin. -->","yoast_head_json":{"title":"Talaria XXX TL2500 MX s\u00e4hk\u00f6moottoripy\u00f6r\u00e4 2023 | T\u00f5uksimaailm","description":"Futuristliku v\u00e4limusega Talaria elektrimootorrattad. Innovatiivne ja v\u00f5imas Talaria XXX TL2500 MX elektrimootorratas. Kiire elektriline krossimootorratas.","robots":{"index":"index","follow":"follow","max-snippet":"max-snippet:-1","max-image-preview":"max-image-preview:large","max-video-preview":"max-video-preview:-1"},"canonical":"https:\/\/www.xn--tuksimaailm-ffb.ee\/fi\/shop\/talaria-xxx-tl2500mx-sahkomoottoripyora-2023\/","og_locale":"fi_FI","og_type":"article","og_title":"Talaria XXX TL2500 MX s\u00e4hk\u00f6moottoripy\u00f6r\u00e4 2023","og_description":"Futuristliku v\u00e4limusega Talaria elektrimootorrattad. Innovatiivne ja v\u00f5imas Talaria XXX TL2500 MX elektrimootorratas. Kiire elektriline krossimootorratas.","og_url":"https:\/\/www.xn--tuksimaailm-ffb.ee\/fi\/shop\/talaria-xxx-tl2500mx-sahkomoottoripyora-2023\/","og_site_name":"T\u00f5uksimaailm","article_publisher":"https:\/\/www.facebook.com\/touksimaailm\/","article_modified_time":"2024-11-29T13:57:47+00:00","og_image":[{"width":771,"height":559,"url":"https:\/\/www.xn--tuksimaailm-ffb.ee\/wp-content\/uploads\/2023\/07\/talaria-xxx-1-jpg.webp","type":"image\/jpeg"}],"twitter_card":"summary_large_image","twitter_misc":{"Hinta":"&euro;3,863.00","Saatavuus":"Loppu varastosta"},"schema":{"@context":"https:\/\/schema.org","@graph":[{"@type":"WebPage","@id":"https:\/\/www.xn--tuksimaailm-ffb.ee\/fi\/shop\/talaria-xxx-tl2500mx-sahkomoottoripyora-2023\/","url":"https:\/\/www.xn--tuksimaailm-ffb.ee\/fi\/shop\/talaria-xxx-tl2500mx-sahkomoottoripyora-2023\/","name":"Talaria XXX TL2500 MX s\u00e4hk\u00f6moottoripy\u00f6r\u00e4 2023 | T\u00f5uksimaailm","isPartOf":{"@id":"https:\/\/www.xn--tuksimaailm-ffb.ee\/fi\/#website"},"primaryImageOfPage":{"@id":"https:\/\/www.xn--tuksimaailm-ffb.ee\/fi\/shop\/talaria-xxx-tl2500mx-sahkomoottoripyora-2023\/#primaryimage"},"image":{"@id":"https:\/\/www.xn--tuksimaailm-ffb.ee\/fi\/shop\/talaria-xxx-tl2500mx-sahkomoottoripyora-2023\/#primaryimage"},"thumbnailUrl":"https:\/\/www.xn--tuksimaailm-ffb.ee\/wp-content\/uploads\/2023\/07\/talaria-xxx-1-jpg.webp","datePublished":"2023-07-03T10:58:40+00:00","dateModified":"2024-11-29T13:57:47+00:00","description":"Futuristliku v\u00e4limusega Talaria elektrimootorrattad. Innovatiivne ja v\u00f5imas Talaria XXX TL2500 MX elektrimootorratas. Kiire elektriline krossimootorratas.","breadcrumb":{"@id":"https:\/\/www.xn--tuksimaailm-ffb.ee\/fi\/shop\/talaria-xxx-tl2500mx-sahkomoottoripyora-2023\/#breadcrumb"},"inLanguage":"fi","potentialAction":[{"@type":"ReadAction","target":["https:\/\/www.xn--tuksimaailm-ffb.ee\/fi\/shop\/talaria-xxx-tl2500mx-sahkomoottoripyora-2023\/"]}]},{"@type":"ImageObject","inLanguage":"fi","@id":"https:\/\/www.xn--tuksimaailm-ffb.ee\/fi\/shop\/talaria-xxx-tl2500mx-sahkomoottoripyora-2023\/#primaryimage","url":"https:\/\/www.xn--tuksimaailm-ffb.ee\/wp-content\/uploads\/2023\/07\/talaria-xxx-1-jpg.webp","contentUrl":"https:\/\/www.xn--tuksimaailm-ffb.ee\/wp-content\/uploads\/2023\/07\/talaria-xxx-1-jpg.webp","width":771,"height":559,"caption":"talaria xxx tl2500mx elektrimootorratas elektriline krossimootorratas tsikkel enduro krossikas 31"},{"@type":"BreadcrumbList","@id":"https:\/\/www.xn--tuksimaailm-ffb.ee\/fi\/shop\/talaria-xxx-tl2500mx-sahkomoottoripyora-2023\/#breadcrumb","itemListElement":[{"@type":"ListItem","position":1,"name":"Home","item":"https:\/\/www.xn--tuksimaailm-ffb.ee\/fi\/kotisivu\/"},{"@type":"ListItem","position":2,"name":"Kauppa","item":"https:\/\/www.xn--tuksimaailm-ffb.ee\/elektritoukerataste-pood\/"},{"@type":"ListItem","position":3,"name":"Talaria XXX TL2500 MX s\u00e4hk\u00f6moottoripy\u00f6r\u00e4 2023"}]},{"@type":"WebSite","@id":"https:\/\/www.xn--tuksimaailm-ffb.ee\/fi\/#website","url":"https:\/\/www.xn--tuksimaailm-ffb.ee\/fi\/","name":"T\u00f5uksimaailm","description":"Elektrit\u00f5ukerataste m\u00fc\u00fck, remont ja rent","publisher":{"@id":"https:\/\/www.xn--tuksimaailm-ffb.ee\/fi\/#organization"},"potentialAction":[{"@type":"SearchAction","target":{"@type":"EntryPoint","urlTemplate":"https:\/\/www.xn--tuksimaailm-ffb.ee\/fi\/?s={search_term_string}"},"query-input":{"@type":"PropertyValueSpecification","valueRequired":true,"valueName":"search_term_string"}}],"inLanguage":"fi"},{"@type":"Organization","@id":"https:\/\/www.xn--tuksimaailm-ffb.ee\/fi\/#organization","name":"T\u00f5uksimaailm","url":"https:\/\/www.xn--tuksimaailm-ffb.ee\/fi\/","logo":{"@type":"ImageObject","inLanguage":"fi","@id":"https:\/\/www.xn--tuksimaailm-ffb.ee\/fi\/#\/schema\/logo\/image\/","url":"https:\/\/www.xn--tuksimaailm-ffb.ee\/wp-content\/uploads\/2020\/01\/logoz-e1579792875517.png","contentUrl":"https:\/\/www.xn--tuksimaailm-ffb.ee\/wp-content\/uploads\/2020\/01\/logoz-e1579792875517.png","width":250,"height":250,"caption":"T\u00f5uksimaailm"},"image":{"@id":"https:\/\/www.xn--tuksimaailm-ffb.ee\/fi\/#\/schema\/logo\/image\/"},"sameAs":["https:\/\/www.facebook.com\/touksimaailm\/","https:\/\/www.instagram.com\/touksimaailm_\/","https:\/\/www.youtube.com\/channel\/UC18ml0EKIDLP1xGuQjFzcXQ"]}]},"product_price_amount":"3863.00","product_price_currency":"EUR","og_availability":"out of stock","product_availability":"out of stock","product_retailer_item_id":"TALARIA-XXX-TL2500MX","product_condition":"new"},"jetpack_sharing_enabled":true,"_links":{"self":[{"href":"https:\/\/www.xn--tuksimaailm-ffb.ee\/fi\/wp-json\/wp\/v2\/product\/40839","targetHints":{"allow":["GET"]}}],"collection":[{"href":"https:\/\/www.xn--tuksimaailm-ffb.ee\/fi\/wp-json\/wp\/v2\/product"}],"about":[{"href":"https:\/\/www.xn--tuksimaailm-ffb.ee\/fi\/wp-json\/wp\/v2\/types\/product"}],"wp:featuredmedia":[{"embeddable":true,"href":"https:\/\/www.xn--tuksimaailm-ffb.ee\/fi\/wp-json\/wp\/v2\/media\/37475"}],"wp:attachment":[{"href":"https:\/\/www.xn--tuksimaailm-ffb.ee\/fi\/wp-json\/wp\/v2\/media?parent=40839"}],"wp:term":[{"taxonomy":"product_brand","embeddable":true,"href":"https:\/\/www.xn--tuksimaailm-ffb.ee\/fi\/wp-json\/wp\/v2\/product_brand?post=40839"},{"taxonomy":"product_cat","embeddable":true,"href":"https:\/\/www.xn--tuksimaailm-ffb.ee\/fi\/wp-json\/wp\/v2\/product_cat?post=40839"},{"taxonomy":"product_tag","embeddable":true,"href":"https:\/\/www.xn--tuksimaailm-ffb.ee\/fi\/wp-json\/wp\/v2\/product_tag?post=40839"},{"taxonomy":"filter_elektritoukeratas","embeddable":true,"href":"https:\/\/www.xn--tuksimaailm-ffb.ee\/fi\/wp-json\/wp\/v2\/filter_elektritoukeratas?post=40839"}],"curies":[{"name":"wp","href":"https:\/\/api.w.org\/{rel}","templated":true}]}}