{"id":40841,"date":"2023-06-24T17:10:55","date_gmt":"2023-06-24T14:10:55","guid":{"rendered":"http:\/\/www.xn--tuksimaailm-ffb.ee\/shop\/sur-ron-ultra-bee-sahkomoottoripyora\/"},"modified":"2024-11-29T16:57:52","modified_gmt":"2024-11-29T13:57:52","slug":"sur-ron-ultra-bee-sahkomoottoripyora","status":"publish","type":"product","link":"https:\/\/www.xn--tuksimaailm-ffb.ee\/fi\/shop\/sur-ron-ultra-bee-sahkomoottoripyora\/","title":{"rendered":"SUR-RON Ultra Bee s\u00e4hk\u00f6moottoripy\u00f6r\u00e4"},"content":{"rendered":"<h2 style=\"text-align: center;\">SUR-RON ULTRA BEE S\u00c4HK\u00d6INEN CROSS-MOOTTORIPY\u00d6R\u00c4<\/h2>\n<p>Sur-Ron Ultra Bee on vallankumouksellinen s\u00e4hk\u00f6inen cross-py\u00f6r\u00e4, joka ylitt\u00e4\u00e4 maastoajon rajat poikkeuksellisella suorituskyvyll\u00e4. Sur-Ron-s\u00e4hk\u00f6moottoripy\u00f6r\u00e4t on suunniteltu niille, jotka etsiv\u00e4t adrenaliinipitoisia kokemuksia ilman perinteisten bensiinimoottoripy\u00f6rien melua ja kustannuksia. Ultra Bee -s\u00e4hk\u00f6moottoripy\u00f6r\u00e4 asettaa uuden standardin s\u00e4hk\u00f6isess\u00e4 motocrossissa ja tarjoaa vaikuttavan muotoilunsa ja huipputeknologiansa ansiosta j\u00e4nnitt\u00e4v\u00e4\u00e4 ja helppok\u00e4ytt\u00f6ist\u00e4 ajoa miss\u00e4 tahansa maastossa. Sur-Ron ytimess\u00e4 on tehokas 12,5 kW:n s\u00e4hk\u00f6moottori, joka on suunniteltu tuottamaan suurta v\u00e4\u00e4nt\u00f6momenttia ja nopeaa kiihtyvyytt\u00e4, mik\u00e4 takaa tasaisen ja v\u00e4litt\u00f6m\u00e4n voimanluovutuksen, jonka avulla kuljettaja voi valloittaa haastavimmatkin maastot, jyrk\u00e4t nousut ja kapeat radat helposti.<\/p>\n<p>Sur-Ron Ultra Bee -s\u00e4hk\u00f6moottoripy\u00f6r\u00e4t on rakennettu kest\u00e4viksi ja kevyiksi, ja niiss\u00e4 k\u00e4ytet\u00e4\u00e4n ensiluokkaista alumiiniseosrunkoa, joka maksimoi lujuuden lis\u00e4\u00e4m\u00e4tt\u00e4 ylim\u00e4\u00e4r\u00e4ist\u00e4 painoa, mink\u00e4 ansiosta py\u00f6r\u00e4 on eritt\u00e4in ketter\u00e4 ja ketter\u00e4 ja toimii hyvin teknisiss\u00e4 maasto-olosuhteissa. Sur-Ron on varustettu laadukkaalla jousitusj\u00e4rjestelm\u00e4ll\u00e4, joka takaa tasaisen ajon vaikeimmillakin poluilla. 19-tuumaiset renkaat tarjoavat optimaalisen pidon, joten Ultra Bee soveltuu sek\u00e4 aloittelijoille ett\u00e4 kokeneille ajajille monenlaisissa olosuhteissa mutaisista hiekkapolkuihin.<\/p>\n<p>Yksi Sur-Ronin merkitt\u00e4vimmist\u00e4 ominaisuuksista on sen suurikapasiteettinen 74V\/55Ah litiumioniakku, joka tarjoaa vaikuttavan, jopa 140 km:n ajomatkan yhdell\u00e4 latauksella. T\u00e4m\u00e4 pitk\u00e4kestoinen akku on suunniteltu pidempi\u00e4 ajoja varten, joten kuljettaja voi nauttia ajelusta ilman huolta akun tyhjenemisest\u00e4. Lis\u00e4ksi moottoripy\u00f6r\u00e4n \u00e4lyk\u00e4s akunhallintaj\u00e4rjestelm\u00e4 varmistaa tehokkaan energiank\u00e4yt\u00f6n ja optimoi suorituskyvyn koko ajon ajan.<\/p>\n<p>Sur-Ron Ultra Bee on varustettu v\u00e4rillisell\u00e4 digitaalin\u00e4yt\u00f6ll\u00e4, joka n\u00e4ytt\u00e4\u00e4 reaaliaikaiset tiedot nopeudesta, akun tilasta ja ajotiloista. Sur-Ron voi valita eri ajotilojen v\u00e4lill\u00e4, jolloin kuljettaja voi r\u00e4\u00e4t\u00e4l\u00f6id\u00e4 suorituskyvyn taitotasonsa tai maaston mukaan. Olipa kyse sitten py\u00f6r\u00e4n ty\u00f6nt\u00e4misest\u00e4 l\u00e4hemm\u00e4s sen rajoja urheilutilassa tai akun virran s\u00e4\u00e4st\u00e4misest\u00e4 pidempi\u00e4 ajoja varten ekotilassa. Sur-Ron on suunniteltu niille, jotka vaativat huippuluokan suorituskyky\u00e4, kest\u00e4vyytt\u00e4 ja ymp\u00e4rist\u00f6yst\u00e4v\u00e4llisi\u00e4 innovaatioita. Se edustaa s\u00e4hk\u00f6isten maastopy\u00f6rien tulevaisuutta ja yhdist\u00e4\u00e4 huipputeknologian ja -tekniikan tarjotakseen j\u00e4nnitt\u00e4v\u00e4n ajokokemuksen ja v\u00e4hent\u00e4\u00e4kseen samalla ymp\u00e4rist\u00f6vaikutuksia. Sur-Ron Ultra Bee on seikkailunhaluisille ihmisille, jotka ovat valmiita tutkimaan uusia maastoja ja testaamaan rajojaan ja samalla omaksumaan kest\u00e4v\u00e4n motocrossin tulevaisuuden.<\/p>\n<p><iframe title=\"THE NEW SUR RON ULTRA BEE DIRT BIKE IS A GAME CHANGER!\" width=\"1082\" height=\"609\" src=\"https:\/\/www.youtube.com\/embed\/ZNsklMaYuNM?feature=oembed\" frameborder=\"0\" allow=\"accelerometer; autoplay; clipboard-write; encrypted-media; gyroscope; picture-in-picture; web-share\" referrerpolicy=\"strict-origin-when-cross-origin\" allowfullscreen><\/iframe><\/p>\n<h2 style=\"text-align: center;\">TURVALLISUUS<\/h2>\n<p style=\"caret-color: #000000; color: #000000;\">S\u00e4hk\u00f6moottoripy\u00f6r\u00e4ll\u00e4 ajaminen ja ajaminen on mahdollisesti vaarallista itsellesi ja muille. Kaikkien on pakko k\u00e4ytt\u00e4\u00e4\u00a0<a href=\"http:\/\/www.xn--tuksimaailm-ffb.ee\/shop\/elektrilise-toukeratta-kiiver-led-tagatulega-smart-4u\/\">kyp\u00e4r\u00e4\u00e4<\/a>\u00a0ajaessaan s\u00e4hk\u00f6skootterilla. Kaikki s\u00e4hk\u00f6skootterit l\u00f6ytyv\u00e4t\u00a0<a href=\"http:\/\/www.xn--tuksimaailm-ffb.ee\/tootekategooria\/elektriroller\/\">t\u00e4\u00e4lt\u00e4<\/a>.<\/p>\n<p style=\"caret-color: #000000; color: #000000;\"><strong>Kun ostat<\/strong>\u00a0<strong>s\u00e4hk\u00f6moottoripy\u00f6r\u00e4n liikkeest\u00e4mme, saat kaikki\u00a0<\/strong><a href=\"http:\/\/www.xn--tuksimaailm-ffb.ee\/tootekategooria\/lisavarustus\/\"><strong>lis\u00e4varusteet<\/strong><\/a><strong>\u00a0-20%!<\/strong><\/p>\n<table class=\"tg\" style=\"max-width: 600px; margin-right: auto; margin-bottom: 0px; margin-left: auto; width: 82.60849571109986%; height: 406px;\">\n<tbody>\n<tr style=\"height: 27px;\">\n<td style=\"font-size: 14px; padding: 5px; border-style: solid; background-color: #e4e1e1; color: #333333; font-weight: bold; overflow: hidden; text-align: center; vertical-align: top; word-break: normal; height: 27px;\" colspan=\"2\">Tekniset tiedot<\/td>\n<\/tr>\n<tr style=\"height: 27px;\">\n<td style=\"font-size: 14px; padding: 5px; border-style: solid; background-color: #e4e1e1; color: #333333; font-weight: bold; overflow: hidden; text-align: right; vertical-align: top; word-break: normal; height: 27px;\">Malli<\/td>\n<td style=\"font-size: 14px; padding: 5px; border-style: solid; overflow: hidden; text-align: center; vertical-align: top; word-break: normal; height: 27px;\">Sur-Ron Ultra Bee (Trial \/ Off road)<\/td>\n<\/tr>\n<tr style=\"height: 27px;\">\n<td style=\"font-size: 14px; padding: 5px; border-style: solid; background-color: #e4e1e1; color: #333333; font-weight: bold; overflow: hidden; text-align: right; vertical-align: top; word-break: normal; height: 27px;\">Akku<\/td>\n<td style=\"font-size: 14px; padding: 5px; border-style: solid; overflow: hidden; text-align: center; vertical-align: top; word-break: normal; height: 27px;\">74V \/ 55Ah (4070Wh)\u00a0<\/td>\n<\/tr>\n<tr style=\"height: 27px;\">\n<td style=\"font-size: 14px; padding: 5px; border-style: solid; background-color: #e4e1e1; color: #333333; font-weight: bold; overflow: hidden; text-align: right; vertical-align: top; word-break: normal; height: 27px;\">Latausaika<\/td>\n<td style=\"font-size: 14px; padding: 5px; border-style: solid; overflow: hidden; text-align: center; vertical-align: top; word-break: normal; height: 27px;\">4.5h<\/td>\n<\/tr>\n<tr style=\"height: 27px;\">\n<td style=\"font-size: 14px; padding: 5px; border-style: solid; background-color: #e4e1e1; color: #333333; font-weight: bold; overflow: hidden; text-align: right; vertical-align: top; word-break: normal; height: 27px;\">Moottorin teho<\/td>\n<td style=\"font-size: 14px; padding: 5px; border-style: solid; overflow: hidden; text-align: center; vertical-align: top; word-break: normal; height: 27px;\">12500W<\/td>\n<\/tr>\n<tr style=\"height: 55px;\">\n<td style=\"font-size: 14px; padding: 5px; border-style: solid; background-color: #e4e1e1; color: #333333; font-weight: bold; overflow: hidden; text-align: right; vertical-align: top; word-break: normal; height: 55px;\">Ajomatka (valmistajan m\u00e4\u00e4rittely)<\/td>\n<td style=\"font-size: 14px; padding: 5px; border-style: solid; overflow: hidden; text-align: center; vertical-align: top; word-break: normal; height: 55px;\">140km (40km\/h)<\/td>\n<\/tr>\n<tr style=\"height: 27px;\">\n<td style=\"font-size: 14px; padding: 5px; border-style: solid; background-color: #e4e1e1; color: #333333; font-weight: bold; overflow: hidden; text-align: right; vertical-align: top; word-break: normal; height: 27px;\">Etujarru<\/td>\n<td style=\"font-size: 14px; padding: 5px; border-style: solid; overflow: hidden; text-align: center; vertical-align: top; word-break: normal; height: 27px;\">nelim\u00e4nt\u00e4inen hydraulinen levyjarruj\u00e4rjestelm\u00e4<\/td>\n<\/tr>\n<tr style=\"height: 27px;\">\n<td style=\"font-size: 14px; padding: 5px; border-style: solid; background-color: #e4e1e1; color: #333333; font-weight: bold; overflow: hidden; text-align: right; vertical-align: top; word-break: normal; height: 27px;\">Takajarru<\/td>\n<td style=\"font-size: 14px; padding: 5px; border-style: solid; overflow: hidden; text-align: center; vertical-align: top; word-break: normal; height: 27px;\">nelim\u00e4nt\u00e4inen hydraulinen levyjarruj\u00e4rjestelm\u00e4<\/td>\n<\/tr>\n<tr style=\"height: 27px;\">\n<td style=\"font-size: 14px; padding: 5px; border-style: solid; background-color: #e4e1e1; color: #333333; font-weight: bold; overflow: hidden; text-align: right; vertical-align: top; word-break: normal; height: 27px;\">Kantavuus<\/td>\n<td style=\"font-size: 14px; padding: 5px; border-style: solid; overflow: hidden; text-align: center; vertical-align: top; word-break: normal; height: 27px;\">100kg<\/td>\n<\/tr>\n<tr style=\"height: 27px;\">\n<td style=\"font-size: 14px; padding: 5px; border-style: solid; background-color: #e4e1e1; color: #333333; font-weight: bold; overflow: hidden; text-align: right; vertical-align: top; word-break: normal; height: 27px;\">Tuottajan nopeus<\/td>\n<td style=\"font-size: 14px; padding: 5px; border-style: solid; overflow: hidden; text-align: center; vertical-align: top; word-break: normal; height: 27px;\">90km\/h<\/td>\n<\/tr>\n<tr style=\"height: 27px;\">\n<td style=\"font-size: 14px; padding: 5px; border-style: solid; background-color: #e4e1e1; color: #333333; font-weight: bold; overflow: hidden; text-align: right; vertical-align: top; word-break: normal; height: 27px;\">Paino<\/td>\n<td style=\"font-size: 14px; padding: 5px; border-style: solid; overflow: hidden; text-align: center; vertical-align: top; word-break: normal; height: 27px;\">88kg ( Trial) \/ 85kg (Off road)<\/td>\n<\/tr>\n<tr style=\"height: 27px;\">\n<td style=\"font-size: 14px; padding: 5px 5px 5px 125px; border-style: solid; background-color: #e4e1e1; color: #333333; font-weight: bold; overflow: hidden; vertical-align: top; word-break: normal; height: 27px; text-align: right;\">Moottorisoitu py\u00f6r\u00e4<\/td>\n<td style=\"font-size: 14px; padding: 5px; border-style: solid; overflow: hidden; text-align: center; vertical-align: top; word-break: normal; height: 27px;\">\n<p>takapy\u00f6r\u00e4<\/p>\n<\/td>\n<\/tr>\n<tr style=\"height: 27px;\">\n<td style=\"font-size: 14px; padding: 5px; border-style: solid; background-color: #e4e1e1; color: #333333; font-weight: bold; overflow: hidden; text-align: right; vertical-align: top; word-break: normal; height: 27px;\">Renkaat<\/td>\n<td style=\"font-size: 14px; padding: 5px; border-style: solid; overflow: hidden; text-align: center; vertical-align: top; word-break: normal; height: 27px;\">Eturengas 80\/100-19 off-road, tagarengas 90\/90-19 off-road<\/td>\n<\/tr>\n<tr style=\"height: 27px;\">\n<td style=\"font-size: 14px; padding: 5px; border-style: solid; background-color: #e4e1e1; color: #333333; font-weight: bold; overflow: hidden; text-align: right; vertical-align: top; word-break: normal; height: 27px;\">Tien enimm\u00e4iskaltevuus<\/td>\n<td style=\"font-size: 14px; padding: 5px; border-style: solid; overflow: hidden; text-align: center; vertical-align: top; word-break: normal; height: 27px;\">45%<\/td>\n<\/tr>\n<\/tbody>\n<\/table>\n","protected":false},"excerpt":{"rendered":"<p><a href=\"http:\/\/www.xn--tuksimaailm-ffb.ee\/kontakt\/\"><strong>L\u00f6ysitk\u00f6 paremman hinnan? Kirjoita meille, niin teemme sinulle paremman tarjouksen!<\/strong><\/a><\/p>\n<p><strong>Kaikki\u00a0<a href=\"http:\/\/www.xn--tuksimaailm-ffb.ee\/tootekategooria\/lisavarustus\/\">lis\u00e4varusteet<\/a>\u00a0ja\u00a0<a href=\"http:\/\/www.xn--tuksimaailm-ffb.ee\/tootekategooria\/elektritoukeratta-varuosad\/\">varaosat<\/a> ovat -20%, kun ne ostetaan s\u00e4hk\u00f6mopedin kanssa. Alennus otetaan automaattisesti k\u00e4ytt\u00f6\u00f6n, kun lis\u00e4\u00e4t tuotteen ostoskoriin!<\/strong><\/p>\n<p><em><strong>Toimitusaika: 1-5tp<\/p>\n<p><\/strong><\/em><\/p>\n","protected":false},"featured_media":37413,"template":"","meta":[],"product_brand":[],"product_cat":[1906],"product_tag":[],"filter_elektritoukeratas":[],"class_list":{"0":"post-40841","1":"product","2":"type-product","3":"status-publish","4":"has-post-thumbnail","6":"product_cat-sahkomoottoripyora","7":"product_shipping_class-keskmine-pakk-fi","8":"pa_aku-mahutavus-wh-4070-fi","9":"pa_kaal-kg-85-fi","10":"pa_kaal-kg-88-fi","11":"pa_kandevoime-kg-100-fi","12":"pa_mootorite-arv-uhe-mootoriga-fi","13":"pa_piiramata-tippkiirus-kmh-90-fi","14":"pa_size-off-road-fi","15":"pa_size-trial-fi","16":"pa_tootetuup-sahkomoottoripyora","17":"pa_valmistaja-sur-ron-fi","18":"pa_voimsus-w-12500-fi","20":"first","21":"instock","22":"taxable","23":"shipping-taxable","24":"purchasable","25":"product-type-variable"},"yoast_head":"<!-- This site is optimized with the Yoast SEO Premium plugin v26.8 (Yoast SEO v27.5) - https:\/\/yoast.com\/product\/yoast-seo-premium-wordpress\/ -->\n<title>SUR-RON Ultra Bee s\u00e4hk\u00f6moottoripy\u00f6r\u00e4 | T\u00f5uksimaailm | M\u00fc\u00fck<\/title>\n<meta name=\"description\" content=\"Kuulsad SUR-RONi v\u00f5imsad elektrimootorrattad. Innovatiivne ja kvaliteetne SUR-RON Ultra Bee elektrimootorratas. Kiire elektriline krossimootorratas.\" \/>\n<meta name=\"robots\" content=\"index, follow, max-snippet:-1, max-image-preview:large, max-video-preview:-1\" \/>\n<link rel=\"canonical\" href=\"https:\/\/www.xn--tuksimaailm-ffb.ee\/fi\/shop\/sur-ron-ultra-bee-sahkomoottoripyora\/\" \/>\n<meta property=\"og:locale\" content=\"fi_FI\" \/>\n<meta property=\"og:type\" content=\"article\" \/>\n<meta property=\"og:title\" content=\"SUR-RON Ultra Bee s\u00e4hk\u00f6moottoripy\u00f6r\u00e4\" \/>\n<meta property=\"og:description\" content=\"Kuulsad SUR-RONi v\u00f5imsad elektrimootorrattad. Innovatiivne ja kvaliteetne SUR-RON Ultra Bee elektrimootorratas. Kiire elektriline krossimootorratas.\" \/>\n<meta property=\"og:url\" content=\"https:\/\/www.xn--tuksimaailm-ffb.ee\/fi\/shop\/sur-ron-ultra-bee-sahkomoottoripyora\/\" \/>\n<meta property=\"og:site_name\" content=\"T\u00f5uksimaailm\" \/>\n<meta property=\"article:publisher\" content=\"https:\/\/www.facebook.com\/touksimaailm\/\" \/>\n<meta property=\"article:modified_time\" content=\"2024-11-29T13:57:52+00:00\" \/>\n<meta property=\"og:image\" content=\"https:\/\/www.xn--tuksimaailm-ffb.ee\/wp-content\/uploads\/2023\/06\/Ultra-bee-11-jpg.webp\" \/>\n\t<meta property=\"og:image:width\" content=\"800\" \/>\n\t<meta property=\"og:image:height\" content=\"800\" \/>\n\t<meta property=\"og:image:type\" content=\"image\/jpeg\" \/>\n<meta name=\"twitter:card\" content=\"summary_large_image\" \/>\n<meta name=\"twitter:label1\" content=\"Saatavuus\" \/>\n\t<meta name=\"twitter:data1\" content=\"Varastossa\" \/>\n<meta property=\"og:availability\" content=\"instock\" \/>\n<meta property=\"product:availability\" content=\"instock\" \/>\n<meta property=\"product:retailer_item_id\" content=\"ULTRA-BEE\" \/>\n<meta property=\"product:condition\" content=\"new\" \/>\n<!-- \/ Yoast SEO Premium plugin. -->","yoast_head_json":{"title":"SUR-RON Ultra Bee s\u00e4hk\u00f6moottoripy\u00f6r\u00e4 | T\u00f5uksimaailm | M\u00fc\u00fck","description":"Kuulsad SUR-RONi v\u00f5imsad elektrimootorrattad. Innovatiivne ja kvaliteetne SUR-RON Ultra Bee elektrimootorratas. Kiire elektriline krossimootorratas.","robots":{"index":"index","follow":"follow","max-snippet":"max-snippet:-1","max-image-preview":"max-image-preview:large","max-video-preview":"max-video-preview:-1"},"canonical":"https:\/\/www.xn--tuksimaailm-ffb.ee\/fi\/shop\/sur-ron-ultra-bee-sahkomoottoripyora\/","og_locale":"fi_FI","og_type":"article","og_title":"SUR-RON Ultra Bee s\u00e4hk\u00f6moottoripy\u00f6r\u00e4","og_description":"Kuulsad SUR-RONi v\u00f5imsad elektrimootorrattad. Innovatiivne ja kvaliteetne SUR-RON Ultra Bee elektrimootorratas. Kiire elektriline krossimootorratas.","og_url":"https:\/\/www.xn--tuksimaailm-ffb.ee\/fi\/shop\/sur-ron-ultra-bee-sahkomoottoripyora\/","og_site_name":"T\u00f5uksimaailm","article_publisher":"https:\/\/www.facebook.com\/touksimaailm\/","article_modified_time":"2024-11-29T13:57:52+00:00","og_image":[{"width":800,"height":800,"url":"https:\/\/www.xn--tuksimaailm-ffb.ee\/wp-content\/uploads\/2023\/06\/Ultra-bee-11-jpg.webp","type":"image\/jpeg"}],"twitter_card":"summary_large_image","twitter_misc":{"Saatavuus":"Varastossa"},"schema":{"@context":"https:\/\/schema.org","@graph":[{"@type":"WebPage","@id":"https:\/\/www.xn--tuksimaailm-ffb.ee\/fi\/shop\/sur-ron-ultra-bee-sahkomoottoripyora\/","url":"https:\/\/www.xn--tuksimaailm-ffb.ee\/fi\/shop\/sur-ron-ultra-bee-sahkomoottoripyora\/","name":"SUR-RON Ultra Bee s\u00e4hk\u00f6moottoripy\u00f6r\u00e4 | T\u00f5uksimaailm | M\u00fc\u00fck","isPartOf":{"@id":"https:\/\/www.xn--tuksimaailm-ffb.ee\/fi\/#website"},"primaryImageOfPage":{"@id":"https:\/\/www.xn--tuksimaailm-ffb.ee\/fi\/shop\/sur-ron-ultra-bee-sahkomoottoripyora\/#primaryimage"},"image":{"@id":"https:\/\/www.xn--tuksimaailm-ffb.ee\/fi\/shop\/sur-ron-ultra-bee-sahkomoottoripyora\/#primaryimage"},"thumbnailUrl":"https:\/\/www.xn--tuksimaailm-ffb.ee\/wp-content\/uploads\/2023\/06\/Ultra-bee-11-jpg.webp","datePublished":"2023-06-24T14:10:55+00:00","dateModified":"2024-11-29T13:57:52+00:00","description":"Kuulsad SUR-RONi v\u00f5imsad elektrimootorrattad. Innovatiivne ja kvaliteetne SUR-RON Ultra Bee elektrimootorratas. Kiire elektriline krossimootorratas.","breadcrumb":{"@id":"https:\/\/www.xn--tuksimaailm-ffb.ee\/fi\/shop\/sur-ron-ultra-bee-sahkomoottoripyora\/#breadcrumb"},"inLanguage":"fi","potentialAction":[{"@type":"ReadAction","target":["https:\/\/www.xn--tuksimaailm-ffb.ee\/fi\/shop\/sur-ron-ultra-bee-sahkomoottoripyora\/"]}]},{"@type":"ImageObject","inLanguage":"fi","@id":"https:\/\/www.xn--tuksimaailm-ffb.ee\/fi\/shop\/sur-ron-ultra-bee-sahkomoottoripyora\/#primaryimage","url":"https:\/\/www.xn--tuksimaailm-ffb.ee\/wp-content\/uploads\/2023\/06\/Ultra-bee-11-jpg.webp","contentUrl":"https:\/\/www.xn--tuksimaailm-ffb.ee\/wp-content\/uploads\/2023\/06\/Ultra-bee-11-jpg.webp","width":800,"height":800,"caption":"sur-ron ultra bee elektrimootorratas krossimootorratas tsikkel elektritsikkel surron trial offroad off-road 5"},{"@type":"BreadcrumbList","@id":"https:\/\/www.xn--tuksimaailm-ffb.ee\/fi\/shop\/sur-ron-ultra-bee-sahkomoottoripyora\/#breadcrumb","itemListElement":[{"@type":"ListItem","position":1,"name":"Home","item":"https:\/\/www.xn--tuksimaailm-ffb.ee\/fi\/kotisivu\/"},{"@type":"ListItem","position":2,"name":"Kauppa","item":"https:\/\/www.xn--tuksimaailm-ffb.ee\/elektritoukerataste-pood\/"},{"@type":"ListItem","position":3,"name":"SUR-RON Ultra Bee s\u00e4hk\u00f6moottoripy\u00f6r\u00e4"}]},{"@type":"WebSite","@id":"https:\/\/www.xn--tuksimaailm-ffb.ee\/fi\/#website","url":"https:\/\/www.xn--tuksimaailm-ffb.ee\/fi\/","name":"T\u00f5uksimaailm","description":"Elektrit\u00f5ukerataste m\u00fc\u00fck, remont ja rent","publisher":{"@id":"https:\/\/www.xn--tuksimaailm-ffb.ee\/fi\/#organization"},"potentialAction":[{"@type":"SearchAction","target":{"@type":"EntryPoint","urlTemplate":"https:\/\/www.xn--tuksimaailm-ffb.ee\/fi\/?s={search_term_string}"},"query-input":{"@type":"PropertyValueSpecification","valueRequired":true,"valueName":"search_term_string"}}],"inLanguage":"fi"},{"@type":"Organization","@id":"https:\/\/www.xn--tuksimaailm-ffb.ee\/fi\/#organization","name":"T\u00f5uksimaailm","url":"https:\/\/www.xn--tuksimaailm-ffb.ee\/fi\/","logo":{"@type":"ImageObject","inLanguage":"fi","@id":"https:\/\/www.xn--tuksimaailm-ffb.ee\/fi\/#\/schema\/logo\/image\/","url":"https:\/\/www.xn--tuksimaailm-ffb.ee\/wp-content\/uploads\/2020\/01\/logoz-e1579792875517.png","contentUrl":"https:\/\/www.xn--tuksimaailm-ffb.ee\/wp-content\/uploads\/2020\/01\/logoz-e1579792875517.png","width":250,"height":250,"caption":"T\u00f5uksimaailm"},"image":{"@id":"https:\/\/www.xn--tuksimaailm-ffb.ee\/fi\/#\/schema\/logo\/image\/"},"sameAs":["https:\/\/www.facebook.com\/touksimaailm\/","https:\/\/www.instagram.com\/touksimaailm_\/","https:\/\/www.youtube.com\/channel\/UC18ml0EKIDLP1xGuQjFzcXQ"]}]},"og_availability":"instock","product_availability":"instock","product_retailer_item_id":"ULTRA-BEE","product_condition":"new"},"jetpack_sharing_enabled":true,"_links":{"self":[{"href":"https:\/\/www.xn--tuksimaailm-ffb.ee\/fi\/wp-json\/wp\/v2\/product\/40841","targetHints":{"allow":["GET"]}}],"collection":[{"href":"https:\/\/www.xn--tuksimaailm-ffb.ee\/fi\/wp-json\/wp\/v2\/product"}],"about":[{"href":"https:\/\/www.xn--tuksimaailm-ffb.ee\/fi\/wp-json\/wp\/v2\/types\/product"}],"wp:featuredmedia":[{"embeddable":true,"href":"https:\/\/www.xn--tuksimaailm-ffb.ee\/fi\/wp-json\/wp\/v2\/media\/37413"}],"wp:attachment":[{"href":"https:\/\/www.xn--tuksimaailm-ffb.ee\/fi\/wp-json\/wp\/v2\/media?parent=40841"}],"wp:term":[{"taxonomy":"product_brand","embeddable":true,"href":"https:\/\/www.xn--tuksimaailm-ffb.ee\/fi\/wp-json\/wp\/v2\/product_brand?post=40841"},{"taxonomy":"product_cat","embeddable":true,"href":"https:\/\/www.xn--tuksimaailm-ffb.ee\/fi\/wp-json\/wp\/v2\/product_cat?post=40841"},{"taxonomy":"product_tag","embeddable":true,"href":"https:\/\/www.xn--tuksimaailm-ffb.ee\/fi\/wp-json\/wp\/v2\/product_tag?post=40841"},{"taxonomy":"filter_elektritoukeratas","embeddable":true,"href":"https:\/\/www.xn--tuksimaailm-ffb.ee\/fi\/wp-json\/wp\/v2\/filter_elektritoukeratas?post=40841"}],"curies":[{"name":"wp","href":"https:\/\/api.w.org\/{rel}","templated":true}]}}