{"id":40954,"date":"2023-03-10T14:45:25","date_gmt":"2023-03-10T12:45:25","guid":{"rendered":"http:\/\/www.xn--tuksimaailm-ffb.ee\/shop\/dualtron-victor-luxury-sahkopotkulauta\/"},"modified":"2024-11-06T18:08:10","modified_gmt":"2024-11-06T15:08:10","slug":"dualtron-victor-luxury-sahkopotkulauta","status":"publish","type":"product","link":"https:\/\/www.xn--tuksimaailm-ffb.ee\/fi\/shop\/dualtron-victor-luxury-sahkopotkulauta\/","title":{"rendered":"Dualtron Victor Luxury s\u00e4hk\u00f6potkulauta"},"content":{"rendered":"<h2 style=\"text-align: center;\">DUALTRON VICTOR LUXURY S\u00c4HK\u00d6SKOOTTERI - TUOTEKUVAUS<\/h2>\n<p>Uusille Dualtron Victor Luxury -s\u00e4hk\u00f6potkulaudoille on tehty sek\u00e4 teknisi\u00e4 ett\u00e4 kosmeettisia p\u00e4ivityksi\u00e4. Aikaisemmin korkeasta painosta ja energia- ja akkukapasiteetin suhteesta tunnettu Dualtron Victor -s\u00e4hk\u00f6skootteri on nyt yhdistetty Dualtron Achilleus -s\u00e4hk\u00f6skootteriin. T\u00e4ss\u00e4 yhdistelm\u00e4ss\u00e4 Victor Luxury -s\u00e4hk\u00f6skootteri on edelleen maailman paras energia\/painosuhde (Wh\/kg), mutta se on nyt entist\u00e4kin erinomaisempi ja k\u00e4yt\u00e4nn\u00f6llisempi. Victor Luxury -s\u00e4hk\u00f6skootteri on ihanteellinen kaikille, jotka etsiv\u00e4t s\u00e4hk\u00f6skootteria, jossa on pitk\u00e4 toimintas\u00e4de, huippumukavuus ja nykyaikaiset tekniset ominaisuudet.<\/p>\n<p>Minimotors-s\u00e4hk\u00f6skootterit ovat tunnettuja tuotteidensa laadusta, erinomaisesta ja omaleimaisesta muotoilusta sek\u00e4 innovatiivisista ratkaisuista. Minimotorsin uusissa Dualtron Victor Luxury s\u00e4hk\u00f6skootteri paketeissa on my\u00f6s kaikki parhaat ominaisuudet. Victor Luxury -s\u00e4hk\u00f6skootterissa on esimerkiksi ZOOM-merkkiset hydrauliset levyjarrut, joissa on erinomainen tuntuma, ja eritt\u00e4in leve\u00e4t 10x3\" ilmarenkaat, jotka yhdess\u00e4 innovatiivisten kumiholkki-iskunvaimentimien kanssa takaavat turvallisen ja nautinnollisen ajokokemuksen.<\/p>\n<p>Kaikki Minimotors Dualtron -s\u00e4hk\u00f6skootterit l\u00f6ytyv\u00e4t <a href=\"http:\/\/www.xn--tuksimaailm-ffb.ee\/tootekategooria\/elektritoukeratas\/\"><strong>t\u00e4\u00e4lt\u00e4<\/strong><\/a>.<\/p>\n<p><iframe title=\"Exquisite Ride! Why the Victor Luxury is a Top Dualtron Electric Scooter - Review\" width=\"1082\" height=\"609\" src=\"https:\/\/www.youtube.com\/embed\/vca7ltU6zHY?start=55&feature=oembed\" frameborder=\"0\" allow=\"accelerometer; autoplay; clipboard-write; encrypted-media; gyroscope; picture-in-picture; web-share\" allowfullscreen><\/iframe><\/p>\n<h2 style=\"text-align: center;\">MINIMOTORS DUALTRON VICTOR LUXURY\u00a0 S\u00c4HK\u00d6SKOOTTERI - TEKNINEN HUIPPUOSAAMINEN<\/h2>\n<p><a href=\"https:\/\/en.everybodywiki.com\/Minimotors\">Minimotors<\/a> on Dualtron-tuotemerkin luojana maailman vanhin yritys, joka on omistautunut s\u00e4hk\u00f6isten skoottereiden kehitt\u00e4miseen ja tuotantoon. Etel\u00e4-Koreasta kotoisin oleva Minimotors aloitti s\u00e4hk\u00f6isten kevytskootteriteknologioiden kehitt\u00e4misen viime vuosisadan lopulla, vuonna 1999, ja vuonna 2015 siit\u00e4 tuli ensimm\u00e4inen etu- ja takapy\u00f6r\u00e4isen s\u00e4hk\u00f6skootterin (Dualtron) keksij\u00e4 ja valmistaja. Victor Luxury -s\u00e4hk\u00f6skootteri on etu- ja takaosan (kaksoismoottori) 1000W huipputehoinen harjaton BLDC DC -s\u00e4hk\u00f6moottoriskootteri.<\/p>\n<p>Suorituskyvyn lis\u00e4ksi Victor Luxury -s\u00e4hk\u00f6skootterit erottuvat ensiluokkaisesta k\u00e4sittelyst\u00e4 ja ajomukavuudesta. Dualtron-s\u00e4hk\u00f6skootterit ovat tunnettuja maailmanlaajuisesti patentoidusta kumiholkki-kasettijousituksestaan. Kumiholkki-kasettijousituksen ansiosta s\u00e4hk\u00f6skootteri voidaan s\u00e4\u00e4t\u00e4\u00e4 kuljettajan toiveiden ja parametrien mukaan.<\/p>\n<p>Uusimman sukupolven Minimotors Dualtron -s\u00e4hk\u00f6potkulaudoissa sek\u00e4 Victor Luxury -s\u00e4hk\u00f6potkulaudassa on iskunvaimennin ja kokoontaitettava ohjaustanko, joka on asennettu ripustusputken alaosaan (pystypuomi) k\u00e4siin kohdistuvan t\u00e4rin\u00e4n v\u00e4hent\u00e4miseksi. Minimotors on pitk\u00e4n kehitysty\u00f6ns\u00e4 aikana my\u00f6s huomannut, ett\u00e4 kokoontaitettavalla ohjaustangolla varustetut s\u00e4hk\u00f6potkulaudat vaativat jossain vaiheessa kokoontaittomekanismin s\u00e4\u00e4t\u00e4mist\u00e4. Siksi Victor Luxury -s\u00e4hk\u00f6skootteri on varustettu markkinoiden kenties parhaalla kokoontaitettavalla ohjaustangolla, jota voidaan s\u00e4\u00e4t\u00e4\u00e4 ilman ty\u00f6kaluja.<\/p>\n<h2 style=\"text-align: center;\">SUORITUSKYKY<\/h2>\n<div class=\"min-h-[20px] text-message flex flex-col items-start gap-3 whitespace-pre-wrap break-words [.text-message+&amp;]:mt-5 overflow-x-auto\" data-message-author-role=\"assistant\" data-message-id=\"bd374079-2ed0-4e97-a236-0568022ac894\">\n<div class=\"markdown prose w-full break-words dark:prose-invert light\">\n<p>Kaksivetoisella Dualtron Victor Luxury s\u00e4hk\u00f6potkulaudalla saavutetaan valmistajan ilmoittama 25 km\/h nopeus v\u00e4litt\u00f6m\u00e4sti sen eritt\u00e4in tehokkaiden harjattomien moottoreiden ansiosta. Vahvasti rakennettu ja kyvyk\u00e4s Victor Luxury s\u00e4hk\u00f6potkulauta ei anna periksi edes kaikkein haastavimmissa ja raskaimmissa olosuhteissa. Tehdasasetusten mukaan Victor Luxury selvi\u00e4\u00e4 onnistuneesti jopa 30% nousuista ja p\u00e4rj\u00e4\u00e4 hyvin my\u00f6s 120kg kuljettajan kanssa.<\/p>\n<\/div>\n<\/div>\n<p>\u00a0<\/p>\n<div class=\"min-h-[20px] text-message flex flex-col items-start gap-3 whitespace-pre-wrap break-words [.text-message+&amp;]:mt-5 overflow-x-auto\" data-message-author-role=\"assistant\" data-message-id=\"bab4e148-16fd-4181-a2ec-b4ed7de84a7f\">\n<div class=\"markdown prose w-full break-words dark:prose-invert light\">\n<p>Pitk\u00e4kestoisen ajokokemuksen varmistamiseksi Victor Luxury s\u00e4hk\u00f6potkulaudat on varustettu suurella Li-Ion akkupaketilla. Victor Luxury s\u00e4hk\u00f6potkulaudat ovat saatavilla sek\u00e4 60V \/ 24Ah (1440Wh) ett\u00e4 60V \/ 30Ah (1800Wh) Li-Ion akkupaketilla. Suuremmalla, 30Ah Li-ion akkupaketilla varustettu s\u00e4hk\u00f6potkulauta on hieman kalliimpi, mutta vastineeksi pidemm\u00e4ll\u00e4 toimintas\u00e4teell\u00e4 ja laadukkailla LG:n akkumoduuleilla (tai elementeill\u00e4). Valmistajan spesifikaation mukaan 24Ah Li-Ion akkupaketilla varustettu Victor Luxury s\u00e4hk\u00f6potkulauta on t\u00e4ysin ladattavissa 11 tunnissa ja 30Ah Li-ion akkupaketilla varustettu Victor Luxury s\u00e4hk\u00f6potkulauta 15 tunnissa.<\/p>\n<\/div>\n<\/div>\n<p>\u00a0<\/p>\n<h2 style=\"text-align: center;\">DUALTRON VICTOR LUXURY S\u00c4HK\u00d6SKOOTTERI - AJO PIME\u00c4SS\u00c4<\/h2>\n<div class=\"min-h-[20px] text-message flex flex-col items-start gap-3 whitespace-pre-wrap break-words [.text-message+&amp;]:mt-5 overflow-x-auto\" data-message-author-role=\"assistant\" data-message-id=\"b339757f-d806-42cd-90dc-0f2e6481c6e6\">\n<div class=\"markdown prose w-full break-words dark:prose-invert light\">\n<p>H\u00e4m\u00e4r\u00e4ss\u00e4 ja pime\u00e4ss\u00e4 ajamiseen Victor Luxury s\u00e4hk\u00f6potkulauta on varustettu sek\u00e4 etu- ett\u00e4 taka-LED-valoilla, jotka valaisevat tienpintaa ja auttavat varmistamaan kuljettajan n\u00e4kyvyyden muille tiell\u00e4liikkujille. Lis\u00e4ksi Victor Luxury s\u00e4hk\u00f6potkulauta on varustettu v\u00e4ri\u00e4 vaihtavilla RGB-valoilla sek\u00e4 ohjaustangossa ett\u00e4 seisontalaudalla.<\/p>\n<\/div>\n<\/div>\n<p>\u00a0<\/p>\n<p><strong style=\"box-sizing: inherit; margin: 0px; padding: 0px; border: 0px; font-variant-numeric: inherit; font-variant-east-asian: inherit; font-stretch: inherit; font-size: 17px; line-height: inherit;\">Dualtron Victor Luxury -s\u00e4hk\u00f6skootteri on Viron liikennelain mukainen katulain mukainen kevytskootteri, jonka valmistajan teho on 1000W ja valmistajan nopeus 25km\/h. HUOMAA: Jos k\u00e4ytt\u00e4j\u00e4 on itsen\u00e4isesti muuttanut s\u00e4hk\u00f6skootteria nopeammaksi tai tehokkaammaksi kuin edell\u00e4 mainitut parametrit, T\u00f5uksimaailm\/Potkulautamaailma ei ole vastuussa lain rikkomisesta aiheutuvista sakoista, s\u00e4hk\u00f6skootterin takavarikoimisesta poliisin toimesta tai mist\u00e4\u00e4n muustakaan rikkomisesta aiheutuneesta vahingosta.<\/strong><\/p>\n<table class=\"tg\" style=\"border-collapse: collapse; max-width: 600px; border-spacing: 0px; margin: 0px auto; width: 84%; height: 545px;\">\n<tbody>\n<tr style=\"height: 27px;\">\n<td style=\"background-color: #e4e1e1; color: #333333; font-family: inherit; font-size: 14px; font-weight: bold; overflow: hidden; padding: 5px; text-align: center; vertical-align: top; word-break: normal; border: 1px solid; height: 27px;\" colspan=\"2\">Tekniset tiedot<\/td>\n<\/tr>\n<tr style=\"height: 27px;\">\n<td style=\"background-color: #e4e1e1; color: #333333; font-family: inherit; font-size: 14px; font-weight: bold; overflow: hidden; padding: 5px; text-align: right; vertical-align: top; word-break: normal; border: 1px solid; height: 27px;\">Malli<\/td>\n<td style=\"font-family: inherit; font-size: 14px; overflow: hidden; padding: 5px; text-align: center; vertical-align: top; word-break: normal; border: 1px solid; height: 27px;\">Minimotors Dualtron Victor Luxury<\/td>\n<\/tr>\n<tr style=\"height: 55px;\">\n<td style=\"background-color: #e4e1e1; color: #333333; font-family: inherit; font-size: 14px; font-weight: bold; overflow: hidden; padding: 5px; text-align: right; vertical-align: top; word-break: normal; border: 1px solid; height: 55px;\">Akku<\/td>\n<td style=\"font-family: inherit; font-size: 14px; overflow: hidden; padding: 5px; text-align: center; vertical-align: top; word-break: normal; border: 1px solid; height: 55px;\">60V\/30Ah v\u00f5i 60V\/24Ah Li-Ion (LG 21700 akkumoduulit)<\/td>\n<\/tr>\n<tr style=\"height: 27px;\">\n<td style=\"background-color: #e4e1e1; color: #333333; font-family: inherit; font-size: 14px; font-weight: bold; overflow: hidden; padding: 5px; text-align: right; vertical-align: top; word-break: normal; border: 1px solid; height: 27px;\">Moottorin teho<\/td>\n<td style=\"font-family: inherit; font-size: 14px; overflow: hidden; padding: 5px; text-align: center; vertical-align: top; word-break: normal; border: 1px solid; height: 27px;\">tuotaja m\u00e4\u00e4rittely teho 1000W<\/td>\n<\/tr>\n<tr style=\"height: 55px;\">\n<td style=\"background-color: #e4e1e1; color: #333333; font-family: inherit; font-size: 14px; font-weight: bold; overflow: hidden; padding: 5px; text-align: right; vertical-align: top; word-break: normal; border: 1px solid; height: 55px;\">Ajomatka (ECO-tilassa), valmistajan m\u00e4\u00e4rittely | Arvioitu ajomatka<\/td>\n<td style=\"font-family: inherit; font-size: 14px; overflow: hidden; padding: 5px; text-align: center; vertical-align: top; word-break: normal; border: 1px solid; height: 55px;\">jopa 100km (30Ah akku); 80km (24Ah akku) | 96km (25km\/h, 70kg kuljettaja, 15Wh\/km)<\/td>\n<\/tr>\n<tr style=\"height: 55px;\">\n<td style=\"background-color: #e4e1e1; color: #333333; font-family: inherit; font-size: 14px; font-weight: bold; overflow: hidden; padding: 5px; text-align: right; vertical-align: top; word-break: normal; border: 1px solid; height: 55px;\">Etujarru<\/td>\n<td style=\"font-family: inherit; font-size: 14px; overflow: hidden; padding: 5px; text-align: center; vertical-align: top; word-break: normal; border: 1px solid; height: 55px;\">Zoom-br\u00e4ndin hydraulinen levyjarru + magneettinen moottorijarru<\/td>\n<\/tr>\n<tr style=\"height: 55px;\">\n<td style=\"background-color: #e4e1e1; color: #333333; font-family: inherit; font-size: 14px; font-weight: bold; overflow: hidden; padding: 5px; text-align: right; vertical-align: top; word-break: normal; border: 1px solid; height: 55px;\">Takajarru<\/td>\n<td style=\"font-family: inherit; font-size: 14px; overflow: hidden; padding: 5px; text-align: center; vertical-align: top; word-break: normal; border: 1px solid; height: 55px;\">Zoom-br\u00e4ndin hydraulinen levyjarru + magneettinen moottorijarru<\/td>\n<\/tr>\n<tr style=\"height: 27px;\">\n<td style=\"background-color: #e4e1e1; color: #333333; font-family: inherit; font-size: 14px; font-weight: bold; overflow: hidden; padding: 5px; text-align: right; vertical-align: top; word-break: normal; border: 1px solid; height: 27px;\">Latausaika (60V \/ 30Ah)<\/td>\n<td style=\"font-family: inherit; font-size: 14px; overflow: hidden; padding: 5px; text-align: center; vertical-align: top; word-break: normal; border: 1px solid; height: 27px;\">15h \u2013 vakiolaturilla; 6h \u2013 pikalaturilla<\/td>\n<\/tr>\n<tr style=\"height: 27px;\">\n<td style=\"background-color: #e4e1e1; color: #333333; font-family: inherit; font-size: 14px; font-weight: bold; overflow: hidden; padding: 5px; text-align: right; vertical-align: top; word-break: normal; border: 1px solid; height: 27px;\">Painorajoitus<\/td>\n<td style=\"font-family: inherit; font-size: 14px; overflow: hidden; padding: 5px; text-align: center; vertical-align: top; word-break: normal; border: 1px solid; height: 27px;\">120kg<\/td>\n<\/tr>\n<tr style=\"height: 27px;\">\n<td style=\"background-color: #e4e1e1; color: #333333; font-family: inherit; font-size: 14px; font-weight: bold; overflow: hidden; padding: 5px; text-align: right; vertical-align: top; word-break: normal; border: 1px solid; height: 27px;\">Tuotaja m\u00e4\u00e4rittely nopeus<\/td>\n<td style=\"font-family: inherit; font-size: 14px; overflow: hidden; padding: 5px; text-align: center; vertical-align: top; word-break: normal; border: 1px solid; height: 27px;\">25km\/h<\/td>\n<\/tr>\n<tr style=\"height: 27px;\">\n<td style=\"background-color: #e4e1e1; color: #333333; font-family: inherit; font-size: 14px; font-weight: bold; overflow: hidden; padding: 5px; text-align: right; vertical-align: top; word-break: normal; border: 1px solid; height: 27px;\">Paino<\/td>\n<td style=\"font-family: inherit; font-size: 14px; overflow: hidden; padding: 5px; text-align: center; vertical-align: top; word-break: normal; border: 1px solid; height: 27px;\">30kg (24Ah) \/ 32kg (30Ah)<\/td>\n<\/tr>\n<tr style=\"height: 27px;\">\n<td style=\"background-color: #e4e1e1; color: #333333; font-family: inherit; font-size: 14px; font-weight: bold; overflow: hidden; padding: 5px; text-align: right; vertical-align: top; word-break: normal; border: 1px solid; height: 27px;\">Renkaat<\/td>\n<td style=\"font-family: inherit; font-size: 14px; overflow: hidden; padding: 5px; text-align: center; vertical-align: top; word-break: normal; border: 1px solid; height: 27px;\">10\u00d73.00\u2033 laiad sisekummiga \u00f5hkrehvid<\/td>\n<\/tr>\n<tr style=\"height: 27px;\">\n<td style=\"background-color: #e4e1e1; color: #333333; font-family: inherit; font-size: 14px; font-weight: bold; overflow: hidden; padding: 5px; text-align: right; vertical-align: top; word-break: normal; border: 1px solid; height: 27px;\">Amortisaattorit<\/td>\n<td style=\"font-family: inherit; font-size: 14px; overflow: hidden; padding: 5px; text-align: center; vertical-align: top; word-break: normal; border: 1px solid; height: 27px;\">Kumiholkkikasetit - 5 eri j\u00e4ykkyysvaihtoehtoa<\/td>\n<\/tr>\n<tr style=\"height: 55px;\">\n<td style=\"background-color: #e4e1e1; color: #333333; font-family: inherit; font-size: 14px; font-weight: bold; overflow: hidden; padding: 5px; text-align: right; vertical-align: top; word-break: normal; border: 1px solid; height: 55px;\">Valot<\/td>\n<td style=\"font-family: inherit; font-size: 14px; overflow: hidden; padding: 5px; text-align: center; vertical-align: top; word-break: normal; border: 1px solid; height: 55px;\">LED etu- ja takavalot, jarruvalot, varoitusvalot, LED-valot<\/td>\n<\/tr>\n<tr style=\"height: 27px;\">\n<td style=\"background-color: #e4e1e1; color: #333333; font-family: inherit; font-size: 14px; font-weight: bold; overflow: hidden; padding: 5px; text-align: right; vertical-align: top; word-break: normal; border: 1px solid; height: 27px;\">Tien enim\u00e4iskaltevuus<\/td>\n<td style=\"font-family: inherit; font-size: 14px; overflow: hidden; padding: 5px; text-align: center; vertical-align: top; word-break: normal; border: 1px solid; height: 27px;\">30%<\/td>\n<\/tr>\n<\/tbody>\n<\/table>\n","protected":false},"excerpt":{"rendered":"<p><a href=\"http:\/\/www.xn--tuksimaailm-ffb.ee\/kontakt\/\"><strong>L\u00f6ysitk\u00f6 paremman hinnan? Kirjoita meille, niin teemme sinulle paremman tarjouksen!<\/strong><\/a><\/p>\n<p><strong>Kaikki\u00a0<a href=\"http:\/\/www.xn--tuksimaailm-ffb.ee\/tootekategooria\/lisavarustus\/\">lis\u00e4varusteet<\/a>\u00a0ja\u00a0<a href=\"https:\/\/www.xn\u2014tuksimaailm-ffb.ee\/tootekategooria\/elektritoukeratta-varuosad\/\">varaosat<\/a> ovat\u00a0-20%, kun ne ostetaan s\u00e4hk\u00f6skootterin kanssa. Alennus otetaan automaattisesti k\u00e4ytt\u00f6\u00f6n, kun lis\u00e4\u00e4t sen ostoskoriin!<\/strong><\/p>\n<p><em><strong>Toimitusaika: 1-5tp<\/p>\n<p><\/strong><\/em><\/p>\n","protected":false},"featured_media":33152,"template":"","meta":[],"product_brand":[],"product_cat":[926],"product_tag":[],"filter_elektritoukeratas":[],"class_list":{"0":"post-40954","1":"product","2":"type-product","3":"status-publish","4":"has-post-thumbnail","6":"product_cat-sahkopotkulaudat-fi","7":"product_shipping_class-keskmine-pakk-fi","8":"pa_aku-mahutavus-wh-1440-fi","9":"pa_aku-mahutavus-wh-1800-fi","10":"pa_kaal-kg-32-fi","11":"pa_kandevoime-kg-120-fi","12":"pa_labisoit-arvutuslik-km-120-fi","13":"pa_mootorite-arv-kahdella-moottorilla","14":"pa_muuja-platvormil-touksimaailm-exocool-ou-fi","15":"pa_piiramata-tippkiirus-kmh-25-fi","16":"pa_size-dualtron-victor-luxuruy-30ah-fi","17":"pa_size-dualtron-victor-luxury-24ah-fi","18":"pa_tootetuup-elektritoukeratas-fi","19":"pa_valmistaja-dualtron-fi","20":"pa_voimsus-w-1000-fi","22":"first","23":"instock","24":"sale","25":"taxable","26":"shipping-taxable","27":"purchasable","28":"product-type-variable"},"yoast_head":"<!-- This site is optimized with the Yoast SEO Premium plugin v26.8 (Yoast SEO v27.3) - https:\/\/yoast.com\/product\/yoast-seo-premium-wordpress\/ -->\n<title>Dualtron Victor Luxury s\u00e4hk\u00f6potkulauta | T\u00f5uksimaailm | M\u00fc\u00fck<\/title>\n<meta name=\"description\" content=\"Dualtron Victor Luxury elektrit\u00f5ukeratas. Stabiilse juhitavusega elektriline t\u00f5ukeratas. Kompaktsed elektrilised t\u00f5ukerattad. Minimotors elektrit\u00f5ukerattad.\" \/>\n<meta name=\"robots\" content=\"index, follow, max-snippet:-1, max-image-preview:large, max-video-preview:-1\" \/>\n<link rel=\"canonical\" href=\"https:\/\/www.xn--tuksimaailm-ffb.ee\/fi\/shop\/dualtron-victor-luxury-sahkopotkulauta\/\" \/>\n<meta property=\"og:locale\" content=\"fi_FI\" \/>\n<meta property=\"og:type\" content=\"article\" \/>\n<meta property=\"og:title\" content=\"Dualtron Victor Luxury s\u00e4hk\u00f6potkulauta\" \/>\n<meta property=\"og:description\" content=\"Dualtron Victor Luxury elektrit\u00f5ukeratas. Stabiilse juhitavusega elektriline t\u00f5ukeratas. Kompaktsed elektrilised t\u00f5ukerattad. Minimotors elektrit\u00f5ukerattad.\" \/>\n<meta property=\"og:url\" content=\"https:\/\/www.xn--tuksimaailm-ffb.ee\/fi\/shop\/dualtron-victor-luxury-sahkopotkulauta\/\" \/>\n<meta property=\"og:site_name\" content=\"T\u00f5uksimaailm\" \/>\n<meta property=\"article:publisher\" content=\"https:\/\/www.facebook.com\/touksimaailm\/\" \/>\n<meta property=\"article:modified_time\" content=\"2024-11-06T15:08:10+00:00\" \/>\n<meta property=\"og:image\" content=\"https:\/\/www.xn--tuksimaailm-ffb.ee\/wp-content\/uploads\/2023\/03\/Dualtron-Victor-Luxury-elektritoukeratas-elektriline-toukeratas-elektritoukerattad-elektrilised-toukerattad-2-jpeg.webp\" \/>\n\t<meta property=\"og:image:width\" content=\"1000\" \/>\n\t<meta property=\"og:image:height\" content=\"1020\" \/>\n\t<meta property=\"og:image:type\" content=\"image\/jpeg\" \/>\n<meta name=\"twitter:card\" content=\"summary_large_image\" \/>\n<meta name=\"twitter:label1\" content=\"Saatavuus\" \/>\n\t<meta name=\"twitter:data1\" content=\"Varastossa\" \/>\n<meta property=\"og:availability\" content=\"instock\" \/>\n<meta property=\"product:availability\" content=\"instock\" \/>\n<meta property=\"product:retailer_item_id\" content=\"DT-VICTOR-LUXURY\" \/>\n<meta property=\"product:condition\" content=\"new\" \/>\n<!-- \/ Yoast SEO Premium plugin. -->","yoast_head_json":{"title":"Dualtron Victor Luxury s\u00e4hk\u00f6potkulauta | T\u00f5uksimaailm | M\u00fc\u00fck","description":"Dualtron Victor Luxury elektrit\u00f5ukeratas. Stabiilse juhitavusega elektriline t\u00f5ukeratas. Kompaktsed elektrilised t\u00f5ukerattad. Minimotors elektrit\u00f5ukerattad.","robots":{"index":"index","follow":"follow","max-snippet":"max-snippet:-1","max-image-preview":"max-image-preview:large","max-video-preview":"max-video-preview:-1"},"canonical":"https:\/\/www.xn--tuksimaailm-ffb.ee\/fi\/shop\/dualtron-victor-luxury-sahkopotkulauta\/","og_locale":"fi_FI","og_type":"article","og_title":"Dualtron Victor Luxury s\u00e4hk\u00f6potkulauta","og_description":"Dualtron Victor Luxury elektrit\u00f5ukeratas. Stabiilse juhitavusega elektriline t\u00f5ukeratas. Kompaktsed elektrilised t\u00f5ukerattad. Minimotors elektrit\u00f5ukerattad.","og_url":"https:\/\/www.xn--tuksimaailm-ffb.ee\/fi\/shop\/dualtron-victor-luxury-sahkopotkulauta\/","og_site_name":"T\u00f5uksimaailm","article_publisher":"https:\/\/www.facebook.com\/touksimaailm\/","article_modified_time":"2024-11-06T15:08:10+00:00","og_image":[{"width":1000,"height":1020,"url":"https:\/\/www.xn--tuksimaailm-ffb.ee\/wp-content\/uploads\/2023\/03\/Dualtron-Victor-Luxury-elektritoukeratas-elektriline-toukeratas-elektritoukerattad-elektrilised-toukerattad-2-jpeg.webp","type":"image\/jpeg"}],"twitter_card":"summary_large_image","twitter_misc":{"Saatavuus":"Varastossa"},"schema":{"@context":"https:\/\/schema.org","@graph":[{"@type":"WebPage","@id":"https:\/\/www.xn--tuksimaailm-ffb.ee\/fi\/shop\/dualtron-victor-luxury-sahkopotkulauta\/","url":"https:\/\/www.xn--tuksimaailm-ffb.ee\/fi\/shop\/dualtron-victor-luxury-sahkopotkulauta\/","name":"Dualtron Victor Luxury s\u00e4hk\u00f6potkulauta | T\u00f5uksimaailm | M\u00fc\u00fck","isPartOf":{"@id":"https:\/\/www.xn--tuksimaailm-ffb.ee\/fi\/#website"},"primaryImageOfPage":{"@id":"https:\/\/www.xn--tuksimaailm-ffb.ee\/fi\/shop\/dualtron-victor-luxury-sahkopotkulauta\/#primaryimage"},"image":{"@id":"https:\/\/www.xn--tuksimaailm-ffb.ee\/fi\/shop\/dualtron-victor-luxury-sahkopotkulauta\/#primaryimage"},"thumbnailUrl":"https:\/\/www.xn--tuksimaailm-ffb.ee\/wp-content\/uploads\/2023\/03\/Dualtron-Victor-Luxury-elektritoukeratas-elektriline-toukeratas-elektritoukerattad-elektrilised-toukerattad-2-jpeg.webp","datePublished":"2023-03-10T12:45:25+00:00","dateModified":"2024-11-06T15:08:10+00:00","description":"Dualtron Victor Luxury elektrit\u00f5ukeratas. Stabiilse juhitavusega elektriline t\u00f5ukeratas. Kompaktsed elektrilised t\u00f5ukerattad. Minimotors elektrit\u00f5ukerattad.","breadcrumb":{"@id":"https:\/\/www.xn--tuksimaailm-ffb.ee\/fi\/shop\/dualtron-victor-luxury-sahkopotkulauta\/#breadcrumb"},"inLanguage":"fi","potentialAction":[{"@type":"ReadAction","target":["https:\/\/www.xn--tuksimaailm-ffb.ee\/fi\/shop\/dualtron-victor-luxury-sahkopotkulauta\/"]}]},{"@type":"ImageObject","inLanguage":"fi","@id":"https:\/\/www.xn--tuksimaailm-ffb.ee\/fi\/shop\/dualtron-victor-luxury-sahkopotkulauta\/#primaryimage","url":"https:\/\/www.xn--tuksimaailm-ffb.ee\/wp-content\/uploads\/2023\/03\/Dualtron-Victor-Luxury-elektritoukeratas-elektriline-toukeratas-elektritoukerattad-elektrilised-toukerattad-2-jpeg.webp","contentUrl":"https:\/\/www.xn--tuksimaailm-ffb.ee\/wp-content\/uploads\/2023\/03\/Dualtron-Victor-Luxury-elektritoukeratas-elektriline-toukeratas-elektritoukerattad-elektrilised-toukerattad-2-jpeg.webp","width":1000,"height":1020,"caption":"Dualtron Victor Luxury elektrit\u00f5ukeratas elektriline t\u00f5ukeratas elektrit\u00f5ukerattad elektrilised t\u00f5ukerattad 2"},{"@type":"BreadcrumbList","@id":"https:\/\/www.xn--tuksimaailm-ffb.ee\/fi\/shop\/dualtron-victor-luxury-sahkopotkulauta\/#breadcrumb","itemListElement":[{"@type":"ListItem","position":1,"name":"Home","item":"https:\/\/www.xn--tuksimaailm-ffb.ee\/fi\/kotisivu\/"},{"@type":"ListItem","position":2,"name":"Kauppa","item":"https:\/\/www.xn--tuksimaailm-ffb.ee\/elektritoukerataste-pood\/"},{"@type":"ListItem","position":3,"name":"Dualtron Victor Luxury s\u00e4hk\u00f6potkulauta"}]},{"@type":"WebSite","@id":"https:\/\/www.xn--tuksimaailm-ffb.ee\/fi\/#website","url":"https:\/\/www.xn--tuksimaailm-ffb.ee\/fi\/","name":"T\u00f5uksimaailm","description":"Elektrit\u00f5ukerataste m\u00fc\u00fck, remont ja rent","publisher":{"@id":"https:\/\/www.xn--tuksimaailm-ffb.ee\/fi\/#organization"},"potentialAction":[{"@type":"SearchAction","target":{"@type":"EntryPoint","urlTemplate":"https:\/\/www.xn--tuksimaailm-ffb.ee\/fi\/?s={search_term_string}"},"query-input":{"@type":"PropertyValueSpecification","valueRequired":true,"valueName":"search_term_string"}}],"inLanguage":"fi"},{"@type":"Organization","@id":"https:\/\/www.xn--tuksimaailm-ffb.ee\/fi\/#organization","name":"T\u00f5uksimaailm","url":"https:\/\/www.xn--tuksimaailm-ffb.ee\/fi\/","logo":{"@type":"ImageObject","inLanguage":"fi","@id":"https:\/\/www.xn--tuksimaailm-ffb.ee\/fi\/#\/schema\/logo\/image\/","url":"https:\/\/www.xn--tuksimaailm-ffb.ee\/wp-content\/uploads\/2020\/01\/logoz-e1579792875517.png","contentUrl":"https:\/\/www.xn--tuksimaailm-ffb.ee\/wp-content\/uploads\/2020\/01\/logoz-e1579792875517.png","width":250,"height":250,"caption":"T\u00f5uksimaailm"},"image":{"@id":"https:\/\/www.xn--tuksimaailm-ffb.ee\/fi\/#\/schema\/logo\/image\/"},"sameAs":["https:\/\/www.facebook.com\/touksimaailm\/","https:\/\/www.instagram.com\/touksimaailm_\/","https:\/\/www.youtube.com\/channel\/UC18ml0EKIDLP1xGuQjFzcXQ"]}]},"og_availability":"instock","product_availability":"instock","product_retailer_item_id":"DT-VICTOR-LUXURY","product_condition":"new"},"jetpack_sharing_enabled":true,"_links":{"self":[{"href":"https:\/\/www.xn--tuksimaailm-ffb.ee\/fi\/wp-json\/wp\/v2\/product\/40954","targetHints":{"allow":["GET"]}}],"collection":[{"href":"https:\/\/www.xn--tuksimaailm-ffb.ee\/fi\/wp-json\/wp\/v2\/product"}],"about":[{"href":"https:\/\/www.xn--tuksimaailm-ffb.ee\/fi\/wp-json\/wp\/v2\/types\/product"}],"wp:featuredmedia":[{"embeddable":true,"href":"https:\/\/www.xn--tuksimaailm-ffb.ee\/fi\/wp-json\/wp\/v2\/media\/33152"}],"wp:attachment":[{"href":"https:\/\/www.xn--tuksimaailm-ffb.ee\/fi\/wp-json\/wp\/v2\/media?parent=40954"}],"wp:term":[{"taxonomy":"product_brand","embeddable":true,"href":"https:\/\/www.xn--tuksimaailm-ffb.ee\/fi\/wp-json\/wp\/v2\/product_brand?post=40954"},{"taxonomy":"product_cat","embeddable":true,"href":"https:\/\/www.xn--tuksimaailm-ffb.ee\/fi\/wp-json\/wp\/v2\/product_cat?post=40954"},{"taxonomy":"product_tag","embeddable":true,"href":"https:\/\/www.xn--tuksimaailm-ffb.ee\/fi\/wp-json\/wp\/v2\/product_tag?post=40954"},{"taxonomy":"filter_elektritoukeratas","embeddable":true,"href":"https:\/\/www.xn--tuksimaailm-ffb.ee\/fi\/wp-json\/wp\/v2\/filter_elektritoukeratas?post=40954"}],"curies":[{"name":"wp","href":"https:\/\/api.w.org\/{rel}","templated":true}]}}