{"id":40983,"date":"2023-02-26T17:47:17","date_gmt":"2023-02-26T15:47:17","guid":{"rendered":"http:\/\/www.xn--tuksimaailm-ffb.ee\/shop\/segway-ninebot-f40i-sahkopotkulauta\/"},"modified":"2024-11-06T18:20:30","modified_gmt":"2024-11-06T15:20:30","slug":"segway-ninebot-f40i-sahkopotkulauta","status":"publish","type":"product","link":"https:\/\/www.xn--tuksimaailm-ffb.ee\/fi\/shop\/segway-ninebot-f40i-sahkopotkulauta\/","title":{"rendered":"Segway Ninebot F40I s\u00e4hk\u00f6potkulauta"},"content":{"rendered":"<h2 style=\"text-align: center;\">SEGWAY NINEBOT F40I S\u00c4HK\u00d6SKOOTTERI - TUOTEKUVAUS<\/h2>\n<p>Segway Ninebot F40I on ihanteellinen s\u00e4hk\u00f6potkulauta kaupunkiseikkailijoille. Ninebot F40I -s\u00e4hk\u00f6skootterissa on suuri akku ja se on juuri ja juuri keskikastia uusien F-sarjan s\u00e4hk\u00f6skoottereiden joukossa. Ninebot F40I -s\u00e4hk\u00f6skootterin suorituskyky on kuitenkin keskim\u00e4\u00e4r\u00e4ist\u00e4 parempi. Lis\u00e4ksi Segway Ninebot F40I -s\u00e4hk\u00f6skootterit on rakennettu kest\u00e4m\u00e4\u00e4n. Siksi uusissa Ninebot F40I -s\u00e4hk\u00f6skoottereissa yhdistyv\u00e4t hyv\u00e4 teho ja vankka runkorakenne, joten ne ovat riitt\u00e4v\u00e4n tehokkaita selviytym\u00e4\u00e4n vaikeistakin tilanteista.<\/p>\n<p>F40I-s\u00e4hk\u00f6skootterilla on minimalistinen ja kompakti muotoilu, mutta muotoilu ei ole ainoa asia, joka tekee Ninebot F40I:st\u00e4 erottuvan. Varustettuna suurilla ja paksuilla 10\" tubeless \/ letkuttomilla pneumaattisilla renkailla, jotka lukkiutuvat itsest\u00e4\u00e4n, kun ne puhkeavat, Ninebot F40I -s\u00e4hk\u00f6skootteri tarjoaa vakaan k\u00e4sittelyn ja huolettoman ajokokemuksen. Ninebot F40I -s\u00e4hk\u00f6skootterissa on my\u00f6s lukuisia nykyaikaisia lis\u00e4varusteita ja kaikki, mit\u00e4 kunnon s\u00e4hk\u00f6skootterin pit\u00e4isi sis\u00e4lt\u00e4\u00e4. Lis\u00e4ksi Ninebot F40I -s\u00e4hk\u00f6skootteri eroaa monista muista suosituista s\u00e4hk\u00f6skoottereista siin\u00e4, ett\u00e4 Ninebot F40I -s\u00e4hk\u00f6skootteri on varustettu sek\u00e4 etu- ett\u00e4 takasuuntavilkuilla.<\/p>\n<p>Kaiken kaikkiaan F40I on kompakti ja kevyt. Samalla Ninebot F40I -s\u00e4hk\u00f6potkulauta on riitt\u00e4v\u00e4n tehokas k\u00e4ytett\u00e4v\u00e4ksi jokap\u00e4iv\u00e4isen\u00e4 kulkuv\u00e4lineen\u00e4 kaupunkiliikenteess\u00e4 erinomaisten ominaisuuksiensa ansiosta. Ninebot F40I -s\u00e4hk\u00f6skootteri on F-sarjan keskiluokan skootteri. F-sarjan tehokkain malli, Segway Ninebot F65I l\u00f6ytyy <a href=\"http:\/\/www.xn--tuksimaailm-ffb.ee\/shop\/segway-ninebot-f65-elektritoukeratas\/\">t\u00e4\u00e4lt\u00e4<\/a>. Kaikki muut Segway Ninebot F-sarjan s\u00e4hk\u00f6skootterit l\u00f6yd\u00e4t <a href=\"http:\/\/www.xn--tuksimaailm-ffb.ee\/tootekategooria\/elektritoukeratas\/?swoof=1&amp;pa_valmistaja=segway&amp;really_curr_tax=21-product_cat\">t\u00e4\u00e4lt\u00e4<\/a>.<\/p>\n<p><iframe title=\"Ninebot KickScooter F25I by Segway\" width=\"1082\" height=\"609\" src=\"https:\/\/www.youtube.com\/embed\/_-uMbDUA5wg?feature=oembed\" frameborder=\"0\" allow=\"accelerometer; autoplay; clipboard-write; encrypted-media; gyroscope; picture-in-picture; web-share\" allowfullscreen><\/iframe><\/p>\n<h2 style=\"text-align: center;\">SEGWAY NINEBOT F40I S\u00c4HK\u00d6POTKULAUTA - HELPPO JA HIENOSTUNUT<\/h2>\n<p>Ninebot F40I -s\u00e4hk\u00f6potkulauta on kevyt ja sen runko on minimalistinen. Valmistajan erittelyn mukaan Segway Ninebot F40I -s\u00e4hk\u00f6skootteri painaa <strong>vain 17,8kg<\/strong>. Helposti vipumekanismilla kokoontaitettava Ninebot F40I -s\u00e4hk\u00f6skootteri on erityisen k\u00e4yt\u00e4nn\u00f6llinen edell\u00e4 mainittujen ominaisuuksien ansiosta. Ninebot F40I -skootteri on tehty helposti kuljetettavaksi.<\/p>\n<p>Kevyen rakenteensa lis\u00e4ksi Ninebot F40I -s\u00e4hk\u00f6skootterissa on monia muita hyvi\u00e4 ominaisuuksia. Esimerkiksi Ninebot F40I -s\u00e4hk\u00f6skootteri on <strong>varustettu 10 tuuman tubeless-ilmarenkailla (ilman sis\u00e4kumia)<\/strong>. Hyv\u00e4t renkaat parantavat my\u00f6s huomattavasti turvallisuutta, mutta hyv\u00e4t renkaat eiv\u00e4t yksin riit\u00e4, mink\u00e4 vuoksi Ninebot F40I -s\u00e4hk\u00f6skootterissa on my\u00f6s hyv\u00e4 jarruj\u00e4rjestelm\u00e4.<\/p>\n<p>Ninebot F40I -s\u00e4hk\u00f6skoottereissa on elektroninen etujarru ja mekaaninen takalevyjarru. T\u00e4ss\u00e4 yhdistelm\u00e4ss\u00e4 Segway Ninebot F40I -s\u00e4hk\u00f6skoottereissa on <strong>erityisen hyv\u00e4 ja tasainen jarrutusteho<\/strong>. Ninebot F40I -s\u00e4hk\u00f6skootterit ovat <strong>mobiilisovellusyhteensopivia<\/strong> elektronisen jarrun voimakkuuden ja muiden tietojen muuttamiseksi. T\u00e4t\u00e4 varten Ninebot F40I -s\u00e4hk\u00f6potkulaudoissa <strong>on Bluetooth<\/strong>. Bluetoothilla Ninebot F40I -skootterit ovat <strong>elektronisesti lukittavissa<\/strong>. On kuitenkin edelleen suositeltavaa lukita skootteri fyysisesti johonkin.<\/p>\n<h2 style=\"text-align: center;\">SEGWAY NINEBOT F40I ELEKTRILINE T\u00d5UKERATAS - TEHNILINE KIRJELDUS<\/h2>\n<p>Segway Ninebot F40I -skootteri on vankkarakenteinen ja sen maksimiteho on 700W, joten se selviytyy vaikeimmistakin tilanteista. Jopa 20 prosentin nousuissa Ninebot F40I ei anna periksi. Lis\u00e4ksi tehtaan erittelyn mukaan Ninebot F40I -s\u00e4hk\u00f6skootteri pystyy kuljettamaan jopa 120kg:n painoa.<\/p>\n<div class=\"min-h-[20px] text-message flex flex-col items-start gap-3 whitespace-pre-wrap break-words [.text-message+&amp;]:mt-5 overflow-x-auto\" data-message-author-role=\"assistant\" data-message-id=\"5ba55b4b-f7ac-4115-a916-df0d6908e5f3\">\n<div class=\"markdown prose w-full break-words dark:prose-invert light\">\n<p>Riitt\u00e4v\u00e4n virtatarpeen takaamiseksi s\u00e4hk\u00f6potkulauta Ninebot F40I on varustettu sopivan kokoisella Li-ion akkupaketilla. Neli\u00f6aalto-ohjaimen avulla 10.2Ah (367Wh) akkupaketista siirtyy s\u00e4hk\u00f6moottoriin tarpeeksi energiaa, jotta voidaan kattaa enint\u00e4\u00e4n 40km matka. Meid\u00e4n laskelmiemme mukaan (15Wh\/km) s\u00e4hk\u00f6potkulauta, jossa on 70kg kuljettaja ja joka ajaa tasaisella nopeudella (25km\/h), pystyy kulkemaan jopa 25km.<\/p>\n<\/div>\n<\/div>\n<p>\u00a0<\/p>\n<p>Ninebot F40I -s\u00e4hk\u00f6potkulauta on suhteellisen nopea latausaika. Akun t\u00e4yteen lataaminen 0-100%:sta kest\u00e4\u00e4 6,5tuntia, ja s\u00e4hk\u00f6potkulauta on my\u00f6s k\u00e4tev\u00e4sti saatavilla latausportin sijainnilla. T\u00e4m\u00e4n vuoksi hyv\u00e4ll\u00e4 lataussuunnittelulla skootteri pystyy kulkemaan yli 40km yhdess\u00e4 p\u00e4iv\u00e4ss\u00e4.<\/p>\n<p>Ninebot F40I -s\u00e4hk\u00f6skoottereissa on <strong>minimalistinen LCD-n\u00e4ytt\u00f6<\/strong>. Ninebot F40I -skootteri n\u00e4ytt\u00e4\u00e4 kuljettajalle t\u00e4rkeit\u00e4 tietoja. Kuljettaja n\u00e4kee tiedot nopeudesta, akun varaustasosta ja my\u00f6s aktiivisesta ajotilasta. Ninebot F40I -s\u00e4hk\u00f6skootteri eroaa monista muista s\u00e4hk\u00f6skoottereista <strong>nelj\u00e4ll\u00e4 nopeudella \/ ajotilalla<\/strong>.<\/p>\n<p>Skootteri on varustettu LED-valoilla n\u00e4kyvyyden parantamiseksi. Pime\u00e4ss\u00e4 ajamista varten Ninebot F40I -s\u00e4hk\u00f6skootteri on varustettu <strong>2,1W:n LED-valolla edess\u00e4<\/strong>. Jotta skootteri n\u00e4kyisi paremmin muille, Segway Ninebot F40I -skootterissa on my\u00f6s <strong>takajarruvalo ja pys\u00e4k\u00f6intivalo<\/strong>.<\/p>\n<h2 style=\"text-align: center;\">TURVALLISUUS<\/h2>\n<p>S\u00e4hk\u00f6potkulauta on nopea ja mahdollisesti vaarallinen ajoneuvo kuljettajalle. Siksi suosittelemme, ett\u00e4 k\u00e4yt\u00e4t aina <a href=\"http:\/\/www.xn--tuksimaailm-ffb.ee\/tootesilt\/elektritoukeratta-kiivrid\/\">kyp\u00e4r\u00e4\u00e4<\/a>. Alle 16-vuotiaiden s\u00e4hk\u00f6skootterin kuljettajien on <a href=\"https:\/\/www.riigiteataja.ee\/akt\/113112020001\">lain<\/a> mukaan k\u00e4ytett\u00e4v\u00e4 kyp\u00e4r\u00e4\u00e4 ajaessaan. Kaikki s\u00e4hk\u00f6skootterit l\u00f6yd\u00e4t <a href=\"http:\/\/www.xn--tuksimaailm-ffb.ee\/tootekategooria\/elektritoukeratas\/\"><strong>t\u00e4\u00e4lt\u00e4<\/strong><\/a>.<\/p>\n<p><strong>Segway Ninebot Kickscooter F40I s\u00e4hk\u00f6potkulauta on Viron liikennes\u00e4\u00e4nt\u00f6jen mukainen laillisesti liikenteeseen sallittu kevytkulkuneuvo, jonka valmistajan ilmoittama teho on 300W ja nopeus 25 km\/h. HUOM! Jos s\u00e4hk\u00f6potkulauta on k\u00e4ytt\u00e4j\u00e4n toimesta itsen\u00e4isesti muokattu yll\u00e4 mainittuja parametreja nopeammaksi tai tehokkaammaksi, T\u00f5uksimaailm ei ole vastuussa lain rikkomisesta johtuvista sakoista, poliisin s\u00e4hk\u00f6potkulaudan takavarikoinnista tai muista rikkomuksiin liittyvist\u00e4 vahingoista.<\/strong><\/p>\n<p><strong>Kun ostat s\u00e4hk\u00f6skootterin kaupastamme, saat kaikki <a href=\"http:\/\/www.xn--tuksimaailm-ffb.ee\/tootekategooria\/lisavarustus\/\">lis\u00e4varusteet<\/a>\u00a0 -20%!<\/strong><\/p>\n<table class=\"tg\" style=\"border-collapse: collapse; max-width: 600px; border-spacing: 0; margin: 0px auto;\">\n<tbody>\n<tr>\n<td style=\"background-color: #e4e1e1; color: #333333; font-family: inherit; font-size: 14px; font-weight: bold; overflow: hidden; padding: 5px 5px; text-align: center; vertical-align: top; word-break: normal; border: 1px solid;\" colspan=\"2\">Tekniset tiedot<\/td>\n<\/tr>\n<tr>\n<td style=\"background-color: #e4e1e1; color: #333333; font-family: inherit; font-size: 14px; font-weight: bold; overflow: hidden; padding: 5px 5px; text-align: right; vertical-align: top; word-break: normal; border: 1px solid;\">Malli<\/td>\n<td style=\"font-family: inherit; font-size: 14px; overflow: hidden; padding: 5px 5px; text-align: center; vertical-align: top; word-break: normal; border: 1px solid;\">Segway Ninebot F40I<\/td>\n<\/tr>\n<tr>\n<td style=\"background-color: #e4e1e1; color: #333333; font-family: inherit; font-size: 14px; font-weight: bold; overflow: hidden; padding: 5px 5px; text-align: right; vertical-align: top; word-break: normal; border: 1px solid;\">Akku<\/td>\n<td style=\"font-family: inherit; font-size: 14px; overflow: hidden; padding: 5px 5px; text-align: center; vertical-align: top; word-break: normal; border: 1px solid;\">36V \/ 10.2Ah \/ 367Wh\u00a0<\/td>\n<\/tr>\n<tr>\n<td style=\"background-color: #e4e1e1; color: #333333; font-family: inherit; font-size: 14px; font-weight: bold; overflow: hidden; padding: 5px 5px; text-align: right; vertical-align: top; word-break: normal; border: 1px solid;\">Latausaika<\/td>\n<td style=\"font-family: inherit; font-size: 14px; overflow: hidden; padding: 5px 5px; text-align: center; vertical-align: top; word-break: normal; border: 1px solid;\">jopa 5h<\/td>\n<\/tr>\n<tr>\n<td style=\"background-color: #e4e1e1; color: #333333; font-family: inherit; font-size: 14px; font-weight: bold; overflow: hidden; padding: 5px 5px; text-align: right; vertical-align: top; word-break: normal; border: 1px solid;\">Moottorin teho<\/td>\n<td style=\"font-family: inherit; font-size: 14px; overflow: hidden; padding: 5px 5px; text-align: center; vertical-align: top; word-break: normal; border: 1px solid;\">300W<\/td>\n<\/tr>\n<tr>\n<td style=\"background-color: #e4e1e1; color: #333333; font-family: inherit; font-size: 14px; font-weight: bold; overflow: hidden; padding: 5px 5px; text-align: right; vertical-align: top; word-break: normal; border: 1px solid;\">S\u00f5idukaugus (tootja spetsifikatsioon) | S\u00f5idukaugus arvutuslik<\/td>\n<td style=\"font-family: inherit; font-size: 14px; overflow: hidden; padding: 5px 5px; text-align: center; vertical-align: top; word-break: normal; border: 1px solid;\">jopa 40km | 25km (25km\/h, 70kg kuljettaja, 15Wh\/km)<\/td>\n<\/tr>\n<tr>\n<td style=\"background-color: #e4e1e1; color: #333333; font-family: inherit; font-size: 14px; font-weight: bold; overflow: hidden; padding: 5px 5px; text-align: right; vertical-align: top; word-break: normal; border: 1px solid;\">Etujarru<\/td>\n<td style=\"font-family: inherit; font-size: 14px; overflow: hidden; padding: 5px 5px; text-align: center; vertical-align: top; word-break: normal; border: 1px solid;\">s\u00e4hk\u00f6inen moottorijarru (regeneratiivinen)<\/td>\n<\/tr>\n<tr>\n<td style=\"background-color: #e4e1e1; color: #333333; font-family: inherit; font-size: 14px; font-weight: bold; overflow: hidden; padding: 5px 5px; text-align: right; vertical-align: top; word-break: normal; border: 1px solid;\">Takajarru<\/td>\n<td style=\"font-family: inherit; font-size: 14px; overflow: hidden; padding: 5px 5px; text-align: center; vertical-align: top; word-break: normal; border: 1px solid;\">levyjarru<\/td>\n<\/tr>\n<tr>\n<td style=\"background-color: #e4e1e1; color: #333333; font-family: inherit; font-size: 14px; font-weight: bold; overflow: hidden; padding: 5px 5px; text-align: right; vertical-align: top; word-break: normal; border: 1px solid;\">Painorajoitus<\/td>\n<td style=\"font-family: inherit; font-size: 14px; overflow: hidden; padding: 5px 5px; text-align: center; vertical-align: top; word-break: normal; border: 1px solid;\">120kg<\/td>\n<\/tr>\n<tr>\n<td style=\"background-color: #e4e1e1; color: #333333; font-family: inherit; font-size: 14px; font-weight: bold; overflow: hidden; padding: 5px 5px; text-align: right; vertical-align: top; word-break: normal; border: 1px solid;\">Tuotajan m\u00e4\u00e4rittely nopeus<\/td>\n<td style=\"font-family: inherit; font-size: 14px; overflow: hidden; padding: 5px 5px; text-align: center; vertical-align: top; word-break: normal; border: 1px solid;\">25km\/h<\/td>\n<\/tr>\n<tr>\n<td style=\"background-color: #e4e1e1; color: #333333; font-family: inherit; font-size: 14px; font-weight: bold; overflow: hidden; padding: 5px 5px; text-align: right; vertical-align: top; word-break: normal; border: 1px solid;\">Paino<\/td>\n<td style=\"font-family: inherit; font-size: 14px; overflow: hidden; padding: 5px 5px; text-align: center; vertical-align: top; word-break: normal; border: 1px solid;\">17.8kg<\/td>\n<\/tr>\n<tr>\n<td style=\"background-color: #e4e1e1; color: #333333; font-family: inherit; font-size: 14px; font-weight: bold; overflow: hidden; padding: 5px 5px; text-align: right; vertical-align: top; word-break: normal; border: 1px solid;\">Moottorisoitu py\u00f6r\u00e4<\/td>\n<td style=\"font-family: inherit; font-size: 14px; overflow: hidden; padding: 5px 5px; text-align: center; vertical-align: top; word-break: normal; border: 1px solid;\">etupy\u00f6r\u00e4<\/td>\n<\/tr>\n<tr>\n<td style=\"background-color: #e4e1e1; color: #333333; font-family: inherit; font-size: 14px; font-weight: bold; overflow: hidden; padding: 5px 5px; text-align: right; vertical-align: top; word-break: normal; border: 1px solid;\">Renkaat<\/td>\n<td style=\"font-family: inherit; font-size: 14px; overflow: hidden; padding: 5px 5px; text-align: center; vertical-align: top; word-break: normal; border: 1px solid;\">10-tuumaiset putkettomat ilmarenkaat<\/td>\n<\/tr>\n<tr>\n<td style=\"background-color: #e4e1e1; color: #333333; font-family: inherit; font-size: 14px; font-weight: bold; overflow: hidden; padding: 5px 5px; text-align: right; vertical-align: top; word-break: normal; border: 1px solid;\">Tien enim\u00e4iskaltevuus<\/td>\n<td style=\"font-family: inherit; font-size: 14px; overflow: hidden; padding: 5px 5px; text-align: center; vertical-align: top; word-break: normal; border: 1px solid;\">jopa 20%<\/td>\n<\/tr>\n<\/tbody>\n<\/table>\n","protected":false},"excerpt":{"rendered":"<p><strong>Kaikki\u00a0<a href=\"http:\/\/www.xn--tuksimaailm-ffb.ee\/tootekategooria\/lisavarustus\/\">lis\u00e4varusteet<\/a>\u00a0ja\u00a0<a href=\"https:\/\/www.xn\u2014tuksimaailm-ffb.ee\/tootekategooria\/elektritoukeratta-varuosad\/\">varaosat<\/a> ovat\u00a0-20%, kun ne ostetaan s\u00e4hk\u00f6skootterin kanssa. Alennus otetaan automaattisesti k\u00e4ytt\u00f6\u00f6n, kun lis\u00e4\u00e4t sen ostoskoriin!<\/strong><\/p>\n<p><em><strong>Toimitusaika: 0-3tp<\/p>\n<p><\/strong><\/em><\/p>\n","protected":false},"featured_media":32141,"template":"","meta":[],"product_brand":[],"product_cat":[926],"product_tag":[],"filter_elektritoukeratas":[],"class_list":{"0":"post-40983","1":"product","2":"type-product","3":"status-publish","4":"has-post-thumbnail","6":"product_cat-sahkopotkulaudat-fi","7":"product_shipping_class-keskmine-pakk-fi","8":"pa_aku-mahutavus-wh-367-fi","9":"pa_kaal-kg-17-8-fi","10":"pa_kandevoime-kg-120-fi","11":"pa_labisoit-arvutuslik-km-25-fi","12":"pa_mootorite-arv-uhe-mootoriga-fi","13":"pa_muuja-platvormil-touksimaailm-exocool-ou-fi","14":"pa_piiramata-tippkiirus-kmh-25-fi","15":"pa_tootetuup-elektritoukeratas-fi","16":"pa_valmistaja-segway-fi","17":"pa_voimsus-w-300-fi","19":"first","20":"instock","21":"taxable","22":"shipping-taxable","23":"purchasable","24":"product-type-simple"},"yoast_head":"<!-- This site is optimized with the Yoast SEO Premium plugin v26.8 (Yoast SEO v27.5) - https:\/\/yoast.com\/product\/yoast-seo-premium-wordpress\/ -->\n<title>Segway Ninebot F40I s\u00e4hk\u00f6potkulauta | T\u00f5uksimaailm | F-seeria<\/title>\n<meta name=\"description\" content=\"Uus Segway Ninebot F40I elektrit\u00f5ukeratas. Vastupidav elektriline t\u00f5ukeratas. Segway Ninebot elektrit\u00f5ukerattad. Kompaktsed Segway elektrilised t\u00f5ukerattad.\" \/>\n<meta name=\"robots\" content=\"index, follow, max-snippet:-1, max-image-preview:large, max-video-preview:-1\" \/>\n<link rel=\"canonical\" href=\"https:\/\/www.xn--tuksimaailm-ffb.ee\/fi\/shop\/segway-ninebot-f40i-sahkopotkulauta\/\" \/>\n<meta property=\"og:locale\" content=\"fi_FI\" \/>\n<meta property=\"og:type\" content=\"article\" \/>\n<meta property=\"og:title\" content=\"Segway Ninebot F40I s\u00e4hk\u00f6potkulauta\" \/>\n<meta property=\"og:description\" content=\"Uus Segway Ninebot F40I elektrit\u00f5ukeratas. Vastupidav elektriline t\u00f5ukeratas. Segway Ninebot elektrit\u00f5ukerattad. Kompaktsed Segway elektrilised t\u00f5ukerattad.\" \/>\n<meta property=\"og:url\" content=\"https:\/\/www.xn--tuksimaailm-ffb.ee\/fi\/shop\/segway-ninebot-f40i-sahkopotkulauta\/\" \/>\n<meta property=\"og:site_name\" content=\"T\u00f5uksimaailm\" \/>\n<meta property=\"article:publisher\" content=\"https:\/\/www.facebook.com\/touksimaailm\/\" \/>\n<meta property=\"article:modified_time\" content=\"2024-11-06T15:20:30+00:00\" \/>\n<meta property=\"og:image\" content=\"https:\/\/www.xn--tuksimaailm-ffb.ee\/wp-content\/uploads\/2023\/02\/Segway-Ninebot-F40I-elektritoukeratas-elektriline-toukeratas-elektritoukerattad-elekrilised-toukerattad-electric-scooter-electric-KickScooter-1.png\" \/>\n\t<meta property=\"og:image:width\" content=\"1020\" \/>\n\t<meta property=\"og:image:height\" content=\"1020\" \/>\n\t<meta property=\"og:image:type\" content=\"image\/png\" \/>\n<meta name=\"twitter:card\" content=\"summary_large_image\" \/>\n<meta name=\"twitter:label1\" content=\"Hinta\" \/>\n\t<meta name=\"twitter:data1\" content=\"&euro;566.00\" \/>\n\t<meta name=\"twitter:label2\" content=\"Saatavuus\" \/>\n\t<meta name=\"twitter:data2\" content=\"Varastossa\" \/>\n<meta property=\"product:price:amount\" content=\"566.00\" \/>\n<meta property=\"product:price:currency\" content=\"EUR\" \/>\n<meta property=\"og:availability\" content=\"instock\" \/>\n<meta property=\"product:availability\" content=\"instock\" \/>\n<meta property=\"product:retailer_item_id\" content=\"Ninebot-F40I\" \/>\n<meta property=\"product:condition\" content=\"new\" \/>\n<!-- \/ Yoast SEO Premium plugin. -->","yoast_head_json":{"title":"Segway Ninebot F40I s\u00e4hk\u00f6potkulauta | T\u00f5uksimaailm | F-seeria","description":"Uus Segway Ninebot F40I elektrit\u00f5ukeratas. Vastupidav elektriline t\u00f5ukeratas. Segway Ninebot elektrit\u00f5ukerattad. Kompaktsed Segway elektrilised t\u00f5ukerattad.","robots":{"index":"index","follow":"follow","max-snippet":"max-snippet:-1","max-image-preview":"max-image-preview:large","max-video-preview":"max-video-preview:-1"},"canonical":"https:\/\/www.xn--tuksimaailm-ffb.ee\/fi\/shop\/segway-ninebot-f40i-sahkopotkulauta\/","og_locale":"fi_FI","og_type":"article","og_title":"Segway Ninebot F40I s\u00e4hk\u00f6potkulauta","og_description":"Uus Segway Ninebot F40I elektrit\u00f5ukeratas. Vastupidav elektriline t\u00f5ukeratas. Segway Ninebot elektrit\u00f5ukerattad. Kompaktsed Segway elektrilised t\u00f5ukerattad.","og_url":"https:\/\/www.xn--tuksimaailm-ffb.ee\/fi\/shop\/segway-ninebot-f40i-sahkopotkulauta\/","og_site_name":"T\u00f5uksimaailm","article_publisher":"https:\/\/www.facebook.com\/touksimaailm\/","article_modified_time":"2024-11-06T15:20:30+00:00","og_image":[{"width":1020,"height":1020,"url":"https:\/\/www.xn--tuksimaailm-ffb.ee\/wp-content\/uploads\/2023\/02\/Segway-Ninebot-F40I-elektritoukeratas-elektriline-toukeratas-elektritoukerattad-elekrilised-toukerattad-electric-scooter-electric-KickScooter-1.png","type":"image\/png"}],"twitter_card":"summary_large_image","twitter_misc":{"Hinta":"&euro;566.00","Saatavuus":"Varastossa"},"schema":{"@context":"https:\/\/schema.org","@graph":[{"@type":"WebPage","@id":"https:\/\/www.xn--tuksimaailm-ffb.ee\/fi\/shop\/segway-ninebot-f40i-sahkopotkulauta\/","url":"https:\/\/www.xn--tuksimaailm-ffb.ee\/fi\/shop\/segway-ninebot-f40i-sahkopotkulauta\/","name":"Segway Ninebot F40I s\u00e4hk\u00f6potkulauta | T\u00f5uksimaailm | F-seeria","isPartOf":{"@id":"https:\/\/www.xn--tuksimaailm-ffb.ee\/fi\/#website"},"primaryImageOfPage":{"@id":"https:\/\/www.xn--tuksimaailm-ffb.ee\/fi\/shop\/segway-ninebot-f40i-sahkopotkulauta\/#primaryimage"},"image":{"@id":"https:\/\/www.xn--tuksimaailm-ffb.ee\/fi\/shop\/segway-ninebot-f40i-sahkopotkulauta\/#primaryimage"},"thumbnailUrl":"https:\/\/www.xn--tuksimaailm-ffb.ee\/wp-content\/uploads\/2023\/02\/Segway-Ninebot-F40I-elektritoukeratas-elektriline-toukeratas-elektritoukerattad-elekrilised-toukerattad-electric-scooter-electric-KickScooter-1.png","datePublished":"2023-02-26T15:47:17+00:00","dateModified":"2024-11-06T15:20:30+00:00","description":"Uus Segway Ninebot F40I elektrit\u00f5ukeratas. Vastupidav elektriline t\u00f5ukeratas. Segway Ninebot elektrit\u00f5ukerattad. Kompaktsed Segway elektrilised t\u00f5ukerattad.","breadcrumb":{"@id":"https:\/\/www.xn--tuksimaailm-ffb.ee\/fi\/shop\/segway-ninebot-f40i-sahkopotkulauta\/#breadcrumb"},"inLanguage":"fi","potentialAction":[{"@type":"ReadAction","target":["https:\/\/www.xn--tuksimaailm-ffb.ee\/fi\/shop\/segway-ninebot-f40i-sahkopotkulauta\/"]}]},{"@type":"ImageObject","inLanguage":"fi","@id":"https:\/\/www.xn--tuksimaailm-ffb.ee\/fi\/shop\/segway-ninebot-f40i-sahkopotkulauta\/#primaryimage","url":"https:\/\/www.xn--tuksimaailm-ffb.ee\/wp-content\/uploads\/2023\/02\/Segway-Ninebot-F40I-elektritoukeratas-elektriline-toukeratas-elektritoukerattad-elekrilised-toukerattad-electric-scooter-electric-KickScooter-1.png","contentUrl":"https:\/\/www.xn--tuksimaailm-ffb.ee\/wp-content\/uploads\/2023\/02\/Segway-Ninebot-F40I-elektritoukeratas-elektriline-toukeratas-elektritoukerattad-elekrilised-toukerattad-electric-scooter-electric-KickScooter-1.png","width":1020,"height":1020,"caption":"Segway Ninebot F40I elektrit\u00f5ukeratas elektriline t\u00f5ukeratas elektrit\u00f5ukerattad elekrilised t\u00f5ukerattad electric scooter electric KickScooter 1"},{"@type":"BreadcrumbList","@id":"https:\/\/www.xn--tuksimaailm-ffb.ee\/fi\/shop\/segway-ninebot-f40i-sahkopotkulauta\/#breadcrumb","itemListElement":[{"@type":"ListItem","position":1,"name":"Home","item":"https:\/\/www.xn--tuksimaailm-ffb.ee\/fi\/kotisivu\/"},{"@type":"ListItem","position":2,"name":"Kauppa","item":"https:\/\/www.xn--tuksimaailm-ffb.ee\/elektritoukerataste-pood\/"},{"@type":"ListItem","position":3,"name":"Segway Ninebot F40I s\u00e4hk\u00f6potkulauta"}]},{"@type":"WebSite","@id":"https:\/\/www.xn--tuksimaailm-ffb.ee\/fi\/#website","url":"https:\/\/www.xn--tuksimaailm-ffb.ee\/fi\/","name":"T\u00f5uksimaailm","description":"Elektrit\u00f5ukerataste m\u00fc\u00fck, remont ja rent","publisher":{"@id":"https:\/\/www.xn--tuksimaailm-ffb.ee\/fi\/#organization"},"potentialAction":[{"@type":"SearchAction","target":{"@type":"EntryPoint","urlTemplate":"https:\/\/www.xn--tuksimaailm-ffb.ee\/fi\/?s={search_term_string}"},"query-input":{"@type":"PropertyValueSpecification","valueRequired":true,"valueName":"search_term_string"}}],"inLanguage":"fi"},{"@type":"Organization","@id":"https:\/\/www.xn--tuksimaailm-ffb.ee\/fi\/#organization","name":"T\u00f5uksimaailm","url":"https:\/\/www.xn--tuksimaailm-ffb.ee\/fi\/","logo":{"@type":"ImageObject","inLanguage":"fi","@id":"https:\/\/www.xn--tuksimaailm-ffb.ee\/fi\/#\/schema\/logo\/image\/","url":"https:\/\/www.xn--tuksimaailm-ffb.ee\/wp-content\/uploads\/2020\/01\/logoz-e1579792875517.png","contentUrl":"https:\/\/www.xn--tuksimaailm-ffb.ee\/wp-content\/uploads\/2020\/01\/logoz-e1579792875517.png","width":250,"height":250,"caption":"T\u00f5uksimaailm"},"image":{"@id":"https:\/\/www.xn--tuksimaailm-ffb.ee\/fi\/#\/schema\/logo\/image\/"},"sameAs":["https:\/\/www.facebook.com\/touksimaailm\/","https:\/\/www.instagram.com\/touksimaailm_\/","https:\/\/www.youtube.com\/channel\/UC18ml0EKIDLP1xGuQjFzcXQ"]}]},"product_price_amount":"566.00","product_price_currency":"EUR","og_availability":"instock","product_availability":"instock","product_retailer_item_id":"Ninebot-F40I","product_condition":"new"},"jetpack_sharing_enabled":true,"_links":{"self":[{"href":"https:\/\/www.xn--tuksimaailm-ffb.ee\/fi\/wp-json\/wp\/v2\/product\/40983","targetHints":{"allow":["GET"]}}],"collection":[{"href":"https:\/\/www.xn--tuksimaailm-ffb.ee\/fi\/wp-json\/wp\/v2\/product"}],"about":[{"href":"https:\/\/www.xn--tuksimaailm-ffb.ee\/fi\/wp-json\/wp\/v2\/types\/product"}],"wp:featuredmedia":[{"embeddable":true,"href":"https:\/\/www.xn--tuksimaailm-ffb.ee\/fi\/wp-json\/wp\/v2\/media\/32141"}],"wp:attachment":[{"href":"https:\/\/www.xn--tuksimaailm-ffb.ee\/fi\/wp-json\/wp\/v2\/media?parent=40983"}],"wp:term":[{"taxonomy":"product_brand","embeddable":true,"href":"https:\/\/www.xn--tuksimaailm-ffb.ee\/fi\/wp-json\/wp\/v2\/product_brand?post=40983"},{"taxonomy":"product_cat","embeddable":true,"href":"https:\/\/www.xn--tuksimaailm-ffb.ee\/fi\/wp-json\/wp\/v2\/product_cat?post=40983"},{"taxonomy":"product_tag","embeddable":true,"href":"https:\/\/www.xn--tuksimaailm-ffb.ee\/fi\/wp-json\/wp\/v2\/product_tag?post=40983"},{"taxonomy":"filter_elektritoukeratas","embeddable":true,"href":"https:\/\/www.xn--tuksimaailm-ffb.ee\/fi\/wp-json\/wp\/v2\/filter_elektritoukeratas?post=40983"}],"curies":[{"name":"wp","href":"https:\/\/api.w.org\/{rel}","templated":true}]}}