{"id":41159,"date":"2023-01-12T16:44:00","date_gmt":"2023-01-12T14:44:00","guid":{"rendered":"http:\/\/www.xn--tuksimaailm-ffb.ee\/shop\/niu-kqi-3-sport-sahkopotkulauta\/"},"modified":"2023-01-12T16:44:00","modified_gmt":"2023-01-12T13:44:00","slug":"niu-kqi-3-sport-sahkopotkulauta","status":"publish","type":"product","link":"https:\/\/www.xn--tuksimaailm-ffb.ee\/fi\/shop\/niu-kqi-3-sport-sahkopotkulauta\/","title":{"rendered":"NIU KQi3 Sport s\u00e4hk\u00f6potkulauta"},"content":{"rendered":"<h2 style=\"text-align: center;\">NIU KQI3 SPORT S\u00c4HK\u00d6POTKULAUTA - TUOTEKUVAUS<\/h2>\n<div class=\"min-h-[20px] text-message flex flex-col items-start gap-3 whitespace-pre-wrap break-words [.text-message+&amp;]:mt-5 overflow-x-auto\" data-message-author-role=\"assistant\" data-message-id=\"5a1d6d2e-fb39-43c2-a0fa-8d2dc078cb0d\">\n<div class=\"markdown prose w-full break-words dark:prose-invert light\">\n<p>NIU ja sen KQi-sarja ovat s\u00e4hk\u00f6potkulautojen maailmassa yh\u00e4 enemm\u00e4n suosiota ker\u00e4\u00e4vi\u00e4 s\u00e4hk\u00f6potkulautoja. NIU:n s\u00e4hk\u00f6potkulaudat ovat tyylikk\u00e4it\u00e4, eritt\u00e4in kompakteja ja edullisia. NIU KQi3 Sport s\u00e4hk\u00f6potkulauta on tarkoitettu niille, jotka etsiv\u00e4t itselleen mukavaa, kompaktia ja ymp\u00e4rist\u00f6yst\u00e4v\u00e4llist\u00e4 liikkumisv\u00e4linett\u00e4, joka olisi samalla maailman huippua rakennuslaadultaan. KQi3 Sport on urheilullisin ja futuristisin muotoilulinjoin varustettu s\u00e4hk\u00f6potkulauta. Laajan v\u00e4rivalikoiman omaava NIU KQi3 Sport s\u00e4hk\u00f6potkulauta k\u00e4tkee sis\u00e4\u00e4ns\u00e4 monia erilaisia toimintoja ja lis\u00e4varusteita, jotka tekev\u00e4t KQi3 Sport s\u00e4hk\u00f6potkulaudat markkinoilla tunnettujen tekij\u00f6iden kanssa kilpailukykyisiksi.<\/p>\n<\/div>\n<\/div>\n<p>\u00a0<\/p>\n<p>KQi3 Sport -s\u00e4hk\u00f6skootteri on varustettu suuremmilla ja leve\u00e4mmill\u00e4 9,5 tuuman letkuttomilla renkailla. Suuret ja leve\u00e4t renkaat takaavat, ett\u00e4 skootteri on vakaa ja mukava ajettaessa. S\u00e4hk\u00f6skootteri on elektronisesti lukittava ja helppo ottaa k\u00e4ytt\u00f6\u00f6n puhelinsovelluksen avulla. Lis\u00e4ksi skootteri on varustettu vakavasti otettavalla tyylikk\u00e4\u00e4ll\u00e4 ja tehokkaalla ajovalaisimella sek\u00e4 ohjaustangon keskell\u00e4 olevalla modernilla n\u00e4yt\u00f6ll\u00e4\/displayill\u00e4, josta tiedot ovat selke\u00e4sti luettavissa. Helposti kokoontaitettava NIU KQi 3 Sport -s\u00e4hk\u00f6skootteri on kompakti ja kevyt, joten sit\u00e4 on helppo s\u00e4ilytt\u00e4\u00e4 ja kuljettaa.<\/p>\n<p><strong style=\"box-sizing: inherit; margin: 0px; padding: 0px; border: 0px; font-variant-numeric: inherit; font-variant-east-asian: inherit; font-stretch: inherit; font-size: 17px; line-height: inherit;\">NIU on ensimm\u00e4inen skootterimaailman tuotemerkki, joka on onnistunut kilpailemaan maailmanlaajuisesti Segwayn ja Xiaomin s\u00e4hk\u00f6isten skoottereiden kanssa, jotka ovat hallinneet alle 1000 euron hintaluokkaa yli puolen vuosikymmenen ajan. <\/strong>NIU on onnistunut saavuttamaan t\u00e4m\u00e4n laadun, kest\u00e4vyyden ja \u00e4lykkyyden osalta. NIU on pitk\u00e4n kokemuksen ja historian omaava yritys, joka aloitti s\u00e4hk\u00f6skoottereiden kehitt\u00e4misen ja valmistuksen vuonna 2014. S\u00e4hk\u00f6isten kevytskoottereiden vallankumouksen alkaessa vuonna 2018 painopiste siirtyi s\u00e4hk\u00f6isten skoottereiden kehitt\u00e4miseen. NIU:n perusti kaksi entist\u00e4 Xiaomin ty\u00f6ntekij\u00e4\u00e4, jotka jossain vaiheessa vuonna 2013 tajusivat, ett\u00e4 on mahdollista tehd\u00e4 Xiaomia paremmin. Kymmenen vuotta my\u00f6hemmin t\u00e4m\u00e4 tavoite on toteutunut ainakin s\u00e4hk\u00f6skootterimarkkinoilla NIU KQi3 Sportin my\u00f6t\u00e4.<\/p>\n<p>Tutustu muihin NIU-s\u00e4hk\u00f6skoottereihin <a href=\"https:\/\/www.t\u00f5uksimaailm.ee\/tootekategooria\/elektritoukeratas\/?swoof=1&amp;pa_valmistaja=niu&amp;really_curr_tax=21-product_cat\">t\u00e4\u00e4ll\u00e4.<\/a><\/p>\n<p><iframe title=\"A REAL Segway Competitor - NIU KQi3 Pro Review\" width=\"1082\" height=\"609\" src=\"https:\/\/www.youtube.com\/embed\/-43SpcuESeg?feature=oembed\" frameborder=\"0\" allow=\"accelerometer; autoplay; clipboard-write; encrypted-media; gyroscope; picture-in-picture; web-share\" allowfullscreen><\/iframe><\/p>\n<h2 style=\"text-align: center;\">NIU KQI3 SPORT S\u00c4HK\u00d6POTKULAUTA - TEKNINEN KUVAUS<\/h2>\n<p>NIU KQi3 Sport -s\u00e4hk\u00f6skootterissa on korkea 48V-j\u00e4nnite ja keskim\u00e4\u00e4r\u00e4inen kapasiteetti 7,6Ah \/ (365Wh) Li-Ion-akku, jonka ansiosta skootteri voi valmistajan m\u00e4\u00e4rityksen mukaan kulkea jopa 40km yhdell\u00e4 latauksella. T\u00e4ss\u00e4 pikkuruisessa s\u00e4hk\u00f6skootterissa on kirkas ja tehokas moottori, jonka maksimiteho on<strong> 600W<\/strong>. Riitt\u00e4v\u00e4n tehokas varmistamaan nopean ja tasaisen kiihtyvyyden valmistajan ilmoittamaan 25km\/h nopeuteen asti. KQi3 Sport -s\u00e4hk\u00f6skootteri on varustettu leveill\u00e4 <strong>9,5 tuuman<\/strong> letkuttomilla renkailla sek\u00e4 edess\u00e4 ett\u00e4 takana.<\/p>\n<p>Isommat renkaat parantavat ajomukavuuden lis\u00e4ksi my\u00f6s turvallisuutta. Turvallisen liikkumisen varmistamiseksi skootteri on varustettu etulevyjarrulla ja takamoottorijarrulla tai regeneratiivisella jarrulla. NIU-s\u00e4hk\u00f6skoottereissa on my\u00f6s sovelluksen kautta voimakkuuden mukaan s\u00e4\u00e4dett\u00e4v\u00e4 KERS-j\u00e4rjestelm\u00e4, joka aktivoituu, kun kaasu vapautetaan. Ketjujarrulla yhdess\u00e4 moottorijarrun kanssa varustettu s\u00e4hk\u00f6skootteri on eritt\u00e4in tehokas ja sill\u00e4 on my\u00f6s lyhyt jarrutusmatka. Pienempi muotoilu on petollinen, KQi3 Sport pystyy kantamaan jopa 100kg ja nousemaan jopa 10%, kiitos laadukkaiden ja vahvojen komponenttien yhdistelm\u00e4n. S\u00e4hk\u00f6k\u00e4ytt\u00f6isen lastenrattaan ja sen ohjaustangon korkeus ei ole s\u00e4\u00e4dett\u00e4viss\u00e4, mutta ohjaustangon leveys on hieman tavallista leve\u00e4mpi, mik\u00e4 tekee k\u00e4sittelyst\u00e4 hieman vakaampaa. S\u00e4hk\u00f6potkulauta on my\u00f6s varustettu v\u00e4rillisell\u00e4 HD-LED-n\u00e4yt\u00f6ll\u00e4, joka n\u00e4ytt\u00e4\u00e4 nopeuden, akun varaustason ja muut t\u00e4rke\u00e4t tiedot. Kaiken kaikkiaan NIU KQi3 Sport on loistava ja tyylik\u00e4s s\u00e4hk\u00f6skootteri kaupunkiliikenteeseen.<\/p>\n<p><a href=\"https:\/\/www.xn--tuksimaailm-ffb.ee\/wp-content\/uploads\/2023\/01\/NIU-KQi3-SPORT-elektritoukeratas-elektrilised-toukerattad-elektriline-toukeratas-elektrilised-toukerattad-elektritoukerattad-spidokas-300x201.png\"><img decoding=\"async\" class=\"alignnone size-medium wp-image-27923 aligncenter\" src=\"https:\/\/www.xn--tuksimaailm-ffb.ee\/wp-content\/uploads\/2023\/01\/NIU-KQi3-SPORT-elektritoukeratas-elektrilised-toukerattad-elektriline-toukeratas-elektrilised-toukerattad-elektritoukerattad-spidokas-300x201.png\" alt=\"NIU KQi3 SPORT elektrit\u00f5ukeratas elektrilised t\u00f5ukerattad elektriline t\u00f5ukeratas elektrilised t\u00f5ukerattad elektrit\u00f5ukerattad ekraan\/display\" width=\"472\" height=\"316\" srcset=\"https:\/\/www.xn--tuksimaailm-ffb.ee\/wp-content\/uploads\/2023\/01\/NIU-KQi3-SPORT-elektritoukeratas-elektrilised-toukerattad-elektriline-toukeratas-elektrilised-toukerattad-elektritoukerattad-spidokas-300x201.png 300w, https:\/\/www.xn--tuksimaailm-ffb.ee\/wp-content\/uploads\/2023\/01\/NIU-KQi3-SPORT-elektritoukeratas-elektrilised-toukerattad-elektriline-toukeratas-elektrilised-toukerattad-elektritoukerattad-spidokas-447x300.png 447w, https:\/\/www.xn--tuksimaailm-ffb.ee\/wp-content\/uploads\/2023\/01\/NIU-KQi3-SPORT-elektritoukeratas-elektrilised-toukerattad-elektriline-toukeratas-elektrilised-toukerattad-elektritoukerattad-spidokas-600x403.png 600w, https:\/\/www.xn--tuksimaailm-ffb.ee\/wp-content\/uploads\/2023\/01\/NIU-KQi3-SPORT-elektritoukeratas-elektrilised-toukerattad-elektriline-toukeratas-elektrilised-toukerattad-elektritoukerattad-spidokas.png 609w\" sizes=\"(max-width: 472px) 100vw, 472px\" \/><\/a><\/p>\n<h2 style=\"text-align: center;\">TURVALLISUUS<\/h2>\n<p>S\u00e4hk\u00f6k\u00e4ytt\u00f6inen skootteri on nopea ja mahdollisesti vaarallinen ajoneuvo kuljettajalle, mink\u00e4 vuoksi suosittelemme <a href=\"http:\/\/www.xn--tuksimaailm-ffb.ee\/tootesilt\/elektritoukeratta-kiivrid\/\">kyp\u00e4r\u00e4n<\/a> k\u00e4ytt\u00f6\u00e4 aina. Alle 16-vuotiaiden s\u00e4hk\u00f6skootterin kuljettajien on <a href=\"https:\/\/www.riigiteataja.ee\/akt\/113112020001\">lain<\/a> mukaan k\u00e4ytett\u00e4v\u00e4 kyp\u00e4r\u00e4\u00e4 ajaessaan. Kaikki s\u00e4hk\u00f6skootterit l\u00f6yd\u00e4t <a href=\"http:\/\/www.xn--tuksimaailm-ffb.ee\/tootekategooria\/elektritoukeratas\/\"><strong>t\u00e4\u00e4lt\u00e4<\/strong><\/a>.<\/p>\n<p><strong>Kun ostat s\u00e4hk\u00f6skootterin kaupastamme, saat kaikki <a href=\"http:\/\/www.xn--tuksimaailm-ffb.ee\/tootekategooria\/lisavarustus\/\">lis\u00e4varusteet<\/a>\u00a0 -20%!<\/strong><\/p>\n<p><strong style=\"box-sizing: inherit; margin: 0px; padding: 0px; border: 0px; font-variant-numeric: inherit; font-variant-east-asian: inherit; font-stretch: inherit; font-size: 17px; line-height: inherit;\">NIU KQi3 Sport -s\u00e4hk\u00f6skootteri on Viron liikennelain mukainen katulupaa nauttiva kevytskootteri, jonka valmistajan teho on 600W ja valmistajan nopeus 25km\/h. HUOMAA: Jos k\u00e4ytt\u00e4j\u00e4 on itsen\u00e4isesti muuttanut s\u00e4hk\u00f6skootteria nopeammaksi tai tehokkaammaksi kuin edell\u00e4 mainitut parametrit, T\u00f5uksimaailm ei ole vastuussa lain rikkomisesta aiheutuvista sakoista, poliisin takavarikoimasta s\u00e4hk\u00f6skootterista tai mist\u00e4\u00e4n muustakaan t\u00e4llaisten rikkomusten aiheuttamasta vahingosta.<\/strong><\/p>\n<table class=\"tg\" style=\"border-collapse: collapse; max-width: 600px; border-spacing: 0px; margin: 0px auto; width: 84%; height: 406px;\">\n<tbody>\n<tr style=\"height: 27px;\">\n<td style=\"background-color: #e4e1e1; color: #333333; font-family: inherit; font-size: 14px; font-weight: bold; overflow: hidden; padding: 5px; text-align: center; vertical-align: top; word-break: normal; border: 1px solid; height: 27px;\" colspan=\"2\">Tekniset tiedot<\/td>\n<\/tr>\n<tr style=\"height: 27px;\">\n<td style=\"background-color: #e4e1e1; color: #333333; font-family: inherit; font-size: 14px; font-weight: bold; overflow: hidden; padding: 5px; text-align: right; vertical-align: top; word-break: normal; border: 1px solid; height: 27px;\">Malli<\/td>\n<td style=\"font-family: inherit; font-size: 14px; overflow: hidden; padding: 5px; text-align: center; vertical-align: top; word-break: normal; border: 1px solid; height: 27px;\">NIU KQi3 Sport<\/td>\n<\/tr>\n<tr style=\"height: 27px;\">\n<td style=\"background-color: #e4e1e1; color: #333333; font-family: inherit; font-size: 14px; font-weight: bold; overflow: hidden; padding: 5px; text-align: right; vertical-align: top; word-break: normal; border: 1px solid; height: 27px;\">Akku<\/td>\n<td style=\"font-family: inherit; font-size: 14px; overflow: hidden; padding: 5px; text-align: center; vertical-align: top; word-break: normal; border: 1px solid; height: 27px;\">48V\/7.6Ah 365Wh (7600mAh)<\/td>\n<\/tr>\n<tr style=\"height: 27px;\">\n<td style=\"background-color: #e4e1e1; color: #333333; font-family: inherit; font-size: 14px; font-weight: bold; overflow: hidden; padding: 5px; text-align: right; vertical-align: top; word-break: normal; border: 1px solid; height: 27px;\">Latausaika<\/td>\n<td style=\"font-family: inherit; font-size: 14px; overflow: hidden; padding: 5px; text-align: center; vertical-align: top; word-break: normal; border: 1px solid; height: 27px;\">jopa 7h\u00a0<\/td>\n<\/tr>\n<tr style=\"height: 27px;\">\n<td style=\"background-color: #e4e1e1; color: #333333; font-family: inherit; font-size: 14px; font-weight: bold; overflow: hidden; padding: 5px; text-align: right; vertical-align: top; word-break: normal; border: 1px solid; height: 27px;\">Moottorin teho<\/td>\n<td style=\"font-family: inherit; font-size: 14px; overflow: hidden; padding: 5px; text-align: center; vertical-align: top; word-break: normal; border: 1px solid; height: 27px;\">600W<\/td>\n<\/tr>\n<tr style=\"height: 55px;\">\n<td style=\"background-color: #e4e1e1; color: #333333; font-family: inherit; font-size: 14px; font-weight: bold; overflow: hidden; padding: 5px; text-align: right; vertical-align: top; word-break: normal; border: 1px solid; height: 55px;\">Ajomatka (valmistajan m\u00e4\u00e4rittely) | Arvioitu ajomatka<\/td>\n<td style=\"font-family: inherit; font-size: 14px; overflow: hidden; padding: 5px; text-align: center; vertical-align: top; word-break: normal; border: 1px solid; height: 55px;\">jopa 40 km | 25km (25km\/h, 70kg kuljettaja, 15Wh\/km)<\/td>\n<\/tr>\n<tr style=\"height: 27px;\">\n<td style=\"background-color: #e4e1e1; color: #333333; font-family: inherit; font-size: 14px; font-weight: bold; overflow: hidden; padding: 5px; text-align: right; vertical-align: top; word-break: normal; border: 1px solid; height: 27px;\">Etujarru<\/td>\n<td style=\"font-family: inherit; font-size: 14px; overflow: hidden; padding: 5px; text-align: center; vertical-align: top; word-break: normal; border: 1px solid; height: 27px;\">mekaaninen levyjujarru<\/td>\n<\/tr>\n<tr style=\"height: 27px;\">\n<td style=\"background-color: #e4e1e1; color: #333333; font-family: inherit; font-size: 14px; font-weight: bold; overflow: hidden; padding: 5px; text-align: right; vertical-align: top; word-break: normal; border: 1px solid; height: 27px;\">Takajarru<\/td>\n<td style=\"font-family: inherit; font-size: 14px; overflow: hidden; padding: 5px; text-align: center; vertical-align: top; word-break: normal; border: 1px solid; height: 27px;\">s\u00e4hk\u00f6inen moottorijarru (regeneratiivinen)<\/td>\n<\/tr>\n<tr style=\"height: 27px;\">\n<td style=\"background-color: #e4e1e1; color: #333333; font-family: inherit; font-size: 14px; font-weight: bold; overflow: hidden; padding: 5px; text-align: right; vertical-align: top; word-break: normal; border: 1px solid; height: 27px;\">Painorajoitus<\/td>\n<td style=\"font-family: inherit; font-size: 14px; overflow: hidden; padding: 5px; text-align: center; vertical-align: top; word-break: normal; border: 1px solid; height: 27px;\">100kg<\/td>\n<\/tr>\n<tr style=\"height: 27px;\">\n<td style=\"background-color: #e4e1e1; color: #333333; font-family: inherit; font-size: 14px; font-weight: bold; overflow: hidden; padding: 5px; text-align: right; vertical-align: top; word-break: normal; border: 1px solid; height: 27px;\">Tuotajam\u00e4\u00e4rittely nopeus<\/td>\n<td style=\"font-family: inherit; font-size: 14px; overflow: hidden; padding: 5px; text-align: center; vertical-align: top; word-break: normal; border: 1px solid; height: 27px;\">25km\/h<\/td>\n<\/tr>\n<tr style=\"height: 27px;\">\n<td style=\"background-color: #e4e1e1; color: #333333; font-family: inherit; font-size: 14px; font-weight: bold; overflow: hidden; padding: 5px; text-align: right; vertical-align: top; word-break: normal; border: 1px solid; height: 27px;\">Paino<\/td>\n<td style=\"font-family: inherit; font-size: 14px; overflow: hidden; padding: 5px; text-align: center; vertical-align: top; word-break: normal; border: 1px solid; height: 27px;\">18.4kg<\/td>\n<\/tr>\n<tr style=\"height: 27px;\">\n<td style=\"background-color: #e4e1e1; color: #333333; font-family: inherit; font-size: 14px; font-weight: bold; overflow: hidden; padding: 5px 5px 5px 125px; vertical-align: top; word-break: normal; border: 1px solid; height: 27px; text-align: right;\">Moottorisoitu py\u00f6r\u00e4<\/td>\n<td style=\"font-family: inherit; font-size: 14px; overflow: hidden; padding: 5px; text-align: center; vertical-align: top; word-break: normal; border: 1px solid; height: 27px;\">\n<p>takapy\u00f6r\u00e4<\/p>\n<\/td>\n<\/tr>\n<tr style=\"height: 27px;\">\n<td style=\"background-color: #e4e1e1; color: #333333; font-family: inherit; font-size: 14px; font-weight: bold; overflow: hidden; padding: 5px; text-align: right; vertical-align: top; word-break: normal; border: 1px solid; height: 27px;\">Renkaat<\/td>\n<td style=\"font-family: inherit; font-size: 14px; overflow: hidden; padding: 5px; text-align: center; vertical-align: top; word-break: normal; border: 1px solid; height: 27px;\">9.5\" letkuttomat ilmarenkaat<\/td>\n<\/tr>\n<tr style=\"height: 27px;\">\n<td style=\"background-color: #e4e1e1; color: #333333; font-family: inherit; font-size: 14px; font-weight: bold; overflow: hidden; padding: 5px; text-align: right; vertical-align: top; word-break: normal; border: 1px solid; height: 27px;\">Tien enim\u00e4iskaltevuus<\/td>\n<td style=\"font-family: inherit; font-size: 14px; overflow: hidden; padding: 5px; text-align: center; vertical-align: top; word-break: normal; border: 1px solid; height: 27px;\">jopa 10%<\/td>\n<\/tr>\n<\/tbody>\n<\/table>\n","protected":false},"excerpt":{"rendered":"<p><a href=\"http:\/\/www.xn--tuksimaailm-ffb.ee\/kontakt\/\"><strong>L\u00f6ysitk\u00f6 paremman hinnan? Kirjoita meille, niin teemme sinulle paremman tarjouksen!<\/strong><\/a><\/p>\n<p><strong>Kaikki\u00a0<a href=\"http:\/\/www.xn--tuksimaailm-ffb.ee\/tootekategooria\/lisavarustus\/\">lis\u00e4varusteet<\/a>\u00a0ja\u00a0<a href=\"https:\/\/www.xn\u2014tuksimaailm-ffb.ee\/tootekategooria\/elektritoukeratta-varuosad\/\">varaosat<\/a> ovat\u00a0-20%, kun ne ostetaan s\u00e4hk\u00f6skootterin kanssa. Alennus otetaan automaattisesti k\u00e4ytt\u00f6\u00f6n, kun lis\u00e4\u00e4t sen ostoskoriin!<\/strong><\/p>\n<p><em><strong>Toimitusaika: 1-5tp<\/p>\n<p><\/strong><\/em><\/p>\n","protected":false},"featured_media":27889,"template":"","meta":[],"product_brand":[],"product_cat":[926],"product_tag":[],"filter_elektritoukeratas":[],"class_list":{"0":"post-41159","1":"product","2":"type-product","3":"status-publish","4":"has-post-thumbnail","6":"product_cat-sahkopotkulaudat-fi","7":"product_shipping_class-keskmine-pakk-fi","8":"pa_aku-mahutavus-wh-365-fi","9":"pa_kaal-kg-18-fi","10":"pa_kandevoime-kg-100-fi","11":"pa_labisoit-arvutuslik-km-25-fi","12":"pa_mootorite-arv-uhe-mootoriga-fi","13":"pa_muuja-platvormil-touksimaailm-exocool-ou-fi","14":"pa_piiramata-tippkiirus-kmh-25-fi","15":"pa_size-harmaa","16":"pa_size-punainen","17":"pa_size-sininen","18":"pa_size-vaalea","19":"pa_tootetuup-elektritoukeratas-fi","20":"pa_valmistaja-niu-fi","21":"pa_voimsus-w-600-fi","23":"first","24":"instock","25":"taxable","26":"shipping-taxable","27":"purchasable","28":"product-type-variable"},"yoast_head":"<!-- This site is optimized with the Yoast SEO Premium plugin v26.8 (Yoast SEO v27.5) - https:\/\/yoast.com\/product\/yoast-seo-premium-wordpress\/ -->\n<title>NIU KQi3 Sport s\u00e4hk\u00f6potkulauta | T\u00f5uksimaailm | Kvaliteetne<\/title>\n<meta name=\"description\" content=\"NIU KQi3 Sport - elektrit\u00f5ukeratas tagamaks \u00f6konoomne ja kiire liikumine. Toeka ja v\u00f5imeka mootoriga elektriline t\u00f5ukeratas. NIU uued elektrit\u00f5ukerattad.\" \/>\n<meta name=\"robots\" content=\"index, follow, max-snippet:-1, max-image-preview:large, max-video-preview:-1\" \/>\n<link rel=\"canonical\" href=\"https:\/\/www.xn--tuksimaailm-ffb.ee\/fi\/shop\/niu-kqi-3-sport-sahkopotkulauta\/\" \/>\n<meta property=\"og:locale\" content=\"fi_FI\" \/>\n<meta property=\"og:type\" content=\"article\" \/>\n<meta property=\"og:title\" content=\"NIU KQi3 Sport s\u00e4hk\u00f6potkulauta\" \/>\n<meta property=\"og:description\" content=\"NIU KQi3 Sport - elektrit\u00f5ukeratas tagamaks \u00f6konoomne ja kiire liikumine. Toeka ja v\u00f5imeka mootoriga elektriline t\u00f5ukeratas. NIU uued elektrit\u00f5ukerattad.\" \/>\n<meta property=\"og:url\" content=\"https:\/\/www.xn--tuksimaailm-ffb.ee\/fi\/shop\/niu-kqi-3-sport-sahkopotkulauta\/\" \/>\n<meta property=\"og:site_name\" content=\"T\u00f5uksimaailm\" \/>\n<meta property=\"article:publisher\" content=\"https:\/\/www.facebook.com\/touksimaailm\/\" \/>\n<meta property=\"og:image\" content=\"https:\/\/www.xn--tuksimaailm-ffb.ee\/wp-content\/uploads\/2023\/01\/NIU-KQi3-SPORT-elektritoukeratas-elektrilised-toukerattad-elektriline-toukeratas-elektrilised-toukerattad-elektritoukerattad-4-hallmust.webp\" \/>\n\t<meta property=\"og:image:width\" content=\"1024\" \/>\n\t<meta property=\"og:image:height\" content=\"1024\" \/>\n\t<meta property=\"og:image:type\" content=\"image\/webp\" \/>\n<meta name=\"twitter:card\" content=\"summary_large_image\" \/>\n<meta name=\"twitter:label1\" content=\"Saatavuus\" \/>\n\t<meta name=\"twitter:data1\" content=\"Varastossa\" \/>\n<meta property=\"og:availability\" content=\"instock\" \/>\n<meta property=\"product:availability\" content=\"instock\" \/>\n<meta property=\"product:retailer_item_id\" content=\"NIU-KQI3-SPORT\" \/>\n<meta property=\"product:condition\" content=\"new\" \/>\n<!-- \/ Yoast SEO Premium plugin. -->","yoast_head_json":{"title":"NIU KQi3 Sport s\u00e4hk\u00f6potkulauta | T\u00f5uksimaailm | Kvaliteetne","description":"NIU KQi3 Sport - elektrit\u00f5ukeratas tagamaks \u00f6konoomne ja kiire liikumine. Toeka ja v\u00f5imeka mootoriga elektriline t\u00f5ukeratas. NIU uued elektrit\u00f5ukerattad.","robots":{"index":"index","follow":"follow","max-snippet":"max-snippet:-1","max-image-preview":"max-image-preview:large","max-video-preview":"max-video-preview:-1"},"canonical":"https:\/\/www.xn--tuksimaailm-ffb.ee\/fi\/shop\/niu-kqi-3-sport-sahkopotkulauta\/","og_locale":"fi_FI","og_type":"article","og_title":"NIU KQi3 Sport s\u00e4hk\u00f6potkulauta","og_description":"NIU KQi3 Sport - elektrit\u00f5ukeratas tagamaks \u00f6konoomne ja kiire liikumine. Toeka ja v\u00f5imeka mootoriga elektriline t\u00f5ukeratas. NIU uued elektrit\u00f5ukerattad.","og_url":"https:\/\/www.xn--tuksimaailm-ffb.ee\/fi\/shop\/niu-kqi-3-sport-sahkopotkulauta\/","og_site_name":"T\u00f5uksimaailm","article_publisher":"https:\/\/www.facebook.com\/touksimaailm\/","og_image":[{"width":1024,"height":1024,"url":"https:\/\/www.xn--tuksimaailm-ffb.ee\/wp-content\/uploads\/2023\/01\/NIU-KQi3-SPORT-elektritoukeratas-elektrilised-toukerattad-elektriline-toukeratas-elektrilised-toukerattad-elektritoukerattad-4-hallmust.webp","type":"image\/webp"}],"twitter_card":"summary_large_image","twitter_misc":{"Saatavuus":"Varastossa"},"schema":{"@context":"https:\/\/schema.org","@graph":[{"@type":"WebPage","@id":"https:\/\/www.xn--tuksimaailm-ffb.ee\/fi\/shop\/niu-kqi-3-sport-sahkopotkulauta\/","url":"https:\/\/www.xn--tuksimaailm-ffb.ee\/fi\/shop\/niu-kqi-3-sport-sahkopotkulauta\/","name":"NIU KQi3 Sport s\u00e4hk\u00f6potkulauta | T\u00f5uksimaailm | Kvaliteetne","isPartOf":{"@id":"https:\/\/www.xn--tuksimaailm-ffb.ee\/fi\/#website"},"primaryImageOfPage":{"@id":"https:\/\/www.xn--tuksimaailm-ffb.ee\/fi\/shop\/niu-kqi-3-sport-sahkopotkulauta\/#primaryimage"},"image":{"@id":"https:\/\/www.xn--tuksimaailm-ffb.ee\/fi\/shop\/niu-kqi-3-sport-sahkopotkulauta\/#primaryimage"},"thumbnailUrl":"https:\/\/www.xn--tuksimaailm-ffb.ee\/wp-content\/uploads\/2023\/01\/NIU-KQi3-SPORT-elektritoukeratas-elektrilised-toukerattad-elektriline-toukeratas-elektrilised-toukerattad-elektritoukerattad-4-hallmust.webp","datePublished":"2023-01-12T14:44:00+00:00","description":"NIU KQi3 Sport - elektrit\u00f5ukeratas tagamaks \u00f6konoomne ja kiire liikumine. Toeka ja v\u00f5imeka mootoriga elektriline t\u00f5ukeratas. NIU uued elektrit\u00f5ukerattad.","breadcrumb":{"@id":"https:\/\/www.xn--tuksimaailm-ffb.ee\/fi\/shop\/niu-kqi-3-sport-sahkopotkulauta\/#breadcrumb"},"inLanguage":"fi","potentialAction":[{"@type":"ReadAction","target":["https:\/\/www.xn--tuksimaailm-ffb.ee\/fi\/shop\/niu-kqi-3-sport-sahkopotkulauta\/"]}]},{"@type":"ImageObject","inLanguage":"fi","@id":"https:\/\/www.xn--tuksimaailm-ffb.ee\/fi\/shop\/niu-kqi-3-sport-sahkopotkulauta\/#primaryimage","url":"https:\/\/www.xn--tuksimaailm-ffb.ee\/wp-content\/uploads\/2023\/01\/NIU-KQi3-SPORT-elektritoukeratas-elektrilised-toukerattad-elektriline-toukeratas-elektrilised-toukerattad-elektritoukerattad-4-hallmust.webp","contentUrl":"https:\/\/www.xn--tuksimaailm-ffb.ee\/wp-content\/uploads\/2023\/01\/NIU-KQi3-SPORT-elektritoukeratas-elektrilised-toukerattad-elektriline-toukeratas-elektrilised-toukerattad-elektritoukerattad-4-hallmust.webp","width":1024,"height":1024,"caption":"NIU KQi3 SPORT elektrit\u00f5ukeratas elektrilised t\u00f5ukerattad elektriline t\u00f5ukeratas elektrilised t\u00f5ukerattad elektrit\u00f5ukerattad 4 hall\/must"},{"@type":"BreadcrumbList","@id":"https:\/\/www.xn--tuksimaailm-ffb.ee\/fi\/shop\/niu-kqi-3-sport-sahkopotkulauta\/#breadcrumb","itemListElement":[{"@type":"ListItem","position":1,"name":"Home","item":"https:\/\/www.xn--tuksimaailm-ffb.ee\/fi\/kotisivu\/"},{"@type":"ListItem","position":2,"name":"Kauppa","item":"https:\/\/www.xn--tuksimaailm-ffb.ee\/elektritoukerataste-pood\/"},{"@type":"ListItem","position":3,"name":"NIU KQi3 Sport s\u00e4hk\u00f6potkulauta"}]},{"@type":"WebSite","@id":"https:\/\/www.xn--tuksimaailm-ffb.ee\/fi\/#website","url":"https:\/\/www.xn--tuksimaailm-ffb.ee\/fi\/","name":"T\u00f5uksimaailm","description":"Elektrit\u00f5ukerataste m\u00fc\u00fck, remont ja rent","publisher":{"@id":"https:\/\/www.xn--tuksimaailm-ffb.ee\/fi\/#organization"},"potentialAction":[{"@type":"SearchAction","target":{"@type":"EntryPoint","urlTemplate":"https:\/\/www.xn--tuksimaailm-ffb.ee\/fi\/?s={search_term_string}"},"query-input":{"@type":"PropertyValueSpecification","valueRequired":true,"valueName":"search_term_string"}}],"inLanguage":"fi"},{"@type":"Organization","@id":"https:\/\/www.xn--tuksimaailm-ffb.ee\/fi\/#organization","name":"T\u00f5uksimaailm","url":"https:\/\/www.xn--tuksimaailm-ffb.ee\/fi\/","logo":{"@type":"ImageObject","inLanguage":"fi","@id":"https:\/\/www.xn--tuksimaailm-ffb.ee\/fi\/#\/schema\/logo\/image\/","url":"https:\/\/www.xn--tuksimaailm-ffb.ee\/wp-content\/uploads\/2020\/01\/logoz-e1579792875517.png","contentUrl":"https:\/\/www.xn--tuksimaailm-ffb.ee\/wp-content\/uploads\/2020\/01\/logoz-e1579792875517.png","width":250,"height":250,"caption":"T\u00f5uksimaailm"},"image":{"@id":"https:\/\/www.xn--tuksimaailm-ffb.ee\/fi\/#\/schema\/logo\/image\/"},"sameAs":["https:\/\/www.facebook.com\/touksimaailm\/","https:\/\/www.instagram.com\/touksimaailm_\/","https:\/\/www.youtube.com\/channel\/UC18ml0EKIDLP1xGuQjFzcXQ"]}]},"og_availability":"instock","product_availability":"instock","product_retailer_item_id":"NIU-KQI3-SPORT","product_condition":"new"},"jetpack_sharing_enabled":true,"_links":{"self":[{"href":"https:\/\/www.xn--tuksimaailm-ffb.ee\/fi\/wp-json\/wp\/v2\/product\/41159","targetHints":{"allow":["GET"]}}],"collection":[{"href":"https:\/\/www.xn--tuksimaailm-ffb.ee\/fi\/wp-json\/wp\/v2\/product"}],"about":[{"href":"https:\/\/www.xn--tuksimaailm-ffb.ee\/fi\/wp-json\/wp\/v2\/types\/product"}],"wp:featuredmedia":[{"embeddable":true,"href":"https:\/\/www.xn--tuksimaailm-ffb.ee\/fi\/wp-json\/wp\/v2\/media\/27889"}],"wp:attachment":[{"href":"https:\/\/www.xn--tuksimaailm-ffb.ee\/fi\/wp-json\/wp\/v2\/media?parent=41159"}],"wp:term":[{"taxonomy":"product_brand","embeddable":true,"href":"https:\/\/www.xn--tuksimaailm-ffb.ee\/fi\/wp-json\/wp\/v2\/product_brand?post=41159"},{"taxonomy":"product_cat","embeddable":true,"href":"https:\/\/www.xn--tuksimaailm-ffb.ee\/fi\/wp-json\/wp\/v2\/product_cat?post=41159"},{"taxonomy":"product_tag","embeddable":true,"href":"https:\/\/www.xn--tuksimaailm-ffb.ee\/fi\/wp-json\/wp\/v2\/product_tag?post=41159"},{"taxonomy":"filter_elektritoukeratas","embeddable":true,"href":"https:\/\/www.xn--tuksimaailm-ffb.ee\/fi\/wp-json\/wp\/v2\/filter_elektritoukeratas?post=41159"}],"curies":[{"name":"wp","href":"https:\/\/api.w.org\/{rel}","templated":true}]}}