{"id":41164,"date":"2023-01-11T19:26:46","date_gmt":"2023-01-11T17:26:46","guid":{"rendered":"http:\/\/www.xn--tuksimaailm-ffb.ee\/shop\/niu-kqi2-pro-sahkopotkulauta\/"},"modified":"2023-01-11T19:26:46","modified_gmt":"2023-01-11T16:26:46","slug":"niu-kqi2-pro-sahkopotkulauta","status":"publish","type":"product","link":"https:\/\/www.xn--tuksimaailm-ffb.ee\/fi\/shop\/niu-kqi2-pro-sahkopotkulauta\/","title":{"rendered":"NIU KQi2 Pro s\u00e4hk\u00f6potkulauta"},"content":{"rendered":"<h2 style=\"text-align: center;\">NIU KQI2 PRO S\u00c4HK\u00d6POTKULAUTA - TUOTEKUVAUS<\/h2>\n<p>NIU ja sen KQi-sarjan s\u00e4hk\u00f6skootterit ovat yh\u00e4 suositumpia pelaajia s\u00e4hk\u00f6skoottereiden maailmassa. NIU-s\u00e4hk\u00f6skootterit ovat tyylikk\u00e4it\u00e4, eritt\u00e4in kompakteja ja edullisia. NIU KQi2 Pro -s\u00e4hk\u00f6skootteri on suunniteltu erityisesti niille, jotka etsiv\u00e4t mukavaa, kompaktia ja ymp\u00e4rist\u00f6yst\u00e4v\u00e4llist\u00e4 kulkuv\u00e4linett\u00e4. KQi2 on s\u00e4hk\u00f6skootteri, jossa on selke\u00e4t ja modernit muotoilulinjat. NIU KQi2 Pro -s\u00e4hk\u00f6skootteri k\u00e4tkee sis\u00e4\u00e4ns\u00e4 vaikuttavia ominaisuuksia ja lis\u00e4varusteita, jotka tekev\u00e4t KQi2 Pro -s\u00e4hk\u00f6skootterista kilpailukykyisen markkinoilla. NIU KQi2 Pro -s\u00e4hk\u00f6skootteri on varustettu suurilla ja leveill\u00e4 10x2,3\" letkuttomilla renkailla. Suuret renkaat takaavat, ett\u00e4 skootteri on vakaa ja mukava ajettaessa. S\u00e4hk\u00f6skootteri voidaan my\u00f6s lukita s\u00e4hk\u00f6isesti ja asettaa k\u00e4ytt\u00f6\u00f6n puhelinsovelluksen avulla. Puhumattakaan siit\u00e4, ett\u00e4 skootterissa on tyylik\u00e4s ja tehokas ajovalo sek\u00e4 n\u00e4yt\u00f6n\/display, joka lukee tiedot selke\u00e4sti. Helposti kokoontaitettava KQi 2 Pro -s\u00e4hk\u00f6skootteri on kompakti ja kevyt, joten sit\u00e4 on helppo s\u00e4ilytt\u00e4\u00e4 ja kuljettaa.<\/p>\n<p><strong>NIU on maailman ensimm\u00e4inen s\u00e4hk\u00f6skootterimerkki, joka on onnistunut kilpailemaan maailmanlaajuisesti Segwayn ja Xiaomin s\u00e4hk\u00f6skoottereiden kanssa, jotka ovat hallinneet alle 1000 euron hintaluokkaa yli puoli vuosikymment\u00e4. <\/strong>T\u00e4m\u00e4 koskee laatua, kest\u00e4vyytt\u00e4 ja \u00e4lykkyytt\u00e4. NIU on pitk\u00e4n kokemuksen ja historian omaava yritys, joka aloitti s\u00e4hk\u00f6skoottereiden kehitt\u00e4misen ja valmistuksen jo vuonna 2014. S\u00e4hk\u00f6isten kevytskootterien vallankumouksen alkaessa painopiste siirrettiin s\u00e4hk\u00f6isten skoottereiden kehitt\u00e4miseen. NIU:n perusti kaksi entist\u00e4 Xiaomin ty\u00f6ntekij\u00e4\u00e4, jotka jossain vaiheessa vuonna 2013 ajattelivat, ett\u00e4 on mahdollista tehd\u00e4 Xiaomia paremmin. Kymmenen vuotta my\u00f6hemmin t\u00e4m\u00e4 tavoite on toteutunut, ainakin s\u00e4hk\u00f6skootterimarkkinoilla.<\/p>\n<p>Tutustu muihin NIU-s\u00e4hk\u00f6skoottereihin <a href=\"https:\/\/www.t\u00f5uksimaailm.ee\/tootekategooria\/elektritoukeratas\/?swoof=1&amp;pa_valmistaja=niu&amp;really_curr_tax=21-product_cat\"><strong>t\u00e4\u00e4ll\u00e4<\/strong>.<\/a><\/p>\n<p><iframe title=\"BEST SCOOTER IN 2022?! NIU KQi2 Pro vs KQi3 Pro\" width=\"1082\" height=\"609\" src=\"https:\/\/www.youtube.com\/embed\/m6CM4jBBs_Y?feature=oembed\" frameborder=\"0\" allow=\"accelerometer; autoplay; clipboard-write; encrypted-media; gyroscope; picture-in-picture; web-share\" allowfullscreen><\/iframe><\/p>\n<h2 style=\"text-align: center;\">NIU KQI2 PRO S\u00c4HK\u00d6SKOOTTERI - TEKNINEN KUVAUS<\/h2>\n<p>KQi2 Pro -s\u00e4hk\u00f6skootteri on tehokas <strong>48V<\/strong>, NIU-sarjan malli, jonka keskim\u00e4\u00e4r\u00e4inen kapasiteetti on <strong>7,6Ah \/ (365Wh)<\/strong> litiumioniakku, joka valmistajan m\u00e4\u00e4rittelyn mukaan mahdollistaa jopa 40 km yhdell\u00e4 latauksella. T\u00e4m\u00e4 pieni s\u00e4hk\u00f6skootteri on varustettu pienell\u00e4 ja tehokkaalla moottorilla, jonka maksimiteho on <strong>600W<\/strong>. Se riitt\u00e4\u00e4 takaamaan tasaisen ja tasaisen kiihtyvyyden. KQi2 Pro on varustettu <strong>10x2,3 tuuman letkuttomilla ilmarenkailla<\/strong> sek\u00e4 edess\u00e4 ett\u00e4 takana. Tubeless-renkaat ovat paljon vakaammat ja tarjoavat paremman pidon, joten skootterilla voi ajaa niin kaupunkiteill\u00e4 kuin kuoppaisemmassakin maastossa. Kumittomat renkaat ovat my\u00f6s kest\u00e4v\u00e4mpi\u00e4 alhaisemmilla paineilla kuin tubeless-renkaat. Todenn\u00e4k\u00f6isyys juuttua tielle NIU-s\u00e4hk\u00f6skootterilla on siis paljon pienempi Xiaomin kaltaisella sis\u00e4renkailla varustetulla s\u00e4hk\u00f6skootterilla.<\/p>\n<p>Isommat renkaat parantavat ajomukavuuden lis\u00e4ksi my\u00f6s turvallisuutta. Turvallisen liikkumisen varmistamiseksi skootteri on varustettu <strong>eturumpujarrulla<\/strong> ja takamoottorijarrulla tai <strong>regeneratiivisella jarrulla<\/strong>. Levyjarruun verrattuna rumpujarrulla varustettu s\u00e4hk\u00f6skootteri on v\u00e4hemm\u00e4n hankala (jarrupalat kuluvat kymmenen kertaa hitaammin) ja yhdess\u00e4 moottorijarrun kanssa my\u00f6s eritt\u00e4in tehokas. Pienikokoisuus on petollinen - KQi2 Pro -s\u00e4hk\u00f6potkulauta pystyy kantamaan <strong>jopa 100kg<\/strong> ja nousemaan jopa 10 %, kiitos laadukkaiden ja vahvojen komponenttien yhdistelm\u00e4n. S\u00e4hk\u00f6potkulaudan ja sen ohjaustangon korkeus ei ole s\u00e4\u00e4dett\u00e4viss\u00e4, mutta ohjaustangon leveys on hieman tavallista leve\u00e4mpi, mik\u00e4 tekee ohjauksesta hieman vakaamman ja tarkemman. S\u00e4hk\u00f6potkulauta on my\u00f6s varustettu v\u00e4rillisell\u00e4 <strong>TFT-LCD-n\u00e4yt\u00f6ll\u00e4<\/strong>, joka n\u00e4ytt\u00e4\u00e4 nopeuden, akun varaustason ja muut t\u00e4rke\u00e4t tiedot. Kaiken kaikkiaan NIU KQi2 Pro on erinomainen ja tyylik\u00e4s s\u00e4hk\u00f6skootteri kaupunkiliikenteeseen.<\/p>\n<p><a href=\"https:\/\/www.xn--tuksimaailm-ffb.ee\/wp-content\/uploads\/2023\/01\/NIU-KQi2-PRO-elektritoukeratas-elektrilised-toukerattad-elektriline-toukeratas-elektrilised-toukerattad-elektritoukerattad-300x145.png\"><img decoding=\"async\" class=\"alignnone size-medium wp-image-27832 aligncenter\" src=\"https:\/\/www.xn--tuksimaailm-ffb.ee\/wp-content\/uploads\/2023\/01\/NIU-KQi2-PRO-elektritoukeratas-elektrilised-toukerattad-elektriline-toukeratas-elektrilised-toukerattad-elektritoukerattad-300x145.png\" alt=\"NIU KQi2 PRO elektrit\u00f5ukeratas elektrilised t\u00f5ukerattad elektriline t\u00f5ukeratas elektrilised t\u00f5ukerattad elektrit\u00f5ukerattad\" width=\"494\" height=\"239\" srcset=\"https:\/\/www.xn--tuksimaailm-ffb.ee\/wp-content\/uploads\/2023\/01\/NIU-KQi2-PRO-elektritoukeratas-elektrilised-toukerattad-elektriline-toukeratas-elektrilised-toukerattad-elektritoukerattad-300x145.png 300w, https:\/\/www.xn--tuksimaailm-ffb.ee\/wp-content\/uploads\/2023\/01\/NIU-KQi2-PRO-elektritoukeratas-elektrilised-toukerattad-elektriline-toukeratas-elektrilised-toukerattad-elektritoukerattad-611x295.png 611w, https:\/\/www.xn--tuksimaailm-ffb.ee\/wp-content\/uploads\/2023\/01\/NIU-KQi2-PRO-elektritoukeratas-elektrilised-toukerattad-elektriline-toukeratas-elektrilised-toukerattad-elektritoukerattad-600x290.png 600w, https:\/\/www.xn--tuksimaailm-ffb.ee\/wp-content\/uploads\/2023\/01\/NIU-KQi2-PRO-elektritoukeratas-elektrilised-toukerattad-elektriline-toukeratas-elektrilised-toukerattad-elektritoukerattad.png 718w\" sizes=\"(max-width: 494px) 100vw, 494px\" \/><\/a><\/p>\n<h2 style=\"text-align: center;\">TURVALLISUUS<\/h2>\n<p>S\u00e4hk\u00f6skootteri on nopea ja mahdollisesti vaarallinen ajoneuvo. Siksi suosittelemme, ett\u00e4 k\u00e4yt\u00e4t aina <a href=\"http:\/\/www.xn--tuksimaailm-ffb.ee\/tootesilt\/elektritoukeratta-kiivrid\/\">kyp\u00e4r\u00e4\u00e4<\/a>. Alle 16-vuotiaiden s\u00e4hk\u00f6skootterilla ajavien on <a href=\"https:\/\/www.riigiteataja.ee\/akt\/113112020001\">lain<\/a> mukaan pakko k\u00e4ytt\u00e4\u00e4 kyp\u00e4r\u00e4\u00e4 ajaessaan. Kaikki s\u00e4hk\u00f6skootterit l\u00f6yd\u00e4t <a href=\"http:\/\/www.xn--tuksimaailm-ffb.ee\/tootekategooria\/elektritoukeratas\/\"><strong>t\u00e4\u00e4lt\u00e4<\/strong><\/a>.<\/p>\n<p><strong>Kun ostat s\u00e4hk\u00f6skootterin kaupastamme, saat kaikki <a href=\"http:\/\/www.xn--tuksimaailm-ffb.ee\/tootekategooria\/lisavarustus\/\">lis\u00e4varusteet<\/a>\u00a0 -20%!<\/strong><\/p>\n<p><strong style=\"box-sizing: inherit; margin: 0px; padding: 0px; border: 0px; font-variant-numeric: inherit; font-variant-east-asian: inherit; font-stretch: inherit; font-size: 17px; line-height: inherit;\">NIU KQi2 Pro -s\u00e4hk\u00f6skootteri on Viron liikennelain mukainen katulupaa nauttiva kevytskootteri, jonka valmistajan teho on 600W ja valmistajan nopeus 25km\/h. HUOM: Jos k\u00e4ytt\u00e4j\u00e4 on itsen\u00e4isesti muuttanut s\u00e4hk\u00f6skootteria nopeammaksi tai tehokkaammaksi kuin edell\u00e4 mainitut parametrit, T\u00f5uksimaailm ei ole vastuussa lain rikkomisesta aiheutuvista sakoista, poliisin takavarikoimasta s\u00e4hk\u00f6skootterista tai mist\u00e4\u00e4n muustakaan rikkomisesta aiheutuneesta vahingosta.<\/strong><\/p>\n<table class=\"tg\" style=\"border-collapse: collapse; max-width: 600px; border-spacing: 0px; margin: 0px auto; width: 84%; height: 406px;\">\n<tbody>\n<tr style=\"height: 27px;\">\n<td style=\"background-color: #e4e1e1; color: #333333; font-family: inherit; font-size: 14px; font-weight: bold; overflow: hidden; padding: 5px; text-align: center; vertical-align: top; word-break: normal; border: 1px solid; height: 27px;\" colspan=\"2\">Tekniset tiedot<\/td>\n<\/tr>\n<tr style=\"height: 27px;\">\n<td style=\"background-color: #e4e1e1; color: #333333; font-family: inherit; font-size: 14px; font-weight: bold; overflow: hidden; padding: 5px; text-align: right; vertical-align: top; word-break: normal; border: 1px solid; height: 27px;\">Malli<\/td>\n<td style=\"font-family: inherit; font-size: 14px; overflow: hidden; padding: 5px; text-align: center; vertical-align: top; word-break: normal; border: 1px solid; height: 27px;\">NIU KQI2 PRO<\/td>\n<\/tr>\n<tr style=\"height: 27px;\">\n<td style=\"background-color: #e4e1e1; color: #333333; font-family: inherit; font-size: 14px; font-weight: bold; overflow: hidden; padding: 5px; text-align: right; vertical-align: top; word-break: normal; border: 1px solid; height: 27px;\">Akku<\/td>\n<td style=\"font-family: inherit; font-size: 14px; overflow: hidden; padding: 5px; text-align: center; vertical-align: top; word-break: normal; border: 1px solid; height: 27px;\">48V\/7.6Ah 365Wh (7600mAh)<\/td>\n<\/tr>\n<tr style=\"height: 27px;\">\n<td style=\"background-color: #e4e1e1; color: #333333; font-family: inherit; font-size: 14px; font-weight: bold; overflow: hidden; padding: 5px; text-align: right; vertical-align: top; word-break: normal; border: 1px solid; height: 27px;\">Latausaika<\/td>\n<td style=\"font-family: inherit; font-size: 14px; overflow: hidden; padding: 5px; text-align: center; vertical-align: top; word-break: normal; border: 1px solid; height: 27px;\">jopa 7h\u00a0<\/td>\n<\/tr>\n<tr style=\"height: 27px;\">\n<td style=\"background-color: #e4e1e1; color: #333333; font-family: inherit; font-size: 14px; font-weight: bold; overflow: hidden; padding: 5px; text-align: right; vertical-align: top; word-break: normal; border: 1px solid; height: 27px;\">Moottorin teho<\/td>\n<td style=\"font-family: inherit; font-size: 14px; overflow: hidden; padding: 5px; text-align: center; vertical-align: top; word-break: normal; border: 1px solid; height: 27px;\">600W<\/td>\n<\/tr>\n<tr style=\"height: 55px;\">\n<td style=\"background-color: #e4e1e1; color: #333333; font-family: inherit; font-size: 14px; font-weight: bold; overflow: hidden; padding: 5px; text-align: right; vertical-align: top; word-break: normal; border: 1px solid; height: 55px;\">Ajomatka (valmistajan m\u00e4\u00e4rittely) | Arvioitu ajomatka<\/td>\n<td style=\"font-family: inherit; font-size: 14px; overflow: hidden; padding: 5px; text-align: center; vertical-align: top; word-break: normal; border: 1px solid; height: 55px;\">jopa 40km | 25km (25km\/h, 70kg kuljettaja, 15Wh\/km)<\/td>\n<\/tr>\n<tr style=\"height: 27px;\">\n<td style=\"background-color: #e4e1e1; color: #333333; font-family: inherit; font-size: 14px; font-weight: bold; overflow: hidden; padding: 5px; text-align: right; vertical-align: top; word-break: normal; border: 1px solid; height: 27px;\">Etujarru<\/td>\n<td style=\"font-family: inherit; font-size: 14px; overflow: hidden; padding: 5px; text-align: center; vertical-align: top; word-break: normal; border: 1px solid; height: 27px;\">rumpujarru<\/td>\n<\/tr>\n<tr style=\"height: 27px;\">\n<td style=\"background-color: #e4e1e1; color: #333333; font-family: inherit; font-size: 14px; font-weight: bold; overflow: hidden; padding: 5px; text-align: right; vertical-align: top; word-break: normal; border: 1px solid; height: 27px;\">Takajarru<\/td>\n<td style=\"font-family: inherit; font-size: 14px; overflow: hidden; padding: 5px; text-align: center; vertical-align: top; word-break: normal; border: 1px solid; height: 27px;\">s\u00e4hk\u00f6inen moottorijarru (regeneratiivinen)<\/td>\n<\/tr>\n<tr style=\"height: 27px;\">\n<td style=\"background-color: #e4e1e1; color: #333333; font-family: inherit; font-size: 14px; font-weight: bold; overflow: hidden; padding: 5px; text-align: right; vertical-align: top; word-break: normal; border: 1px solid; height: 27px;\">Painorajoitus<\/td>\n<td style=\"font-family: inherit; font-size: 14px; overflow: hidden; padding: 5px; text-align: center; vertical-align: top; word-break: normal; border: 1px solid; height: 27px;\">100kg<\/td>\n<\/tr>\n<tr style=\"height: 27px;\">\n<td style=\"background-color: #e4e1e1; color: #333333; font-family: inherit; font-size: 14px; font-weight: bold; overflow: hidden; padding: 5px; text-align: right; vertical-align: top; word-break: normal; border: 1px solid; height: 27px;\">Tuotajam\u00e4\u00e4rittely nopeus<\/td>\n<td style=\"font-family: inherit; font-size: 14px; overflow: hidden; padding: 5px; text-align: center; vertical-align: top; word-break: normal; border: 1px solid; height: 27px;\">25km\/h<\/td>\n<\/tr>\n<tr style=\"height: 27px;\">\n<td style=\"background-color: #e4e1e1; color: #333333; font-family: inherit; font-size: 14px; font-weight: bold; overflow: hidden; padding: 5px; text-align: right; vertical-align: top; word-break: normal; border: 1px solid; height: 27px;\">Paino<\/td>\n<td style=\"font-family: inherit; font-size: 14px; overflow: hidden; padding: 5px; text-align: center; vertical-align: top; word-break: normal; border: 1px solid; height: 27px;\">18.4kg<\/td>\n<\/tr>\n<tr style=\"height: 27px;\">\n<td style=\"background-color: #e4e1e1; color: #333333; font-family: inherit; font-size: 14px; font-weight: bold; overflow: hidden; padding: 5px 5px 5px 125px; vertical-align: top; word-break: normal; border: 1px solid; height: 27px; text-align: right;\">Moottorisoitu py\u00f6r\u00e4<\/td>\n<td style=\"font-family: inherit; font-size: 14px; overflow: hidden; padding: 5px; text-align: center; vertical-align: top; word-break: normal; border: 1px solid; height: 27px;\">\n<p>takapy\u00f6r\u00e4<\/p>\n<\/td>\n<\/tr>\n<tr style=\"height: 27px;\">\n<td style=\"background-color: #e4e1e1; color: #333333; font-family: inherit; font-size: 14px; font-weight: bold; overflow: hidden; padding: 5px; text-align: right; vertical-align: top; word-break: normal; border: 1px solid; height: 27px;\">Renkaat<\/td>\n<td style=\"font-family: inherit; font-size: 14px; overflow: hidden; padding: 5px; text-align: center; vertical-align: top; word-break: normal; border: 1px solid; height: 27px;\">10x2.3\" letkuttomat ilmarenkaat<\/td>\n<\/tr>\n<tr style=\"height: 27px;\">\n<td style=\"background-color: #e4e1e1; color: #333333; font-family: inherit; font-size: 14px; font-weight: bold; overflow: hidden; padding: 5px; text-align: right; vertical-align: top; word-break: normal; border: 1px solid; height: 27px;\">Tien enim\u00e4iskaltevuus<\/td>\n<td style=\"font-family: inherit; font-size: 14px; overflow: hidden; padding: 5px; text-align: center; vertical-align: top; word-break: normal; border: 1px solid; height: 27px;\">jopa 10%<\/td>\n<\/tr>\n<\/tbody>\n<\/table>\n","protected":false},"excerpt":{"rendered":"<p><a href=\"http:\/\/www.xn--tuksimaailm-ffb.ee\/kontakt\/\"><strong>L\u00f6ysitk\u00f6 paremman hinnan? Kirjoita meille, niin teemme sinulle paremman tarjouksen!<\/strong><\/a><\/p>\n<p><strong>Kaikki\u00a0<a href=\"http:\/\/www.xn--tuksimaailm-ffb.ee\/tootekategooria\/lisavarustus\/\">lis\u00e4varusteet<\/a>\u00a0ja\u00a0<a href=\"https:\/\/www.xn\u2014tuksimaailm-ffb.ee\/tootekategooria\/elektritoukeratta-varuosad\/\">varaosat<\/a> ovat\u00a0-20%, kun ne ostetaan s\u00e4hk\u00f6skootterin kanssa. Alennus otetaan automaattisesti k\u00e4ytt\u00f6\u00f6n, kun lis\u00e4\u00e4t sen ostoskoriin!<\/strong><\/p>\n<p><em><strong>Toimitusaika: 1-5tp<\/p>\n<p><\/strong><\/em><\/p>\n","protected":false},"featured_media":27764,"template":"","meta":[],"product_brand":[],"product_cat":[926],"product_tag":[],"filter_elektritoukeratas":[],"class_list":{"0":"post-41164","1":"product","2":"type-product","3":"status-publish","4":"has-post-thumbnail","6":"product_cat-sahkopotkulaudat-fi","7":"product_shipping_class-keskmine-pakk-fi","8":"pa_aku-mahutavus-wh-365-fi","9":"pa_kaal-kg-18-fi","10":"pa_kandevoime-kg-100-fi","11":"pa_labisoit-arvutuslik-km-25-fi","12":"pa_mootorite-arv-uhe-mootoriga-fi","13":"pa_muuja-platvormil-touksimaailm-exocool-ou-fi","14":"pa_piiramata-tippkiirus-kmh-25-fi","15":"pa_size-harmaa","16":"pa_size-vaalea","17":"pa_tootetuup-elektritoukeratas-fi","18":"pa_valmistaja-niu-fi","19":"pa_voimsus-w-600-fi","21":"first","22":"instock","23":"taxable","24":"shipping-taxable","25":"purchasable","26":"product-type-variable"},"yoast_head":"<!-- This site is optimized with the Yoast SEO Premium plugin v26.8 (Yoast SEO v27.5) - https:\/\/yoast.com\/product\/yoast-seo-premium-wordpress\/ -->\n<title>NIU KQi2 Pro s\u00e4hk\u00f6potkulauta | T\u00f5uksimaailm | Elektrit\u00f5ukerattad<\/title>\n<meta name=\"description\" content=\"NIU KQi2 Pro - kvaliteetne ja innovaatline elektrit\u00f5ukeratas. V\u00f5imsa mootori ja ilusa disainiga elektriline t\u00f5ukeratas. NIU KQi uued elektrit\u00f5ukerattad.\" \/>\n<meta name=\"robots\" content=\"index, follow, max-snippet:-1, max-image-preview:large, max-video-preview:-1\" \/>\n<link rel=\"canonical\" href=\"https:\/\/www.xn--tuksimaailm-ffb.ee\/fi\/shop\/niu-kqi2-pro-sahkopotkulauta\/\" \/>\n<meta property=\"og:locale\" content=\"fi_FI\" \/>\n<meta property=\"og:type\" content=\"article\" \/>\n<meta property=\"og:title\" content=\"NIU KQi2 Pro s\u00e4hk\u00f6potkulauta\" \/>\n<meta property=\"og:description\" content=\"NIU KQi2 Pro - kvaliteetne ja innovaatline elektrit\u00f5ukeratas. V\u00f5imsa mootori ja ilusa disainiga elektriline t\u00f5ukeratas. NIU KQi uued elektrit\u00f5ukerattad.\" \/>\n<meta property=\"og:url\" content=\"https:\/\/www.xn--tuksimaailm-ffb.ee\/fi\/shop\/niu-kqi2-pro-sahkopotkulauta\/\" \/>\n<meta property=\"og:site_name\" content=\"T\u00f5uksimaailm\" \/>\n<meta property=\"article:publisher\" content=\"https:\/\/www.facebook.com\/touksimaailm\/\" \/>\n<meta property=\"og:image\" content=\"https:\/\/www.xn--tuksimaailm-ffb.ee\/wp-content\/uploads\/2023\/01\/NIU-KQi2-Pro-elektritoukeratas-elektriline-toukeratas-elektrilised-toukerattad-elektritoukerattad-11.webp\" \/>\n\t<meta property=\"og:image:width\" content=\"1024\" \/>\n\t<meta property=\"og:image:height\" content=\"1024\" \/>\n\t<meta property=\"og:image:type\" content=\"image\/webp\" \/>\n<meta name=\"twitter:card\" content=\"summary_large_image\" \/>\n<meta name=\"twitter:label1\" content=\"Saatavuus\" \/>\n\t<meta name=\"twitter:data1\" content=\"Varastossa\" \/>\n<meta property=\"og:availability\" content=\"instock\" \/>\n<meta property=\"product:availability\" content=\"instock\" \/>\n<meta property=\"product:retailer_item_id\" content=\"NIU-KQI2\" \/>\n<meta property=\"product:condition\" content=\"new\" \/>\n<!-- \/ Yoast SEO Premium plugin. -->","yoast_head_json":{"title":"NIU KQi2 Pro s\u00e4hk\u00f6potkulauta | T\u00f5uksimaailm | Elektrit\u00f5ukerattad","description":"NIU KQi2 Pro - kvaliteetne ja innovaatline elektrit\u00f5ukeratas. V\u00f5imsa mootori ja ilusa disainiga elektriline t\u00f5ukeratas. NIU KQi uued elektrit\u00f5ukerattad.","robots":{"index":"index","follow":"follow","max-snippet":"max-snippet:-1","max-image-preview":"max-image-preview:large","max-video-preview":"max-video-preview:-1"},"canonical":"https:\/\/www.xn--tuksimaailm-ffb.ee\/fi\/shop\/niu-kqi2-pro-sahkopotkulauta\/","og_locale":"fi_FI","og_type":"article","og_title":"NIU KQi2 Pro s\u00e4hk\u00f6potkulauta","og_description":"NIU KQi2 Pro - kvaliteetne ja innovaatline elektrit\u00f5ukeratas. V\u00f5imsa mootori ja ilusa disainiga elektriline t\u00f5ukeratas. NIU KQi uued elektrit\u00f5ukerattad.","og_url":"https:\/\/www.xn--tuksimaailm-ffb.ee\/fi\/shop\/niu-kqi2-pro-sahkopotkulauta\/","og_site_name":"T\u00f5uksimaailm","article_publisher":"https:\/\/www.facebook.com\/touksimaailm\/","og_image":[{"width":1024,"height":1024,"url":"https:\/\/www.xn--tuksimaailm-ffb.ee\/wp-content\/uploads\/2023\/01\/NIU-KQi2-Pro-elektritoukeratas-elektriline-toukeratas-elektrilised-toukerattad-elektritoukerattad-11.webp","type":"image\/webp"}],"twitter_card":"summary_large_image","twitter_misc":{"Saatavuus":"Varastossa"},"schema":{"@context":"https:\/\/schema.org","@graph":[{"@type":"WebPage","@id":"https:\/\/www.xn--tuksimaailm-ffb.ee\/fi\/shop\/niu-kqi2-pro-sahkopotkulauta\/","url":"https:\/\/www.xn--tuksimaailm-ffb.ee\/fi\/shop\/niu-kqi2-pro-sahkopotkulauta\/","name":"NIU KQi2 Pro s\u00e4hk\u00f6potkulauta | T\u00f5uksimaailm | Elektrit\u00f5ukerattad","isPartOf":{"@id":"https:\/\/www.xn--tuksimaailm-ffb.ee\/fi\/#website"},"primaryImageOfPage":{"@id":"https:\/\/www.xn--tuksimaailm-ffb.ee\/fi\/shop\/niu-kqi2-pro-sahkopotkulauta\/#primaryimage"},"image":{"@id":"https:\/\/www.xn--tuksimaailm-ffb.ee\/fi\/shop\/niu-kqi2-pro-sahkopotkulauta\/#primaryimage"},"thumbnailUrl":"https:\/\/www.xn--tuksimaailm-ffb.ee\/wp-content\/uploads\/2023\/01\/NIU-KQi2-Pro-elektritoukeratas-elektriline-toukeratas-elektrilised-toukerattad-elektritoukerattad-11.webp","datePublished":"2023-01-11T17:26:46+00:00","description":"NIU KQi2 Pro - kvaliteetne ja innovaatline elektrit\u00f5ukeratas. V\u00f5imsa mootori ja ilusa disainiga elektriline t\u00f5ukeratas. NIU KQi uued elektrit\u00f5ukerattad.","breadcrumb":{"@id":"https:\/\/www.xn--tuksimaailm-ffb.ee\/fi\/shop\/niu-kqi2-pro-sahkopotkulauta\/#breadcrumb"},"inLanguage":"fi","potentialAction":[{"@type":"ReadAction","target":["https:\/\/www.xn--tuksimaailm-ffb.ee\/fi\/shop\/niu-kqi2-pro-sahkopotkulauta\/"]}]},{"@type":"ImageObject","inLanguage":"fi","@id":"https:\/\/www.xn--tuksimaailm-ffb.ee\/fi\/shop\/niu-kqi2-pro-sahkopotkulauta\/#primaryimage","url":"https:\/\/www.xn--tuksimaailm-ffb.ee\/wp-content\/uploads\/2023\/01\/NIU-KQi2-Pro-elektritoukeratas-elektriline-toukeratas-elektrilised-toukerattad-elektritoukerattad-11.webp","contentUrl":"https:\/\/www.xn--tuksimaailm-ffb.ee\/wp-content\/uploads\/2023\/01\/NIU-KQi2-Pro-elektritoukeratas-elektriline-toukeratas-elektrilised-toukerattad-elektritoukerattad-11.webp","width":1024,"height":1024,"caption":"NIU KQi2 Pro elektrit\u00f5ukeratas elektriline t\u00f5ukeratas elektrilised t\u00f5ukerattad elektrit\u00f5ukerattad 11"},{"@type":"BreadcrumbList","@id":"https:\/\/www.xn--tuksimaailm-ffb.ee\/fi\/shop\/niu-kqi2-pro-sahkopotkulauta\/#breadcrumb","itemListElement":[{"@type":"ListItem","position":1,"name":"Home","item":"https:\/\/www.xn--tuksimaailm-ffb.ee\/fi\/kotisivu\/"},{"@type":"ListItem","position":2,"name":"Kauppa","item":"https:\/\/www.xn--tuksimaailm-ffb.ee\/elektritoukerataste-pood\/"},{"@type":"ListItem","position":3,"name":"NIU KQi2 Pro s\u00e4hk\u00f6potkulauta"}]},{"@type":"WebSite","@id":"https:\/\/www.xn--tuksimaailm-ffb.ee\/fi\/#website","url":"https:\/\/www.xn--tuksimaailm-ffb.ee\/fi\/","name":"T\u00f5uksimaailm","description":"Elektrit\u00f5ukerataste m\u00fc\u00fck, remont ja rent","publisher":{"@id":"https:\/\/www.xn--tuksimaailm-ffb.ee\/fi\/#organization"},"potentialAction":[{"@type":"SearchAction","target":{"@type":"EntryPoint","urlTemplate":"https:\/\/www.xn--tuksimaailm-ffb.ee\/fi\/?s={search_term_string}"},"query-input":{"@type":"PropertyValueSpecification","valueRequired":true,"valueName":"search_term_string"}}],"inLanguage":"fi"},{"@type":"Organization","@id":"https:\/\/www.xn--tuksimaailm-ffb.ee\/fi\/#organization","name":"T\u00f5uksimaailm","url":"https:\/\/www.xn--tuksimaailm-ffb.ee\/fi\/","logo":{"@type":"ImageObject","inLanguage":"fi","@id":"https:\/\/www.xn--tuksimaailm-ffb.ee\/fi\/#\/schema\/logo\/image\/","url":"https:\/\/www.xn--tuksimaailm-ffb.ee\/wp-content\/uploads\/2020\/01\/logoz-e1579792875517.png","contentUrl":"https:\/\/www.xn--tuksimaailm-ffb.ee\/wp-content\/uploads\/2020\/01\/logoz-e1579792875517.png","width":250,"height":250,"caption":"T\u00f5uksimaailm"},"image":{"@id":"https:\/\/www.xn--tuksimaailm-ffb.ee\/fi\/#\/schema\/logo\/image\/"},"sameAs":["https:\/\/www.facebook.com\/touksimaailm\/","https:\/\/www.instagram.com\/touksimaailm_\/","https:\/\/www.youtube.com\/channel\/UC18ml0EKIDLP1xGuQjFzcXQ"]}]},"og_availability":"instock","product_availability":"instock","product_retailer_item_id":"NIU-KQI2","product_condition":"new"},"jetpack_sharing_enabled":true,"_links":{"self":[{"href":"https:\/\/www.xn--tuksimaailm-ffb.ee\/fi\/wp-json\/wp\/v2\/product\/41164","targetHints":{"allow":["GET"]}}],"collection":[{"href":"https:\/\/www.xn--tuksimaailm-ffb.ee\/fi\/wp-json\/wp\/v2\/product"}],"about":[{"href":"https:\/\/www.xn--tuksimaailm-ffb.ee\/fi\/wp-json\/wp\/v2\/types\/product"}],"wp:featuredmedia":[{"embeddable":true,"href":"https:\/\/www.xn--tuksimaailm-ffb.ee\/fi\/wp-json\/wp\/v2\/media\/27764"}],"wp:attachment":[{"href":"https:\/\/www.xn--tuksimaailm-ffb.ee\/fi\/wp-json\/wp\/v2\/media?parent=41164"}],"wp:term":[{"taxonomy":"product_brand","embeddable":true,"href":"https:\/\/www.xn--tuksimaailm-ffb.ee\/fi\/wp-json\/wp\/v2\/product_brand?post=41164"},{"taxonomy":"product_cat","embeddable":true,"href":"https:\/\/www.xn--tuksimaailm-ffb.ee\/fi\/wp-json\/wp\/v2\/product_cat?post=41164"},{"taxonomy":"product_tag","embeddable":true,"href":"https:\/\/www.xn--tuksimaailm-ffb.ee\/fi\/wp-json\/wp\/v2\/product_tag?post=41164"},{"taxonomy":"filter_elektritoukeratas","embeddable":true,"href":"https:\/\/www.xn--tuksimaailm-ffb.ee\/fi\/wp-json\/wp\/v2\/filter_elektritoukeratas?post=41164"}],"curies":[{"name":"wp","href":"https:\/\/api.w.org\/{rel}","templated":true}]}}