{"id":41167,"date":"2022-12-29T01:06:54","date_gmt":"2022-12-28T23:06:54","guid":{"rendered":"http:\/\/www.xn--tuksimaailm-ffb.ee\/shop\/ultron-t10-sahkopotkulauta\/"},"modified":"2024-11-08T10:18:50","modified_gmt":"2024-11-08T07:18:50","slug":"ultron-t10-sahkopotkulauta","status":"publish","type":"product","link":"https:\/\/www.xn--tuksimaailm-ffb.ee\/fi\/shop\/ultron-t10-sahkopotkulauta\/","title":{"rendered":"Ultron T10 V2.5 s\u00e4hk\u00f6potkulauta"},"content":{"rendered":"<h2 style=\"text-align: center;\">ULTRON T10 S\u00c4HK\u00d6POTKULAUTA - TUOTEKUVAUS<\/h2>\n<p>Ultron T10 -s\u00e4hk\u00f6skootteri, tehokas s\u00e4hk\u00f6skootteri, jossa on monia ominaisuuksia, jotka ovat my\u00f6s budjettiyst\u00e4v\u00e4llisi\u00e4. Ultron-s\u00e4hk\u00f6skootterit ovat jo pitk\u00e4\u00e4n olleet tunnettuja suorituskyvyst\u00e4\u00e4n ja edullisuudestaan It\u00e4-Euroopassa. It\u00e4-Euroopan lis\u00e4ksi Ultron-s\u00e4hk\u00f6skoottereista on tulossa yh\u00e4 useammin my\u00f6s muualla Euroopassa asuvien kuljettajien suosima tuotemerkki. Alhaisemmasta hinnasta huolimatta s\u00e4hk\u00f6skootteri on <strong>vankka ja siin\u00e4 on useita arvokkaita ominaisuuksia<\/strong>. Esimerkiksi Ultron T10 -s\u00e4hk\u00f6skootteri on varustettu <strong>suurilla 10 tuuman renkailla, hydraulisilla iskunvaimentimilla<\/strong> <strong>ja siniaaltoohjaimilla<\/strong> tasaista kiihtyvyytt\u00e4 varten. Hydrauliset iskunvaimentimet takaavat tasaisen ja vakaan ajon my\u00f6s ep\u00e4tasaisilla teill\u00e4. Ultron T10 -s\u00e4hk\u00f6skootteri on ihanteellinen valinta niille, joilla on rajoitetusti tilaa ja joille 11 tuuman s\u00e4hk\u00f6skootterit olisivat liian suuria. T10-s\u00e4hk\u00f6skootterissa on my\u00f6s lukittava sytytyslukko turvallisempaa s\u00e4ilytyst\u00e4 varten. S\u00e4hk\u00f6skootteri on varustettu ohjaustangolla, jonka korkeutta voidaan s\u00e4\u00e4t\u00e4\u00e4 ajajan parametrien mukaan, joten se sopii kaikille ajajille.<\/p>\n<p>Tutustu muihin tehokkaisiin ja edullisiin Ultron-s\u00e4hk\u00f6skoottereihin <a href=\"https:\/\/www.t\u00f5uksimaailm.ee\/tootekategooria\/elektritoukeratas\/?swoof=1&amp;pa_valmistaja=ultron&amp;really_curr_tax=21-product_cat\">t\u00e4\u00e4ll\u00e4.<\/a><\/p>\n<p><iframe title=\"Ultron Electric Scooter T10\" width=\"1082\" height=\"609\" src=\"https:\/\/www.youtube.com\/embed\/DK9ZfBg_3EI?feature=oembed\" frameborder=\"0\" allow=\"accelerometer; autoplay; clipboard-write; encrypted-media; gyroscope; picture-in-picture; web-share\" allowfullscreen><\/iframe><\/p>\n<h2 style=\"text-align: center;\">ULTRON T10 S\u00c4HK\u00d6POTKULAUTA - TEKNINEN KUVAUS<\/h2>\n<p>T10-s\u00e4hk\u00f6skootteri on varustettu korkealaatuisilla <strong>10x3 \"TUOVT<\/strong> merkkisill\u00e4 pneumaattisilla renkailla, jotka ovat suurempia kuin tavanomaisten s\u00e4hk\u00f6skoottereiden 8,5 tuuman sis\u00e4iset pneumaattiset renkaat. Skootteri, jossa on suuremmat renkaat, kest\u00e4\u00e4 paremmin kuoppia ja reunakivi\u00e4, ja siin\u00e4 on my\u00f6s parempi ajomukavuus, k\u00e4sitelt\u00e4vyys ja ajotuntuma. Viel\u00e4 turvallisemman ajon takaamiseksi T10-s\u00e4hk\u00f6skootteri on varustettu <strong>mekaanisilla levyjarruilla sek\u00e4 edess\u00e4 ett\u00e4 takana<\/strong>. <strong>Tehokas LED-ajovalo<\/strong> parantaa ajamista h\u00e4m\u00e4r\u00e4ss\u00e4 ja pime\u00e4ss\u00e4, ja skootteri on varustettu my\u00f6s takavalolla, joka varmistaa kuljettajan n\u00e4kyvyyden.<\/p>\n<p>Ultron T10 -s\u00e4hk\u00f6skootteri eroaa vuokra-s\u00e4hk\u00f6skoottereista (ridesharing) my\u00f6s siin\u00e4, ett\u00e4 siin\u00e4 on<strong> hydrauliset iskunvaimentimet<\/strong> edess\u00e4, jotka eiv\u00e4t ainoastaan paranna ajomukavuutta vaan my\u00f6s parantavat merkitt\u00e4v\u00e4sti turvallisuutta. Mukavuuden vuoksi s\u00e4hk\u00f6skootteri on varustettu my\u00f6s takaosan iskunvaimentimilla, joiden j\u00e4ykkyytt\u00e4 voidaan helposti s\u00e4\u00e4t\u00e4\u00e4 kuljettajan toiveiden ja parametrien mukaan.<\/p>\n<h2 style=\"text-align: center;\">AKKU JA MOOTTORI<\/h2>\n<p>Ultron T10 -s\u00e4hk\u00f6potkulauta on rakennettu kest\u00e4m\u00e4\u00e4n raskaita kuormia, ja tehokkaat <strong>1000W:n<\/strong> kokonaistehoiset moottorit takaavat tehokkaan ty\u00f6nt\u00f6voiman. S\u00e4hk\u00f6skootteri ja sen runko on valmistettu ilmailualumiinista, ja se kest\u00e4\u00e4 <strong>jopa 150kg:n painon<\/strong>. Tehokkaat moottorit, joita ohjataan v\u00e4yl\u00e4ohjaimilla, helpottavat m\u00e4kien kiipe\u00e4mist\u00e4 my\u00f6s raskaalla kuormalla. S\u00e4hk\u00f6potkulauta saa virtansa korkeaj\u00e4nnitteisest\u00e4 <strong>60V:n<\/strong> akusta, jonka kapasiteetti on suuri, <strong>1260Wh (21 Ah)<\/strong>. Valmistajan tietojen mukaan skootteri voi kulkea jopa 50 km yhdell\u00e4 latauksella. T\u00e4ysi lataus kest\u00e4\u00e4 <strong>6-8 tuntia (3-4 tuntia kahdella laturilla)<\/strong>.<\/p>\n<p>T10 on varustettu takanostokahvalla, joka helpottaa kuljetusta. Lis\u00e4ksi skootterissa on LCD-n\u00e4ytt\u00f6, joka n\u00e4ytt\u00e4\u00e4 akun varaustason, nopeuden ja parhaillaan aktivoidun ajotilan. Skootteri on helposti lukittavissa avaimella. Jos skootteri on tarkoitus j\u00e4tt\u00e4\u00e4 pitk\u00e4ksi aikaa ilman valvontaa, suosittelemme k\u00e4ytt\u00e4m\u00e4\u00e4n sytytyslukon lis\u00e4ksi <a href=\"http:\/\/www.xn--tuksimaailm-ffb.ee\/tootekategooria\/lisavarustus\/?swoof=1&amp;pa_tootetuup=lukud&amp;really_curr_tax=18-product_cat\"><strong>mekaanista lis\u00e4lukkoa<\/strong><\/a>.<\/p>\n<h2 style=\"text-align: center;\">TURVALLISUUS<\/h2>\n<p>S\u00e4hk\u00f6skootterit ovat nopeita ja mahdollisesti vaarallisia ajoneuvoja kuljettajalle. Siksi suosittelemme, ett\u00e4 k\u00e4yt\u00e4t aina <a href=\"http:\/\/www.xn--tuksimaailm-ffb.ee\/tootesilt\/elektritoukeratta-kiivrid\/\">kyp\u00e4r\u00e4\u00e4<\/a>. Alle 16-vuotiaiden s\u00e4hk\u00f6skootterin kuljettajien on <a href=\"https:\/\/www.riigiteataja.ee\/akt\/113112020001\">lain<\/a> mukaan pakko k\u00e4ytt\u00e4\u00e4 kyp\u00e4r\u00e4\u00e4 ajaessaan. Kaikki s\u00e4hk\u00f6skootterit l\u00f6ytyv\u00e4t <a href=\"http:\/\/www.xn--tuksimaailm-ffb.ee\/tootekategooria\/elektritoukeratas\/\"><strong>t\u00e4\u00e4lt\u00e4<\/strong><\/a>.<\/p>\n<p><strong>Kun ostat s\u00e4hk\u00f6skootterin kaupastamme, saat kaikki <a href=\"http:\/\/www.xn--tuksimaailm-ffb.ee\/tootekategooria\/lisavarustus\/\">lis\u00e4varusteet<\/a>\u00a0 -20%!<\/strong><\/p>\n<p><strong style=\"box-sizing: inherit; margin: 0px; padding: 0px; border: 0px; font-variant-numeric: inherit; font-variant-east-asian: inherit; font-stretch: inherit; font-size: 17px; line-height: inherit;\">Ultron T10 V2 -s\u00e4hk\u00f6skootteri on Viron liikennelain mukainen katulain mukainen kevytskootteri, jonka valmistajan teho on 1000W ja valmistajan nopeus 25km\/h. HUOM: Jos k\u00e4ytt\u00e4j\u00e4 on itsen\u00e4isesti muuttanut s\u00e4hk\u00f6skootteria nopeammaksi tai tehokkaammaksi kuin edell\u00e4 mainitut parametrit, T\u00f5uksimaailm ei ole vastuussa lain rikkomisesta aiheutuvista sakoista, poliisin takavarikoimasta s\u00e4hk\u00f6skootterista tai mist\u00e4\u00e4n muustakaan rikkomisesta aiheutuneesta vahingosta.<\/strong><\/p>\n<table class=\"tg\" style=\"border-collapse: collapse; max-width: 600px; border-spacing: 0px; margin: 0px auto; width: 84%; height: 406px;\">\n<tbody>\n<tr style=\"height: 27px;\">\n<td style=\"background-color: #e4e1e1; color: #333333; font-family: inherit; font-size: 14px; font-weight: bold; overflow: hidden; padding: 5px; text-align: center; vertical-align: top; word-break: normal; border: 1px solid; height: 27px;\" colspan=\"2\">Tekniset tiedot<\/td>\n<\/tr>\n<tr style=\"height: 27px;\">\n<td style=\"background-color: #e4e1e1; color: #333333; font-family: inherit; font-size: 14px; font-weight: bold; overflow: hidden; padding: 5px; text-align: right; vertical-align: top; word-break: normal; border: 1px solid; height: 27px;\">Malli<\/td>\n<td style=\"font-family: inherit; font-size: 14px; overflow: hidden; padding: 5px; text-align: center; vertical-align: top; word-break: normal; border: 1px solid; height: 27px;\">Ultron T10 V2<\/td>\n<\/tr>\n<tr style=\"height: 27px;\">\n<td style=\"background-color: #e4e1e1; color: #333333; font-family: inherit; font-size: 14px; font-weight: bold; overflow: hidden; padding: 5px; text-align: right; vertical-align: top; word-break: normal; border: 1px solid; height: 27px;\">Akku<\/td>\n<td style=\"font-family: inherit; font-size: 14px; overflow: hidden; padding: 5px; text-align: center; vertical-align: top; word-break: normal; border: 1px solid; height: 27px;\">60V\/21Ah 1260Wh (21000mAh)<\/td>\n<\/tr>\n<tr style=\"height: 27px;\">\n<td style=\"background-color: #e4e1e1; color: #333333; font-family: inherit; font-size: 14px; font-weight: bold; overflow: hidden; padding: 5px; text-align: right; vertical-align: top; word-break: normal; border: 1px solid; height: 27px;\">Latausaika<\/td>\n<td style=\"font-family: inherit; font-size: 14px; overflow: hidden; padding: 5px; text-align: center; vertical-align: top; word-break: normal; border: 1px solid; height: 27px;\">jopa 8h (kahdella laturilla 4h)<\/td>\n<\/tr>\n<tr style=\"height: 27px;\">\n<td style=\"background-color: #e4e1e1; color: #333333; font-family: inherit; font-size: 14px; font-weight: bold; overflow: hidden; padding: 5px; text-align: right; vertical-align: top; word-break: normal; border: 1px solid; height: 27px;\">Moottorin teho<\/td>\n<td style=\"font-family: inherit; font-size: 14px; overflow: hidden; padding: 5px; text-align: center; vertical-align: top; word-break: normal; border: 1px solid; height: 27px;\">1000W<\/td>\n<\/tr>\n<tr style=\"height: 55px;\">\n<td style=\"background-color: #e4e1e1; color: #333333; font-family: inherit; font-size: 14px; font-weight: bold; overflow: hidden; padding: 5px; text-align: right; vertical-align: top; word-break: normal; border: 1px solid; height: 55px;\">Ajomatka (valmistajan m\u00e4\u00e4rittely) | Arvioitu ajomatka<\/td>\n<td style=\"font-family: inherit; font-size: 14px; overflow: hidden; padding: 5px; text-align: center; vertical-align: top; word-break: normal; border: 1px solid; height: 55px;\">jopa 50 km | 84km (25km\/h, 70kg kuljettaja, 15Wh\/km)<\/td>\n<\/tr>\n<tr style=\"height: 27px;\">\n<td style=\"background-color: #e4e1e1; color: #333333; font-family: inherit; font-size: 14px; font-weight: bold; overflow: hidden; padding: 5px; text-align: right; vertical-align: top; word-break: normal; border: 1px solid; height: 27px;\">Etujarru<\/td>\n<td style=\"font-family: inherit; font-size: 14px; overflow: hidden; padding: 5px; text-align: center; vertical-align: top; word-break: normal; border: 1px solid; height: 27px;\">mekaaninen levyjarru + s\u00e4hk\u00f6moottorijarru (regeneratiivinen)<\/td>\n<\/tr>\n<tr style=\"height: 27px;\">\n<td style=\"background-color: #e4e1e1; color: #333333; font-family: inherit; font-size: 14px; font-weight: bold; overflow: hidden; padding: 5px; text-align: right; vertical-align: top; word-break: normal; border: 1px solid; height: 27px;\">Takajarru<\/td>\n<td style=\"font-family: inherit; font-size: 14px; overflow: hidden; padding: 5px; text-align: center; vertical-align: top; word-break: normal; border: 1px solid; height: 27px;\">mekaaninen levyjarru + s\u00e4hk\u00f6moottorijarru (regeneratiivinen)<\/td>\n<\/tr>\n<tr style=\"height: 27px;\">\n<td style=\"background-color: #e4e1e1; color: #333333; font-family: inherit; font-size: 14px; font-weight: bold; overflow: hidden; padding: 5px; text-align: right; vertical-align: top; word-break: normal; border: 1px solid; height: 27px;\">Painorajoitus<\/td>\n<td style=\"font-family: inherit; font-size: 14px; overflow: hidden; padding: 5px; text-align: center; vertical-align: top; word-break: normal; border: 1px solid; height: 27px;\">150kg<\/td>\n<\/tr>\n<tr style=\"height: 27px;\">\n<td style=\"background-color: #e4e1e1; color: #333333; font-family: inherit; font-size: 14px; font-weight: bold; overflow: hidden; padding: 5px; text-align: right; vertical-align: top; word-break: normal; border: 1px solid; height: 27px;\">Tuotajam\u00e4\u00e4rittely nopeus<\/td>\n<td style=\"font-family: inherit; font-size: 14px; overflow: hidden; padding: 5px; text-align: center; vertical-align: top; word-break: normal; border: 1px solid; height: 27px;\">25km\/h<\/td>\n<\/tr>\n<tr style=\"height: 27px;\">\n<td style=\"background-color: #e4e1e1; color: #333333; font-family: inherit; font-size: 14px; font-weight: bold; overflow: hidden; padding: 5px; text-align: right; vertical-align: top; word-break: normal; border: 1px solid; height: 27px;\">Paino<\/td>\n<td style=\"font-family: inherit; font-size: 14px; overflow: hidden; padding: 5px; text-align: center; vertical-align: top; word-break: normal; border: 1px solid; height: 27px;\">32kg<\/td>\n<\/tr>\n<tr style=\"height: 27px;\">\n<td style=\"background-color: #e4e1e1; color: #333333; font-family: inherit; font-size: 14px; font-weight: bold; overflow: hidden; padding: 5px 5px 5px 125px; vertical-align: top; word-break: normal; border: 1px solid; height: 27px; text-align: right;\">Moottorisoitu py\u00f6r\u00e4<\/td>\n<td style=\"font-family: inherit; font-size: 14px; overflow: hidden; padding: 5px; text-align: center; vertical-align: top; word-break: normal; border: 1px solid; height: 27px;\">etu- &amp; takapy\u00f6r\u00e4<\/td>\n<\/tr>\n<tr style=\"height: 27px;\">\n<td style=\"background-color: #e4e1e1; color: #333333; font-family: inherit; font-size: 14px; font-weight: bold; overflow: hidden; padding: 5px; text-align: right; vertical-align: top; word-break: normal; border: 1px solid; height: 27px;\">Renkaat<\/td>\n<td style=\"font-family: inherit; font-size: 14px; overflow: hidden; padding: 5px; text-align: center; vertical-align: top; word-break: normal; border: 1px solid; height: 27px;\">10 tuuman ilmarenkaat<\/td>\n<\/tr>\n<tr style=\"height: 27px;\">\n<td style=\"background-color: #e4e1e1; color: #333333; font-family: inherit; font-size: 14px; font-weight: bold; overflow: hidden; padding: 5px; text-align: right; vertical-align: top; word-break: normal; border: 1px solid; height: 27px;\">Tien enim\u00e4iskaltevuus<\/td>\n<td style=\"font-family: inherit; font-size: 14px; overflow: hidden; padding: 5px; text-align: center; vertical-align: top; word-break: normal; border: 1px solid; height: 27px;\">jopa 30%<\/td>\n<\/tr>\n<\/tbody>\n<\/table>\n","protected":false},"excerpt":{"rendered":"<p><a href=\"http:\/\/www.xn--tuksimaailm-ffb.ee\/kontakt\/\"><strong>L\u00f6ysitk\u00f6 paremman hinnan? Kirjoita meille, niin teemme sinulle paremman tarjouksen!<\/strong><\/a><\/p>\n<p><strong>Kaikki\u00a0<a href=\"http:\/\/www.xn--tuksimaailm-ffb.ee\/tootekategooria\/lisavarustus\/\">lis\u00e4varusteet<\/a>\u00a0ja\u00a0<a href=\"https:\/\/www.xn\u2014tuksimaailm-ffb.ee\/tootekategooria\/elektritoukeratta-varuosad\/\">varaosat<\/a> ovat\u00a0-20%, kun ne ostetaan s\u00e4hk\u00f6skootterin kanssa. Alennus otetaan automaattisesti k\u00e4ytt\u00f6\u00f6n, kun lis\u00e4\u00e4t sen ostoskoriin!<\/strong><\/p>\n<p><em><strong>Toimitusaika: 1-5tp<\/p>\n<p><\/strong><\/em><\/p>\n","protected":false},"featured_media":27666,"template":"","meta":[],"product_brand":[],"product_cat":[926],"product_tag":[],"filter_elektritoukeratas":[],"class_list":{"0":"post-41167","1":"product","2":"type-product","3":"status-publish","4":"has-post-thumbnail","6":"product_cat-sahkopotkulaudat-fi","7":"product_shipping_class-keskmine-pakk-fi","8":"pa_aku-mahutavus-wh-1260-fi","9":"pa_kaal-kg-32-fi","10":"pa_kandevoime-kg-150-fi","11":"pa_labisoit-arvutuslik-km-84-fi","12":"pa_mootorite-arv-kahdella-moottorilla","13":"pa_muuja-platvormil-touksimaailm-exocool-ou-fi","14":"pa_piiramata-tippkiirus-kmh-25-fi","15":"pa_tootetuup-elektritoukeratas-fi","16":"pa_valmistaja-ultron-fi","17":"pa_voimsus-w-1000-fi","19":"first","20":"instock","21":"taxable","22":"shipping-taxable","23":"purchasable","24":"product-type-simple"},"yoast_head":"<!-- This site is optimized with the Yoast SEO Premium plugin v26.8 (Yoast SEO v27.5) - https:\/\/yoast.com\/product\/yoast-seo-premium-wordpress\/ -->\n<title>Ultron T10 V2.5 s\u00e4hk\u00f6potkulauta | T\u00f5uksimaailm | Elektrit\u00f5ukerattad<\/title>\n<meta name=\"description\" content=\"Ultron T10 v\u00f5imas ja taskukohane elektrit\u00f5ukeratas. Erinevate lisadega ja praktiline elektriline t\u00f5ukeratas. Taskukohased Ultron elektrit\u00f5ukerattad.\" \/>\n<meta name=\"robots\" content=\"index, follow, max-snippet:-1, max-image-preview:large, max-video-preview:-1\" \/>\n<link rel=\"canonical\" href=\"https:\/\/www.xn--tuksimaailm-ffb.ee\/fi\/shop\/ultron-t10-sahkopotkulauta\/\" \/>\n<meta property=\"og:locale\" content=\"fi_FI\" \/>\n<meta property=\"og:type\" content=\"article\" \/>\n<meta property=\"og:title\" content=\"Ultron T10 V2.5 s\u00e4hk\u00f6potkulauta\" \/>\n<meta property=\"og:description\" content=\"Ultron T10 v\u00f5imas ja taskukohane elektrit\u00f5ukeratas. Erinevate lisadega ja praktiline elektriline t\u00f5ukeratas. Taskukohased Ultron elektrit\u00f5ukerattad.\" \/>\n<meta property=\"og:url\" content=\"https:\/\/www.xn--tuksimaailm-ffb.ee\/fi\/shop\/ultron-t10-sahkopotkulauta\/\" \/>\n<meta property=\"og:site_name\" content=\"T\u00f5uksimaailm\" \/>\n<meta property=\"article:publisher\" content=\"https:\/\/www.facebook.com\/touksimaailm\/\" \/>\n<meta property=\"article:modified_time\" content=\"2024-11-08T07:18:50+00:00\" \/>\n<meta property=\"og:image\" content=\"https:\/\/www.xn--tuksimaailm-ffb.ee\/wp-content\/uploads\/2022\/12\/Ultron-T10-V2-elektritoukeratas-6.webp\" \/>\n\t<meta property=\"og:image:width\" content=\"800\" \/>\n\t<meta property=\"og:image:height\" content=\"800\" \/>\n\t<meta property=\"og:image:type\" content=\"image\/webp\" \/>\n<meta name=\"twitter:card\" content=\"summary_large_image\" \/>\n<meta name=\"twitter:label1\" content=\"Hinta\" \/>\n\t<meta name=\"twitter:data1\" content=\"&euro;1,299.00\" \/>\n\t<meta name=\"twitter:label2\" content=\"Saatavuus\" \/>\n\t<meta name=\"twitter:data2\" content=\"Varastossa\" \/>\n<meta property=\"product:price:amount\" content=\"1299.00\" \/>\n<meta property=\"product:price:currency\" content=\"EUR\" \/>\n<meta property=\"og:availability\" content=\"instock\" \/>\n<meta property=\"product:availability\" content=\"instock\" \/>\n<meta property=\"product:retailer_item_id\" content=\"Ultron-T10\" \/>\n<meta property=\"product:condition\" content=\"new\" \/>\n<!-- \/ Yoast SEO Premium plugin. -->","yoast_head_json":{"title":"Ultron T10 V2.5 s\u00e4hk\u00f6potkulauta | T\u00f5uksimaailm | Elektrit\u00f5ukerattad","description":"Ultron T10 v\u00f5imas ja taskukohane elektrit\u00f5ukeratas. Erinevate lisadega ja praktiline elektriline t\u00f5ukeratas. Taskukohased Ultron elektrit\u00f5ukerattad.","robots":{"index":"index","follow":"follow","max-snippet":"max-snippet:-1","max-image-preview":"max-image-preview:large","max-video-preview":"max-video-preview:-1"},"canonical":"https:\/\/www.xn--tuksimaailm-ffb.ee\/fi\/shop\/ultron-t10-sahkopotkulauta\/","og_locale":"fi_FI","og_type":"article","og_title":"Ultron T10 V2.5 s\u00e4hk\u00f6potkulauta","og_description":"Ultron T10 v\u00f5imas ja taskukohane elektrit\u00f5ukeratas. Erinevate lisadega ja praktiline elektriline t\u00f5ukeratas. Taskukohased Ultron elektrit\u00f5ukerattad.","og_url":"https:\/\/www.xn--tuksimaailm-ffb.ee\/fi\/shop\/ultron-t10-sahkopotkulauta\/","og_site_name":"T\u00f5uksimaailm","article_publisher":"https:\/\/www.facebook.com\/touksimaailm\/","article_modified_time":"2024-11-08T07:18:50+00:00","og_image":[{"width":800,"height":800,"url":"https:\/\/www.xn--tuksimaailm-ffb.ee\/wp-content\/uploads\/2022\/12\/Ultron-T10-V2-elektritoukeratas-6.webp","type":"image\/webp"}],"twitter_card":"summary_large_image","twitter_misc":{"Hinta":"&euro;1,299.00","Saatavuus":"Varastossa"},"schema":{"@context":"https:\/\/schema.org","@graph":[{"@type":"WebPage","@id":"https:\/\/www.xn--tuksimaailm-ffb.ee\/fi\/shop\/ultron-t10-sahkopotkulauta\/","url":"https:\/\/www.xn--tuksimaailm-ffb.ee\/fi\/shop\/ultron-t10-sahkopotkulauta\/","name":"Ultron T10 V2.5 s\u00e4hk\u00f6potkulauta | T\u00f5uksimaailm | Elektrit\u00f5ukerattad","isPartOf":{"@id":"https:\/\/www.xn--tuksimaailm-ffb.ee\/fi\/#website"},"primaryImageOfPage":{"@id":"https:\/\/www.xn--tuksimaailm-ffb.ee\/fi\/shop\/ultron-t10-sahkopotkulauta\/#primaryimage"},"image":{"@id":"https:\/\/www.xn--tuksimaailm-ffb.ee\/fi\/shop\/ultron-t10-sahkopotkulauta\/#primaryimage"},"thumbnailUrl":"https:\/\/www.xn--tuksimaailm-ffb.ee\/wp-content\/uploads\/2022\/12\/Ultron-T10-V2-elektritoukeratas-6.webp","datePublished":"2022-12-28T23:06:54+00:00","dateModified":"2024-11-08T07:18:50+00:00","description":"Ultron T10 v\u00f5imas ja taskukohane elektrit\u00f5ukeratas. Erinevate lisadega ja praktiline elektriline t\u00f5ukeratas. Taskukohased Ultron elektrit\u00f5ukerattad.","breadcrumb":{"@id":"https:\/\/www.xn--tuksimaailm-ffb.ee\/fi\/shop\/ultron-t10-sahkopotkulauta\/#breadcrumb"},"inLanguage":"fi","potentialAction":[{"@type":"ReadAction","target":["https:\/\/www.xn--tuksimaailm-ffb.ee\/fi\/shop\/ultron-t10-sahkopotkulauta\/"]}]},{"@type":"ImageObject","inLanguage":"fi","@id":"https:\/\/www.xn--tuksimaailm-ffb.ee\/fi\/shop\/ultron-t10-sahkopotkulauta\/#primaryimage","url":"https:\/\/www.xn--tuksimaailm-ffb.ee\/wp-content\/uploads\/2022\/12\/Ultron-T10-V2-elektritoukeratas-6.webp","contentUrl":"https:\/\/www.xn--tuksimaailm-ffb.ee\/wp-content\/uploads\/2022\/12\/Ultron-T10-V2-elektritoukeratas-6.webp","width":800,"height":800,"caption":"Ultron T10 V2 elektrit\u00f5ukeratas 6"},{"@type":"BreadcrumbList","@id":"https:\/\/www.xn--tuksimaailm-ffb.ee\/fi\/shop\/ultron-t10-sahkopotkulauta\/#breadcrumb","itemListElement":[{"@type":"ListItem","position":1,"name":"Home","item":"https:\/\/www.xn--tuksimaailm-ffb.ee\/fi\/kotisivu\/"},{"@type":"ListItem","position":2,"name":"Kauppa","item":"https:\/\/www.xn--tuksimaailm-ffb.ee\/elektritoukerataste-pood\/"},{"@type":"ListItem","position":3,"name":"Ultron T10 V2.5 s\u00e4hk\u00f6potkulauta"}]},{"@type":"WebSite","@id":"https:\/\/www.xn--tuksimaailm-ffb.ee\/fi\/#website","url":"https:\/\/www.xn--tuksimaailm-ffb.ee\/fi\/","name":"T\u00f5uksimaailm","description":"Elektrit\u00f5ukerataste m\u00fc\u00fck, remont ja rent","publisher":{"@id":"https:\/\/www.xn--tuksimaailm-ffb.ee\/fi\/#organization"},"potentialAction":[{"@type":"SearchAction","target":{"@type":"EntryPoint","urlTemplate":"https:\/\/www.xn--tuksimaailm-ffb.ee\/fi\/?s={search_term_string}"},"query-input":{"@type":"PropertyValueSpecification","valueRequired":true,"valueName":"search_term_string"}}],"inLanguage":"fi"},{"@type":"Organization","@id":"https:\/\/www.xn--tuksimaailm-ffb.ee\/fi\/#organization","name":"T\u00f5uksimaailm","url":"https:\/\/www.xn--tuksimaailm-ffb.ee\/fi\/","logo":{"@type":"ImageObject","inLanguage":"fi","@id":"https:\/\/www.xn--tuksimaailm-ffb.ee\/fi\/#\/schema\/logo\/image\/","url":"https:\/\/www.xn--tuksimaailm-ffb.ee\/wp-content\/uploads\/2020\/01\/logoz-e1579792875517.png","contentUrl":"https:\/\/www.xn--tuksimaailm-ffb.ee\/wp-content\/uploads\/2020\/01\/logoz-e1579792875517.png","width":250,"height":250,"caption":"T\u00f5uksimaailm"},"image":{"@id":"https:\/\/www.xn--tuksimaailm-ffb.ee\/fi\/#\/schema\/logo\/image\/"},"sameAs":["https:\/\/www.facebook.com\/touksimaailm\/","https:\/\/www.instagram.com\/touksimaailm_\/","https:\/\/www.youtube.com\/channel\/UC18ml0EKIDLP1xGuQjFzcXQ"]}]},"product_price_amount":"1299.00","product_price_currency":"EUR","og_availability":"instock","product_availability":"instock","product_retailer_item_id":"Ultron-T10","product_condition":"new"},"jetpack_sharing_enabled":true,"_links":{"self":[{"href":"https:\/\/www.xn--tuksimaailm-ffb.ee\/fi\/wp-json\/wp\/v2\/product\/41167","targetHints":{"allow":["GET"]}}],"collection":[{"href":"https:\/\/www.xn--tuksimaailm-ffb.ee\/fi\/wp-json\/wp\/v2\/product"}],"about":[{"href":"https:\/\/www.xn--tuksimaailm-ffb.ee\/fi\/wp-json\/wp\/v2\/types\/product"}],"wp:featuredmedia":[{"embeddable":true,"href":"https:\/\/www.xn--tuksimaailm-ffb.ee\/fi\/wp-json\/wp\/v2\/media\/27666"}],"wp:attachment":[{"href":"https:\/\/www.xn--tuksimaailm-ffb.ee\/fi\/wp-json\/wp\/v2\/media?parent=41167"}],"wp:term":[{"taxonomy":"product_brand","embeddable":true,"href":"https:\/\/www.xn--tuksimaailm-ffb.ee\/fi\/wp-json\/wp\/v2\/product_brand?post=41167"},{"taxonomy":"product_cat","embeddable":true,"href":"https:\/\/www.xn--tuksimaailm-ffb.ee\/fi\/wp-json\/wp\/v2\/product_cat?post=41167"},{"taxonomy":"product_tag","embeddable":true,"href":"https:\/\/www.xn--tuksimaailm-ffb.ee\/fi\/wp-json\/wp\/v2\/product_tag?post=41167"},{"taxonomy":"filter_elektritoukeratas","embeddable":true,"href":"https:\/\/www.xn--tuksimaailm-ffb.ee\/fi\/wp-json\/wp\/v2\/filter_elektritoukeratas?post=41167"}],"curies":[{"name":"wp","href":"https:\/\/api.w.org\/{rel}","templated":true}]}}