{"id":41175,"date":"2024-02-01T16:58:54","date_gmt":"2024-02-01T13:58:54","guid":{"rendered":"http:\/\/www.xn--tuksimaailm-ffb.ee\/?post_type=product&#038;p=41175"},"modified":"2024-11-06T16:58:54","modified_gmt":"2024-11-06T13:58:54","slug":"segway-ninebot-p65e-p65i-sahkopotkulauta-kopeeri-2","status":"publish","type":"product","link":"https:\/\/www.xn--tuksimaailm-ffb.ee\/fi\/shop\/segway-ninebot-p65e-p65i-sahkopotkulauta-kopeeri-2\/","title":{"rendered":"Segway Ninebot Max G2 E s\u00e4hk\u00f6potkulauta"},"content":{"rendered":"<h2 style=\"text-align: center;\">SEGWAY NINEBOT MAX G2 E S\u00c4HK\u00d6POTKULAUTA - TUOTEKUVAUS<\/h2>\n<p style=\"caret-color: #000000; color: #000000;\">Segway Ninebot -s\u00e4hk\u00f6skootterit tunnetaan markkinoilla korkeasta laadustaan ja siit\u00e4, ett\u00e4 ne tuovat markkinoille uutta teknologiaa. J\u00e4lleen kerran uudet Ninebot Max G2 E -s\u00e4hk\u00f6skootterit yll\u00e4tt\u00e4v\u00e4t s\u00e4hk\u00f6skootterien harrastajat. Pitk\u00e4n ja m\u00e4\u00e4r\u00e4tietoisen kehitysty\u00f6n tuloksena on tuotettu uusi ja parannettu Segway Ninebot Max G2 E -s\u00e4hk\u00f6potkulauta. Ninebot Max G2 E -s\u00e4hk\u00f6skootterissa on laaja valikoima teknisi\u00e4 ominaisuuksia (esim.\u00a0<strong>avaimeton sis\u00e4\u00e4np\u00e4\u00e4sy ja puhelinliit\u00e4nt\u00e4<\/strong>), hyv\u00e4 toimintas\u00e4de ja hyv\u00e4 rakennelaatu. Ninebot Max G2 E -s\u00e4hk\u00f6skootteri on my\u00f6s suhteellisen kompakti ja kevyt, ja sen paino on juuri sopiva mukavaan nostamiseen. Segway Ninebot Max G2 E:n suurin ero tai parannus vanhempaan G30E II -malliin verrattuna on ehdottomasti\u00a0<strong>s\u00e4\u00e4dett\u00e4v\u00e4t etu- ja taka-iskunvaimentimet<\/strong>, jotka tekev\u00e4t ajosta mukavampaa kuin mik\u00e4\u00e4n aiempi Segwayn kaupunkis\u00e4hk\u00f6potkulauta.<\/p>\n<p style=\"caret-color: #000000; color: #000000;\">Ninebot Max G2 E -s\u00e4hk\u00f6skootterit ovat k\u00e4ytt\u00e4j\u00e4yst\u00e4v\u00e4llisi\u00e4 juuri siksi, ett\u00e4 ne on suunniteltu huolellisesti, ja my\u00f6s siksi, ett\u00e4 niiss\u00e4 on monia k\u00e4yt\u00e4nn\u00f6llisi\u00e4 ominaisuuksia. Ninebot Max G2 E -s\u00e4hk\u00f6skootterissa on kaikki, mit\u00e4 hyv\u00e4ss\u00e4 s\u00e4hk\u00f6skootterissa pit\u00e4\u00e4 olla. Skootteri\u00a0<strong>yhdistyy esimerkiksi Iphone \u201dFind My\u201d -sovellukseen, ja siin\u00e4 on 10 tuuman letkuttomat\/letkuttomat ilmarenkaat<\/strong>, tehokas Li-ion-akku ja tehokas s\u00e4hk\u00f6moottori. My\u00f6s turvallisuus on ollut etusijalla, mink\u00e4 vuoksi Ninebot Max G2 E -s\u00e4hk\u00f6potkulauta on varustettu etu- ja takajarruilla (edess\u00e4 rumpujarru, takana magneettijarru), tehokkailla LED-valoilla ja hyv\u00e4ll\u00e4 jousituksella.<\/p>\n<p><iframe title=\"Ninebot KickScooter MAX G2 - ENGLISH\" width=\"1082\" height=\"609\" src=\"https:\/\/www.youtube.com\/embed\/MQgG7BZbTv0?feature=oembed\" frameborder=\"0\" allow=\"accelerometer; autoplay; clipboard-write; encrypted-media; gyroscope; picture-in-picture; web-share\" referrerpolicy=\"strict-origin-when-cross-origin\" allowfullscreen><\/iframe><\/p>\n<h2 style=\"text-align: center;\">SEGWAY NINEBOT MAX G2 E S\u00c4HK\u00d6POTKULAUTA - K\u00c4YT\u00c4NN\u00d6LLINEN JA KEST\u00c4V\u00c4 RAKENNE<\/h2>\n<p>Segway Ninebot P65E -s\u00e4hk\u00f6skootteri k\u00e4tkee sis\u00e4\u00e4ns\u00e4 huippuluokan ja erinomaisen teknologian. Ninebot P65E -s\u00e4hk\u00f6skootterit ovat rakenteeltaan suhteellisen kompakteja. Kevyet ja hyv\u00e4ll\u00e4 ajo-ominaisuudella varustetut Ninebot P65E -s\u00e4hk\u00f6skootterit <strong>painavat vain 28kg<\/strong>. Ninebot P65E -s\u00e4hk\u00f6skootteri on erityisen kompakti juuri keveytens\u00e4 ja taittuvan ohjaustangon ansiosta. Kompaktin kokonsa ansiosta Ninebot P65E on helppo kuljettaa ja mahtuu useimpien autojen tavaratilaan.<\/p>\n<p style=\"caret-color: #000000; color: #000000;\">Turvallisen ajon varmistamiseksi Segway Ninebot Max G2 E -s\u00e4hk\u00f6potkulauta on varustettu korkealaatuisella rumpujarrulla edess\u00e4 ja<strong>\u00a0regeneratiivisella moottorijarrulla takana.<\/strong>Ninebot Max G2 E -s\u00e4hk\u00f6potkulauta on suunniteltu siten, ett\u00e4 kun mekaanista jarrua k\u00e4ytet\u00e4\u00e4n, elektroninen moottorijarru toimii samanaikaisesti. T\u00e4m\u00e4 tarkoittaa, ett\u00e4 jarrut kuluvat huomattavasti v\u00e4hemm\u00e4n kuin ilman s\u00e4hk\u00f6ist\u00e4 moottorijarrua. Ninebot Max G2 E -s\u00e4hk\u00f6skootteri voidaan yhdist\u00e4\u00e4 mobiilisovellukseen, joka n\u00e4ytt\u00e4\u00e4 j\u00e4ljell\u00e4 olevan toimintas\u00e4teen, akun varaustason ja paljon muuta.<\/p>\n<p style=\"caret-color: #000000; color: #000000;\">Selke\u00e4n n\u00e4kyvyyden varmistamiseksi Ninebot Max G2 E -s\u00e4hk\u00f6skootterit on\u00a0<strong>varustettu edess\u00e4 olevilla LED-valoilla<\/strong>, jotka ovat pienikokoisia mutta joiden valokeila on laaja ja kauaskantoinen. Jotta my\u00f6s muut py\u00f6r\u00e4ilij\u00e4t n\u00e4kisiv\u00e4t sinut, Ninebot Max G2 E -skoottereissa on<strong>\u00a0my\u00f6s takajarru- ja seisontavalot<\/strong>. Jotta kuljettajan aikomuksista voidaan ilmoittaa, Ninebot Max G2 E -skoottereissa on\u00a0<strong>sek\u00e4 etu- ett\u00e4 takasuuntavilkut.<\/strong><\/p>\n<h2 style=\"text-align: center;\">SEGWAY NINEBOT MAX G2 E S\u00c4HK\u00d6SKOOTTERI - TEKNINEN KUVAUS<\/h2>\n<p style=\"caret-color: #000000; color: #000000;\">Segway Max G2 E -s\u00e4hk\u00f6skootterit ovat yksipy\u00f6r\u00e4isi\u00e4 (takaveto), mutta silti eritt\u00e4in kirkkaita ja tehokkaita. Ninebot Max G2 E -skootterit<strong>, joiden voimanl\u00e4hteen\u00e4 on tehokas 900 W:n s\u00e4hk\u00f6inen takamoottori<\/strong>, ovat eritt\u00e4in tasaisia ja kiihtyv\u00e4t mukavasti. Valmistajan ilmoittama nopeus on 25km\/h, ja Ninebot Max G2 E -s\u00e4hk\u00f6skootteri saavuttaa t\u00e4m\u00e4n nopeuden nopeasti ilman ongelmia.<\/p>\n<p style=\"caret-color: #000000; color: #000000;\">Vankan rakenteensa ansiosta Ninebot Max G2 E -s\u00e4hk\u00f6potkulauta\u00a0<strong>pystyy<\/strong>\u00a0valmistajan erittelyn mukaan\u00a0<strong>liikuttamaan jopa 120 kiloa<\/strong>. Tehokkaalla s\u00e4hk\u00f6moottorilla varustettu Ninebot Max G2 E -s\u00e4hk\u00f6potkulauta ei anna periksi raskaammillakaan kuormilla. Ninebot Max G2 E -s\u00e4hk\u00f6skootterit\u00a0<strong>kykenev\u00e4t nousemaan jopa 22 %\u00a0<\/strong>t\u00e4ydest\u00e4 kuormasta.<\/p>\n<p style=\"caret-color: #000000; color: #000000;\">Ninebot Max G2 E k\u00e4tkee tukevan rakenteensa taakse suuren Li-ion-akun. Segway Ninebot Max G2 E -s\u00e4hk\u00f6potkulauta on\u00a0<strong>varustettu tehokkaalla 36 voltin nimellisj\u00e4nnitteell\u00e4 ja tehokkaalla 15,3Ah (551Wh) Li-ion-akkuyksik\u00f6ll\u00e4<\/strong>. Valmistajan tietojen mukaan s\u00e4hk\u00f6potkulauta pystyy kulkemaan\u00a0<strong>jopa 70 km<\/strong>\u00a0<strong>yhdell\u00e4<\/strong>\u00a0<strong>latauksella ECO<\/strong>\u00a0<strong>-tilassa<\/strong>. Laskelmien mukaan toteamme, ett\u00e4 realistisissa olosuhteissa, kun energiankulutus on 15Wh\/km ja ajo on tasaista, s\u00e4hk\u00f6skootterilla voi\u00a0<strong>ajaa ~37 km tavallisessa D-tilassa<\/strong>. Ninebot Max G2 E -s\u00e4hk\u00f6skootteri tarvitsee\u00a0<strong>~6 tuntia<\/strong>\u00a0<strong>akun lataamiseen t\u00e4ydellisesti 0 prosentista 100 prosenttiin<\/strong>.<\/p>\n<p style=\"caret-color: #000000; color: #000000;\">Riemastuttavan ajokokemuksen takaamiseksi Ninebot Max G2 E -s\u00e4hk\u00f6potkulauta on varustettu\u00a0<strong>etuhydraulisella ja 2x takajousituksella.<\/strong>\u00a0Tietojen antamiseksi kuljettajalle Segway Ninebot Max G2 E -s\u00e4hk\u00f6potkulauta on\u00a0<strong>varustettu selv\u00e4sti luettavalla kompaktilla n\u00e4yt\u00f6ll\u00e4\/n\u00e4yt\u00f6ll\u00e4<\/strong>, joka antaa kuljettajalle tietoja ajotilasta, akun varaustasosta ja nopeudesta.<\/p>\n<h2 style=\"text-align: center;\">TURVALLISUUS<\/h2>\n<p>S\u00e4hk\u00f6skootteri on nopea ja mahdollisesti vaarallinen ajoneuvo kuljettajalle. Siksi suosittelemme, ett\u00e4 k\u00e4yt\u00e4t aina <a href=\"http:\/\/www.xn--tuksimaailm-ffb.ee\/tootesilt\/elektritoukeratta-kiivrid\/\">kyp\u00e4r\u00e4\u00e4<\/a>.\u00a0 Alle 16-vuotiaiden s\u00e4hk\u00f6skootterin kuljettajien on <a href=\"https:\/\/www.riigiteataja.ee\/akt\/113112020001\">lain<\/a> mukaan k\u00e4ytett\u00e4v\u00e4 kyp\u00e4r\u00e4\u00e4 ajaessaan. Kaikki s\u00e4hk\u00f6skootterit l\u00f6yd\u00e4t <a href=\"http:\/\/www.xn--tuksimaailm-ffb.ee\/tootekategooria\/elektritoukeratas\/\"><strong>t\u00e4\u00e4lt\u00e4<\/strong><\/a>.<\/p>\n<p><strong>Kun ostat s\u00e4hk\u00f6skootterin kaupastamme, saat kaikki <a href=\"http:\/\/www.xn--tuksimaailm-ffb.ee\/tootekategooria\/lisavarustus\/\">lis\u00e4varusteet<\/a>\u00a0 -20%!<\/strong><\/p>\n<p style=\"caret-color: #000000; color: #000000;\"><strong>Segway Ninebot Kickscooter Max G2 E -s\u00e4hk\u00f6potkulauta on Viron liikennelain mukainen katuoikeudellinen kevytskootteri, jonka valmistajan teho on 900W ja valmistajan nopeus 25km\/h.<\/strong>\u00a0<strong>HUOMAUTUS: Jos k\u00e4ytt\u00e4j\u00e4 on itsen\u00e4isesti muuttanut s\u00e4hk\u00f6skootteria niin, ett\u00e4 se on nopeampi tai tehokkaampi kuin edell\u00e4 mainitut parametrit, T\u00f5uksimaailm ei ole vastuussa lain rikkomisesta aiheutuvista sakoista, s\u00e4hk\u00f6skootterin takavarikoimisesta poliisin toimesta tai mist\u00e4\u00e4n muusta rikkomisesta aiheutuneesta vahingosta.<\/strong><\/p>\n<table class=\"tg\" style=\"border-collapse: collapse; max-width: 600px; border-spacing: 0; margin: 0px auto;\">\n<tbody>\n<tr>\n<td style=\"background-color: #e4e1e1; color: #333333; font-family: inherit; font-size: 14px; font-weight: bold; overflow: hidden; padding: 5px 5px; text-align: center; vertical-align: top; word-break: normal; border: 1px solid;\" colspan=\"2\">Tekniset tiedot<\/td>\n<\/tr>\n<tr>\n<td style=\"background-color: #e4e1e1; color: #333333; font-family: inherit; font-size: 14px; font-weight: bold; overflow: hidden; padding: 5px 5px; text-align: right; vertical-align: top; word-break: normal; border: 1px solid;\">Malli<\/td>\n<td style=\"font-family: inherit; font-size: 14px; overflow: hidden; padding: 5px 5px; text-align: center; vertical-align: top; word-break: normal; border: 1px solid;\">Segway Ninebot Max G2 E<\/td>\n<\/tr>\n<tr>\n<td style=\"background-color: #e4e1e1; color: #333333; font-family: inherit; font-size: 14px; font-weight: bold; overflow: hidden; padding: 5px 5px; text-align: right; vertical-align: top; word-break: normal; border: 1px solid;\">Akku<\/td>\n<td style=\"font-family: inherit; font-size: 14px; overflow: hidden; padding: 5px 5px; text-align: center; vertical-align: top; word-break: normal; border: 1px solid;\"><span style=\"font-size: 16px; text-align: start;\">36V \/ 15.3Ah \/ 551Wh<\/span><\/td>\n<\/tr>\n<tr>\n<td style=\"background-color: #e4e1e1; color: #333333; font-family: inherit; font-size: 14px; font-weight: bold; overflow: hidden; padding: 5px 5px; text-align: right; vertical-align: top; word-break: normal; border: 1px solid;\">Latausaika<\/td>\n<td style=\"font-family: inherit; font-size: 14px; overflow: hidden; padding: 5px 5px; text-align: center; vertical-align: top; word-break: normal; border: 1px solid;\">jopa 6h<\/td>\n<\/tr>\n<tr>\n<td style=\"background-color: #e4e1e1; color: #333333; font-family: inherit; font-size: 14px; font-weight: bold; overflow: hidden; padding: 5px 5px; text-align: right; vertical-align: top; word-break: normal; border: 1px solid;\">Moottorin teho<\/td>\n<td style=\"font-family: inherit; font-size: 14px; overflow: hidden; padding: 5px 5px; text-align: center; vertical-align: top; word-break: normal; border: 1px solid;\">900W<\/td>\n<\/tr>\n<tr>\n<td style=\"background-color: #e4e1e1; color: #333333; font-family: inherit; font-size: 14px; font-weight: bold; overflow: hidden; padding: 5px 5px; text-align: right; vertical-align: top; word-break: normal; border: 1px solid;\">Ajomatka (valmistajan m\u00e4\u00e4rittely) | Arvoitettu ajomatka<\/td>\n<td style=\"font-family: inherit; font-size: 14px; overflow: hidden; padding: 5px 5px; text-align: center; vertical-align: top; word-break: normal; border: 1px solid;\">jopa 70km (ECO MODE) | 37km (25km\/h, 70kg kuljettaja, 15Wh\/km)<\/td>\n<\/tr>\n<tr>\n<td style=\"background-color: #e4e1e1; color: #333333; font-family: inherit; font-size: 14px; font-weight: bold; overflow: hidden; padding: 5px 5px; text-align: right; vertical-align: top; word-break: normal; border: 1px solid;\">Etujarru<\/td>\n<td style=\"font-family: inherit; font-size: 14px; overflow: hidden; padding: 5px 5px; text-align: center; vertical-align: top; word-break: normal; border: 1px solid;\">rumpujarru<\/td>\n<\/tr>\n<tr>\n<td style=\"background-color: #e4e1e1; color: #333333; font-family: inherit; font-size: 14px; font-weight: bold; overflow: hidden; padding: 5px 5px; text-align: right; vertical-align: top; word-break: normal; border: 1px solid;\">Takajarru<\/td>\n<td style=\"font-family: inherit; font-size: 14px; overflow: hidden; padding: 5px 5px; text-align: center; vertical-align: top; word-break: normal; border: 1px solid;\">s\u00e4hk\u00f6inen moottorijarru (regeneratiivinen)<\/td>\n<\/tr>\n<tr>\n<td style=\"background-color: #e4e1e1; color: #333333; font-family: inherit; font-size: 14px; font-weight: bold; overflow: hidden; padding: 5px 5px; text-align: right; vertical-align: top; word-break: normal; border: 1px solid;\">Painorajoitus<\/td>\n<td style=\"font-family: inherit; font-size: 14px; overflow: hidden; padding: 5px 5px; text-align: center; vertical-align: top; word-break: normal; border: 1px solid;\">120kg<\/td>\n<\/tr>\n<tr>\n<td style=\"background-color: #e4e1e1; color: #333333; font-family: inherit; font-size: 14px; font-weight: bold; overflow: hidden; padding: 5px 5px; text-align: right; vertical-align: top; word-break: normal; border: 1px solid;\">Tuotajan m\u00e4\u00e4rittely nopeus<\/td>\n<td style=\"font-family: inherit; font-size: 14px; overflow: hidden; padding: 5px 5px; text-align: center; vertical-align: top; word-break: normal; border: 1px solid;\">25km\/h<\/td>\n<\/tr>\n<tr>\n<td style=\"background-color: #e4e1e1; color: #333333; font-family: inherit; font-size: 14px; font-weight: bold; overflow: hidden; padding: 5px 5px; text-align: right; vertical-align: top; word-break: normal; border: 1px solid;\">Paino<\/td>\n<td style=\"font-family: inherit; font-size: 14px; overflow: hidden; padding: 5px 5px; text-align: center; vertical-align: top; word-break: normal; border: 1px solid;\">24.3kg<\/td>\n<\/tr>\n<tr>\n<td style=\"background-color: #e4e1e1; color: #333333; font-family: inherit; font-size: 14px; font-weight: bold; overflow: hidden; padding: 5px 5px; text-align: right; vertical-align: top; word-break: normal; border: 1px solid;\">Moottorisoitu py\u00f6r\u00e4<\/td>\n<td style=\"font-family: inherit; font-size: 14px; overflow: hidden; padding: 5px 5px; text-align: center; vertical-align: top; word-break: normal; border: 1px solid;\">taka<\/td>\n<\/tr>\n<tr>\n<td style=\"background-color: #e4e1e1; color: #333333; font-family: inherit; font-size: 14px; font-weight: bold; overflow: hidden; padding: 5px 5px; text-align: right; vertical-align: top; word-break: normal; border: 1px solid;\">Renkaat<\/td>\n<td style=\"font-family: inherit; font-size: 14px; overflow: hidden; padding: 5px 5px; text-align: center; vertical-align: top; word-break: normal; border: 1px solid;\">10 tuuman putkettomat pneumaattiset renkaat<\/td>\n<\/tr>\n<tr>\n<td style=\"background-color: #e4e1e1; color: #333333; font-family: inherit; font-size: 14px; font-weight: bold; overflow: hidden; padding: 5px 5px; text-align: right; vertical-align: top; word-break: normal; border: 1px solid;\">Tien enim\u00e4iskaltevuus<\/td>\n<td style=\"font-family: inherit; font-size: 14px; overflow: hidden; padding: 5px 5px; text-align: center; vertical-align: top; word-break: normal; border: 1px solid;\">jopa 22%<\/td>\n<\/tr>\n<\/tbody>\n<\/table>\n","protected":false},"excerpt":{"rendered":"<p><strong>Kaikki\u00a0<a href=\"http:\/\/www.xn--tuksimaailm-ffb.ee\/tootekategooria\/lisavarustus\/\">lis\u00e4varusteet<\/a>\u00a0ja\u00a0<a href=\"https:\/\/www.xn\u2014tuksimaailm-ffb.ee\/tootekategooria\/elektritoukeratta-varuosad\/\">varaosat<\/a> ovat\u00a0-20%, kun ne ostetaan s\u00e4hk\u00f6skootterin kanssa. Alennus otetaan automaattisesti k\u00e4ytt\u00f6\u00f6n, kun lis\u00e4\u00e4t sen ostoskoriin!<\/strong><\/p>\n<p><em><strong>Toimitusaika: 0-3tp<\/p>\n<p><\/strong><\/em><\/p>\n","protected":false},"featured_media":41073,"template":"","meta":[],"product_brand":[],"product_cat":[926],"product_tag":[],"filter_elektritoukeratas":[],"class_list":{"0":"post-41175","1":"product","2":"type-product","3":"status-publish","4":"has-post-thumbnail","6":"product_cat-sahkopotkulaudat-fi","7":"product_shipping_class-keskmine-pakk-fi","8":"pa_aku-mahutavus-wh-551-fi","9":"pa_kaal-kg-24-3-fi","10":"pa_kandevoime-kg-120-fi","11":"pa_labisoit-arvutuslik-km-37-fi","12":"pa_mootorite-arv-uhe-mootoriga-fi","13":"pa_muuja-platvormil-touksimaailm-exocool-ou-fi","14":"pa_piiramata-tippkiirus-kmh-25-fi","15":"pa_tootetuup-elektritoukeratas-fi","16":"pa_valmistaja-segway-fi","18":"first","19":"instock","20":"sale","21":"taxable","22":"shipping-taxable","23":"purchasable","24":"product-type-simple"},"yoast_head":"<!-- This site is optimized with the Yoast SEO Premium plugin v26.8 (Yoast SEO v27.5) - https:\/\/yoast.com\/product\/yoast-seo-premium-wordpress\/ -->\n<title>Segway Ninebot Max G2 E s\u00e4hk\u00f6potkulauta | T\u00f5uksimaailm<\/title>\n<meta name=\"description\" content=\"Segway Ninebot Max G2 E s\u00e4hk\u00f6potkulauta. Kaasaegne elektriline t\u00f5ukeratas. Segway Ninebot elektrit\u00f5ukerattad. V\u00f5imekad P-seeria elektrilised t\u00f5ukerattad.\" \/>\n<meta name=\"robots\" content=\"index, follow, max-snippet:-1, max-image-preview:large, max-video-preview:-1\" \/>\n<link rel=\"canonical\" href=\"https:\/\/www.xn--tuksimaailm-ffb.ee\/fi\/shop\/segway-ninebot-p65e-p65i-sahkopotkulauta-kopeeri-2\/\" \/>\n<meta property=\"og:locale\" content=\"fi_FI\" \/>\n<meta property=\"og:type\" content=\"article\" \/>\n<meta property=\"og:title\" content=\"Segway Ninebot Max G2 E s\u00e4hk\u00f6potkulauta\" \/>\n<meta property=\"og:description\" content=\"Segway Ninebot Max G2 E s\u00e4hk\u00f6potkulauta. Kaasaegne elektriline t\u00f5ukeratas. Segway Ninebot elektrit\u00f5ukerattad. V\u00f5imekad P-seeria elektrilised t\u00f5ukerattad.\" \/>\n<meta property=\"og:url\" content=\"https:\/\/www.xn--tuksimaailm-ffb.ee\/fi\/shop\/segway-ninebot-p65e-p65i-sahkopotkulauta-kopeeri-2\/\" \/>\n<meta property=\"og:site_name\" content=\"T\u00f5uksimaailm\" \/>\n<meta property=\"article:publisher\" content=\"https:\/\/www.facebook.com\/touksimaailm\/\" \/>\n<meta property=\"article:modified_time\" content=\"2024-11-06T13:58:54+00:00\" \/>\n<meta property=\"og:image\" content=\"https:\/\/www.xn--tuksimaailm-ffb.ee\/wp-content\/uploads\/2024\/01\/side_2.png\" \/>\n\t<meta property=\"og:image:width\" content=\"1020\" \/>\n\t<meta property=\"og:image:height\" content=\"1020\" \/>\n\t<meta property=\"og:image:type\" content=\"image\/png\" \/>\n<meta name=\"twitter:card\" content=\"summary_large_image\" \/>\n<meta name=\"twitter:label1\" content=\"Hinta\" \/>\n\t<meta name=\"twitter:data1\" content=\"&euro;678.00\" \/>\n\t<meta name=\"twitter:label2\" content=\"Saatavuus\" \/>\n\t<meta name=\"twitter:data2\" content=\"Varastossa\" \/>\n<meta property=\"product:price:amount\" content=\"678.00\" \/>\n<meta property=\"product:price:currency\" content=\"EUR\" \/>\n<meta property=\"og:availability\" content=\"instock\" \/>\n<meta property=\"product:availability\" content=\"instock\" \/>\n<meta property=\"product:retailer_item_id\" content=\"Ninebot-Max-G2-E-1\" \/>\n<meta property=\"product:condition\" content=\"new\" \/>\n<!-- \/ Yoast SEO Premium plugin. -->","yoast_head_json":{"title":"Segway Ninebot Max G2 E s\u00e4hk\u00f6potkulauta | T\u00f5uksimaailm","description":"Segway Ninebot Max G2 E s\u00e4hk\u00f6potkulauta. Kaasaegne elektriline t\u00f5ukeratas. Segway Ninebot elektrit\u00f5ukerattad. V\u00f5imekad P-seeria elektrilised t\u00f5ukerattad.","robots":{"index":"index","follow":"follow","max-snippet":"max-snippet:-1","max-image-preview":"max-image-preview:large","max-video-preview":"max-video-preview:-1"},"canonical":"https:\/\/www.xn--tuksimaailm-ffb.ee\/fi\/shop\/segway-ninebot-p65e-p65i-sahkopotkulauta-kopeeri-2\/","og_locale":"fi_FI","og_type":"article","og_title":"Segway Ninebot Max G2 E s\u00e4hk\u00f6potkulauta","og_description":"Segway Ninebot Max G2 E s\u00e4hk\u00f6potkulauta. Kaasaegne elektriline t\u00f5ukeratas. Segway Ninebot elektrit\u00f5ukerattad. V\u00f5imekad P-seeria elektrilised t\u00f5ukerattad.","og_url":"https:\/\/www.xn--tuksimaailm-ffb.ee\/fi\/shop\/segway-ninebot-p65e-p65i-sahkopotkulauta-kopeeri-2\/","og_site_name":"T\u00f5uksimaailm","article_publisher":"https:\/\/www.facebook.com\/touksimaailm\/","article_modified_time":"2024-11-06T13:58:54+00:00","og_image":[{"width":1020,"height":1020,"url":"https:\/\/www.xn--tuksimaailm-ffb.ee\/wp-content\/uploads\/2024\/01\/side_2.png","type":"image\/png"}],"twitter_card":"summary_large_image","twitter_misc":{"Hinta":"&euro;678.00","Saatavuus":"Varastossa"},"schema":{"@context":"https:\/\/schema.org","@graph":[{"@type":"WebPage","@id":"https:\/\/www.xn--tuksimaailm-ffb.ee\/fi\/shop\/segway-ninebot-p65e-p65i-sahkopotkulauta-kopeeri-2\/","url":"https:\/\/www.xn--tuksimaailm-ffb.ee\/fi\/shop\/segway-ninebot-p65e-p65i-sahkopotkulauta-kopeeri-2\/","name":"Segway Ninebot Max G2 E s\u00e4hk\u00f6potkulauta | T\u00f5uksimaailm","isPartOf":{"@id":"https:\/\/www.xn--tuksimaailm-ffb.ee\/fi\/#website"},"primaryImageOfPage":{"@id":"https:\/\/www.xn--tuksimaailm-ffb.ee\/fi\/shop\/segway-ninebot-p65e-p65i-sahkopotkulauta-kopeeri-2\/#primaryimage"},"image":{"@id":"https:\/\/www.xn--tuksimaailm-ffb.ee\/fi\/shop\/segway-ninebot-p65e-p65i-sahkopotkulauta-kopeeri-2\/#primaryimage"},"thumbnailUrl":"https:\/\/www.xn--tuksimaailm-ffb.ee\/wp-content\/uploads\/2024\/01\/side_2.png","datePublished":"2024-02-01T13:58:54+00:00","dateModified":"2024-11-06T13:58:54+00:00","description":"Segway Ninebot Max G2 E s\u00e4hk\u00f6potkulauta. Kaasaegne elektriline t\u00f5ukeratas. Segway Ninebot elektrit\u00f5ukerattad. V\u00f5imekad P-seeria elektrilised t\u00f5ukerattad.","breadcrumb":{"@id":"https:\/\/www.xn--tuksimaailm-ffb.ee\/fi\/shop\/segway-ninebot-p65e-p65i-sahkopotkulauta-kopeeri-2\/#breadcrumb"},"inLanguage":"fi","potentialAction":[{"@type":"ReadAction","target":["https:\/\/www.xn--tuksimaailm-ffb.ee\/fi\/shop\/segway-ninebot-p65e-p65i-sahkopotkulauta-kopeeri-2\/"]}]},{"@type":"ImageObject","inLanguage":"fi","@id":"https:\/\/www.xn--tuksimaailm-ffb.ee\/fi\/shop\/segway-ninebot-p65e-p65i-sahkopotkulauta-kopeeri-2\/#primaryimage","url":"https:\/\/www.xn--tuksimaailm-ffb.ee\/wp-content\/uploads\/2024\/01\/side_2.png","contentUrl":"https:\/\/www.xn--tuksimaailm-ffb.ee\/wp-content\/uploads\/2024\/01\/side_2.png","width":1020,"height":1020,"caption":"Segway Ninebot MAX G2 E elektrit\u00f5ukeratas elektrilised t\u00f5ukerattad elektrit\u00f5ukerattad elektrit\u00f5uks"},{"@type":"BreadcrumbList","@id":"https:\/\/www.xn--tuksimaailm-ffb.ee\/fi\/shop\/segway-ninebot-p65e-p65i-sahkopotkulauta-kopeeri-2\/#breadcrumb","itemListElement":[{"@type":"ListItem","position":1,"name":"Home","item":"https:\/\/www.xn--tuksimaailm-ffb.ee\/fi\/kotisivu\/"},{"@type":"ListItem","position":2,"name":"Kauppa","item":"https:\/\/www.xn--tuksimaailm-ffb.ee\/elektritoukerataste-pood\/"},{"@type":"ListItem","position":3,"name":"Segway Ninebot Max G2 E s\u00e4hk\u00f6potkulauta"}]},{"@type":"WebSite","@id":"https:\/\/www.xn--tuksimaailm-ffb.ee\/fi\/#website","url":"https:\/\/www.xn--tuksimaailm-ffb.ee\/fi\/","name":"T\u00f5uksimaailm","description":"Elektrit\u00f5ukerataste m\u00fc\u00fck, remont ja rent","publisher":{"@id":"https:\/\/www.xn--tuksimaailm-ffb.ee\/fi\/#organization"},"potentialAction":[{"@type":"SearchAction","target":{"@type":"EntryPoint","urlTemplate":"https:\/\/www.xn--tuksimaailm-ffb.ee\/fi\/?s={search_term_string}"},"query-input":{"@type":"PropertyValueSpecification","valueRequired":true,"valueName":"search_term_string"}}],"inLanguage":"fi"},{"@type":"Organization","@id":"https:\/\/www.xn--tuksimaailm-ffb.ee\/fi\/#organization","name":"T\u00f5uksimaailm","url":"https:\/\/www.xn--tuksimaailm-ffb.ee\/fi\/","logo":{"@type":"ImageObject","inLanguage":"fi","@id":"https:\/\/www.xn--tuksimaailm-ffb.ee\/fi\/#\/schema\/logo\/image\/","url":"https:\/\/www.xn--tuksimaailm-ffb.ee\/wp-content\/uploads\/2020\/01\/logoz-e1579792875517.png","contentUrl":"https:\/\/www.xn--tuksimaailm-ffb.ee\/wp-content\/uploads\/2020\/01\/logoz-e1579792875517.png","width":250,"height":250,"caption":"T\u00f5uksimaailm"},"image":{"@id":"https:\/\/www.xn--tuksimaailm-ffb.ee\/fi\/#\/schema\/logo\/image\/"},"sameAs":["https:\/\/www.facebook.com\/touksimaailm\/","https:\/\/www.instagram.com\/touksimaailm_\/","https:\/\/www.youtube.com\/channel\/UC18ml0EKIDLP1xGuQjFzcXQ"]}]},"product_price_amount":"678.00","product_price_currency":"EUR","og_availability":"instock","product_availability":"instock","product_retailer_item_id":"Ninebot-Max-G2-E-1","product_condition":"new"},"jetpack_sharing_enabled":true,"_links":{"self":[{"href":"https:\/\/www.xn--tuksimaailm-ffb.ee\/fi\/wp-json\/wp\/v2\/product\/41175","targetHints":{"allow":["GET"]}}],"collection":[{"href":"https:\/\/www.xn--tuksimaailm-ffb.ee\/fi\/wp-json\/wp\/v2\/product"}],"about":[{"href":"https:\/\/www.xn--tuksimaailm-ffb.ee\/fi\/wp-json\/wp\/v2\/types\/product"}],"wp:featuredmedia":[{"embeddable":true,"href":"https:\/\/www.xn--tuksimaailm-ffb.ee\/fi\/wp-json\/wp\/v2\/media\/41073"}],"wp:attachment":[{"href":"https:\/\/www.xn--tuksimaailm-ffb.ee\/fi\/wp-json\/wp\/v2\/media?parent=41175"}],"wp:term":[{"taxonomy":"product_brand","embeddable":true,"href":"https:\/\/www.xn--tuksimaailm-ffb.ee\/fi\/wp-json\/wp\/v2\/product_brand?post=41175"},{"taxonomy":"product_cat","embeddable":true,"href":"https:\/\/www.xn--tuksimaailm-ffb.ee\/fi\/wp-json\/wp\/v2\/product_cat?post=41175"},{"taxonomy":"product_tag","embeddable":true,"href":"https:\/\/www.xn--tuksimaailm-ffb.ee\/fi\/wp-json\/wp\/v2\/product_tag?post=41175"},{"taxonomy":"filter_elektritoukeratas","embeddable":true,"href":"https:\/\/www.xn--tuksimaailm-ffb.ee\/fi\/wp-json\/wp\/v2\/filter_elektritoukeratas?post=41175"}],"curies":[{"name":"wp","href":"https:\/\/api.w.org\/{rel}","templated":true}]}}