{"id":41177,"date":"2022-12-02T14:34:10","date_gmt":"2022-12-02T14:34:10","guid":{"rendered":"http:\/\/www.xn--tuksimaailm-ffb.ee\/shop\/segway-ninebot-ekickscooter-zing-c10-lasten-sahkopotkulauta\/"},"modified":"2024-11-08T12:12:16","modified_gmt":"2024-11-08T09:12:16","slug":"segway-ninebot-ekickscooter-zing-c10-lasten-sahkopotkulauta","status":"publish","type":"product","link":"https:\/\/www.xn--tuksimaailm-ffb.ee\/fi\/shop\/segway-ninebot-ekickscooter-zing-c10-lasten-sahkopotkulauta\/","title":{"rendered":"Segway Ninebot eKickScooter ZING C10 lasten s\u00e4hk\u00f6potkulauta"},"content":{"rendered":"<h2 style=\"text-align: center;\">SEGWAY NINEBOT eKICKSCOOTER ZING C10 - TUOTEKUVAUS<\/h2>\n<p>Segway Ninebot eKickScooter ZING C10 on uusien<strong> C-sarjan mallien kuningas.<\/strong> Segway Ninebot eKickScooter ZING C-sarjan s\u00e4hk\u00f6skootterit on kehitetty erityisesti nuorille. S\u00e4hk\u00f6potkulauta on helppok\u00e4ytt\u00f6inen ja kompakti. Segway Ninebot Zing C10 on s\u00e4hk\u00f6skootteri, jossa on C8-malliin verrattuna korkeampi ohjaustanko ja pohjalamppu.<\/p>\n<p>Segway Ninebot eKickScooter Zing C10 -s\u00e4hk\u00f6skootteri lapsille on sopivin s\u00e4hk\u00f6skootteri<strong> 8-14-vuotiaille ja 130-160cm pitkille nuorille<\/strong>.<\/p>\n<div class=\"min-h-[20px] text-message flex flex-col items-start gap-3 whitespace-pre-wrap break-words [.text-message+&amp;]:mt-5 overflow-x-auto\" data-message-author-role=\"assistant\" data-message-id=\"f0f79e77-c79b-4fd2-99b5-2dac483e8a06\">\n<div class=\"markdown prose w-full break-words dark:prose-invert light\">\n<p>S\u00e4hk\u00f6potkulauta on ohjattav kaasupolkimella \/ kaasunapilla, jossa on erillinen nappi ajotilojen vaihtamiseksi. Py\u00f6r\u00e4t on valmistettu vahvasta materiaalista, jotka ovat my\u00f6s huoleton vaihtoehto, koska perinteiset ilmakumirenkaat puuttuvat. Kahvat on valmistettu erityisest\u00e4, helposti puhdistettavasta ja liukumattomasta materiaalista. Ihanteellinen s\u00e4hk\u00f6potkulauta nauttimaan ensimm\u00e4isist\u00e4 ajokokemuksista, harjoittelemaan tasapainoa ja liikkumista. Zing C10 s\u00e4hk\u00f6potkulauta on varustettu moottorilla, jonka nimellisteho on <strong>120W (maksimiteho 180W)<\/strong> ja se kykenee saavuttamaan <strong>huippunopeuden 16km\/h<\/strong>. Kaikki t\u00e4m\u00e4 mahtuu eritt\u00e4in kevyeen ja kompaktiin <strong>9,5kg<\/strong> s\u00e4hk\u00f6potkulautaan.<\/p>\n<\/div>\n<\/div>\n<p>\u00a0<\/p>\n<p><iframe title=\"Segway-Ninebot C10 Kids Electric Scooter by ScooterzMalaysia.com\" width=\"1082\" height=\"609\" src=\"https:\/\/www.youtube.com\/embed\/TXZgbst8Fzk?feature=oembed\" frameborder=\"0\" allow=\"accelerometer; autoplay; clipboard-write; encrypted-media; gyroscope; picture-in-picture; web-share\" allowfullscreen><\/iframe><\/p>\n<h2 style=\"text-align: center;\">TEKNINEN KUVAUS<\/h2>\n<p>Segway Ninebot ZING C10 -s\u00e4hk\u00f6potkulauta on varustettu tukevilla <strong>6\" renkailla ilman sis\u00e4kumia<\/strong>, jotta ajo olisi huoletonta. Renkaiden rakenne on uudistettu t\u00e4ysin (edelliseen sukupolveen verrattuna) paremman pidon varmistamiseksi.<\/p>\n<p>Segway Ninebot ZING C10 on varustettu <strong>2500mAh (54Wh) akulla<\/strong>, joka pystyy kulkemaan <strong>jopa 10km<\/strong> yhdell\u00e4 latauksella. Huolimatta lyhyemm\u00e4st\u00e4 matkasta yhdell\u00e4 latauksella, Segway Ninebot eKickScooter Zing C10 -s\u00e4hk\u00f6potkulauta on ihanteellinen liikkumisv\u00e4line kouluun ja muille lyhyemmille matkoille, sill\u00e4 <strong>akun lataaminen 0 prosentista 100 prosenttiin kest\u00e4\u00e4 vain 2,5 tuntia!<\/strong> Koska lasten Zing C10 eScooter on kevyt, se voidaan helposti ty\u00f6nt\u00e4\u00e4 kotiin jalan, kun akku on tyhj\u00e4.<\/p>\n<div class=\"min-h-[20px] text-message flex flex-col items-start gap-3 whitespace-pre-wrap break-words [.text-message+&amp;]:mt-5 overflow-x-auto\" data-message-author-role=\"assistant\" data-message-id=\"d7502c0d-7abd-4425-8c14-ef21ff253a68\">\n<div class=\"markdown prose w-full break-words dark:prose-invert light\">\n<p>S\u00e4hk\u00f6potkulauta on varustettu rumpujarrulla, mik\u00e4 tekee s\u00e4hk\u00f6potkulaudan huollosta helpompaa. Lis\u00e4ksi Segway C-sarjan s\u00e4hk\u00f6potkulaudat ovat rumpujarrujen ansiosta huoltovapaampia kuin kaikki muut saman luokan s\u00e4hk\u00f6potkulaudat.<\/p>\n<\/div>\n<\/div>\n<p>\u00a0<\/p>\n<p>S\u00e4hk\u00f6potkulauta on valmistettu tukevasta materiaalista, ja se pystyy kuljettamaan jopa 50kg painavaa kuljettajaa suurella nopeudella. S\u00e4hk\u00f6tuoli sopii 6-10-vuotiaille lapsille. S\u00e4hk\u00f6k\u00e4ytt\u00f6isess\u00e4 rattaassa on <strong>120W nimellistehon (max 180W)<\/strong> moottori, joka kykenee saavuttamaan <strong>16km\/h huippunopeuden<\/strong>. Se sopii enint\u00e4\u00e4n 6-vuotiaille lapsille. S\u00e4hk\u00f6potkulauta on varustettu my\u00f6s elektronisella vaihteistolla, jota voi helposti vaihtaa kaasupolkimessa olevalla painikkeella. Zing C10:ll\u00e4 on<strong> IPX4-luokitus (kosteuden ja roiskeveden kest\u00e4v\u00e4)<\/strong>.<\/p>\n<p><strong><a href=\"https:\/\/www.youtube.com\/watch?v=nf32PfqTdns\">Englanninkielinen opetusvideo<\/a> <\/strong>Zing C-sarjan s\u00e4hk\u00f6skootterin aktivoinnista.<\/p>\n<p><strong>Kun ostat s\u00e4hk\u00f6skootterin kaupastamme, saat kaikki <a href=\"http:\/\/www.xn--tuksimaailm-ffb.ee\/tootekategooria\/lisavarustus\/\">lis\u00e4varusteet<\/a> -20%!<\/strong><\/p>\n<table class=\"tg\" style=\"border-collapse: collapse; max-width: 600px; border-spacing: 0px; margin: 0px auto; width: 84%;\">\n<tbody>\n<tr>\n<td style=\"background-color: #e4e1e1; color: #333333; font-family: inherit; font-size: 14px; font-weight: bold; overflow: hidden; padding: 5px; text-align: center; vertical-align: top; word-break: normal; border: 1px solid; width: 100%;\" colspan=\"2\">Tekniset tiedot<\/td>\n<\/tr>\n<tr>\n<td style=\"background-color: #e4e1e1; color: #333333; font-family: inherit; font-size: 14px; font-weight: bold; overflow: hidden; padding: 5px; text-align: right; vertical-align: top; word-break: normal; border: 1px solid; width: 37.166666666666664%;\">Paino<\/td>\n<td style=\"font-family: inherit; font-size: 14px; overflow: hidden; padding: 5px; text-align: center; vertical-align: top; word-break: normal; border: 1px solid; width: 62.83333333333333%;\">9,5kg<\/td>\n<\/tr>\n<tr>\n<td style=\"background-color: #e4e1e1; color: #333333; font-family: inherit; font-size: 14px; font-weight: bold; overflow: hidden; padding: 5px; text-align: right; vertical-align: top; word-break: normal; border: 1px solid; width: 37.166666666666664%;\">Nopeus<\/td>\n<td style=\"font-family: inherit; font-size: 14px; overflow: hidden; padding: 5px; text-align: center; vertical-align: top; word-break: normal; border: 1px solid; width: 62.83333333333333%;\">valmistajanopeus 16km\/h<\/td>\n<\/tr>\n<tr>\n<td style=\"background-color: #e4e1e1; color: #333333; font-family: inherit; font-size: 14px; font-weight: bold; overflow: hidden; padding: 5px; text-align: right; vertical-align: top; word-break: normal; border: 1px solid; width: 37.166666666666664%;\">Akku<\/td>\n<td style=\"font-family: inherit; font-size: 14px; overflow: hidden; padding: 5px; text-align: center; vertical-align: top; word-break: normal; border: 1px solid; width: 62.83333333333333%;\">54Wh (2500mAh)<\/td>\n<\/tr>\n<tr>\n<td style=\"background-color: #e4e1e1; color: #333333; font-family: inherit; font-size: 14px; font-weight: bold; overflow: hidden; padding: 5px; text-align: right; vertical-align: top; word-break: normal; border: 1px solid; width: 37.166666666666664%;\">Moottori<\/td>\n<td style=\"font-family: inherit; font-size: 14px; overflow: hidden; padding: 5px; text-align: center; vertical-align: top; word-break: normal; border: 1px solid; width: 62.83333333333333%;\">valmistajteho 120W (max 180w)<\/td>\n<\/tr>\n<tr>\n<td style=\"background-color: #e4e1e1; color: #333333; font-family: inherit; font-size: 14px; font-weight: bold; overflow: hidden; padding: 5px; text-align: right; vertical-align: top; word-break: normal; border: 1px solid; width: 37.166666666666664%;\">Vedenpit\u00e4vyys<\/td>\n<td style=\"font-family: inherit; font-size: 14px; overflow: hidden; padding: 5px; text-align: center; vertical-align: top; word-break: normal; border: 1px solid; width: 62.83333333333333%;\">IPX4<\/td>\n<\/tr>\n<tr>\n<td style=\"background-color: #e4e1e1; color: #333333; font-family: inherit; font-size: 14px; font-weight: bold; overflow: hidden; padding: 5px; text-align: right; vertical-align: top; word-break: normal; border: 1px solid; width: 37.166666666666664%;\">Latausaika<\/td>\n<td style=\"font-family: inherit; font-size: 14px; overflow: hidden; padding: 5px; text-align: center; vertical-align: top; word-break: normal; border: 1px solid; width: 62.83333333333333%;\">2,5h<\/td>\n<\/tr>\n<tr>\n<td style=\"background-color: #e4e1e1; color: #333333; font-family: inherit; font-size: 14px; font-weight: bold; overflow: hidden; padding: 5px; text-align: right; vertical-align: top; word-break: normal; border: 1px solid; width: 37.166666666666664%;\">Ajomatka (valmistajan m\u00e4\u00e4rittely) | Arvioitu odotettu ajomatka<\/td>\n<td style=\"font-family: inherit; font-size: 14px; overflow: hidden; padding: 5px; text-align: center; vertical-align: top; word-break: normal; border: 1px solid; width: 62.83333333333333%;\">jopa 10km | 4km arvoitu (25km\/h, 70kg kuljettaja, 15Wh\/km)<\/td>\n<\/tr>\n<tr>\n<td style=\"background-color: #e4e1e1; color: #333333; font-family: inherit; font-size: 14px; font-weight: bold; overflow: hidden; padding: 5px; text-align: right; vertical-align: top; word-break: normal; border: 1px solid; width: 37.166666666666664%;\">Valot<\/td>\n<td style=\"font-family: inherit; font-size: 14px; overflow: hidden; padding: 5px; text-align: center; vertical-align: top; word-break: normal; border: 1px solid; width: 62.83333333333333%;\">pohjoisvalot<\/td>\n<\/tr>\n<tr>\n<td style=\"background-color: #e4e1e1; color: #333333; font-family: inherit; font-size: 14px; font-weight: bold; overflow: hidden; padding: 5px; text-align: right; vertical-align: top; word-break: normal; border: 1px solid; width: 37.166666666666664%;\">Jarrut<\/td>\n<td style=\"font-family: inherit; font-size: 14px; overflow: hidden; padding: 5px; text-align: center; vertical-align: top; word-break: normal; border: 1px solid; width: 62.83333333333333%;\">takarumpujarru<\/td>\n<\/tr>\n<tr>\n<td style=\"background-color: #e4e1e1; color: #333333; font-family: inherit; font-size: 14px; font-weight: bold; overflow: hidden; padding: 5px; text-align: right; vertical-align: top; word-break: normal; border: 1px solid; width: 37.166666666666664%;\">Renkaat<\/td>\n<td style=\"font-family: inherit; font-size: 14px; overflow: hidden; padding: 5px; text-align: center; vertical-align: top; word-break: normal; border: 1px solid; width: 62.83333333333333%;\">\n<p>6\" t\u00e4ysikumi renkaat<\/p>\n<\/td>\n<\/tr>\n<tr>\n<td style=\"background-color: #e4e1e1; color: #333333; font-family: inherit; font-size: 14px; font-weight: bold; overflow: hidden; padding: 5px; text-align: right; vertical-align: top; word-break: normal; border: 1px solid; width: 37.166666666666664%;\">Painorajoitus<\/td>\n<td style=\"font-family: inherit; font-size: 14px; overflow: hidden; padding: 5px; text-align: center; vertical-align: top; word-break: normal; border: 1px solid; width: 62.83333333333333%;\">50kg<\/td>\n<\/tr>\n<tr>\n<td style=\"background-color: #e4e1e1; color: #333333; font-family: inherit; font-size: 14px; font-weight: bold; overflow: hidden; padding: 5px; text-align: right; vertical-align: top; word-break: normal; border: 1px solid; width: 37.166666666666664%;\">Materiali<\/td>\n<td style=\"font-family: inherit; font-size: 14px; overflow: hidden; padding: 5px; text-align: center; vertical-align: top; word-break: normal; border: 1px solid; width: 62.83333333333333%;\">Alumiinirunko, kantavat osat ruostumatonta ter\u00e4st\u00e4<\/p>\n<\/td>\n<\/tr>\n<\/tbody>\n<\/table>\n","protected":false},"excerpt":{"rendered":"<p><strong>Kaikki\u00a0<a href=\"http:\/\/www.xn--tuksimaailm-ffb.ee\/tootekategooria\/lisavarustus\/\">lis\u00e4varusteet<\/a>\u00a0ja\u00a0<a href=\"https:\/\/www.xn\u2014tuksimaailm-ffb.ee\/tootekategooria\/elektritoukeratta-varuosad\/\">varaosat<\/a> ovat\u00a0-20%, kun ne ostetaan s\u00e4hk\u00f6skootterin kanssa. Alennus otetaan automaattisesti k\u00e4ytt\u00f6\u00f6n, kun lis\u00e4\u00e4t sen ostoskoriin!<\/strong><\/p>\n<p><em><strong>Toimitusaika: 2-7tp<\/p>\n<p><\/strong><\/em><\/p>\n","protected":false},"featured_media":25661,"template":"","meta":[],"product_brand":[],"product_cat":[926],"product_tag":[],"filter_elektritoukeratas":[],"class_list":{"0":"post-41177","1":"product","2":"type-product","3":"status-publish","4":"has-post-thumbnail","6":"product_cat-sahkopotkulaudat-fi","7":"pa_aku-mahutavus-wh-54-fi","8":"pa_kaal-kg-9-fi","9":"pa_kandevoime-kg-50-fi","10":"pa_labisoit-arvutuslik-km-4-fi","11":"pa_mootorite-arv-uhe-mootoriga-fi","12":"pa_muuja-platvormil-touksimaailm-exocool-ou-fi","13":"pa_piiramata-tippkiirus-kmh-16-fi","14":"pa_tootetuup-elektritoukeratas-fi","15":"pa_valmistaja-segway-fi","16":"pa_voimsus-w-180-fi","18":"first","19":"instock","20":"taxable","21":"shipping-taxable","22":"purchasable","23":"product-type-simple"},"yoast_head":"<!-- This site is optimized with the Yoast SEO Premium plugin v26.8 (Yoast SEO v27.5) - https:\/\/yoast.com\/product\/yoast-seo-premium-wordpress\/ -->\n<title>Segway Ninebot eKickScooter ZING C10 lasten s\u00e4hk\u00f6potkulauta<\/title>\n<meta name=\"description\" content=\"Segway Ninebot eKickScooter ZING C10, \u00fclimalt kompaktne laste elektrit\u00f5ukeratas esimesteks s\u00f5itudeks. Elektriline t\u00f5ukeratas mis sobib noortele.\" \/>\n<meta name=\"robots\" content=\"index, follow, max-snippet:-1, max-image-preview:large, max-video-preview:-1\" \/>\n<link rel=\"canonical\" href=\"https:\/\/www.xn--tuksimaailm-ffb.ee\/fi\/shop\/segway-ninebot-ekickscooter-zing-c10-lasten-sahkopotkulauta\/\" \/>\n<meta property=\"og:locale\" content=\"fi_FI\" \/>\n<meta property=\"og:type\" content=\"article\" \/>\n<meta property=\"og:title\" content=\"Segway Ninebot eKickScooter ZING C10 lasten s\u00e4hk\u00f6potkulauta\" \/>\n<meta property=\"og:description\" content=\"Segway Ninebot eKickScooter ZING C10, \u00fclimalt kompaktne laste elektrit\u00f5ukeratas esimesteks s\u00f5itudeks. Elektriline t\u00f5ukeratas mis sobib noortele.\" \/>\n<meta property=\"og:url\" content=\"https:\/\/www.xn--tuksimaailm-ffb.ee\/fi\/shop\/segway-ninebot-ekickscooter-zing-c10-lasten-sahkopotkulauta\/\" \/>\n<meta property=\"og:site_name\" content=\"T\u00f5uksimaailm\" \/>\n<meta property=\"article:publisher\" content=\"https:\/\/www.facebook.com\/touksimaailm\/\" \/>\n<meta property=\"article:modified_time\" content=\"2024-11-08T09:12:16+00:00\" \/>\n<meta property=\"og:image\" content=\"https:\/\/www.xn--tuksimaailm-ffb.ee\/wp-content\/uploads\/2022\/12\/Segway-eKickScooter-ZING-C10-elektritoukeratas-elektriline-toukeratas-1.png\" \/>\n\t<meta property=\"og:image:width\" content=\"761\" \/>\n\t<meta property=\"og:image:height\" content=\"1020\" \/>\n\t<meta property=\"og:image:type\" content=\"image\/png\" \/>\n<meta name=\"twitter:card\" content=\"summary_large_image\" \/>\n<meta name=\"twitter:label1\" content=\"Hinta\" \/>\n\t<meta name=\"twitter:data1\" content=\"&euro;399.00\" \/>\n\t<meta name=\"twitter:label2\" content=\"Saatavuus\" \/>\n\t<meta name=\"twitter:data2\" content=\"Varastossa\" \/>\n<meta property=\"product:price:amount\" content=\"399.00\" \/>\n<meta property=\"product:price:currency\" content=\"EUR\" \/>\n<meta property=\"og:availability\" content=\"instock\" \/>\n<meta property=\"product:availability\" content=\"instock\" \/>\n<meta property=\"product:retailer_item_id\" content=\"Ninebot_Zing-C10-1\" \/>\n<meta property=\"product:condition\" content=\"new\" \/>\n<!-- \/ Yoast SEO Premium plugin. -->","yoast_head_json":{"title":"Segway Ninebot eKickScooter ZING C10 lasten s\u00e4hk\u00f6potkulauta","description":"Segway Ninebot eKickScooter ZING C10, \u00fclimalt kompaktne laste elektrit\u00f5ukeratas esimesteks s\u00f5itudeks. Elektriline t\u00f5ukeratas mis sobib noortele.","robots":{"index":"index","follow":"follow","max-snippet":"max-snippet:-1","max-image-preview":"max-image-preview:large","max-video-preview":"max-video-preview:-1"},"canonical":"https:\/\/www.xn--tuksimaailm-ffb.ee\/fi\/shop\/segway-ninebot-ekickscooter-zing-c10-lasten-sahkopotkulauta\/","og_locale":"fi_FI","og_type":"article","og_title":"Segway Ninebot eKickScooter ZING C10 lasten s\u00e4hk\u00f6potkulauta","og_description":"Segway Ninebot eKickScooter ZING C10, \u00fclimalt kompaktne laste elektrit\u00f5ukeratas esimesteks s\u00f5itudeks. Elektriline t\u00f5ukeratas mis sobib noortele.","og_url":"https:\/\/www.xn--tuksimaailm-ffb.ee\/fi\/shop\/segway-ninebot-ekickscooter-zing-c10-lasten-sahkopotkulauta\/","og_site_name":"T\u00f5uksimaailm","article_publisher":"https:\/\/www.facebook.com\/touksimaailm\/","article_modified_time":"2024-11-08T09:12:16+00:00","og_image":[{"width":761,"height":1020,"url":"https:\/\/www.xn--tuksimaailm-ffb.ee\/wp-content\/uploads\/2022\/12\/Segway-eKickScooter-ZING-C10-elektritoukeratas-elektriline-toukeratas-1.png","type":"image\/png"}],"twitter_card":"summary_large_image","twitter_misc":{"Hinta":"&euro;399.00","Saatavuus":"Varastossa"},"schema":{"@context":"https:\/\/schema.org","@graph":[{"@type":"WebPage","@id":"https:\/\/www.xn--tuksimaailm-ffb.ee\/fi\/shop\/segway-ninebot-ekickscooter-zing-c10-lasten-sahkopotkulauta\/","url":"https:\/\/www.xn--tuksimaailm-ffb.ee\/fi\/shop\/segway-ninebot-ekickscooter-zing-c10-lasten-sahkopotkulauta\/","name":"Segway Ninebot eKickScooter ZING C10 lasten s\u00e4hk\u00f6potkulauta","isPartOf":{"@id":"https:\/\/www.xn--tuksimaailm-ffb.ee\/fi\/#website"},"primaryImageOfPage":{"@id":"https:\/\/www.xn--tuksimaailm-ffb.ee\/fi\/shop\/segway-ninebot-ekickscooter-zing-c10-lasten-sahkopotkulauta\/#primaryimage"},"image":{"@id":"https:\/\/www.xn--tuksimaailm-ffb.ee\/fi\/shop\/segway-ninebot-ekickscooter-zing-c10-lasten-sahkopotkulauta\/#primaryimage"},"thumbnailUrl":"https:\/\/www.xn--tuksimaailm-ffb.ee\/wp-content\/uploads\/2022\/12\/Segway-eKickScooter-ZING-C10-elektritoukeratas-elektriline-toukeratas-1.png","datePublished":"2022-12-02T14:34:10+00:00","dateModified":"2024-11-08T09:12:16+00:00","description":"Segway Ninebot eKickScooter ZING C10, \u00fclimalt kompaktne laste elektrit\u00f5ukeratas esimesteks s\u00f5itudeks. Elektriline t\u00f5ukeratas mis sobib noortele.","breadcrumb":{"@id":"https:\/\/www.xn--tuksimaailm-ffb.ee\/fi\/shop\/segway-ninebot-ekickscooter-zing-c10-lasten-sahkopotkulauta\/#breadcrumb"},"inLanguage":"fi","potentialAction":[{"@type":"ReadAction","target":["https:\/\/www.xn--tuksimaailm-ffb.ee\/fi\/shop\/segway-ninebot-ekickscooter-zing-c10-lasten-sahkopotkulauta\/"]}]},{"@type":"ImageObject","inLanguage":"fi","@id":"https:\/\/www.xn--tuksimaailm-ffb.ee\/fi\/shop\/segway-ninebot-ekickscooter-zing-c10-lasten-sahkopotkulauta\/#primaryimage","url":"https:\/\/www.xn--tuksimaailm-ffb.ee\/wp-content\/uploads\/2022\/12\/Segway-eKickScooter-ZING-C10-elektritoukeratas-elektriline-toukeratas-1.png","contentUrl":"https:\/\/www.xn--tuksimaailm-ffb.ee\/wp-content\/uploads\/2022\/12\/Segway-eKickScooter-ZING-C10-elektritoukeratas-elektriline-toukeratas-1.png","width":761,"height":1020,"caption":"Segway eKickScooter ZING C10 elektrit\u00f5ukeratas elektriline t\u00f5ukeratas electric scooter elektrilised t\u00f5ukerattad elektrit\u00f5ukerattad 1 laste"},{"@type":"BreadcrumbList","@id":"https:\/\/www.xn--tuksimaailm-ffb.ee\/fi\/shop\/segway-ninebot-ekickscooter-zing-c10-lasten-sahkopotkulauta\/#breadcrumb","itemListElement":[{"@type":"ListItem","position":1,"name":"Home","item":"https:\/\/www.xn--tuksimaailm-ffb.ee\/fi\/kotisivu\/"},{"@type":"ListItem","position":2,"name":"Kauppa","item":"https:\/\/www.xn--tuksimaailm-ffb.ee\/elektritoukerataste-pood\/"},{"@type":"ListItem","position":3,"name":"Segway Ninebot eKickScooter ZING C10 lasten s\u00e4hk\u00f6potkulauta"}]},{"@type":"WebSite","@id":"https:\/\/www.xn--tuksimaailm-ffb.ee\/fi\/#website","url":"https:\/\/www.xn--tuksimaailm-ffb.ee\/fi\/","name":"T\u00f5uksimaailm","description":"Elektrit\u00f5ukerataste m\u00fc\u00fck, remont ja rent","publisher":{"@id":"https:\/\/www.xn--tuksimaailm-ffb.ee\/fi\/#organization"},"potentialAction":[{"@type":"SearchAction","target":{"@type":"EntryPoint","urlTemplate":"https:\/\/www.xn--tuksimaailm-ffb.ee\/fi\/?s={search_term_string}"},"query-input":{"@type":"PropertyValueSpecification","valueRequired":true,"valueName":"search_term_string"}}],"inLanguage":"fi"},{"@type":"Organization","@id":"https:\/\/www.xn--tuksimaailm-ffb.ee\/fi\/#organization","name":"T\u00f5uksimaailm","url":"https:\/\/www.xn--tuksimaailm-ffb.ee\/fi\/","logo":{"@type":"ImageObject","inLanguage":"fi","@id":"https:\/\/www.xn--tuksimaailm-ffb.ee\/fi\/#\/schema\/logo\/image\/","url":"https:\/\/www.xn--tuksimaailm-ffb.ee\/wp-content\/uploads\/2020\/01\/logoz-e1579792875517.png","contentUrl":"https:\/\/www.xn--tuksimaailm-ffb.ee\/wp-content\/uploads\/2020\/01\/logoz-e1579792875517.png","width":250,"height":250,"caption":"T\u00f5uksimaailm"},"image":{"@id":"https:\/\/www.xn--tuksimaailm-ffb.ee\/fi\/#\/schema\/logo\/image\/"},"sameAs":["https:\/\/www.facebook.com\/touksimaailm\/","https:\/\/www.instagram.com\/touksimaailm_\/","https:\/\/www.youtube.com\/channel\/UC18ml0EKIDLP1xGuQjFzcXQ"]}]},"product_price_amount":"399.00","product_price_currency":"EUR","og_availability":"instock","product_availability":"instock","product_retailer_item_id":"Ninebot_Zing-C10-1","product_condition":"new"},"jetpack_sharing_enabled":true,"_links":{"self":[{"href":"https:\/\/www.xn--tuksimaailm-ffb.ee\/fi\/wp-json\/wp\/v2\/product\/41177","targetHints":{"allow":["GET"]}}],"collection":[{"href":"https:\/\/www.xn--tuksimaailm-ffb.ee\/fi\/wp-json\/wp\/v2\/product"}],"about":[{"href":"https:\/\/www.xn--tuksimaailm-ffb.ee\/fi\/wp-json\/wp\/v2\/types\/product"}],"wp:featuredmedia":[{"embeddable":true,"href":"https:\/\/www.xn--tuksimaailm-ffb.ee\/fi\/wp-json\/wp\/v2\/media\/25661"}],"wp:attachment":[{"href":"https:\/\/www.xn--tuksimaailm-ffb.ee\/fi\/wp-json\/wp\/v2\/media?parent=41177"}],"wp:term":[{"taxonomy":"product_brand","embeddable":true,"href":"https:\/\/www.xn--tuksimaailm-ffb.ee\/fi\/wp-json\/wp\/v2\/product_brand?post=41177"},{"taxonomy":"product_cat","embeddable":true,"href":"https:\/\/www.xn--tuksimaailm-ffb.ee\/fi\/wp-json\/wp\/v2\/product_cat?post=41177"},{"taxonomy":"product_tag","embeddable":true,"href":"https:\/\/www.xn--tuksimaailm-ffb.ee\/fi\/wp-json\/wp\/v2\/product_tag?post=41177"},{"taxonomy":"filter_elektritoukeratas","embeddable":true,"href":"https:\/\/www.xn--tuksimaailm-ffb.ee\/fi\/wp-json\/wp\/v2\/filter_elektritoukeratas?post=41177"}],"curies":[{"name":"wp","href":"https:\/\/api.w.org\/{rel}","templated":true}]}}