{"id":41178,"date":"2022-12-02T11:15:05","date_gmt":"2022-12-02T09:15:05","guid":{"rendered":"http:\/\/www.xn--tuksimaailm-ffb.ee\/shop\/segway-ninebot-ekickscooter-zing-c8-sahkopolkupyora-nuorille-lapsille\/"},"modified":"2024-11-19T16:54:45","modified_gmt":"2024-11-19T13:54:45","slug":"segway-ninebot-ekickscooter-zing-c8-sahkopolkupyora-nuorille-lapsille","status":"publish","type":"product","link":"https:\/\/www.xn--tuksimaailm-ffb.ee\/fi\/shop\/segway-ninebot-ekickscooter-zing-c8-sahkopolkupyora-nuorille-lapsille\/","title":{"rendered":"Segway Ninebot eKickScooter ZING C8 s\u00e4hk\u00f6potkulauta lapsille"},"content":{"rendered":"<h2 style=\"text-align: center;\">SEGWAY NINEBOT eKICKSCOOTER ZING C8 - TUOTEKUVAUS<\/h2>\n<p>Segwayn uudet Zing C-sarjan mallit ovat uuden Zing C-sarjan nuorimmat s\u00e4hk\u00f6skootterit, joiden muotoilu on minimalistinen ja hienostunut. Pienempi ja edullisempi versio suositusta <a href=\"https:\/\/www.t\u00f5uksimaailm.ee\/shop\/segway-ninebot-ekickscooter-zing-c10-elektritoukeratas\/?preview_id=20660&amp;preview_nonce=525b201fd0&amp;_thumbnail_id=20641&amp;preview=true\">Segway Ninebot eKickScooter ZING C10 s\u00e4hk\u00f6potkulaudasta<\/a>. ZING C-sarjan s\u00e4hk\u00f6skootterit on kehitetty erityisesti pienille lapsille. S\u00e4hk\u00f6skootteri on helppok\u00e4ytt\u00f6inen ja kompakti. C10-malliin verrattuna Segway Ninebot eKickScooter ZING C8 on s\u00e4hk\u00f6potkulauta, jossa on matalampi ohjaustanko, kevyempi, ilman pohjalamppua ja my\u00f6s hieman kompaktimpi. Segway Ninebot eKickScooter ZING C8 -s\u00e4hk\u00f6skootteri on sopivin s\u00e4hk\u00f6skootteri <strong>6-12-vuotiaille ja 115-145cm pitkille lapsille<\/strong>.<\/p>\n<p>S\u00e4hk\u00f6potkulautaa ohjataan kaasupolkimella, jossa on integroitu painike ajotilan vaihtamiseksi. Py\u00f6r\u00e4t on valmistettu kest\u00e4v\u00e4st\u00e4 materiaalista, ja ne ovat my\u00f6s huolettomia, sill\u00e4 s\u00e4hk\u00f6potkulaudoissa ei ole ilmarenkaita, jotka voivat rikkoutua. S\u00e4hk\u00f6rattaissa on kahvat, jotka on valmistettu helposti puhdistettavasta ja liukumattomasta materiaalista. Zing C8 on t\u00e4ydellinen s\u00e4hk\u00f6skootteri, jolla voit nauttia ensimm\u00e4isist\u00e4 ajeluista, harjoitella tasapainoa ja ohjattavuutta. Segway Ninebot eKickScooter ZING C8 -s\u00e4hk\u00f6potkulauta on varustettu moottorilla, jonka nimellisteho on <strong>120W (max. 180W)<\/strong>, ja sen <strong>huippunopeus on 16km\/h<\/strong>. Se sopii erinomaisesti oppimiseen, harjoitteluun ja ohjailuun.<\/p>\n<p>Niin paljon ja paljon muuta voidaan pakata ultrakevyeen ja <strong>kompaktiin 9kg<\/strong> painavaan s\u00e4hk\u00f6skootteriin. Kompaktiutensa ansiosta s\u00e4hk\u00f6skootteri mahtuu mihin tahansa autoon.<\/p>\n<p><iframe title=\"How to charge the Ninebot eKickScooter ZING C8 &amp; ZING C10\" width=\"1082\" height=\"609\" src=\"https:\/\/www.youtube.com\/embed\/vHUhl-CnNm8?feature=oembed\" frameborder=\"0\" allow=\"accelerometer; autoplay; clipboard-write; encrypted-media; gyroscope; picture-in-picture; web-share\" allowfullscreen><\/iframe><\/p>\n<h2 style=\"text-align: center;\">TEKNINEN KUVAUS<\/h2>\n<p>Jotta ajo olisi huoletonta, ZING C8 -s\u00e4hk\u00f6skootteri on varustettu <strong>tukevilla 6 tuuman renkailla ilman sis\u00e4kumia<\/strong>. Edelliseen sukupolveen verrattuna rengasrakenne on uudistettu t\u00e4ysin paremman pidon ja kest\u00e4vyyden varmistamiseksi.<\/p>\n<p>S\u00e4hk\u00f6skootteri on varustettu <strong>2500mAh (54Wh)<\/strong> akulla, jolla voi kulkea <strong>jopa 10km:n<\/strong> matkoja. Lyhyemm\u00e4st\u00e4 ajomatkasta huolimatta Segway Ninebot eKickScooter Zing C8 -s\u00e4hk\u00f6skootteri on ihanteellinen liikkumisv\u00e4line kouluun ja muille lyhyemmille matkoille, sill\u00e4 akun lataaminen <strong>0 prosentista 100 prosenttiin kest\u00e4\u00e4 vain 2,5 tuntia!<\/strong><\/p>\n<p>S\u00e4hk\u00f6potkulauta on varustettu takarumpujarrulla, jonka ansiosta jarrujen s\u00e4\u00e4t\u00e4minen on erityisen helppoa. Rumpujarru tekee Zing C8 -s\u00e4hk\u00f6skootterista my\u00f6s v\u00e4hemm\u00e4n huoltoa vaativan tuotteen kuin kaikki muut levyjarruilla varustetut s\u00e4hk\u00f6skootterit. S\u00e4hk\u00f6potkulauta on valmistettu tukevasta materiaalista ja se kest\u00e4\u00e4 <strong>jopa 50kg<\/strong>. S\u00e4hk\u00f6potkulauta sopii hyvin 6-10-vuotiaille lapsille.<\/p>\n<p>S\u00e4hk\u00f6skootterissa on <strong>120W nimellisteho (max 180W)<\/strong> moottori, joka<strong> kykenee 16km\/h huippunopeuteen<\/strong>. S\u00e4hk\u00f6skootteri on varustettu my\u00f6s elektronisilla vaihteilla, joita on helppo vaihtaa kaasupolkimen painikkeesta. S\u00e4hk\u00f6skootterilla on <strong>IPX4-luokitus (kosteus- ja roiskevesisuojaus).<\/strong><\/p>\n<p><a href=\"https:\/\/www.youtube.com\/watch?v=nf32PfqTdns\">Englanninkielinen opetusvideo<\/a> Zing C-sarjan s\u00e4hk\u00f6skootterin aktivoinnista.<\/p>\n<p><strong style=\"box-sizing: inherit; margin: 0px; padding: 0px; border: 0px; font-variant-numeric: inherit; font-variant-east-asian: inherit; font-stretch: inherit; font-size: 17px; line-height: inherit;\">Segway Ninebot ZING C8 -s\u00e4hk\u00f6skootteri on Viron liikennelain mukainen katulain mukainen kevytskootteri, jonka valmistajan teho on 120W ja valmistajan nopeus 16km\/h. Jos k\u00e4ytt\u00e4j\u00e4 on itsen\u00e4isesti muuttanut s\u00e4hk\u00f6skootteria nopeammaksi tai tehokkaammaksi kuin edell\u00e4 mainitut parametrit, T\u00f5uksimaailm ei ole vastuussa lain rikkomisesta aiheutuvista sakoista, s\u00e4hk\u00f6skootterin takavarikoimisesta poliisin toimesta tai mist\u00e4\u00e4n muustakaan rikkomisesta aiheutuneesta vahingosta.<\/strong><\/p>\n<p><strong>Kun ostat s\u00e4hk\u00f6skootterin kaupastamme, saat kaikki <a href=\"http:\/\/www.xn--tuksimaailm-ffb.ee\/tootekategooria\/lisavarustus\/\">lis\u00e4varusteet<\/a>\u00a0 -20%!<\/strong><\/p>\n<table class=\"tg\" style=\"border-collapse: collapse; max-width: 600px; border-spacing: 0; margin: 0px auto;\">\n<tbody>\n<tr>\n<td style=\"background-color: #e4e1e1; color: #333333; font-family: inherit; font-size: 14px; font-weight: bold; overflow: hidden; padding: 5px 5px; text-align: center; vertical-align: top; word-break: normal; border: 1px solid;\" colspan=\"2\">Tekniset tiedot<\/td>\n<\/tr>\n<tr>\n<td style=\"background-color: #e4e1e1; color: #333333; font-family: inherit; font-size: 14px; font-weight: bold; overflow: hidden; padding: 5px 5px; text-align: right; vertical-align: top; word-break: normal; border: 1px solid;\">Paino<\/td>\n<td style=\"font-family: inherit; font-size: 14px; overflow: hidden; padding: 5px 5px; text-align: center; vertical-align: top; word-break: normal; border: 1px solid;\">9kg<\/td>\n<\/tr>\n<tr>\n<td style=\"background-color: #e4e1e1; color: #333333; font-family: inherit; font-size: 14px; font-weight: bold; overflow: hidden; padding: 5px 5px; text-align: right; vertical-align: top; word-break: normal; border: 1px solid;\">Nopeus<\/td>\n<td style=\"font-family: inherit; font-size: 14px; overflow: hidden; padding: 5px 5px; text-align: center; vertical-align: top; word-break: normal; border: 1px solid;\">tuotajanopeus 16km\/h<\/td>\n<\/tr>\n<tr>\n<td style=\"background-color: #e4e1e1; color: #333333; font-family: inherit; font-size: 14px; font-weight: bold; overflow: hidden; padding: 5px 5px; text-align: right; vertical-align: top; word-break: normal; border: 1px solid;\">Akku<\/td>\n<td style=\"font-family: inherit; font-size: 14px; overflow: hidden; padding: 5px 5px; text-align: center; vertical-align: top; word-break: normal; border: 1px solid;\">54Wh (2500mAh)<\/td>\n<\/tr>\n<tr>\n<td style=\"background-color: #e4e1e1; color: #333333; font-family: inherit; font-size: 14px; font-weight: bold; overflow: hidden; padding: 5px 5px; text-align: right; vertical-align: top; word-break: normal; border: 1px solid;\">Moottori<\/td>\n<td style=\"font-family: inherit; font-size: 14px; overflow: hidden; padding: 5px 5px; text-align: center; vertical-align: top; word-break: normal; border: 1px solid;\">valmistajateho 120W (max 180w)<\/td>\n<\/tr>\n<tr>\n<td style=\"background-color: #e4e1e1; color: #333333; font-family: inherit; font-size: 14px; font-weight: bold; overflow: hidden; padding: 5px 5px; text-align: right; vertical-align: top; word-break: normal; border: 1px solid;\">Vedenpit\u00e4vyys<\/td>\n<td style=\"font-family: inherit; font-size: 14px; overflow: hidden; padding: 5px 5px; text-align: center; vertical-align: top; word-break: normal; border: 1px solid;\">IPX4<\/td>\n<\/tr>\n<tr>\n<td style=\"background-color: #e4e1e1; color: #333333; font-family: inherit; font-size: 14px; font-weight: bold; overflow: hidden; padding: 5px 5px; text-align: right; vertical-align: top; word-break: normal; border: 1px solid;\">Latausaika<\/td>\n<td style=\"font-family: inherit; font-size: 14px; overflow: hidden; padding: 5px 5px; text-align: center; vertical-align: top; word-break: normal; border: 1px solid;\">2.5h<\/td>\n<\/tr>\n<tr>\n<td style=\"background-color: #e4e1e1; color: #333333; font-family: inherit; font-size: 14px; font-weight: bold; overflow: hidden; padding: 5px 5px; text-align: right; vertical-align: top; word-break: normal; border: 1px solid;\">Ajomatka (valmistajan m\u00e4\u00e4rittely) | Arvioitu odotettu ajomatka<\/td>\n<td style=\"font-family: inherit; font-size: 14px; overflow: hidden; padding: 5px 5px; text-align: center; vertical-align: top; word-break: normal; border: 1px solid;\">jopa 10km | 4km (25km\/h, 70kg kuljettaja, 15Wh\/km)<\/td>\n<\/tr>\n<tr>\n<td style=\"background-color: #e4e1e1; color: #333333; font-family: inherit; font-size: 14px; font-weight: bold; overflow: hidden; padding: 5px 5px; text-align: right; vertical-align: top; word-break: normal; border: 1px solid;\">Valot<\/td>\n<td style=\"font-family: inherit; font-size: 14px; overflow: hidden; padding: 5px 5px; text-align: center; vertical-align: top; word-break: normal; border: 1px solid;\">-<\/td>\n<\/tr>\n<tr>\n<td style=\"background-color: #e4e1e1; color: #333333; font-family: inherit; font-size: 14px; font-weight: bold; overflow: hidden; padding: 5px 5px; text-align: right; vertical-align: top; word-break: normal; border: 1px solid;\">Jarrut<\/td>\n<td style=\"font-family: inherit; font-size: 14px; overflow: hidden; padding: 5px 5px; text-align: center; vertical-align: top; word-break: normal; border: 1px solid;\">rumpujarru<\/td>\n<\/tr>\n<tr>\n<td style=\"background-color: #e4e1e1; color: #333333; font-family: inherit; font-size: 14px; font-weight: bold; overflow: hidden; padding: 5px 5px; text-align: right; vertical-align: top; word-break: normal; border: 1px solid;\">Renkaat<\/td>\n<td style=\"font-family: inherit; font-size: 14px; overflow: hidden; padding: 5px 5px; text-align: center; vertical-align: top; word-break: normal; border: 1px solid;\">6\" t\u00e4isrehv<\/td>\n<\/tr>\n<tr>\n<td style=\"background-color: #e4e1e1; color: #333333; font-family: inherit; font-size: 14px; font-weight: bold; overflow: hidden; padding: 5px 5px; text-align: right; vertical-align: top; word-break: normal; border: 1px solid;\">Painorajoitus<\/td>\n<td style=\"font-family: inherit; font-size: 14px; overflow: hidden; padding: 5px 5px; text-align: center; vertical-align: top; word-break: normal; border: 1px solid;\">50kg<\/td>\n<\/tr>\n<tr>\n<td style=\"background-color: #e4e1e1; color: #333333; font-family: inherit; font-size: 14px; font-weight: bold; overflow: hidden; padding: 5px 5px; text-align: right; vertical-align: top; word-break: normal; border: 1px solid;\">Materiali<\/td>\n<td style=\"font-family: inherit; font-size: 14px; overflow: hidden; padding: 5px 5px; text-align: center; vertical-align: top; word-break: normal; border: 1px solid;\">Alumiinium raam, koormust taluvad detailid roostevabast terasest<\/p>\n<\/td>\n<\/tr>\n<\/tbody>\n<\/table>\n","protected":false},"excerpt":{"rendered":"<p><strong>Kaikki\u00a0<a href=\"http:\/\/www.xn--tuksimaailm-ffb.ee\/tootekategooria\/lisavarustus\/\">lis\u00e4varusteet<\/a>\u00a0ja\u00a0<a href=\"https:\/\/www.xn\u2014tuksimaailm-ffb.ee\/tootekategooria\/elektritoukeratta-varuosad\/\">varaosat<\/a> ovat\u00a0-20%, kun ne ostetaan s\u00e4hk\u00f6skootterin kanssa. Alennus otetaan automaattisesti k\u00e4ytt\u00f6\u00f6n, kun lis\u00e4\u00e4t sen ostoskoriin!<\/strong><\/p>\n<p><em><strong>Toimitusaika: 5-15tp<\/p>\n<p><\/strong><\/em><\/p>\n","protected":false},"featured_media":25523,"template":"","meta":[],"product_brand":[],"product_cat":[926],"product_tag":[],"filter_elektritoukeratas":[],"class_list":{"0":"post-41178","1":"product","2":"type-product","3":"status-publish","4":"has-post-thumbnail","6":"product_cat-sahkopotkulaudat-fi","7":"pa_aku-mahutavus-wh-54-fi","8":"pa_kaal-kg-9-fi","9":"pa_kandevoime-kg-50-fi","10":"pa_labisoit-arvutuslik-km-4-fi","11":"pa_mootorite-arv-uhe-mootoriga-fi","12":"pa_muuja-platvormil-touksimaailm-exocool-ou-fi","13":"pa_piiramata-tippkiirus-kmh-16-fi","14":"pa_tootetuup-elektritoukeratas-fi","15":"pa_valmistaja-segway-fi","16":"pa_voimsus-w-120-fi","18":"first","19":"outofstock","20":"taxable","21":"shipping-taxable","22":"purchasable","23":"product-type-simple"},"yoast_head":"<!-- This site is optimized with the Yoast SEO Premium plugin v26.8 (Yoast SEO v27.5) - https:\/\/yoast.com\/product\/yoast-seo-premium-wordpress\/ -->\n<title>Segway Ninebot eKickScooter ZING C8 s\u00e4hk\u00f6potkulauta lapsille<\/title>\n<meta name=\"description\" content=\"Segway Ninebot eKickScooter ZING C8, \u00fclimalt kompaktne elektrit\u00f5ukeratas esimesteks s\u00f5itudeks. Elektriline t\u00f5ukeratas, mis sobib noorele, lastele.\" \/>\n<meta name=\"robots\" content=\"index, follow, max-snippet:-1, max-image-preview:large, max-video-preview:-1\" \/>\n<link rel=\"canonical\" href=\"https:\/\/www.xn--tuksimaailm-ffb.ee\/fi\/shop\/segway-ninebot-ekickscooter-zing-c8-sahkopolkupyora-nuorille-lapsille\/\" \/>\n<meta property=\"og:locale\" content=\"fi_FI\" \/>\n<meta property=\"og:type\" content=\"article\" \/>\n<meta property=\"og:title\" content=\"Segway Ninebot eKickScooter ZING C8 s\u00e4hk\u00f6potkulauta lapsille\" \/>\n<meta property=\"og:description\" content=\"Segway Ninebot eKickScooter ZING C8, \u00fclimalt kompaktne elektrit\u00f5ukeratas esimesteks s\u00f5itudeks. Elektriline t\u00f5ukeratas, mis sobib noorele, lastele.\" \/>\n<meta property=\"og:url\" content=\"https:\/\/www.xn--tuksimaailm-ffb.ee\/fi\/shop\/segway-ninebot-ekickscooter-zing-c8-sahkopolkupyora-nuorille-lapsille\/\" \/>\n<meta property=\"og:site_name\" content=\"T\u00f5uksimaailm\" \/>\n<meta property=\"article:publisher\" content=\"https:\/\/www.facebook.com\/touksimaailm\/\" \/>\n<meta property=\"article:modified_time\" content=\"2024-11-19T13:54:45+00:00\" \/>\n<meta property=\"og:image\" content=\"https:\/\/www.xn--tuksimaailm-ffb.ee\/wp-content\/uploads\/2022\/12\/Segway-eKickScooter-ZING-C8-elektritoukeratas-elektriline-toukeratas-1.png\" \/>\n\t<meta property=\"og:image:width\" content=\"761\" \/>\n\t<meta property=\"og:image:height\" content=\"1020\" \/>\n\t<meta property=\"og:image:type\" content=\"image\/png\" \/>\n<meta name=\"twitter:card\" content=\"summary_large_image\" \/>\n<meta name=\"twitter:label1\" content=\"Hinta\" \/>\n\t<meta name=\"twitter:data1\" content=\"&euro;299.00\" \/>\n\t<meta name=\"twitter:label2\" content=\"Saatavuus\" \/>\n\t<meta name=\"twitter:data2\" content=\"Loppu varastosta\" \/>\n<meta property=\"product:price:amount\" content=\"299.00\" \/>\n<meta property=\"product:price:currency\" content=\"EUR\" \/>\n<meta property=\"og:availability\" content=\"out of stock\" \/>\n<meta property=\"product:availability\" content=\"out of stock\" \/>\n<meta property=\"product:retailer_item_id\" content=\"Ninebot_Zing-C8-1\" \/>\n<meta property=\"product:condition\" content=\"new\" \/>\n<!-- \/ Yoast SEO Premium plugin. -->","yoast_head_json":{"title":"Segway Ninebot eKickScooter ZING C8 s\u00e4hk\u00f6potkulauta lapsille","description":"Segway Ninebot eKickScooter ZING C8, \u00fclimalt kompaktne elektrit\u00f5ukeratas esimesteks s\u00f5itudeks. Elektriline t\u00f5ukeratas, mis sobib noorele, lastele.","robots":{"index":"index","follow":"follow","max-snippet":"max-snippet:-1","max-image-preview":"max-image-preview:large","max-video-preview":"max-video-preview:-1"},"canonical":"https:\/\/www.xn--tuksimaailm-ffb.ee\/fi\/shop\/segway-ninebot-ekickscooter-zing-c8-sahkopolkupyora-nuorille-lapsille\/","og_locale":"fi_FI","og_type":"article","og_title":"Segway Ninebot eKickScooter ZING C8 s\u00e4hk\u00f6potkulauta lapsille","og_description":"Segway Ninebot eKickScooter ZING C8, \u00fclimalt kompaktne elektrit\u00f5ukeratas esimesteks s\u00f5itudeks. Elektriline t\u00f5ukeratas, mis sobib noorele, lastele.","og_url":"https:\/\/www.xn--tuksimaailm-ffb.ee\/fi\/shop\/segway-ninebot-ekickscooter-zing-c8-sahkopolkupyora-nuorille-lapsille\/","og_site_name":"T\u00f5uksimaailm","article_publisher":"https:\/\/www.facebook.com\/touksimaailm\/","article_modified_time":"2024-11-19T13:54:45+00:00","og_image":[{"width":761,"height":1020,"url":"https:\/\/www.xn--tuksimaailm-ffb.ee\/wp-content\/uploads\/2022\/12\/Segway-eKickScooter-ZING-C8-elektritoukeratas-elektriline-toukeratas-1.png","type":"image\/png"}],"twitter_card":"summary_large_image","twitter_misc":{"Hinta":"&euro;299.00","Saatavuus":"Loppu varastosta"},"schema":{"@context":"https:\/\/schema.org","@graph":[{"@type":"WebPage","@id":"https:\/\/www.xn--tuksimaailm-ffb.ee\/fi\/shop\/segway-ninebot-ekickscooter-zing-c8-sahkopolkupyora-nuorille-lapsille\/","url":"https:\/\/www.xn--tuksimaailm-ffb.ee\/fi\/shop\/segway-ninebot-ekickscooter-zing-c8-sahkopolkupyora-nuorille-lapsille\/","name":"Segway Ninebot eKickScooter ZING C8 s\u00e4hk\u00f6potkulauta lapsille","isPartOf":{"@id":"https:\/\/www.xn--tuksimaailm-ffb.ee\/fi\/#website"},"primaryImageOfPage":{"@id":"https:\/\/www.xn--tuksimaailm-ffb.ee\/fi\/shop\/segway-ninebot-ekickscooter-zing-c8-sahkopolkupyora-nuorille-lapsille\/#primaryimage"},"image":{"@id":"https:\/\/www.xn--tuksimaailm-ffb.ee\/fi\/shop\/segway-ninebot-ekickscooter-zing-c8-sahkopolkupyora-nuorille-lapsille\/#primaryimage"},"thumbnailUrl":"https:\/\/www.xn--tuksimaailm-ffb.ee\/wp-content\/uploads\/2022\/12\/Segway-eKickScooter-ZING-C8-elektritoukeratas-elektriline-toukeratas-1.png","datePublished":"2022-12-02T09:15:05+00:00","dateModified":"2024-11-19T13:54:45+00:00","description":"Segway Ninebot eKickScooter ZING C8, \u00fclimalt kompaktne elektrit\u00f5ukeratas esimesteks s\u00f5itudeks. Elektriline t\u00f5ukeratas, mis sobib noorele, lastele.","breadcrumb":{"@id":"https:\/\/www.xn--tuksimaailm-ffb.ee\/fi\/shop\/segway-ninebot-ekickscooter-zing-c8-sahkopolkupyora-nuorille-lapsille\/#breadcrumb"},"inLanguage":"fi","potentialAction":[{"@type":"ReadAction","target":["https:\/\/www.xn--tuksimaailm-ffb.ee\/fi\/shop\/segway-ninebot-ekickscooter-zing-c8-sahkopolkupyora-nuorille-lapsille\/"]}]},{"@type":"ImageObject","inLanguage":"fi","@id":"https:\/\/www.xn--tuksimaailm-ffb.ee\/fi\/shop\/segway-ninebot-ekickscooter-zing-c8-sahkopolkupyora-nuorille-lapsille\/#primaryimage","url":"https:\/\/www.xn--tuksimaailm-ffb.ee\/wp-content\/uploads\/2022\/12\/Segway-eKickScooter-ZING-C8-elektritoukeratas-elektriline-toukeratas-1.png","contentUrl":"https:\/\/www.xn--tuksimaailm-ffb.ee\/wp-content\/uploads\/2022\/12\/Segway-eKickScooter-ZING-C8-elektritoukeratas-elektriline-toukeratas-1.png","width":761,"height":1020,"caption":"Segway Ninebot eKickScooter ZING C8 c10 elektrit\u00f5ukeratas elektriline t\u00f5ukeratas 10 8 6 elektrilised t\u00f5ukerattad laste lastele lapse"},{"@type":"BreadcrumbList","@id":"https:\/\/www.xn--tuksimaailm-ffb.ee\/fi\/shop\/segway-ninebot-ekickscooter-zing-c8-sahkopolkupyora-nuorille-lapsille\/#breadcrumb","itemListElement":[{"@type":"ListItem","position":1,"name":"Home","item":"https:\/\/www.xn--tuksimaailm-ffb.ee\/fi\/kotisivu\/"},{"@type":"ListItem","position":2,"name":"Kauppa","item":"https:\/\/www.xn--tuksimaailm-ffb.ee\/elektritoukerataste-pood\/"},{"@type":"ListItem","position":3,"name":"Segway Ninebot eKickScooter ZING C8 s\u00e4hk\u00f6potkulauta lapsille"}]},{"@type":"WebSite","@id":"https:\/\/www.xn--tuksimaailm-ffb.ee\/fi\/#website","url":"https:\/\/www.xn--tuksimaailm-ffb.ee\/fi\/","name":"T\u00f5uksimaailm","description":"Elektrit\u00f5ukerataste m\u00fc\u00fck, remont ja rent","publisher":{"@id":"https:\/\/www.xn--tuksimaailm-ffb.ee\/fi\/#organization"},"potentialAction":[{"@type":"SearchAction","target":{"@type":"EntryPoint","urlTemplate":"https:\/\/www.xn--tuksimaailm-ffb.ee\/fi\/?s={search_term_string}"},"query-input":{"@type":"PropertyValueSpecification","valueRequired":true,"valueName":"search_term_string"}}],"inLanguage":"fi"},{"@type":"Organization","@id":"https:\/\/www.xn--tuksimaailm-ffb.ee\/fi\/#organization","name":"T\u00f5uksimaailm","url":"https:\/\/www.xn--tuksimaailm-ffb.ee\/fi\/","logo":{"@type":"ImageObject","inLanguage":"fi","@id":"https:\/\/www.xn--tuksimaailm-ffb.ee\/fi\/#\/schema\/logo\/image\/","url":"https:\/\/www.xn--tuksimaailm-ffb.ee\/wp-content\/uploads\/2020\/01\/logoz-e1579792875517.png","contentUrl":"https:\/\/www.xn--tuksimaailm-ffb.ee\/wp-content\/uploads\/2020\/01\/logoz-e1579792875517.png","width":250,"height":250,"caption":"T\u00f5uksimaailm"},"image":{"@id":"https:\/\/www.xn--tuksimaailm-ffb.ee\/fi\/#\/schema\/logo\/image\/"},"sameAs":["https:\/\/www.facebook.com\/touksimaailm\/","https:\/\/www.instagram.com\/touksimaailm_\/","https:\/\/www.youtube.com\/channel\/UC18ml0EKIDLP1xGuQjFzcXQ"]}]},"product_price_amount":"299.00","product_price_currency":"EUR","og_availability":"out of stock","product_availability":"out of stock","product_retailer_item_id":"Ninebot_Zing-C8-1","product_condition":"new"},"jetpack_sharing_enabled":true,"_links":{"self":[{"href":"https:\/\/www.xn--tuksimaailm-ffb.ee\/fi\/wp-json\/wp\/v2\/product\/41178","targetHints":{"allow":["GET"]}}],"collection":[{"href":"https:\/\/www.xn--tuksimaailm-ffb.ee\/fi\/wp-json\/wp\/v2\/product"}],"about":[{"href":"https:\/\/www.xn--tuksimaailm-ffb.ee\/fi\/wp-json\/wp\/v2\/types\/product"}],"wp:featuredmedia":[{"embeddable":true,"href":"https:\/\/www.xn--tuksimaailm-ffb.ee\/fi\/wp-json\/wp\/v2\/media\/25523"}],"wp:attachment":[{"href":"https:\/\/www.xn--tuksimaailm-ffb.ee\/fi\/wp-json\/wp\/v2\/media?parent=41178"}],"wp:term":[{"taxonomy":"product_brand","embeddable":true,"href":"https:\/\/www.xn--tuksimaailm-ffb.ee\/fi\/wp-json\/wp\/v2\/product_brand?post=41178"},{"taxonomy":"product_cat","embeddable":true,"href":"https:\/\/www.xn--tuksimaailm-ffb.ee\/fi\/wp-json\/wp\/v2\/product_cat?post=41178"},{"taxonomy":"product_tag","embeddable":true,"href":"https:\/\/www.xn--tuksimaailm-ffb.ee\/fi\/wp-json\/wp\/v2\/product_tag?post=41178"},{"taxonomy":"filter_elektritoukeratas","embeddable":true,"href":"https:\/\/www.xn--tuksimaailm-ffb.ee\/fi\/wp-json\/wp\/v2\/filter_elektritoukeratas?post=41178"}],"curies":[{"name":"wp","href":"https:\/\/api.w.org\/{rel}","templated":true}]}}