{"id":41189,"date":"2024-02-02T15:59:40","date_gmt":"2024-02-02T12:59:40","guid":{"rendered":"http:\/\/www.xn--tuksimaailm-ffb.ee\/?post_type=product&#038;p=41189"},"modified":"2024-11-06T16:17:35","modified_gmt":"2024-11-06T13:17:35","slug":"segway-ninebot-p65e-p65i-sahkopotkulauta-kopeeri-kopeeri","status":"publish","type":"product","link":"https:\/\/www.xn--tuksimaailm-ffb.ee\/fi\/shop\/segway-ninebot-p65e-p65i-sahkopotkulauta-kopeeri-kopeeri\/","title":{"rendered":"Segway Ninebot F2 Pro E s\u00e4hk\u00f6potkulauta"},"content":{"rendered":"<h2 style=\"text-align: center;\">SEGWAY NINEBOT F2 PRO E S\u00c4HK\u00d6POTKULAUTA - TUOTEKUVAUS<\/h2>\n<p>Monien vuosien ajan Segway Ninebot -s\u00e4hk\u00f6potkulaitteet ovat olleet markkinoilla tunnettuja korkeasta laadustaan ja uusien tekniikoiden k\u00e4ytt\u00f6\u00f6notosta. T\u00e4ll\u00e4kin kertaa uudet Ninebot F2 Pro E -s\u00e4hk\u00f6skootterit yll\u00e4tt\u00e4v\u00e4t s\u00e4hk\u00f6skootterien harrastajat. Pitk\u00e4n ja m\u00e4\u00e4r\u00e4tietoisen kehitysty\u00f6n tuloksena on luotu uusi ja parannettu F-sarjan Segway Ninebot F2 Pro E -s\u00e4hk\u00f6potkulauta. Ninebot F2 Pro E -s\u00e4hk\u00f6skootteri on varustettu monilla teknisill\u00e4 ominaisuuksilla (esim. avaimeton sis\u00e4\u00e4najo ja puhelinyhteys), hyv\u00e4ll\u00e4 ajoet\u00e4isyydell\u00e4 ja mukavalla leve\u00e4ll\u00e4 jalustalla. Ninebot F2 Pro E -s\u00e4hk\u00f6skootteri on my\u00f6s suhteellisen kompakti ja kevyt, joten F2 Pro E -s\u00e4hk\u00f6skootteri on poikkeuksellisen helppo kuljettaa k\u00e4sin.<\/p>\n<p>Ninebot F2 Pro E -s\u00e4hk\u00f6skootterit ovat k\u00e4ytt\u00e4j\u00e4yst\u00e4v\u00e4llisi\u00e4, koska ne ovat huolellisesti harkittuja ja hyvin suunniteltuja, ja niiss\u00e4 on monia k\u00e4yt\u00e4nn\u00f6llisi\u00e4 ominaisuuksia. Ninebot F2 Pro E -s\u00e4hk\u00f6skootterissa on kaikki, mit\u00e4 hyv\u00e4ss\u00e4 s\u00e4hk\u00f6skootterissa pit\u00e4\u00e4 olla. Skootteri yhdistyy esimerkiksi Iphone \u201dFind My\u201d -sovellukseen, ja siin\u00e4 on 10 tuuman letkuttomat\/letkuttomat ilmarenkaat, tehokas Li-ion-akku ja luotettava s\u00e4hk\u00f6moottori. Ninebot F2 Pro E:ss\u00e4 on korostettu turvallisuutta, ja siin\u00e4 on mekaaninen ketjujarru edess\u00e4 ja magneettinen moottorijarru takana, tehokkaat LED-valot, hyv\u00e4 jousitus sek\u00e4 kirkkaat jarru- ja merkkivalot.<\/p>\n<p><iframe title=\"Ninebot KickScooter F2 Series Power by Segway (F2-F2 Plus-F2 Pro)\" width=\"1082\" height=\"609\" src=\"https:\/\/www.youtube.com\/embed\/jch6UJkgWXk?feature=oembed\" frameborder=\"0\" allow=\"accelerometer; autoplay; clipboard-write; encrypted-media; gyroscope; picture-in-picture; web-share\" referrerpolicy=\"strict-origin-when-cross-origin\" allowfullscreen><\/iframe><\/p>\n<h2 style=\"text-align: center;\">SEGWAY NINEBOT F2 PRO E S\u00c4HK\u00d6POTKULAUTA - K\u00c4YT\u00c4NN\u00d6LLINEN JA KEST\u00c4V\u00c4 RAKENNE<\/h2>\n<p style=\"caret-color: #000000; color: #000000;\">Segway F2 Pro E -s\u00e4hk\u00f6skootterit k\u00e4tkev\u00e4t sis\u00e4\u00e4ns\u00e4 modernia huipputeknologiaa. Ninebot F2 Pro E -s\u00e4hk\u00f6skootterit ovat rakenteeltaan suhteellisen kompakteja. Kevyet ja hyv\u00e4n ajotuntuman omaavat Ninebot F2 Pro E -s\u00e4hk\u00f6skootterit<strong>painavat vain 18,5 kg.<\/strong>\u00a0Juuri keveyden ja ihanan kevyen taittuvan ohjaustangon ansiosta Ninebot F2 Pro E -s\u00e4hk\u00f6skootteri on erityisen mukava kulkuv\u00e4line. Kompaktin kokonsa ansiosta Ninebot F2 Pro E on helppo kuljettaa ja mahtuu l\u00e4hes mink\u00e4 tahansa auton tavaratilaan.<\/p>\n<p style=\"caret-color: #000000; color: #000000;\">Segway Ninebot F2 Pro E -s\u00e4hk\u00f6potkulauta on varustettu kest\u00e4v\u00e4ll\u00e4 ja eritt\u00e4in tehokkaalla etulevyjarrulla ja\u00a0<strong>vetokyky\u00e4 parantavalla regeneratiivisella moottorijarrulla<\/strong>, jotta sek\u00e4 kuljettaja ett\u00e4 matkustajat voivat ajaa turvallisesti<strong>.<\/strong>\u00a0Itse asiassa Ninebot F2 Pro E -skootteri on ohjelmoitu niin, ett\u00e4\u00a0<strong>kun mekaanista jarrua k\u00e4ytet\u00e4\u00e4n, elektroninen moottorijarru k\u00e4ytet\u00e4\u00e4n samanaikaisesti<\/strong>. T\u00e4m\u00e4 v\u00e4hent\u00e4\u00e4 jarrujen kulumista ja tekee jarrutuksesta paljon tehokkaampaa. Ninebot F2 Pro E -s\u00e4hk\u00f6skootteri\u00a0<strong>voidaan yhdist\u00e4\u00e4 mobiilisovellukseen<\/strong>, josta n\u00e4et ajomatkan, akun varaustason ja paljon muuta.<\/p>\n<p style=\"caret-color: #000000; color: #000000;\">Selke\u00e4n n\u00e4kyvyyden varmistamiseksi my\u00f6s pime\u00e4ss\u00e4 Segway F2 Pro E -s\u00e4hk\u00f6potkulaudat on\u00a0<strong>varustettu etu- ja takavaloilla<\/strong>, jotka paitsi antavat voimakkaan valons\u00e4teen my\u00f6s heijastavat. Ninebot F2 Pro E -s\u00e4hk\u00f6skoottereissa on<strong>\u00e4\u00e4nek\u00e4s elektroninen sireeni<\/strong>, joka varmistaa, ett\u00e4 kanssakulkijat huomaavat sinut. Jotta kuljettajan aikomuksista voidaan ilmoittaa, Ninebot F2 Pro E -skoottereissa on\u00a0<strong>sek\u00e4 etu- ett\u00e4 takasuuntavilkut.<\/strong><\/p>\n<h2 style=\"text-align: center;\">SEGWAY NINEBOT F2 PRO E S\u00c4HK\u00d6SKOOTTERI - TEKNINEN KUVAUS<\/h2>\n<p style=\"caret-color: #000000; color: #000000;\">Segway F2 Pro E -s\u00e4hk\u00f6skootterit ovat takavetoisia, mutta silti eritt\u00e4in kirkkaita ja tehokkaita. Ninebot F2 Pro E -skootterit<strong>saavat voimansa tehokkaasta 900 W:n takas\u00e4hk\u00f6moottorista,<\/strong>\u00a0ja ne ovat eritt\u00e4in tasaisia ja kiihtyv\u00e4t mukavasti. Valmistajan ilmoittama nopeus on 25km\/h, ja Ninebot F2 Pro E -s\u00e4hk\u00f6skootteri saavuttaa t\u00e4m\u00e4n nopeuden nopeasti ilman ongelmia.<\/p>\n<p style=\"caret-color: #000000; color: #000000;\">Vankan rakenteensa ansiosta Ninebot P65E -s\u00e4hk\u00f6skootteri <strong>pystyy kuljettamaan jopa 120kg:n painoa<\/strong> valmistajan m\u00e4\u00e4rittelyn mukaan. Tehokkaalla s\u00e4hk\u00f6moottorilla varustettu Ninebot P65E -s\u00e4hk\u00f6skootteri ei anna periksi raskaammillakaan kuormilla. Ninebot P65E -s\u00e4hk\u00f6skootterit <strong>pystyv\u00e4t nousemaan jopa 22%:n nousuun<\/strong>.<\/p>\n<p><span style=\"caret-color: #000000; color: #000000;\">Ninebot F2 Pro E k\u00e4tkee tukevan rakenteensa taakse suuren Li-ion-akun. Segway Ninebot F2 Pro E -s\u00e4hk\u00f6potkulauta on<\/span><span style=\"caret-color: #000000; color: #000000;\">\u00a0<\/span><strong style=\"caret-color: #000000; color: #000000;\">varustettu tehokkaalla 460Wh:n Li-ion-akulla.<\/strong><span style=\"caret-color: #000000; color: #000000;\">\u00a0<\/span><span style=\"caret-color: #000000; color: #000000;\">Valmistajan tietojen mukaan s\u00e4hk\u00f6potkulauta pystyy kulkemaan<\/span><span style=\"caret-color: #000000; color: #000000;\">\u00a0<\/span><strong style=\"caret-color: #000000; color: #000000;\">ECO-tilassa<\/strong><span style=\"caret-color: #000000; color: #000000;\">\u00a0<\/span><strong style=\"caret-color: #000000; color: #000000;\">jopa 55 km<\/strong><span style=\"caret-color: #000000; color: #000000;\">\u00a0<\/span><strong style=\"caret-color: #000000; color: #000000;\">yhdell\u00e4<\/strong><span style=\"caret-color: #000000; color: #000000;\">\u00a0<\/span><strong style=\"caret-color: #000000; color: #000000;\">latauksella<\/strong><span style=\"caret-color: #000000; color: #000000;\">. Kun laskemme realistisen energiankulutuksen 15Wh\/km, saamme selville, ett\u00e4 realistisissa olosuhteissa ja tasaisella ajolla s\u00e4hk\u00f6potkulauta pystyy<\/span><span style=\"caret-color: #000000; color: #000000;\">\u00a0<\/span><strong style=\"caret-color: #000000; color: #000000;\">31 km:n matkan tavallisessa ajotilassa<\/strong><span style=\"caret-color: #000000; color: #000000;\">. Ninebot F2 Pro E -s\u00e4hk\u00f6skootteri tarvitsee<\/span><span style=\"caret-color: #000000; color: #000000;\">\u00a0<\/span><strong style=\"caret-color: #000000; color: #000000;\">~8 tuntia<\/strong><span style=\"caret-color: #000000; color: #000000;\">\u00a0<\/span><strong style=\"caret-color: #000000; color: #000000;\">akun lataamiseen 0 prosentista 100 prosenttiin<\/strong><span style=\"caret-color: #000000; color: #000000;\">.<\/span><\/p>\n<p style=\"caret-color: #000000; color: #000000;\">Ninebot F2 Pro E -s\u00e4hk\u00f6potkulauta on varustettu\u00a0<strong>etujousituksella<\/strong>\u00a0tasaisen ajon varmistamiseksi\u00a0<strong>.<\/strong>\u00a0Tietojen antamiseksi kuljettajalle Segway Ninebot F2 Pro E -s\u00e4hk\u00f6potkulauta on\u00a0<strong>varustettu selv\u00e4sti luettavalla, pienikokoisella n\u00e4yt\u00f6ll\u00e4\/n\u00e4yt\u00f6ll\u00e4<\/strong>, joka antaa tietoja ajotilasta, akun varaustasosta ja nopeudesta. Segway Ninebot F2 Pro E -s\u00e4hk\u00f6potkulauta on suunniteltu\u00a0<strong>IPX5-vesitiiviiksi<\/strong>.<\/p>\n<h2 style=\"text-align: center;\">TURVALLISUUS<\/h2>\n<p>S\u00e4hk\u00f6skootteri on nopea ja mahdollisesti vaarallinen ajoneuvo kuljettajalle. Siksi suosittelemme, ett\u00e4 k\u00e4yt\u00e4t aina <a href=\"http:\/\/www.xn--tuksimaailm-ffb.ee\/tootesilt\/elektritoukeratta-kiivrid\/\">kyp\u00e4r\u00e4\u00e4<\/a>.\u00a0 Alle 16-vuotiaiden s\u00e4hk\u00f6skootterin kuljettajien on <a href=\"https:\/\/www.riigiteataja.ee\/akt\/113112020001\">lain<\/a> mukaan k\u00e4ytett\u00e4v\u00e4 kyp\u00e4r\u00e4\u00e4 ajaessaan. Kaikki s\u00e4hk\u00f6skootterit l\u00f6yd\u00e4t <a href=\"http:\/\/www.xn--tuksimaailm-ffb.ee\/tootekategooria\/elektritoukeratas\/\"><strong>t\u00e4\u00e4lt\u00e4<\/strong><\/a>.<\/p>\n<p><strong>Kun ostat s\u00e4hk\u00f6skootterin kaupastamme, saat kaikki <a href=\"http:\/\/www.xn--tuksimaailm-ffb.ee\/tootekategooria\/lisavarustus\/\">lis\u00e4varusteet<\/a>\u00a0 -20%!<\/strong><\/p>\n<p style=\"caret-color: #000000; color: #000000;\"><strong>Segway Ninebot Kickscooter F2 Pro E -s\u00e4hk\u00f6potkulauta on Viron liikennelain mukainen katuoikeudellinen kevytskootteri, jonka valmistajan teho on 900W ja valmistajan nopeus 25km\/h.<\/strong>\u00a0<strong>HUOMAUTUS: Jos k\u00e4ytt\u00e4j\u00e4 on itsen\u00e4isesti muuttanut s\u00e4hk\u00f6skootteria niin, ett\u00e4 se on nopeampi tai tehokkaampi kuin edell\u00e4 mainitut parametrit, T\u00f5uksimaailm ei ole vastuussa lain rikkomisesta aiheutuvista sakoista, poliisin takavarikoimasta s\u00e4hk\u00f6skootterista tai mist\u00e4\u00e4n muusta rikkomisesta aiheutuneesta vahingosta.<\/strong><\/p>\n<table class=\"tg\" style=\"border-collapse: collapse; max-width: 600px; border-spacing: 0; margin: 0px auto;\">\n<tbody>\n<tr>\n<td style=\"background-color: #e4e1e1; color: #333333; font-family: inherit; font-size: 14px; font-weight: bold; overflow: hidden; padding: 5px 5px; text-align: center; vertical-align: top; word-break: normal; border: 1px solid;\" colspan=\"2\">Tekniset tiedot<\/td>\n<\/tr>\n<tr>\n<td style=\"background-color: #e4e1e1; color: #333333; font-family: inherit; font-size: 14px; font-weight: bold; overflow: hidden; padding: 5px 5px; text-align: right; vertical-align: top; word-break: normal; border: 1px solid;\">Malli<\/td>\n<td style=\"font-family: inherit; font-size: 14px; overflow: hidden; padding: 5px 5px; text-align: center; vertical-align: top; word-break: normal; border: 1px solid;\">Segway Ninebot F2 Pro E<\/td>\n<\/tr>\n<tr>\n<td style=\"background-color: #e4e1e1; color: #333333; font-family: inherit; font-size: 14px; font-weight: bold; overflow: hidden; padding: 5px 5px; text-align: right; vertical-align: top; word-break: normal; border: 1px solid;\">Akku<\/td>\n<td style=\"font-family: inherit; font-size: 14px; overflow: hidden; padding: 5px 5px; text-align: center; vertical-align: top; word-break: normal; border: 1px solid;\"><span style=\"font-size: 16px; text-align: start;\">460Wh<\/span><\/td>\n<\/tr>\n<tr>\n<td style=\"background-color: #e4e1e1; color: #333333; font-family: inherit; font-size: 14px; font-weight: bold; overflow: hidden; padding: 5px 5px; text-align: right; vertical-align: top; word-break: normal; border: 1px solid;\">Latausaika<\/td>\n<td style=\"font-family: inherit; font-size: 14px; overflow: hidden; padding: 5px 5px; text-align: center; vertical-align: top; word-break: normal; border: 1px solid;\">jopa 8h<\/td>\n<\/tr>\n<tr>\n<td style=\"background-color: #e4e1e1; color: #333333; font-family: inherit; font-size: 14px; font-weight: bold; overflow: hidden; padding: 5px 5px; text-align: right; vertical-align: top; word-break: normal; border: 1px solid;\">Moottorin teho<\/td>\n<td style=\"font-family: inherit; font-size: 14px; overflow: hidden; padding: 5px 5px; text-align: center; vertical-align: top; word-break: normal; border: 1px solid;\">450W\u00a0(huipputeho 900W)<\/td>\n<\/tr>\n<tr>\n<td style=\"background-color: #e4e1e1; color: #333333; font-family: inherit; font-size: 14px; font-weight: bold; overflow: hidden; padding: 5px 5px; text-align: right; vertical-align: top; word-break: normal; border: 1px solid;\">Ajomatka (valmistajan m\u00e4\u00e4rittely) | Arvoitettu ajomatka<\/td>\n<td style=\"font-family: inherit; font-size: 14px; overflow: hidden; padding: 5px 5px; text-align: center; vertical-align: top; word-break: normal; border: 1px solid;\">jopa 55km (ECO MODE) | 31km (25km\/h, 70kg kuljettaja, 15Wh\/km)<\/td>\n<\/tr>\n<tr>\n<td style=\"background-color: #e4e1e1; color: #333333; font-family: inherit; font-size: 14px; font-weight: bold; overflow: hidden; padding: 5px 5px; text-align: right; vertical-align: top; word-break: normal; border: 1px solid;\">Etujarru<\/td>\n<td style=\"font-family: inherit; font-size: 14px; overflow: hidden; padding: 5px 5px; text-align: center; vertical-align: top; word-break: normal; border: 1px solid;\">mekaaninen levyjarru<\/td>\n<\/tr>\n<tr>\n<td style=\"background-color: #e4e1e1; color: #333333; font-family: inherit; font-size: 14px; font-weight: bold; overflow: hidden; padding: 5px 5px; text-align: right; vertical-align: top; word-break: normal; border: 1px solid;\">Takajarru<\/td>\n<td style=\"font-family: inherit; font-size: 14px; overflow: hidden; padding: 5px 5px; text-align: center; vertical-align: top; word-break: normal; border: 1px solid;\">s\u00e4hk\u00f6inen moottorijarru (regeneratiivinen)<\/td>\n<\/tr>\n<tr>\n<td style=\"background-color: #e4e1e1; color: #333333; font-family: inherit; font-size: 14px; font-weight: bold; overflow: hidden; padding: 5px 5px; text-align: right; vertical-align: top; word-break: normal; border: 1px solid;\">Painorajoitus<\/td>\n<td style=\"font-family: inherit; font-size: 14px; overflow: hidden; padding: 5px 5px; text-align: center; vertical-align: top; word-break: normal; border: 1px solid;\">120kg<\/td>\n<\/tr>\n<tr>\n<td style=\"background-color: #e4e1e1; color: #333333; font-family: inherit; font-size: 14px; font-weight: bold; overflow: hidden; padding: 5px 5px; text-align: right; vertical-align: top; word-break: normal; border: 1px solid;\">Tuotajan m\u00e4\u00e4rittely nopeus<\/td>\n<td style=\"font-family: inherit; font-size: 14px; overflow: hidden; padding: 5px 5px; text-align: center; vertical-align: top; word-break: normal; border: 1px solid;\">25km\/h<\/td>\n<\/tr>\n<tr>\n<td style=\"background-color: #e4e1e1; color: #333333; font-family: inherit; font-size: 14px; font-weight: bold; overflow: hidden; padding: 5px 5px; text-align: right; vertical-align: top; word-break: normal; border: 1px solid;\">Paino<\/td>\n<td style=\"font-family: inherit; font-size: 14px; overflow: hidden; padding: 5px 5px; text-align: center; vertical-align: top; word-break: normal; border: 1px solid;\">18.5kg<\/td>\n<\/tr>\n<tr>\n<td style=\"background-color: #e4e1e1; color: #333333; font-family: inherit; font-size: 14px; font-weight: bold; overflow: hidden; padding: 5px 5px; text-align: right; vertical-align: top; word-break: normal; border: 1px solid;\">Moottorisoitu py\u00f6r\u00e4<\/td>\n<td style=\"font-family: inherit; font-size: 14px; overflow: hidden; padding: 5px 5px; text-align: center; vertical-align: top; word-break: normal; border: 1px solid;\">taka<\/td>\n<\/tr>\n<tr>\n<td style=\"background-color: #e4e1e1; color: #333333; font-family: inherit; font-size: 14px; font-weight: bold; overflow: hidden; padding: 5px 5px; text-align: right; vertical-align: top; word-break: normal; border: 1px solid;\">Renkaat<\/td>\n<td style=\"font-family: inherit; font-size: 14px; overflow: hidden; padding: 5px 5px; text-align: center; vertical-align: top; word-break: normal; border: 1px solid;\">10 tuuman putkettomat pneumaattiset renkaat<\/td>\n<\/tr>\n<tr>\n<td style=\"background-color: #e4e1e1; color: #333333; font-family: inherit; font-size: 14px; font-weight: bold; overflow: hidden; padding: 5px 5px; text-align: right; vertical-align: top; word-break: normal; border: 1px solid;\">Tien enim\u00e4iskaltevuus<\/td>\n<td style=\"font-family: inherit; font-size: 14px; overflow: hidden; padding: 5px 5px; text-align: center; vertical-align: top; word-break: normal; border: 1px solid;\">jopa 22%<\/td>\n<\/tr>\n<\/tbody>\n<\/table>\n","protected":false},"excerpt":{"rendered":"<p><strong>Kaikki\u00a0<a href=\"http:\/\/www.xn--tuksimaailm-ffb.ee\/tootekategooria\/lisavarustus\/\">lis\u00e4varusteet<\/a>\u00a0ja\u00a0<a href=\"https:\/\/www.xn\u2014tuksimaailm-ffb.ee\/tootekategooria\/elektritoukeratta-varuosad\/\">varaosat<\/a> ovat\u00a0-20%, kun ne ostetaan s\u00e4hk\u00f6skootterin kanssa. Alennus otetaan automaattisesti k\u00e4ytt\u00f6\u00f6n, kun lis\u00e4\u00e4t sen ostoskoriin!<\/strong><\/p>\n<p><em><strong>Toimitusaika: 1-5tp<\/p>\n<p><\/strong><\/em><\/p>\n","protected":false},"featured_media":44249,"template":"","meta":[],"product_brand":[],"product_cat":[926],"product_tag":[],"filter_elektritoukeratas":[],"class_list":{"0":"post-41189","1":"product","2":"type-product","3":"status-publish","4":"has-post-thumbnail","6":"product_cat-sahkopotkulaudat-fi","7":"product_shipping_class-keskmine-pakk-fi","8":"pa_kaal-kg-18-5-fi","9":"pa_kandevoime-kg-120-fi","10":"pa_labisoit-arvutuslik-km-31-fi","11":"pa_mootorite-arv-uhe-mootoriga-fi","12":"pa_muuja-platvormil-touksimaailm-exocool-ou-fi","13":"pa_piiramata-tippkiirus-kmh-25-fi","14":"pa_tootetuup-elektritoukeratas-fi","15":"pa_valmistaja-segway-fi","16":"pa_voimsus-w-900-fi","18":"first","19":"instock","20":"taxable","21":"shipping-taxable","22":"purchasable","23":"product-type-simple"},"yoast_head":"<!-- This site is optimized with the Yoast SEO Premium plugin v26.8 (Yoast SEO v27.5) - https:\/\/yoast.com\/product\/yoast-seo-premium-wordpress\/ -->\n<title>Segway Ninebot F2 Pro E s\u00e4hk\u00f6potkulauta | T\u00f5uksimaailm<\/title>\n<meta name=\"description\" content=\"Segway Ninebot P65E elektrit\u00f5ukeratas. Kaasaegne elektriline t\u00f5ukeratas. Segway Ninebot elektrit\u00f5ukerattad. V\u00f5imekad P-seeria elektrilised t\u00f5ukerattad.\" \/>\n<meta name=\"robots\" content=\"index, follow, max-snippet:-1, max-image-preview:large, max-video-preview:-1\" \/>\n<link rel=\"canonical\" href=\"https:\/\/www.xn--tuksimaailm-ffb.ee\/fi\/shop\/segway-ninebot-p65e-p65i-sahkopotkulauta-kopeeri-kopeeri\/\" \/>\n<meta property=\"og:locale\" content=\"fi_FI\" \/>\n<meta property=\"og:type\" content=\"article\" \/>\n<meta property=\"og:title\" content=\"Segway Ninebot F2 Pro E s\u00e4hk\u00f6potkulauta\" \/>\n<meta property=\"og:description\" content=\"Segway Ninebot P65E elektrit\u00f5ukeratas. Kaasaegne elektriline t\u00f5ukeratas. Segway Ninebot elektrit\u00f5ukerattad. V\u00f5imekad P-seeria elektrilised t\u00f5ukerattad.\" \/>\n<meta property=\"og:url\" content=\"https:\/\/www.xn--tuksimaailm-ffb.ee\/fi\/shop\/segway-ninebot-p65e-p65i-sahkopotkulauta-kopeeri-kopeeri\/\" \/>\n<meta property=\"og:site_name\" content=\"T\u00f5uksimaailm\" \/>\n<meta property=\"article:publisher\" content=\"https:\/\/www.facebook.com\/touksimaailm\/\" \/>\n<meta property=\"article:modified_time\" content=\"2024-11-06T13:17:35+00:00\" \/>\n<meta property=\"og:image\" content=\"https:\/\/www.xn--tuksimaailm-ffb.ee\/wp-content\/uploads\/2024\/02\/F2-Pro-E-1-jpg.webp\" \/>\n\t<meta property=\"og:image:width\" content=\"825\" \/>\n\t<meta property=\"og:image:height\" content=\"828\" \/>\n\t<meta property=\"og:image:type\" content=\"image\/jpeg\" \/>\n<meta name=\"twitter:card\" content=\"summary_large_image\" \/>\n<meta name=\"twitter:label1\" content=\"Hinta\" \/>\n\t<meta name=\"twitter:data1\" content=\"&euro;576.00\" \/>\n\t<meta name=\"twitter:label2\" content=\"Saatavuus\" \/>\n\t<meta name=\"twitter:data2\" content=\"Varastossa\" \/>\n<meta property=\"product:price:amount\" content=\"576.00\" \/>\n<meta property=\"product:price:currency\" content=\"EUR\" \/>\n<meta property=\"og:availability\" content=\"instock\" \/>\n<meta property=\"product:availability\" content=\"instock\" \/>\n<meta property=\"product:retailer_item_id\" content=\"Ninebot-F2-Pro-E-2\" \/>\n<meta property=\"product:condition\" content=\"new\" \/>\n<!-- \/ Yoast SEO Premium plugin. -->","yoast_head_json":{"title":"Segway Ninebot F2 Pro E s\u00e4hk\u00f6potkulauta | T\u00f5uksimaailm","description":"Segway Ninebot P65E elektrit\u00f5ukeratas. Kaasaegne elektriline t\u00f5ukeratas. Segway Ninebot elektrit\u00f5ukerattad. V\u00f5imekad P-seeria elektrilised t\u00f5ukerattad.","robots":{"index":"index","follow":"follow","max-snippet":"max-snippet:-1","max-image-preview":"max-image-preview:large","max-video-preview":"max-video-preview:-1"},"canonical":"https:\/\/www.xn--tuksimaailm-ffb.ee\/fi\/shop\/segway-ninebot-p65e-p65i-sahkopotkulauta-kopeeri-kopeeri\/","og_locale":"fi_FI","og_type":"article","og_title":"Segway Ninebot F2 Pro E s\u00e4hk\u00f6potkulauta","og_description":"Segway Ninebot P65E elektrit\u00f5ukeratas. Kaasaegne elektriline t\u00f5ukeratas. Segway Ninebot elektrit\u00f5ukerattad. V\u00f5imekad P-seeria elektrilised t\u00f5ukerattad.","og_url":"https:\/\/www.xn--tuksimaailm-ffb.ee\/fi\/shop\/segway-ninebot-p65e-p65i-sahkopotkulauta-kopeeri-kopeeri\/","og_site_name":"T\u00f5uksimaailm","article_publisher":"https:\/\/www.facebook.com\/touksimaailm\/","article_modified_time":"2024-11-06T13:17:35+00:00","og_image":[{"width":825,"height":828,"url":"https:\/\/www.xn--tuksimaailm-ffb.ee\/wp-content\/uploads\/2024\/02\/F2-Pro-E-1-jpg.webp","type":"image\/jpeg"}],"twitter_card":"summary_large_image","twitter_misc":{"Hinta":"&euro;576.00","Saatavuus":"Varastossa"},"schema":{"@context":"https:\/\/schema.org","@graph":[{"@type":"WebPage","@id":"https:\/\/www.xn--tuksimaailm-ffb.ee\/fi\/shop\/segway-ninebot-p65e-p65i-sahkopotkulauta-kopeeri-kopeeri\/","url":"https:\/\/www.xn--tuksimaailm-ffb.ee\/fi\/shop\/segway-ninebot-p65e-p65i-sahkopotkulauta-kopeeri-kopeeri\/","name":"Segway Ninebot F2 Pro E s\u00e4hk\u00f6potkulauta | T\u00f5uksimaailm","isPartOf":{"@id":"https:\/\/www.xn--tuksimaailm-ffb.ee\/fi\/#website"},"primaryImageOfPage":{"@id":"https:\/\/www.xn--tuksimaailm-ffb.ee\/fi\/shop\/segway-ninebot-p65e-p65i-sahkopotkulauta-kopeeri-kopeeri\/#primaryimage"},"image":{"@id":"https:\/\/www.xn--tuksimaailm-ffb.ee\/fi\/shop\/segway-ninebot-p65e-p65i-sahkopotkulauta-kopeeri-kopeeri\/#primaryimage"},"thumbnailUrl":"https:\/\/www.xn--tuksimaailm-ffb.ee\/wp-content\/uploads\/2024\/02\/F2-Pro-E-1-jpg.webp","datePublished":"2024-02-02T12:59:40+00:00","dateModified":"2024-11-06T13:17:35+00:00","description":"Segway Ninebot P65E elektrit\u00f5ukeratas. Kaasaegne elektriline t\u00f5ukeratas. Segway Ninebot elektrit\u00f5ukerattad. V\u00f5imekad P-seeria elektrilised t\u00f5ukerattad.","breadcrumb":{"@id":"https:\/\/www.xn--tuksimaailm-ffb.ee\/fi\/shop\/segway-ninebot-p65e-p65i-sahkopotkulauta-kopeeri-kopeeri\/#breadcrumb"},"inLanguage":"fi","potentialAction":[{"@type":"ReadAction","target":["https:\/\/www.xn--tuksimaailm-ffb.ee\/fi\/shop\/segway-ninebot-p65e-p65i-sahkopotkulauta-kopeeri-kopeeri\/"]}]},{"@type":"ImageObject","inLanguage":"fi","@id":"https:\/\/www.xn--tuksimaailm-ffb.ee\/fi\/shop\/segway-ninebot-p65e-p65i-sahkopotkulauta-kopeeri-kopeeri\/#primaryimage","url":"https:\/\/www.xn--tuksimaailm-ffb.ee\/wp-content\/uploads\/2024\/02\/F2-Pro-E-1-jpg.webp","contentUrl":"https:\/\/www.xn--tuksimaailm-ffb.ee\/wp-content\/uploads\/2024\/02\/F2-Pro-E-1-jpg.webp","width":825,"height":828,"caption":"segway ninebot f2 pro e elektrit\u00f5ukeratas kvaliteetne elektriline t\u00f5ukeratas elektrit\u00f5uks elektrit\u00f5ukerattad elektrilised t\u00f5ukerattad veekindel vastupidav 1"},{"@type":"BreadcrumbList","@id":"https:\/\/www.xn--tuksimaailm-ffb.ee\/fi\/shop\/segway-ninebot-p65e-p65i-sahkopotkulauta-kopeeri-kopeeri\/#breadcrumb","itemListElement":[{"@type":"ListItem","position":1,"name":"Home","item":"https:\/\/www.xn--tuksimaailm-ffb.ee\/fi\/kotisivu\/"},{"@type":"ListItem","position":2,"name":"Kauppa","item":"https:\/\/www.xn--tuksimaailm-ffb.ee\/elektritoukerataste-pood\/"},{"@type":"ListItem","position":3,"name":"Segway Ninebot F2 Pro E s\u00e4hk\u00f6potkulauta"}]},{"@type":"WebSite","@id":"https:\/\/www.xn--tuksimaailm-ffb.ee\/fi\/#website","url":"https:\/\/www.xn--tuksimaailm-ffb.ee\/fi\/","name":"T\u00f5uksimaailm","description":"Elektrit\u00f5ukerataste m\u00fc\u00fck, remont ja rent","publisher":{"@id":"https:\/\/www.xn--tuksimaailm-ffb.ee\/fi\/#organization"},"potentialAction":[{"@type":"SearchAction","target":{"@type":"EntryPoint","urlTemplate":"https:\/\/www.xn--tuksimaailm-ffb.ee\/fi\/?s={search_term_string}"},"query-input":{"@type":"PropertyValueSpecification","valueRequired":true,"valueName":"search_term_string"}}],"inLanguage":"fi"},{"@type":"Organization","@id":"https:\/\/www.xn--tuksimaailm-ffb.ee\/fi\/#organization","name":"T\u00f5uksimaailm","url":"https:\/\/www.xn--tuksimaailm-ffb.ee\/fi\/","logo":{"@type":"ImageObject","inLanguage":"fi","@id":"https:\/\/www.xn--tuksimaailm-ffb.ee\/fi\/#\/schema\/logo\/image\/","url":"https:\/\/www.xn--tuksimaailm-ffb.ee\/wp-content\/uploads\/2020\/01\/logoz-e1579792875517.png","contentUrl":"https:\/\/www.xn--tuksimaailm-ffb.ee\/wp-content\/uploads\/2020\/01\/logoz-e1579792875517.png","width":250,"height":250,"caption":"T\u00f5uksimaailm"},"image":{"@id":"https:\/\/www.xn--tuksimaailm-ffb.ee\/fi\/#\/schema\/logo\/image\/"},"sameAs":["https:\/\/www.facebook.com\/touksimaailm\/","https:\/\/www.instagram.com\/touksimaailm_\/","https:\/\/www.youtube.com\/channel\/UC18ml0EKIDLP1xGuQjFzcXQ"]}]},"product_price_amount":"576.00","product_price_currency":"EUR","og_availability":"instock","product_availability":"instock","product_retailer_item_id":"Ninebot-F2-Pro-E-2","product_condition":"new"},"jetpack_sharing_enabled":true,"_links":{"self":[{"href":"https:\/\/www.xn--tuksimaailm-ffb.ee\/fi\/wp-json\/wp\/v2\/product\/41189","targetHints":{"allow":["GET"]}}],"collection":[{"href":"https:\/\/www.xn--tuksimaailm-ffb.ee\/fi\/wp-json\/wp\/v2\/product"}],"about":[{"href":"https:\/\/www.xn--tuksimaailm-ffb.ee\/fi\/wp-json\/wp\/v2\/types\/product"}],"wp:featuredmedia":[{"embeddable":true,"href":"https:\/\/www.xn--tuksimaailm-ffb.ee\/fi\/wp-json\/wp\/v2\/media\/44249"}],"wp:attachment":[{"href":"https:\/\/www.xn--tuksimaailm-ffb.ee\/fi\/wp-json\/wp\/v2\/media?parent=41189"}],"wp:term":[{"taxonomy":"product_brand","embeddable":true,"href":"https:\/\/www.xn--tuksimaailm-ffb.ee\/fi\/wp-json\/wp\/v2\/product_brand?post=41189"},{"taxonomy":"product_cat","embeddable":true,"href":"https:\/\/www.xn--tuksimaailm-ffb.ee\/fi\/wp-json\/wp\/v2\/product_cat?post=41189"},{"taxonomy":"product_tag","embeddable":true,"href":"https:\/\/www.xn--tuksimaailm-ffb.ee\/fi\/wp-json\/wp\/v2\/product_tag?post=41189"},{"taxonomy":"filter_elektritoukeratas","embeddable":true,"href":"https:\/\/www.xn--tuksimaailm-ffb.ee\/fi\/wp-json\/wp\/v2\/filter_elektritoukeratas?post=41189"}],"curies":[{"name":"wp","href":"https:\/\/api.w.org\/{rel}","templated":true}]}}