{"id":41219,"date":"2022-07-29T10:57:05","date_gmt":"2022-07-29T10:57:05","guid":{"rendered":"http:\/\/www.xn--tuksimaailm-ffb.ee\/shop\/dualtron-mini-dual-brake-sahkopotkulauta\/"},"modified":"2024-11-08T12:24:39","modified_gmt":"2024-11-08T09:24:39","slug":"dualtron-mini-dual-brake-sahkopotkulauta","status":"publish","type":"product","link":"https:\/\/www.xn--tuksimaailm-ffb.ee\/fi\/shop\/dualtron-mini-dual-brake-sahkopotkulauta\/","title":{"rendered":"Dualtron Mini Dual Brake s\u00e4hk\u00f6potkulauta"},"content":{"rendered":"<h2 style=\"text-align: center;\">DUALTRON MINI DUAL BRAKE S\u00c4HK\u00d6POTKULAUTA - TUOTEKUVAUS<\/h2>\n<p>Dualtron Mini on luultavasti kaikkein silm\u00e4\u00e4npist\u00e4vin pieni s\u00e4hk\u00f6potkulauta. Dualtron Mini <strong>Dual Brake<\/strong> -s\u00e4hk\u00f6skootteri on yksi Dualtron Mini -sarjan s\u00e4hk\u00f6skoottereista, joissa on <strong>kaksi jarrua<\/strong>. Mini on my\u00f6s edullisin Dualtron-merkkinen s\u00e4hk\u00f6skootteri, jonka voit ostaa. Mini-s\u00e4hk\u00f6skootteri kuuluu kooltaan <strong>\"ultrakompakti s\u00e4hk\u00f6skootteri\"<\/strong> -luokkaan, sill\u00e4 s\u00e4hk\u00f6skootteri taittuu pois jalustasta, jolloin se on eritt\u00e4in lyhyt ja kompakti.<\/p>\n<p>Minimotors Dualtron Mini Dual Brake -s\u00e4hk\u00f6potkulauta on saatavana <strong>17,5Ah akulla<\/strong>. Akku on valmistettu korkealaatuisista LG:n akkumoduuleista ja 17,5Ah akkuversiolla voi ajaa jopa <strong>55km<\/strong>. Dualtron Mini Dual Brake -s\u00e4hk\u00f6skootteri, jossa on 8,5 tuuman ilmarenkaat, on yll\u00e4tt\u00e4v\u00e4n mukava, sill\u00e4 molempiin py\u00f6riin on asennettu eritt\u00e4in tehokas jousitus. Kumpaankin py\u00f6r\u00e4\u00e4n on suunniteltu kaksi jousikiinnikett\u00e4 parhaan mahdollisen ajomukavuuden varmistamiseksi.<\/p>\n<p>Turvallisen pys\u00e4htymisen takaavat rumpujarrut edess\u00e4 ja takana, jotka ovat huoltovapaimpia jarruja eiv\u00e4tk\u00e4 vaadi s\u00e4\u00e4nn\u00f6llist\u00e4 s\u00e4\u00e4t\u00f6\u00e4 levyjarruihin verrattuna. Mini-s\u00e4hk\u00f6potkulauta on varustettu <strong>1000W:n<\/strong> harjattomalla tasavirtamoottorilla ja korkealla <strong>52V:n<\/strong> nimellisj\u00e4nnitteell\u00e4 varustetulla akulla, ja se on my\u00f6s nopea, sill\u00e4 se saavuttaa jopa <strong>25km\/h<\/strong> nopeuden.<img decoding=\"async\" class=\"wp-image-6738 aligncenter\" src=\"https:\/\/www.xn--tuksimaailm-ffb.ee\/wp-content\/uploads\/2021\/12\/mini-4a-300x141.png\" alt=\"dualtron mini elektrit\u00f5ukeratas elektriline t\u00f5ukeratas minimotors elektrilised t\u00f5ukerattad\" width=\"721\" height=\"339\" srcset=\"https:\/\/www.xn--tuksimaailm-ffb.ee\/wp-content\/uploads\/2021\/12\/mini-4a-300x141.png 300w, https:\/\/www.xn--tuksimaailm-ffb.ee\/wp-content\/uploads\/2021\/12\/mini-4a-768x362.png 768w, https:\/\/www.xn--tuksimaailm-ffb.ee\/wp-content\/uploads\/2021\/12\/mini-4a-611x288.png 611w, https:\/\/www.xn--tuksimaailm-ffb.ee\/wp-content\/uploads\/2021\/12\/mini-4a-600x282.png 600w, https:\/\/www.xn--tuksimaailm-ffb.ee\/wp-content\/uploads\/2021\/12\/mini-4a.png 822w\" sizes=\"(max-width: 721px) 100vw, 721px\" \/><\/p>\n<h2 style=\"text-align: center;\">DUALTRON MINI S\u00c4HK\u00d6POTKULAUTA - TYYLIN UUSI TASO<\/h2>\n<p>Minimotors on yksi maailman vanhimmista yrityksist\u00e4, joka kehitt\u00e4\u00e4 ja valmistaa pieni\u00e4 ja kevyit\u00e4 s\u00e4hk\u00f6skoottereita. Minimotors aloitti kehitysty\u00f6n jo vuonna 1999, ja sill\u00e4 oli teknologinen etumatka kilpailijoihinsa n\u00e4hden s\u00e4hk\u00f6isten kevyiden skoottereiden vallankumouksen alussa, ja se on kasvanut maailman tunnetuimmaksi s\u00e4hk\u00f6isten skoottereiden tuotemerkiksi. Dualtron Mini Dual Brake -s\u00e4hk\u00f6potkulauta n\u00e4ytt\u00e4\u00e4 kilpailijoihinsa verrattuna aivan toiselta. T\u00e4m\u00e4n s\u00e4hk\u00f6skootterin ulkoasussa on tyyli\u00e4, nopeat linjat ja ohjaimella s\u00e4\u00e4dett\u00e4v\u00e4t <strong>RGB-valot<\/strong> lis\u00e4\u00e4v\u00e4t ainutlaatuisuutta.<\/p>\n<p>S\u00e4hk\u00f6potkulaudan Mini-taittomekanismi on yksi markkinoiden vahvimmista t\u00e4m\u00e4ntyyppisist\u00e4 ratkaisuista. S\u00e4hk\u00f6potkulaudan taittaminen vie my\u00f6s hyvin v\u00e4h\u00e4n aikaa, eik\u00e4 se ole hankalaa, vaikka joutuisit kantamaan sit\u00e4 p\u00e4ivitt\u00e4in portaita yl\u00f6s. Minis\u00e4hk\u00f6skootteri on varustettu my\u00f6s kineettisen energian varastointij\u00e4rjestelm\u00e4ll\u00e4 (KERS). T\u00e4m\u00e4 j\u00e4rjestelm\u00e4 lataa akkua, kun s\u00e4hk\u00f6skootterin kuljettaja k\u00e4ytt\u00e4\u00e4 jarrutukseen s\u00e4hk\u00f6ist\u00e4 magneettijarrua.<\/p>\n<p>Dualtron Mini Dual Brake -s\u00e4hk\u00f6potkulauta, kuten kaikki muutkin nykyaikaiset Minimotors-s\u00e4hk\u00f6potkulautat, on varustettu EY3 (EYE) LCD-n\u00e4yt\u00f6ll\u00e4, joka varmistaa, ett\u00e4 k\u00e4ytt\u00e4j\u00e4 on aina tietoinen kaikesta, mit\u00e4 h\u00e4nen on tiedett\u00e4v\u00e4. N\u00e4yt\u00f6n avulla voidaan asettaa vakionopeudens\u00e4\u00e4din sek\u00e4 skootterin teho ja kiihtyvyys. EY3-n\u00e4ytt\u00f6\u00e4 arvostetaan my\u00f6s sen hyv\u00e4n kaasuvasteajan vuoksi.<\/p>\n<h2 style=\"text-align: center;\">ESITYS<\/h2>\n<p>Lain mukaan s\u00e4hk\u00f6isen skootterin valmistajan nopeus laatikosta on <strong>25km\/h<\/strong>. Mini-s\u00e4hk\u00f6skootterilla kest\u00e4\u00e4 vain sekunteja saavuttaa t\u00e4m\u00e4 nopeus (kantaen jopa <strong>100kg<\/strong>). Akun t\u00e4yteen lataaminen <strong>0-100%:sta kest\u00e4\u00e4 noin 10 tuntia<\/strong> s\u00e4hk\u00f6potkulaitteen laatikossa olevalla laturilla.<\/p>\n<p>Dualtron Mini Dual Brake -s\u00e4hk\u00f6skootteri on varustettu my\u00f6s etu- ja takavaloilla, joiden tarkoituksena ei ole valaista tiet\u00e4, vaan pikemminkin tehd\u00e4 ajoneuvo n\u00e4kyv\u00e4ksi muille tienk\u00e4ytt\u00e4jille. Pime\u00e4ll\u00e4 n\u00e4kyvyytt\u00e4 lis\u00e4\u00e4v\u00e4t my\u00f6s ohjausputken sivuille asennetut RGB-valot. Et\u00e4\u00e4mm\u00e4lle, s\u00e4hk\u00f6potkulautailijan omaan k\u00e4ytt\u00f6\u00f6n, on turvallisuussyist\u00e4 v\u00e4ltt\u00e4m\u00e4t\u00f6nt\u00e4 asentaa <a href=\"http:\/\/www.xn--tuksimaailm-ffb.ee\/tootesilt\/elektritoukeratta-lisatuled\/\">lis\u00e4valot<\/a> tien valaisemiseksi. <a href=\"http:\/\/www.xn--tuksimaailm-ffb.ee\/shop\/elektrilise-toukeratta-kiiver-led-tagatulega-smart-4u\/\">Kyp\u00e4r\u00e4n<\/a>\u00a0k\u00e4ytt\u00f6 on eritt\u00e4in suositeltavaa s\u00e4hk\u00f6potkulaudalla ajettaessa. Alle 16-vuotiailla s\u00e4hk\u00f6potkulautailijoilla kyp\u00e4r\u00e4n k\u00e4ytt\u00f6 on <a href=\"https:\/\/www.riigiteataja.ee\/akt\/113112020001\">lain<\/a> mukaan pakollista. Kaikki Minimotors Dualtron -s\u00e4hk\u00f6skootterit l\u00f6yd\u00e4t <a href=\"http:\/\/www.xn--tuksimaailm-ffb.ee\/tootekategooria\/elektritoukeratas\/\"><strong>t\u00e4\u00e4lt\u00e4<\/strong><\/a>.<\/p>\n<p><strong style=\"box-sizing: inherit; margin: 0px; padding: 0px; border: 0px; font-variant-numeric: inherit; font-variant-east-asian: inherit; font-stretch: inherit; font-size: 17px; line-height: inherit;\">Dualtron Mini Dual Brake -s\u00e4hk\u00f6potkulauta on Viron liikennelain mukainen katulupavalmisteinen kevyt skootteri, jonka valmistajan teho on 1000W ja valmistajan nopeus 25km\/h. HUOM: Jos k\u00e4ytt\u00e4j\u00e4 on itsen\u00e4isesti muuttanut s\u00e4hk\u00f6skootteria nopeammaksi tai tehokkaammaksi kuin edell\u00e4 mainitut parametrit, T\u00f5uksimaailm ei ole vastuussa lain rikkomisesta aiheutuvista sakoista, poliisin takavarikoimasta s\u00e4hk\u00f6skootterista tai mist\u00e4\u00e4n muustakaan rikkomisesta aiheutuneesta vahingosta.<\/strong><\/p>\n<table class=\"tg\" style=\"border-collapse: collapse; max-width: 600px; border-spacing: 0px; margin: 0px auto; width: 100%;\">\n<tbody>\n<tr>\n<td style=\"background-color: #e4e1e1; color: #333333; font-family: inherit; font-size: 14px; font-weight: bold; overflow: hidden; padding: 5px; text-align: center; vertical-align: top; word-break: normal; border: 1px solid; width: 99.7753%;\" colspan=\"2\">Tekniset tiedot<\/td>\n<\/tr>\n<tr>\n<td style=\"background-color: #e4e1e1; color: #333333; font-family: inherit; font-size: 14px; font-weight: bold; overflow: hidden; padding: 5px; text-align: right; vertical-align: top; word-break: normal; border: 1px solid; width: 60.8989%;\">Malli<\/td>\n<td style=\"font-family: inherit; font-size: 14px; overflow: hidden; padding: 5px; text-align: center; vertical-align: top; word-break: normal; border: 1px solid; width: 38.8764%;\">Minimotors Dualtron Mini Dual Brake<\/td>\n<\/tr>\n<tr>\n<td style=\"background-color: #e4e1e1; color: #333333; font-family: inherit; font-size: 14px; font-weight: bold; overflow: hidden; padding: 5px; text-align: right; vertical-align: top; word-break: normal; border: 1px solid; width: 60.8989%;\">Akku<\/td>\n<td style=\"font-family: inherit; font-size: 14px; overflow: hidden; padding: 5px; text-align: center; vertical-align: top; word-break: normal; border: 1px solid; width: 38.8764%;\">52V\/17,5Ah\/910Wh \u2013 LG 3200 akkumoduulit<\/td>\n<\/tr>\n<tr>\n<td style=\"background-color: #e4e1e1; color: #333333; font-family: inherit; font-size: 14px; font-weight: bold; overflow: hidden; padding: 5px; text-align: right; vertical-align: top; word-break: normal; border: 1px solid; width: 60.8989%;\">Moottorin teho<\/td>\n<td style=\"font-family: inherit; font-size: 14px; overflow: hidden; padding: 5px; text-align: center; vertical-align: top; word-break: normal; border: 1px solid; width: 38.8764%;\">1000W<\/td>\n<\/tr>\n<tr>\n<td style=\"background-color: #e4e1e1; color: #333333; font-family: inherit; font-size: 14px; font-weight: bold; overflow: hidden; padding: 5px; text-align: right; vertical-align: top; word-break: normal; border: 1px solid; width: 60.8989%;\">Ajomatka (ECO-tilassa), valmistajan m\u00e4\u00e4ritys | Laskettu ajomatka<\/td>\n<td style=\"font-family: inherit; font-size: 14px; overflow: hidden; padding: 5px; text-align: center; vertical-align: top; word-break: normal; border: 1px solid; width: 38.8764%;\">jopa 55km | <br \/>61km (25km\/h, 70kg kuljettaja, 15Wh\/km)<\/td>\n<\/tr>\n<tr>\n<td style=\"background-color: #e4e1e1; color: #333333; font-family: inherit; font-size: 14px; font-weight: bold; overflow: hidden; padding: 5px; text-align: right; vertical-align: top; word-break: normal; border: 1px solid; width: 60.8989%;\">Jarrut<\/td>\n<td style=\"font-family: inherit; font-size: 14px; overflow: hidden; padding: 5px; text-align: center; vertical-align: top; word-break: normal; border: 1px solid; width: 38.8764%;\">rumpujarru edess\u00e4 ja takana + magneettijarru<\/td>\n<\/tr>\n<tr>\n<td style=\"background-color: #e4e1e1; color: #333333; font-family: inherit; font-size: 14px; font-weight: bold; overflow: hidden; padding: 5px; text-align: right; vertical-align: top; word-break: normal; border: 1px solid; width: 60.8989%;\">Latausaika<\/td>\n<td style=\"font-family: inherit; font-size: 14px; overflow: hidden; padding: 5px; text-align: center; vertical-align: top; word-break: normal; border: 1px solid; width: 38.8764%;\">10h<\/td>\n<\/tr>\n<tr>\n<td style=\"background-color: #e4e1e1; color: #333333; font-family: inherit; font-size: 14px; font-weight: bold; overflow: hidden; padding: 5px; text-align: right; vertical-align: top; word-break: normal; border: 1px solid; width: 60.8989%;\">Painorajoitus<\/td>\n<td style=\"font-family: inherit; font-size: 14px; overflow: hidden; padding: 5px; text-align: center; vertical-align: top; word-break: normal; border: 1px solid; width: 38.8764%;\">100kg<\/td>\n<\/tr>\n<tr>\n<td style=\"background-color: #e4e1e1; color: #333333; font-family: inherit; font-size: 14px; font-weight: bold; overflow: hidden; padding: 5px; text-align: right; vertical-align: top; word-break: normal; border: 1px solid; width: 60.8989%;\">Muutettu nopeus virityksen j\u00e4lkeen<\/td>\n<td style=\"font-family: inherit; font-size: 14px; overflow: hidden; padding: 5px; text-align: center; vertical-align: top; word-break: normal; border: 1px solid; width: 38.8764%;\">25km\/h<\/td>\n<\/tr>\n<tr>\n<td style=\"background-color: #e4e1e1; color: #333333; font-family: inherit; font-size: 14px; font-weight: bold; overflow: hidden; padding: 5px; text-align: right; vertical-align: top; word-break: normal; border: 1px solid; width: 60.8989%;\">Tuotajanopeus<\/td>\n<td style=\"font-family: inherit; font-size: 14px; overflow: hidden; padding: 5px; text-align: center; vertical-align: top; word-break: normal; border: 1px solid; width: 38.8764%;\">25km\/h<\/td>\n<\/tr>\n<tr>\n<td style=\"background-color: #e4e1e1; color: #333333; font-family: inherit; font-size: 14px; font-weight: bold; overflow: hidden; padding: 5px; text-align: right; vertical-align: top; word-break: normal; border: 1px solid; width: 60.8989%;\">Paino<\/td>\n<td style=\"font-family: inherit; font-size: 14px; overflow: hidden; padding: 5px; text-align: center; vertical-align: top; word-break: normal; border: 1px solid; width: 38.8764%;\">22kg<\/td>\n<\/tr>\n<tr>\n<td style=\"background-color: #e4e1e1; color: #333333; font-family: inherit; font-size: 14px; font-weight: bold; overflow: hidden; padding: 5px; text-align: right; vertical-align: top; word-break: normal; border: 1px solid; width: 60.8989%;\">Renkaat<\/td>\n<td style=\"font-family: inherit; font-size: 14px; overflow: hidden; padding: 5px; text-align: center; vertical-align: top; word-break: normal; border: 1px solid; width: 38.8764%;\">8 1\/2\u00d72\u2033 \/ 8.5\u00d72.0\u2033 sis\u00e4kumilla ilmarenkaat<\/td>\n<\/tr>\n<tr>\n<td style=\"background-color: #e4e1e1; color: #333333; font-family: inherit; font-size: 14px; font-weight: bold; overflow: hidden; padding: 5px; text-align: right; vertical-align: top; word-break: normal; border: 1px solid; width: 60.8989%;\"><span class=\"HwtZe\" lang=\"fi\"><span class=\"jCAhz ChMk0b\"><span class=\"ryNqvb\">Iskunvaimentimet<\/span><\/span><\/span><\/td>\n<td style=\"font-family: inherit; font-size: 14px; overflow: hidden; padding: 5px; text-align: center; vertical-align: top; word-break: normal; border: 1px solid; width: 38.8764%;\">kaksoisjousitetut etu- ja takapy\u00f6r\u00e4t<\/td>\n<\/tr>\n<tr>\n<td style=\"background-color: #e4e1e1; color: #333333; font-family: inherit; font-size: 14px; font-weight: bold; overflow: hidden; padding: 5px; text-align: right; vertical-align: top; word-break: normal; border: 1px solid; width: 60.8989%;\">Valot<\/td>\n<td style=\"font-family: inherit; font-size: 14px; overflow: hidden; padding: 5px; text-align: center; vertical-align: top; word-break: normal; border: 1px solid; width: 38.8764%;\">RGB LED-valaistus s\u00e4\u00e4dett\u00e4viss\u00e4 ohjaimella<\/td>\n<\/tr>\n<tr>\n<td style=\"background-color: #e4e1e1; color: #333333; font-family: inherit; font-size: 14px; font-weight: bold; overflow: hidden; padding: 5px; text-align: right; vertical-align: top; word-break: normal; border: 1px solid; width: 60.8989%;\">Tien enim\u00e4iskaltevuus<\/td>\n<td style=\"font-family: inherit; font-size: 14px; overflow: hidden; padding: 5px; text-align: center; vertical-align: top; word-break: normal; border: 1px solid; width: 38.8764%;\">20%<\/td>\n<\/tr>\n<\/tbody>\n<\/table>\n","protected":false},"excerpt":{"rendered":"<p><a href=\"http:\/\/www.xn--tuksimaailm-ffb.ee\/kontakt\/\"><strong>L\u00f6ysitk\u00f6 paremman hinnan? Kirjoita meille, niin teemme sinulle paremman tarjouksen!<\/strong><\/a><\/p>\n<p><strong>Kaikki\u00a0<a href=\"http:\/\/www.xn--tuksimaailm-ffb.ee\/tootekategooria\/lisavarustus\/\">lis\u00e4varusteet<\/a>\u00a0ja\u00a0<a href=\"https:\/\/www.xn\u2014tuksimaailm-ffb.ee\/tootekategooria\/elektritoukeratta-varuosad\/\">varaosat<\/a> ovat\u00a0-20%, kun ne ostetaan s\u00e4hk\u00f6skootterin kanssa. Alennus otetaan automaattisesti k\u00e4ytt\u00f6\u00f6n, kun lis\u00e4\u00e4t sen ostoskoriin!<\/strong><\/p>\n<p><em><strong>Toimitusaika: 1-5tp<\/p>\n<p><\/strong><\/em><\/p>\n","protected":false},"featured_media":23885,"template":"","meta":[],"product_brand":[],"product_cat":[926],"product_tag":[],"filter_elektritoukeratas":[],"class_list":{"0":"post-41219","1":"product","2":"type-product","3":"status-publish","4":"has-post-thumbnail","6":"product_cat-sahkopotkulaudat-fi","7":"product_shipping_class-keskmine-pakk-fi","8":"pa_aku-mahutavus-wh-910-fi","9":"pa_kaal-kg-22-fi","10":"pa_kandevoime-kg-100-fi","11":"pa_labisoit-arvutuslik-km-61-fi","12":"pa_mootorite-arv-uhe-mootoriga-fi","13":"pa_muuja-platvormil-touksimaailm-exocool-ou-fi","14":"pa_piiramata-tippkiirus-kmh-25-fi","15":"pa_tootetuup-elektritoukeratas-fi","16":"pa_valmistaja-dualtron-fi","17":"pa_voimsus-w-1000-fi","19":"first","20":"instock","21":"sale","22":"taxable","23":"shipping-taxable","24":"purchasable","25":"product-type-simple"},"yoast_head":"<!-- This site is optimized with the Yoast SEO Premium plugin v26.8 (Yoast SEO v27.3) - https:\/\/yoast.com\/product\/yoast-seo-premium-wordpress\/ -->\n<title>Dualtron Mini Dual Brake s\u00e4hk\u00f6potkulauta | V\u00e4ike |T\u00f5uksimaailm<\/title>\n<meta name=\"description\" content=\"Dualtron Mini Dual Brake elektrit\u00f5ukeratas. Ilus elektriline t\u00f5ukeratas. Kompaktne, v\u00e4iksem kui teised Minimotors elektrilised t\u00f5ukerattad.\" \/>\n<meta name=\"robots\" content=\"index, follow, max-snippet:-1, max-image-preview:large, max-video-preview:-1\" \/>\n<link rel=\"canonical\" href=\"https:\/\/www.xn--tuksimaailm-ffb.ee\/fi\/shop\/dualtron-mini-dual-brake-sahkopotkulauta\/\" \/>\n<meta property=\"og:locale\" content=\"fi_FI\" \/>\n<meta property=\"og:type\" content=\"article\" \/>\n<meta property=\"og:title\" content=\"Dualtron Mini Dual Brake s\u00e4hk\u00f6potkulauta\" \/>\n<meta property=\"og:description\" content=\"Dualtron Mini Dual Brake elektrit\u00f5ukeratas. Ilus elektriline t\u00f5ukeratas. Kompaktne, v\u00e4iksem kui teised Minimotors elektrilised t\u00f5ukerattad.\" \/>\n<meta property=\"og:url\" content=\"https:\/\/www.xn--tuksimaailm-ffb.ee\/fi\/shop\/dualtron-mini-dual-brake-sahkopotkulauta\/\" \/>\n<meta property=\"og:site_name\" content=\"T\u00f5uksimaailm\" \/>\n<meta property=\"article:publisher\" content=\"https:\/\/www.facebook.com\/touksimaailm\/\" \/>\n<meta property=\"article:modified_time\" content=\"2024-11-08T09:24:39+00:00\" \/>\n<meta property=\"og:image\" content=\"https:\/\/www.xn--tuksimaailm-ffb.ee\/wp-content\/uploads\/2021\/12\/mini-1.png\" \/>\n\t<meta property=\"og:image:width\" content=\"773\" \/>\n\t<meta property=\"og:image:height\" content=\"798\" \/>\n\t<meta property=\"og:image:type\" content=\"image\/png\" \/>\n<meta name=\"twitter:card\" content=\"summary_large_image\" \/>\n<meta name=\"twitter:label1\" content=\"Hinta\" \/>\n\t<meta name=\"twitter:data1\" content=\"&euro;999.00\" \/>\n\t<meta name=\"twitter:label2\" content=\"Saatavuus\" \/>\n\t<meta name=\"twitter:data2\" content=\"Varastossa\" \/>\n<meta property=\"product:price:amount\" content=\"999.00\" \/>\n<meta property=\"product:price:currency\" content=\"EUR\" \/>\n<meta property=\"og:availability\" content=\"instock\" \/>\n<meta property=\"product:availability\" content=\"instock\" \/>\n<meta property=\"product:retailer_item_id\" content=\"DT_Mini-2\" \/>\n<meta property=\"product:condition\" content=\"new\" \/>\n<!-- \/ Yoast SEO Premium plugin. -->","yoast_head_json":{"title":"Dualtron Mini Dual Brake s\u00e4hk\u00f6potkulauta | V\u00e4ike |T\u00f5uksimaailm","description":"Dualtron Mini Dual Brake elektrit\u00f5ukeratas. Ilus elektriline t\u00f5ukeratas. Kompaktne, v\u00e4iksem kui teised Minimotors elektrilised t\u00f5ukerattad.","robots":{"index":"index","follow":"follow","max-snippet":"max-snippet:-1","max-image-preview":"max-image-preview:large","max-video-preview":"max-video-preview:-1"},"canonical":"https:\/\/www.xn--tuksimaailm-ffb.ee\/fi\/shop\/dualtron-mini-dual-brake-sahkopotkulauta\/","og_locale":"fi_FI","og_type":"article","og_title":"Dualtron Mini Dual Brake s\u00e4hk\u00f6potkulauta","og_description":"Dualtron Mini Dual Brake elektrit\u00f5ukeratas. Ilus elektriline t\u00f5ukeratas. Kompaktne, v\u00e4iksem kui teised Minimotors elektrilised t\u00f5ukerattad.","og_url":"https:\/\/www.xn--tuksimaailm-ffb.ee\/fi\/shop\/dualtron-mini-dual-brake-sahkopotkulauta\/","og_site_name":"T\u00f5uksimaailm","article_publisher":"https:\/\/www.facebook.com\/touksimaailm\/","article_modified_time":"2024-11-08T09:24:39+00:00","og_image":[{"width":773,"height":798,"url":"https:\/\/www.xn--tuksimaailm-ffb.ee\/wp-content\/uploads\/2021\/12\/mini-1.png","type":"image\/png"}],"twitter_card":"summary_large_image","twitter_misc":{"Hinta":"&euro;999.00","Saatavuus":"Varastossa"},"schema":{"@context":"https:\/\/schema.org","@graph":[{"@type":"WebPage","@id":"https:\/\/www.xn--tuksimaailm-ffb.ee\/fi\/shop\/dualtron-mini-dual-brake-sahkopotkulauta\/","url":"https:\/\/www.xn--tuksimaailm-ffb.ee\/fi\/shop\/dualtron-mini-dual-brake-sahkopotkulauta\/","name":"Dualtron Mini Dual Brake s\u00e4hk\u00f6potkulauta | V\u00e4ike |T\u00f5uksimaailm","isPartOf":{"@id":"https:\/\/www.xn--tuksimaailm-ffb.ee\/fi\/#website"},"primaryImageOfPage":{"@id":"https:\/\/www.xn--tuksimaailm-ffb.ee\/fi\/shop\/dualtron-mini-dual-brake-sahkopotkulauta\/#primaryimage"},"image":{"@id":"https:\/\/www.xn--tuksimaailm-ffb.ee\/fi\/shop\/dualtron-mini-dual-brake-sahkopotkulauta\/#primaryimage"},"thumbnailUrl":"https:\/\/www.xn--tuksimaailm-ffb.ee\/wp-content\/uploads\/2021\/12\/mini-1.png","datePublished":"2022-07-29T10:57:05+00:00","dateModified":"2024-11-08T09:24:39+00:00","description":"Dualtron Mini Dual Brake elektrit\u00f5ukeratas. Ilus elektriline t\u00f5ukeratas. Kompaktne, v\u00e4iksem kui teised Minimotors elektrilised t\u00f5ukerattad.","breadcrumb":{"@id":"https:\/\/www.xn--tuksimaailm-ffb.ee\/fi\/shop\/dualtron-mini-dual-brake-sahkopotkulauta\/#breadcrumb"},"inLanguage":"fi","potentialAction":[{"@type":"ReadAction","target":["https:\/\/www.xn--tuksimaailm-ffb.ee\/fi\/shop\/dualtron-mini-dual-brake-sahkopotkulauta\/"]}]},{"@type":"ImageObject","inLanguage":"fi","@id":"https:\/\/www.xn--tuksimaailm-ffb.ee\/fi\/shop\/dualtron-mini-dual-brake-sahkopotkulauta\/#primaryimage","url":"https:\/\/www.xn--tuksimaailm-ffb.ee\/wp-content\/uploads\/2021\/12\/mini-1.png","contentUrl":"https:\/\/www.xn--tuksimaailm-ffb.ee\/wp-content\/uploads\/2021\/12\/mini-1.png","width":773,"height":798,"caption":"dualtron mini elektrit\u00f5ukeratas elektriline t\u00f5ukeratas minimotors elektrilised t\u00f5ukerattad"},{"@type":"BreadcrumbList","@id":"https:\/\/www.xn--tuksimaailm-ffb.ee\/fi\/shop\/dualtron-mini-dual-brake-sahkopotkulauta\/#breadcrumb","itemListElement":[{"@type":"ListItem","position":1,"name":"Home","item":"https:\/\/www.xn--tuksimaailm-ffb.ee\/fi\/kotisivu\/"},{"@type":"ListItem","position":2,"name":"Kauppa","item":"https:\/\/www.xn--tuksimaailm-ffb.ee\/elektritoukerataste-pood\/"},{"@type":"ListItem","position":3,"name":"Dualtron Mini Dual Brake s\u00e4hk\u00f6potkulauta"}]},{"@type":"WebSite","@id":"https:\/\/www.xn--tuksimaailm-ffb.ee\/fi\/#website","url":"https:\/\/www.xn--tuksimaailm-ffb.ee\/fi\/","name":"T\u00f5uksimaailm","description":"Elektrit\u00f5ukerataste m\u00fc\u00fck, remont ja rent","publisher":{"@id":"https:\/\/www.xn--tuksimaailm-ffb.ee\/fi\/#organization"},"potentialAction":[{"@type":"SearchAction","target":{"@type":"EntryPoint","urlTemplate":"https:\/\/www.xn--tuksimaailm-ffb.ee\/fi\/?s={search_term_string}"},"query-input":{"@type":"PropertyValueSpecification","valueRequired":true,"valueName":"search_term_string"}}],"inLanguage":"fi"},{"@type":"Organization","@id":"https:\/\/www.xn--tuksimaailm-ffb.ee\/fi\/#organization","name":"T\u00f5uksimaailm","url":"https:\/\/www.xn--tuksimaailm-ffb.ee\/fi\/","logo":{"@type":"ImageObject","inLanguage":"fi","@id":"https:\/\/www.xn--tuksimaailm-ffb.ee\/fi\/#\/schema\/logo\/image\/","url":"https:\/\/www.xn--tuksimaailm-ffb.ee\/wp-content\/uploads\/2020\/01\/logoz-e1579792875517.png","contentUrl":"https:\/\/www.xn--tuksimaailm-ffb.ee\/wp-content\/uploads\/2020\/01\/logoz-e1579792875517.png","width":250,"height":250,"caption":"T\u00f5uksimaailm"},"image":{"@id":"https:\/\/www.xn--tuksimaailm-ffb.ee\/fi\/#\/schema\/logo\/image\/"},"sameAs":["https:\/\/www.facebook.com\/touksimaailm\/","https:\/\/www.instagram.com\/touksimaailm_\/","https:\/\/www.youtube.com\/channel\/UC18ml0EKIDLP1xGuQjFzcXQ"]}]},"product_price_amount":"999.00","product_price_currency":"EUR","og_availability":"instock","product_availability":"instock","product_retailer_item_id":"DT_Mini-2","product_condition":"new"},"jetpack_sharing_enabled":true,"_links":{"self":[{"href":"https:\/\/www.xn--tuksimaailm-ffb.ee\/fi\/wp-json\/wp\/v2\/product\/41219","targetHints":{"allow":["GET"]}}],"collection":[{"href":"https:\/\/www.xn--tuksimaailm-ffb.ee\/fi\/wp-json\/wp\/v2\/product"}],"about":[{"href":"https:\/\/www.xn--tuksimaailm-ffb.ee\/fi\/wp-json\/wp\/v2\/types\/product"}],"wp:featuredmedia":[{"embeddable":true,"href":"https:\/\/www.xn--tuksimaailm-ffb.ee\/fi\/wp-json\/wp\/v2\/media\/23885"}],"wp:attachment":[{"href":"https:\/\/www.xn--tuksimaailm-ffb.ee\/fi\/wp-json\/wp\/v2\/media?parent=41219"}],"wp:term":[{"taxonomy":"product_brand","embeddable":true,"href":"https:\/\/www.xn--tuksimaailm-ffb.ee\/fi\/wp-json\/wp\/v2\/product_brand?post=41219"},{"taxonomy":"product_cat","embeddable":true,"href":"https:\/\/www.xn--tuksimaailm-ffb.ee\/fi\/wp-json\/wp\/v2\/product_cat?post=41219"},{"taxonomy":"product_tag","embeddable":true,"href":"https:\/\/www.xn--tuksimaailm-ffb.ee\/fi\/wp-json\/wp\/v2\/product_tag?post=41219"},{"taxonomy":"filter_elektritoukeratas","embeddable":true,"href":"https:\/\/www.xn--tuksimaailm-ffb.ee\/fi\/wp-json\/wp\/v2\/filter_elektritoukeratas?post=41219"}],"curies":[{"name":"wp","href":"https:\/\/api.w.org\/{rel}","templated":true}]}}