{"id":41220,"date":"2022-07-29T10:06:09","date_gmt":"2022-07-29T10:06:09","guid":{"rendered":"http:\/\/www.xn--tuksimaailm-ffb.ee\/shop\/dualtron-achilleus-sahkopotkulauta\/"},"modified":"2024-11-08T12:32:07","modified_gmt":"2024-11-08T09:32:07","slug":"dualtron-achilleus-sahkopotkulauta","status":"publish","type":"product","link":"https:\/\/www.xn--tuksimaailm-ffb.ee\/fi\/shop\/dualtron-achilleus-sahkopotkulauta\/","title":{"rendered":"Dualtron Achilleus s\u00e4hkopotkulauta"},"content":{"rendered":"<h2 style=\"text-align: center;\">DUALTRON ACHILLEUS S\u00c4HK\u00d6POTKULAUTA - TUOTEKUVAUS<\/h2>\n<p>Dualtron Achilleus on <a href=\"https:\/\/dualtron-shop.com\/product\/dualtron-thunder\/\"><strong>Dualtron Thunder<\/strong><\/a> -superpotkulaudan pikkuveli. Dualtron Achilles on tyylik\u00e4s s\u00e4hk\u00f6potkulauta, jossa on suurikapasiteettinen akku, pienempi kuin isoveljens\u00e4, mutta silti eritt\u00e4in suuri. Korkea sy\u00f6tt\u00f6j\u00e4nnite auttaa moottoreita kehitt\u00e4m\u00e4\u00e4n paljon tehoa, mik\u00e4 antaa Achilleus-s\u00e4hk\u00f6skootterille voimakkaan kiihtyvyyden ja suuren huippunopeuden.<strong> 60V\/35Ah<\/strong> akulla varustettu Dualtron Achilleus on yksi suurimmista saatavilla olevista akulla varustetuista s\u00e4hk\u00f6skoottereista, ja 75kg painava kuljettaja voi odottaa kulkevansa jopa <strong>120km<\/strong> yhdell\u00e4 latauksella ECO-tilassa tasaisella, hitaalla nopeudella. Ainoastaan Minimotorsin muut s\u00e4hk\u00f6skootterit, Dualtron Thunder, <a href=\"http:\/\/www.xn--tuksimaailm-ffb.ee\/shop\/dualtron-x2-elektritoukeratas\/\"><strong>Dualtron X2<\/strong><\/a> ja <a href=\"http:\/\/www.xn--tuksimaailm-ffb.ee\/shop\/dualtron-storm-limited-elektritoukeratas\/\"><strong>Storm Limited<\/strong><\/a>, pystyv\u00e4t tarjoamaan suuremman toimintas\u00e4teen viel\u00e4 suuremmilla akuilla .<\/p>\n<p>Eritt\u00e4in tehokkaat moottorit tuottavat <strong>1000W:n<\/strong> kokonaistehon, ja nopeus voi olla jopa<strong> 25km\/h<\/strong>. Silmiinpist\u00e4v\u00e4 muotoilu ei j\u00e4\u00e4 kadulla huomaamatta. Achilleus-s\u00e4hk\u00f6potkulauta on saatavana kahdessa eri v\u00e4riss\u00e4 - musta ja musta\/punainen. Pime\u00e4ss\u00e4 Achilleus erottuu kannen, keinujen ja ohjausputken <strong>synkronoiduilla RGB-valoilla<\/strong>. Valoja voidaan ohjata k\u00e4ytt\u00e4j\u00e4yst\u00e4v\u00e4llisell\u00e4 ohjaustangossa olevalla valo- ja ajotilan kytkinmoduulilla, joka on my\u00f6s eritt\u00e4in hyv\u00e4nn\u00e4k\u00f6inen ja laadultaan vankka.<\/p>\n<h2 style=\"text-align: center;\">MINIMOTORS DUALTRON ACHILLEUS S\u00c4HK\u00d6POTKULAUTA - MYYTTINEN SANKARI<\/h2>\n<p>Minimotors on vanhin s\u00e4hk\u00f6potkulautojen tuotemerkki, joka on alkanut kehitt\u00e4\u00e4 kevyit\u00e4 s\u00e4hk\u00f6potkulautoja viime vuosisadan lopulla. Jo vuonna 2015 heist\u00e4 tuli ensimm\u00e4isen kaksipy\u00f6r\u00e4isen s\u00e4hk\u00f6skootterin kehitt\u00e4j\u00e4t, ja he nimesiv\u00e4t koneen Dualtroniksi, josta on tullut monille synonyymi er\u00e4\u00e4nlaiselle \"superskooteriksi\". Dualtron Achilleus -s\u00e4hk\u00f6skootteri on s\u00e4hk\u00f6inen skootteri, jossa on taakse asennettu ja ensimm\u00e4inen <strong>500W:n<\/strong> tasavirtamoottori (BLDC). N\u00e4iden moottoreiden ansiosta s\u00e4hk\u00f6potkulauta saavuttaa <strong>1000W:n<\/strong> kokonaistehon.<\/p>\n<p>Eritt\u00e4in leve\u00e4t,<strong> 11-tuumaiset letkuttomat renkaat<\/strong>, jotka on varustettu my\u00f6s <strong>puhkeamisen kest\u00e4v\u00e4ll\u00e4 tekniikalla<\/strong>, tekev\u00e4t ajamisesta turvallisempaa. Renkaan sis\u00e4puolelle liimattu elastinen puhkeamisen kest\u00e4v\u00e4 kerros sulkee puhkeaman ja est\u00e4\u00e4 ilman p\u00e4\u00e4syn ulos, vaikka rengas puhkeaisi kokonaan. Kuten kaikissa Minimotors Dualtron -s\u00e4hk\u00f6potkulautoissa, Dualtron Achilleus -s\u00e4hk\u00f6potkulauta on varustettu jousituspuomissa alemmalla iskunvaimentimella, joka v\u00e4hent\u00e4\u00e4 ajamisen aikana esiintyv\u00e4\u00e4 t\u00e4rin\u00e4\u00e4, sek\u00e4 kokoontaitettavalla jousituspuomilla.<\/p>\n<h2 style=\"text-align: center;\">ESITYS<\/h2>\n<p>Valmistajan ilmoittama nopeus on <strong>25km\/h<\/strong>, ja Dualtron Achilleus -s\u00e4hk\u00f6potkulauta pystyy saavuttamaan t\u00e4m\u00e4n nopeuden ilman suurempia ponnisteluja. Se pystyy t\u00e4h\u00e4n my\u00f6s raskaita kuormia kantaessaan - valmistaja on asettanut Achilleus-s\u00e4hk\u00f6skootterin painorajaksi <strong>120kg<\/strong>. Skootteri pystyy kiipe\u00e4m\u00e4\u00e4n m\u00e4ki\u00e4, joiden <strong>kaltevuus on jopa<\/strong> <strong>40%<\/strong>. Dualtron Achilleus -s\u00e4hk\u00f6skootteri on varustettu suurilla <strong>160mm:n<\/strong> jarrupy\u00f6rill\u00e4 ja hydraulisilla levyjarruilla, jotka ovat <strong>NUTT-merkin<\/strong>, s\u00e4hk\u00f6skoottereiden maailman arvostetuimman merkin, valmistamia. Kaikki Minimotors Dualtron -s\u00e4hk\u00f6skootterit on varustettu patentoidulla jarrujen <strong>ABS-j\u00e4rjestelm\u00e4ll\u00e4<\/strong>, joka est\u00e4\u00e4 moottoreita luistamasta (lukkiutumasta) magneettijarrua k\u00e4ytett\u00e4ess\u00e4.<\/p>\n<p>Laadukkaista <strong>LG 21700<\/strong> -akkumoduuleista valmistettu<strong> 35Ah \/ 2100Wh<\/strong> -akku kest\u00e4\u00e4 <strong>18 tuntia<\/strong> latautua t\u00e4yteen s\u00e4hk\u00f6skootterin laatikossa mukana tulevalla laturilla. Ei kuitenkaan syyt\u00e4 huoleen, sill\u00e4 onneksi Minimotors on onnistuneesti ratkaissut t\u00e4m\u00e4n ongelman ja pikalaturin kanssa lataus kest\u00e4\u00e4 vain <strong>7 tuntia<\/strong>.<\/p>\n<h2 style=\"text-align: center;\">Valot, turvallisuus ja suojaus<\/h2>\n<p>Dualtron Achilleus -s\u00e4hk\u00f6potkulauta on varustettu jalustaan asennetuilla ajovaloilla, jotka valaisevat tiet\u00e4 eteenp\u00e4in. Tien parempaa valaistusta varten suosittelemme <a href=\"http:\/\/www.xn--tuksimaailm-ffb.ee\/tootesilt\/elektritoukeratta-lisatuled\/\">lis\u00e4valoa<\/a>. Etu- ja takavalojen lis\u00e4ksi kaikki Dualtronin uuden sukupolven skootterit on varustettu suuntavilkuilla ja h\u00e4t\u00e4vilkuilla. Koska Dualtron Thunder 2 on enemm\u00e4n moottoripy\u00f6r\u00e4 kuin s\u00e4hk\u00f6skootteri, on hyv\u00e4 k\u00e4ytt\u00e4\u00e4 moottoripy\u00f6r\u00e4n kaltaisia varusteita ajettaessa. Pid\u00e4 aina <a href=\"http:\/\/www.xn--tuksimaailm-ffb.ee\/shop\/elektrilise-toukeratta-kiiver-led-tagatulega-smart-4u\/\">kyp\u00e4r\u00e4\u00e4<\/a> p\u00e4\u00e4ss\u00e4si, mieluiten \"kokokyp\u00e4r\u00e4\u00e4\", jossa on leukasuoja. On my\u00f6s suositeltavaa k\u00e4ytt\u00e4\u00e4 putoamiselta suojaavaa vaatetusta, kuten housuja ja takkeja, joissa on integroitu suoja (moottoripy\u00f6r\u00e4varusteet). Alle 16-vuotiaille s\u00e4hk\u00f6potkulautailijoille kyp\u00e4r\u00e4n k\u00e4ytt\u00f6 ajon aikana on <a href=\"https:\/\/www.riigiteataja.ee\/akt\/113112020001\">lain<\/a> mukaan pakollista. Kaikki Minimotors Dualtron -s\u00e4hk\u00f6skootterit l\u00f6yd\u00e4t <a href=\"http:\/\/www.xn--tuksimaailm-ffb.ee\/tootekategooria\/elektritoukeratas\/\"><strong>t\u00e4\u00e4lt\u00e4<\/strong><\/a>.<\/p>\n<p><strong style=\"box-sizing: inherit; margin: 0px; padding: 0px; border: 0px; font-variant-numeric: inherit; font-variant-east-asian: inherit; font-stretch: inherit; font-size: 17px; line-height: inherit;\">Dualtron Achilleus -s\u00e4hk\u00f6potkulauta on Viron liikennelain mukainen katulain mukainen kevytliikkuvuuspotkulauta, jonka valmistajan teho on 1000W ja valmistajan nopeus 25km\/h. HUOM: Jos k\u00e4ytt\u00e4j\u00e4 on itsen\u00e4isesti muuttanut s\u00e4hk\u00f6potkulautaa nopeammaksi tai tehokkaammaksi kuin edell\u00e4 mainitut parametrit, T\u00f5uksimaailm ei ole vastuussa lain rikkomisesta aiheutuvista sakoista, s\u00e4hk\u00f6potkulautan takavarikoimisesta poliisin toimesta tai mist\u00e4\u00e4n muustakaan rikkomisesta aiheutuneesta vahingosta.<\/strong><\/p>\n<table class=\"tg\" style=\"border-collapse: collapse; max-width: 600px; border-spacing: 0; margin: 0px auto;\">\n<tbody>\n<tr>\n<td style=\"background-color: #e4e1e1; color: #333333; font-family: inherit; font-size: 14px; font-weight: bold; overflow: hidden; padding: 5px 5px; text-align: center; vertical-align: top; word-break: normal; border: 1px solid;\" colspan=\"2\">Tekniset tiedot<\/td>\n<\/tr>\n<tr>\n<td style=\"background-color: #e4e1e1; color: #333333; font-family: inherit; font-size: 14px; font-weight: bold; overflow: hidden; padding: 5px 5px; text-align: right; vertical-align: top; word-break: normal; border: 1px solid;\">Malli<\/td>\n<td style=\"font-family: inherit; font-size: 14px; overflow: hidden; padding: 5px 5px; text-align: center; vertical-align: top; word-break: normal; border: 1px solid;\">Minimotors Dualtron Achilleus<\/td>\n<\/tr>\n<tr>\n<td style=\"background-color: #e4e1e1; color: #333333; font-family: inherit; font-size: 14px; font-weight: bold; overflow: hidden; padding: 5px 5px; text-align: right; vertical-align: top; word-break: normal; border: 1px solid;\">Akku<\/td>\n<td style=\"font-family: inherit; font-size: 14px; overflow: hidden; padding: 5px 5px; text-align: center; vertical-align: top; word-break: normal; border: 1px solid;\">60V\/35Ah\/2100Wh (LG 21700 akumoodulid) Li-Ion<\/td>\n<\/tr>\n<tr>\n<td style=\"background-color: #e4e1e1; color: #333333; font-family: inherit; font-size: 14px; font-weight: bold; overflow: hidden; padding: 5px 5px; text-align: right; vertical-align: top; word-break: normal; border: 1px solid;\">Moottorin teho<\/td>\n<td style=\"font-family: inherit; font-size: 14px; overflow: hidden; padding: 5px 5px; text-align: center; vertical-align: top; word-break: normal; border: 1px solid;\">tuotajateho 1000W<\/td>\n<\/tr>\n<tr>\n<td style=\"background-color: #e4e1e1; color: #333333; font-family: inherit; font-size: 14px; font-weight: bold; overflow: hidden; padding: 5px 5px; text-align: right; vertical-align: top; word-break: normal; border: 1px solid;\">Ajomatka (ECO-tilassa), valmistajan m\u00e4\u00e4ritys | Laskettu ajomatka<\/td>\n<td style=\"font-family: inherit; font-size: 14px; overflow: hidden; padding: 5px 5px; text-align: center; vertical-align: top; word-break: normal; border: 1px solid;\">jopa 150km |<br \/>140km (25km\/h, 70kg kuljettaja, 15Wh\/km)<\/td>\n<\/tr>\n<tr>\n<td style=\"background-color: #e4e1e1; color: #333333; font-family: inherit; font-size: 14px; font-weight: bold; overflow: hidden; padding: 5px 5px; text-align: right; vertical-align: top; word-break: normal; border: 1px solid;\">Etujarru<\/td>\n<td style=\"font-family: inherit; font-size: 14px; overflow: hidden; padding: 5px 5px; text-align: center; vertical-align: top; word-break: normal; border: 1px solid;\">NUTT-merkkinen hydraulinen levyjarru (160mm) + magneettijarrut<\/td>\n<\/tr>\n<tr>\n<td style=\"background-color: #e4e1e1; color: #333333; font-family: inherit; font-size: 14px; font-weight: bold; overflow: hidden; padding: 5px 5px; text-align: right; vertical-align: top; word-break: normal; border: 1px solid;\">Takajarru<\/td>\n<td style=\"font-family: inherit; font-size: 14px; overflow: hidden; padding: 5px 5px; text-align: center; vertical-align: top; word-break: normal; border: 1px solid;\">NUTT-merkkinen hydraulinen levyjarru (160mm) + magneettijarrut<\/td>\n<\/tr>\n<tr>\n<td style=\"background-color: #e4e1e1; color: #333333; font-family: inherit; font-size: 14px; font-weight: bold; overflow: hidden; padding: 5px 5px; text-align: right; vertical-align: top; word-break: normal; border: 1px solid;\">Latausaika<\/td>\n<td style=\"font-family: inherit; font-size: 14px; overflow: hidden; padding: 5px 5px; text-align: center; vertical-align: top; word-break: normal; border: 1px solid;\">18h (standard laturi \u2013 mukaan); 7h (pikalaturilla)<\/td>\n<\/tr>\n<tr>\n<td style=\"background-color: #e4e1e1; color: #333333; font-family: inherit; font-size: 14px; font-weight: bold; overflow: hidden; padding: 5px 5px; text-align: right; vertical-align: top; word-break: normal; border: 1px solid;\">Painorajoitus<\/td>\n<td style=\"font-family: inherit; font-size: 14px; overflow: hidden; padding: 5px 5px; text-align: center; vertical-align: top; word-break: normal; border: 1px solid;\">120kg<\/td>\n<\/tr>\n<tr>\n<td style=\"background-color: #e4e1e1; color: #333333; font-family: inherit; font-size: 14px; font-weight: bold; overflow: hidden; padding: 5px 5px; text-align: right; vertical-align: top; word-break: normal; border: 1px solid;\">Muutettu nopeus virityksen j\u00e4lkeen<\/td>\n<td style=\"font-family: inherit; font-size: 14px; overflow: hidden; padding: 5px 5px; text-align: center; vertical-align: top; word-break: normal; border: 1px solid;\">25km\/h<\/td>\n<\/tr>\n<tr>\n<td style=\"background-color: #e4e1e1; color: #333333; font-family: inherit; font-size: 14px; font-weight: bold; overflow: hidden; padding: 5px 5px; text-align: right; vertical-align: top; word-break: normal; border: 1px solid;\">Tuotajanopeus<\/td>\n<td style=\"font-family: inherit; font-size: 14px; overflow: hidden; padding: 5px 5px; text-align: center; vertical-align: top; word-break: normal; border: 1px solid;\">25km\/h<\/td>\n<\/tr>\n<tr>\n<td style=\"background-color: #e4e1e1; color: #333333; font-family: inherit; font-size: 14px; font-weight: bold; overflow: hidden; padding: 5px 5px; text-align: right; vertical-align: top; word-break: normal; border: 1px solid;\">Paino<\/td>\n<td style=\"font-family: inherit; font-size: 14px; overflow: hidden; padding: 5px 5px; text-align: center; vertical-align: top; word-break: normal; border: 1px solid;\">40.2kg<\/td>\n<\/tr>\n<tr>\n<td style=\"background-color: #e4e1e1; color: #333333; font-family: inherit; font-size: 14px; font-weight: bold; overflow: hidden; padding: 5px 5px; text-align: right; vertical-align: top; word-break: normal; border: 1px solid;\">Renkaat<\/td>\n<td style=\"font-family: inherit; font-size: 14px; overflow: hidden; padding: 5px 5px; text-align: center; vertical-align: top; word-break: normal; border: 1px solid;\">11\u2033 tubeless\u00a0(ilman sis\u00e4kumia) leve\u00e4t ilmakumirenkaat.<\/td>\n<\/tr>\n<tr>\n<td style=\"background-color: #e4e1e1; color: #333333; font-family: inherit; font-size: 14px; font-weight: bold; overflow: hidden; padding: 5px 5px; text-align: right; vertical-align: top; word-break: normal; border: 1px solid;\"><span class=\"HwtZe\" lang=\"fi\"><span class=\"jCAhz ChMk0b\"><span class=\"ryNqvb\">Iskunvaimentimet<\/span><\/span><\/span><\/td>\n<td style=\"font-family: inherit; font-size: 14px; overflow: hidden; padding: 5px 5px; text-align: center; vertical-align: top; word-break: normal; border: 1px solid;\">kumiholkkikasetit - 5 eri j\u00e4ykkyytt\u00e4<\/td>\n<\/tr>\n<tr>\n<td style=\"background-color: #e4e1e1; color: #333333; font-family: inherit; font-size: 14px; font-weight: bold; overflow: hidden; padding: 5px 5px; text-align: right; vertical-align: top; word-break: normal; border: 1px solid;\">Valot<\/td>\n<td style=\"font-family: inherit; font-size: 14px; overflow: hidden; padding: 5px 5px; text-align: center; vertical-align: top; word-break: normal; border: 1px solid;\">LED-jarruvalot, h\u00e4t\u00e4vilkut, suuntavilkut<\/td>\n<\/tr>\n<tr>\n<td style=\"background-color: #e4e1e1; color: #333333; font-family: inherit; font-size: 14px; font-weight: bold; overflow: hidden; padding: 5px 5px; text-align: right; vertical-align: top; word-break: normal; border: 1px solid;\">Tien enim\u00e4iskaltevuus<\/td>\n<td style=\"font-family: inherit; font-size: 14px; overflow: hidden; padding: 5px 5px; text-align: center; vertical-align: top; word-break: normal; border: 1px solid;\">40%<\/td>\n<\/tr>\n<\/tbody>\n<\/table>\n","protected":false},"excerpt":{"rendered":"<p><a href=\"http:\/\/www.xn--tuksimaailm-ffb.ee\/kontakt\/\"><strong>L\u00f6ysitk\u00f6 paremman hinnan? Kirjoita meille, niin teemme sinulle paremman tarjouksen!<\/strong><\/a><\/p>\n<p><strong>Kaikki\u00a0<a href=\"http:\/\/www.xn--tuksimaailm-ffb.ee\/tootekategooria\/lisavarustus\/\">lis\u00e4varusteet<\/a>\u00a0ja\u00a0<a href=\"https:\/\/www.xn\u2014tuksimaailm-ffb.ee\/tootekategooria\/elektritoukeratta-varuosad\/\">varaosat<\/a> ovat\u00a0-20%, kun ne ostetaan s\u00e4hk\u00f6skootterin kanssa. Alennus otetaan automaattisesti k\u00e4ytt\u00f6\u00f6n, kun lis\u00e4\u00e4t sen ostoskoriin!<\/strong><\/p>\n<p><em><strong>Toimitusaika: 1-5tp<\/p>\n<p><\/strong><\/em><\/p>\n","protected":false},"featured_media":25331,"template":"","meta":[],"product_brand":[],"product_cat":[926],"product_tag":[],"filter_elektritoukeratas":[],"class_list":{"0":"post-41220","1":"product","2":"type-product","3":"status-publish","4":"has-post-thumbnail","6":"product_cat-sahkopotkulaudat-fi","7":"product_shipping_class-keskmine-pakk-fi","8":"pa_aku-mahutavus-wh-2100-fi","9":"pa_colour-musta","10":"pa_colour-musta-punainen","11":"pa_kaal-kg-48-fi","12":"pa_kandevoime-kg-120-fi","13":"pa_labisoit-arvutuslik-km-140-fi","14":"pa_mootorite-arv-kahdella-moottorilla","15":"pa_muuja-platvormil-touksimaailm-exocool-ou-fi","16":"pa_piiramata-tippkiirus-kmh-25-fi","17":"pa_tootetuup-elektritoukeratas-fi","18":"pa_valmistaja-dualtron-fi","19":"pa_voimsus-w-1000-fi","21":"first","22":"instock","23":"sale","24":"taxable","25":"shipping-taxable","26":"purchasable","27":"product-type-variable"},"yoast_head":"<!-- This site is optimized with the Yoast SEO Premium plugin v26.8 (Yoast SEO v27.5) - https:\/\/yoast.com\/product\/yoast-seo-premium-wordpress\/ -->\n<title>Dualtron Achilleus s\u00e4hkopotkulauta | T\u00f5uksimaailm | M\u00fc\u00fck<\/title>\n<meta name=\"description\" content=\"Dualtron Achilleus elektrit\u00f5ukeratas. T\u00f5eline 60V akuga 1000W v\u00f5imsusega elektriline t\u00f5ukeratas. Minimotors elektrit\u00f5ukerattad.\" \/>\n<meta name=\"robots\" content=\"index, follow, max-snippet:-1, max-image-preview:large, max-video-preview:-1\" \/>\n<link rel=\"canonical\" href=\"https:\/\/www.xn--tuksimaailm-ffb.ee\/fi\/shop\/dualtron-achilleus-sahkopotkulauta\/\" \/>\n<meta property=\"og:locale\" content=\"fi_FI\" \/>\n<meta property=\"og:type\" content=\"article\" \/>\n<meta property=\"og:title\" content=\"Dualtron Achilleus s\u00e4hkopotkulauta\" \/>\n<meta property=\"og:description\" content=\"Dualtron Achilleus elektrit\u00f5ukeratas. T\u00f5eline 60V akuga 1000W v\u00f5imsusega elektriline t\u00f5ukeratas. Minimotors elektrit\u00f5ukerattad.\" \/>\n<meta property=\"og:url\" content=\"https:\/\/www.xn--tuksimaailm-ffb.ee\/fi\/shop\/dualtron-achilleus-sahkopotkulauta\/\" \/>\n<meta property=\"og:site_name\" content=\"T\u00f5uksimaailm\" \/>\n<meta property=\"article:publisher\" content=\"https:\/\/www.facebook.com\/touksimaailm\/\" \/>\n<meta property=\"article:modified_time\" content=\"2024-11-08T09:32:07+00:00\" \/>\n<meta property=\"og:image\" content=\"https:\/\/www.xn--tuksimaailm-ffb.ee\/wp-content\/uploads\/2022\/07\/Dualtron-Achilleus-Powerful-Fast-Electric-Scooter.jpg\" \/>\n\t<meta property=\"og:image:width\" content=\"1500\" \/>\n\t<meta property=\"og:image:height\" content=\"1500\" \/>\n\t<meta property=\"og:image:type\" content=\"image\/jpeg\" \/>\n<meta name=\"twitter:card\" content=\"summary_large_image\" \/>\n<meta name=\"twitter:label1\" content=\"Saatavuus\" \/>\n\t<meta name=\"twitter:data1\" content=\"Varastossa\" \/>\n<meta property=\"og:availability\" content=\"instock\" \/>\n<meta property=\"product:availability\" content=\"instock\" \/>\n<meta property=\"product:retailer_item_id\" content=\"Achilleus_1-1\" \/>\n<meta property=\"product:condition\" content=\"new\" \/>\n<!-- \/ Yoast SEO Premium plugin. -->","yoast_head_json":{"title":"Dualtron Achilleus s\u00e4hkopotkulauta | T\u00f5uksimaailm | M\u00fc\u00fck","description":"Dualtron Achilleus elektrit\u00f5ukeratas. T\u00f5eline 60V akuga 1000W v\u00f5imsusega elektriline t\u00f5ukeratas. Minimotors elektrit\u00f5ukerattad.","robots":{"index":"index","follow":"follow","max-snippet":"max-snippet:-1","max-image-preview":"max-image-preview:large","max-video-preview":"max-video-preview:-1"},"canonical":"https:\/\/www.xn--tuksimaailm-ffb.ee\/fi\/shop\/dualtron-achilleus-sahkopotkulauta\/","og_locale":"fi_FI","og_type":"article","og_title":"Dualtron Achilleus s\u00e4hkopotkulauta","og_description":"Dualtron Achilleus elektrit\u00f5ukeratas. T\u00f5eline 60V akuga 1000W v\u00f5imsusega elektriline t\u00f5ukeratas. Minimotors elektrit\u00f5ukerattad.","og_url":"https:\/\/www.xn--tuksimaailm-ffb.ee\/fi\/shop\/dualtron-achilleus-sahkopotkulauta\/","og_site_name":"T\u00f5uksimaailm","article_publisher":"https:\/\/www.facebook.com\/touksimaailm\/","article_modified_time":"2024-11-08T09:32:07+00:00","og_image":[{"width":1500,"height":1500,"url":"https:\/\/www.xn--tuksimaailm-ffb.ee\/wp-content\/uploads\/2022\/07\/Dualtron-Achilleus-Powerful-Fast-Electric-Scooter.jpg","type":"image\/jpeg"}],"twitter_card":"summary_large_image","twitter_misc":{"Saatavuus":"Varastossa"},"schema":{"@context":"https:\/\/schema.org","@graph":[{"@type":"WebPage","@id":"https:\/\/www.xn--tuksimaailm-ffb.ee\/fi\/shop\/dualtron-achilleus-sahkopotkulauta\/","url":"https:\/\/www.xn--tuksimaailm-ffb.ee\/fi\/shop\/dualtron-achilleus-sahkopotkulauta\/","name":"Dualtron Achilleus s\u00e4hkopotkulauta | T\u00f5uksimaailm | M\u00fc\u00fck","isPartOf":{"@id":"https:\/\/www.xn--tuksimaailm-ffb.ee\/fi\/#website"},"primaryImageOfPage":{"@id":"https:\/\/www.xn--tuksimaailm-ffb.ee\/fi\/shop\/dualtron-achilleus-sahkopotkulauta\/#primaryimage"},"image":{"@id":"https:\/\/www.xn--tuksimaailm-ffb.ee\/fi\/shop\/dualtron-achilleus-sahkopotkulauta\/#primaryimage"},"thumbnailUrl":"https:\/\/www.xn--tuksimaailm-ffb.ee\/wp-content\/uploads\/2022\/07\/Dualtron-Achilleus-Powerful-Fast-Electric-Scooter.jpg","datePublished":"2022-07-29T10:06:09+00:00","dateModified":"2024-11-08T09:32:07+00:00","description":"Dualtron Achilleus elektrit\u00f5ukeratas. T\u00f5eline 60V akuga 1000W v\u00f5imsusega elektriline t\u00f5ukeratas. Minimotors elektrit\u00f5ukerattad.","breadcrumb":{"@id":"https:\/\/www.xn--tuksimaailm-ffb.ee\/fi\/shop\/dualtron-achilleus-sahkopotkulauta\/#breadcrumb"},"inLanguage":"fi","potentialAction":[{"@type":"ReadAction","target":["https:\/\/www.xn--tuksimaailm-ffb.ee\/fi\/shop\/dualtron-achilleus-sahkopotkulauta\/"]}]},{"@type":"ImageObject","inLanguage":"fi","@id":"https:\/\/www.xn--tuksimaailm-ffb.ee\/fi\/shop\/dualtron-achilleus-sahkopotkulauta\/#primaryimage","url":"https:\/\/www.xn--tuksimaailm-ffb.ee\/wp-content\/uploads\/2022\/07\/Dualtron-Achilleus-Powerful-Fast-Electric-Scooter.jpg","contentUrl":"https:\/\/www.xn--tuksimaailm-ffb.ee\/wp-content\/uploads\/2022\/07\/Dualtron-Achilleus-Powerful-Fast-Electric-Scooter.jpg","width":1500,"height":1500,"caption":"elektriline t\u00f5ukeratas achilleus dualtron elektrit\u00f5ukeratas 5"},{"@type":"BreadcrumbList","@id":"https:\/\/www.xn--tuksimaailm-ffb.ee\/fi\/shop\/dualtron-achilleus-sahkopotkulauta\/#breadcrumb","itemListElement":[{"@type":"ListItem","position":1,"name":"Home","item":"https:\/\/www.xn--tuksimaailm-ffb.ee\/fi\/kotisivu\/"},{"@type":"ListItem","position":2,"name":"Kauppa","item":"https:\/\/www.xn--tuksimaailm-ffb.ee\/elektritoukerataste-pood\/"},{"@type":"ListItem","position":3,"name":"Dualtron Achilleus s\u00e4hkopotkulauta"}]},{"@type":"WebSite","@id":"https:\/\/www.xn--tuksimaailm-ffb.ee\/fi\/#website","url":"https:\/\/www.xn--tuksimaailm-ffb.ee\/fi\/","name":"T\u00f5uksimaailm","description":"Elektrit\u00f5ukerataste m\u00fc\u00fck, remont ja rent","publisher":{"@id":"https:\/\/www.xn--tuksimaailm-ffb.ee\/fi\/#organization"},"potentialAction":[{"@type":"SearchAction","target":{"@type":"EntryPoint","urlTemplate":"https:\/\/www.xn--tuksimaailm-ffb.ee\/fi\/?s={search_term_string}"},"query-input":{"@type":"PropertyValueSpecification","valueRequired":true,"valueName":"search_term_string"}}],"inLanguage":"fi"},{"@type":"Organization","@id":"https:\/\/www.xn--tuksimaailm-ffb.ee\/fi\/#organization","name":"T\u00f5uksimaailm","url":"https:\/\/www.xn--tuksimaailm-ffb.ee\/fi\/","logo":{"@type":"ImageObject","inLanguage":"fi","@id":"https:\/\/www.xn--tuksimaailm-ffb.ee\/fi\/#\/schema\/logo\/image\/","url":"https:\/\/www.xn--tuksimaailm-ffb.ee\/wp-content\/uploads\/2020\/01\/logoz-e1579792875517.png","contentUrl":"https:\/\/www.xn--tuksimaailm-ffb.ee\/wp-content\/uploads\/2020\/01\/logoz-e1579792875517.png","width":250,"height":250,"caption":"T\u00f5uksimaailm"},"image":{"@id":"https:\/\/www.xn--tuksimaailm-ffb.ee\/fi\/#\/schema\/logo\/image\/"},"sameAs":["https:\/\/www.facebook.com\/touksimaailm\/","https:\/\/www.instagram.com\/touksimaailm_\/","https:\/\/www.youtube.com\/channel\/UC18ml0EKIDLP1xGuQjFzcXQ"]}]},"og_availability":"instock","product_availability":"instock","product_retailer_item_id":"Achilleus_1-1","product_condition":"new"},"jetpack_sharing_enabled":true,"_links":{"self":[{"href":"https:\/\/www.xn--tuksimaailm-ffb.ee\/fi\/wp-json\/wp\/v2\/product\/41220","targetHints":{"allow":["GET"]}}],"collection":[{"href":"https:\/\/www.xn--tuksimaailm-ffb.ee\/fi\/wp-json\/wp\/v2\/product"}],"about":[{"href":"https:\/\/www.xn--tuksimaailm-ffb.ee\/fi\/wp-json\/wp\/v2\/types\/product"}],"wp:featuredmedia":[{"embeddable":true,"href":"https:\/\/www.xn--tuksimaailm-ffb.ee\/fi\/wp-json\/wp\/v2\/media\/25331"}],"wp:attachment":[{"href":"https:\/\/www.xn--tuksimaailm-ffb.ee\/fi\/wp-json\/wp\/v2\/media?parent=41220"}],"wp:term":[{"taxonomy":"product_brand","embeddable":true,"href":"https:\/\/www.xn--tuksimaailm-ffb.ee\/fi\/wp-json\/wp\/v2\/product_brand?post=41220"},{"taxonomy":"product_cat","embeddable":true,"href":"https:\/\/www.xn--tuksimaailm-ffb.ee\/fi\/wp-json\/wp\/v2\/product_cat?post=41220"},{"taxonomy":"product_tag","embeddable":true,"href":"https:\/\/www.xn--tuksimaailm-ffb.ee\/fi\/wp-json\/wp\/v2\/product_tag?post=41220"},{"taxonomy":"filter_elektritoukeratas","embeddable":true,"href":"https:\/\/www.xn--tuksimaailm-ffb.ee\/fi\/wp-json\/wp\/v2\/filter_elektritoukeratas?post=41220"}],"curies":[{"name":"wp","href":"https:\/\/api.w.org\/{rel}","templated":true}]}}