{"id":41279,"date":"2022-07-27T17:09:47","date_gmt":"2022-07-27T17:09:47","guid":{"rendered":"http:\/\/www.xn--tuksimaailm-ffb.ee\/shop\/dualtron-city-sahkopotkulauta\/"},"modified":"2024-11-08T12:40:30","modified_gmt":"2024-11-08T09:40:30","slug":"dualtron-city-sahkopotkulauta","status":"publish","type":"product","link":"https:\/\/www.xn--tuksimaailm-ffb.ee\/fi\/shop\/dualtron-city-sahkopotkulauta\/","title":{"rendered":"Dualtron City s\u00e4hk\u00f6potkulauta"},"content":{"rendered":"<h2 style=\"text-align: center;\">DUALTRON CITY S\u00c4HK\u00d6SKOOTTERI - TUOTEKUVAUS<\/h2>\n<p>Dualtron City on s\u00e4hk\u00f6potkulauta, jossa on <strong>suuret 15 tuuman py\u00f6r\u00e4t<\/strong>, pitk\u00e4 kantama (<strong>jopa 90 km<\/strong>) ja korkea jalusta. Dualtron City -s\u00e4hk\u00f6skoottereissa on my\u00f6s suuri kantavuus, mik\u00e4 yhdess\u00e4 suurten py\u00f6rien kanssa tekee Cityst\u00e4 yhden mukavimmista ja kest\u00e4vimmist\u00e4 s\u00e4hk\u00f6skoottereista. Upeaa ajomukavuutta tarjoavien suurten py\u00f6rien lis\u00e4ksi City-s\u00e4hk\u00f6skootterissa on <strong>helposti vaihdettava akku<\/strong>. City-malli on s\u00e4hk\u00f6potkulauta, jossa on kokoontaitettava ohjaustanko, mik\u00e4 tekee siit\u00e4 lyhyen ja kompaktin, mutta huomattavasti painavamman (41 kg) kuin jotkut muut s\u00e4hk\u00f6potkulautat (suurten py\u00f6rien vuoksi).<\/p>\n<p><span style=\"font-size: 12pt;\">Minimotors Dualtron City -s\u00e4hk\u00f6skootterit ovat saatavana <strong>60V \/ 25Ah<\/strong> akulla. Akku on valmistettu korkealaatuisista LG:n akkumoduuleista. Ajomukavuutta parantavat Minimotorsin suositut kumipuskuri-iskunvaimentimet, jotka on suunniteltu est\u00e4m\u00e4\u00e4n ep\u00e4miellytt\u00e4v\u00e4 \"heiluminen\" jousituksen laskeutumisen j\u00e4lkeen, s\u00e4ilytt\u00e4en samalla maksimaalisen ohjattavuuden ja turvallisuuden. Turvallisen pys\u00e4htymisen lyhyill\u00e4 jarrutusmatkoilla takaavat etu- ja takaosan hydrauliset levyjarrut, joissa on erinomainen tuntuma ja tarkkuus. Varustettuna <strong>2x500W<\/strong> harjattomilla tasavirtamoottoreilla, joissa on korkea <strong>60V<\/strong> nimellisj\u00e4nniteakku, Dualtron City -s\u00e4hk\u00f6potkulauta on paitsi eritt\u00e4in mukava ajaa my\u00f6s nopea, sill\u00e4 se saavuttaa jopa <strong>25km\/h<\/strong> nopeuden.<\/span><\/p>\n<p><iframe title=\"Insane 15&quot; Dualtron City Review - Turbo GPS Speed test\" width=\"1082\" height=\"609\" src=\"https:\/\/www.youtube.com\/embed\/jEOEkHRep5o?start=134&feature=oembed\" frameborder=\"0\" allow=\"accelerometer; autoplay; clipboard-write; encrypted-media; gyroscope; picture-in-picture; web-share\" allowfullscreen><\/iframe><\/p>\n<h2 style=\"text-align: center;\">DUALTRON CITY S\u00c4HK\u00d6POTKULAUTA - TYYLIN UUSI TASO<\/h2>\n<p>Minimotors on yksi maailman vanhimmista yrityksist\u00e4, joka kehitt\u00e4\u00e4 ja valmistaa pieni\u00e4 ja kevyit\u00e4 s\u00e4hk\u00f6moottoreita. Minimotors aloitti kehitysty\u00f6n jo vuonna 1999, ja sill\u00e4 oli teknologinen etumatka kilpailijoihinsa n\u00e4hden s\u00e4hk\u00f6isten kevyiden skoottereiden vallankumouksen alussa, ja siit\u00e4 on tullut maailman tunnetuin s\u00e4hk\u00f6isten skoottereiden tuotemerkki. Dualtron City -s\u00e4hk\u00f6potkulauta n\u00e4ytt\u00e4\u00e4 kilpailijoihinsa verrattuna aivan toiselta. T\u00e4m\u00e4n s\u00e4hk\u00f6skootterin ulkoasussa on tyyli\u00e4, nopeat linjat ja ainutlaatuisuutta lis\u00e4\u00e4v\u00e4t my\u00f6s <strong>RGB-valot<\/strong>, joita voi s\u00e4\u00e4t\u00e4\u00e4 ohjaimella.<\/p>\n<p>City-s\u00e4hk\u00f6potkulautan teleskooppiputki ja teleskooppinen taittomekanismi ovat markkinoiden kest\u00e4vimpi\u00e4 t\u00e4m\u00e4ntyyppisi\u00e4 ratkaisuja. Skootteri my\u00f6s pakataan kasaan lyhyess\u00e4 ajassa ja tekee City-skootterista nopeasti kuljetettavan. City-s\u00e4hk\u00f6skootteri on varustettu my\u00f6s kineettisen energian varastointij\u00e4rjestelm\u00e4ll\u00e4 (KERS). T\u00e4m\u00e4 j\u00e4rjestelm\u00e4 lataa akkua, kun s\u00e4hk\u00f6skootterin kuljettaja k\u00e4ytt\u00e4\u00e4 s\u00e4hk\u00f6ist\u00e4 magneettijarrua jarrutukseen. Dualtron City -s\u00e4hk\u00f6skootteri, kuten kaikki muutkin nykyaikaiset Minimotors-s\u00e4hk\u00f6skootterit, on varustettu EY3 (EYE) LCD-n\u00e4yt\u00f6ll\u00e4, joka varmistaa, ett\u00e4 k\u00e4ytt\u00e4j\u00e4 on koko ajan tietoinen kaikesta. N\u00e4ytt\u00f6\u00e4 k\u00e4ytet\u00e4\u00e4n vakionopeudens\u00e4\u00e4timen sek\u00e4 skootterin tehon ja kiihtyvyyden voimakkuuden asettamiseen. EY3-n\u00e4ytt\u00f6\u00e4 arvostetaan my\u00f6s sen erinomaisesta kaasuvasteesta.<\/p>\n<h2 style=\"text-align: center;\">ESITYS<\/h2>\n<p>Lain mukaan valmistajan nopeusrajoitus s\u00e4hk\u00f6k\u00e4ytt\u00f6isille skoottereille on 25km\/h. Tehokkailla moottoreilla varustettu City-s\u00e4hk\u00f6skootteri (joka kantaa jopa 150 kg) voi saavuttaa t\u00e4m\u00e4n nopeuden muutamassa sekunnissa. Akun t\u00e4yteen lataaminen 0-100 %:sta kest\u00e4\u00e4 noin 12 tuntia s\u00e4hk\u00f6potkulaitteen laatikossa olevalla laturilla. Ei syyt\u00e4 huoleen, sill\u00e4 erikseen hankittavalla pikalaturilla lataaminen kest\u00e4\u00e4 noin 5 tuntia. <a href=\"http:\/\/www.xn--tuksimaailm-ffb.ee\/shop\/elektrilise-toukeratta-kiiver-led-tagatulega-smart-4u\/\">Kyp\u00e4r\u00e4n<\/a> \u00e4ytt\u00e4minen on eritt\u00e4in suositeltavaa, kun ajat s\u00e4hk\u00f6skootterilla. Alle 16-vuotiaille s\u00e4hk\u00f6skootterilla ajaville kyp\u00e4r\u00e4n k\u00e4ytt\u00e4minen ajon aikana on <a href=\"https:\/\/www.riigiteataja.ee\/akt\/113112020001\">lain<\/a> mukaan pakollista. Kaikki Minimotors Dualtron -s\u00e4hk\u00f6skootterit l\u00f6yd\u00e4t <a href=\"http:\/\/www.xn--tuksimaailm-ffb.ee\/tootekategooria\/elektritoukeratas\/\"><strong>t\u00e4\u00e4lt\u00e4<\/strong><\/a>.<\/p>\n<p><strong style=\"box-sizing: inherit; margin: 0px; padding: 0px; border: 0px; font-variant-numeric: inherit; font-variant-east-asian: inherit; font-stretch: inherit; font-size: 17px; line-height: inherit;\">Dualtron City -s\u00e4hk\u00f6potkulauta on Viron liikennelain mukainen katulainmukainen kevytliikkuvuuspotkulauta, jonka valmistajan teho on 1000W ja valmistajan nopeus 25km\/h. HUOM: Jos k\u00e4ytt\u00e4j\u00e4 on itsen\u00e4isesti muuttanut s\u00e4hk\u00f6potkulautaa nopeammaksi tai tehokkaammaksi kuin edell\u00e4 mainitut parametrit, T\u00f5uksimaailm ei ole vastuussa lain rikkomisesta aiheutuvista sakoista, s\u00e4hk\u00f6potkulautan takavarikoimisesta poliisin toimesta tai mist\u00e4\u00e4n muustakaan rikkomisesta aiheutuneesta vahingosta.<\/strong><\/p>\n<table class=\"tg\" style=\"border-collapse: collapse; max-width: 600px; border-spacing: 0; margin: 0px auto;\">\n<tbody>\n<tr>\n<td style=\"background-color: #e4e1e1; color: #333333; font-family: inherit; font-size: 14px; font-weight: bold; overflow: hidden; padding: 5px 5px; text-align: center; vertical-align: top; word-break: normal; border: 1px solid;\" colspan=\"2\">Tekniset tiedot<\/td>\n<\/tr>\n<tr>\n<td style=\"background-color: #e4e1e1; color: #333333; font-family: inherit; font-size: 14px; font-weight: bold; overflow: hidden; padding: 5px 5px; text-align: right; vertical-align: top; word-break: normal; border: 1px solid;\">Malli<\/td>\n<td style=\"font-family: inherit; font-size: 14px; overflow: hidden; padding: 5px 5px; text-align: center; vertical-align: top; word-break: normal; border: 1px solid;\">Minimotors Dualtron City<\/td>\n<\/tr>\n<tr>\n<td style=\"background-color: #e4e1e1; color: #333333; font-family: inherit; font-size: 14px; font-weight: bold; overflow: hidden; padding: 5px 5px; text-align: right; vertical-align: top; word-break: normal; border: 1px solid;\">Akku<\/td>\n<td style=\"font-family: inherit; font-size: 14px; overflow: hidden; padding: 5px 5px; text-align: center; vertical-align: top; word-break: normal; border: 1px solid;\">60V\/25Ah\/1500Wh \u00a0\u2013 LG 21700 akkumoduulid<\/td>\n<\/tr>\n<tr>\n<td style=\"background-color: #e4e1e1; color: #333333; font-family: inherit; font-size: 14px; font-weight: bold; overflow: hidden; padding: 5px 5px; text-align: right; vertical-align: top; word-break: normal; border: 1px solid;\">Moottorin teho<\/td>\n<td style=\"font-family: inherit; font-size: 14px; overflow: hidden; padding: 5px 5px; text-align: center; vertical-align: top; word-break: normal; border: 1px solid;\">valmistajateho 1000W<\/td>\n<\/tr>\n<tr>\n<td style=\"background-color: #e4e1e1; color: #333333; font-family: inherit; font-size: 14px; font-weight: bold; overflow: hidden; padding: 5px 5px; text-align: right; vertical-align: top; word-break: normal; border: 1px solid;\">Ajomatka (ECO-tilassa), valmistajan m\u00e4\u00e4ritys | Laskettu ajomatka<\/td>\n<td style=\"font-family: inherit; font-size: 14px; overflow: hidden; padding: 5px 5px; text-align: center; vertical-align: top; word-break: normal; border: 1px solid;\">90km | 100km \u00a0(25km\/h, 70kg kuljettaja, 15Wh\/km)<\/td>\n<\/tr>\n<tr>\n<td style=\"background-color: #e4e1e1; color: #333333; font-family: inherit; font-size: 14px; font-weight: bold; overflow: hidden; padding: 5px 5px; text-align: right; vertical-align: top; word-break: normal; border: 1px solid;\">Jarrut<\/td>\n<td style=\"font-family: inherit; font-size: 14px; overflow: hidden; padding: 5px 5px; text-align: center; vertical-align: top; word-break: normal; border: 1px solid;\">hydrauliset levyjarrut edess\u00e4 ja takana + regeneratiivinen jarruj\u00e4rjestelm\u00e4<\/td>\n<\/tr>\n<tr>\n<td style=\"background-color: #e4e1e1; color: #333333; font-family: inherit; font-size: 14px; font-weight: bold; overflow: hidden; padding: 5px 5px; text-align: right; vertical-align: top; word-break: normal; border: 1px solid;\">Latausaika<\/td>\n<td style=\"font-family: inherit; font-size: 14px; overflow: hidden; padding: 5px 5px; text-align: center; vertical-align: top; word-break: normal; border: 1px solid;\">12h \/ pikalaturilla 5h<\/td>\n<\/tr>\n<tr>\n<td style=\"background-color: #e4e1e1; color: #333333; font-family: inherit; font-size: 14px; font-weight: bold; overflow: hidden; padding: 5px 5px; text-align: right; vertical-align: top; word-break: normal; border: 1px solid;\">Painorajoitus<\/td>\n<td style=\"font-family: inherit; font-size: 14px; overflow: hidden; padding: 5px 5px; text-align: center; vertical-align: top; word-break: normal; border: 1px solid;\">150kg<\/td>\n<\/tr>\n<tr>\n<td style=\"background-color: #e4e1e1; color: #333333; font-family: inherit; font-size: 14px; font-weight: bold; overflow: hidden; padding: 5px 5px; text-align: right; vertical-align: top; word-break: normal; border: 1px solid;\">Muutettu nopeus virityksen j\u00e4lkeen<\/td>\n<td style=\"font-family: inherit; font-size: 14px; overflow: hidden; padding: 5px 5px; text-align: center; vertical-align: top; word-break: normal; border: 1px solid;\">25km\/h<\/td>\n<\/tr>\n<tr>\n<td style=\"background-color: #e4e1e1; color: #333333; font-family: inherit; font-size: 14px; font-weight: bold; overflow: hidden; padding: 5px 5px; text-align: right; vertical-align: top; word-break: normal; border: 1px solid;\">Tuotajanopeus<\/td>\n<td style=\"font-family: inherit; font-size: 14px; overflow: hidden; padding: 5px 5px; text-align: center; vertical-align: top; word-break: normal; border: 1px solid;\">25km\/h<\/td>\n<\/tr>\n<tr>\n<td style=\"background-color: #e4e1e1; color: #333333; font-family: inherit; font-size: 14px; font-weight: bold; overflow: hidden; padding: 5px 5px; text-align: right; vertical-align: top; word-break: normal; border: 1px solid;\">Paino<\/td>\n<td style=\"font-family: inherit; font-size: 14px; overflow: hidden; padding: 5px 5px; text-align: center; vertical-align: top; word-break: normal; border: 1px solid;\">41kg<\/td>\n<\/tr>\n<tr>\n<td style=\"background-color: #e4e1e1; color: #333333; font-family: inherit; font-size: 14px; font-weight: bold; overflow: hidden; padding: 5px 5px; text-align: right; vertical-align: top; word-break: normal; border: 1px solid;\">Renkaat<\/td>\n<td style=\"font-family: inherit; font-size: 14px; overflow: hidden; padding: 5px 5px; text-align: center; vertical-align: top; word-break: normal; border: 1px solid;\">15\" sis\u00e4kumilla ilmarenkaat<\/td>\n<\/tr>\n<tr>\n<td style=\"background-color: #e4e1e1; color: #333333; font-family: inherit; font-size: 14px; font-weight: bold; overflow: hidden; padding: 5px 5px; text-align: right; vertical-align: top; word-break: normal; border: 1px solid;\"><span class=\"HwtZe\" lang=\"fi\"><span class=\"jCAhz ChMk0b\"><span class=\"ryNqvb\">Iskunvaimentimet<\/span><\/span><\/span><\/td>\n<td style=\"font-family: inherit; font-size: 14px; overflow: hidden; padding: 5px 5px; text-align: center; vertical-align: top; word-break: normal; border: 1px solid;\">Kumiholkit edess\u00e4 ja takana<\/td>\n<\/tr>\n<tr>\n<td style=\"background-color: #e4e1e1; color: #333333; font-family: inherit; font-size: 14px; font-weight: bold; overflow: hidden; padding: 5px 5px; text-align: right; vertical-align: top; word-break: normal; border: 1px solid;\">Valot<\/td>\n<td style=\"font-family: inherit; font-size: 14px; overflow: hidden; padding: 5px 5px; text-align: center; vertical-align: top; word-break: normal; border: 1px solid;\">RGB LED-valaistus, s\u00e4\u00e4dett\u00e4viss\u00e4 ohjaimella<\/td>\n<\/tr>\n<tr>\n<td style=\"background-color: #e4e1e1; color: #333333; font-family: inherit; font-size: 14px; font-weight: bold; overflow: hidden; padding: 5px 5px; text-align: right; vertical-align: top; word-break: normal; border: 1px solid;\">Tien enim\u00e4iskaltevuus<\/td>\n<td style=\"font-family: inherit; font-size: 14px; overflow: hidden; padding: 5px 5px; text-align: center; vertical-align: top; word-break: normal; border: 1px solid;\">20%<\/td>\n<\/tr>\n<\/tbody>\n<\/table>\n","protected":false},"excerpt":{"rendered":"<p><a href=\"http:\/\/www.xn--tuksimaailm-ffb.ee\/kontakt\/\"><strong>L\u00f6ysitk\u00f6 paremman hinnan? Kirjoita meille, niin teemme sinulle paremman tarjouksen!<\/strong><\/a><\/p>\n<p><strong>Kaikki\u00a0<a href=\"http:\/\/www.xn--tuksimaailm-ffb.ee\/tootekategooria\/lisavarustus\/\">lis\u00e4varusteet<\/a>\u00a0ja\u00a0<a href=\"https:\/\/www.xn\u2014tuksimaailm-ffb.ee\/tootekategooria\/elektritoukeratta-varuosad\/\">varaosat<\/a> ovat\u00a0-20%, kun ne ostetaan s\u00e4hk\u00f6skootterin kanssa. Alennus otetaan automaattisesti k\u00e4ytt\u00f6\u00f6n, kun lis\u00e4\u00e4t sen ostoskoriin!<\/strong><\/p>\n<p><em><strong>Toimitusaika: 1-5tp<\/p>\n<p><\/strong><\/em><\/p>\n","protected":false},"featured_media":25324,"template":"","meta":[],"product_brand":[],"product_cat":[926],"product_tag":[],"filter_elektritoukeratas":[],"class_list":{"0":"post-41279","1":"product","2":"type-product","3":"status-publish","4":"has-post-thumbnail","6":"product_cat-sahkopotkulaudat-fi","7":"product_shipping_class-keskmine-pakk-fi","8":"pa_aku-mahutavus-wh-1500-fi","9":"pa_kaal-kg-41-fi","10":"pa_kandevoime-kg-150-fi","11":"pa_labisoit-arvutuslik-km-100-fi","12":"pa_mootorite-arv-kahdella-moottorilla","13":"pa_muuja-platvormil-touksimaailm-exocool-ou-fi","14":"pa_piiramata-tippkiirus-kmh-25-fi","15":"pa_tootetuup-elektritoukeratas-fi","16":"pa_valmistaja-dualtron-fi","17":"pa_voimsus-w-1000-fi","19":"first","20":"instock","21":"taxable","22":"shipping-taxable","23":"purchasable","24":"product-type-simple"},"yoast_head":"<!-- This site is optimized with the Yoast SEO Premium plugin v26.8 (Yoast SEO v27.5) - https:\/\/yoast.com\/product\/yoast-seo-premium-wordpress\/ -->\n<title>Dualtron City s\u00e4hk\u00f6potkulauta | 15&quot; elektrit\u00f5uks | T\u00f5uksimaailm<\/title>\n<meta name=\"description\" content=\"Dualtron City elektrit\u00f5ukeratas. Ainus 15&quot; ratastega elektriline t\u00f5ukeratas. Mugavad Dualtroni elektrilised t\u00f5ukerattad. Minimotors elektrit\u00f5ukerattad.\" \/>\n<meta name=\"robots\" content=\"index, follow, max-snippet:-1, max-image-preview:large, max-video-preview:-1\" \/>\n<link rel=\"canonical\" href=\"https:\/\/www.xn--tuksimaailm-ffb.ee\/fi\/shop\/dualtron-city-sahkopotkulauta\/\" \/>\n<meta property=\"og:locale\" content=\"fi_FI\" \/>\n<meta property=\"og:type\" content=\"article\" \/>\n<meta property=\"og:title\" content=\"Dualtron City s\u00e4hk\u00f6potkulauta\" \/>\n<meta property=\"og:description\" content=\"Dualtron City elektrit\u00f5ukeratas. Ainus 15&quot; ratastega elektriline t\u00f5ukeratas. Mugavad Dualtroni elektrilised t\u00f5ukerattad. Minimotors elektrit\u00f5ukerattad.\" \/>\n<meta property=\"og:url\" content=\"https:\/\/www.xn--tuksimaailm-ffb.ee\/fi\/shop\/dualtron-city-sahkopotkulauta\/\" \/>\n<meta property=\"og:site_name\" content=\"T\u00f5uksimaailm\" \/>\n<meta property=\"article:publisher\" content=\"https:\/\/www.facebook.com\/touksimaailm\/\" \/>\n<meta property=\"article:modified_time\" content=\"2024-11-08T09:40:30+00:00\" \/>\n<meta property=\"og:image\" content=\"https:\/\/www.xn--tuksimaailm-ffb.ee\/wp-content\/uploads\/2022\/07\/Dualtron-City-Big-Wheel-Electric-Scooter.jpg\" \/>\n\t<meta property=\"og:image:width\" content=\"2000\" \/>\n\t<meta property=\"og:image:height\" content=\"2000\" \/>\n\t<meta property=\"og:image:type\" content=\"image\/jpeg\" \/>\n<meta name=\"twitter:card\" content=\"summary_large_image\" \/>\n<meta name=\"twitter:label1\" content=\"Hinta\" \/>\n\t<meta name=\"twitter:data1\" content=\"&euro;2,699.00\" \/>\n\t<meta name=\"twitter:label2\" content=\"Saatavuus\" \/>\n\t<meta name=\"twitter:data2\" content=\"Varastossa\" \/>\n<meta property=\"product:price:amount\" content=\"2699.00\" \/>\n<meta property=\"product:price:currency\" content=\"EUR\" \/>\n<meta property=\"og:availability\" content=\"instock\" \/>\n<meta property=\"product:availability\" content=\"instock\" \/>\n<meta property=\"product:retailer_item_id\" content=\"DT_City-1\" \/>\n<meta property=\"product:condition\" content=\"new\" \/>\n<!-- \/ Yoast SEO Premium plugin. -->","yoast_head_json":{"title":"Dualtron City s\u00e4hk\u00f6potkulauta | 15\" elektrit\u00f5uks | T\u00f5uksimaailm","description":"Dualtron City elektrit\u00f5ukeratas. Ainus 15\" ratastega elektriline t\u00f5ukeratas. Mugavad Dualtroni elektrilised t\u00f5ukerattad. Minimotors elektrit\u00f5ukerattad.","robots":{"index":"index","follow":"follow","max-snippet":"max-snippet:-1","max-image-preview":"max-image-preview:large","max-video-preview":"max-video-preview:-1"},"canonical":"https:\/\/www.xn--tuksimaailm-ffb.ee\/fi\/shop\/dualtron-city-sahkopotkulauta\/","og_locale":"fi_FI","og_type":"article","og_title":"Dualtron City s\u00e4hk\u00f6potkulauta","og_description":"Dualtron City elektrit\u00f5ukeratas. Ainus 15\" ratastega elektriline t\u00f5ukeratas. Mugavad Dualtroni elektrilised t\u00f5ukerattad. Minimotors elektrit\u00f5ukerattad.","og_url":"https:\/\/www.xn--tuksimaailm-ffb.ee\/fi\/shop\/dualtron-city-sahkopotkulauta\/","og_site_name":"T\u00f5uksimaailm","article_publisher":"https:\/\/www.facebook.com\/touksimaailm\/","article_modified_time":"2024-11-08T09:40:30+00:00","og_image":[{"width":2000,"height":2000,"url":"https:\/\/www.xn--tuksimaailm-ffb.ee\/wp-content\/uploads\/2022\/07\/Dualtron-City-Big-Wheel-Electric-Scooter.jpg","type":"image\/jpeg"}],"twitter_card":"summary_large_image","twitter_misc":{"Hinta":"&euro;2,699.00","Saatavuus":"Varastossa"},"schema":{"@context":"https:\/\/schema.org","@graph":[{"@type":"WebPage","@id":"https:\/\/www.xn--tuksimaailm-ffb.ee\/fi\/shop\/dualtron-city-sahkopotkulauta\/","url":"https:\/\/www.xn--tuksimaailm-ffb.ee\/fi\/shop\/dualtron-city-sahkopotkulauta\/","name":"Dualtron City s\u00e4hk\u00f6potkulauta | 15\" elektrit\u00f5uks | T\u00f5uksimaailm","isPartOf":{"@id":"https:\/\/www.xn--tuksimaailm-ffb.ee\/fi\/#website"},"primaryImageOfPage":{"@id":"https:\/\/www.xn--tuksimaailm-ffb.ee\/fi\/shop\/dualtron-city-sahkopotkulauta\/#primaryimage"},"image":{"@id":"https:\/\/www.xn--tuksimaailm-ffb.ee\/fi\/shop\/dualtron-city-sahkopotkulauta\/#primaryimage"},"thumbnailUrl":"https:\/\/www.xn--tuksimaailm-ffb.ee\/wp-content\/uploads\/2022\/07\/Dualtron-City-Big-Wheel-Electric-Scooter.jpg","datePublished":"2022-07-27T17:09:47+00:00","dateModified":"2024-11-08T09:40:30+00:00","description":"Dualtron City elektrit\u00f5ukeratas. Ainus 15\" ratastega elektriline t\u00f5ukeratas. Mugavad Dualtroni elektrilised t\u00f5ukerattad. Minimotors elektrit\u00f5ukerattad.","breadcrumb":{"@id":"https:\/\/www.xn--tuksimaailm-ffb.ee\/fi\/shop\/dualtron-city-sahkopotkulauta\/#breadcrumb"},"inLanguage":"fi","potentialAction":[{"@type":"ReadAction","target":["https:\/\/www.xn--tuksimaailm-ffb.ee\/fi\/shop\/dualtron-city-sahkopotkulauta\/"]}]},{"@type":"ImageObject","inLanguage":"fi","@id":"https:\/\/www.xn--tuksimaailm-ffb.ee\/fi\/shop\/dualtron-city-sahkopotkulauta\/#primaryimage","url":"https:\/\/www.xn--tuksimaailm-ffb.ee\/wp-content\/uploads\/2022\/07\/Dualtron-City-Big-Wheel-Electric-Scooter.jpg","contentUrl":"https:\/\/www.xn--tuksimaailm-ffb.ee\/wp-content\/uploads\/2022\/07\/Dualtron-City-Big-Wheel-Electric-Scooter.jpg","width":2000,"height":2000,"caption":"elektriline t\u00f5ukeratas dualtron city 15\" elektrit\u00f5ukeratas mugav"},{"@type":"BreadcrumbList","@id":"https:\/\/www.xn--tuksimaailm-ffb.ee\/fi\/shop\/dualtron-city-sahkopotkulauta\/#breadcrumb","itemListElement":[{"@type":"ListItem","position":1,"name":"Home","item":"https:\/\/www.xn--tuksimaailm-ffb.ee\/fi\/kotisivu\/"},{"@type":"ListItem","position":2,"name":"Kauppa","item":"https:\/\/www.xn--tuksimaailm-ffb.ee\/elektritoukerataste-pood\/"},{"@type":"ListItem","position":3,"name":"Dualtron City s\u00e4hk\u00f6potkulauta"}]},{"@type":"WebSite","@id":"https:\/\/www.xn--tuksimaailm-ffb.ee\/fi\/#website","url":"https:\/\/www.xn--tuksimaailm-ffb.ee\/fi\/","name":"T\u00f5uksimaailm","description":"Elektrit\u00f5ukerataste m\u00fc\u00fck, remont ja rent","publisher":{"@id":"https:\/\/www.xn--tuksimaailm-ffb.ee\/fi\/#organization"},"potentialAction":[{"@type":"SearchAction","target":{"@type":"EntryPoint","urlTemplate":"https:\/\/www.xn--tuksimaailm-ffb.ee\/fi\/?s={search_term_string}"},"query-input":{"@type":"PropertyValueSpecification","valueRequired":true,"valueName":"search_term_string"}}],"inLanguage":"fi"},{"@type":"Organization","@id":"https:\/\/www.xn--tuksimaailm-ffb.ee\/fi\/#organization","name":"T\u00f5uksimaailm","url":"https:\/\/www.xn--tuksimaailm-ffb.ee\/fi\/","logo":{"@type":"ImageObject","inLanguage":"fi","@id":"https:\/\/www.xn--tuksimaailm-ffb.ee\/fi\/#\/schema\/logo\/image\/","url":"https:\/\/www.xn--tuksimaailm-ffb.ee\/wp-content\/uploads\/2020\/01\/logoz-e1579792875517.png","contentUrl":"https:\/\/www.xn--tuksimaailm-ffb.ee\/wp-content\/uploads\/2020\/01\/logoz-e1579792875517.png","width":250,"height":250,"caption":"T\u00f5uksimaailm"},"image":{"@id":"https:\/\/www.xn--tuksimaailm-ffb.ee\/fi\/#\/schema\/logo\/image\/"},"sameAs":["https:\/\/www.facebook.com\/touksimaailm\/","https:\/\/www.instagram.com\/touksimaailm_\/","https:\/\/www.youtube.com\/channel\/UC18ml0EKIDLP1xGuQjFzcXQ"]}]},"product_price_amount":"2699.00","product_price_currency":"EUR","og_availability":"instock","product_availability":"instock","product_retailer_item_id":"DT_City-1","product_condition":"new"},"jetpack_sharing_enabled":true,"_links":{"self":[{"href":"https:\/\/www.xn--tuksimaailm-ffb.ee\/fi\/wp-json\/wp\/v2\/product\/41279","targetHints":{"allow":["GET"]}}],"collection":[{"href":"https:\/\/www.xn--tuksimaailm-ffb.ee\/fi\/wp-json\/wp\/v2\/product"}],"about":[{"href":"https:\/\/www.xn--tuksimaailm-ffb.ee\/fi\/wp-json\/wp\/v2\/types\/product"}],"wp:featuredmedia":[{"embeddable":true,"href":"https:\/\/www.xn--tuksimaailm-ffb.ee\/fi\/wp-json\/wp\/v2\/media\/25324"}],"wp:attachment":[{"href":"https:\/\/www.xn--tuksimaailm-ffb.ee\/fi\/wp-json\/wp\/v2\/media?parent=41279"}],"wp:term":[{"taxonomy":"product_brand","embeddable":true,"href":"https:\/\/www.xn--tuksimaailm-ffb.ee\/fi\/wp-json\/wp\/v2\/product_brand?post=41279"},{"taxonomy":"product_cat","embeddable":true,"href":"https:\/\/www.xn--tuksimaailm-ffb.ee\/fi\/wp-json\/wp\/v2\/product_cat?post=41279"},{"taxonomy":"product_tag","embeddable":true,"href":"https:\/\/www.xn--tuksimaailm-ffb.ee\/fi\/wp-json\/wp\/v2\/product_tag?post=41279"},{"taxonomy":"filter_elektritoukeratas","embeddable":true,"href":"https:\/\/www.xn--tuksimaailm-ffb.ee\/fi\/wp-json\/wp\/v2\/filter_elektritoukeratas?post=41279"}],"curies":[{"name":"wp","href":"https:\/\/api.w.org\/{rel}","templated":true}]}}