{"id":41305,"date":"2022-04-07T15:23:23","date_gmt":"2022-04-07T15:23:23","guid":{"rendered":"http:\/\/www.xn--tuksimaailm-ffb.ee\/shop\/nami-burn-e-2-viper-sahkopotkulauta\/"},"modified":"2024-11-08T12:45:05","modified_gmt":"2024-11-08T09:45:05","slug":"nami-burn-e-2-viper-sahkopotkulauta","status":"publish","type":"product","link":"https:\/\/www.xn--tuksimaailm-ffb.ee\/fi\/shop\/nami-burn-e-2-viper-sahkopotkulauta\/","title":{"rendered":"Nami Burn-E 2 Viper s\u00e4hk\u00f6potkulauta"},"content":{"rendered":"<h2 style=\"text-align: center;\">NAMI BURN-E 2 VIPER S\u00c4HK\u00d6POTKULAUTA - TUOTEKUVAUS<\/h2>\n<p style=\"text-align: left;\">Nami Burn-E 2 Viper on hieman \"vaatimattomampi\" versio Burn-E 2 Max -s\u00e4hk\u00f6skootterista ja hyv\u00e4 tapa saada s\u00e4hk\u00f6skootteri, joka n\u00e4ytt\u00e4\u00e4 identtiselt\u00e4 Max-version kanssa. Kaikki muut ominaisuudet, kuten vallankumouksellinen tarkkuusasetus ja ty\u00f6kaluttomasti s\u00e4\u00e4dett\u00e4v\u00e4 jousitus, ovat samat kuin suuremmassa versiossa, jossa on 32Ah akku.<\/p>\n<p style=\"text-align: left;\">Nami Burn-E 2 -s\u00e4hk\u00f6potkulauta on uusinta huipputeknologiaa, tarkin s\u00e4hk\u00f6potkulauta ehdottomasti jokaisessa luokassa painoa ja kompaktiutta lukuun ottamatta, jonka voit ostaa. T\u00e4t\u00e4 s\u00e4hk\u00f6skootteria voisi kuvailla moottoripy\u00f6r\u00e4ksi, jolla ei ajeta istuen vaan seisten, ja se voidaan asentaa my\u00f6s autoon. Se on s\u00e4hk\u00f6skootteri, joka tarjoaa paremman kiihtyvyyden kuin yksik\u00e4\u00e4n kilpailijoista, on mukavin, vakain, k\u00e4ytt\u00e4j\u00e4yst\u00e4v\u00e4llisin, yksil\u00f6llisimmin muokattavissa ja edell\u00e4 mainittujen lis\u00e4ksi poikkeuksellisen laadukas, varusteltu ja kest\u00e4v\u00e4 s\u00e4hk\u00f6skootteri. Hydrauliset levyjarrut, korkea ja leve\u00e4 ohjaustanko sek\u00e4 s\u00e4\u00e4dett\u00e4v\u00e4 hydraulinen jousitus kaikkiin tarkoituksiin ja olosuhteisiin, joten Nami Burn-E 2 Viper -s\u00e4hk\u00f6potkulauta ei pet\u00e4 miss\u00e4\u00e4n maastossa ja miss\u00e4\u00e4n olosuhteissa.<\/p>\n<p>Nami Burn-E 2 Viper -mallin ainutlaatuisuus alkaa sen ulkon\u00e4\u00f6st\u00e4 - k\u00e4sin hitsattu, mattamustalla maalilla p\u00e4\u00e4llystetty alumiiniputkirunko, jota ei voi olla huomaamatta kadulla. Nami Burn-E 2 Viper -s\u00e4hk\u00f6skootterissa on kaksi moottoria, joiden nimellisteho on <strong>500W<\/strong> (huipputeho <strong>500W<\/strong>), jolloin skootterin kokonaisteho on <strong>1000W (eli 1kW)<\/strong> ja maksiminopeus 25km\/h. Toimintas\u00e4de on j<strong>opa 145km 75kg<\/strong> painavalla kuljettajalla taloudellisimmassa Eco-tilassa.<\/p>\n<h2 style=\"text-align: center;\">S\u00c4HK\u00d6K\u00c4YTT\u00d6ISTEN AJONEUVOJEN UUSI AIKAKAUSI<\/h2>\n<p>Nimi <strong>NAMI<\/strong> tulee englanninkielisest\u00e4 sanonnasta \"<strong>N<\/strong>ew <strong>A<\/strong>ge <strong>M<\/strong>obility <strong>I<\/strong>nnovation\", joka kuvaa NAMI:n olemusta tuotemerkkin\u00e4. NAMI:n tavoitteena on valmistaa huipputeknisi\u00e4 s\u00e4hk\u00f6skoottereita, joissa k\u00e4ytet\u00e4\u00e4n vain parhaita laatukomponentteja ja uusia tekniikoita, joita ei ole viel\u00e4 saatavilla muissa markkinoilla olevissa malleissa. My\u00f6s parannuksia tehd\u00e4\u00e4n ja uusia tuotteita kehitet\u00e4\u00e4n, ei pelk\u00e4st\u00e4\u00e4n asiakaspalautteen perusteella, vaan yhteisty\u00f6ss\u00e4 pitk\u00e4n kehitysty\u00f6n aikana kehittyneen yhteis\u00f6n kanssa, jonka j\u00e4senten kanssa keskustellaan uusista ideoista ja teknisist\u00e4 ratkaisuista.<\/p>\n<p>Nami Burn-E 2 Viper (Viper oli s\u00e4hk\u00f6skootterin alkuper\u00e4inen nimi sen kehitt\u00e4misen aikaan) on vallankumouksellinen skoottereiden maailmassa monien ominaisuuksiensa vuoksi sen vertaansa vailla olevan suorituskyvyn lis\u00e4ksi. <strong>Siniaalto-ohjaimet<\/strong>, jotka ovat paljon tehokkaampia kuin perinteiset neli\u00f6aalto-ohjaimet, lis\u00e4\u00e4v\u00e4t kilometrim\u00e4\u00e4r\u00e4\u00e4 yhdell\u00e4 latauksella ja ovat k\u00e4ytt\u00e4j\u00e4yst\u00e4v\u00e4llisi\u00e4. <strong>Suuri vedenpit\u00e4v\u00e4 n\u00e4ytt\u00f6<\/strong> mahdollistaa s\u00e4hk\u00f6potkulautailun asetusten ennenn\u00e4kem\u00e4tt\u00f6m\u00e4n r\u00e4\u00e4t\u00e4l\u00f6it\u00e4vyyden. Namin patentoima kartiomainen taittomekanismi poistaa kaikenlaiset linssiputken ja rungon v\u00e4liset l\u00f6ys\u00e4t ja takertelut, jotka ovat niin usein vaivanneet parhaitakin s\u00e4hk\u00f6skoottereita.<\/p>\n<h2 style=\"text-align: center;\">S\u00c4\u00c4DETT\u00c4V\u00c4 HYDRAULINEN JOUSITUS<\/h2>\n<p>Nami Burn-E 2 Viper -s\u00e4hk\u00f6potkulauta on varustettu <strong>165mm:n s\u00e4\u00e4dett\u00e4v\u00e4ll\u00e4 hydraulisella hybridijousitus-amortisoinnilla<\/strong> edess\u00e4 ja takana. T\u00e4ss\u00e4 tekniikassa yhdistyv\u00e4t jousen ja hydraulisen iskunvaimentimen parhaat ominaisuudet, ja jousitus voidaan s\u00e4\u00e4t\u00e4\u00e4 eritt\u00e4in pehme\u00e4ksi ja py\u00f6riv\u00e4ksi, eritt\u00e4in j\u00e4yk\u00e4ksi ja vakaaksi tai mit\u00e4 tahansa silt\u00e4 v\u00e4lilt\u00e4. Sek\u00e4 matka-alueen pituutta ett\u00e4 jousituksen j\u00e4ykkyytt\u00e4 voidaan s\u00e4\u00e4t\u00e4\u00e4 erikseen. Nami Burn-E 2 Viper -py\u00f6r\u00e4n runko on valmistettu l\u00e4mp\u00f6k\u00e4sitellyst\u00e4 alumiinipoikkiputkesta, joka on hitsattu yhdeksi kappaleeksi. Ohjausputki on valmistettu eritt\u00e4in j\u00e4yk\u00e4st\u00e4 mutta eritt\u00e4in kevyest\u00e4 hiilikuidusta, jotta runkoon kohdistuva paine olisi mahdollisimman pieni. Vankka rakenne takaa hyv\u00e4n vakauden kaikissa nopeuksissa ja skootterin ihanteellisen hallinnan.<\/p>\n<p>Siniaalto ohjaimien ansiosta eritt\u00e4in korkean hy\u00f6tysuhteen s\u00e4hk\u00f6moottorit takaavat voimakkaan kiihtyvyyden, ja s\u00e4hk\u00f6potkulauta saavuttaa alkuper\u00e4isen <strong>25km\/h<\/strong> nopeuden hyvin nopeasti, jopa raskaampia painoja kantaessa tai jopa <strong>45 asteen<\/strong> rinteess\u00e4! Nami Burn-E 2 Viper -valmistajan sallima kuljettajan enimm\u00e4ispaino on <strong>150kg<\/strong>. Suuri moottoriteho tarkoittaa my\u00f6s sit\u00e4, ett\u00e4 s\u00e4hk\u00f6skootterilla ei ole vaikeuksia yll\u00e4pit\u00e4\u00e4 nopeutta vaikeammassa maastossa, jyrkemmill\u00e4 vuorenrinteill\u00e4 tai paksussa lumessa.<br \/><img decoding=\"async\" class=\"wp-image-5436 aligncenter\" src=\"https:\/\/www.xn--tuksimaailm-ffb.ee\/wp-content\/uploads\/2021\/08\/Nami-burn-17-300x107.png\" alt=\"Nami Burn-E elektrit\u00f5ukeratas Viper elektriline t\u00f5ukeratas elektrit\u00f5uks kiire v\u00f5imas\" width=\"866\" height=\"309\" srcset=\"https:\/\/www.xn--tuksimaailm-ffb.ee\/wp-content\/uploads\/2021\/08\/Nami-burn-17-300x107.png 300w, https:\/\/www.xn--tuksimaailm-ffb.ee\/wp-content\/uploads\/2021\/08\/Nami-burn-17-1024x364.png 1024w, https:\/\/www.xn--tuksimaailm-ffb.ee\/wp-content\/uploads\/2021\/08\/Nami-burn-17-768x273.png 768w, https:\/\/www.xn--tuksimaailm-ffb.ee\/wp-content\/uploads\/2021\/08\/Nami-burn-17-611x217.png 611w, https:\/\/www.xn--tuksimaailm-ffb.ee\/wp-content\/uploads\/2021\/08\/Nami-burn-17-600x213.png 600w, https:\/\/www.xn--tuksimaailm-ffb.ee\/wp-content\/uploads\/2021\/08\/Nami-burn-17.png 1153w\" sizes=\"(max-width: 866px) 100vw, 866px\" \/><\/p>\n<h2 style=\"text-align: center;\">TEKNINEN KUVAUS<\/h2>\n<p>Yhdell\u00e4 latauksella 25km\/h nopeudella ja 70kg painava kuljettaja voi ajaa <strong>jopa 145km<\/strong> ihanteellisissa olosuhteissa. Koneen realistinen toimintas\u00e4de tyypillisemm\u00e4ll\u00e4 nopeudella ja keskivertokuljettajalla on l\u00e4hemp\u00e4n\u00e4 80-90 km. Nami Burn-E 2 Viper -mallissa on <strong>edess\u00e4 ja takana 160mm<\/strong> halkaisijaltaan oleva <strong>hydraulinen Logan-merkkinen levyjarru<\/strong>, jonka jarrutustuntuma on paljon parempi ja jarrutusteho tehokkaampi kuin s\u00e4hk\u00f6py\u00f6rien mekaanisissa levyjarruissa.<\/p>\n<p>Nami Burn-E 2 -s\u00e4hk\u00f6potkulautaa voidaan my\u00f6s jarruttaa moottorilla (s\u00e4hk\u00f6jarru), joka on my\u00f6s t\u00e4ysin s\u00e4\u00e4dett\u00e4viss\u00e4 s\u00e4hk\u00f6potkulautan varteen asennetun suuren n\u00e4yt\u00f6n kautta. S\u00e4hk\u00f6potkulauta on varustettu eritt\u00e4in suurikapasiteettisella <strong>72V\/32000mAh (2520Wh)<\/strong> akkupaketilla, joka on valmistettu korkealaatuisista Panasonic Lithium Ion (Li-Ion) -moduuleista. Akun t\u00e4yteen lataaminen kest\u00e4\u00e4 vain <strong>6 tuntia<\/strong> skootterin mukana toimitettujen 2,8A latausvirran latureiden ansiosta. Pime\u00e4\u00e4 aikaa varten ja tehd\u00e4ksesi itsest\u00e4si n\u00e4kyv\u00e4mm\u00e4n kanssapy\u00f6r\u00e4ilij\u00f6ille skootterissa on sek\u00e4 tehokkaat etu- ja takavalot ett\u00e4 skootterin runkoon asennetut sivujen LED-nauhat. Ensimm\u00e4inen LED-lyhty on kooltaan j\u00e4ttim\u00e4inen, ja sen valovoima on s\u00e4hk\u00f6k\u00e4ytt\u00f6iselle skootterille enn\u00e4tykselliset <strong>2000 lumenia<\/strong>.<\/p>\n<h2 style=\"text-align: center;\">TURVALLISUUS<\/h2>\n<p>S\u00e4hk\u00f6skootterit ovat nopeita ja siksi mahdollisesti vaarallisia ajoneuvoja. Suosittelemme kyp\u00e4r\u00e4n k\u00e4ytt\u00f6\u00e4 aina. Alle 16-vuotiaiden s\u00e4hk\u00f6skootterilla ajavien on lain mukaan pakko k\u00e4ytt\u00e4\u00e4 kyp\u00e4r\u00e4\u00e4 ajaessaan. Kaikki s\u00e4hk\u00f6skootterit l\u00f6ytyv\u00e4t <a href=\"http:\/\/www.xn--tuksimaailm-ffb.ee\/tootekategooria\/elektritoukeratas\/\"><strong>t\u00e4\u00e4lt\u00e4<\/strong><\/a>.<\/p>\n<p>Kun ostat s\u00e4hk\u00f6skootterin kaupastamme, saat kaikki<strong>\u00a0<a href=\"http:\/\/www.xn--tuksimaailm-ffb.ee\/tootekategooria\/lisavarustus\/\">lis\u00e4varusteet<\/a> \u00a0-20%!<\/strong><\/p>\n<p><strong style=\"box-sizing: inherit; margin: 0px; padding: 0px; border: 0px; font-variant-numeric: inherit; font-variant-east-asian: inherit; font-stretch: inherit; font-size: 17px; line-height: inherit;\">Nami Burn-E 2 Viper -s\u00e4hk\u00f6potkulauta on Viron liikennelain mukainen katulupavalmisteinen kevytskootteri, jonka valmistajan teho on 1000W ja valmistajan nopeus 25km\/h. HUOMAA: Jos k\u00e4ytt\u00e4j\u00e4 on itsen\u00e4isesti muuttanut s\u00e4hk\u00f6skootteria nopeammaksi tai tehokkaammaksi kuin edell\u00e4 mainitut parametrit, T\u00f5uksimaailm ei ole vastuussa lain rikkomisesta aiheutuvista sakoista, s\u00e4hk\u00f6skootterin takavarikoimisesta poliisin toimesta tai mist\u00e4\u00e4n muustakaan rikkomisesta aiheutuneesta vahingosta.<\/strong><\/p>\n<table class=\"tg\" style=\"border-collapse: collapse; max-width: 600px; border-spacing: 0; margin: 0px auto;\">\n<tbody>\n<tr>\n<td style=\"background-color: #e4e1e1; color: #333333; font-family: inherit; font-size: 14px; font-weight: bold; overflow: hidden; padding: 5px 5px; text-align: center; vertical-align: top; word-break: normal; border: 1px solid;\" colspan=\"2\">Tekniset tiedot<\/td>\n<\/tr>\n<tr>\n<td style=\"background-color: #e4e1e1; color: #333333; font-family: inherit; font-size: 14px; font-weight: bold; overflow: hidden; padding: 5px 5px; text-align: right; vertical-align: top; word-break: normal; border: 1px solid;\">Paino<\/td>\n<td style=\"font-family: inherit; font-size: 14px; overflow: hidden; padding: 5px 5px; text-align: center; vertical-align: top; word-break: normal; border: 1px solid;\">47kg<\/td>\n<\/tr>\n<tr>\n<td style=\"background-color: #e4e1e1; color: #333333; font-family: inherit; font-size: 14px; font-weight: bold; overflow: hidden; padding: 5px 5px; text-align: right; vertical-align: top; word-break: normal; border: 1px solid;\">Nopeus<\/td>\n<td style=\"font-family: inherit; font-size: 14px; overflow: hidden; padding: 5px 5px; text-align: center; vertical-align: top; word-break: normal; border: 1px solid;\">25km\/h<\/td>\n<\/tr>\n<tr>\n<td style=\"background-color: #e4e1e1; color: #333333; font-family: inherit; font-size: 14px; font-weight: bold; overflow: hidden; padding: 5px 5px; text-align: right; vertical-align: top; word-break: normal; border: 1px solid;\">Akku<\/td>\n<td style=\"font-family: inherit; font-size: 14px; overflow: hidden; padding: 5px 5px; text-align: center; vertical-align: top; word-break: normal; border: 1px solid;\">72V \/ 28Ah \/ 2016Wh<\/td>\n<\/tr>\n<tr>\n<td style=\"background-color: #e4e1e1; color: #333333; font-family: inherit; font-size: 14px; font-weight: bold; overflow: hidden; padding: 5px 5px; text-align: right; vertical-align: top; word-break: normal; border: 1px solid;\">Moottori<\/td>\n<td style=\"font-family: inherit; font-size: 14px; overflow: hidden; padding: 5px 5px; text-align: center; vertical-align: top; word-break: normal; border: 1px solid;\">1000W<\/td>\n<\/tr>\n<tr>\n<td style=\"background-color: #e4e1e1; color: #333333; font-family: inherit; font-size: 14px; font-weight: bold; overflow: hidden; padding: 5px 5px; text-align: right; vertical-align: top; word-break: normal; border: 1px solid;\">Vedenkest\u00e4vyys<\/td>\n<td style=\"font-family: inherit; font-size: 14px; overflow: hidden; padding: 5px 5px; text-align: center; vertical-align: top; word-break: normal; border: 1px solid;\">IP55<\/td>\n<\/tr>\n<tr>\n<td style=\"background-color: #e4e1e1; color: #333333; font-family: inherit; font-size: 14px; font-weight: bold; overflow: hidden; padding: 5px 5px; text-align: right; vertical-align: top; word-break: normal; border: 1px solid;\">Latausaika<\/td>\n<td style=\"font-family: inherit; font-size: 14px; overflow: hidden; padding: 5px 5px; text-align: center; vertical-align: top; word-break: normal; border: 1px solid;\">6h (kahdella mukana toimitetulla laturilla)<\/td>\n<\/tr>\n<tr>\n<td style=\"background-color: #e4e1e1; color: #333333; font-family: inherit; font-size: 14px; font-weight: bold; overflow: hidden; padding: 5px 5px; text-align: right; vertical-align: top; word-break: normal; border: 1px solid;\">Ajomatka<\/td>\n<td style=\"font-family: inherit; font-size: 14px; overflow: hidden; padding: 5px 5px; text-align: center; vertical-align: top; word-break: normal; border: 1px solid;\">jopa 145km (valmistajan erittely)<\/td>\n<\/tr>\n<tr>\n<td style=\"background-color: #e4e1e1; color: #333333; font-family: inherit; font-size: 14px; font-weight: bold; overflow: hidden; padding: 5px 5px; text-align: right; vertical-align: top; word-break: normal; border: 1px solid;\">Arvoitu ajomatka<\/td>\n<td style=\"font-family: inherit; font-size: 14px; overflow: hidden; padding: 5px 5px; text-align: center; vertical-align: top; word-break: normal; border: 1px solid;\">134km (25km\/h, 70kg kuljettaja, 15Wh\/km)<\/td>\n<\/tr>\n<tr>\n<td style=\"background-color: #e4e1e1; color: #333333; font-family: inherit; font-size: 14px; font-weight: bold; overflow: hidden; padding: 5px 5px; text-align: right; vertical-align: top; word-break: normal; border: 1px solid;\">Valot<\/td>\n<td style=\"font-family: inherit; font-size: 14px; overflow: hidden; padding: 5px 5px; text-align: center; vertical-align: top; word-break: normal; border: 1px solid;\">LED edess\u00e4 ja takana, LED-nauhat sivuilla<\/td>\n<\/tr>\n<tr>\n<td style=\"background-color: #e4e1e1; color: #333333; font-family: inherit; font-size: 14px; font-weight: bold; overflow: hidden; padding: 5px 5px; text-align: right; vertical-align: top; word-break: normal; border: 1px solid;\">Jarrut<\/td>\n<td style=\"font-family: inherit; font-size: 14px; overflow: hidden; padding: 5px 5px; text-align: center; vertical-align: top; word-break: normal; border: 1px solid;\">160 mm:n roottorin kaksoism\u00e4nt\u00e4iset Logan hydrauliset levyjarrut<\/td>\n<\/tr>\n<tr>\n<td style=\"background-color: #e4e1e1; color: #333333; font-family: inherit; font-size: 14px; font-weight: bold; overflow: hidden; padding: 5px 5px; text-align: right; vertical-align: top; word-break: normal; border: 1px solid;\">Renkaat<\/td>\n<td style=\"font-family: inherit; font-size: 14px; overflow: hidden; padding: 5px 5px; text-align: center; vertical-align: top; word-break: normal; border: 1px solid;\">11\u2033 tubeless (ilman sis\u00e4kumia)<\/td>\n<\/tr>\n<tr>\n<td style=\"background-color: #e4e1e1; color: #333333; font-family: inherit; font-size: 14px; font-weight: bold; overflow: hidden; padding: 5px 5px; text-align: right; vertical-align: top; word-break: normal; border: 1px solid;\">Enimm\u00e4iskantavuus<\/td>\n<td style=\"font-family: inherit; font-size: 14px; overflow: hidden; padding: 5px 5px; text-align: center; vertical-align: top; word-break: normal; border: 1px solid;\">150kg<\/td>\n<\/tr>\n<tr>\n<td style=\"background-color: #e4e1e1; color: #333333; font-family: inherit; font-size: 14px; font-weight: bold; overflow: hidden; padding: 5px 5px; text-align: right; vertical-align: top; word-break: normal; border: 1px solid;\">Materiaali<\/td>\n<td style=\"font-family: inherit; font-size: 14px; overflow: hidden; padding: 5px 5px; text-align: center; vertical-align: top; word-break: normal; border: 1px solid;\">Alumiiniprofiilirunko, ruostumaton ter\u00e4s, hiilikuitu<\/td>\n<\/tr>\n<\/tbody>\n<\/table>\n","protected":false},"excerpt":{"rendered":"<p>paremman hinnan? Kirjoita meille, niin teemme sinulle paremman tarjouksen!<\/p>\n<p><strong>Kaikki <a href=\"http:\/\/www.xn--tuksimaailm-ffb.ee\/tootekategooria\/lisavarustus\/\">lis\u00e4varusteet<\/a> ja <a href=\"https:\/\/www.xn\u2014tuksimaailm-ffb.ee\/tootekategooria\/elektritoukeratta-varuosad\/\">varaosat<\/a> ovat -20%, kun ne ostetaan s\u00e4hk\u00f6skootterin kanssa. Alennus otetaan automaattisesti k\u00e4ytt\u00f6\u00f6n, kun lis\u00e4\u00e4t sen ostoskoriin!<\/strong><\/p>\n<p><em><strong>Toimitusaika: 2-9tp<\/p>\n<p><\/strong><\/em><\/p>\n","protected":false},"featured_media":24992,"template":"","meta":[],"product_brand":[],"product_cat":[926],"product_tag":[],"filter_elektritoukeratas":[],"class_list":{"0":"post-41305","1":"product","2":"type-product","3":"status-publish","4":"has-post-thumbnail","6":"product_cat-sahkopotkulaudat-fi","7":"product_shipping_class-keskmine-pakk-fi","8":"pa_aku-mahutavus-wh-2016-fi","9":"pa_kaal-kg-47-fi","10":"pa_kandevoime-kg-150-fi","11":"pa_labisoit-arvutuslik-km-134-fi","12":"pa_mootorite-arv-kahdella-moottorilla","13":"pa_muuja-platvormil-touksimaailm-exocool-ou-fi","14":"pa_piiramata-tippkiirus-kmh-25-fi","15":"pa_tootetuup-elektritoukeratas-fi","16":"pa_valmistaja-nami-fi","17":"pa_voimsus-w-1000-fi","19":"first","20":"instock","21":"taxable","22":"shipping-taxable","23":"purchasable","24":"product-type-simple"},"yoast_head":"<!-- This site is optimized with the Yoast SEO Premium plugin v26.8 (Yoast SEO v27.5) - https:\/\/yoast.com\/product\/yoast-seo-premium-wordpress\/ -->\n<title>Nami Burn-E 2 Viper s\u00e4hk\u00f6potkulauta | T\u00f5uksimaailm<\/title>\n<meta name=\"description\" content=\"Nami Burn-E 2 Viper elektriline t\u00f5ukeratas! \u00dclikiire, v\u00f5imas ja stabiilne. Kahe mootoriga 1000W v\u00f5imsusega kiire elektrit\u00f5ukeratas. Nami elektrit\u00f5ukerattad.\" \/>\n<meta name=\"robots\" content=\"index, follow, max-snippet:-1, max-image-preview:large, max-video-preview:-1\" \/>\n<link rel=\"canonical\" href=\"https:\/\/www.xn--tuksimaailm-ffb.ee\/fi\/shop\/nami-burn-e-2-viper-sahkopotkulauta\/\" \/>\n<meta property=\"og:locale\" content=\"fi_FI\" \/>\n<meta property=\"og:type\" content=\"article\" \/>\n<meta property=\"og:title\" content=\"Nami Burn-E 2 Viper s\u00e4hk\u00f6potkulauta\" \/>\n<meta property=\"og:description\" content=\"Nami Burn-E 2 Viper elektriline t\u00f5ukeratas! \u00dclikiire, v\u00f5imas ja stabiilne. Kahe mootoriga 1000W v\u00f5imsusega kiire elektrit\u00f5ukeratas. Nami elektrit\u00f5ukerattad.\" \/>\n<meta property=\"og:url\" content=\"https:\/\/www.xn--tuksimaailm-ffb.ee\/fi\/shop\/nami-burn-e-2-viper-sahkopotkulauta\/\" \/>\n<meta property=\"og:site_name\" content=\"T\u00f5uksimaailm\" \/>\n<meta property=\"article:publisher\" content=\"https:\/\/www.facebook.com\/touksimaailm\/\" \/>\n<meta property=\"article:modified_time\" content=\"2024-11-08T09:45:05+00:00\" \/>\n<meta property=\"og:image\" content=\"https:\/\/www.xn--tuksimaailm-ffb.ee\/wp-content\/uploads\/2022\/04\/Nami-burn-5.png\" \/>\n\t<meta property=\"og:image:width\" content=\"1123\" \/>\n\t<meta property=\"og:image:height\" content=\"907\" \/>\n\t<meta property=\"og:image:type\" content=\"image\/png\" \/>\n<meta name=\"twitter:card\" content=\"summary_large_image\" \/>\n<meta name=\"twitter:label1\" content=\"Hinta\" \/>\n\t<meta name=\"twitter:data1\" content=\"&euro;3,599.00\" \/>\n\t<meta name=\"twitter:label2\" content=\"Saatavuus\" \/>\n\t<meta name=\"twitter:data2\" content=\"Varastossa\" \/>\n<meta property=\"product:price:amount\" content=\"3599.00\" \/>\n<meta property=\"product:price:currency\" content=\"EUR\" \/>\n<meta property=\"og:availability\" content=\"instock\" \/>\n<meta property=\"product:availability\" content=\"instock\" \/>\n<meta property=\"product:retailer_item_id\" content=\"Nami_Brun_e-1\" \/>\n<meta property=\"product:condition\" content=\"new\" \/>\n<!-- \/ Yoast SEO Premium plugin. -->","yoast_head_json":{"title":"Nami Burn-E 2 Viper s\u00e4hk\u00f6potkulauta | T\u00f5uksimaailm","description":"Nami Burn-E 2 Viper elektriline t\u00f5ukeratas! \u00dclikiire, v\u00f5imas ja stabiilne. Kahe mootoriga 1000W v\u00f5imsusega kiire elektrit\u00f5ukeratas. Nami elektrit\u00f5ukerattad.","robots":{"index":"index","follow":"follow","max-snippet":"max-snippet:-1","max-image-preview":"max-image-preview:large","max-video-preview":"max-video-preview:-1"},"canonical":"https:\/\/www.xn--tuksimaailm-ffb.ee\/fi\/shop\/nami-burn-e-2-viper-sahkopotkulauta\/","og_locale":"fi_FI","og_type":"article","og_title":"Nami Burn-E 2 Viper s\u00e4hk\u00f6potkulauta","og_description":"Nami Burn-E 2 Viper elektriline t\u00f5ukeratas! \u00dclikiire, v\u00f5imas ja stabiilne. Kahe mootoriga 1000W v\u00f5imsusega kiire elektrit\u00f5ukeratas. Nami elektrit\u00f5ukerattad.","og_url":"https:\/\/www.xn--tuksimaailm-ffb.ee\/fi\/shop\/nami-burn-e-2-viper-sahkopotkulauta\/","og_site_name":"T\u00f5uksimaailm","article_publisher":"https:\/\/www.facebook.com\/touksimaailm\/","article_modified_time":"2024-11-08T09:45:05+00:00","og_image":[{"width":1123,"height":907,"url":"https:\/\/www.xn--tuksimaailm-ffb.ee\/wp-content\/uploads\/2022\/04\/Nami-burn-5.png","type":"image\/png"}],"twitter_card":"summary_large_image","twitter_misc":{"Hinta":"&euro;3,599.00","Saatavuus":"Varastossa"},"schema":{"@context":"https:\/\/schema.org","@graph":[{"@type":"WebPage","@id":"https:\/\/www.xn--tuksimaailm-ffb.ee\/fi\/shop\/nami-burn-e-2-viper-sahkopotkulauta\/","url":"https:\/\/www.xn--tuksimaailm-ffb.ee\/fi\/shop\/nami-burn-e-2-viper-sahkopotkulauta\/","name":"Nami Burn-E 2 Viper s\u00e4hk\u00f6potkulauta | T\u00f5uksimaailm","isPartOf":{"@id":"https:\/\/www.xn--tuksimaailm-ffb.ee\/fi\/#website"},"primaryImageOfPage":{"@id":"https:\/\/www.xn--tuksimaailm-ffb.ee\/fi\/shop\/nami-burn-e-2-viper-sahkopotkulauta\/#primaryimage"},"image":{"@id":"https:\/\/www.xn--tuksimaailm-ffb.ee\/fi\/shop\/nami-burn-e-2-viper-sahkopotkulauta\/#primaryimage"},"thumbnailUrl":"https:\/\/www.xn--tuksimaailm-ffb.ee\/wp-content\/uploads\/2022\/04\/Nami-burn-5.png","datePublished":"2022-04-07T15:23:23+00:00","dateModified":"2024-11-08T09:45:05+00:00","description":"Nami Burn-E 2 Viper elektriline t\u00f5ukeratas! \u00dclikiire, v\u00f5imas ja stabiilne. Kahe mootoriga 1000W v\u00f5imsusega kiire elektrit\u00f5ukeratas. Nami elektrit\u00f5ukerattad.","breadcrumb":{"@id":"https:\/\/www.xn--tuksimaailm-ffb.ee\/fi\/shop\/nami-burn-e-2-viper-sahkopotkulauta\/#breadcrumb"},"inLanguage":"fi","potentialAction":[{"@type":"ReadAction","target":["https:\/\/www.xn--tuksimaailm-ffb.ee\/fi\/shop\/nami-burn-e-2-viper-sahkopotkulauta\/"]}]},{"@type":"ImageObject","inLanguage":"fi","@id":"https:\/\/www.xn--tuksimaailm-ffb.ee\/fi\/shop\/nami-burn-e-2-viper-sahkopotkulauta\/#primaryimage","url":"https:\/\/www.xn--tuksimaailm-ffb.ee\/wp-content\/uploads\/2022\/04\/Nami-burn-5.png","contentUrl":"https:\/\/www.xn--tuksimaailm-ffb.ee\/wp-content\/uploads\/2022\/04\/Nami-burn-5.png","width":1123,"height":907,"caption":"elektrit\u00f5ukeratas nami burn-e 2 viper 1"},{"@type":"BreadcrumbList","@id":"https:\/\/www.xn--tuksimaailm-ffb.ee\/fi\/shop\/nami-burn-e-2-viper-sahkopotkulauta\/#breadcrumb","itemListElement":[{"@type":"ListItem","position":1,"name":"Home","item":"https:\/\/www.xn--tuksimaailm-ffb.ee\/fi\/kotisivu\/"},{"@type":"ListItem","position":2,"name":"Kauppa","item":"https:\/\/www.xn--tuksimaailm-ffb.ee\/elektritoukerataste-pood\/"},{"@type":"ListItem","position":3,"name":"Nami Burn-E 2 Viper s\u00e4hk\u00f6potkulauta"}]},{"@type":"WebSite","@id":"https:\/\/www.xn--tuksimaailm-ffb.ee\/fi\/#website","url":"https:\/\/www.xn--tuksimaailm-ffb.ee\/fi\/","name":"T\u00f5uksimaailm","description":"Elektrit\u00f5ukerataste m\u00fc\u00fck, remont ja rent","publisher":{"@id":"https:\/\/www.xn--tuksimaailm-ffb.ee\/fi\/#organization"},"potentialAction":[{"@type":"SearchAction","target":{"@type":"EntryPoint","urlTemplate":"https:\/\/www.xn--tuksimaailm-ffb.ee\/fi\/?s={search_term_string}"},"query-input":{"@type":"PropertyValueSpecification","valueRequired":true,"valueName":"search_term_string"}}],"inLanguage":"fi"},{"@type":"Organization","@id":"https:\/\/www.xn--tuksimaailm-ffb.ee\/fi\/#organization","name":"T\u00f5uksimaailm","url":"https:\/\/www.xn--tuksimaailm-ffb.ee\/fi\/","logo":{"@type":"ImageObject","inLanguage":"fi","@id":"https:\/\/www.xn--tuksimaailm-ffb.ee\/fi\/#\/schema\/logo\/image\/","url":"https:\/\/www.xn--tuksimaailm-ffb.ee\/wp-content\/uploads\/2020\/01\/logoz-e1579792875517.png","contentUrl":"https:\/\/www.xn--tuksimaailm-ffb.ee\/wp-content\/uploads\/2020\/01\/logoz-e1579792875517.png","width":250,"height":250,"caption":"T\u00f5uksimaailm"},"image":{"@id":"https:\/\/www.xn--tuksimaailm-ffb.ee\/fi\/#\/schema\/logo\/image\/"},"sameAs":["https:\/\/www.facebook.com\/touksimaailm\/","https:\/\/www.instagram.com\/touksimaailm_\/","https:\/\/www.youtube.com\/channel\/UC18ml0EKIDLP1xGuQjFzcXQ"]}]},"product_price_amount":"3599.00","product_price_currency":"EUR","og_availability":"instock","product_availability":"instock","product_retailer_item_id":"Nami_Brun_e-1","product_condition":"new"},"jetpack_sharing_enabled":true,"_links":{"self":[{"href":"https:\/\/www.xn--tuksimaailm-ffb.ee\/fi\/wp-json\/wp\/v2\/product\/41305","targetHints":{"allow":["GET"]}}],"collection":[{"href":"https:\/\/www.xn--tuksimaailm-ffb.ee\/fi\/wp-json\/wp\/v2\/product"}],"about":[{"href":"https:\/\/www.xn--tuksimaailm-ffb.ee\/fi\/wp-json\/wp\/v2\/types\/product"}],"wp:featuredmedia":[{"embeddable":true,"href":"https:\/\/www.xn--tuksimaailm-ffb.ee\/fi\/wp-json\/wp\/v2\/media\/24992"}],"wp:attachment":[{"href":"https:\/\/www.xn--tuksimaailm-ffb.ee\/fi\/wp-json\/wp\/v2\/media?parent=41305"}],"wp:term":[{"taxonomy":"product_brand","embeddable":true,"href":"https:\/\/www.xn--tuksimaailm-ffb.ee\/fi\/wp-json\/wp\/v2\/product_brand?post=41305"},{"taxonomy":"product_cat","embeddable":true,"href":"https:\/\/www.xn--tuksimaailm-ffb.ee\/fi\/wp-json\/wp\/v2\/product_cat?post=41305"},{"taxonomy":"product_tag","embeddable":true,"href":"https:\/\/www.xn--tuksimaailm-ffb.ee\/fi\/wp-json\/wp\/v2\/product_tag?post=41305"},{"taxonomy":"filter_elektritoukeratas","embeddable":true,"href":"https:\/\/www.xn--tuksimaailm-ffb.ee\/fi\/wp-json\/wp\/v2\/filter_elektritoukeratas?post=41305"}],"curies":[{"name":"wp","href":"https:\/\/api.w.org\/{rel}","templated":true}]}}