{"id":41309,"date":"2022-04-02T12:57:46","date_gmt":"2022-04-02T09:57:46","guid":{"rendered":"http:\/\/www.xn--tuksimaailm-ffb.ee\/shop\/nanrobot-n6-sahkopotkulauta\/"},"modified":"2024-11-20T12:47:12","modified_gmt":"2024-11-20T09:47:12","slug":"nanrobot-n6-sahkopotkulauta","status":"publish","type":"product","link":"https:\/\/www.xn--tuksimaailm-ffb.ee\/fi\/shop\/nanrobot-n6-sahkopotkulauta\/","title":{"rendered":"Nanrobot N6 s\u00e4hk\u00f6potkulauta"},"content":{"rendered":"<h2 style=\"text-align: center;\">NANROBOT N6 S\u00c4HK\u00d6POTKULAUTA - TUOTEKUVAUS<\/h2>\n<p>Nanrobot N6 -s\u00e4hk\u00f6skootteri on maailmanlaajuisesti hyvin menestyneen D6+-mallin seuraaja. Toisin sanoen ero n\u00e4iden kahden s\u00e4hk\u00f6skootterin v\u00e4lill\u00e4 on ulkon\u00e4\u00f6ss\u00e4 ja rungossa. Nanrobot N6 -s\u00e4hk\u00f6skootteri on paljon raikkaampi ja modernimpi muotoiluratkaisu. N6 on yksi hintaluokkansa t\u00e4ydellisimmist\u00e4 s\u00e4hk\u00f6skoottereista. Siin\u00e4 on ajovalo, joka valaisee my\u00f6s tien riitt\u00e4v\u00e4n tehokkaasti. Uuden mallin N6-s\u00e4hk\u00f6skootteri on suorituskykyinen s\u00e4hk\u00f6skootteri, jossa on kaksoismoottori ja mukava jousitus ja jonka huippunopeus on 25km\/h. Siin\u00e4 on my\u00f6s kevyt rakenne, joka tekee siit\u00e4 helpon ajaa.<\/p>\n<h2 style=\"text-align: center;\">Turvallisuus<\/h2>\n<p>D6+-mallissa on edess\u00e4 ja takana hydrauliset levyjarrut, joissa on EBS-j\u00e4rjestelm\u00e4, joka tarjoaa vahvan jarrutustehon. Lis\u00e4mukavuuden lis\u00e4\u00e4miseksi jousitusnavat on tuettu kahdella hydraulisella jousivaimentimella. N6-s\u00e4hk\u00f6skootteri on varustettu 10-tuumaisilla hybridikuvioisilla ilmarenkailla, jotka tarjoavat erinomaisen ajomukavuuden ja pidon sek\u00e4 lyhyill\u00e4 ett\u00e4 pitkill\u00e4 matkoilla. 2x 500W:n moottoreilla varustettu suorituskykyinen kaksoiss\u00e4hk\u00f6potkulauta saavuttaa 25km\/h nopeuden ja pystyy kulkemaan jopa 50-60km yhdell\u00e4 latauksella. K\u00e4yt\u00f6n helpottamiseksi skootterissa on valittavissa ECO- ja TURBO-tilat.<\/p>\n<p>Nanrobot N6 -s\u00e4hk\u00f6skootteri tarjoaa my\u00f6s mahdollisuuden valita yksi- tai kaksipy\u00f6r\u00e4isen voimansiirron. Ajaminen ECO-tilassa yhdell\u00e4 moottorilla auttaa sinua saavuttamaan skootterin maksimaalisen ajomatkan. Toisaalta TURBO-kaksimoottoritila takaa maksimaalisen kiihtyvyyden ja huippunopeuden - siit\u00e4 kannattaa pit\u00e4\u00e4 tiukasti kiinni! Skootterissa on 10 tuuman ilmarenkaat, pitk\u00e4 ja leve\u00e4 kansirakenne, taittuva ohjausputki ja 150kg:n kantavuus, hydrauliset levyjarrut, C-tyypin jousitusj\u00e4rjestelm\u00e4, akun suojausj\u00e4rjestelm\u00e4 ja eritt\u00e4in tehokkaat <a href=\"https:\/\/et.wikipedia.org\/wiki\/Harjavaba_alalisvoolumootor\">harjatomat moottorit<\/a>. Super LED-valaistus etu- ja takavaloista. Suosittelemme l\u00e4mpim\u00e4sti <a href=\"http:\/\/www.xn--tuksimaailm-ffb.ee\/tootesilt\/elektritoukeratta-kiivrid\/\">kyp\u00e4r\u00e4n<\/a> k\u00e4ytt\u00e4mist\u00e4 s\u00e4hk\u00f6skootterilla (erityisesti tehokkaalla s\u00e4hk\u00f6skootterilla) ajettaessa.<\/p>\n<p><strong style=\"box-sizing: inherit; margin: 0px; padding: 0px; border: 0px; font-variant-numeric: inherit; font-variant-east-asian: inherit; font-stretch: inherit; font-size: 17px; line-height: inherit;\">Nanrobot N6 -s\u00e4hk\u00f6potkulauta on Viron liikennelain mukainen katulupavalmisteinen kevytliikkuvuuspotkulauta, jonka valmistajan teho on 1000W ja valmistajan nopeus 25km\/h. HUOM: Jos k\u00e4ytt\u00e4j\u00e4 on itsen\u00e4isesti muuttanut s\u00e4hk\u00f6potkulautaa nopeammaksi tai tehokkaammaksi kuin edell\u00e4 mainitut parametrit, T\u00f5uksimaailm ei ole vastuussa lain rikkomisesta aiheutuvista sakoista, s\u00e4hk\u00f6potkulautan takavarikoimisesta poliisin toimesta tai mist\u00e4\u00e4n muustakaan rikkomisesta aiheutuneesta vahingosta.<\/strong><\/p>\n<table class=\"tg\" style=\"border-collapse: collapse; max-width: 600px; border-spacing: 0; margin: 0px auto;\">\n<tbody>\n<tr>\n<td style=\"background-color: #e4e1e1; color: #333333; font-family: inherit; font-size: 14px; font-weight: bold; overflow: hidden; padding: 5px 5px; text-align: center; vertical-align: top; word-break: normal; border: 1px solid;\" colspan=\"2\">Tekniset tiedot<\/td>\n<\/tr>\n<tr>\n<td style=\"background-color: #e4e1e1; color: #333333; font-family: inherit; font-size: 14px; font-weight: bold; overflow: hidden; padding: 5px 5px; text-align: right; vertical-align: top; word-break: normal; border: 1px solid;\">Kulku yhdell\u00e4 latauksella, valmistajan eritelm\u00e4n mukaan<br \/>Arvioitu ajomatka per lataus<\/td>\n<td style=\"font-family: inherit; font-size: 14px; overflow: hidden; padding: 5px 5px; text-align: center; vertical-align: top; word-break: normal; border: 1px solid;\">50-60km<br \/>90km (25km\/h, 70kg kuljettaja, 15Wh\/km)<\/td>\n<\/tr>\n<tr>\n<td style=\"background-color: #e4e1e1; color: #333333; font-family: inherit; font-size: 14px; font-weight: bold; overflow: hidden; padding: 5px 5px; text-align: right; vertical-align: top; word-break: normal; border: 1px solid;\">Moottorin teho<\/td>\n<td style=\"font-family: inherit; font-size: 14px; overflow: hidden; padding: 5px 5px; text-align: center; vertical-align: top; word-break: normal; border: 1px solid;\">1000W<\/td>\n<\/tr>\n<tr>\n<td style=\"background-color: #e4e1e1; color: #333333; font-family: inherit; font-size: 14px; font-weight: bold; overflow: hidden; padding: 5px 5px; text-align: right; vertical-align: top; word-break: normal; border: 1px solid;\">Nopeus<\/td>\n<td style=\"font-family: inherit; font-size: 14px; overflow: hidden; padding: 5px 5px; text-align: center; vertical-align: top; word-break: normal; border: 1px solid;\">\u00a025km\/h<\/td>\n<\/tr>\n<tr>\n<td style=\"background-color: #e4e1e1; color: #333333; font-family: inherit; font-size: 14px; font-weight: bold; overflow: hidden; padding: 5px 5px; text-align: right; vertical-align: top; word-break: normal; border: 1px solid;\">Akku<\/td>\n<td style=\"font-family: inherit; font-size: 14px; overflow: hidden; padding: 5px 5px; text-align: center; vertical-align: top; word-break: normal; border: 1px solid;\">Li-Ion 52V \/ 26Ah \/ 1352Wh<\/td>\n<\/tr>\n<tr>\n<td style=\"background-color: #e4e1e1; color: #333333; font-family: inherit; font-size: 14px; font-weight: bold; overflow: hidden; padding: 5px 5px; text-align: right; vertical-align: top; word-break: normal; border: 1px solid;\">Py\u00f6r\u00e4n koko<\/td>\n<td style=\"font-family: inherit; font-size: 14px; overflow: hidden; padding: 5px 5px; text-align: center; vertical-align: top; word-break: normal; border: 1px solid;\">25.4cm \/ 10 tuuman<\/td>\n<\/tr>\n<tr>\n<td style=\"background-color: #e4e1e1; color: #333333; font-family: inherit; font-size: 14px; font-weight: bold; overflow: hidden; padding: 5px 5px; text-align: right; vertical-align: top; word-break: normal; border: 1px solid;\">Painorajoitus<\/td>\n<td style=\"font-family: inherit; font-size: 14px; overflow: hidden; padding: 5px 5px; text-align: center; vertical-align: top; word-break: normal; border: 1px solid;\">150kg<\/td>\n<\/tr>\n<tr>\n<td style=\"background-color: #e4e1e1; color: #333333; font-family: inherit; font-size: 14px; font-weight: bold; overflow: hidden; padding: 5px 5px; text-align: right; vertical-align: top; word-break: normal; border: 1px solid;\">Jarrut<\/td>\n<td style=\"font-family: inherit; font-size: 14px; overflow: hidden; padding: 5px 5px; text-align: center; vertical-align: top; word-break: normal; border: 1px solid;\">Hydrauliset levyjarrut edess\u00e4 ja takana<\/td>\n<\/tr>\n<tr>\n<td style=\"background-color: #e4e1e1; color: #333333; font-family: inherit; font-size: 14px; font-weight: bold; overflow: hidden; padding: 5px 5px; text-align: right; vertical-align: top; word-break: normal; border: 1px solid;\">Renkaat<\/td>\n<td style=\"font-family: inherit; font-size: 14px; overflow: hidden; padding: 5px 5px; text-align: center; vertical-align: top; word-break: normal; border: 1px solid;\">10\u2033 ilmarenkaat (hybridirenkaat)<\/td>\n<\/tr>\n<tr>\n<td style=\"background-color: #e4e1e1; color: #333333; font-family: inherit; font-size: 14px; font-weight: bold; overflow: hidden; padding: 5px 5px; text-align: right; vertical-align: top; word-break: normal; border: 1px solid;\">Iskenvamentimet<\/td>\n<td style=\"font-family: inherit; font-size: 14px; overflow: hidden; padding: 5px 5px; text-align: center; vertical-align: top; word-break: normal; border: 1px solid;\">Jousen kiinnikkeet edess\u00e4 ja takana<\/td>\n<\/tr>\n<tr>\n<td style=\"background-color: #e4e1e1; color: #333333; font-family: inherit; font-size: 14px; font-weight: bold; overflow: hidden; padding: 5px 5px; text-align: right; vertical-align: top; word-break: normal; border: 1px solid;\">Valot<\/td>\n<td style=\"font-family: inherit; font-size: 14px; overflow: hidden; padding: 5px 5px; text-align: center; vertical-align: top; word-break: normal; border: 1px solid;\">Etu- &amp; taka-LED-valot<\/td>\n<\/tr>\n<tr>\n<td style=\"background-color: #e4e1e1; color: #333333; font-family: inherit; font-size: 14px; font-weight: bold; overflow: hidden; padding: 5px 5px; text-align: right; vertical-align: top; word-break: normal; border: 1px solid;\">Moottorinohjaimet<\/td>\n<td style=\"font-family: inherit; font-size: 14px; overflow: hidden; padding: 5px 5px; text-align: center; vertical-align: top; word-break: normal; border: 1px solid;\">BLDC<\/td>\n<\/tr>\n<tr>\n<td style=\"background-color: #e4e1e1; color: #333333; font-family: inherit; font-size: 14px; font-weight: bold; overflow: hidden; padding: 5px 5px; text-align: right; vertical-align: top; word-break: normal; border: 1px solid;\">Lataus<\/td>\n<td style=\"font-family: inherit; font-size: 14px; overflow: hidden; padding: 5px 5px; text-align: center; vertical-align: top; word-break: normal; border: 1px solid;\">2 rinnakkaista latausporttia<\/td>\n<\/tr>\n<tr>\n<td style=\"background-color: #e4e1e1; color: #333333; font-family: inherit; font-size: 14px; font-weight: bold; overflow: hidden; padding: 5px 5px; text-align: right; vertical-align: top; word-break: normal; border: 1px solid;\">Latausaika<\/td>\n<td style=\"font-family: inherit; font-size: 14px; overflow: hidden; padding: 5px 5px; text-align: center; vertical-align: top; word-break: normal; border: 1px solid;\">5h kahdella laturilla, 10h yhdell\u00e4 laturilla<\/td>\n<\/tr>\n<tr>\n<td style=\"background-color: #e4e1e1; color: #333333; font-family: inherit; font-size: 14px; font-weight: bold; overflow: hidden; padding: 5px 5px; text-align: right; vertical-align: top; word-break: normal; border: 1px solid;\">S\u00e4hk\u00f6potkulaudan mitat<\/td>\n<td style=\"font-family: inherit; font-size: 14px; overflow: hidden; padding: 5px 5px; text-align: center; vertical-align: top; word-break: normal; border: 1px solid;\">105x58x120cm<\/td>\n<\/tr>\n<tr>\n<td style=\"background-color: #e4e1e1; color: #333333; font-family: inherit; font-size: 14px; font-weight: bold; overflow: hidden; padding: 5px 5px; text-align: right; vertical-align: top; word-break: normal; border: 1px solid;\">Paino<\/td>\n<td style=\"font-family: inherit; font-size: 14px; overflow: hidden; padding: 5px 5px; text-align: center; vertical-align: top; word-break: normal; border: 1px solid;\">35kg<\/td>\n<\/tr>\n<\/tbody>\n<\/table>\n","protected":false},"excerpt":{"rendered":"<p><a href=\"http:\/\/www.xn--tuksimaailm-ffb.ee\/kontakt\/\"><strong>L\u00f6ysitk\u00f6 paremman hinnan? Kirjoita meille, niin teemme sinulle paremman tarjouksen!<\/strong><\/a><\/p>\n<p>\u2028\u2028<\/p>\n<p><strong>Kaikki\u00a0<a href=\"http:\/\/www.xn--tuksimaailm-ffb.ee\/tootekategooria\/lisavarustus\/\">lis\u00e4varusteet<\/a>\u00a0ja\u00a0<a href=\"https:\/\/www.xn\u2014tuksimaailm-ffb.ee\/tootekategooria\/elektritoukeratta-varuosad\/\">varaosat<\/a> ovat\u00a0-20%, kun ne ostetaan s\u00e4hk\u00f6skootterin kanssa. Alennus otetaan automaattisesti k\u00e4ytt\u00f6\u00f6n, kun lis\u00e4\u00e4t sen ostoskoriin!<\/strong><\/p>\n<p><em><strong>Toimitusaika: TBD<\/p>\n<p><\/strong><\/em><\/p>\n","protected":false},"featured_media":25431,"template":"","meta":[],"product_brand":[],"product_cat":[926],"product_tag":[],"filter_elektritoukeratas":[],"class_list":{"0":"post-41309","1":"product","2":"type-product","3":"status-publish","4":"has-post-thumbnail","6":"product_cat-sahkopotkulaudat-fi","7":"product_shipping_class-keskmine-pakk-fi","8":"pa_aku-mahutavus-wh-1352-fi","9":"pa_kaal-kg-35-fi","10":"pa_kandevoime-kg-150-fi","11":"pa_labisoit-arvutuslik-km-90-fi","12":"pa_mootorite-arv-kahdella-moottorilla","13":"pa_muuja-platvormil-nrbt-ou-fi","14":"pa_piiramata-tippkiirus-kmh-25-fi","15":"pa_tootetuup-elektritoukeratas-fi","16":"pa_valmistaja-nanrobot-fi","17":"pa_voimsus-w-1000-fi","19":"first","20":"outofstock","21":"sale","22":"taxable","23":"shipping-taxable","24":"purchasable","25":"product-type-simple"},"yoast_head":"<!-- This site is optimized with the Yoast SEO Premium plugin v26.8 (Yoast SEO v27.5) - https:\/\/yoast.com\/product\/yoast-seo-premium-wordpress\/ -->\n<title>Nanrobot N6 s\u00e4hk\u00f6potkulauta | D6+ uues kuues | T\u00f5uksimaailm<\/title>\n<meta name=\"description\" content=\"Nanrobot N6 elektrit\u00f5ukeratas. Parima varustusega elektrit\u00f5ukeratas mugavaks s\u00f5iduks, 2x500W mootoritega elektriline t\u00f5ukeratas.\" \/>\n<meta name=\"robots\" content=\"index, follow, max-snippet:-1, max-image-preview:large, max-video-preview:-1\" \/>\n<link rel=\"canonical\" href=\"https:\/\/www.xn--tuksimaailm-ffb.ee\/fi\/shop\/nanrobot-n6-sahkopotkulauta\/\" \/>\n<meta property=\"og:locale\" content=\"fi_FI\" \/>\n<meta property=\"og:type\" content=\"article\" \/>\n<meta property=\"og:title\" content=\"Nanrobot N6 s\u00e4hk\u00f6potkulauta\" \/>\n<meta property=\"og:description\" content=\"Nanrobot N6 elektrit\u00f5ukeratas. Parima varustusega elektrit\u00f5ukeratas mugavaks s\u00f5iduks, 2x500W mootoritega elektriline t\u00f5ukeratas.\" \/>\n<meta property=\"og:url\" content=\"https:\/\/www.xn--tuksimaailm-ffb.ee\/fi\/shop\/nanrobot-n6-sahkopotkulauta\/\" \/>\n<meta property=\"og:site_name\" content=\"T\u00f5uksimaailm\" \/>\n<meta property=\"article:publisher\" content=\"https:\/\/www.facebook.com\/touksimaailm\/\" \/>\n<meta property=\"article:modified_time\" content=\"2024-11-20T09:47:12+00:00\" \/>\n<meta property=\"og:image\" content=\"https:\/\/www.xn--tuksimaailm-ffb.ee\/wp-content\/uploads\/2022\/04\/n6m-1.jpg\" \/>\n\t<meta property=\"og:image:width\" content=\"551\" \/>\n\t<meta property=\"og:image:height\" content=\"545\" \/>\n\t<meta property=\"og:image:type\" content=\"image\/jpeg\" \/>\n<meta name=\"twitter:card\" content=\"summary_large_image\" \/>\n<meta name=\"twitter:label1\" content=\"Hinta\" \/>\n\t<meta name=\"twitter:data1\" content=\"&euro;1,699.00\" \/>\n\t<meta name=\"twitter:label2\" content=\"Saatavuus\" \/>\n\t<meta name=\"twitter:data2\" content=\"Loppu varastosta\" \/>\n<meta property=\"product:price:amount\" content=\"1699.00\" \/>\n<meta property=\"product:price:currency\" content=\"EUR\" \/>\n<meta property=\"og:availability\" content=\"out of stock\" \/>\n<meta property=\"product:availability\" content=\"out of stock\" \/>\n<meta property=\"product:retailer_item_id\" content=\"Nanrobot_D6-1\" \/>\n<meta property=\"product:condition\" content=\"new\" \/>\n<!-- \/ Yoast SEO Premium plugin. -->","yoast_head_json":{"title":"Nanrobot N6 s\u00e4hk\u00f6potkulauta | D6+ uues kuues | T\u00f5uksimaailm","description":"Nanrobot N6 elektrit\u00f5ukeratas. Parima varustusega elektrit\u00f5ukeratas mugavaks s\u00f5iduks, 2x500W mootoritega elektriline t\u00f5ukeratas.","robots":{"index":"index","follow":"follow","max-snippet":"max-snippet:-1","max-image-preview":"max-image-preview:large","max-video-preview":"max-video-preview:-1"},"canonical":"https:\/\/www.xn--tuksimaailm-ffb.ee\/fi\/shop\/nanrobot-n6-sahkopotkulauta\/","og_locale":"fi_FI","og_type":"article","og_title":"Nanrobot N6 s\u00e4hk\u00f6potkulauta","og_description":"Nanrobot N6 elektrit\u00f5ukeratas. Parima varustusega elektrit\u00f5ukeratas mugavaks s\u00f5iduks, 2x500W mootoritega elektriline t\u00f5ukeratas.","og_url":"https:\/\/www.xn--tuksimaailm-ffb.ee\/fi\/shop\/nanrobot-n6-sahkopotkulauta\/","og_site_name":"T\u00f5uksimaailm","article_publisher":"https:\/\/www.facebook.com\/touksimaailm\/","article_modified_time":"2024-11-20T09:47:12+00:00","og_image":[{"width":551,"height":545,"url":"https:\/\/www.xn--tuksimaailm-ffb.ee\/wp-content\/uploads\/2022\/04\/n6m-1.jpg","type":"image\/jpeg"}],"twitter_card":"summary_large_image","twitter_misc":{"Hinta":"&euro;1,699.00","Saatavuus":"Loppu varastosta"},"schema":{"@context":"https:\/\/schema.org","@graph":[{"@type":"WebPage","@id":"https:\/\/www.xn--tuksimaailm-ffb.ee\/fi\/shop\/nanrobot-n6-sahkopotkulauta\/","url":"https:\/\/www.xn--tuksimaailm-ffb.ee\/fi\/shop\/nanrobot-n6-sahkopotkulauta\/","name":"Nanrobot N6 s\u00e4hk\u00f6potkulauta | D6+ uues kuues | T\u00f5uksimaailm","isPartOf":{"@id":"https:\/\/www.xn--tuksimaailm-ffb.ee\/fi\/#website"},"primaryImageOfPage":{"@id":"https:\/\/www.xn--tuksimaailm-ffb.ee\/fi\/shop\/nanrobot-n6-sahkopotkulauta\/#primaryimage"},"image":{"@id":"https:\/\/www.xn--tuksimaailm-ffb.ee\/fi\/shop\/nanrobot-n6-sahkopotkulauta\/#primaryimage"},"thumbnailUrl":"https:\/\/www.xn--tuksimaailm-ffb.ee\/wp-content\/uploads\/2022\/04\/n6m-1.jpg","datePublished":"2022-04-02T09:57:46+00:00","dateModified":"2024-11-20T09:47:12+00:00","description":"Nanrobot N6 elektrit\u00f5ukeratas. Parima varustusega elektrit\u00f5ukeratas mugavaks s\u00f5iduks, 2x500W mootoritega elektriline t\u00f5ukeratas.","breadcrumb":{"@id":"https:\/\/www.xn--tuksimaailm-ffb.ee\/fi\/shop\/nanrobot-n6-sahkopotkulauta\/#breadcrumb"},"inLanguage":"fi","potentialAction":[{"@type":"ReadAction","target":["https:\/\/www.xn--tuksimaailm-ffb.ee\/fi\/shop\/nanrobot-n6-sahkopotkulauta\/"]}]},{"@type":"ImageObject","inLanguage":"fi","@id":"https:\/\/www.xn--tuksimaailm-ffb.ee\/fi\/shop\/nanrobot-n6-sahkopotkulauta\/#primaryimage","url":"https:\/\/www.xn--tuksimaailm-ffb.ee\/wp-content\/uploads\/2022\/04\/n6m-1.jpg","contentUrl":"https:\/\/www.xn--tuksimaailm-ffb.ee\/wp-content\/uploads\/2022\/04\/n6m-1.jpg","width":551,"height":545,"caption":"nanrobot n6 elektrit\u00f5ukeratas must elektriline t\u00f5ukeratas 1"},{"@type":"BreadcrumbList","@id":"https:\/\/www.xn--tuksimaailm-ffb.ee\/fi\/shop\/nanrobot-n6-sahkopotkulauta\/#breadcrumb","itemListElement":[{"@type":"ListItem","position":1,"name":"Home","item":"https:\/\/www.xn--tuksimaailm-ffb.ee\/fi\/kotisivu\/"},{"@type":"ListItem","position":2,"name":"Kauppa","item":"https:\/\/www.xn--tuksimaailm-ffb.ee\/elektritoukerataste-pood\/"},{"@type":"ListItem","position":3,"name":"Nanrobot N6 s\u00e4hk\u00f6potkulauta"}]},{"@type":"WebSite","@id":"https:\/\/www.xn--tuksimaailm-ffb.ee\/fi\/#website","url":"https:\/\/www.xn--tuksimaailm-ffb.ee\/fi\/","name":"T\u00f5uksimaailm","description":"Elektrit\u00f5ukerataste m\u00fc\u00fck, remont ja rent","publisher":{"@id":"https:\/\/www.xn--tuksimaailm-ffb.ee\/fi\/#organization"},"potentialAction":[{"@type":"SearchAction","target":{"@type":"EntryPoint","urlTemplate":"https:\/\/www.xn--tuksimaailm-ffb.ee\/fi\/?s={search_term_string}"},"query-input":{"@type":"PropertyValueSpecification","valueRequired":true,"valueName":"search_term_string"}}],"inLanguage":"fi"},{"@type":"Organization","@id":"https:\/\/www.xn--tuksimaailm-ffb.ee\/fi\/#organization","name":"T\u00f5uksimaailm","url":"https:\/\/www.xn--tuksimaailm-ffb.ee\/fi\/","logo":{"@type":"ImageObject","inLanguage":"fi","@id":"https:\/\/www.xn--tuksimaailm-ffb.ee\/fi\/#\/schema\/logo\/image\/","url":"https:\/\/www.xn--tuksimaailm-ffb.ee\/wp-content\/uploads\/2020\/01\/logoz-e1579792875517.png","contentUrl":"https:\/\/www.xn--tuksimaailm-ffb.ee\/wp-content\/uploads\/2020\/01\/logoz-e1579792875517.png","width":250,"height":250,"caption":"T\u00f5uksimaailm"},"image":{"@id":"https:\/\/www.xn--tuksimaailm-ffb.ee\/fi\/#\/schema\/logo\/image\/"},"sameAs":["https:\/\/www.facebook.com\/touksimaailm\/","https:\/\/www.instagram.com\/touksimaailm_\/","https:\/\/www.youtube.com\/channel\/UC18ml0EKIDLP1xGuQjFzcXQ"]}]},"product_price_amount":"1699.00","product_price_currency":"EUR","og_availability":"out of stock","product_availability":"out of stock","product_retailer_item_id":"Nanrobot_D6-1","product_condition":"new"},"jetpack_sharing_enabled":true,"_links":{"self":[{"href":"https:\/\/www.xn--tuksimaailm-ffb.ee\/fi\/wp-json\/wp\/v2\/product\/41309","targetHints":{"allow":["GET"]}}],"collection":[{"href":"https:\/\/www.xn--tuksimaailm-ffb.ee\/fi\/wp-json\/wp\/v2\/product"}],"about":[{"href":"https:\/\/www.xn--tuksimaailm-ffb.ee\/fi\/wp-json\/wp\/v2\/types\/product"}],"wp:featuredmedia":[{"embeddable":true,"href":"https:\/\/www.xn--tuksimaailm-ffb.ee\/fi\/wp-json\/wp\/v2\/media\/25431"}],"wp:attachment":[{"href":"https:\/\/www.xn--tuksimaailm-ffb.ee\/fi\/wp-json\/wp\/v2\/media?parent=41309"}],"wp:term":[{"taxonomy":"product_brand","embeddable":true,"href":"https:\/\/www.xn--tuksimaailm-ffb.ee\/fi\/wp-json\/wp\/v2\/product_brand?post=41309"},{"taxonomy":"product_cat","embeddable":true,"href":"https:\/\/www.xn--tuksimaailm-ffb.ee\/fi\/wp-json\/wp\/v2\/product_cat?post=41309"},{"taxonomy":"product_tag","embeddable":true,"href":"https:\/\/www.xn--tuksimaailm-ffb.ee\/fi\/wp-json\/wp\/v2\/product_tag?post=41309"},{"taxonomy":"filter_elektritoukeratas","embeddable":true,"href":"https:\/\/www.xn--tuksimaailm-ffb.ee\/fi\/wp-json\/wp\/v2\/filter_elektritoukeratas?post=41309"}],"curies":[{"name":"wp","href":"https:\/\/api.w.org\/{rel}","templated":true}]}}