{"id":41374,"date":"2021-12-20T12:58:09","date_gmt":"2021-12-20T12:58:09","guid":{"rendered":"http:\/\/www.xn--tuksimaailm-ffb.ee\/shop\/speedway-leger-sahkopotkulauta\/"},"modified":"2024-02-09T10:51:01","modified_gmt":"2024-02-09T07:51:01","slug":"speedway-leger-sahkopotkulauta","status":"publish","type":"product","link":"https:\/\/www.xn--tuksimaailm-ffb.ee\/fi\/shop\/speedway-leger-sahkopotkulauta\/","title":{"rendered":"Speedway Leger s\u00e4hk\u00f6potkulauta"},"content":{"rendered":"<h2 style=\"text-align: center;\">SPEEDWAY LEGER S\u00c4HK\u00d6POTKULAUTA - TUOTEKUVAUS<\/h2>\n<p>Speedway Leger -s\u00e4hk\u00f6skootteri kuuluu Minimotors Speedway -valikoimaan, joka sis\u00e4lt\u00e4\u00e4 kevyimm\u00e4t ja kompaktimmat mahdolliset s\u00e4hk\u00f6skootterit, jotka sopivat keskivertok\u00e4ytt\u00e4j\u00e4lle. Leger on siis askel alasp\u00e4in <a href=\"http:\/\/www.xn--tuksimaailm-ffb.ee\/shop\/dualtron-mini-elektritoukeratas\/\"><strong>Dualtron Mini<\/strong><\/a>\u00a0-s\u00e4hk\u00f6skootterista, mutta todellisuudessa se on enemm\u00e4nkin vastaava s\u00e4hk\u00f6skootteri, jossa on hieman erilaisia ominaisuuksia. Dualtron Minin tavoin Leger kuuluu <strong>\"eritt\u00e4in kompaktien s\u00e4hk\u00f6skoottereiden\"<\/strong> luokkaan, ja sen kokoontaitettavien k\u00e4densijojen ansiosta se on itse asiassa viel\u00e4 kompaktimpi kuin Mini. Speedway Legerill\u00e4 on my\u00f6s hieman tavanomaisempi muotoilu, joka ei her\u00e4t\u00e4 kaupunkikuvassa niin paljon huomiota kuin RBG-valoilla varustettu Mini varmasti her\u00e4tt\u00e4\u00e4. Lastenrattaiden maailmassa Speedway Leger -s\u00e4hk\u00f6potkulauta on saatavana <strong>48V\/15,6Ah<\/strong> akulla. Akun kapasiteetti on <strong>749Wh<\/strong> ja sill\u00e4 voi ajaa jopa <strong>55km<\/strong> yhdell\u00e4 latauksella. Realistinen kilometrim\u00e4\u00e4r\u00e4 on 35-45km, kun otetaan huomioon jarrutus-kiihdytys ja se, ett\u00e4 kuljettaja painaa yli 65kg.<\/p>\n<p>Leger on my\u00f6s 3 kg kevyempi kuin Mini, sill\u00e4 se painaa vain <strong>19kg<\/strong> - saman verran kuin eritt\u00e4in suosittu\u00a0<a href=\"http:\/\/www.xn--tuksimaailm-ffb.ee\/shop\/segway-ninebot-max-g30e-ii-elektritoukeratas\/\"><strong>Ninebot Max G30E<\/strong><\/a>.\u00a0Muihin pienempiin s\u00e4hk\u00f6potkulautoihin verrattuna Speedway Leger on varustettu takakulmaisella jalkatuella, joka on samanlainen kuin suuremmissa Dualtron-malleissa. T\u00e4m\u00e4 mahdollistaa monenlaiset mukavat ajoasennot. Riitt\u00e4v\u00e4n mukavuuden kaupunkiymp\u00e4rist\u00f6ss\u00e4 takaavat 8,5x2,0\" ilmarenkaat ja iskunvaimentimet. Turvallisen pys\u00e4htymisen takaa takarumpujarru, joka on huoltovapaa jarrutyyppi eik\u00e4 vaadi jatkuvaa s\u00e4\u00e4t\u00f6\u00e4 levyjarruihin verrattuna. <strong>1000W:n<\/strong> harjattomalla tasavirtamoottorilla varustettu Speedway Leger -s\u00e4hk\u00f6skootteri on my\u00f6s nopea, sill\u00e4 se saavuttaa maantienopeuden jopa <strong>25km\/h<\/strong>. Se on markkinoiden nopein skootteri.<img decoding=\"async\" class=\"wp-image-6763 aligncenter\" src=\"https:\/\/www.xn--tuksimaailm-ffb.ee\/wp-content\/uploads\/2021\/12\/Leger-3a-300x128.png\" alt=\"speedway leger elektrit\u00f5ukeratas elektriline t\u00f5ukeratas minimotors elektrit\u00f5ukerattad\" width=\"773\" height=\"330\" srcset=\"https:\/\/www.xn--tuksimaailm-ffb.ee\/wp-content\/uploads\/2021\/12\/Leger-3a-300x128.png 300w, https:\/\/www.xn--tuksimaailm-ffb.ee\/wp-content\/uploads\/2021\/12\/Leger-3a-768x327.png 768w, https:\/\/www.xn--tuksimaailm-ffb.ee\/wp-content\/uploads\/2021\/12\/Leger-3a-611x260.png 611w, https:\/\/www.xn--tuksimaailm-ffb.ee\/wp-content\/uploads\/2021\/12\/Leger-3a-600x255.png 600w, https:\/\/www.xn--tuksimaailm-ffb.ee\/wp-content\/uploads\/2021\/12\/Leger-3a.png 820w\" sizes=\"(max-width: 773px) 100vw, 773px\" \/><\/p>\n<h2 style=\"text-align: center;\">SPEEDWAY LEGER S\u00c4HK\u00d6POTKULAUTA - TYYLIK\u00c4S JA KOMPAKTI<\/h2>\n<p>Minimotors on yksi maailman vanhimmista yrityksist\u00e4, joka kehitt\u00e4\u00e4 ja valmistaa pieni\u00e4 ja kevyit\u00e4 s\u00e4hk\u00f6moottoreita. Minimotors aloitti kehitysty\u00f6n jo vuonna 1999, ja sill\u00e4 oli teknologinen etumatka kilpailijoihinsa n\u00e4hden s\u00e4hk\u00f6isten kevyiden skoottereiden vallankumouksen alussa, ja se on kasvanut maailman tunnetuimmaksi s\u00e4hk\u00f6isten skoottereiden tuotemerkiksi. Speedway-s\u00e4hk\u00f6skootterivalikoima kehitettiin eritt\u00e4in suosituista Dualtron-s\u00e4hk\u00f6skoottereista. Speedway-mallit on suunniteltu kilpailemaan suosituimpien pienten s\u00e4hk\u00f6skootterivalmistajien, kuten <a href=\"http:\/\/www.xn--tuksimaailm-ffb.ee\/shop\/inokim-quick-4-hero-elektritoukeratas\/\"><strong>Inokimin<\/strong><\/a> ja <a href=\"http:\/\/www.xn--tuksimaailm-ffb.ee\/shop\/elektriline-toukeratas-ninebot-max-g30\/\"><strong>Segway Ninebotin<\/strong><\/a> kanssa.<\/p>\n<p>Speedway Leger -taittomekanismi on yksi lujarakenteisimmista saatavilla olevista ratkaisuista. Se kest\u00e4\u00e4 my\u00f6s hyvin v\u00e4h\u00e4n aikaa taittaa kokoon, eik\u00e4 se ole hankalaa, kun joudut kantamaan t\u00e4t\u00e4 s\u00e4hk\u00f6skootteria p\u00e4ivitt\u00e4in portaita yl\u00f6s. Seedway Leger -s\u00e4hk\u00f6skootteri on varustettu my\u00f6s kineettisen energian varastointij\u00e4rjestelm\u00e4ll\u00e4 (KERS). T\u00e4m\u00e4 j\u00e4rjestelm\u00e4 lataa akkua, kun s\u00e4hk\u00f6skootterin kuljettaja k\u00e4ytt\u00e4\u00e4 jarrutukseen s\u00e4hk\u00f6ist\u00e4 magneettijarrua. Leger-s\u00e4hk\u00f6skootterissa, kuten muissakin nykyaikaisissa Minimotors-s\u00e4hk\u00f6skoottereissa, on EY3 (EYE) LCD-n\u00e4ytt\u00f6. T\u00e4m\u00e4 n\u00e4ytt\u00f6 varmistaa, ett\u00e4 kuljettaja on koko ajan tietoinen kaikesta, mit\u00e4 h\u00e4nen on tiedett\u00e4v\u00e4. EY3-n\u00e4ytt\u00f6\u00e4 arvostetaan my\u00f6s sen hyv\u00e4n kaasuvasteen vuoksi.<\/p>\n<h2 style=\"text-align: center;\">MINIMOTORS SPEEDWAY S\u00c4HK\u00d6POTKULAUDAT - SUORITUS<\/h2>\n<p>Seaduse kohaselt on karbist v\u00e4lja v\u00f5ttes elektrit\u00f5ukeratta valmistajakiiruseks <strong>25km\/h<\/strong>. Selle kiiruse saavutamiseks kulub Speedway Leger elektrilisel t\u00f5ukerattal (kuni <strong>100kg<\/strong> raskust kandes) vaid loetud sekundid. Aku t\u00e4is laadimiseks 0-100% l\u00e4heb aega elektrit\u00f5ukerattaga karbis kaasas oleva laadijaga umbes <strong>7-8\u00a0tundi<\/strong>.<\/p>\n<p>Speedway Leger elektrit\u00f5ukerattale on paigaldatud ka t\u00e4iesti uus valgustuss\u00fcsteem, mis aitab tagada turvalisust ja ette aimatavust kiire liiklusega linnakeskkonnas. Elektrit\u00f5ukeratta esiosa on varustatud suure LED tulega, mis aitab valgustada teed ning tagab samas ka s\u00f5itja n\u00e4htavuse k\u00f5ige pimedamatel novembrikuu tundidel. Speedway Leger on arendatud linnas liiklemiseks ning on varustatud nii pidurituledega kui ka tagatuledega. Eletrit\u00f5ukerattaga s\u00f5ites on <a href=\"http:\/\/www.xn--tuksimaailm-ffb.ee\/shop\/elektrilise-toukeratta-kiiver-led-tagatulega-smart-4u\/\">kiivri<\/a> kandmine tungivalt soovituslik. Alla 16 aastase elektrit\u00f5ukerattaga s\u00f5itja jaoks on s\u00f5idu ajal kiivri kandmine <a href=\"https:\/\/www.riigiteataja.ee\/akt\/113112020001\">seaduse<\/a> j\u00e4rgi kohustuslik. K\u00f5ik Minimotors Speedway elektrit\u00f5ukerattad on leitavad <a href=\"http:\/\/www.xn--tuksimaailm-ffb.ee\/tootekategooria\/elektritoukeratas\/\"><strong>siit<\/strong><\/a>.<\/p>\n<p><strong style=\"box-sizing: inherit; margin: 0px; padding: 0px; border: 0px; font-variant-numeric: inherit; font-variant-east-asian: inherit; font-stretch: inherit; font-size: 17px; line-height: inherit;\">Minimotors Speedway Leger elektrit\u00f5ukeratas on Eesti liiklusseaduse j\u00e4rgi t\u00e4navalegaalne kergliikur valmistajav\u00f5imsusega 1000W ning valmistajakiirusega 25km\/h. NB! Kui kasutaja on iseseisvalt elektrit\u00f5ukeratast modifitseerinud eelpool toodud parameetritest kiiremaks v\u00f5i v\u00f5imsamaks, siis T\u00f5uksimaailm ei vastuta seaduse rikkumise eest saadud trahvide, politsei poolt elektrilise t\u00f5ukeratta konfiskeerimise eest v\u00f5i muud t\u00fc\u00fcpi rikkumistega p\u00f5hjustatud kahju eest.<\/strong><\/p>\n<table class=\"tg\" style=\"border-collapse: collapse; max-width: 600px; border-spacing: 0; margin: 0px auto;\">\n<tbody>\n<tr>\n<td style=\"background-color: #e4e1e1; color: #333333; font-family: inherit; font-size: 14px; font-weight: bold; overflow: hidden; padding: 5px 5px; text-align: center; vertical-align: top; word-break: normal; border: 1px solid;\" colspan=\"2\">Tehnilised andmed<\/td>\n<\/tr>\n<tr>\n<td style=\"background-color: #e4e1e1; color: #333333; font-family: inherit; font-size: 14px; font-weight: bold; overflow: hidden; padding: 5px 5px; text-align: right; vertical-align: top; word-break: normal; border: 1px solid;\">Mudel<\/td>\n<td style=\"font-family: inherit; font-size: 14px; overflow: hidden; padding: 5px 5px; text-align: center; vertical-align: top; word-break: normal; border: 1px solid;\">Minimotors Speedway Leger<\/td>\n<\/tr>\n<tr>\n<td style=\"background-color: #e4e1e1; color: #333333; font-family: inherit; font-size: 14px; font-weight: bold; overflow: hidden; padding: 5px 5px; text-align: right; vertical-align: top; word-break: normal; border: 1px solid;\">Aku<\/td>\n<td style=\"font-family: inherit; font-size: 14px; overflow: hidden; padding: 5px 5px; text-align: center; vertical-align: top; word-break: normal; border: 1px solid;\">48V\/15,6Ah\/749Wh<\/td>\n<\/tr>\n<tr>\n<td style=\"background-color: #e4e1e1; color: #333333; font-family: inherit; font-size: 14px; font-weight: bold; overflow: hidden; padding: 5px 5px; text-align: right; vertical-align: top; word-break: normal; border: 1px solid;\">Mootori v\u00f5imsus<\/td>\n<td style=\"font-family: inherit; font-size: 14px; overflow: hidden; padding: 5px 5px; text-align: center; vertical-align: top; word-break: normal; border: 1px solid;\">valmistajav\u00f5imsus 1000W<\/td>\n<\/tr>\n<tr>\n<td style=\"background-color: #e4e1e1; color: #333333; font-family: inherit; font-size: 14px; font-weight: bold; overflow: hidden; padding: 5px 5px; text-align: right; vertical-align: top; word-break: normal; border: 1px solid;\">S\u00f5idukaugus (ECO re\u017eiimil), tootja spetsifikatsioon S\u00f5idukaugus arvutuslik<\/td>\n<td style=\"font-family: inherit; font-size: 14px; overflow: hidden; padding: 5px 5px; text-align: center; vertical-align: top; word-break: normal; border: 1px solid;\">kuni 55km 50km (25km\/h, 70kg s\u00f5itja, 15Wh\/km)<\/td>\n<\/tr>\n<tr>\n<td style=\"background-color: #e4e1e1; color: #333333; font-family: inherit; font-size: 14px; font-weight: bold; overflow: hidden; padding: 5px 5px; text-align: right; vertical-align: top; word-break: normal; border: 1px solid;\">Pidurid<\/td>\n<td style=\"font-family: inherit; font-size: 14px; overflow: hidden; padding: 5px 5px; text-align: center; vertical-align: top; word-break: normal; border: 1px solid;\">tagumine trummelpidur + magnetpidur<\/td>\n<\/tr>\n<tr>\n<td style=\"background-color: #e4e1e1; color: #333333; font-family: inherit; font-size: 14px; font-weight: bold; overflow: hidden; padding: 5px 5px; text-align: right; vertical-align: top; word-break: normal; border: 1px solid;\">Laadimisaeg<\/td>\n<td style=\"font-family: inherit; font-size: 14px; overflow: hidden; padding: 5px 5px; text-align: center; vertical-align: top; word-break: normal; border: 1px solid;\">7-8h<\/td>\n<\/tr>\n<tr>\n<td style=\"background-color: #e4e1e1; color: #333333; font-family: inherit; font-size: 14px; font-weight: bold; overflow: hidden; padding: 5px 5px; text-align: right; vertical-align: top; word-break: normal; border: 1px solid;\">Kaalupiirang<\/td>\n<td style=\"font-family: inherit; font-size: 14px; overflow: hidden; padding: 5px 5px; text-align: center; vertical-align: top; word-break: normal; border: 1px solid;\">120kg<\/td>\n<\/tr>\n<tr>\n<td style=\"background-color: #e4e1e1; color: #333333; font-family: inherit; font-size: 14px; font-weight: bold; overflow: hidden; padding: 5px 5px; text-align: right; vertical-align: top; word-break: normal; border: 1px solid;\">Modifitseeritud tuuningu j\u00e4rgne kiirus<\/td>\n<td style=\"font-family: inherit; font-size: 14px; overflow: hidden; padding: 5px 5px; text-align: center; vertical-align: top; word-break: normal; border: 1px solid;\">25km\/h<\/td>\n<\/tr>\n<tr>\n<td style=\"background-color: #e4e1e1; color: #333333; font-family: inherit; font-size: 14px; font-weight: bold; overflow: hidden; padding: 5px 5px; text-align: right; vertical-align: top; word-break: normal; border: 1px solid;\">Valmistajakiirus<\/td>\n<td style=\"font-family: inherit; font-size: 14px; overflow: hidden; padding: 5px 5px; text-align: center; vertical-align: top; word-break: normal; border: 1px solid;\">25km\/h<\/td>\n<\/tr>\n<tr>\n<td style=\"background-color: #e4e1e1; color: #333333; font-family: inherit; font-size: 14px; font-weight: bold; overflow: hidden; padding: 5px 5px; text-align: right; vertical-align: top; word-break: normal; border: 1px solid;\">Kaal<\/td>\n<td style=\"font-family: inherit; font-size: 14px; overflow: hidden; padding: 5px 5px; text-align: center; vertical-align: top; word-break: normal; border: 1px solid;\">19kg<\/td>\n<\/tr>\n<tr>\n<td style=\"background-color: #e4e1e1; color: #333333; font-family: inherit; font-size: 14px; font-weight: bold; overflow: hidden; padding: 5px 5px; text-align: right; vertical-align: top; word-break: normal; border: 1px solid;\">Rehvid<\/td>\n<td style=\"font-family: inherit; font-size: 14px; overflow: hidden; padding: 5px 5px; text-align: center; vertical-align: top; word-break: normal; border: 1px solid;\">8 1\/2\u00d72\u2033 \/ 8.5\u00d72.0\u2033 sisekummiga \u00f5hkrehvid<\/td>\n<\/tr>\n<tr>\n<td style=\"background-color: #e4e1e1; color: #333333; font-family: inherit; font-size: 14px; font-weight: bold; overflow: hidden; padding: 5px 5px; text-align: right; vertical-align: top; word-break: normal; border: 1px solid;\">Amortisaatorid<\/td>\n<td style=\"font-family: inherit; font-size: 14px; overflow: hidden; padding: 5px 5px; text-align: center; vertical-align: top; word-break: normal; border: 1px solid;\">jah<\/td>\n<\/tr>\n<tr>\n<td style=\"background-color: #e4e1e1; color: #333333; font-family: inherit; font-size: 14px; font-weight: bold; overflow: hidden; padding: 5px 5px; text-align: right; vertical-align: top; word-break: normal; border: 1px solid;\">Suurim t\u00f5usunurk teel<\/td>\n<td style=\"font-family: inherit; font-size: 14px; overflow: hidden; padding: 5px 5px; text-align: center; vertical-align: top; word-break: normal; border: 1px solid;\">20 kraadi<\/td>\n<\/tr>\n<\/tbody>\n<\/table>\n","protected":false},"excerpt":{"rendered":"<p><a href=\"http:\/\/www.xn--tuksimaailm-ffb.ee\/kontakt\/\"><strong>Leidsid soodsama hinna? Kirjutage ning teeme parema pakkumise!<\/strong><\/a><\/p>\n<p><strong>Elektrit\u00f5ukerattaga koos ostes on k\u00f5ik\u00a0<a href=\"http:\/\/www.xn--tuksimaailm-ffb.ee\/tootekategooria\/lisavarustus\/\">lisavarustus<\/a>\u00a0ja\u00a0<a href=\"http:\/\/www.xn--tuksimaailm-ffb.ee\/tootekategooria\/elektritoukeratta-varuosad\/\">varuosad<\/a> -20%. Soodustus kehtib ostukorvi lisamisel automaatselt!<\/strong><\/p>\n<p><em><strong>Tarneaeg: 1-5tp<\/p>\n<p><\/strong><\/em><\/p>\n","protected":false},"featured_media":23899,"template":"","meta":[],"product_brand":[],"product_cat":[926],"product_tag":[],"filter_elektritoukeratas":[],"class_list":{"0":"post-41374","1":"product","2":"type-product","3":"status-publish","4":"has-post-thumbnail","6":"product_cat-sahkopotkulaudat-fi","7":"product_shipping_class-keskmine-pakk-fi","8":"pa_aku-mahutavus-wh-749-fi","9":"pa_kaal-kg-19-fi","10":"pa_kandevoime-kg-120-fi","11":"pa_labisoit-arvutuslik-km-50-fi","12":"pa_mootorite-arv-uhe-mootoriga-fi","13":"pa_muuja-platvormil-touksimaailm-exocool-ou-fi","14":"pa_piiramata-tippkiirus-kmh-25-fi","15":"pa_size-elektritoukeratas-speedway-leger-48v-156ah-aku-fi","16":"pa_size-elektritoukeratas-speedway-leger-48v-16ah-lg-aku-fi","17":"pa_size-elektritoukeratas-speedway-leger-pro-52v-182ah-fi","18":"pa_size-elektritoukeratas-speedway-leger-pro-52v-21ah-aku-fi","19":"pa_tootetuup-elektritoukeratas-fi","20":"pa_valmistaja-dualtron-fi","21":"pa_voimsus-w-1000-fi","23":"first","24":"instock","25":"taxable","26":"shipping-taxable","27":"purchasable","28":"product-type-variable"},"yoast_head":"<!-- This site is optimized with the Yoast SEO Premium plugin v26.8 (Yoast SEO v27.5) - https:\/\/yoast.com\/product\/yoast-seo-premium-wordpress\/ -->\n<title>Speedway Leger s\u00e4hk\u00f6potkulauta | V\u00e4ike ja Kiire | T\u00f5uksimaailm<\/title>\n<meta name=\"description\" content=\"Speedway Leger elektrit\u00f5ukeratas. Kompaktne ja kiire elektriline t\u00f5ukeratas, v\u00e4iksem kui teised Minimotors elektrit\u00f5ukerattad.\" \/>\n<meta name=\"robots\" content=\"index, follow, max-snippet:-1, max-image-preview:large, max-video-preview:-1\" \/>\n<link rel=\"canonical\" href=\"https:\/\/www.xn--tuksimaailm-ffb.ee\/fi\/shop\/speedway-leger-sahkopotkulauta\/\" \/>\n<meta property=\"og:locale\" content=\"fi_FI\" \/>\n<meta property=\"og:type\" content=\"article\" \/>\n<meta property=\"og:title\" content=\"Speedway Leger s\u00e4hk\u00f6potkulauta\" \/>\n<meta property=\"og:description\" content=\"Speedway Leger elektrit\u00f5ukeratas. Kompaktne ja kiire elektriline t\u00f5ukeratas, v\u00e4iksem kui teised Minimotors elektrit\u00f5ukerattad.\" \/>\n<meta property=\"og:url\" content=\"https:\/\/www.xn--tuksimaailm-ffb.ee\/fi\/shop\/speedway-leger-sahkopotkulauta\/\" \/>\n<meta property=\"og:site_name\" content=\"T\u00f5uksimaailm\" \/>\n<meta property=\"article:publisher\" content=\"https:\/\/www.facebook.com\/touksimaailm\/\" \/>\n<meta property=\"article:modified_time\" content=\"2024-02-09T07:51:01+00:00\" \/>\n<meta property=\"og:image\" content=\"https:\/\/www.xn--tuksimaailm-ffb.ee\/wp-content\/uploads\/2021\/12\/Leger-1.png\" \/>\n\t<meta property=\"og:image:width\" content=\"827\" \/>\n\t<meta property=\"og:image:height\" content=\"821\" \/>\n\t<meta property=\"og:image:type\" content=\"image\/png\" \/>\n<meta name=\"twitter:card\" content=\"summary_large_image\" \/>\n<meta name=\"twitter:label1\" content=\"Saatavuus\" \/>\n\t<meta name=\"twitter:data1\" content=\"Varastossa\" \/>\n<meta property=\"og:availability\" content=\"instock\" \/>\n<meta property=\"product:availability\" content=\"instock\" \/>\n<meta property=\"product:retailer_item_id\" content=\"4744441019165\" \/>\n<meta property=\"product:condition\" content=\"new\" \/>\n<!-- \/ Yoast SEO Premium plugin. -->","yoast_head_json":{"title":"Speedway Leger s\u00e4hk\u00f6potkulauta | V\u00e4ike ja Kiire | T\u00f5uksimaailm","description":"Speedway Leger elektrit\u00f5ukeratas. Kompaktne ja kiire elektriline t\u00f5ukeratas, v\u00e4iksem kui teised Minimotors elektrit\u00f5ukerattad.","robots":{"index":"index","follow":"follow","max-snippet":"max-snippet:-1","max-image-preview":"max-image-preview:large","max-video-preview":"max-video-preview:-1"},"canonical":"https:\/\/www.xn--tuksimaailm-ffb.ee\/fi\/shop\/speedway-leger-sahkopotkulauta\/","og_locale":"fi_FI","og_type":"article","og_title":"Speedway Leger s\u00e4hk\u00f6potkulauta","og_description":"Speedway Leger elektrit\u00f5ukeratas. Kompaktne ja kiire elektriline t\u00f5ukeratas, v\u00e4iksem kui teised Minimotors elektrit\u00f5ukerattad.","og_url":"https:\/\/www.xn--tuksimaailm-ffb.ee\/fi\/shop\/speedway-leger-sahkopotkulauta\/","og_site_name":"T\u00f5uksimaailm","article_publisher":"https:\/\/www.facebook.com\/touksimaailm\/","article_modified_time":"2024-02-09T07:51:01+00:00","og_image":[{"width":827,"height":821,"url":"https:\/\/www.xn--tuksimaailm-ffb.ee\/wp-content\/uploads\/2021\/12\/Leger-1.png","type":"image\/png"}],"twitter_card":"summary_large_image","twitter_misc":{"Saatavuus":"Varastossa"},"schema":{"@context":"https:\/\/schema.org","@graph":[{"@type":"WebPage","@id":"https:\/\/www.xn--tuksimaailm-ffb.ee\/fi\/shop\/speedway-leger-sahkopotkulauta\/","url":"https:\/\/www.xn--tuksimaailm-ffb.ee\/fi\/shop\/speedway-leger-sahkopotkulauta\/","name":"Speedway Leger s\u00e4hk\u00f6potkulauta | V\u00e4ike ja Kiire | T\u00f5uksimaailm","isPartOf":{"@id":"https:\/\/www.xn--tuksimaailm-ffb.ee\/fi\/#website"},"primaryImageOfPage":{"@id":"https:\/\/www.xn--tuksimaailm-ffb.ee\/fi\/shop\/speedway-leger-sahkopotkulauta\/#primaryimage"},"image":{"@id":"https:\/\/www.xn--tuksimaailm-ffb.ee\/fi\/shop\/speedway-leger-sahkopotkulauta\/#primaryimage"},"thumbnailUrl":"https:\/\/www.xn--tuksimaailm-ffb.ee\/wp-content\/uploads\/2021\/12\/Leger-1.png","datePublished":"2021-12-20T12:58:09+00:00","dateModified":"2024-02-09T07:51:01+00:00","description":"Speedway Leger elektrit\u00f5ukeratas. Kompaktne ja kiire elektriline t\u00f5ukeratas, v\u00e4iksem kui teised Minimotors elektrit\u00f5ukerattad.","breadcrumb":{"@id":"https:\/\/www.xn--tuksimaailm-ffb.ee\/fi\/shop\/speedway-leger-sahkopotkulauta\/#breadcrumb"},"inLanguage":"fi","potentialAction":[{"@type":"ReadAction","target":["https:\/\/www.xn--tuksimaailm-ffb.ee\/fi\/shop\/speedway-leger-sahkopotkulauta\/"]}]},{"@type":"ImageObject","inLanguage":"fi","@id":"https:\/\/www.xn--tuksimaailm-ffb.ee\/fi\/shop\/speedway-leger-sahkopotkulauta\/#primaryimage","url":"https:\/\/www.xn--tuksimaailm-ffb.ee\/wp-content\/uploads\/2021\/12\/Leger-1.png","contentUrl":"https:\/\/www.xn--tuksimaailm-ffb.ee\/wp-content\/uploads\/2021\/12\/Leger-1.png","width":827,"height":821,"caption":"speedway leger elektrit\u00f5ukeratas elektriline t\u00f5ukeratas minimotors elektrit\u00f5ukerattad"},{"@type":"BreadcrumbList","@id":"https:\/\/www.xn--tuksimaailm-ffb.ee\/fi\/shop\/speedway-leger-sahkopotkulauta\/#breadcrumb","itemListElement":[{"@type":"ListItem","position":1,"name":"Home","item":"https:\/\/www.xn--tuksimaailm-ffb.ee\/fi\/kotisivu\/"},{"@type":"ListItem","position":2,"name":"Kauppa","item":"https:\/\/www.xn--tuksimaailm-ffb.ee\/elektritoukerataste-pood\/"},{"@type":"ListItem","position":3,"name":"Speedway Leger s\u00e4hk\u00f6potkulauta"}]},{"@type":"WebSite","@id":"https:\/\/www.xn--tuksimaailm-ffb.ee\/fi\/#website","url":"https:\/\/www.xn--tuksimaailm-ffb.ee\/fi\/","name":"T\u00f5uksimaailm","description":"Elektrit\u00f5ukerataste m\u00fc\u00fck, remont ja rent","publisher":{"@id":"https:\/\/www.xn--tuksimaailm-ffb.ee\/fi\/#organization"},"potentialAction":[{"@type":"SearchAction","target":{"@type":"EntryPoint","urlTemplate":"https:\/\/www.xn--tuksimaailm-ffb.ee\/fi\/?s={search_term_string}"},"query-input":{"@type":"PropertyValueSpecification","valueRequired":true,"valueName":"search_term_string"}}],"inLanguage":"fi"},{"@type":"Organization","@id":"https:\/\/www.xn--tuksimaailm-ffb.ee\/fi\/#organization","name":"T\u00f5uksimaailm","url":"https:\/\/www.xn--tuksimaailm-ffb.ee\/fi\/","logo":{"@type":"ImageObject","inLanguage":"fi","@id":"https:\/\/www.xn--tuksimaailm-ffb.ee\/fi\/#\/schema\/logo\/image\/","url":"https:\/\/www.xn--tuksimaailm-ffb.ee\/wp-content\/uploads\/2020\/01\/logoz-e1579792875517.png","contentUrl":"https:\/\/www.xn--tuksimaailm-ffb.ee\/wp-content\/uploads\/2020\/01\/logoz-e1579792875517.png","width":250,"height":250,"caption":"T\u00f5uksimaailm"},"image":{"@id":"https:\/\/www.xn--tuksimaailm-ffb.ee\/fi\/#\/schema\/logo\/image\/"},"sameAs":["https:\/\/www.facebook.com\/touksimaailm\/","https:\/\/www.instagram.com\/touksimaailm_\/","https:\/\/www.youtube.com\/channel\/UC18ml0EKIDLP1xGuQjFzcXQ"]}]},"og_availability":"instock","product_availability":"instock","product_retailer_item_id":"4744441019165","product_condition":"new"},"jetpack_sharing_enabled":true,"_links":{"self":[{"href":"https:\/\/www.xn--tuksimaailm-ffb.ee\/fi\/wp-json\/wp\/v2\/product\/41374","targetHints":{"allow":["GET"]}}],"collection":[{"href":"https:\/\/www.xn--tuksimaailm-ffb.ee\/fi\/wp-json\/wp\/v2\/product"}],"about":[{"href":"https:\/\/www.xn--tuksimaailm-ffb.ee\/fi\/wp-json\/wp\/v2\/types\/product"}],"wp:featuredmedia":[{"embeddable":true,"href":"https:\/\/www.xn--tuksimaailm-ffb.ee\/fi\/wp-json\/wp\/v2\/media\/23899"}],"wp:attachment":[{"href":"https:\/\/www.xn--tuksimaailm-ffb.ee\/fi\/wp-json\/wp\/v2\/media?parent=41374"}],"wp:term":[{"taxonomy":"product_brand","embeddable":true,"href":"https:\/\/www.xn--tuksimaailm-ffb.ee\/fi\/wp-json\/wp\/v2\/product_brand?post=41374"},{"taxonomy":"product_cat","embeddable":true,"href":"https:\/\/www.xn--tuksimaailm-ffb.ee\/fi\/wp-json\/wp\/v2\/product_cat?post=41374"},{"taxonomy":"product_tag","embeddable":true,"href":"https:\/\/www.xn--tuksimaailm-ffb.ee\/fi\/wp-json\/wp\/v2\/product_tag?post=41374"},{"taxonomy":"filter_elektritoukeratas","embeddable":true,"href":"https:\/\/www.xn--tuksimaailm-ffb.ee\/fi\/wp-json\/wp\/v2\/filter_elektritoukeratas?post=41374"}],"curies":[{"name":"wp","href":"https:\/\/api.w.org\/{rel}","templated":true}]}}