{"id":41389,"date":"2024-02-09T17:03:47","date_gmt":"2024-02-09T14:03:47","guid":{"rendered":"http:\/\/www.xn--tuksimaailm-ffb.ee\/?post_type=product&#038;p=41389"},"modified":"2024-11-05T20:21:50","modified_gmt":"2024-11-05T17:21:50","slug":"segway-ninebot-p65e-p65i-sahkopotkulauta-kopeeri-kopeeri-kopeeri-kopeeri-kopeeri","status":"publish","type":"product","link":"https:\/\/www.xn--tuksimaailm-ffb.ee\/fi\/shop\/segway-ninebot-p65e-p65i-sahkopotkulauta-kopeeri-kopeeri-kopeeri-kopeeri-kopeeri\/","title":{"rendered":"Segway Ninebot E2 Pro E s\u00e4hk\u00f6potkulauta"},"content":{"rendered":"<h2 style=\"text-align: center;\">SEGWAY NINEBOT E2 PRO E S\u00c4HK\u00d6POTKULAUTA - TUOTEKUVAUS<\/h2>\n<p>Segway Ninebot -s\u00e4hk\u00f6skootterit ovat jo pitk\u00e4\u00e4n olleet markkinoilla tunnettuja korkeasta laadusta ja uusista tekniikoista, ja n\u00e4in on edelleen. J\u00e4lleen kerran uudet Ninebot E2 Pro E -s\u00e4hk\u00f6skootterit yll\u00e4tt\u00e4v\u00e4t s\u00e4hk\u00f6skootterien harrastajat. Pitk\u00e4n ja m\u00e4\u00e4r\u00e4tietoisen kehitysty\u00f6n tuloksen vahvistukseksi uusi ja parannettu E-sarjan Segway Ninebot E2 Pro E -s\u00e4hk\u00f6potkulauta on nyt saatavilla. Ninebot E2 Pro E -s\u00e4hk\u00f6skootteri on varustettu lukuisilla huipputeknisill\u00e4 ominaisuuksilla (esim. <strong>avaimeton sis\u00e4\u00e4np\u00e4\u00e4sy ja puhelinyhteys<\/strong>). Ninebot E2 Pro E -s\u00e4hk\u00f6skootteri on my\u00f6s suhteellisen kompakti ja kevyt, mik\u00e4 tekee E2 Pro E -s\u00e4hk\u00f6skootterista erityisen k\u00e4tev\u00e4n kuljettaa. Yksi uuden Segway E -malliston tunnusmerkeist\u00e4 on varmasti uusi muotoilu, joka muistuttaa enemm\u00e4n joidenkin muiden valmistajien kuin Segwayn suunnittelua.<\/p>\n<p>Ninebot E2 Pro E -s\u00e4hk\u00f6skootterit ovat eritt\u00e4in k\u00e4ytt\u00e4j\u00e4yst\u00e4v\u00e4llisi\u00e4, sill\u00e4 ne on suunniteltu huolellisesti monilla k\u00e4yt\u00e4nn\u00f6llisill\u00e4 mukavuusominaisuuksilla. Ninebot E2 Pro E -s\u00e4hk\u00f6skootterissa on kaikki, mit\u00e4 hyv\u00e4ss\u00e4 s\u00e4hk\u00f6skootterissa pit\u00e4\u00e4 olla. Skootteri yhdistyy esimerkiksi Iphone \u201dFind My\u201d -sovellukseen, ja siin\u00e4 on piikkej\u00e4 kest\u00e4v\u00e4 10 tuuman letkuton ilmarengas, tehokas Li-ion-akku ja luotettava s\u00e4hk\u00f6moottori. Ninebot E2 Pro E -s\u00e4hk\u00f6potkulauta, jossa on panostettu voimakkaasti turvallisuuteen, on varustettu eturumpujarrulla ja takaosan magneettimoottorijarrulla, tehokkailla LED-valoilla, luistonestoj\u00e4rjestelm\u00e4ll\u00e4 sek\u00e4 kirkkailla jarru- ja merkkivaloilla.<\/p>\n<p><iframe title=\"Segway E2 Pro Kickscooter\" width=\"1082\" height=\"609\" src=\"https:\/\/www.youtube.com\/embed\/66xjPpm7c3k?feature=oembed\" frameborder=\"0\" allow=\"accelerometer; autoplay; clipboard-write; encrypted-media; gyroscope; picture-in-picture; web-share\" referrerpolicy=\"strict-origin-when-cross-origin\" allowfullscreen><\/iframe><\/p>\n<h2 style=\"text-align: center;\">SEGWAY NINEBOT E2 PRO E S\u00c4HK\u00d6POTKULAUTA - K\u00c4YT\u00c4NN\u00d6LLINEN JA KEST\u00c4V\u00c4 RAKENNE<\/h2>\n<p>Segway E2 Pro E -s\u00e4hk\u00f6potkulaudat k\u00e4tkev\u00e4t sis\u00e4\u00e4ns\u00e4 nykyaikaista huipputeknologiaa. Ninebot E2 Pro E -s\u00e4hk\u00f6skootterit ovat rakenteeltaan <strong>IPX6-vedenpit\u00e4vi\u00e4<\/strong>. Hyv\u00e4n ajotuntuman omaavat Ninebot E2 Pro E -s\u00e4hk\u00f6potkulaudat <strong>painavat vain 18,8 kg<\/strong>. Juuri keveys ja ihanan ohut taittuva ohjaustanko tekev\u00e4t Ninebot E2 Pro E -s\u00e4hk\u00f6skootterista erityisen mukavan kulkuv\u00e4lineen. Kompaktiutensa ansiosta Ninebot E2 Pro E on my\u00f6s helppo s\u00e4ilytt\u00e4\u00e4 sis\u00e4tiloissa.<\/p>\n<p>Segway Ninebot E2 Pro E -s\u00e4hk\u00f6potkulauta on varustettu tehokkaalla eturumpujarrulla ja <strong>regeneratiivisella takamoottorijarrulla<\/strong>, jotta sek\u00e4 kuljettaja ett\u00e4 matkustajat voivat ajaa turvallisesti. Ninebot E2 Pro E on yksi harvoista s\u00e4hk\u00f6skoottereista, jotka on ohjelmoitu niin, ett\u00e4 <strong>kun mekaanista jarrua k\u00e4ytet\u00e4\u00e4n, my\u00f6s elektroninen moottorijarru kytkeytyy p\u00e4\u00e4lle<\/strong>. T\u00e4m\u00e4 tarkoittaa, ett\u00e4 jarrut kuluvat v\u00e4hemm\u00e4n ja jarrutus on tasaisempaa ja tehokkaampaa. Ninebot E2 Pro E -s\u00e4hk\u00f6skootteri voidaan yhdist\u00e4\u00e4 mobiilisovellukseen, joka n\u00e4ytt\u00e4\u00e4 j\u00e4ljell\u00e4 olevan toimintas\u00e4teen, akun varaustason ja paljon muuta.<\/p>\n<p>Jotta Ninebot E2 Pro E -s\u00e4hk\u00f6potkulaudoissa olisi mukava ajaa my\u00f6s pime\u00e4ss\u00e4, ne on varustettu <strong>etu- ja takavaloilla<\/strong>, jotka antavat voimakkaan valons\u00e4teen lis\u00e4ksi my\u00f6s heijastavan vaikutuksen. Jotta kanssapy\u00f6r\u00e4ilij\u00e4t huomaisivat sinut, Ninebot E2 Pro E -s\u00e4hk\u00f6skoottereissa on pitk\u00e4n kantaman kuultava mekaaninen kello. Jotta kuljettajan aikomuksista voidaan ilmoittaa, Ninebot E2 Pro E -skoottereissa on <strong>jarruvalot sek\u00e4 etu- ja takasuuntavilkut<\/strong>.<\/p>\n<h2 style=\"text-align: center;\">SEGWAY NINEBOT P65E S\u00c4HK\u00d6SKOOTTERI - TEKNINEN KUVAUS<\/h2>\n<p>Segway E2 Pro E -s\u00e4hk\u00f6potkulaudat ovat takavetoisia, joten ne ovat eritt\u00e4in valovoimaisia ja tehokkaita. <strong>Tehokkaalla 750 W:n takamoottorilla<\/strong> varustetut Ninebot E2 Pro E -s\u00e4hk\u00f6skootterit ovat eritt\u00e4in tasaisia ja kiihtyv\u00e4t mukavasti luistonestoj\u00e4rjestelm\u00e4n ansiosta. Ninebot E2 Pro E -s\u00e4hk\u00f6skootteri saavuttaa 25km\/h huippunopeuden nopeasti ja ongelmitta.<\/p>\n<p>Vankan rakenteensa ansiosta Ninebot E2 Pro E -s\u00e4hk\u00f6potkulauta <strong>pystyy valmistajan m\u00e4\u00e4rittelyn mukaan kantamaan jopa 100kg<\/strong>. Tehokkaalla s\u00e4hk\u00f6moottorilla varustettu Ninebot E2 Pro E -s\u00e4hk\u00f6potkulauta ei anna periksi raskaammillakaan kuormilla. Ninebot E2 Pro E -s\u00e4hk\u00f6skootterit <strong>pystyv\u00e4t kiipe\u00e4m\u00e4\u00e4n jopa 18% m\u00e4ki\u00e4<\/strong> t\u00e4ydell\u00e4 kuormalla.<\/p>\n<p>Ninebot E2 Pro E k\u00e4tkee tukevan rakenteensa taakse suuren Li-ion-akun. Segway Ninebot E2 Pro E -s\u00e4hk\u00f6skootterissa on <strong>kohtuullisen kokoinen ja kevyt 275Wh:n Li-ion-akku<\/strong>. Valmistajan erittelyn mukaan s\u00e4hk\u00f6skootteri pystyy <strong>kulkemaan jopa 40km yhdell\u00e4 latauksella ECO-tilassa<\/strong>. Laskelmiemme mukaan realistisissa olosuhteissa, kun keskim\u00e4\u00e4r\u00e4inen energiankulutus on 15Wh\/km tasaisessa ajossa, skootteri <strong>pystyy kulkemaan ECO-ajotilassa jopa 18,3km yhdell\u00e4 latauksella<\/strong>. Ninebot E2 Pro E -s\u00e4hk\u00f6skootteri <strong>tarvitsee ~5 tuntia akun lataamiseen t\u00e4ydellisesti 0 prosentista 100 prosenttiin<\/strong>.<\/p>\n<p>Tietojen antamiseksi kuljettajalle Segway Ninebot E2 Pro E -s\u00e4hk\u00f6potkulauta on <strong>varustettu selv\u00e4sti luettavalla laajalla n\u00e4yt\u00f6ll\u00e4<\/strong>, joka antaa kuljettajalle tietoja ajotilasta, akun varaustasosta ja nopeudesta.<\/p>\n<h2 style=\"text-align: center;\">TURVALLISUUS<\/h2>\n<p>S\u00e4hk\u00f6skootteri on nopea ja mahdollisesti vaarallinen ajoneuvo kuljettajalle. Siksi suosittelemme, ett\u00e4 k\u00e4yt\u00e4t aina <a href=\"http:\/\/www.xn--tuksimaailm-ffb.ee\/tootesilt\/elektritoukeratta-kiivrid\/\">kyp\u00e4r\u00e4\u00e4<\/a>.\u00a0 Alle 16-vuotiaiden s\u00e4hk\u00f6skootterin kuljettajien on <a href=\"https:\/\/www.riigiteataja.ee\/akt\/113112020001\">lain<\/a> mukaan k\u00e4ytett\u00e4v\u00e4 kyp\u00e4r\u00e4\u00e4 ajaessaan. Kaikki s\u00e4hk\u00f6skootterit l\u00f6yd\u00e4t <a href=\"http:\/\/www.xn--tuksimaailm-ffb.ee\/tootekategooria\/elektritoukeratas\/\"><strong>t\u00e4\u00e4lt\u00e4<\/strong><\/a>.<\/p>\n<p><strong>Kun ostat s\u00e4hk\u00f6skootterin kaupastamme, saat kaikki <a href=\"http:\/\/www.xn--tuksimaailm-ffb.ee\/tootekategooria\/lisavarustus\/\">lis\u00e4varusteet<\/a>\u00a0 -20%!<\/strong><\/p>\n<p style=\"caret-color: #000000; color: #000000;\"><strong>Segway Ninebot Kickscooter E2 Pro E -s\u00e4hk\u00f6potkulauta on katuoikeudellinen kevyt skootteri, jonka valmistajan teho on 750W ja valmistajan nopeus 25km\/h.<\/strong>\u00a0<strong>HUOMAUTUS: Jos k\u00e4ytt\u00e4j\u00e4 on itsen\u00e4isesti muuttanut s\u00e4hk\u00f6skootteria nopeammaksi tai tehokkaammaksi kuin edell\u00e4 mainitut parametrit, T\u00f5uksimaailm ei ole vastuussa lain rikkomisesta aiheutuvista sakoista, s\u00e4hk\u00f6skootterin takavarikoimisesta poliisin toimesta tai mist\u00e4\u00e4n muustakaan rikkomisesta aiheutuneesta vahingosta.<\/strong><\/p>\n<table class=\"tg\" style=\"border-collapse: collapse; max-width: 600px; border-spacing: 0; margin: 0px auto;\">\n<tbody>\n<tr>\n<td style=\"background-color: #e4e1e1; color: #333333; font-family: inherit; font-size: 14px; font-weight: bold; overflow: hidden; padding: 5px 5px; text-align: center; vertical-align: top; word-break: normal; border: 1px solid;\" colspan=\"2\">Tekniset tiedot<\/td>\n<\/tr>\n<tr>\n<td style=\"background-color: #e4e1e1; color: #333333; font-family: inherit; font-size: 14px; font-weight: bold; overflow: hidden; padding: 5px 5px; text-align: right; vertical-align: top; word-break: normal; border: 1px solid;\">Malli<\/td>\n<td style=\"font-family: inherit; font-size: 14px; overflow: hidden; padding: 5px 5px; text-align: center; vertical-align: top; word-break: normal; border: 1px solid;\">Segway Ninebot E2 Pro E<\/td>\n<\/tr>\n<tr>\n<td style=\"background-color: #e4e1e1; color: #333333; font-family: inherit; font-size: 14px; font-weight: bold; overflow: hidden; padding: 5px 5px; text-align: right; vertical-align: top; word-break: normal; border: 1px solid;\">Akku<\/td>\n<td style=\"font-family: inherit; font-size: 14px; overflow: hidden; padding: 5px 5px; text-align: center; vertical-align: top; word-break: normal; border: 1px solid;\"><span style=\"font-size: 16px; text-align: start;\">36V \/ 7.6Ah \/ 275Wh<\/span><\/td>\n<\/tr>\n<tr>\n<td style=\"background-color: #e4e1e1; color: #333333; font-family: inherit; font-size: 14px; font-weight: bold; overflow: hidden; padding: 5px 5px; text-align: right; vertical-align: top; word-break: normal; border: 1px solid;\">Latausaika<\/td>\n<td style=\"font-family: inherit; font-size: 14px; overflow: hidden; padding: 5px 5px; text-align: center; vertical-align: top; word-break: normal; border: 1px solid;\">jopa 5h<\/td>\n<\/tr>\n<tr>\n<td style=\"background-color: #e4e1e1; color: #333333; font-family: inherit; font-size: 14px; font-weight: bold; overflow: hidden; padding: 5px 5px; text-align: right; vertical-align: top; word-break: normal; border: 1px solid;\">Moottorin teho<\/td>\n<td style=\"font-family: inherit; font-size: 14px; overflow: hidden; padding: 5px 5px; text-align: center; vertical-align: top; word-break: normal; border: 1px solid;\">750W<\/td>\n<\/tr>\n<tr>\n<td style=\"background-color: #e4e1e1; color: #333333; font-family: inherit; font-size: 14px; font-weight: bold; overflow: hidden; padding: 5px 5px; text-align: right; vertical-align: top; word-break: normal; border: 1px solid;\">Ajomatka (valmistajan m\u00e4\u00e4rittely) | Arvoitettu ajomatka<\/td>\n<td style=\"font-family: inherit; font-size: 14px; overflow: hidden; padding: 5px 5px; text-align: center; vertical-align: top; word-break: normal; border: 1px solid;\">jopa 40km (ECO MODE) | 18km (25km\/h, 70kg kuljettaja, 15Wh\/km)<\/td>\n<\/tr>\n<tr>\n<td style=\"background-color: #e4e1e1; color: #333333; font-family: inherit; font-size: 14px; font-weight: bold; overflow: hidden; padding: 5px 5px; text-align: right; vertical-align: top; word-break: normal; border: 1px solid;\">Etujarru<\/td>\n<td style=\"font-family: inherit; font-size: 14px; overflow: hidden; padding: 5px 5px; text-align: center; vertical-align: top; word-break: normal; border: 1px solid;\">Rumpujarru<\/td>\n<\/tr>\n<tr>\n<td style=\"background-color: #e4e1e1; color: #333333; font-family: inherit; font-size: 14px; font-weight: bold; overflow: hidden; padding: 5px 5px; text-align: right; vertical-align: top; word-break: normal; border: 1px solid;\">Takajarru<\/td>\n<td style=\"font-family: inherit; font-size: 14px; overflow: hidden; padding: 5px 5px; text-align: center; vertical-align: top; word-break: normal; border: 1px solid;\">s\u00e4hk\u00f6inen moottorijarru (regeneratiivinen)<\/td>\n<\/tr>\n<tr>\n<td style=\"background-color: #e4e1e1; color: #333333; font-family: inherit; font-size: 14px; font-weight: bold; overflow: hidden; padding: 5px 5px; text-align: right; vertical-align: top; word-break: normal; border: 1px solid;\">Painorajoitus<\/td>\n<td style=\"font-family: inherit; font-size: 14px; overflow: hidden; padding: 5px 5px; text-align: center; vertical-align: top; word-break: normal; border: 1px solid;\">100kg<\/td>\n<\/tr>\n<tr>\n<td style=\"background-color: #e4e1e1; color: #333333; font-family: inherit; font-size: 14px; font-weight: bold; overflow: hidden; padding: 5px 5px; text-align: right; vertical-align: top; word-break: normal; border: 1px solid;\">Tuotajan m\u00e4\u00e4rittely nopeus<\/td>\n<td style=\"font-family: inherit; font-size: 14px; overflow: hidden; padding: 5px 5px; text-align: center; vertical-align: top; word-break: normal; border: 1px solid;\">25km\/h<\/td>\n<\/tr>\n<tr>\n<td style=\"background-color: #e4e1e1; color: #333333; font-family: inherit; font-size: 14px; font-weight: bold; overflow: hidden; padding: 5px 5px; text-align: right; vertical-align: top; word-break: normal; border: 1px solid;\">Paino<\/td>\n<td style=\"font-family: inherit; font-size: 14px; overflow: hidden; padding: 5px 5px; text-align: center; vertical-align: top; word-break: normal; border: 1px solid;\">18.8kg<\/td>\n<\/tr>\n<tr>\n<td style=\"background-color: #e4e1e1; color: #333333; font-family: inherit; font-size: 14px; font-weight: bold; overflow: hidden; padding: 5px 5px; text-align: right; vertical-align: top; word-break: normal; border: 1px solid;\">Moottorisoitu py\u00f6r\u00e4<\/td>\n<td style=\"font-family: inherit; font-size: 14px; overflow: hidden; padding: 5px 5px; text-align: center; vertical-align: top; word-break: normal; border: 1px solid;\">taka<\/td>\n<\/tr>\n<tr>\n<td style=\"background-color: #e4e1e1; color: #333333; font-family: inherit; font-size: 14px; font-weight: bold; overflow: hidden; padding: 5px 5px; text-align: right; vertical-align: top; word-break: normal; border: 1px solid;\">Renkaat<\/td>\n<td style=\"font-family: inherit; font-size: 14px; overflow: hidden; padding: 5px 5px; text-align: center; vertical-align: top; word-break: normal; border: 1px solid;\">10 tuuman putkettomat pneumaattiset renkaat<\/td>\n<\/tr>\n<tr>\n<td style=\"background-color: #e4e1e1; color: #333333; font-family: inherit; font-size: 14px; font-weight: bold; overflow: hidden; padding: 5px 5px; text-align: right; vertical-align: top; word-break: normal; border: 1px solid;\">Tien enim\u00e4iskaltevuus<\/td>\n<td style=\"font-family: inherit; font-size: 14px; overflow: hidden; padding: 5px 5px; text-align: center; vertical-align: top; word-break: normal; border: 1px solid;\">jopa 18%<\/td>\n<\/tr>\n<\/tbody>\n<\/table>\n","protected":false},"excerpt":{"rendered":"<p><strong>Kaikki\u00a0<a href=\"http:\/\/www.xn--tuksimaailm-ffb.ee\/tootekategooria\/lisavarustus\/\">lis\u00e4varusteet<\/a>\u00a0ja\u00a0<a href=\"https:\/\/www.xn\u2014tuksimaailm-ffb.ee\/tootekategooria\/elektritoukeratta-varuosad\/\">varaosat<\/a> ovat\u00a0-20%, kun ne ostetaan s\u00e4hk\u00f6skootterin kanssa. Alennus otetaan automaattisesti k\u00e4ytt\u00f6\u00f6n, kun lis\u00e4\u00e4t sen ostoskoriin!<\/strong><\/p>\n<p><em><strong>Toimitusaika: 3-9tp<\/p>\n<p><\/strong><\/em><\/p>\n","protected":false},"featured_media":41393,"template":"","meta":[],"product_brand":[],"product_cat":[926],"product_tag":[],"filter_elektritoukeratas":[],"class_list":{"0":"post-41389","1":"product","2":"type-product","3":"status-publish","4":"has-post-thumbnail","6":"product_cat-sahkopotkulaudat-fi","7":"product_shipping_class-keskmine-pakk-fi","8":"pa_aku-mahutavus-wh-275-fi","9":"pa_kaal-kg-18-8-fi","10":"pa_kandevoime-kg-100-fi","11":"pa_labisoit-arvutuslik-km-18-fi","12":"pa_mootorite-arv-uhe-mootoriga-fi","13":"pa_muuja-platvormil-touksimaailm-exocool-ou-fi","14":"pa_piiramata-tippkiirus-kmh-25-fi","15":"pa_tootetuup-elektritoukeratas-fi","16":"pa_valmistaja-segway-fi","17":"pa_voimsus-w-750-fi","19":"first","20":"instock","21":"sale","22":"taxable","23":"shipping-taxable","24":"purchasable","25":"product-type-simple"},"yoast_head":"<!-- This site is optimized with the Yoast SEO Premium plugin v26.8 (Yoast SEO v27.5) - https:\/\/yoast.com\/product\/yoast-seo-premium-wordpress\/ -->\n<title>Segway Ninebot E2 Pro E s\u00e4hk\u00f6potkulauta | T\u00f5uksimaailm<\/title>\n<meta name=\"description\" content=\"Segway Ninebot P65E elektrit\u00f5ukeratas. Kaasaegne elektriline t\u00f5ukeratas. Segway Ninebot elektrit\u00f5ukerattad. V\u00f5imekad P-seeria elektrilised t\u00f5ukerattad.\" \/>\n<meta name=\"robots\" content=\"index, follow, max-snippet:-1, max-image-preview:large, max-video-preview:-1\" \/>\n<link rel=\"canonical\" href=\"https:\/\/www.xn--tuksimaailm-ffb.ee\/fi\/shop\/segway-ninebot-p65e-p65i-sahkopotkulauta-kopeeri-kopeeri-kopeeri-kopeeri-kopeeri\/\" \/>\n<meta property=\"og:locale\" content=\"fi_FI\" \/>\n<meta property=\"og:type\" content=\"article\" \/>\n<meta property=\"og:title\" content=\"Segway Ninebot E2 Pro E s\u00e4hk\u00f6potkulauta\" \/>\n<meta property=\"og:description\" content=\"Segway Ninebot P65E elektrit\u00f5ukeratas. Kaasaegne elektriline t\u00f5ukeratas. Segway Ninebot elektrit\u00f5ukerattad. V\u00f5imekad P-seeria elektrilised t\u00f5ukerattad.\" \/>\n<meta property=\"og:url\" content=\"https:\/\/www.xn--tuksimaailm-ffb.ee\/fi\/shop\/segway-ninebot-p65e-p65i-sahkopotkulauta-kopeeri-kopeeri-kopeeri-kopeeri-kopeeri\/\" \/>\n<meta property=\"og:site_name\" content=\"T\u00f5uksimaailm\" \/>\n<meta property=\"article:publisher\" content=\"https:\/\/www.facebook.com\/touksimaailm\/\" \/>\n<meta property=\"article:modified_time\" content=\"2024-11-05T17:21:50+00:00\" \/>\n<meta property=\"og:image\" content=\"https:\/\/www.xn--tuksimaailm-ffb.ee\/wp-content\/uploads\/2024\/02\/e2_pro_kickscooter_product_picture_left_view_45_2_-1712x2140_72.png\" \/>\n\t<meta property=\"og:image:width\" content=\"815\" \/>\n\t<meta property=\"og:image:height\" content=\"1020\" \/>\n\t<meta property=\"og:image:type\" content=\"image\/png\" \/>\n<meta name=\"twitter:card\" content=\"summary_large_image\" \/>\n<meta name=\"twitter:label1\" content=\"Hinta\" \/>\n\t<meta name=\"twitter:data1\" content=\"&euro;358.00\" \/>\n\t<meta name=\"twitter:label2\" content=\"Saatavuus\" \/>\n\t<meta name=\"twitter:data2\" content=\"Varastossa\" \/>\n<meta property=\"product:price:amount\" content=\"358.00\" \/>\n<meta property=\"product:price:currency\" content=\"EUR\" \/>\n<meta property=\"og:availability\" content=\"instock\" \/>\n<meta property=\"product:availability\" content=\"instock\" \/>\n<meta property=\"product:retailer_item_id\" content=\"Ninebot-E2-Pro-E-1\" \/>\n<meta property=\"product:condition\" content=\"new\" \/>\n<!-- \/ Yoast SEO Premium plugin. -->","yoast_head_json":{"title":"Segway Ninebot E2 Pro E s\u00e4hk\u00f6potkulauta | T\u00f5uksimaailm","description":"Segway Ninebot P65E elektrit\u00f5ukeratas. Kaasaegne elektriline t\u00f5ukeratas. Segway Ninebot elektrit\u00f5ukerattad. V\u00f5imekad P-seeria elektrilised t\u00f5ukerattad.","robots":{"index":"index","follow":"follow","max-snippet":"max-snippet:-1","max-image-preview":"max-image-preview:large","max-video-preview":"max-video-preview:-1"},"canonical":"https:\/\/www.xn--tuksimaailm-ffb.ee\/fi\/shop\/segway-ninebot-p65e-p65i-sahkopotkulauta-kopeeri-kopeeri-kopeeri-kopeeri-kopeeri\/","og_locale":"fi_FI","og_type":"article","og_title":"Segway Ninebot E2 Pro E s\u00e4hk\u00f6potkulauta","og_description":"Segway Ninebot P65E elektrit\u00f5ukeratas. Kaasaegne elektriline t\u00f5ukeratas. Segway Ninebot elektrit\u00f5ukerattad. V\u00f5imekad P-seeria elektrilised t\u00f5ukerattad.","og_url":"https:\/\/www.xn--tuksimaailm-ffb.ee\/fi\/shop\/segway-ninebot-p65e-p65i-sahkopotkulauta-kopeeri-kopeeri-kopeeri-kopeeri-kopeeri\/","og_site_name":"T\u00f5uksimaailm","article_publisher":"https:\/\/www.facebook.com\/touksimaailm\/","article_modified_time":"2024-11-05T17:21:50+00:00","og_image":[{"width":815,"height":1020,"url":"https:\/\/www.xn--tuksimaailm-ffb.ee\/wp-content\/uploads\/2024\/02\/e2_pro_kickscooter_product_picture_left_view_45_2_-1712x2140_72.png","type":"image\/png"}],"twitter_card":"summary_large_image","twitter_misc":{"Hinta":"&euro;358.00","Saatavuus":"Varastossa"},"schema":{"@context":"https:\/\/schema.org","@graph":[{"@type":"WebPage","@id":"https:\/\/www.xn--tuksimaailm-ffb.ee\/fi\/shop\/segway-ninebot-p65e-p65i-sahkopotkulauta-kopeeri-kopeeri-kopeeri-kopeeri-kopeeri\/","url":"https:\/\/www.xn--tuksimaailm-ffb.ee\/fi\/shop\/segway-ninebot-p65e-p65i-sahkopotkulauta-kopeeri-kopeeri-kopeeri-kopeeri-kopeeri\/","name":"Segway Ninebot E2 Pro E s\u00e4hk\u00f6potkulauta | T\u00f5uksimaailm","isPartOf":{"@id":"https:\/\/www.xn--tuksimaailm-ffb.ee\/fi\/#website"},"primaryImageOfPage":{"@id":"https:\/\/www.xn--tuksimaailm-ffb.ee\/fi\/shop\/segway-ninebot-p65e-p65i-sahkopotkulauta-kopeeri-kopeeri-kopeeri-kopeeri-kopeeri\/#primaryimage"},"image":{"@id":"https:\/\/www.xn--tuksimaailm-ffb.ee\/fi\/shop\/segway-ninebot-p65e-p65i-sahkopotkulauta-kopeeri-kopeeri-kopeeri-kopeeri-kopeeri\/#primaryimage"},"thumbnailUrl":"https:\/\/www.xn--tuksimaailm-ffb.ee\/wp-content\/uploads\/2024\/02\/e2_pro_kickscooter_product_picture_left_view_45_2_-1712x2140_72.png","datePublished":"2024-02-09T14:03:47+00:00","dateModified":"2024-11-05T17:21:50+00:00","description":"Segway Ninebot P65E elektrit\u00f5ukeratas. Kaasaegne elektriline t\u00f5ukeratas. Segway Ninebot elektrit\u00f5ukerattad. V\u00f5imekad P-seeria elektrilised t\u00f5ukerattad.","breadcrumb":{"@id":"https:\/\/www.xn--tuksimaailm-ffb.ee\/fi\/shop\/segway-ninebot-p65e-p65i-sahkopotkulauta-kopeeri-kopeeri-kopeeri-kopeeri-kopeeri\/#breadcrumb"},"inLanguage":"fi","potentialAction":[{"@type":"ReadAction","target":["https:\/\/www.xn--tuksimaailm-ffb.ee\/fi\/shop\/segway-ninebot-p65e-p65i-sahkopotkulauta-kopeeri-kopeeri-kopeeri-kopeeri-kopeeri\/"]}]},{"@type":"ImageObject","inLanguage":"fi","@id":"https:\/\/www.xn--tuksimaailm-ffb.ee\/fi\/shop\/segway-ninebot-p65e-p65i-sahkopotkulauta-kopeeri-kopeeri-kopeeri-kopeeri-kopeeri\/#primaryimage","url":"https:\/\/www.xn--tuksimaailm-ffb.ee\/wp-content\/uploads\/2024\/02\/e2_pro_kickscooter_product_picture_left_view_45_2_-1712x2140_72.png","contentUrl":"https:\/\/www.xn--tuksimaailm-ffb.ee\/wp-content\/uploads\/2024\/02\/e2_pro_kickscooter_product_picture_left_view_45_2_-1712x2140_72.png","width":815,"height":1020,"caption":"Segway Ninebot E2 Pro E elektrit\u00f5ukeratas elektrilised t\u00f5ukerattad elektrit\u00f5ukerattad elektrit\u00f5uks"},{"@type":"BreadcrumbList","@id":"https:\/\/www.xn--tuksimaailm-ffb.ee\/fi\/shop\/segway-ninebot-p65e-p65i-sahkopotkulauta-kopeeri-kopeeri-kopeeri-kopeeri-kopeeri\/#breadcrumb","itemListElement":[{"@type":"ListItem","position":1,"name":"Home","item":"https:\/\/www.xn--tuksimaailm-ffb.ee\/fi\/kotisivu\/"},{"@type":"ListItem","position":2,"name":"Kauppa","item":"https:\/\/www.xn--tuksimaailm-ffb.ee\/elektritoukerataste-pood\/"},{"@type":"ListItem","position":3,"name":"Segway Ninebot E2 Pro E s\u00e4hk\u00f6potkulauta"}]},{"@type":"WebSite","@id":"https:\/\/www.xn--tuksimaailm-ffb.ee\/fi\/#website","url":"https:\/\/www.xn--tuksimaailm-ffb.ee\/fi\/","name":"T\u00f5uksimaailm","description":"Elektrit\u00f5ukerataste m\u00fc\u00fck, remont ja rent","publisher":{"@id":"https:\/\/www.xn--tuksimaailm-ffb.ee\/fi\/#organization"},"potentialAction":[{"@type":"SearchAction","target":{"@type":"EntryPoint","urlTemplate":"https:\/\/www.xn--tuksimaailm-ffb.ee\/fi\/?s={search_term_string}"},"query-input":{"@type":"PropertyValueSpecification","valueRequired":true,"valueName":"search_term_string"}}],"inLanguage":"fi"},{"@type":"Organization","@id":"https:\/\/www.xn--tuksimaailm-ffb.ee\/fi\/#organization","name":"T\u00f5uksimaailm","url":"https:\/\/www.xn--tuksimaailm-ffb.ee\/fi\/","logo":{"@type":"ImageObject","inLanguage":"fi","@id":"https:\/\/www.xn--tuksimaailm-ffb.ee\/fi\/#\/schema\/logo\/image\/","url":"https:\/\/www.xn--tuksimaailm-ffb.ee\/wp-content\/uploads\/2020\/01\/logoz-e1579792875517.png","contentUrl":"https:\/\/www.xn--tuksimaailm-ffb.ee\/wp-content\/uploads\/2020\/01\/logoz-e1579792875517.png","width":250,"height":250,"caption":"T\u00f5uksimaailm"},"image":{"@id":"https:\/\/www.xn--tuksimaailm-ffb.ee\/fi\/#\/schema\/logo\/image\/"},"sameAs":["https:\/\/www.facebook.com\/touksimaailm\/","https:\/\/www.instagram.com\/touksimaailm_\/","https:\/\/www.youtube.com\/channel\/UC18ml0EKIDLP1xGuQjFzcXQ"]}]},"product_price_amount":"358.00","product_price_currency":"EUR","og_availability":"instock","product_availability":"instock","product_retailer_item_id":"Ninebot-E2-Pro-E-1","product_condition":"new"},"jetpack_sharing_enabled":true,"_links":{"self":[{"href":"https:\/\/www.xn--tuksimaailm-ffb.ee\/fi\/wp-json\/wp\/v2\/product\/41389","targetHints":{"allow":["GET"]}}],"collection":[{"href":"https:\/\/www.xn--tuksimaailm-ffb.ee\/fi\/wp-json\/wp\/v2\/product"}],"about":[{"href":"https:\/\/www.xn--tuksimaailm-ffb.ee\/fi\/wp-json\/wp\/v2\/types\/product"}],"wp:featuredmedia":[{"embeddable":true,"href":"https:\/\/www.xn--tuksimaailm-ffb.ee\/fi\/wp-json\/wp\/v2\/media\/41393"}],"wp:attachment":[{"href":"https:\/\/www.xn--tuksimaailm-ffb.ee\/fi\/wp-json\/wp\/v2\/media?parent=41389"}],"wp:term":[{"taxonomy":"product_brand","embeddable":true,"href":"https:\/\/www.xn--tuksimaailm-ffb.ee\/fi\/wp-json\/wp\/v2\/product_brand?post=41389"},{"taxonomy":"product_cat","embeddable":true,"href":"https:\/\/www.xn--tuksimaailm-ffb.ee\/fi\/wp-json\/wp\/v2\/product_cat?post=41389"},{"taxonomy":"product_tag","embeddable":true,"href":"https:\/\/www.xn--tuksimaailm-ffb.ee\/fi\/wp-json\/wp\/v2\/product_tag?post=41389"},{"taxonomy":"filter_elektritoukeratas","embeddable":true,"href":"https:\/\/www.xn--tuksimaailm-ffb.ee\/fi\/wp-json\/wp\/v2\/filter_elektritoukeratas?post=41389"}],"curies":[{"name":"wp","href":"https:\/\/api.w.org\/{rel}","templated":true}]}}