{"id":41415,"date":"2021-12-19T09:49:01","date_gmt":"2021-12-19T09:49:01","guid":{"rendered":"http:\/\/www.xn--tuksimaailm-ffb.ee\/shop\/dualtron-ultra-2-sahkopotkulauta\/"},"modified":"2024-11-08T13:00:14","modified_gmt":"2024-11-08T10:00:14","slug":"dualtron-ultra-2-sahkopotkulauta","status":"publish","type":"product","link":"https:\/\/www.xn--tuksimaailm-ffb.ee\/fi\/shop\/dualtron-ultra-2-sahkopotkulauta\/","title":{"rendered":"Dualtron Ultra 2 s\u00e4hk\u00f6potkulauta"},"content":{"rendered":"<h2 style=\"text-align: center;\">DUALTRON ULTRA 2 S\u00c4HK\u00d6POTKULAUTA - TUOTEKUVAUS<\/h2>\n<p>Dualtron Ultra 2 -s\u00e4hk\u00f6potkulauta on menestyksekk\u00e4\u00e4n <a href=\"https:\/\/minimotorsusa.com\/products\/dualtron-ultra\"><strong>Dualtron Ultra<\/strong><\/a> -s\u00e4hk\u00f6potkulautan seuraaja. T\u00e4rkein uudistus on jalustan alle asennettu akku, jonka l\u00e4ht\u00f6j\u00e4nnite on nyt korkeampi eli <strong>72V<\/strong>. Korkeampi akun j\u00e4nnite, joka johtuu elektroniikan pienemmist\u00e4 h\u00e4vi\u00f6ist\u00e4, auttaa py\u00f6r\u00e4\u00e4 kulkemaan pidemm\u00e4lle, kehitt\u00e4m\u00e4\u00e4n enemm\u00e4n tehoa ja siten tarjoamaan paremman kiihtyvyyden ja huippunopeuden. DT Ultra 2 -s\u00e4hk\u00f6skootteri, kuten muutkin uuden sukupolven Minimotors-s\u00e4hk\u00f6skootterit, on saanut tehokkaamman \"supercharged\"-rakenteen. Takimmainen jalkatuki muistuttaa anturaa ja sen sis\u00e4\u00e4n on piilotettu moottorinohjaimet. T\u00e4m\u00e4 tarjoaa paremman j\u00e4\u00e4hdytyksen ohjaimille, j\u00e4tt\u00e4\u00e4 enemm\u00e4n tilaa akulle ja mahdollistaa sen, ett\u00e4 Dualtron Ultra 2:een mahtuu valtava <strong>35Ah<\/strong>, <strong>2520Wh<\/strong> Li-Ion-akku rungon sis\u00e4\u00e4n. T\u00e4m\u00e4n akun avulla voit ajaa jopa <strong>140km<\/strong> yhdell\u00e4 latauksella ECO-tilassa alhaisella nopeudella. Todellinen ajokilometri, kun otetaan huomioon kuljettajan paino, nopeus ja tuulen vastus, on 80-120km.<\/p>\n<p>Dualtron Ultra 2 on varustettu <strong>RGB-LED-valoilla<\/strong>, jotka on asennettu sek\u00e4 jalustakannen ett\u00e4 linssin putken (pystypuomi) sivuille. T\u00e4m\u00e4 tuo viel\u00e4 lis\u00e4\u00e4 maustetta t\u00e4m\u00e4n koneen poikkeukselliseen ulkon\u00e4k\u00f6\u00f6n. DT Ultra 2 -s\u00e4hk\u00f6skootteri on varustettu <strong>kahdella 500W:n<\/strong> huipputehoisella BLDC-moottorilla, jolloin s\u00e4hk\u00f6skootterin kokonaisteho on <strong>1000W (tai 1kW)<\/strong>. T\u00e4m\u00e4 teho, joka muistuttaa enemm\u00e4n moottoripy\u00f6r\u00e4\u00e4 kuin s\u00e4hk\u00f6skootteria, mahdollistaa <strong>25km\/h<\/strong> nopeuden saavuttamisen yksityisteill\u00e4 muutetun virityksen j\u00e4lkeen.<\/p>\n<p><iframe title=\"Dualtron Ultra 2 Review\" width=\"1082\" height=\"609\" src=\"https:\/\/www.youtube.com\/embed\/OuAOFcoz1Xw?feature=oembed\" frameborder=\"0\" allow=\"accelerometer; autoplay; clipboard-write; encrypted-media; gyroscope; picture-in-picture; web-share\" allowfullscreen><\/iframe><\/p>\n<h2 style=\"text-align: center;\">MINIMOTORS DUALTRON ULTRA 2 -S\u00c4HK\u00d6POTKULAUTA - TEKNINEN MESTARITEOS<\/h2>\n<p>Etel\u00e4-Koreassa sijaitseva Minimotors on maailman pisimp\u00e4\u00e4n vakiintunut s\u00e4hk\u00f6skootterimerkki\/yritys. Minimotors alkoi kehitt\u00e4\u00e4 ja markkinoida s\u00e4hk\u00f6skootteriteknologiaa jo vuonna 1999, ja vuonna 2015 heist\u00e4 tuli ensimm\u00e4isen kaksimoottorisen s\u00e4hk\u00f6skootterin - Dualtronin - luoja. Minimotors Dualtron Ultra 2 -s\u00e4hk\u00f6skootteri on varustettu markkinoiden parhaalla kaasuun reagoivalla <a href=\"http:\/\/www.xn--tuksimaailm-ffb.ee\/shop\/minimotors-ey3-72v-ekraan-display-kaabo-wolf-king\/\">Minimotors EY3<\/a> -n\u00e4yt\u00f6ll\u00e4, joka on samanlainen kuin kaikki muut Dualtronit. N\u00e4yt\u00f6n tiedot ovat luettavissa my\u00f6s kes\u00e4isell\u00e4 aurinkoisella s\u00e4\u00e4ll\u00e4. Suurten ja leveiden 11-tuumaisten letkuttomien ilmarenkaiden lis\u00e4ksi mukavuuden sek\u00e4 turvallisuuden ja vakauden suurissa nopeuksissa takaa kumiholkki-kasettityyppinen etu- ja takajousitus. T\u00e4m\u00e4 jousitustyyppi ei tarjoa maailman pehmeint\u00e4 ajoa, mutta se tarjoaa parhaan ajotuntuman ja ennustettavan k\u00e4sitelt\u00e4vyyden.<\/p>\n<p><img decoding=\"async\" class=\"wp-image-6695 aligncenter\" src=\"https:\/\/www.xn--tuksimaailm-ffb.ee\/wp-content\/uploads\/2021\/12\/ultra-2-7-300x112.png\" alt=\"dualtron ultra 2 elektrit\u00f5ukeratas elektriline t\u00f5ukeratas elektrilised t\u00f5ukerattad\" width=\"889\" height=\"332\" srcset=\"https:\/\/www.xn--tuksimaailm-ffb.ee\/wp-content\/uploads\/2021\/12\/ultra-2-7-300x112.png 300w, https:\/\/www.xn--tuksimaailm-ffb.ee\/wp-content\/uploads\/2021\/12\/ultra-2-7-1024x381.png 1024w, https:\/\/www.xn--tuksimaailm-ffb.ee\/wp-content\/uploads\/2021\/12\/ultra-2-7-768x286.png 768w, https:\/\/www.xn--tuksimaailm-ffb.ee\/wp-content\/uploads\/2021\/12\/ultra-2-7-611x227.png 611w, https:\/\/www.xn--tuksimaailm-ffb.ee\/wp-content\/uploads\/2021\/12\/ultra-2-7-800x300.png 800w, https:\/\/www.xn--tuksimaailm-ffb.ee\/wp-content\/uploads\/2021\/12\/ultra-2-7-600x223.png 600w, https:\/\/www.xn--tuksimaailm-ffb.ee\/wp-content\/uploads\/2021\/12\/ultra-2-7.png 1035w\" sizes=\"(max-width: 889px) 100vw, 889px\" \/><\/p>\n<h2 style=\"text-align: center;\">ESITYS<\/h2>\n<p>Vanteisiin piilotetut tehokkaat <strong>0,5kW<\/strong>: n harjattomat s\u00e4hk\u00f6moottorit takaavat voimakkaan kiihtyvyyden ja \u00e4killisen kiihtyvyyden, ja Dualtron Ultra 2 -s\u00e4hk\u00f6potkulauta pystyy saavuttamaan valmistajan nopeuden <strong>25km\/h<\/strong> periaatteessa v\u00e4litt\u00f6m\u00e4sti. T\u00e4m\u00e4 jopa kannettaessa jopa <strong>150kg<\/strong>:n painoa tai ajettaessa <strong>35 asteen<\/strong> kaltevuudesta yl\u00f6sp\u00e4in! Dualtron Ultra 2 -s\u00e4hk\u00f6skootteri, kuten muutkin uuden sukupolven Minimotors-s\u00e4hk\u00f6skootterit, on varustettu suurilla <strong>160mm:n<\/strong> jarrupy\u00f6rill\u00e4 ja skootterimaailman arvostetuimman <strong>NUTT-merkin<\/strong> hydraulisilla levyjarruilla.<\/p>\n<h2 style=\"text-align: center;\">Turvallisuus<\/h2>\n<p>Dualtron-s\u00e4hk\u00f6skoottereissa on my\u00f6s Minimotorsin patentoitu <strong>ABS<\/strong>-turvaj\u00e4rjestelm\u00e4, joka est\u00e4\u00e4 py\u00f6rien lukkiutumisen magneettijarrua k\u00e4ytett\u00e4ess\u00e4. Ultra 2 -s\u00e4hk\u00f6skootterin akun t\u00e4yteen lataaminen kest\u00e4\u00e4 <strong>23 tuntia<\/strong> mukana toimitetulla laturilla. Onneksi t\u00e4m\u00e4 aika voidaan lyhent\u00e4\u00e4 <strong>5 tuntiin<\/strong> k\u00e4ytt\u00e4m\u00e4ll\u00e4 pikalaturia. Ultra 2 on varustettu LED-ajovaloilla, suuntavilkuilla, h\u00e4t\u00e4vilkuilla ja takavaloilla. Jos haluat valaista tiet\u00e4 enemm\u00e4n, suosittelemme <a href=\"http:\/\/www.xn--tuksimaailm-ffb.ee\/tootesilt\/elektritoukeratta-lisatuled\/\">lis\u00e4valojen<\/a> asentamista ohjaustankoon.<\/p>\n<p>Dualtron Ultra 2 muistuttaa enemm\u00e4n moottoripy\u00f6r\u00e4\u00e4 kuin s\u00e4hk\u00f6skootteria, joten muista ajaa samanlaisilla varusteilla kuin edellinen. Pid\u00e4 aina <a href=\"http:\/\/www.xn--tuksimaailm-ffb.ee\/shop\/elektrilise-toukeratta-kiiver-led-tagatulega-smart-4u\/\">kyp\u00e4r\u00e4\u00e4<\/a> p\u00e4\u00e4ss\u00e4si (jos mahdollista \"full-face\"-leukasuojalla). On my\u00f6s suositeltavaa k\u00e4ytt\u00e4\u00e4 putoamiselta suojaavaa vaatetusta, kuten housuja ja takkeja, joissa on integroitu suoja (moottoripy\u00f6r\u00e4ilyvarusteet). Alle 16-vuotiaille s\u00e4hk\u00f6potkulautailijoille kyp\u00e4r\u00e4n k\u00e4ytt\u00f6 ajon aikana on <a href=\"https:\/\/www.riigiteataja.ee\/akt\/113112020001\">lain<\/a> mukaan pakollista. Kaikki Minimotors Dualtron -s\u00e4hk\u00f6skootterit l\u00f6yd\u00e4t <a href=\"http:\/\/www.xn--tuksimaailm-ffb.ee\/tootekategooria\/elektritoukeratas\/\"><strong>t\u00e4\u00e4lt\u00e4<\/strong><\/a>.<\/p>\n<p><strong style=\"box-sizing: inherit; margin: 0px; padding: 0px; border: 0px; font-variant-numeric: inherit; font-variant-east-asian: inherit; font-stretch: inherit; font-size: 17px; line-height: inherit;\">Dualtron Ultra 2 -s\u00e4hk\u00f6skootteri on Viron liikennelain mukainen katulain mukainen kevytskootteri, jonka valmistajan teho on 1000W ja valmistajan nopeus 25km\/h. HUOM: Jos k\u00e4ytt\u00e4j\u00e4 on itsen\u00e4isesti muuttanut s\u00e4hk\u00f6skootteria nopeammaksi tai tehokkaammaksi kuin edell\u00e4 mainitut parametrit, T\u00f5uksimaailm ei ole vastuussa lain rikkomisesta aiheutuvista sakoista, s\u00e4hk\u00f6skootterin takavarikoimisesta poliisin toimesta tai mist\u00e4\u00e4n muustakaan rikkomisesta aiheutuneesta vahingosta.<\/strong><\/p>\n<table class=\"tg\" style=\"border-collapse: collapse; max-width: 600px; border-spacing: 0; margin: 0px auto;\">\n<tbody>\n<tr>\n<td style=\"background-color: #e4e1e1; color: #333333; font-family: inherit; font-size: 14px; font-weight: bold; overflow: hidden; padding: 5px 5px; text-align: center; vertical-align: top; word-break: normal; border: 1px solid;\" colspan=\"2\">Tekniset tiedot<\/td>\n<\/tr>\n<tr>\n<td style=\"background-color: #e4e1e1; color: #333333; font-family: inherit; font-size: 14px; font-weight: bold; overflow: hidden; padding: 5px 5px; text-align: right; vertical-align: top; word-break: normal; border: 1px solid;\">Malli<\/td>\n<td style=\"font-family: inherit; font-size: 14px; overflow: hidden; padding: 5px 5px; text-align: center; vertical-align: top; word-break: normal; border: 1px solid;\">Minimotors Dualtron Ultra 2<\/td>\n<\/tr>\n<tr>\n<td style=\"background-color: #e4e1e1; color: #333333; font-family: inherit; font-size: 14px; font-weight: bold; overflow: hidden; padding: 5px 5px; text-align: right; vertical-align: top; word-break: normal; border: 1px solid;\">Akku<\/td>\n<td style=\"font-family: inherit; font-size: 14px; overflow: hidden; padding: 5px 5px; text-align: center; vertical-align: top; word-break: normal; border: 1px solid;\">72V\/35Ah\/2520Wh \u2013 LG 3500 akkumoduulit Li-Ion<\/td>\n<\/tr>\n<tr>\n<td style=\"background-color: #e4e1e1; color: #333333; font-family: inherit; font-size: 14px; font-weight: bold; overflow: hidden; padding: 5px 5px; text-align: right; vertical-align: top; word-break: normal; border: 1px solid;\">Moottorin teho<\/td>\n<td style=\"font-family: inherit; font-size: 14px; overflow: hidden; padding: 5px 5px; text-align: center; vertical-align: top; word-break: normal; border: 1px solid;\">1000W<\/td>\n<\/tr>\n<tr>\n<td style=\"background-color: #e4e1e1; color: #333333; font-family: inherit; font-size: 14px; font-weight: bold; overflow: hidden; padding: 5px 5px; text-align: right; vertical-align: top; word-break: normal; border: 1px solid;\">Ajomatka (ECO-tilassa), valmistajan m\u00e4\u00e4rittely | Arvioitu ajomatka<\/td>\n<td style=\"font-family: inherit; font-size: 14px; overflow: hidden; padding: 5px 5px; text-align: center; vertical-align: top; word-break: normal; border: 1px solid;\">jopa 140km | 168km (25km\/h, 70kg kuljettaja, 15Wh\/km)<\/td>\n<\/tr>\n<tr>\n<td style=\"background-color: #e4e1e1; color: #333333; font-family: inherit; font-size: 14px; font-weight: bold; overflow: hidden; padding: 5px 5px; text-align: right; vertical-align: top; word-break: normal; border: 1px solid;\">Etujarru<\/td>\n<td style=\"font-family: inherit; font-size: 14px; overflow: hidden; padding: 5px 5px; text-align: center; vertical-align: top; word-break: normal; border: 1px solid;\">NUTT-merkkinen hydraulinen levyjarru (160mm) + magneettijarru<\/td>\n<\/tr>\n<tr>\n<td style=\"background-color: #e4e1e1; color: #333333; font-family: inherit; font-size: 14px; font-weight: bold; overflow: hidden; padding: 5px 5px; text-align: right; vertical-align: top; word-break: normal; border: 1px solid;\">Takajarru<\/td>\n<td style=\"font-family: inherit; font-size: 14px; overflow: hidden; padding: 5px 5px; text-align: center; vertical-align: top; word-break: normal; border: 1px solid;\">NUTT-merkkinen hydraulinen levyjarru (160mm) + magneettijarru<\/td>\n<\/tr>\n<tr>\n<td style=\"background-color: #e4e1e1; color: #333333; font-family: inherit; font-size: 14px; font-weight: bold; overflow: hidden; padding: 5px 5px; text-align: right; vertical-align: top; word-break: normal; border: 1px solid;\">Latausaika<\/td>\n<td style=\"font-family: inherit; font-size: 14px; overflow: hidden; padding: 5px 5px; text-align: center; vertical-align: top; word-break: normal; border: 1px solid;\">23h (vakiolaturin kanssa); 5h (pikalaturilla)<\/td>\n<\/tr>\n<tr>\n<td style=\"background-color: #e4e1e1; color: #333333; font-family: inherit; font-size: 14px; font-weight: bold; overflow: hidden; padding: 5px 5px; text-align: right; vertical-align: top; word-break: normal; border: 1px solid;\">Painorajoitus<\/td>\n<td style=\"font-family: inherit; font-size: 14px; overflow: hidden; padding: 5px 5px; text-align: center; vertical-align: top; word-break: normal; border: 1px solid;\">150kg<\/td>\n<\/tr>\n<tr>\n<td style=\"background-color: #e4e1e1; color: #333333; font-family: inherit; font-size: 14px; font-weight: bold; overflow: hidden; padding: 5px 5px; text-align: right; vertical-align: top; word-break: normal; border: 1px solid;\">Muutettu nopeus virityksen j\u00e4lkeen<\/td>\n<td style=\"font-family: inherit; font-size: 14px; overflow: hidden; padding: 5px 5px; text-align: center; vertical-align: top; word-break: normal; border: 1px solid;\">25km\/h<\/td>\n<\/tr>\n<tr>\n<td style=\"background-color: #e4e1e1; color: #333333; font-family: inherit; font-size: 14px; font-weight: bold; overflow: hidden; padding: 5px 5px; text-align: right; vertical-align: top; word-break: normal; border: 1px solid;\">Valmistaja nopeus<\/td>\n<td style=\"font-family: inherit; font-size: 14px; overflow: hidden; padding: 5px 5px; text-align: center; vertical-align: top; word-break: normal; border: 1px solid;\">25km\/h<\/td>\n<\/tr>\n<tr>\n<td style=\"background-color: #e4e1e1; color: #333333; font-family: inherit; font-size: 14px; font-weight: bold; overflow: hidden; padding: 5px 5px; text-align: right; vertical-align: top; word-break: normal; border: 1px solid;\">Paino<\/td>\n<td style=\"font-family: inherit; font-size: 14px; overflow: hidden; padding: 5px 5px; text-align: center; vertical-align: top; word-break: normal; border: 1px solid;\">40kg<\/td>\n<\/tr>\n<tr>\n<td style=\"background-color: #e4e1e1; color: #333333; font-family: inherit; font-size: 14px; font-weight: bold; overflow: hidden; padding: 5px 5px; text-align: right; vertical-align: top; word-break: normal; border: 1px solid;\">Renkaat<\/td>\n<td style=\"font-family: inherit; font-size: 14px; overflow: hidden; padding: 5px 5px; text-align: center; vertical-align: top; word-break: normal; border: 1px solid;\">11\" tubeless maastorenkaat (ilman sis\u00e4kumia) Ilmarenkaat<\/td>\n<\/tr>\n<tr>\n<td style=\"background-color: #e4e1e1; color: #333333; font-family: inherit; font-size: 14px; font-weight: bold; overflow: hidden; padding: 5px 5px; text-align: right; vertical-align: top; word-break: normal; border: 1px solid;\"><span class=\"HwtZe\" lang=\"fi\"><span class=\"jCAhz ChMk0b\"><span class=\"ryNqvb\">Iskunvaimentimet<\/span><\/span><\/span><\/td>\n<td style=\"font-family: inherit; font-size: 14px; overflow: hidden; padding: 5px 5px; text-align: center; vertical-align: top; word-break: normal; border: 1px solid;\">Kumiholkkikasetit - 5 eri j\u00e4ykkyysastetta<\/td>\n<\/tr>\n<tr>\n<td style=\"background-color: #e4e1e1; color: #333333; font-family: inherit; font-size: 14px; font-weight: bold; overflow: hidden; padding: 5px 5px; text-align: right; vertical-align: top; word-break: normal; border: 1px solid;\">Valot<\/td>\n<td style=\"font-family: inherit; font-size: 14px; overflow: hidden; padding: 5px 5px; text-align: center; vertical-align: top; word-break: normal; border: 1px solid;\">LED-ajovalot, takavalot, suuntavilkut, vaaratilanteen varoitusvalot<\/td>\n<\/tr>\n<tr>\n<td style=\"background-color: #e4e1e1; color: #333333; font-family: inherit; font-size: 14px; font-weight: bold; overflow: hidden; padding: 5px 5px; text-align: right; vertical-align: top; word-break: normal; border: 1px solid;\">Tien enim\u00e4iskaltevuus<\/td>\n<td style=\"font-family: inherit; font-size: 14px; overflow: hidden; padding: 5px 5px; text-align: center; vertical-align: top; word-break: normal; border: 1px solid;\">30%<\/td>\n<\/tr>\n<\/tbody>\n<\/table>\n","protected":false},"excerpt":{"rendered":"<p><a href=\"http:\/\/www.xn--tuksimaailm-ffb.ee\/kontakt\/\"><strong>L\u00f6ysitk\u00f6 paremman hinnan? Kirjoita meille, niin teemme sinulle paremman tarjouksen!<\/strong><\/a><\/p>\n<p><strong>Kaikki\u00a0<a href=\"http:\/\/www.xn--tuksimaailm-ffb.ee\/tootekategooria\/lisavarustus\/\">lis\u00e4varusteet<\/a>\u00a0ja\u00a0<a href=\"https:\/\/www.xn\u2014tuksimaailm-ffb.ee\/tootekategooria\/elektritoukeratta-varuosad\/\">varaosat<\/a> ovat\u00a0-20%, kun ne ostetaan s\u00e4hk\u00f6skootterin kanssa. Alennus otetaan automaattisesti k\u00e4ytt\u00f6\u00f6n, kun lis\u00e4\u00e4t sen ostoskoriin!<\/strong><\/p>\n<p><em><strong>Toimitusaika: 1-5tp<\/p>\n<p><\/strong><\/em><\/p>\n","protected":false},"featured_media":23852,"template":"","meta":[],"product_brand":[],"product_cat":[926],"product_tag":[],"filter_elektritoukeratas":[],"class_list":{"0":"post-41415","1":"product","2":"type-product","3":"status-publish","4":"has-post-thumbnail","6":"product_cat-sahkopotkulaudat-fi","7":"product_shipping_class-keskmine-pakk-fi","8":"pa_aku-mahutavus-wh-2520-fi","9":"pa_kaal-kg-40-fi","10":"pa_kandevoime-kg-150-fi","11":"pa_labisoit-arvutuslik-km-168-fi","12":"pa_mootorite-arv-kahdella-moottorilla","13":"pa_muuja-platvormil-touksimaailm-exocool-ou-fi","14":"pa_piiramata-tippkiirus-kmh-25-fi","15":"pa_tootetuup-elektritoukeratas-fi","16":"pa_valmistaja-dualtron-fi","17":"pa_voimsus-w-1000-fi","19":"first","20":"instock","21":"taxable","22":"shipping-taxable","23":"purchasable","24":"product-type-simple"},"yoast_head":"<!-- This site is optimized with the Yoast SEO Premium plugin v26.8 (Yoast SEO v27.5) - https:\/\/yoast.com\/product\/yoast-seo-premium-wordpress\/ -->\n<title>Dualtron Ultra 2 s\u00e4hk\u00f6potkulauta | 72V Ultra | T\u00f5uksimaailm<\/title>\n<meta name=\"description\" content=\"Dualtron Ultra 2 elektrit\u00f5ukeratas. Hiiglasliku 72V 35Ah akuga Minimotors elektriline t\u00f5ukeratas. Kiirem kui 60V elektrilised t\u00f5ukerattad.\" \/>\n<meta name=\"robots\" content=\"index, follow, max-snippet:-1, max-image-preview:large, max-video-preview:-1\" \/>\n<link rel=\"canonical\" href=\"https:\/\/www.xn--tuksimaailm-ffb.ee\/fi\/shop\/dualtron-ultra-2-sahkopotkulauta\/\" \/>\n<meta property=\"og:locale\" content=\"fi_FI\" \/>\n<meta property=\"og:type\" content=\"article\" \/>\n<meta property=\"og:title\" content=\"Dualtron Ultra 2 s\u00e4hk\u00f6potkulauta\" \/>\n<meta property=\"og:description\" content=\"Dualtron Ultra 2 elektrit\u00f5ukeratas. Hiiglasliku 72V 35Ah akuga Minimotors elektriline t\u00f5ukeratas. Kiirem kui 60V elektrilised t\u00f5ukerattad.\" \/>\n<meta property=\"og:url\" content=\"https:\/\/www.xn--tuksimaailm-ffb.ee\/fi\/shop\/dualtron-ultra-2-sahkopotkulauta\/\" \/>\n<meta property=\"og:site_name\" content=\"T\u00f5uksimaailm\" \/>\n<meta property=\"article:publisher\" content=\"https:\/\/www.facebook.com\/touksimaailm\/\" \/>\n<meta property=\"article:modified_time\" content=\"2024-11-08T10:00:14+00:00\" \/>\n<meta property=\"og:image\" content=\"https:\/\/www.xn--tuksimaailm-ffb.ee\/wp-content\/uploads\/2021\/12\/ultra-2-1.png\" \/>\n\t<meta property=\"og:image:width\" content=\"823\" \/>\n\t<meta property=\"og:image:height\" content=\"802\" \/>\n\t<meta property=\"og:image:type\" content=\"image\/png\" \/>\n<meta name=\"twitter:card\" content=\"summary_large_image\" \/>\n<meta name=\"twitter:label1\" content=\"Hinta\" \/>\n\t<meta name=\"twitter:data1\" content=\"&euro;3,299.00\" \/>\n\t<meta name=\"twitter:label2\" content=\"Saatavuus\" \/>\n\t<meta name=\"twitter:data2\" content=\"Varastossa\" \/>\n<meta property=\"product:price:amount\" content=\"3299.00\" \/>\n<meta property=\"product:price:currency\" content=\"EUR\" \/>\n<meta property=\"og:availability\" content=\"instock\" \/>\n<meta property=\"product:availability\" content=\"instock\" \/>\n<meta property=\"product:retailer_item_id\" content=\"Ultra_2\" \/>\n<meta property=\"product:condition\" content=\"new\" \/>\n<!-- \/ Yoast SEO Premium plugin. -->","yoast_head_json":{"title":"Dualtron Ultra 2 s\u00e4hk\u00f6potkulauta | 72V Ultra | T\u00f5uksimaailm","description":"Dualtron Ultra 2 elektrit\u00f5ukeratas. Hiiglasliku 72V 35Ah akuga Minimotors elektriline t\u00f5ukeratas. Kiirem kui 60V elektrilised t\u00f5ukerattad.","robots":{"index":"index","follow":"follow","max-snippet":"max-snippet:-1","max-image-preview":"max-image-preview:large","max-video-preview":"max-video-preview:-1"},"canonical":"https:\/\/www.xn--tuksimaailm-ffb.ee\/fi\/shop\/dualtron-ultra-2-sahkopotkulauta\/","og_locale":"fi_FI","og_type":"article","og_title":"Dualtron Ultra 2 s\u00e4hk\u00f6potkulauta","og_description":"Dualtron Ultra 2 elektrit\u00f5ukeratas. Hiiglasliku 72V 35Ah akuga Minimotors elektriline t\u00f5ukeratas. Kiirem kui 60V elektrilised t\u00f5ukerattad.","og_url":"https:\/\/www.xn--tuksimaailm-ffb.ee\/fi\/shop\/dualtron-ultra-2-sahkopotkulauta\/","og_site_name":"T\u00f5uksimaailm","article_publisher":"https:\/\/www.facebook.com\/touksimaailm\/","article_modified_time":"2024-11-08T10:00:14+00:00","og_image":[{"width":823,"height":802,"url":"https:\/\/www.xn--tuksimaailm-ffb.ee\/wp-content\/uploads\/2021\/12\/ultra-2-1.png","type":"image\/png"}],"twitter_card":"summary_large_image","twitter_misc":{"Hinta":"&euro;3,299.00","Saatavuus":"Varastossa"},"schema":{"@context":"https:\/\/schema.org","@graph":[{"@type":"WebPage","@id":"https:\/\/www.xn--tuksimaailm-ffb.ee\/fi\/shop\/dualtron-ultra-2-sahkopotkulauta\/","url":"https:\/\/www.xn--tuksimaailm-ffb.ee\/fi\/shop\/dualtron-ultra-2-sahkopotkulauta\/","name":"Dualtron Ultra 2 s\u00e4hk\u00f6potkulauta | 72V Ultra | T\u00f5uksimaailm","isPartOf":{"@id":"https:\/\/www.xn--tuksimaailm-ffb.ee\/fi\/#website"},"primaryImageOfPage":{"@id":"https:\/\/www.xn--tuksimaailm-ffb.ee\/fi\/shop\/dualtron-ultra-2-sahkopotkulauta\/#primaryimage"},"image":{"@id":"https:\/\/www.xn--tuksimaailm-ffb.ee\/fi\/shop\/dualtron-ultra-2-sahkopotkulauta\/#primaryimage"},"thumbnailUrl":"https:\/\/www.xn--tuksimaailm-ffb.ee\/wp-content\/uploads\/2021\/12\/ultra-2-1.png","datePublished":"2021-12-19T09:49:01+00:00","dateModified":"2024-11-08T10:00:14+00:00","description":"Dualtron Ultra 2 elektrit\u00f5ukeratas. Hiiglasliku 72V 35Ah akuga Minimotors elektriline t\u00f5ukeratas. Kiirem kui 60V elektrilised t\u00f5ukerattad.","breadcrumb":{"@id":"https:\/\/www.xn--tuksimaailm-ffb.ee\/fi\/shop\/dualtron-ultra-2-sahkopotkulauta\/#breadcrumb"},"inLanguage":"fi","potentialAction":[{"@type":"ReadAction","target":["https:\/\/www.xn--tuksimaailm-ffb.ee\/fi\/shop\/dualtron-ultra-2-sahkopotkulauta\/"]}]},{"@type":"ImageObject","inLanguage":"fi","@id":"https:\/\/www.xn--tuksimaailm-ffb.ee\/fi\/shop\/dualtron-ultra-2-sahkopotkulauta\/#primaryimage","url":"https:\/\/www.xn--tuksimaailm-ffb.ee\/wp-content\/uploads\/2021\/12\/ultra-2-1.png","contentUrl":"https:\/\/www.xn--tuksimaailm-ffb.ee\/wp-content\/uploads\/2021\/12\/ultra-2-1.png","width":823,"height":802,"caption":"dualtron ultra 2 elektrit\u00f5ukeratas elektriline t\u00f5ukeratas elektrilised t\u00f5ukerattad minimotors"},{"@type":"BreadcrumbList","@id":"https:\/\/www.xn--tuksimaailm-ffb.ee\/fi\/shop\/dualtron-ultra-2-sahkopotkulauta\/#breadcrumb","itemListElement":[{"@type":"ListItem","position":1,"name":"Home","item":"https:\/\/www.xn--tuksimaailm-ffb.ee\/fi\/kotisivu\/"},{"@type":"ListItem","position":2,"name":"Kauppa","item":"https:\/\/www.xn--tuksimaailm-ffb.ee\/elektritoukerataste-pood\/"},{"@type":"ListItem","position":3,"name":"Dualtron Ultra 2 s\u00e4hk\u00f6potkulauta"}]},{"@type":"WebSite","@id":"https:\/\/www.xn--tuksimaailm-ffb.ee\/fi\/#website","url":"https:\/\/www.xn--tuksimaailm-ffb.ee\/fi\/","name":"T\u00f5uksimaailm","description":"Elektrit\u00f5ukerataste m\u00fc\u00fck, remont ja rent","publisher":{"@id":"https:\/\/www.xn--tuksimaailm-ffb.ee\/fi\/#organization"},"potentialAction":[{"@type":"SearchAction","target":{"@type":"EntryPoint","urlTemplate":"https:\/\/www.xn--tuksimaailm-ffb.ee\/fi\/?s={search_term_string}"},"query-input":{"@type":"PropertyValueSpecification","valueRequired":true,"valueName":"search_term_string"}}],"inLanguage":"fi"},{"@type":"Organization","@id":"https:\/\/www.xn--tuksimaailm-ffb.ee\/fi\/#organization","name":"T\u00f5uksimaailm","url":"https:\/\/www.xn--tuksimaailm-ffb.ee\/fi\/","logo":{"@type":"ImageObject","inLanguage":"fi","@id":"https:\/\/www.xn--tuksimaailm-ffb.ee\/fi\/#\/schema\/logo\/image\/","url":"https:\/\/www.xn--tuksimaailm-ffb.ee\/wp-content\/uploads\/2020\/01\/logoz-e1579792875517.png","contentUrl":"https:\/\/www.xn--tuksimaailm-ffb.ee\/wp-content\/uploads\/2020\/01\/logoz-e1579792875517.png","width":250,"height":250,"caption":"T\u00f5uksimaailm"},"image":{"@id":"https:\/\/www.xn--tuksimaailm-ffb.ee\/fi\/#\/schema\/logo\/image\/"},"sameAs":["https:\/\/www.facebook.com\/touksimaailm\/","https:\/\/www.instagram.com\/touksimaailm_\/","https:\/\/www.youtube.com\/channel\/UC18ml0EKIDLP1xGuQjFzcXQ"]}]},"product_price_amount":"3299.00","product_price_currency":"EUR","og_availability":"instock","product_availability":"instock","product_retailer_item_id":"Ultra_2","product_condition":"new"},"jetpack_sharing_enabled":true,"_links":{"self":[{"href":"https:\/\/www.xn--tuksimaailm-ffb.ee\/fi\/wp-json\/wp\/v2\/product\/41415","targetHints":{"allow":["GET"]}}],"collection":[{"href":"https:\/\/www.xn--tuksimaailm-ffb.ee\/fi\/wp-json\/wp\/v2\/product"}],"about":[{"href":"https:\/\/www.xn--tuksimaailm-ffb.ee\/fi\/wp-json\/wp\/v2\/types\/product"}],"wp:featuredmedia":[{"embeddable":true,"href":"https:\/\/www.xn--tuksimaailm-ffb.ee\/fi\/wp-json\/wp\/v2\/media\/23852"}],"wp:attachment":[{"href":"https:\/\/www.xn--tuksimaailm-ffb.ee\/fi\/wp-json\/wp\/v2\/media?parent=41415"}],"wp:term":[{"taxonomy":"product_brand","embeddable":true,"href":"https:\/\/www.xn--tuksimaailm-ffb.ee\/fi\/wp-json\/wp\/v2\/product_brand?post=41415"},{"taxonomy":"product_cat","embeddable":true,"href":"https:\/\/www.xn--tuksimaailm-ffb.ee\/fi\/wp-json\/wp\/v2\/product_cat?post=41415"},{"taxonomy":"product_tag","embeddable":true,"href":"https:\/\/www.xn--tuksimaailm-ffb.ee\/fi\/wp-json\/wp\/v2\/product_tag?post=41415"},{"taxonomy":"filter_elektritoukeratas","embeddable":true,"href":"https:\/\/www.xn--tuksimaailm-ffb.ee\/fi\/wp-json\/wp\/v2\/filter_elektritoukeratas?post=41415"}],"curies":[{"name":"wp","href":"https:\/\/api.w.org\/{rel}","templated":true}]}}