{"id":41478,"date":"2021-12-17T17:41:43","date_gmt":"2021-12-17T17:41:43","guid":{"rendered":"http:\/\/www.xn--tuksimaailm-ffb.ee\/shop\/techlife-x5s-sahkopotkulauta\/"},"modified":"2024-11-08T13:59:30","modified_gmt":"2024-11-08T10:59:30","slug":"techlife-x5s-sahkopotkulauta","status":"publish","type":"product","link":"https:\/\/www.xn--tuksimaailm-ffb.ee\/fi\/shop\/techlife-x5s-sahkopotkulauta\/","title":{"rendered":"Techlife X5S s\u00e4hk\u00f6potkulauta"},"content":{"rendered":"<h2 style=\"text-align: center;\">TECHLIFE X5S <br \/>S\u00c4HK\u00d6POTKULAUTA - TUOTEKUVAUS<\/h2>\n<p>Techlife X5S -s\u00e4hk\u00f6potkulauta on suurempi akkuversio <a href=\"http:\/\/www.xn--tuksimaailm-ffb.ee\/shop\/techlife-x5-elektriline-toukeratas\/\">Techlife X5<\/a> -s\u00e4hk\u00f6potkulautasta. Suuren<strong> 36V\/18Ah (648Wh<\/strong> kapasiteetti) akun ansiosta voit kulkea jopa <strong>45km<\/strong> yhdell\u00e4 latauksella (pienemm\u00e4ll\u00e4 akulla varustetun X5:n toimintas\u00e4de on 35km yhdell\u00e4 latauksella). Keskivertokuljettajan todellinen ajokilometri 25km\/h tai nopeammin on 25-35km. T\u00e4m\u00e4n lis\u00e4ksi moottorissa on 50W enemm\u00e4n tehoa kuin X5:ss\u00e4.<\/p>\n<p>S\u00e4hk\u00f6potkulauta on kokoontaitettava suoraan seisomakannen etuosasta, mik\u00e4 tekee sen mitoista hyvin pienet t\u00e4ss\u00e4 vaihdossa. Siin\u00e4 on my\u00f6s kokoontaitettavat ohjaustangon kahvat (pystypuomin suuntaisesti), mik\u00e4 tekee t\u00e4st\u00e4 mallista kevyen s\u00e4hk\u00f6potkulautailijan \"eritt\u00e4in kompakti s\u00e4hk\u00f6potkulauta\" -luokkaan. Sis\u00e4kumilla varustetun t\u00e4rin\u00e4\u00e4 neutraloivan etupuolen ilmakumirenkaan lis\u00e4ksi etu- ja takaosan jousitetut iskunvaimentimet auttavat neutralisoimaan tiess\u00e4 olevia kuoppia. Kuten kaikki Techlife-s\u00e4hk\u00f6skootterit, my\u00f6s X5S-s\u00e4hk\u00f6skootteri on valmistettu monivaiheisen laadunvalvonnan l\u00e4p\u00e4isseist\u00e4 komponenteista, jotka takaavat erinomaisen kest\u00e4vyyden ja kokoonpanon laadun.<\/p>\n<p>Techlife X5S -s\u00e4hk\u00f6potkulauta on suunniteltu tarjoamaan riitt\u00e4v\u00e4\u00e4 suorituskyky\u00e4, erinomaista kompaktiutta ja mukavuutta kaupunkiymp\u00e4rist\u00f6ss\u00e4 kohtuuhintaan. <a href=\"http:\/\/www.xn--tuksimaailm-ffb.ee\/shop\/qs-s4-ekraan-display-elektritoukeratas-gpad-storm\/\"><strong>QS-S4<\/strong><\/a>:n n\u00e4yt\u00f6ss\u00e4 on korkeakontrastiset v\u00e4rit ja hyv\u00e4 valoteho (kirkkaus), joten se on eritt\u00e4in helppolukuinen, toisin kuin sen edelt\u00e4j\u00e4t, kuten TF-100. N\u00e4ytt\u00f6 n\u00e4kyy selv\u00e4sti my\u00f6s nopeassa ajossa \/ kes\u00e4isell\u00e4 aurinkoisella s\u00e4\u00e4ll\u00e4. <img decoding=\"async\" class=\"wp-image-6652 aligncenter\" src=\"https:\/\/www.xn--tuksimaailm-ffb.ee\/wp-content\/uploads\/2021\/12\/x5-3a-300x132.png\" alt=\"techlife x5S elektrit\u00f5ukeratas elektriline t\u00f5ukeratas kompaktne elektrilised t\u00f5ukerattad\" width=\"752\" height=\"331\" srcset=\"https:\/\/www.xn--tuksimaailm-ffb.ee\/wp-content\/uploads\/2021\/12\/x5-3a-300x132.png 300w, https:\/\/www.xn--tuksimaailm-ffb.ee\/wp-content\/uploads\/2021\/12\/x5-3a-768x339.png 768w, https:\/\/www.xn--tuksimaailm-ffb.ee\/wp-content\/uploads\/2021\/12\/x5-3a-611x269.png 611w, https:\/\/www.xn--tuksimaailm-ffb.ee\/wp-content\/uploads\/2021\/12\/x5-3a-600x265.png 600w, https:\/\/www.xn--tuksimaailm-ffb.ee\/wp-content\/uploads\/2021\/12\/x5-3a.png 830w\" sizes=\"(max-width: 752px) 100vw, 752px\" \/><\/p>\n<h2 style=\"text-align: center;\">TECHLIFE X5S <br \/>S\u00c4HK\u00d6POTKULAUTA - KAUPUNGIN PARAS<\/h2>\n<p>Kaikki Techlife X5S -s\u00e4hk\u00f6skootterit on valmistettu kest\u00e4v\u00e4st\u00e4 alumiinista, ja niiss\u00e4 on my\u00f6s leve\u00e4 ohjaustanko, jossa on mukavat kahvat. S\u00e4hk\u00f6skootterin BLDC-moottorin maksimiteho on 550W - alle 1kW, joka on Viron liikennelain mukaan suurin sallittu moottoriteho s\u00e4hk\u00f6skootterille. N\u00e4in ollen t\u00e4m\u00e4 eritt\u00e4in k\u00e4yt\u00e4nn\u00f6llinen s\u00e4hk\u00f6skootteri on t\u00e4ydellinen s\u00e4hk\u00f6k\u00e4ytt\u00f6inen liikkumisskootteri yleisill\u00e4 teill\u00e4 ja kaupungissa ajamiseen. Harjaton, korkean hy\u00f6tysuhteen s\u00e4hk\u00f6moottori takaa hyv\u00e4n kiihtyvyyden my\u00f6s yl\u00e4m\u00e4keen ajettaessa <strong>jopa 15 asteen<\/strong> kaltevuudessa. S\u00e4hk\u00f6moposkootteri saavuttaa valmistajan ilmoittaman 25km\/h nopeuden ilman suurempia ponnistuksia. Techlife X5S -s\u00e4hk\u00f6skootteri on suunniteltu jopa <strong>120kg<\/strong> painaville kuljettajille, mik\u00e4 on my\u00f6s 20kg enemm\u00e4n kuin mit\u00e4 useimmat saman luokan s\u00e4hk\u00f6skootterit voivat tarjota.<\/p>\n<h2 style=\"text-align: center;\">TECHLIFE S\u00c4HK\u00d6POTKULAUTA - TEKNINEN KUVAUS<\/h2>\n<p>0-100% t\u00e4ysi akun lataus s\u00e4hk\u00f6mopon laatikossa olevalla laturilla noin 7 tunnissa. Techlife X5S -s\u00e4hk\u00f6skootteri on varustettu my\u00f6s LED-valoilla - edess\u00e4 ja takana. Jos haluat kuitenkin valaista tiet\u00e4 pidemm\u00e4lle eteenp\u00e4in, on suositeltavaa asentaa\u00a0<a href=\"http:\/\/www.xn--tuksimaailm-ffb.ee\/tootesilt\/elektritoukeratta-lisatuled\/\">lis\u00e4valo<\/a> s\u00e4hk\u00f6skootterin ohjaustankoon. S\u00e4hk\u00f6skootterit ovat nopeita s\u00e4hk\u00f6valoajoneuvoja, ja suosittelemme\u00a0<a href=\"http:\/\/www.xn--tuksimaailm-ffb.ee\/shop\/elektrilise-toukeratta-kiiver-led-tagatulega-smart-4u\/\">kyp\u00e4r\u00e4\u00e4<\/a> k\u00e4ytt\u00e4mist\u00e4 niill\u00e4 ajettaessa. Alle 16-vuotiaan kuljettajan on <a href=\"https:\/\/www.riigiteataja.ee\/akt\/113112020001\">lain<\/a> mukaan k\u00e4ytett\u00e4v\u00e4 kyp\u00e4r\u00e4\u00e4 s\u00e4hk\u00f6skootterilla ajaessaan. Kaikki muut Techlife-s\u00e4hk\u00f6skootterit l\u00f6yd\u00e4t <a href=\"http:\/\/www.xn--tuksimaailm-ffb.ee\/tootekategooria\/elektritoukeratas\/\">t\u00e4\u00e4lt\u00e4<\/a>.<\/p>\n<p><strong style=\"box-sizing: inherit; margin: 0px; padding: 0px; border: 0px; font-variant-numeric: inherit; font-variant-east-asian: inherit; font-stretch: inherit; font-size: 17px; line-height: inherit;\">Techlife X5S -s\u00e4hk\u00f6potkulauta on Viron liikennelain mukainen katuoikeudellinen kevytskootteri, jonka valmistajan teho on 550W ja valmistajan nopeus 25km\/h. HUOM: Jos k\u00e4ytt\u00e4j\u00e4 on itsen\u00e4isesti muuttanut s\u00e4hk\u00f6skootteria nopeammaksi tai tehokkaammaksi kuin edell\u00e4 mainitut parametrit, T\u00f5uksimaailm ei ole vastuussa lain rikkomisesta aiheutuvista sakoista, s\u00e4hk\u00f6skootterin takavarikoimisesta poliisin toimesta tai mist\u00e4\u00e4n muustakaan rikkomisesta aiheutuneesta vahingosta.<\/strong><\/p>\n<table class=\"tg\" style=\"border-collapse: collapse; max-width: 600px; border-spacing: 0; margin: 0px auto;\">\n<tbody>\n<tr>\n<td style=\"background-color: #e4e1e1; color: #333333; font-family: inherit; font-size: 14px; font-weight: bold; overflow: hidden; padding: 5px 5px; text-align: center; vertical-align: top; word-break: normal; border: 1px solid;\" colspan=\"2\">Tekniset tiedot<\/td>\n<\/tr>\n<tr>\n<td style=\"background-color: #e4e1e1; color: #333333; font-family: inherit; font-size: 14px; font-weight: bold; overflow: hidden; padding: 5px 5px; text-align: right; vertical-align: top; word-break: normal; border: 1px solid;\">Malli<\/td>\n<td style=\"font-family: inherit; font-size: 14px; overflow: hidden; padding: 5px 5px; text-align: center; vertical-align: top; word-break: normal; border: 1px solid;\">Techlife X5S<\/td>\n<\/tr>\n<tr>\n<td style=\"background-color: #e4e1e1; color: #333333; font-family: inherit; font-size: 14px; font-weight: bold; overflow: hidden; padding: 5px 5px; text-align: right; vertical-align: top; word-break: normal; border: 1px solid;\">Paino<\/td>\n<td style=\"font-family: inherit; font-size: 14px; overflow: hidden; padding: 5px 5px; text-align: center; vertical-align: top; word-break: normal; border: 1px solid;\">18kg<\/td>\n<\/tr>\n<tr>\n<td style=\"background-color: #e4e1e1; color: #333333; font-family: inherit; font-size: 14px; font-weight: bold; overflow: hidden; padding: 5px 5px; text-align: right; vertical-align: top; word-break: normal; border: 1px solid;\">Teho<\/td>\n<td style=\"font-family: inherit; font-size: 14px; overflow: hidden; padding: 5px 5px; text-align: center; vertical-align: top; word-break: normal; border: 1px solid;\">300W (nominaali); 550W (huipputeho)<\/td>\n<\/tr>\n<tr>\n<td style=\"background-color: #e4e1e1; color: #333333; font-family: inherit; font-size: 14px; font-weight: bold; overflow: hidden; padding: 5px 5px; text-align: right; vertical-align: top; word-break: normal; border: 1px solid;\">Muutettu nopeus virityksen j\u00e4lkeen<\/td>\n<td style=\"font-family: inherit; font-size: 14px; overflow: hidden; padding: 5px 5px; text-align: center; vertical-align: top; word-break: normal; border: 1px solid;\">25km\/h<\/td>\n<\/tr>\n<tr>\n<td style=\"background-color: #e4e1e1; color: #333333; font-family: inherit; font-size: 14px; font-weight: bold; overflow: hidden; padding: 5px 5px; text-align: right; vertical-align: top; word-break: normal; border: 1px solid;\">Tuotaja m\u00e4\u00e4rittely nopeus<\/td>\n<td style=\"font-family: inherit; font-size: 14px; overflow: hidden; padding: 5px 5px; text-align: center; vertical-align: top; word-break: normal; border: 1px solid;\">25km\/h<\/td>\n<\/tr>\n<tr>\n<td style=\"background-color: #e4e1e1; color: #333333; font-family: inherit; font-size: 14px; font-weight: bold; overflow: hidden; padding: 5px 5px; text-align: right; vertical-align: top; word-break: normal; border: 1px solid;\">Kulku yhdell\u00e4 latauksella<\/td>\n<td style=\"font-family: inherit; font-size: 14px; overflow: hidden; padding: 5px 5px; text-align: center; vertical-align: top; word-break: normal; border: 1px solid;\">jopa 45km (tuotajan m\u00e4\u00e4ritys)<\/td>\n<\/tr>\n<tr>\n<td style=\"background-color: #e4e1e1; color: #333333; font-family: inherit; font-size: 14px; font-weight: bold; overflow: hidden; padding: 5px 5px; text-align: right; vertical-align: top; word-break: normal; border: 1px solid;\">Arvioitu ajomatka latausta kohti<\/td>\n<td style=\"font-family: inherit; font-size: 14px; overflow: hidden; padding: 5px 5px; text-align: center; vertical-align: top; word-break: normal; border: 1px solid;\">43km (25km\/h, 70kg kuljettaja, 15Wh\/km)<\/td>\n<\/tr>\n<tr>\n<td style=\"background-color: #e4e1e1; color: #333333; font-family: inherit; font-size: 14px; font-weight: bold; overflow: hidden; padding: 5px 5px; text-align: right; vertical-align: top; word-break: normal; border: 1px solid;\">Akku<\/td>\n<td style=\"font-family: inherit; font-size: 14px; overflow: hidden; padding: 5px 5px; text-align: center; vertical-align: top; word-break: normal; border: 1px solid;\">36V\/18Ah\/648Wh Li-Ion<\/td>\n<\/tr>\n<tr>\n<td style=\"background-color: #e4e1e1; color: #333333; font-family: inherit; font-size: 14px; font-weight: bold; overflow: hidden; padding: 5px 5px; text-align: right; vertical-align: top; word-break: normal; border: 1px solid;\">S\u00e4\u00e4nkest\u00e4vyys<\/td>\n<td style=\"font-family: inherit; font-size: 14px; overflow: hidden; padding: 5px 5px; text-align: center; vertical-align: top; word-break: normal; border: 1px solid;\">IP44<\/td>\n<\/tr>\n<tr>\n<td style=\"background-color: #e4e1e1; color: #333333; font-family: inherit; font-size: 14px; font-weight: bold; overflow: hidden; padding: 5px 5px; text-align: right; vertical-align: top; word-break: normal; border: 1px solid;\">Latausaika<\/td>\n<td style=\"font-family: inherit; font-size: 14px; overflow: hidden; padding: 5px 5px; text-align: center; vertical-align: top; word-break: normal; border: 1px solid;\">7 tuntia<\/td>\n<\/tr>\n<tr>\n<td style=\"background-color: #e4e1e1; color: #333333; font-family: inherit; font-size: 14px; font-weight: bold; overflow: hidden; padding: 5px 5px; text-align: right; vertical-align: top; word-break: normal; border: 1px solid;\">Painoraja<\/td>\n<td style=\"font-family: inherit; font-size: 14px; overflow: hidden; padding: 5px 5px; text-align: center; vertical-align: top; word-break: normal; border: 1px solid;\">120kg<\/td>\n<\/tr>\n<tr>\n<td style=\"background-color: #e4e1e1; color: #333333; font-family: inherit; font-size: 14px; font-weight: bold; overflow: hidden; padding: 5px 5px; text-align: right; vertical-align: top; word-break: normal; border: 1px solid;\">Jarrut<\/td>\n<td style=\"font-family: inherit; font-size: 14px; overflow: hidden; padding: 5px 5px; text-align: center; vertical-align: top; word-break: normal; border: 1px solid;\">Rumpujarru (takana)<\/td>\n<\/tr>\n<tr>\n<td style=\"background-color: #e4e1e1; color: #333333; font-family: inherit; font-size: 14px; font-weight: bold; overflow: hidden; padding: 5px 5px; text-align: right; vertical-align: top; word-break: normal; border: 1px solid;\">Renkaat<\/td>\n<td style=\"font-family: inherit; font-size: 14px; overflow: hidden; padding: 5px 5px; text-align: center; vertical-align: top; word-break: normal; border: 1px solid;\">8 1\/2\u00d72\u2033 (8.5\u00d72) sis\u00e4kumilla ilmarengas etell\u00e4; 8\u2033 t\u00e4ys rengas takana taga<\/td>\n<\/tr>\n<tr>\n<td style=\"background-color: #e4e1e1; color: #333333; font-family: inherit; font-size: 14px; font-weight: bold; overflow: hidden; padding: 5px 5px; text-align: right; vertical-align: top; word-break: normal; border: 1px solid;\">Tien enim\u00e4iskaltevuus<\/td>\n<td style=\"font-family: inherit; font-size: 14px; overflow: hidden; padding: 5px 5px; text-align: center; vertical-align: top; word-break: normal; border: 1px solid;\">15%<\/td>\n<\/tr>\n<\/tbody>\n<\/table>\n","protected":false},"excerpt":{"rendered":"<p><a href=\"http:\/\/www.xn--tuksimaailm-ffb.ee\/kontakt\/\"><strong>L\u00f6ysitk\u00f6 paremman hinnan? Kirjoita meille, niin teemme sinulle paremman tarjouksen!<\/strong><\/a><\/p>\n<p>\u2028\u2028<\/p>\n<p><strong>Kaikki\u00a0<a href=\"http:\/\/www.xn--tuksimaailm-ffb.ee\/tootekategooria\/lisavarustus\/\">lis\u00e4varusteet<\/a>\u00a0ja\u00a0<a href=\"https:\/\/www.xn\u2014tuksimaailm-ffb.ee\/tootekategooria\/elektritoukeratta-varuosad\/\">varaosat<\/a> ovat\u00a0-20%, kun ne ostetaan s\u00e4hk\u00f6skootterin kanssa. Alennus otetaan automaattisesti k\u00e4ytt\u00f6\u00f6n, kun lis\u00e4\u00e4t sen ostoskoriin!<\/strong><\/p>\n<p><em><strong>Toimitusaika: 2-9tp<\/p>\n<p><\/strong><\/em><\/p>\n","protected":false},"featured_media":23814,"template":"","meta":[],"product_brand":[],"product_cat":[926],"product_tag":[],"filter_elektritoukeratas":[],"class_list":{"0":"post-41478","1":"product","2":"type-product","3":"status-publish","4":"has-post-thumbnail","6":"product_cat-sahkopotkulaudat-fi","7":"product_shipping_class-keskmine-pakk-fi","8":"pa_aku-mahutavus-wh-648-fi","9":"pa_kaal-kg-18-fi","10":"pa_kandevoime-kg-120-fi","11":"pa_labisoit-arvutuslik-km-43-fi","12":"pa_mootorite-arv-uhe-mootoriga-fi","13":"pa_muuja-platvormil-touksimaailm-exocool-ou-fi","14":"pa_piiramata-tippkiirus-kmh-25-fi","15":"pa_tootetuup-elektritoukeratas-fi","16":"pa_valmistaja-techlife-fi","17":"pa_voimsus-w-550-fi","19":"first","20":"instock","21":"taxable","22":"shipping-taxable","23":"purchasable","24":"product-type-simple"},"yoast_head":"<!-- This site is optimized with the Yoast SEO Premium plugin v26.8 (Yoast SEO v27.5) - https:\/\/yoast.com\/product\/yoast-seo-premium-wordpress\/ -->\n<title>Techlife X5S s\u00e4hk\u00f6potkulauta | Kompaktne | T\u00f5uksimaailm | M\u00fc\u00fck<\/title>\n<meta name=\"description\" content=\"Techlife elektrilised t\u00f5ukerattad - X5S elektrit\u00f5ukeratas. Suurep\u00e4rase kompaktsusega, kerge, 300W mootoriga elektriline t\u00f5ukeratas.\" \/>\n<meta name=\"robots\" content=\"index, follow, max-snippet:-1, max-image-preview:large, max-video-preview:-1\" \/>\n<link rel=\"canonical\" href=\"https:\/\/www.xn--tuksimaailm-ffb.ee\/fi\/shop\/techlife-x5s-sahkopotkulauta\/\" \/>\n<meta property=\"og:locale\" content=\"fi_FI\" \/>\n<meta property=\"og:type\" content=\"article\" \/>\n<meta property=\"og:title\" content=\"Techlife X5S s\u00e4hk\u00f6potkulauta\" \/>\n<meta property=\"og:description\" content=\"Techlife elektrilised t\u00f5ukerattad - X5S elektrit\u00f5ukeratas. Suurep\u00e4rase kompaktsusega, kerge, 300W mootoriga elektriline t\u00f5ukeratas.\" \/>\n<meta property=\"og:url\" content=\"https:\/\/www.xn--tuksimaailm-ffb.ee\/fi\/shop\/techlife-x5s-sahkopotkulauta\/\" \/>\n<meta property=\"og:site_name\" content=\"T\u00f5uksimaailm\" \/>\n<meta property=\"article:publisher\" content=\"https:\/\/www.facebook.com\/touksimaailm\/\" \/>\n<meta property=\"article:modified_time\" content=\"2024-11-08T10:59:30+00:00\" \/>\n<meta property=\"og:image\" content=\"https:\/\/www.xn--tuksimaailm-ffb.ee\/wp-content\/uploads\/2021\/12\/x5-2-1.png\" \/>\n\t<meta property=\"og:image:width\" content=\"825\" \/>\n\t<meta property=\"og:image:height\" content=\"800\" \/>\n\t<meta property=\"og:image:type\" content=\"image\/png\" \/>\n<meta name=\"twitter:card\" content=\"summary_large_image\" \/>\n<meta name=\"twitter:label1\" content=\"Hinta\" \/>\n\t<meta name=\"twitter:data1\" content=\"&euro;780.00\" \/>\n\t<meta name=\"twitter:label2\" content=\"Saatavuus\" \/>\n\t<meta name=\"twitter:data2\" content=\"Varastossa\" \/>\n<meta property=\"product:price:amount\" content=\"780.00\" \/>\n<meta property=\"product:price:currency\" content=\"EUR\" \/>\n<meta property=\"og:availability\" content=\"instock\" \/>\n<meta property=\"product:availability\" content=\"instock\" \/>\n<meta property=\"product:retailer_item_id\" content=\"Techlife_X5S\" \/>\n<meta property=\"product:condition\" content=\"new\" \/>\n<!-- \/ Yoast SEO Premium plugin. -->","yoast_head_json":{"title":"Techlife X5S s\u00e4hk\u00f6potkulauta | Kompaktne | T\u00f5uksimaailm | M\u00fc\u00fck","description":"Techlife elektrilised t\u00f5ukerattad - X5S elektrit\u00f5ukeratas. Suurep\u00e4rase kompaktsusega, kerge, 300W mootoriga elektriline t\u00f5ukeratas.","robots":{"index":"index","follow":"follow","max-snippet":"max-snippet:-1","max-image-preview":"max-image-preview:large","max-video-preview":"max-video-preview:-1"},"canonical":"https:\/\/www.xn--tuksimaailm-ffb.ee\/fi\/shop\/techlife-x5s-sahkopotkulauta\/","og_locale":"fi_FI","og_type":"article","og_title":"Techlife X5S s\u00e4hk\u00f6potkulauta","og_description":"Techlife elektrilised t\u00f5ukerattad - X5S elektrit\u00f5ukeratas. Suurep\u00e4rase kompaktsusega, kerge, 300W mootoriga elektriline t\u00f5ukeratas.","og_url":"https:\/\/www.xn--tuksimaailm-ffb.ee\/fi\/shop\/techlife-x5s-sahkopotkulauta\/","og_site_name":"T\u00f5uksimaailm","article_publisher":"https:\/\/www.facebook.com\/touksimaailm\/","article_modified_time":"2024-11-08T10:59:30+00:00","og_image":[{"width":825,"height":800,"url":"https:\/\/www.xn--tuksimaailm-ffb.ee\/wp-content\/uploads\/2021\/12\/x5-2-1.png","type":"image\/png"}],"twitter_card":"summary_large_image","twitter_misc":{"Hinta":"&euro;780.00","Saatavuus":"Varastossa"},"schema":{"@context":"https:\/\/schema.org","@graph":[{"@type":"WebPage","@id":"https:\/\/www.xn--tuksimaailm-ffb.ee\/fi\/shop\/techlife-x5s-sahkopotkulauta\/","url":"https:\/\/www.xn--tuksimaailm-ffb.ee\/fi\/shop\/techlife-x5s-sahkopotkulauta\/","name":"Techlife X5S s\u00e4hk\u00f6potkulauta | Kompaktne | T\u00f5uksimaailm | M\u00fc\u00fck","isPartOf":{"@id":"https:\/\/www.xn--tuksimaailm-ffb.ee\/fi\/#website"},"primaryImageOfPage":{"@id":"https:\/\/www.xn--tuksimaailm-ffb.ee\/fi\/shop\/techlife-x5s-sahkopotkulauta\/#primaryimage"},"image":{"@id":"https:\/\/www.xn--tuksimaailm-ffb.ee\/fi\/shop\/techlife-x5s-sahkopotkulauta\/#primaryimage"},"thumbnailUrl":"https:\/\/www.xn--tuksimaailm-ffb.ee\/wp-content\/uploads\/2021\/12\/x5-2-1.png","datePublished":"2021-12-17T17:41:43+00:00","dateModified":"2024-11-08T10:59:30+00:00","description":"Techlife elektrilised t\u00f5ukerattad - X5S elektrit\u00f5ukeratas. Suurep\u00e4rase kompaktsusega, kerge, 300W mootoriga elektriline t\u00f5ukeratas.","breadcrumb":{"@id":"https:\/\/www.xn--tuksimaailm-ffb.ee\/fi\/shop\/techlife-x5s-sahkopotkulauta\/#breadcrumb"},"inLanguage":"fi","potentialAction":[{"@type":"ReadAction","target":["https:\/\/www.xn--tuksimaailm-ffb.ee\/fi\/shop\/techlife-x5s-sahkopotkulauta\/"]}]},{"@type":"ImageObject","inLanguage":"fi","@id":"https:\/\/www.xn--tuksimaailm-ffb.ee\/fi\/shop\/techlife-x5s-sahkopotkulauta\/#primaryimage","url":"https:\/\/www.xn--tuksimaailm-ffb.ee\/wp-content\/uploads\/2021\/12\/x5-2-1.png","contentUrl":"https:\/\/www.xn--tuksimaailm-ffb.ee\/wp-content\/uploads\/2021\/12\/x5-2-1.png","width":825,"height":800,"caption":"techlife x5S elektrit\u00f5ukeratas elektriline t\u00f5ukeratas kompaktne elektrit\u00f5ukerattad"},{"@type":"BreadcrumbList","@id":"https:\/\/www.xn--tuksimaailm-ffb.ee\/fi\/shop\/techlife-x5s-sahkopotkulauta\/#breadcrumb","itemListElement":[{"@type":"ListItem","position":1,"name":"Home","item":"https:\/\/www.xn--tuksimaailm-ffb.ee\/fi\/kotisivu\/"},{"@type":"ListItem","position":2,"name":"Kauppa","item":"https:\/\/www.xn--tuksimaailm-ffb.ee\/elektritoukerataste-pood\/"},{"@type":"ListItem","position":3,"name":"Techlife X5S s\u00e4hk\u00f6potkulauta"}]},{"@type":"WebSite","@id":"https:\/\/www.xn--tuksimaailm-ffb.ee\/fi\/#website","url":"https:\/\/www.xn--tuksimaailm-ffb.ee\/fi\/","name":"T\u00f5uksimaailm","description":"Elektrit\u00f5ukerataste m\u00fc\u00fck, remont ja rent","publisher":{"@id":"https:\/\/www.xn--tuksimaailm-ffb.ee\/fi\/#organization"},"potentialAction":[{"@type":"SearchAction","target":{"@type":"EntryPoint","urlTemplate":"https:\/\/www.xn--tuksimaailm-ffb.ee\/fi\/?s={search_term_string}"},"query-input":{"@type":"PropertyValueSpecification","valueRequired":true,"valueName":"search_term_string"}}],"inLanguage":"fi"},{"@type":"Organization","@id":"https:\/\/www.xn--tuksimaailm-ffb.ee\/fi\/#organization","name":"T\u00f5uksimaailm","url":"https:\/\/www.xn--tuksimaailm-ffb.ee\/fi\/","logo":{"@type":"ImageObject","inLanguage":"fi","@id":"https:\/\/www.xn--tuksimaailm-ffb.ee\/fi\/#\/schema\/logo\/image\/","url":"https:\/\/www.xn--tuksimaailm-ffb.ee\/wp-content\/uploads\/2020\/01\/logoz-e1579792875517.png","contentUrl":"https:\/\/www.xn--tuksimaailm-ffb.ee\/wp-content\/uploads\/2020\/01\/logoz-e1579792875517.png","width":250,"height":250,"caption":"T\u00f5uksimaailm"},"image":{"@id":"https:\/\/www.xn--tuksimaailm-ffb.ee\/fi\/#\/schema\/logo\/image\/"},"sameAs":["https:\/\/www.facebook.com\/touksimaailm\/","https:\/\/www.instagram.com\/touksimaailm_\/","https:\/\/www.youtube.com\/channel\/UC18ml0EKIDLP1xGuQjFzcXQ"]}]},"product_price_amount":"780.00","product_price_currency":"EUR","og_availability":"instock","product_availability":"instock","product_retailer_item_id":"Techlife_X5S","product_condition":"new"},"jetpack_sharing_enabled":true,"_links":{"self":[{"href":"https:\/\/www.xn--tuksimaailm-ffb.ee\/fi\/wp-json\/wp\/v2\/product\/41478","targetHints":{"allow":["GET"]}}],"collection":[{"href":"https:\/\/www.xn--tuksimaailm-ffb.ee\/fi\/wp-json\/wp\/v2\/product"}],"about":[{"href":"https:\/\/www.xn--tuksimaailm-ffb.ee\/fi\/wp-json\/wp\/v2\/types\/product"}],"wp:featuredmedia":[{"embeddable":true,"href":"https:\/\/www.xn--tuksimaailm-ffb.ee\/fi\/wp-json\/wp\/v2\/media\/23814"}],"wp:attachment":[{"href":"https:\/\/www.xn--tuksimaailm-ffb.ee\/fi\/wp-json\/wp\/v2\/media?parent=41478"}],"wp:term":[{"taxonomy":"product_brand","embeddable":true,"href":"https:\/\/www.xn--tuksimaailm-ffb.ee\/fi\/wp-json\/wp\/v2\/product_brand?post=41478"},{"taxonomy":"product_cat","embeddable":true,"href":"https:\/\/www.xn--tuksimaailm-ffb.ee\/fi\/wp-json\/wp\/v2\/product_cat?post=41478"},{"taxonomy":"product_tag","embeddable":true,"href":"https:\/\/www.xn--tuksimaailm-ffb.ee\/fi\/wp-json\/wp\/v2\/product_tag?post=41478"},{"taxonomy":"filter_elektritoukeratas","embeddable":true,"href":"https:\/\/www.xn--tuksimaailm-ffb.ee\/fi\/wp-json\/wp\/v2\/filter_elektritoukeratas?post=41478"}],"curies":[{"name":"wp","href":"https:\/\/api.w.org\/{rel}","templated":true}]}}