{"id":41480,"date":"2024-02-13T18:01:23","date_gmt":"2024-02-13T15:01:23","guid":{"rendered":"http:\/\/www.xn--tuksimaailm-ffb.ee\/?post_type=product&#038;p=41480"},"modified":"2024-11-04T15:03:42","modified_gmt":"2024-11-04T12:03:42","slug":"segway-ninebot-p65e-p65i-sahkopotkulauta-kopeeri-kopeeri-kopeeri-kopeeri-kopeeri-kopeeri","status":"publish","type":"product","link":"https:\/\/www.xn--tuksimaailm-ffb.ee\/fi\/shop\/segway-ninebot-p65e-p65i-sahkopotkulauta-kopeeri-kopeeri-kopeeri-kopeeri-kopeeri-kopeeri\/","title":{"rendered":"Segway Ninebot E2 Plus E s\u00e4hk\u00f6potkulauta"},"content":{"rendered":"<h2 style=\"text-align: center;\">SEGWAY NINEBOT E2 PLUS E S\u00c4HK\u00d6POTKULAUTA - TUOTEKUVAUS<\/h2>\n<p style=\"caret-color: #000000; color: #000000;\">Segway Ninebot -s\u00e4hk\u00f6skootterit tunnetaan markkinoilla korkeasta laadustaan ja siit\u00e4, ett\u00e4 ne tuovat markkinoille uutta teknologiaa. T\u00e4ll\u00e4kin kertaa uudet Ninebot E2 Plus E -s\u00e4hk\u00f6skootterit yll\u00e4tt\u00e4v\u00e4t s\u00e4hk\u00f6skootteriharrastajat. Pitk\u00e4n ja m\u00e4\u00e4r\u00e4tietoisen kehitysty\u00f6n tuloksen vahvistukseksi on tuotettu uusi ja parannettu Segway E-sarjan Ninebot E2 Plus E -s\u00e4hk\u00f6potkulauta. Ninebot E2 Plus E -s\u00e4hk\u00f6skootteri on varustettu lukuisilla teknisill\u00e4 lis\u00e4varusteilla (esim.<strong>puhelinyhteys<\/strong>). Ninebot E2 Plus E -s\u00e4hk\u00f6skootteri on my\u00f6s suhteellisen kompakti ja kevyt, mik\u00e4 tekee E2 Plus E -s\u00e4hk\u00f6skootterista erityisen k\u00e4tev\u00e4n kuljettaa. E2-sarjan mallit on suunniteltu suoraksi seuraajaksi Kickscooter ES- ja E-sarjan s\u00e4hk\u00f6skoottereille.<\/p>\n<p style=\"caret-color: #000000; color: #000000;\">Ninebot E2 Plus E -s\u00e4hk\u00f6potkulaitteet ovat eritt\u00e4in k\u00e4ytt\u00e4j\u00e4yst\u00e4v\u00e4llisi\u00e4, sill\u00e4 ne on suunniteltu huolellisesti ja niiss\u00e4 on monia k\u00e4yt\u00e4nn\u00f6llisi\u00e4 mukavuusominaisuuksia. Ninebot E2 Plus E -s\u00e4hk\u00f6skootterissa on kaikki, mit\u00e4 hyv\u00e4ss\u00e4 s\u00e4hk\u00f6skootterissa pit\u00e4\u00e4 olla. Skootterissa on esimerkiksi\u00a0<strong>8,1 tuuman<\/strong>\u00a0huoltovapaat\u00a0<strong>t\u00e4yskumirenkaat<\/strong>, suuri mutta kevyt Li-ion-akku ja luotettava BLDC-s\u00e4hk\u00f6moottori. My\u00f6s turvallisuuteen on kiinnitetty paljon huomiota, mink\u00e4 vuoksi Ninebot E2 Plus E -s\u00e4hk\u00f6skootterissa on jarrut sek\u00e4 edess\u00e4 ett\u00e4 takana, tehokkaat LED-valot ja\u00a0<strong>kirkas jarruvalo<\/strong>.<\/p>\n<p><iframe title=\"Segway Ninebot&#039;s New Budget Scooter! E2 &amp; E2 Plus Review\" width=\"1082\" height=\"609\" src=\"https:\/\/www.youtube.com\/embed\/rrs2vm22Ew0?feature=oembed\" frameborder=\"0\" allow=\"accelerometer; autoplay; clipboard-write; encrypted-media; gyroscope; picture-in-picture; web-share\" referrerpolicy=\"strict-origin-when-cross-origin\" allowfullscreen><\/iframe><\/p>\n<h2 style=\"text-align: center;\">SEGWAY NINEBOT E2 PLUS E S\u00c4HK\u00d6POTKULAUTA - K\u00c4YT\u00c4NN\u00d6LLINEN JA KEST\u00c4V\u00c4 RAKENNE<\/h2>\n<p><span style=\"caret-color: #000000; color: #000000;\">Segway E2 Plus E -s\u00e4hk\u00f6potkulaudat k\u00e4tkev\u00e4t sis\u00e4\u00e4ns\u00e4 modernia huipputeknologiaa. Ninebot E2 Plus E -s\u00e4hk\u00f6skootterit ovat rungon rakenteen osalta<\/span><span style=\"caret-color: #000000; color: #000000;\">\u00a0<\/span><strong style=\"caret-color: #000000; color: #000000;\">IPX4-vedenpit\u00e4vi\u00e4\u00a0<\/strong><span style=\"caret-color: #000000; color: #000000;\">. Hyv\u00e4n ajotuntuman omaavat Ninebot E2 Plus E -s\u00e4hk\u00f6skootterit<\/span><strong style=\"caret-color: #000000; color: #000000;\">painavat vain 14,4 kg<\/strong><span style=\"caret-color: #000000; color: #000000;\">. Juuri keveys ja ihanan ohut taittuva ohjaustanko tekev\u00e4t Ninebot E2 Plus E -s\u00e4hk\u00f6skootterista erityisen mukavan kulkuv\u00e4lineen. Kompaktin kokonsa ansiosta Ninebot E2 Plus E on my\u00f6s helppo s\u00e4ilytt\u00e4\u00e4 sis\u00e4tiloissa.<\/span><\/p>\n<p style=\"caret-color: #000000; color: #000000;\">Ninebot E2 Plus E -s\u00e4hk\u00f6potkulauta on varustettu tehokkaalla\u00a0<strong>regeneratiivisella etumoottorijarrulla ja rumpujarrulla takana<\/strong>, mik\u00e4 takaa turvallisen ajon sek\u00e4 kuljettajalle ett\u00e4 matkustajille\u00a0<strong>.<\/strong>\u00a0Ninebot E2 Plus E on yksi harvoista s\u00e4hk\u00f6skoottereista, joka on elektronisesti konfiguroitu siten, ett\u00e4 kun mekaanista rumpujarrua k\u00e4ytet\u00e4\u00e4n, my\u00f6s elektroninen moottorijarru otetaan k\u00e4ytt\u00f6\u00f6n. N\u00e4in mekaaninen jarruj\u00e4rjestelm\u00e4 kuluu v\u00e4hemm\u00e4n ja jarrutus on tasaisempaa ja tarvittaessa tehokkaampaa. Ninebot E2 Plus E -s\u00e4hk\u00f6potkulauta\u00a0<strong>voidaan yhdist\u00e4\u00e4 mobiilisovellukseen<\/strong>, josta n\u00e4et j\u00e4ljell\u00e4 olevan toimintas\u00e4teen, akun nykyisen varauksen ja paljon muuta.<\/p>\n<p style=\"caret-color: #000000; color: #000000;\">Jotta Ninebot E2 Plus E -s\u00e4hk\u00f6potkulaudoissa olisi mukava ajaa my\u00f6s pime\u00e4ss\u00e4, ne on varustettu tehokkailla\u00a0<strong>etu- ja takavaloilla<\/strong>, jotka antavat voimakkaan valons\u00e4teen lis\u00e4ksi my\u00f6s heijastavan vaikutuksen. Ninebot E2 Plus E -s\u00e4hk\u00f6skoottereissa on mekaaninen kello, joka kuuluu kauas, jotta kanssapy\u00f6r\u00e4ilij\u00e4t huomaavat sinut. Jotta kuljettajan aikomuksista voidaan ilmoittaa, Ninebot E2 Plus E -s\u00e4hk\u00f6potkulaitteet\u00a0<strong>on varustettu jarruvaloilla.<\/strong><\/p>\n<h2 style=\"text-align: center;\">SEGWAY NINEBOT E2 PLUS E S\u00c4HK\u00d6SKOOTTERI - TEKNINEN KUVAUS<\/h2>\n<p style=\"caret-color: #000000; color: #000000;\">Segway E2 Plus E -s\u00e4hk\u00f6potkulaudat ovat etuvetoisia, mutta silti eritt\u00e4in kirkkaita ja tehokkaita. Kokoonsa n\u00e4hden tehokkaalla<strong>\u00a0500 W:n s\u00e4hk\u00f6moottorilla<\/strong>\u00a0varustetut Ninebot E2 Plus E -s\u00e4hk\u00f6skootterit ovat eritt\u00e4in tasaisia ja kiihtyv\u00e4t mukavasti. Valmistajan ilmoittama nopeus on 25km\/h, ja Ninebot E2 Plus E -s\u00e4hk\u00f6skootterit saavuttavat t\u00e4m\u00e4n nopeuden nopeasti ilman ongelmia.<\/p>\n<p style=\"caret-color: #000000; color: #000000;\">Vankan rakenteensa ansiosta Ninebot E2 Plus E -s\u00e4hk\u00f6potkulauta kest\u00e4\u00e4 valmistajan erittelyn mukaan\u00a0<strong>90 kg:n painon<\/strong>. Tehokkaalla s\u00e4hk\u00f6moottorilla varustettu Ninebot E2 Plus E -s\u00e4hk\u00f6potkulauta ei anna periksi edes raskaamman kuorman edess\u00e4. Ninebot E2 Plus E -s\u00e4hk\u00f6skootterit\u00a0<strong>pystyv\u00e4t kiipe\u00e4m\u00e4\u00e4n jopa 12 % m\u00e4ki\u00e4\u00a0<\/strong>tai kaltevuuksia t\u00e4ydell\u00e4 kuormalla.<\/p>\n<p style=\"caret-color: #000000; color: #000000;\">Ninebot E2 Plus E k\u00e4tkee tukevan rakenteensa taakse suuren mutta kevyen Li-ion-akun. Segway Ninebot E2 Plus E -s\u00e4hk\u00f6skootterit on\u00a0<strong>varustettu tehokkaalla 220Wh Li-ion-akulla.<\/strong>\u00a0Valmistajan erittelyn mukaan s\u00e4hk\u00f6potkulauta pystyy kulkemaan\u00a0<strong>ECO-tilassa<\/strong>\u00a0<strong>jopa 25 km<\/strong>\u00a0<strong>yhdell\u00e4<\/strong>\u00a0<strong>latauksella<\/strong>. Ninebot E2 plus E -s\u00e4hk\u00f6skootteri tarvitsee\u00a0<strong>akkunsa 0% - 100% t\u00e4yteen lataukseen ~7h<\/strong>.<\/p>\n<p style=\"caret-color: #000000; color: #000000;\">Tietojen antamiseksi kuljettajalle Segway Ninebot E2 Plus E -s\u00e4hk\u00f6potkulauta on\u00a0<strong>varustettu selv\u00e4sti luettavalla laajalla n\u00e4yt\u00f6ll\u00e4<\/strong>, joka antaa kuljettajalle tietoja ajotilasta, akun varaustasosta ja nopeudesta.<\/p>\n<h2 style=\"text-align: center;\">TURVALLISUUS<\/h2>\n<p style=\"caret-color: #000000; color: #000000;\">S\u00e4hk\u00f6skootteri on nopea ja mahdollisesti vaarallinen ajoneuvo kuljettajalle. Siksi suosittelemme, ett\u00e4 k\u00e4yt\u00e4t aina\u00a0<a href=\"http:\/\/www.xn--tuksimaailm-ffb.ee\/tootesilt\/elektritoukeratta-kiivrid\/\">kyp\u00e4r\u00e4\u00e4<\/a>. Alle 16-vuotiaiden s\u00e4hk\u00f6skootterin kuljettajien on lain mukaan k\u00e4ytett\u00e4v\u00e4 kyp\u00e4r\u00e4\u00e4 ajaessaan\u00a0<a href=\"https:\/\/www.riigiteataja.ee\/akt\/113112020001\">.<\/a>\u00a0Kaikki s\u00e4hk\u00f6skootterit l\u00f6ytyv\u00e4t\u00a0<a href=\"http:\/\/www.xn--tuksimaailm-ffb.ee\/tootekategooria\/elektritoukeratas\/\"><strong>t\u00e4\u00e4lt\u00e4<\/strong><\/a>.<\/p>\n<p style=\"caret-color: #000000; color: #000000;\"><strong>Jos ostat s\u00e4hk\u00f6skootterin kaupastamme, saat -20%alennuksen kaikista\u00a0<\/strong><a href=\"http:\/\/www.xn--tuksimaailm-ffb.ee\/tootekategooria\/lisavarustus\/\"><strong>lis\u00e4varusteista<\/strong><\/a><strong>s\u00e4hk\u00f6skootterin oston\u00a0<\/strong><a href=\"http:\/\/www.xn--tuksimaailm-ffb.ee\/tootekategooria\/lisavarustus\/\"><strong>yhteydess\u00e4<\/strong><\/a><strong>!<\/strong><\/p>\n<p style=\"caret-color: #000000; color: #000000;\"><strong>Segway Ninebot Kickscooter E2 Plus E -s\u00e4hk\u00f6potkulauta on Viron liikennelain mukainen katuoikeudellinen kevytskootteri, jonka valmistajan teho on 500W ja valmistajan nopeus 25km\/h.<\/strong>\u00a0<strong>HUOMAUTUS: Jos k\u00e4ytt\u00e4j\u00e4 on itsen\u00e4isesti muuttanut s\u00e4hk\u00f6skootteria niin, ett\u00e4 se on nopeampi tai tehokkaampi kuin edell\u00e4 mainitut parametrit, T\u00f5uksimaailm ei ole vastuussa lain rikkomisesta aiheutuvista sakoista, s\u00e4hk\u00f6skootterin takavarikoimisesta poliisin toimesta tai mist\u00e4\u00e4n muusta rikkomisesta aiheutuneesta vahingosta.<\/strong><\/p>\n<table class=\"tg\" style=\"border-collapse: collapse; max-width: 600px; border-spacing: 0; margin: 0px auto;\">\n<tbody>\n<tr>\n<td style=\"background-color: #e4e1e1; color: #333333; font-family: inherit; font-size: 14px; font-weight: bold; overflow: hidden; padding: 5px 5px; text-align: center; vertical-align: top; word-break: normal; border: 1px solid;\" colspan=\"2\">Tekniset tiedot<\/td>\n<\/tr>\n<tr>\n<td style=\"background-color: #e4e1e1; color: #333333; font-family: inherit; font-size: 14px; font-weight: bold; overflow: hidden; padding: 5px 5px; text-align: right; vertical-align: top; word-break: normal; border: 1px solid;\">Malli<\/td>\n<td style=\"font-family: inherit; font-size: 14px; overflow: hidden; padding: 5px 5px; text-align: center; vertical-align: top; word-break: normal; border: 1px solid;\">Segway Ninebot E2 Plus E<\/td>\n<\/tr>\n<tr>\n<td style=\"background-color: #e4e1e1; color: #333333; font-family: inherit; font-size: 14px; font-weight: bold; overflow: hidden; padding: 5px 5px; text-align: right; vertical-align: top; word-break: normal; border: 1px solid;\">Akku<\/td>\n<td style=\"font-family: inherit; font-size: 14px; overflow: hidden; padding: 5px 5px; text-align: center; vertical-align: top; word-break: normal; border: 1px solid;\"><span style=\"font-size: 16px; text-align: start;\">220Wh<\/span><\/td>\n<\/tr>\n<tr>\n<td style=\"background-color: #e4e1e1; color: #333333; font-family: inherit; font-size: 14px; font-weight: bold; overflow: hidden; padding: 5px 5px; text-align: right; vertical-align: top; word-break: normal; border: 1px solid;\">Latausaika<\/td>\n<td style=\"font-family: inherit; font-size: 14px; overflow: hidden; padding: 5px 5px; text-align: center; vertical-align: top; word-break: normal; border: 1px solid;\">jopa 7h<\/td>\n<\/tr>\n<tr>\n<td style=\"background-color: #e4e1e1; color: #333333; font-family: inherit; font-size: 14px; font-weight: bold; overflow: hidden; padding: 5px 5px; text-align: right; vertical-align: top; word-break: normal; border: 1px solid;\">Moottorin teho<\/td>\n<td style=\"font-family: inherit; font-size: 14px; overflow: hidden; padding: 5px 5px; text-align: center; vertical-align: top; word-break: normal; border: 1px solid;\">500W<\/td>\n<\/tr>\n<tr>\n<td style=\"background-color: #e4e1e1; color: #333333; font-family: inherit; font-size: 14px; font-weight: bold; overflow: hidden; padding: 5px 5px; text-align: right; vertical-align: top; word-break: normal; border: 1px solid;\">Ajomatka (valmistajan m\u00e4\u00e4rittely) | Arvoitettu ajomatka<\/td>\n<td style=\"font-family: inherit; font-size: 14px; overflow: hidden; padding: 5px 5px; text-align: center; vertical-align: top; word-break: normal; border: 1px solid;\">jopa 25km \u00a0(Eco) | 15km (25km\/h, 70kg kuljettaja, 15Wh\/km)<\/td>\n<\/tr>\n<tr>\n<td style=\"background-color: #e4e1e1; color: #333333; font-family: inherit; font-size: 14px; font-weight: bold; overflow: hidden; padding: 5px 5px; text-align: right; vertical-align: top; word-break: normal; border: 1px solid;\">Etujarru<\/td>\n<td style=\"font-family: inherit; font-size: 14px; overflow: hidden; padding: 5px 5px; text-align: center; vertical-align: top; word-break: normal; border: 1px solid;\">S\u00e4hk\u00f6inen moottorijarru<\/td>\n<\/tr>\n<tr>\n<td style=\"background-color: #e4e1e1; color: #333333; font-family: inherit; font-size: 14px; font-weight: bold; overflow: hidden; padding: 5px 5px; text-align: right; vertical-align: top; word-break: normal; border: 1px solid;\">Takajarru<\/td>\n<td style=\"font-family: inherit; font-size: 14px; overflow: hidden; padding: 5px 5px; text-align: center; vertical-align: top; word-break: normal; border: 1px solid;\">rumpujarru<\/td>\n<\/tr>\n<tr>\n<td style=\"background-color: #e4e1e1; color: #333333; font-family: inherit; font-size: 14px; font-weight: bold; overflow: hidden; padding: 5px 5px; text-align: right; vertical-align: top; word-break: normal; border: 1px solid;\">Painorajoitus<\/td>\n<td style=\"font-family: inherit; font-size: 14px; overflow: hidden; padding: 5px 5px; text-align: center; vertical-align: top; word-break: normal; border: 1px solid;\">90kg<\/td>\n<\/tr>\n<tr>\n<td style=\"background-color: #e4e1e1; color: #333333; font-family: inherit; font-size: 14px; font-weight: bold; overflow: hidden; padding: 5px 5px; text-align: right; vertical-align: top; word-break: normal; border: 1px solid;\">Tuotajan m\u00e4\u00e4rittely nopeus<\/td>\n<td style=\"font-family: inherit; font-size: 14px; overflow: hidden; padding: 5px 5px; text-align: center; vertical-align: top; word-break: normal; border: 1px solid;\">25km\/h<\/td>\n<\/tr>\n<tr>\n<td style=\"background-color: #e4e1e1; color: #333333; font-family: inherit; font-size: 14px; font-weight: bold; overflow: hidden; padding: 5px 5px; text-align: right; vertical-align: top; word-break: normal; border: 1px solid;\">Paino<\/td>\n<td style=\"font-family: inherit; font-size: 14px; overflow: hidden; padding: 5px 5px; text-align: center; vertical-align: top; word-break: normal; border: 1px solid;\">14.4kg<\/td>\n<\/tr>\n<tr>\n<td style=\"background-color: #e4e1e1; color: #333333; font-family: inherit; font-size: 14px; font-weight: bold; overflow: hidden; padding: 5px 5px; text-align: right; vertical-align: top; word-break: normal; border: 1px solid;\">Moottorisoitu py\u00f6r\u00e4<\/td>\n<td style=\"font-family: inherit; font-size: 14px; overflow: hidden; padding: 5px 5px; text-align: center; vertical-align: top; word-break: normal; border: 1px solid;\">etupy\u00f6r\u00e4<\/td>\n<\/tr>\n<tr>\n<td style=\"background-color: #e4e1e1; color: #333333; font-family: inherit; font-size: 14px; font-weight: bold; overflow: hidden; padding: 5px 5px; text-align: right; vertical-align: top; word-break: normal; border: 1px solid;\">Renkaat<\/td>\n<td style=\"font-family: inherit; font-size: 14px; overflow: hidden; padding: 5px 5px; text-align: center; vertical-align: top; word-break: normal; border: 1px solid;\">8.1\" tuuman putkettomat t\u00e4yskumi renkaat<\/td>\n<\/tr>\n<tr>\n<td style=\"background-color: #e4e1e1; color: #333333; font-family: inherit; font-size: 14px; font-weight: bold; overflow: hidden; padding: 5px 5px; text-align: right; vertical-align: top; word-break: normal; border: 1px solid;\">Tien enim\u00e4iskaltevuus<\/td>\n<td style=\"font-family: inherit; font-size: 14px; overflow: hidden; padding: 5px 5px; text-align: center; vertical-align: top; word-break: normal; border: 1px solid;\">jopa 12%<\/td>\n<\/tr>\n<\/tbody>\n<\/table>\n","protected":false},"excerpt":{"rendered":"<p><strong>Kaikki\u00a0<a href=\"http:\/\/www.xn--tuksimaailm-ffb.ee\/tootekategooria\/lisavarustus\/\">lis\u00e4varusteet<\/a>\u00a0ja\u00a0<a href=\"https:\/\/www.xn\u2014tuksimaailm-ffb.ee\/tootekategooria\/elektritoukeratta-varuosad\/\">varaosat<\/a> ovat\u00a0-20%, kun ne ostetaan s\u00e4hk\u00f6skootterin kanssa. Alennus otetaan automaattisesti k\u00e4ytt\u00f6\u00f6n, kun lis\u00e4\u00e4t sen ostoskoriin!<\/strong><\/p>\n<p><em><strong>Toimitusaika: 2-7tp<\/p>\n<p><\/strong><\/em><\/p>\n","protected":false},"featured_media":41484,"template":"","meta":[],"product_brand":[],"product_cat":[926],"product_tag":[],"filter_elektritoukeratas":[],"class_list":{"0":"post-41480","1":"product","2":"type-product","3":"status-publish","4":"has-post-thumbnail","6":"product_cat-sahkopotkulaudat-fi","7":"product_shipping_class-keskmine-pakk-fi","8":"pa_aku-mahutavus-wh-220-fi","9":"pa_kaal-kg-14-4-fi","10":"pa_kandevoime-kg-90-fi","11":"pa_labisoit-arvutuslik-km-15-fi","12":"pa_mootorite-arv-uhe-mootoriga-fi","13":"pa_muuja-platvormil-touksimaailm-exocool-ou-fi","14":"pa_piiramata-tippkiirus-kmh-25-fi","15":"pa_tootetuup-elektritoukeratas-fi","16":"pa_valmistaja-segway-fi","17":"pa_voimsus-w-500-fi","19":"first","20":"outofstock","21":"taxable","22":"shipping-taxable","23":"purchasable","24":"product-type-simple"},"yoast_head":"<!-- This site is optimized with the Yoast SEO Premium plugin v26.8 (Yoast SEO v27.5) - https:\/\/yoast.com\/product\/yoast-seo-premium-wordpress\/ -->\n<title>Segway Ninebot E2 Plus E s\u00e4hk\u00f6potkulauta | T\u00f5uksimaailm<\/title>\n<meta name=\"description\" content=\"Segway Ninebot E2 Plus E s\u00e4hk\u00f6potkulauta. Kaasaegne elektriline t\u00f5ukeratas. Segway Ninebot elektrit\u00f5ukerattad. V\u00f5imekad P-seeria elektrilised t\u00f5ukerattad.\" \/>\n<meta name=\"robots\" content=\"index, follow, max-snippet:-1, max-image-preview:large, max-video-preview:-1\" \/>\n<link rel=\"canonical\" href=\"https:\/\/www.xn--tuksimaailm-ffb.ee\/fi\/shop\/segway-ninebot-p65e-p65i-sahkopotkulauta-kopeeri-kopeeri-kopeeri-kopeeri-kopeeri-kopeeri\/\" \/>\n<meta property=\"og:locale\" content=\"fi_FI\" \/>\n<meta property=\"og:type\" content=\"article\" \/>\n<meta property=\"og:title\" content=\"Segway Ninebot E2 Plus E s\u00e4hk\u00f6potkulauta\" \/>\n<meta property=\"og:description\" content=\"Segway Ninebot E2 Plus E s\u00e4hk\u00f6potkulauta. Kaasaegne elektriline t\u00f5ukeratas. Segway Ninebot elektrit\u00f5ukerattad. V\u00f5imekad P-seeria elektrilised t\u00f5ukerattad.\" \/>\n<meta property=\"og:url\" content=\"https:\/\/www.xn--tuksimaailm-ffb.ee\/fi\/shop\/segway-ninebot-p65e-p65i-sahkopotkulauta-kopeeri-kopeeri-kopeeri-kopeeri-kopeeri-kopeeri\/\" \/>\n<meta property=\"og:site_name\" content=\"T\u00f5uksimaailm\" \/>\n<meta property=\"article:publisher\" content=\"https:\/\/www.facebook.com\/touksimaailm\/\" \/>\n<meta property=\"article:modified_time\" content=\"2024-11-04T12:03:42+00:00\" \/>\n<meta property=\"og:image\" content=\"https:\/\/www.xn--tuksimaailm-ffb.ee\/wp-content\/uploads\/2024\/02\/segway-ninebot-kickscooter-e2-plus-1.webp\" \/>\n\t<meta property=\"og:image:width\" content=\"2048\" \/>\n\t<meta property=\"og:image:height\" content=\"2048\" \/>\n\t<meta property=\"og:image:type\" content=\"image\/webp\" \/>\n<meta name=\"twitter:card\" content=\"summary_large_image\" \/>\n<meta name=\"twitter:label1\" content=\"Hinta\" \/>\n\t<meta name=\"twitter:data1\" content=\"&euro;304.00\" \/>\n\t<meta name=\"twitter:label2\" content=\"Saatavuus\" \/>\n\t<meta name=\"twitter:data2\" content=\"Loppu varastosta\" \/>\n<meta property=\"product:price:amount\" content=\"304.00\" \/>\n<meta property=\"product:price:currency\" content=\"EUR\" \/>\n<meta property=\"og:availability\" content=\"out of stock\" \/>\n<meta property=\"product:availability\" content=\"out of stock\" \/>\n<meta property=\"product:retailer_item_id\" content=\"Ninebot-E2-Plus-E-1\" \/>\n<meta property=\"product:condition\" content=\"new\" \/>\n<!-- \/ Yoast SEO Premium plugin. -->","yoast_head_json":{"title":"Segway Ninebot E2 Plus E s\u00e4hk\u00f6potkulauta | T\u00f5uksimaailm","description":"Segway Ninebot E2 Plus E s\u00e4hk\u00f6potkulauta. Kaasaegne elektriline t\u00f5ukeratas. Segway Ninebot elektrit\u00f5ukerattad. V\u00f5imekad P-seeria elektrilised t\u00f5ukerattad.","robots":{"index":"index","follow":"follow","max-snippet":"max-snippet:-1","max-image-preview":"max-image-preview:large","max-video-preview":"max-video-preview:-1"},"canonical":"https:\/\/www.xn--tuksimaailm-ffb.ee\/fi\/shop\/segway-ninebot-p65e-p65i-sahkopotkulauta-kopeeri-kopeeri-kopeeri-kopeeri-kopeeri-kopeeri\/","og_locale":"fi_FI","og_type":"article","og_title":"Segway Ninebot E2 Plus E s\u00e4hk\u00f6potkulauta","og_description":"Segway Ninebot E2 Plus E s\u00e4hk\u00f6potkulauta. Kaasaegne elektriline t\u00f5ukeratas. Segway Ninebot elektrit\u00f5ukerattad. V\u00f5imekad P-seeria elektrilised t\u00f5ukerattad.","og_url":"https:\/\/www.xn--tuksimaailm-ffb.ee\/fi\/shop\/segway-ninebot-p65e-p65i-sahkopotkulauta-kopeeri-kopeeri-kopeeri-kopeeri-kopeeri-kopeeri\/","og_site_name":"T\u00f5uksimaailm","article_publisher":"https:\/\/www.facebook.com\/touksimaailm\/","article_modified_time":"2024-11-04T12:03:42+00:00","og_image":[{"width":2048,"height":2048,"url":"https:\/\/www.xn--tuksimaailm-ffb.ee\/wp-content\/uploads\/2024\/02\/segway-ninebot-kickscooter-e2-plus-1.webp","type":"image\/webp"}],"twitter_card":"summary_large_image","twitter_misc":{"Hinta":"&euro;304.00","Saatavuus":"Loppu varastosta"},"schema":{"@context":"https:\/\/schema.org","@graph":[{"@type":"WebPage","@id":"https:\/\/www.xn--tuksimaailm-ffb.ee\/fi\/shop\/segway-ninebot-p65e-p65i-sahkopotkulauta-kopeeri-kopeeri-kopeeri-kopeeri-kopeeri-kopeeri\/","url":"https:\/\/www.xn--tuksimaailm-ffb.ee\/fi\/shop\/segway-ninebot-p65e-p65i-sahkopotkulauta-kopeeri-kopeeri-kopeeri-kopeeri-kopeeri-kopeeri\/","name":"Segway Ninebot E2 Plus E s\u00e4hk\u00f6potkulauta | T\u00f5uksimaailm","isPartOf":{"@id":"https:\/\/www.xn--tuksimaailm-ffb.ee\/fi\/#website"},"primaryImageOfPage":{"@id":"https:\/\/www.xn--tuksimaailm-ffb.ee\/fi\/shop\/segway-ninebot-p65e-p65i-sahkopotkulauta-kopeeri-kopeeri-kopeeri-kopeeri-kopeeri-kopeeri\/#primaryimage"},"image":{"@id":"https:\/\/www.xn--tuksimaailm-ffb.ee\/fi\/shop\/segway-ninebot-p65e-p65i-sahkopotkulauta-kopeeri-kopeeri-kopeeri-kopeeri-kopeeri-kopeeri\/#primaryimage"},"thumbnailUrl":"https:\/\/www.xn--tuksimaailm-ffb.ee\/wp-content\/uploads\/2024\/02\/segway-ninebot-kickscooter-e2-plus-1.webp","datePublished":"2024-02-13T15:01:23+00:00","dateModified":"2024-11-04T12:03:42+00:00","description":"Segway Ninebot E2 Plus E s\u00e4hk\u00f6potkulauta. Kaasaegne elektriline t\u00f5ukeratas. Segway Ninebot elektrit\u00f5ukerattad. V\u00f5imekad P-seeria elektrilised t\u00f5ukerattad.","breadcrumb":{"@id":"https:\/\/www.xn--tuksimaailm-ffb.ee\/fi\/shop\/segway-ninebot-p65e-p65i-sahkopotkulauta-kopeeri-kopeeri-kopeeri-kopeeri-kopeeri-kopeeri\/#breadcrumb"},"inLanguage":"fi","potentialAction":[{"@type":"ReadAction","target":["https:\/\/www.xn--tuksimaailm-ffb.ee\/fi\/shop\/segway-ninebot-p65e-p65i-sahkopotkulauta-kopeeri-kopeeri-kopeeri-kopeeri-kopeeri-kopeeri\/"]}]},{"@type":"ImageObject","inLanguage":"fi","@id":"https:\/\/www.xn--tuksimaailm-ffb.ee\/fi\/shop\/segway-ninebot-p65e-p65i-sahkopotkulauta-kopeeri-kopeeri-kopeeri-kopeeri-kopeeri-kopeeri\/#primaryimage","url":"https:\/\/www.xn--tuksimaailm-ffb.ee\/wp-content\/uploads\/2024\/02\/segway-ninebot-kickscooter-e2-plus-1.webp","contentUrl":"https:\/\/www.xn--tuksimaailm-ffb.ee\/wp-content\/uploads\/2024\/02\/segway-ninebot-kickscooter-e2-plus-1.webp","width":2048,"height":2048,"caption":"Segway Ninebot E2 Plus E elektrit\u00f5ukeratas elektrilised t\u00f5ukerattad elektrit\u00f5ukerattad elektrit\u00f5uks"},{"@type":"BreadcrumbList","@id":"https:\/\/www.xn--tuksimaailm-ffb.ee\/fi\/shop\/segway-ninebot-p65e-p65i-sahkopotkulauta-kopeeri-kopeeri-kopeeri-kopeeri-kopeeri-kopeeri\/#breadcrumb","itemListElement":[{"@type":"ListItem","position":1,"name":"Home","item":"https:\/\/www.xn--tuksimaailm-ffb.ee\/fi\/kotisivu\/"},{"@type":"ListItem","position":2,"name":"Kauppa","item":"https:\/\/www.xn--tuksimaailm-ffb.ee\/elektritoukerataste-pood\/"},{"@type":"ListItem","position":3,"name":"Segway Ninebot E2 Plus E s\u00e4hk\u00f6potkulauta"}]},{"@type":"WebSite","@id":"https:\/\/www.xn--tuksimaailm-ffb.ee\/fi\/#website","url":"https:\/\/www.xn--tuksimaailm-ffb.ee\/fi\/","name":"T\u00f5uksimaailm","description":"Elektrit\u00f5ukerataste m\u00fc\u00fck, remont ja rent","publisher":{"@id":"https:\/\/www.xn--tuksimaailm-ffb.ee\/fi\/#organization"},"potentialAction":[{"@type":"SearchAction","target":{"@type":"EntryPoint","urlTemplate":"https:\/\/www.xn--tuksimaailm-ffb.ee\/fi\/?s={search_term_string}"},"query-input":{"@type":"PropertyValueSpecification","valueRequired":true,"valueName":"search_term_string"}}],"inLanguage":"fi"},{"@type":"Organization","@id":"https:\/\/www.xn--tuksimaailm-ffb.ee\/fi\/#organization","name":"T\u00f5uksimaailm","url":"https:\/\/www.xn--tuksimaailm-ffb.ee\/fi\/","logo":{"@type":"ImageObject","inLanguage":"fi","@id":"https:\/\/www.xn--tuksimaailm-ffb.ee\/fi\/#\/schema\/logo\/image\/","url":"https:\/\/www.xn--tuksimaailm-ffb.ee\/wp-content\/uploads\/2020\/01\/logoz-e1579792875517.png","contentUrl":"https:\/\/www.xn--tuksimaailm-ffb.ee\/wp-content\/uploads\/2020\/01\/logoz-e1579792875517.png","width":250,"height":250,"caption":"T\u00f5uksimaailm"},"image":{"@id":"https:\/\/www.xn--tuksimaailm-ffb.ee\/fi\/#\/schema\/logo\/image\/"},"sameAs":["https:\/\/www.facebook.com\/touksimaailm\/","https:\/\/www.instagram.com\/touksimaailm_\/","https:\/\/www.youtube.com\/channel\/UC18ml0EKIDLP1xGuQjFzcXQ"]}]},"product_price_amount":"304.00","product_price_currency":"EUR","og_availability":"out of stock","product_availability":"out of stock","product_retailer_item_id":"Ninebot-E2-Plus-E-1","product_condition":"new"},"jetpack_sharing_enabled":true,"_links":{"self":[{"href":"https:\/\/www.xn--tuksimaailm-ffb.ee\/fi\/wp-json\/wp\/v2\/product\/41480","targetHints":{"allow":["GET"]}}],"collection":[{"href":"https:\/\/www.xn--tuksimaailm-ffb.ee\/fi\/wp-json\/wp\/v2\/product"}],"about":[{"href":"https:\/\/www.xn--tuksimaailm-ffb.ee\/fi\/wp-json\/wp\/v2\/types\/product"}],"wp:featuredmedia":[{"embeddable":true,"href":"https:\/\/www.xn--tuksimaailm-ffb.ee\/fi\/wp-json\/wp\/v2\/media\/41484"}],"wp:attachment":[{"href":"https:\/\/www.xn--tuksimaailm-ffb.ee\/fi\/wp-json\/wp\/v2\/media?parent=41480"}],"wp:term":[{"taxonomy":"product_brand","embeddable":true,"href":"https:\/\/www.xn--tuksimaailm-ffb.ee\/fi\/wp-json\/wp\/v2\/product_brand?post=41480"},{"taxonomy":"product_cat","embeddable":true,"href":"https:\/\/www.xn--tuksimaailm-ffb.ee\/fi\/wp-json\/wp\/v2\/product_cat?post=41480"},{"taxonomy":"product_tag","embeddable":true,"href":"https:\/\/www.xn--tuksimaailm-ffb.ee\/fi\/wp-json\/wp\/v2\/product_tag?post=41480"},{"taxonomy":"filter_elektritoukeratas","embeddable":true,"href":"https:\/\/www.xn--tuksimaailm-ffb.ee\/fi\/wp-json\/wp\/v2\/filter_elektritoukeratas?post=41480"}],"curies":[{"name":"wp","href":"https:\/\/api.w.org\/{rel}","templated":true}]}}