{"id":41507,"date":"2024-02-13T18:53:37","date_gmt":"2024-02-13T15:53:37","guid":{"rendered":"http:\/\/www.xn--tuksimaailm-ffb.ee\/?post_type=product&#038;p=41507"},"modified":"2024-11-18T12:12:59","modified_gmt":"2024-11-18T09:12:59","slug":"segway-ninebot-p65e-p65i-sahkopotkulauta-kopeeri-kopeeri-kopeeri-kopeeri-kopeeri-kopeeri-kopeeri","status":"publish","type":"product","link":"https:\/\/www.xn--tuksimaailm-ffb.ee\/fi\/shop\/segway-ninebot-p65e-p65i-sahkopotkulauta-kopeeri-kopeeri-kopeeri-kopeeri-kopeeri-kopeeri-kopeeri\/","title":{"rendered":"Segway Ninebot E2 E s\u00e4hk\u00f6potkulauta"},"content":{"rendered":"<h2 style=\"text-align: center;\">SEGWAY NINEBOT E2 E S\u00c4HK\u00d6POTKULAUTA - TUOTEKUVAUS<\/h2>\n<p style=\"caret-color: #000000; color: #000000;\">Segway Ninebot -s\u00e4hk\u00f6skootterit ovat aina olleet tunnettuja s\u00e4hk\u00f6skootterimarkkinoilla niiden korkeasta laadusta ja uusista tekniikoista. T\u00e4ll\u00e4kin kertaa uudet Ninebot E2 E -s\u00e4hk\u00f6skootterit yll\u00e4tt\u00e4v\u00e4t s\u00e4hk\u00f6skootteriharrastajat. Pitk\u00e4n ja m\u00e4\u00e4r\u00e4tietoisen kehitysty\u00f6n tuloksena on tuotettu uusi ja paranneltu Segway E-sarjan Ninebot E2 E -s\u00e4hk\u00f6potkulauta. Ninebot E2 E -s\u00e4hk\u00f6skootteri on varustettu lukuisilla teknisill\u00e4 lis\u00e4varusteilla (esim.<strong>\u00a0puhelinyhteys<\/strong>). Ninebot E2 E -s\u00e4hk\u00f6skootteri on my\u00f6s suhteellisen kompakti ja kevyt, mik\u00e4 tekee E2 E -s\u00e4hk\u00f6skootterista erityisen k\u00e4tev\u00e4n kuljettaa. E2-sarjan mallit on suunniteltu suoraksi seuraajaksi Kickscooter ES- ja E-sarjan s\u00e4hk\u00f6skoottereille.<\/p>\n<p style=\"caret-color: #000000; color: #000000;\">Ninebot E2 E -s\u00e4hk\u00f6potkulaudat ovat eritt\u00e4in k\u00e4ytt\u00e4j\u00e4yst\u00e4v\u00e4llisi\u00e4, koska ne on suunniteltu ja testattu huolellisesti ja varustettu monilla k\u00e4yt\u00e4nn\u00f6llisill\u00e4 mukavuusominaisuuksilla. Ninebot E2 E -s\u00e4hk\u00f6skootterissa on kaikki, mit\u00e4 hyv\u00e4ss\u00e4 s\u00e4hk\u00f6skootterissa pit\u00e4\u00e4 olla. Skootterissa on esimerkiksi\u00a0<strong>8,1 tuuman<\/strong>\u00a0huoltovapaat\u00a0<strong>t\u00e4yskumirenkaat<\/strong>, suuri mutta kevyt Li-ion-akku ja luotettava BLDC-s\u00e4hk\u00f6moottori. My\u00f6s turvallisuuteen on kiinnitetty paljon huomiota, mink\u00e4 vuoksi Ninebot E2 E -s\u00e4hk\u00f6skootteri on varustettu tehokkailla etu- ja takajarruilla, tehokkailla LED-valoilla ja\u00a0<strong>kirkkaalla jarruvalolla<\/strong>.<\/p>\n<p><iframe title=\"Segway Ninebot&#039;s New Budget Scooter! E2 &amp; E2 Plus Review\" width=\"1082\" height=\"609\" src=\"https:\/\/www.youtube.com\/embed\/rrs2vm22Ew0?feature=oembed\" frameborder=\"0\" allow=\"accelerometer; autoplay; clipboard-write; encrypted-media; gyroscope; picture-in-picture; web-share\" referrerpolicy=\"strict-origin-when-cross-origin\" allowfullscreen><\/iframe><\/p>\n<h2 style=\"text-align: center;\">SEGWAY NINEBOT E2 E S\u00c4HK\u00d6POTKULAUTA - K\u00c4YT\u00c4NN\u00d6LLINEN JA VANKKA RAKENNE<\/h2>\n<p style=\"caret-color: #000000; color: #000000;\">Segway E2 E -s\u00e4hk\u00f6skootterit k\u00e4tkev\u00e4t sis\u00e4\u00e4ns\u00e4 modernia huipputeknologiaa. Ninebot E2 E -s\u00e4hk\u00f6skootterit ovat rakenteeltaan\u00a0<strong>IPX4-vedenpit\u00e4vi\u00e4<\/strong>. Hyv\u00e4n ajotuntuman omaavat Ninebot E2 E -s\u00e4hk\u00f6skootterit<strong>\u00a0painavat vain 14,2 kg.<\/strong>Kevyen painon ja ihanan helposti taittuvan ohjaustangon ansiosta Ninebot E2 E -s\u00e4hk\u00f6skootteri on erityisen mukava kulkuv\u00e4line. Kompaktin kokonsa ansiosta Ninebot E2 E on my\u00f6s helppo s\u00e4ilytt\u00e4\u00e4 sis\u00e4tiloissa.<\/p>\n<p style=\"caret-color: #000000; color: #000000;\">Ninebot E2 E -s\u00e4hk\u00f6potkulauta on varustettu eritt\u00e4in tehokkaan\u00a0<strong>regeneratiivisen etumoottorijarrun ja rumpujarrun<\/strong>yhdistelm\u00e4ll\u00e4, jotta sek\u00e4 kuljettaja ett\u00e4 matkustajat voivat ajaa turvallisesti\u00a0<strong>.<\/strong>\u00a0Ninebot E2 E on yksi harvoista s\u00e4hk\u00f6skoottereista, jotka on ohjelmoitu niin, ett\u00e4\u00a0<strong>kun mekaanista jarrua k\u00e4ytet\u00e4\u00e4n, my\u00f6s elektroninen moottorijarru kytkeytyy p\u00e4\u00e4lle<\/strong>. N\u00e4in jarrut kuluvat v\u00e4hemm\u00e4n ja jarrutus on tasaisempaa ja tehokkaampaa. Ninebot E2 E -s\u00e4hk\u00f6skootteri\u00a0<strong>voidaan yhdist\u00e4\u00e4 mobiilisovellukseen<\/strong>, josta n\u00e4et toimintas\u00e4teen, akun varaustason ja paljon muuta.<\/p>\n<p style=\"caret-color: #000000; color: #000000;\">Jotta Ninebot E2 E -s\u00e4hk\u00f6potkulaudoissa olisi mukava ajaa my\u00f6s pime\u00e4ss\u00e4, ne on varustettu tehokkailla\u00a0<strong>etu- ja takavaloilla<\/strong>, jotka antavat voimakkaan valons\u00e4teen lis\u00e4ksi my\u00f6s heijastavan vaikutuksen. Jotta kanssapy\u00f6r\u00e4ilij\u00e4t huomaisivat sinut, Ninebot E2 E -skoottereissa on mekaaninen kello, joka kuuluu kauas. Ninebot E2 E -skootterissa on\u00a0<strong>jarruvalo<\/strong>, joka viestii kuljettajan aikeista\u00a0<strong>.<\/strong><\/p>\n<h2 style=\"text-align: center;\">SEGWAY NINEBOT E2 E S\u00c4HK\u00d6POTKULAUTA - TEKNINEN KUVAUS<\/h2>\n<p style=\"caret-color: #000000; color: #000000;\">Segway E2 E -s\u00e4hk\u00f6skootterit ovat etuvetoisia, mutta silti luonteeltaan kirkkaita ja eritt\u00e4in tehokkaita. Ninebot E2 E -s\u00e4hk\u00f6skootterit, jotka saavat voimansa<strong>450 W:n<\/strong>\u00a0s\u00e4hk\u00f6moottorista, ovat eritt\u00e4in sulavia ja kiihtyv\u00e4t mukavasti. Valmistajan ilmoittama nopeus on 20km\/h, ja Ninebot E2 E -s\u00e4hk\u00f6potkulauta saavuttaa t\u00e4m\u00e4n nopeuden nopeasti ilman ongelmia.<\/p>\n<p style=\"caret-color: #000000; color: #000000;\">Ninebot E2 E -s\u00e4hk\u00f6skootterin vankka rakenne kest\u00e4\u00e4 valmistajan erittelyn mukaan\u00a0<strong>jopa 90 kg<\/strong>. Tehokkaalla s\u00e4hk\u00f6moottorilla varustetut Ninebot E2 E -s\u00e4hk\u00f6potkulaitteet eiv\u00e4t anna periksi raskaammillakaan kuormilla. Ninebot E2 E -s\u00e4hk\u00f6skootterit\u00a0<strong>kykenev\u00e4t jopa 12 % yl\u00e4m\u00e4keen<\/strong>\u00a090 kg:n enimm\u00e4ispainolla.<\/p>\n<p style=\"caret-color: #000000; color: #000000;\">Ninebot E2 E k\u00e4tkee tukevan rakenteensa taakse suuren Li-ion-akun. Segway Ninebot E2 E -s\u00e4hk\u00f6skootterit on\u00a0<strong>varustettu tehokkaalla 220Wh Li-ion-akulla.<\/strong>\u00a0Valmistajan erittelyn mukaan s\u00e4hk\u00f6potkulauta pystyy kulkemaan\u00a0<strong>ECO-tilassa<\/strong>\u00a0<strong>jopa 25 km<\/strong>\u00a0<strong>yhdell\u00e4<\/strong>\u00a0<strong>latauksella<\/strong>. Ninebot E2 E -s\u00e4hk\u00f6skootteri tarvitsee\u00a0<strong>~7 tuntia<\/strong>\u00a0<strong>akun lataamiseen t\u00e4ydellisesti 0 prosentista 100 prosenttiin<\/strong>.<\/p>\n<p style=\"caret-color: #000000; color: #000000;\">Tietojen antamiseksi kuljettajalle Segway Ninebot E2 E -s\u00e4hk\u00f6potkulauta on\u00a0<strong>varustettu selv\u00e4sti luettavalla laajalla n\u00e4yt\u00f6ll\u00e4<\/strong>, joka antaa kuljettajalle tietoja ajotilasta, akun varaustasosta ja nopeudesta.<\/p>\n<h2 style=\"text-align: center;\">TURVALLISUUS<\/h2>\n<p style=\"caret-color: #000000; color: #000000;\">S\u00e4hk\u00f6skootteri on nopea ja mahdollisesti vaarallinen ajoneuvo kuljettajalle. Siksi suosittelemme, ett\u00e4 k\u00e4yt\u00e4t aina\u00a0<a href=\"http:\/\/www.xn--tuksimaailm-ffb.ee\/tootesilt\/elektritoukeratta-kiivrid\/\">kyp\u00e4r\u00e4\u00e4<\/a>. Alle 16-vuotiaiden s\u00e4hk\u00f6skootterin kuljettajien on lain mukaan k\u00e4ytett\u00e4v\u00e4 kyp\u00e4r\u00e4\u00e4 ajaessaan\u00a0<a href=\"https:\/\/www.riigiteataja.ee\/akt\/113112020001\">.<\/a>\u00a0Kaikki s\u00e4hk\u00f6skootterit l\u00f6ytyv\u00e4t\u00a0<a href=\"http:\/\/www.xn--tuksimaailm-ffb.ee\/tootekategooria\/elektritoukeratas\/\"><strong>t\u00e4\u00e4lt\u00e4<\/strong><\/a>.<\/p>\n<p style=\"caret-color: #000000; color: #000000;\"><strong>Kun ostat s\u00e4hk\u00f6skootterin kaupastamme, saat kaikki\u00a0<\/strong><a href=\"http:\/\/www.xn--tuksimaailm-ffb.ee\/tootekategooria\/lisavarustus\/\"><strong>lis\u00e4varusteet<\/strong><\/a><strong>\u00a0-20%!<\/strong><\/p>\n<p style=\"caret-color: #000000; color: #000000;\"><strong>Segway Ninebot Kickscooter E2 E -s\u00e4hk\u00f6potkulauta on Viron liikennelain mukainen katulaillinen kevytskootteri, jonka valmistajan teho on 450W ja valmistajan nopeus 20km\/h.<\/strong>\u00a0<strong>HUOMAUTUS: Jos k\u00e4ytt\u00e4j\u00e4 on itsen\u00e4isesti muuttanut s\u00e4hk\u00f6skootteria niin, ett\u00e4 se on nopeampi tai tehokkaampi kuin edell\u00e4 mainitut parametrit, T\u00f5uksimaailm ei ole vastuussa lain rikkomisesta aiheutuvista sakoista, s\u00e4hk\u00f6skootterin takavarikoimisesta poliisin toimesta tai mist\u00e4\u00e4n muusta rikkomisesta aiheutuneesta vahingosta.<\/strong><\/p>\n<table class=\"tg\" style=\"border-collapse: collapse; max-width: 600px; border-spacing: 0; margin: 0px auto;\">\n<tbody>\n<tr>\n<td style=\"background-color: #e4e1e1; color: #333333; font-family: inherit; font-size: 14px; font-weight: bold; overflow: hidden; padding: 5px 5px; text-align: center; vertical-align: top; word-break: normal; border: 1px solid;\" colspan=\"2\">Tekniset tiedot<\/td>\n<\/tr>\n<tr>\n<td style=\"background-color: #e4e1e1; color: #333333; font-family: inherit; font-size: 14px; font-weight: bold; overflow: hidden; padding: 5px 5px; text-align: right; vertical-align: top; word-break: normal; border: 1px solid;\">Malli<\/td>\n<td style=\"font-family: inherit; font-size: 14px; overflow: hidden; padding: 5px 5px; text-align: center; vertical-align: top; word-break: normal; border: 1px solid;\">Segway Ninebot E2 E<\/td>\n<\/tr>\n<tr>\n<td style=\"background-color: #e4e1e1; color: #333333; font-family: inherit; font-size: 14px; font-weight: bold; overflow: hidden; padding: 5px 5px; text-align: right; vertical-align: top; word-break: normal; border: 1px solid;\">Akku<\/td>\n<td style=\"font-family: inherit; font-size: 14px; overflow: hidden; padding: 5px 5px; text-align: center; vertical-align: top; word-break: normal; border: 1px solid;\"><span style=\"font-size: 16px; text-align: start;\">220Wh<\/span><\/td>\n<\/tr>\n<tr>\n<td style=\"background-color: #e4e1e1; color: #333333; font-family: inherit; font-size: 14px; font-weight: bold; overflow: hidden; padding: 5px 5px; text-align: right; vertical-align: top; word-break: normal; border: 1px solid;\">Latausaika<\/td>\n<td style=\"font-family: inherit; font-size: 14px; overflow: hidden; padding: 5px 5px; text-align: center; vertical-align: top; word-break: normal; border: 1px solid;\">jopa 7h<\/td>\n<\/tr>\n<tr>\n<td style=\"background-color: #e4e1e1; color: #333333; font-family: inherit; font-size: 14px; font-weight: bold; overflow: hidden; padding: 5px 5px; text-align: right; vertical-align: top; word-break: normal; border: 1px solid;\">Moottorin teho<\/td>\n<td style=\"font-family: inherit; font-size: 14px; overflow: hidden; padding: 5px 5px; text-align: center; vertical-align: top; word-break: normal; border: 1px solid;\">450W<\/td>\n<\/tr>\n<tr>\n<td style=\"background-color: #e4e1e1; color: #333333; font-family: inherit; font-size: 14px; font-weight: bold; overflow: hidden; padding: 5px 5px; text-align: right; vertical-align: top; word-break: normal; border: 1px solid;\">Ajomatka (valmistajan ilmoittama) <br \/>Laskettu ajomatka<\/td>\n<td style=\"font-family: inherit; font-size: 14px; overflow: hidden; padding: 5px 5px; text-align: center; vertical-align: top; word-break: normal; border: 1px solid;\">25km (eco mode)<br \/>15km (25km\/h, 70kg kuljettaja, 15Wh\/km)<\/td>\n<\/tr>\n<tr>\n<td style=\"background-color: #e4e1e1; color: #333333; font-family: inherit; font-size: 14px; font-weight: bold; overflow: hidden; padding: 5px 5px; text-align: right; vertical-align: top; word-break: normal; border: 1px solid;\">Etujarru<\/td>\n<td style=\"font-family: inherit; font-size: 14px; overflow: hidden; padding: 5px 5px; text-align: center; vertical-align: top; word-break: normal; border: 1px solid;\">s\u00e4hk\u00f6inen moottorijarru (regeneratiivinen)<\/td>\n<\/tr>\n<tr>\n<td style=\"background-color: #e4e1e1; color: #333333; font-family: inherit; font-size: 14px; font-weight: bold; overflow: hidden; padding: 5px 5px; text-align: right; vertical-align: top; word-break: normal; border: 1px solid;\">Takajarru<\/td>\n<td style=\"font-family: inherit; font-size: 14px; overflow: hidden; padding: 5px 5px; text-align: center; vertical-align: top; word-break: normal; border: 1px solid;\">rumpujarru<\/td>\n<\/tr>\n<tr>\n<td style=\"background-color: #e4e1e1; color: #333333; font-family: inherit; font-size: 14px; font-weight: bold; overflow: hidden; padding: 5px 5px; text-align: right; vertical-align: top; word-break: normal; border: 1px solid;\">Painorajoitus<\/td>\n<td style=\"font-family: inherit; font-size: 14px; overflow: hidden; padding: 5px 5px; text-align: center; vertical-align: top; word-break: normal; border: 1px solid;\">90kg<\/td>\n<\/tr>\n<tr>\n<td style=\"background-color: #e4e1e1; color: #333333; font-family: inherit; font-size: 14px; font-weight: bold; overflow: hidden; padding: 5px 5px; text-align: right; vertical-align: top; word-break: normal; border: 1px solid;\"><strong style=\"caret-color: #000000; color: #000000; text-align: start; font-family: inherit;\">Tuotantonopeu<\/strong>s<\/td>\n<td style=\"font-family: inherit; font-size: 14px; overflow: hidden; padding: 5px 5px; text-align: center; vertical-align: top; word-break: normal; border: 1px solid;\">20km\/h<\/td>\n<\/tr>\n<tr>\n<td style=\"background-color: #e4e1e1; color: #333333; font-family: inherit; font-size: 14px; font-weight: bold; overflow: hidden; padding: 5px 5px; text-align: right; vertical-align: top; word-break: normal; border: 1px solid;\">Paino<\/td>\n<td style=\"font-family: inherit; font-size: 14px; overflow: hidden; padding: 5px 5px; text-align: center; vertical-align: top; word-break: normal; border: 1px solid;\">14.2kg<\/td>\n<\/tr>\n<tr>\n<td style=\"background-color: #e4e1e1; color: #333333; font-family: inherit; font-size: 14px; font-weight: bold; overflow: hidden; padding: 5px 5px; text-align: right; vertical-align: top; word-break: normal; border: 1px solid;\">Moottorisoitu py\u00f6r\u00e4<\/td>\n<td style=\"font-family: inherit; font-size: 14px; overflow: hidden; padding: 5px 5px; text-align: center; vertical-align: top; word-break: normal; border: 1px solid;\">etupy\u00f6r\u00e4<\/td>\n<\/tr>\n<tr>\n<td style=\"background-color: #e4e1e1; color: #333333; font-family: inherit; font-size: 14px; font-weight: bold; overflow: hidden; padding: 5px 5px; text-align: right; vertical-align: top; word-break: normal; border: 1px solid;\">Renkaat<\/td>\n<td style=\"font-family: inherit; font-size: 14px; overflow: hidden; padding: 5px 5px; text-align: center; vertical-align: top; word-break: normal; border: 1px solid;\">8.1\" t\u00e4ysikumi renkaat<\/td>\n<\/tr>\n<tr>\n<td style=\"background-color: #e4e1e1; color: #333333; font-family: inherit; font-size: 14px; font-weight: bold; overflow: hidden; padding: 5px 5px; text-align: right; vertical-align: top; word-break: normal; border: 1px solid;\">Tien enim\u00e4iskaltevuus<\/td>\n<td style=\"font-family: inherit; font-size: 14px; overflow: hidden; padding: 5px 5px; text-align: center; vertical-align: top; word-break: normal; border: 1px solid;\">12%<\/td>\n<\/tr>\n<\/tbody>\n<\/table>\n","protected":false},"excerpt":{"rendered":"<p><strong>Kaikki\u00a0<a href=\"http:\/\/www.xn--tuksimaailm-ffb.ee\/tootekategooria\/lisavarustus\/\">lis\u00e4varusteet<\/a>\u00a0ja\u00a0<a href=\"https:\/\/www.xn\u2014tuksimaailm-ffb.ee\/tootekategooria\/elektritoukeratta-varuosad\/\">varaosat<\/a> ovat\u00a0-20%, kun ne ostetaan s\u00e4hk\u00f6skootterin kanssa. Alennus otetaan automaattisesti k\u00e4ytt\u00f6\u00f6n, kun lis\u00e4\u00e4t sen ostoskoriin!<\/strong><\/p>\n<p><em><strong>Toimitusaika: 1-5tp<\/p>\n<p><\/strong><\/em><\/p>\n","protected":false},"featured_media":41511,"template":"","meta":[],"product_brand":[],"product_cat":[926],"product_tag":[],"filter_elektritoukeratas":[],"class_list":{"0":"post-41507","1":"product","2":"type-product","3":"status-publish","4":"has-post-thumbnail","6":"product_cat-sahkopotkulaudat-fi","7":"product_shipping_class-keskmine-pakk-fi","8":"pa_aku-mahutavus-wh-220-fi","9":"pa_kandevoime-kg-90-fi","10":"pa_labisoit-arvutuslik-km-15-fi","11":"pa_mootorite-arv-uhe-mootoriga-fi","12":"pa_muuja-platvormil-touksimaailm-exocool-ou-fi","13":"pa_piiramata-tippkiirus-kmh-20-fi","14":"pa_tootetuup-elektritoukeratas-fi","15":"pa_valmistaja-segway-fi","17":"first","18":"instock","19":"taxable","20":"shipping-taxable","21":"purchasable","22":"product-type-simple"},"yoast_head":"<!-- This site is optimized with the Yoast SEO Premium plugin v26.8 (Yoast SEO v27.5) - https:\/\/yoast.com\/product\/yoast-seo-premium-wordpress\/ -->\n<title>Segway Ninebot E2 E s\u00e4hk\u00f6potkulauta | T\u00f5uksimaailm<\/title>\n<meta name=\"description\" content=\"Segway Ninebot P65E elektrit\u00f5ukeratas. Kaasaegne elektriline t\u00f5ukeratas. Segway Ninebot elektrit\u00f5ukerattad. V\u00f5imekad P-seeria elektrilised t\u00f5ukerattad.\" \/>\n<meta name=\"robots\" content=\"index, follow, max-snippet:-1, max-image-preview:large, max-video-preview:-1\" \/>\n<link rel=\"canonical\" href=\"https:\/\/www.xn--tuksimaailm-ffb.ee\/fi\/shop\/segway-ninebot-p65e-p65i-sahkopotkulauta-kopeeri-kopeeri-kopeeri-kopeeri-kopeeri-kopeeri-kopeeri\/\" \/>\n<meta property=\"og:locale\" content=\"fi_FI\" \/>\n<meta property=\"og:type\" content=\"article\" \/>\n<meta property=\"og:title\" content=\"Segway Ninebot E2 E s\u00e4hk\u00f6potkulauta\" \/>\n<meta property=\"og:description\" content=\"Segway Ninebot P65E elektrit\u00f5ukeratas. Kaasaegne elektriline t\u00f5ukeratas. Segway Ninebot elektrit\u00f5ukerattad. V\u00f5imekad P-seeria elektrilised t\u00f5ukerattad.\" \/>\n<meta property=\"og:url\" content=\"https:\/\/www.xn--tuksimaailm-ffb.ee\/fi\/shop\/segway-ninebot-p65e-p65i-sahkopotkulauta-kopeeri-kopeeri-kopeeri-kopeeri-kopeeri-kopeeri-kopeeri\/\" \/>\n<meta property=\"og:site_name\" content=\"T\u00f5uksimaailm\" \/>\n<meta property=\"article:publisher\" content=\"https:\/\/www.facebook.com\/touksimaailm\/\" \/>\n<meta property=\"article:modified_time\" content=\"2024-11-18T09:12:59+00:00\" \/>\n<meta property=\"og:image\" content=\"https:\/\/www.xn--tuksimaailm-ffb.ee\/wp-content\/uploads\/2024\/02\/e2.png\" \/>\n\t<meta property=\"og:image:width\" content=\"1020\" \/>\n\t<meta property=\"og:image:height\" content=\"1020\" \/>\n\t<meta property=\"og:image:type\" content=\"image\/png\" \/>\n<meta name=\"twitter:card\" content=\"summary_large_image\" \/>\n<meta name=\"twitter:label1\" content=\"Hinta\" \/>\n\t<meta name=\"twitter:data1\" content=\"&euro;273.00\" \/>\n\t<meta name=\"twitter:label2\" content=\"Saatavuus\" \/>\n\t<meta name=\"twitter:data2\" content=\"Varastossa\" \/>\n<meta property=\"product:price:amount\" content=\"273.00\" \/>\n<meta property=\"product:price:currency\" content=\"EUR\" \/>\n<meta property=\"og:availability\" content=\"instock\" \/>\n<meta property=\"product:availability\" content=\"instock\" \/>\n<meta property=\"product:retailer_item_id\" content=\"Ninebot-E2-E-1\" \/>\n<meta property=\"product:condition\" content=\"new\" \/>\n<!-- \/ Yoast SEO Premium plugin. -->","yoast_head_json":{"title":"Segway Ninebot E2 E s\u00e4hk\u00f6potkulauta | T\u00f5uksimaailm","description":"Segway Ninebot P65E elektrit\u00f5ukeratas. Kaasaegne elektriline t\u00f5ukeratas. Segway Ninebot elektrit\u00f5ukerattad. V\u00f5imekad P-seeria elektrilised t\u00f5ukerattad.","robots":{"index":"index","follow":"follow","max-snippet":"max-snippet:-1","max-image-preview":"max-image-preview:large","max-video-preview":"max-video-preview:-1"},"canonical":"https:\/\/www.xn--tuksimaailm-ffb.ee\/fi\/shop\/segway-ninebot-p65e-p65i-sahkopotkulauta-kopeeri-kopeeri-kopeeri-kopeeri-kopeeri-kopeeri-kopeeri\/","og_locale":"fi_FI","og_type":"article","og_title":"Segway Ninebot E2 E s\u00e4hk\u00f6potkulauta","og_description":"Segway Ninebot P65E elektrit\u00f5ukeratas. Kaasaegne elektriline t\u00f5ukeratas. Segway Ninebot elektrit\u00f5ukerattad. V\u00f5imekad P-seeria elektrilised t\u00f5ukerattad.","og_url":"https:\/\/www.xn--tuksimaailm-ffb.ee\/fi\/shop\/segway-ninebot-p65e-p65i-sahkopotkulauta-kopeeri-kopeeri-kopeeri-kopeeri-kopeeri-kopeeri-kopeeri\/","og_site_name":"T\u00f5uksimaailm","article_publisher":"https:\/\/www.facebook.com\/touksimaailm\/","article_modified_time":"2024-11-18T09:12:59+00:00","og_image":[{"width":1020,"height":1020,"url":"https:\/\/www.xn--tuksimaailm-ffb.ee\/wp-content\/uploads\/2024\/02\/e2.png","type":"image\/png"}],"twitter_card":"summary_large_image","twitter_misc":{"Hinta":"&euro;273.00","Saatavuus":"Varastossa"},"schema":{"@context":"https:\/\/schema.org","@graph":[{"@type":"WebPage","@id":"https:\/\/www.xn--tuksimaailm-ffb.ee\/fi\/shop\/segway-ninebot-p65e-p65i-sahkopotkulauta-kopeeri-kopeeri-kopeeri-kopeeri-kopeeri-kopeeri-kopeeri\/","url":"https:\/\/www.xn--tuksimaailm-ffb.ee\/fi\/shop\/segway-ninebot-p65e-p65i-sahkopotkulauta-kopeeri-kopeeri-kopeeri-kopeeri-kopeeri-kopeeri-kopeeri\/","name":"Segway Ninebot E2 E s\u00e4hk\u00f6potkulauta | T\u00f5uksimaailm","isPartOf":{"@id":"https:\/\/www.xn--tuksimaailm-ffb.ee\/fi\/#website"},"primaryImageOfPage":{"@id":"https:\/\/www.xn--tuksimaailm-ffb.ee\/fi\/shop\/segway-ninebot-p65e-p65i-sahkopotkulauta-kopeeri-kopeeri-kopeeri-kopeeri-kopeeri-kopeeri-kopeeri\/#primaryimage"},"image":{"@id":"https:\/\/www.xn--tuksimaailm-ffb.ee\/fi\/shop\/segway-ninebot-p65e-p65i-sahkopotkulauta-kopeeri-kopeeri-kopeeri-kopeeri-kopeeri-kopeeri-kopeeri\/#primaryimage"},"thumbnailUrl":"https:\/\/www.xn--tuksimaailm-ffb.ee\/wp-content\/uploads\/2024\/02\/e2.png","datePublished":"2024-02-13T15:53:37+00:00","dateModified":"2024-11-18T09:12:59+00:00","description":"Segway Ninebot P65E elektrit\u00f5ukeratas. Kaasaegne elektriline t\u00f5ukeratas. Segway Ninebot elektrit\u00f5ukerattad. V\u00f5imekad P-seeria elektrilised t\u00f5ukerattad.","breadcrumb":{"@id":"https:\/\/www.xn--tuksimaailm-ffb.ee\/fi\/shop\/segway-ninebot-p65e-p65i-sahkopotkulauta-kopeeri-kopeeri-kopeeri-kopeeri-kopeeri-kopeeri-kopeeri\/#breadcrumb"},"inLanguage":"fi","potentialAction":[{"@type":"ReadAction","target":["https:\/\/www.xn--tuksimaailm-ffb.ee\/fi\/shop\/segway-ninebot-p65e-p65i-sahkopotkulauta-kopeeri-kopeeri-kopeeri-kopeeri-kopeeri-kopeeri-kopeeri\/"]}]},{"@type":"ImageObject","inLanguage":"fi","@id":"https:\/\/www.xn--tuksimaailm-ffb.ee\/fi\/shop\/segway-ninebot-p65e-p65i-sahkopotkulauta-kopeeri-kopeeri-kopeeri-kopeeri-kopeeri-kopeeri-kopeeri\/#primaryimage","url":"https:\/\/www.xn--tuksimaailm-ffb.ee\/wp-content\/uploads\/2024\/02\/e2.png","contentUrl":"https:\/\/www.xn--tuksimaailm-ffb.ee\/wp-content\/uploads\/2024\/02\/e2.png","width":1020,"height":1020,"caption":"Segway Ninebot E2 E elektrit\u00f5ukeratas elektrilised t\u00f5ukerattad elektrit\u00f5ukerattad elektrit\u00f5uks"},{"@type":"BreadcrumbList","@id":"https:\/\/www.xn--tuksimaailm-ffb.ee\/fi\/shop\/segway-ninebot-p65e-p65i-sahkopotkulauta-kopeeri-kopeeri-kopeeri-kopeeri-kopeeri-kopeeri-kopeeri\/#breadcrumb","itemListElement":[{"@type":"ListItem","position":1,"name":"Home","item":"https:\/\/www.xn--tuksimaailm-ffb.ee\/fi\/kotisivu\/"},{"@type":"ListItem","position":2,"name":"Kauppa","item":"https:\/\/www.xn--tuksimaailm-ffb.ee\/elektritoukerataste-pood\/"},{"@type":"ListItem","position":3,"name":"Segway Ninebot E2 E s\u00e4hk\u00f6potkulauta"}]},{"@type":"WebSite","@id":"https:\/\/www.xn--tuksimaailm-ffb.ee\/fi\/#website","url":"https:\/\/www.xn--tuksimaailm-ffb.ee\/fi\/","name":"T\u00f5uksimaailm","description":"Elektrit\u00f5ukerataste m\u00fc\u00fck, remont ja rent","publisher":{"@id":"https:\/\/www.xn--tuksimaailm-ffb.ee\/fi\/#organization"},"potentialAction":[{"@type":"SearchAction","target":{"@type":"EntryPoint","urlTemplate":"https:\/\/www.xn--tuksimaailm-ffb.ee\/fi\/?s={search_term_string}"},"query-input":{"@type":"PropertyValueSpecification","valueRequired":true,"valueName":"search_term_string"}}],"inLanguage":"fi"},{"@type":"Organization","@id":"https:\/\/www.xn--tuksimaailm-ffb.ee\/fi\/#organization","name":"T\u00f5uksimaailm","url":"https:\/\/www.xn--tuksimaailm-ffb.ee\/fi\/","logo":{"@type":"ImageObject","inLanguage":"fi","@id":"https:\/\/www.xn--tuksimaailm-ffb.ee\/fi\/#\/schema\/logo\/image\/","url":"https:\/\/www.xn--tuksimaailm-ffb.ee\/wp-content\/uploads\/2020\/01\/logoz-e1579792875517.png","contentUrl":"https:\/\/www.xn--tuksimaailm-ffb.ee\/wp-content\/uploads\/2020\/01\/logoz-e1579792875517.png","width":250,"height":250,"caption":"T\u00f5uksimaailm"},"image":{"@id":"https:\/\/www.xn--tuksimaailm-ffb.ee\/fi\/#\/schema\/logo\/image\/"},"sameAs":["https:\/\/www.facebook.com\/touksimaailm\/","https:\/\/www.instagram.com\/touksimaailm_\/","https:\/\/www.youtube.com\/channel\/UC18ml0EKIDLP1xGuQjFzcXQ"]}]},"product_price_amount":"273.00","product_price_currency":"EUR","og_availability":"instock","product_availability":"instock","product_retailer_item_id":"Ninebot-E2-E-1","product_condition":"new"},"jetpack_sharing_enabled":true,"_links":{"self":[{"href":"https:\/\/www.xn--tuksimaailm-ffb.ee\/fi\/wp-json\/wp\/v2\/product\/41507","targetHints":{"allow":["GET"]}}],"collection":[{"href":"https:\/\/www.xn--tuksimaailm-ffb.ee\/fi\/wp-json\/wp\/v2\/product"}],"about":[{"href":"https:\/\/www.xn--tuksimaailm-ffb.ee\/fi\/wp-json\/wp\/v2\/types\/product"}],"wp:featuredmedia":[{"embeddable":true,"href":"https:\/\/www.xn--tuksimaailm-ffb.ee\/fi\/wp-json\/wp\/v2\/media\/41511"}],"wp:attachment":[{"href":"https:\/\/www.xn--tuksimaailm-ffb.ee\/fi\/wp-json\/wp\/v2\/media?parent=41507"}],"wp:term":[{"taxonomy":"product_brand","embeddable":true,"href":"https:\/\/www.xn--tuksimaailm-ffb.ee\/fi\/wp-json\/wp\/v2\/product_brand?post=41507"},{"taxonomy":"product_cat","embeddable":true,"href":"https:\/\/www.xn--tuksimaailm-ffb.ee\/fi\/wp-json\/wp\/v2\/product_cat?post=41507"},{"taxonomy":"product_tag","embeddable":true,"href":"https:\/\/www.xn--tuksimaailm-ffb.ee\/fi\/wp-json\/wp\/v2\/product_tag?post=41507"},{"taxonomy":"filter_elektritoukeratas","embeddable":true,"href":"https:\/\/www.xn--tuksimaailm-ffb.ee\/fi\/wp-json\/wp\/v2\/filter_elektritoukeratas?post=41507"}],"curies":[{"name":"wp","href":"https:\/\/api.w.org\/{rel}","templated":true}]}}