{"id":41574,"date":"2021-12-17T16:18:11","date_gmt":"2021-12-17T16:18:11","guid":{"rendered":"http:\/\/www.xn--tuksimaailm-ffb.ee\/shop\/techlife-x5-sahkopotkulauta\/"},"modified":"2024-11-12T13:19:19","modified_gmt":"2024-11-12T10:19:19","slug":"techlife-x5-sahkopotkulauta","status":"publish","type":"product","link":"https:\/\/www.xn--tuksimaailm-ffb.ee\/fi\/shop\/techlife-x5-sahkopotkulauta\/","title":{"rendered":"Techlife X5 s\u00e4hk\u00f6potkulauta"},"content":{"rendered":"<h2 style=\"text-align: center;\">TECHLIFE X5 S\u00c4HK\u00d6POTKULAUTA - TUOTEKUVAUS<\/h2>\n<p>Techlife X5 -s\u00e4hk\u00f6potkulauta on ehdottomasti yksi skootterimaailman parhaista s\u00e4hk\u00f6skoottereista kompaktiuden, suorituskyvyn ja hinnan suhteen. <strong>350W<\/strong> moottori (huipputeho <strong>500W<\/strong>) mahdollistaa jopa <strong>25km\/h<\/strong> nopeuden. S\u00e4hk\u00f6skootteri on taitettavissa suoraan jalustasta, ja siin\u00e4 on my\u00f6s taitettavat ohjaustangon kahvat (ohjausputken suuntaisesti), mik\u00e4 tekee t\u00e4st\u00e4 mallista s\u00e4hk\u00f6skootterin \"ultrakompakti s\u00e4hk\u00f6skootteri\" -luokkaan. Sis\u00e4kumilla varustetun t\u00e4rin\u00e4\u00e4 neutraloivan ilmarenkaan lis\u00e4ksi jousitetut etu- ja taka-iskunvaimentimet auttavat neutraloimaan tien kuoppia.<\/p>\n<p>Techlife X5 -s\u00e4hk\u00f6potkulauta on valmistettu valikoiduista osista, jotka ovat l\u00e4pik\u00e4yneet monitasoisen laadunvalvonnan, mik\u00e4 takaa erinomaisen kest\u00e4vyyden ja kokoonpanon laadun. Techlife X5 -s\u00e4hk\u00f6potkulauta on suunniteltu tarjoamaan riitt\u00e4v\u00e4\u00e4 suorituskyky\u00e4, erinomaista kompaktiutta ja mukavuutta kaupunkiymp\u00e4rist\u00f6ss\u00e4 edulliseen hintaan. <a href=\"http:\/\/www.xn--tuksimaailm-ffb.ee\/shop\/qs-s4-ekraan-display-elektritoukeratas-gpad-storm\/\"><strong>QS-S4<\/strong><\/a>:n n\u00e4yt\u00f6ss\u00e4 on korkeakontrastiset v\u00e4rit ja hyv\u00e4 valoteho (kirkkaus), joten n\u00e4ytt\u00f6 on eritt\u00e4in helppolukuinen, toisin kuin sen edelt\u00e4jiss\u00e4, kuten TF-100:ssa. N\u00e4ytt\u00f6 n\u00e4kyy selv\u00e4sti my\u00f6s nopeassa ajossa \/ kes\u00e4isell\u00e4 aurinkoisella s\u00e4\u00e4ll\u00e4. X5-s\u00e4hk\u00f6skootterista on my\u00f6s hieman kalliimpi, suuremman akun versio, <a href=\"http:\/\/www.xn--tuksimaailm-ffb.ee\/shop\/techlife-x5s-elektritoukeratas\/\"><strong>X5S<\/strong><\/a>.<\/p>\n<p><iframe title=\"TECHLIFE X5 &amp; X6 eScooter Comparison - Wrong Way! Review\" width=\"1082\" height=\"609\" src=\"https:\/\/www.youtube.com\/embed\/QL3U_QNL2gw?feature=oembed\" frameborder=\"0\" allow=\"accelerometer; autoplay; clipboard-write; encrypted-media; gyroscope; picture-in-picture; web-share\" allowfullscreen><\/iframe><\/p>\n<h2 style=\"text-align: center;\">TECHLIFE X5 S\u00c4HK\u00d6POTKULAUTA - KAUPUNGIN PARAS<\/h2>\n<p>Kaikki Techlife X5 -skootterit on valmistettu kest\u00e4v\u00e4st\u00e4 alumiinista, ja niiss\u00e4 on my\u00f6s leve\u00e4 ohjaustanko, jossa on mukavat kahvat. S\u00e4hk\u00f6skootterin BLDC-moottorin maksimiteho on 500 W - alle 1 kW, joka on Viron liikennelain mukaan s\u00e4hk\u00f6k\u00e4ytt\u00f6isen kevytskootterin suurin sallittu moottoriteho. N\u00e4in ollen t\u00e4m\u00e4 eritt\u00e4in k\u00e4yt\u00e4nn\u00f6llinen s\u00e4hk\u00f6skootteri on t\u00e4ydellinen s\u00e4hk\u00f6potkulauta yleisill\u00e4 teill\u00e4 ja kaupungissa ajamiseen.<\/p>\n<p>Harjaton, eritt\u00e4in tehokas s\u00e4hk\u00f6moottori takaa hyv\u00e4n kiihtyvyyden jopa <strong>15 asteen<\/strong> rinteess\u00e4 yl\u00e4m\u00e4keen ajettaessa. S\u00e4hk\u00f6potkulauta saavuttaa laissa rajoitetun 25km\/h:n huippunopeuden ilman suurempia ponnisteluja. Yksityisteill\u00e4 voidaan saavuttaa jopa <strong>25km\/h<\/strong> nopeus. Techlife X5 -s\u00e4hk\u00f6skootteri on suunniteltu enint\u00e4\u00e4n <strong>120kg<\/strong> painaville kuljettajille, mik\u00e4 on my\u00f6s 20kg enemm\u00e4n kuin useimmat saman luokan s\u00e4hk\u00f6skootterit voivat tarjota.<img decoding=\"async\" class=\"wp-image-6653 aligncenter\" src=\"https:\/\/www.xn--tuksimaailm-ffb.ee\/wp-content\/uploads\/2021\/12\/x5-3a-1-300x132.png\" alt=\"techlife x5 elektrit\u00f5ukeratas elektriline t\u00f5ukeratas kompaktne elektrit\u00f5ukerattad\" width=\"902\" height=\"397\" srcset=\"https:\/\/www.xn--tuksimaailm-ffb.ee\/wp-content\/uploads\/2021\/12\/x5-3a-1-300x132.png 300w, https:\/\/www.xn--tuksimaailm-ffb.ee\/wp-content\/uploads\/2021\/12\/x5-3a-1-768x339.png 768w, https:\/\/www.xn--tuksimaailm-ffb.ee\/wp-content\/uploads\/2021\/12\/x5-3a-1-611x269.png 611w, https:\/\/www.xn--tuksimaailm-ffb.ee\/wp-content\/uploads\/2021\/12\/x5-3a-1-600x265.png 600w, https:\/\/www.xn--tuksimaailm-ffb.ee\/wp-content\/uploads\/2021\/12\/x5-3a-1.png 830w\" sizes=\"(max-width: 902px) 100vw, 902px\" \/><\/p>\n<h2 style=\"text-align: center;\">TECHLIFE S\u00c4HK\u00d6POTKULAUTA - TEKNINEN KUVAUS<\/h2>\n<p>Riippuen kuljettajan ajotyylist\u00e4, s\u00e4\u00e4olosuhteista, kuljettajan painosta ja pituudesta (tuulenvastusero), s\u00e4hk\u00f6skootteri voi kulkea<strong> jopa 35km<\/strong> yhdell\u00e4 latauksella ihanteellisissa olosuhteissa ECO-tilassa. Kuten kaikilla muillakin s\u00e4hk\u00f6skoottereilla, realistinen toimintas\u00e4de 25km\/h tai nopeammalla nopeudella on pikemminkin 20-25km v\u00e4lill\u00e4. X5-s\u00e4hk\u00f6skootteri on varustettu korkealaatuisella <strong>36V\/10400mAh (374Wh kapasiteetti)<\/strong> litiumioniakulla. Akun lataaminen 0-100%:sta t\u00e4yteen s\u00e4hk\u00f6potkulaitteen mukana tulevalla laturilla kest\u00e4\u00e4 noin <strong>4-5 tuntia<\/strong>.<\/p>\n<p>Techlife X5 -s\u00e4hk\u00f6skootteri on varustettu my\u00f6s LED-valoilla - edess\u00e4 ja takana. Jos haluat kuitenkin valaista tiet\u00e4 pidemm\u00e4lle, on suositeltavaa asentaa s\u00e4hk\u00f6potkulautan ohjaustankoon <a href=\"http:\/\/www.xn--tuksimaailm-ffb.ee\/tootesilt\/elektritoukeratta-lisatuled\/\">lis\u00e4valo<\/a>. S\u00e4hk\u00f6potkulaudat ovat nopeita s\u00e4hk\u00f6ajoneuvoja, ja suosittelemme <a href=\"http:\/\/www.xn--tuksimaailm-ffb.ee\/shop\/elektrilise-toukeratta-kiiver-led-tagatulega-smart-4u\/\">kyp\u00e4r\u00e4n<\/a> k\u00e4ytt\u00f6\u00e4 niill\u00e4 ajettaessa. Alle 16-vuotiaan kuljettajan on <a href=\"https:\/\/www.riigiteataja.ee\/akt\/113112020001\">lain<\/a> mukaan k\u00e4ytett\u00e4v\u00e4 kyp\u00e4r\u00e4\u00e4 s\u00e4hk\u00f6skootterilla ajaessaan. Kaikki muut Techlife-s\u00e4hk\u00f6skootterit l\u00f6yd\u00e4t <a href=\"http:\/\/www.xn--tuksimaailm-ffb.ee\/tootekategooria\/elektritoukeratas\/\">t\u00e4\u00e4lt\u00e4<\/a>.<\/p>\n<p><span style=\"font-size: 12pt;\"><strong style=\"box-sizing: inherit; margin: 0px; padding: 0px; border: 0px; font-variant-numeric: inherit; font-variant-east-asian: inherit; font-stretch: inherit; line-height: inherit;\">Techlife X5 -s\u00e4hk\u00f6potkulauta on Viron liikennelain mukainen katuoikeudellinen kevytskootteri, jonka valmistajan teho on 500W ja valmistajan nopeus 25km\/h. HUOM: Jos k\u00e4ytt\u00e4j\u00e4 on itsen\u00e4isesti muuttanut s\u00e4hk\u00f6skootteria nopeammaksi tai tehokkaammaksi kuin edell\u00e4 mainitut parametrit, T\u00f5uksimaailm ei ole vastuussa lain rikkomisesta aiheutuvista sakoista, s\u00e4hk\u00f6skootterin takavarikoimisesta poliisin toimesta tai mist\u00e4\u00e4n muustakaan rikkomisesta aiheutuneesta vahingosta.<\/strong><\/span><\/p>\n<table class=\"tg\" style=\"border-collapse: collapse; max-width: 600px; border-spacing: 0; margin: 0px auto;\">\n<tbody>\n<tr>\n<td style=\"background-color: #e4e1e1; color: #333333; font-family: inherit; font-size: 14px; font-weight: bold; overflow: hidden; padding: 5px 5px; text-align: center; vertical-align: top; word-break: normal; border: 1px solid;\" colspan=\"2\">Tekniset tiedot<\/td>\n<\/tr>\n<tr>\n<td style=\"background-color: #e4e1e1; color: #333333; font-family: inherit; font-size: 14px; font-weight: bold; overflow: hidden; padding: 5px 5px; text-align: right; vertical-align: top; word-break: normal; border: 1px solid;\">Malli<\/td>\n<td style=\"font-family: inherit; font-size: 14px; overflow: hidden; padding: 5px 5px; text-align: center; vertical-align: top; word-break: normal; border: 1px solid;\">Techlife X5<\/td>\n<\/tr>\n<tr>\n<td style=\"background-color: #e4e1e1; color: #333333; font-family: inherit; font-size: 14px; font-weight: bold; overflow: hidden; padding: 5px 5px; text-align: right; vertical-align: top; word-break: normal; border: 1px solid;\">Paino<\/td>\n<td style=\"font-family: inherit; font-size: 14px; overflow: hidden; padding: 5px 5px; text-align: center; vertical-align: top; word-break: normal; border: 1px solid;\">18kg<\/td>\n<\/tr>\n<tr>\n<td style=\"background-color: #e4e1e1; color: #333333; font-family: inherit; font-size: 14px; font-weight: bold; overflow: hidden; padding: 5px 5px; text-align: right; vertical-align: top; word-break: normal; border: 1px solid;\">Teho<\/td>\n<td style=\"font-family: inherit; font-size: 14px; overflow: hidden; padding: 5px 5px; text-align: center; vertical-align: top; word-break: normal; border: 1px solid;\">350W (nominaali); 500W (huipputeho)<\/td>\n<\/tr>\n<tr>\n<td style=\"background-color: #e4e1e1; color: #333333; font-family: inherit; font-size: 14px; font-weight: bold; overflow: hidden; padding: 5px 5px; text-align: right; vertical-align: top; word-break: normal; border: 1px solid;\">Muutettu nopeus virityksen j\u00e4lkeen<\/td>\n<td style=\"font-family: inherit; font-size: 14px; overflow: hidden; padding: 5px 5px; text-align: center; vertical-align: top; word-break: normal; border: 1px solid;\">25km\/h<\/td>\n<\/tr>\n<tr>\n<td style=\"background-color: #e4e1e1; color: #333333; font-family: inherit; font-size: 14px; font-weight: bold; overflow: hidden; padding: 5px 5px; text-align: right; vertical-align: top; word-break: normal; border: 1px solid;\">Tuotaja m\u00e4\u00e4rittely nopeus<\/td>\n<td style=\"font-family: inherit; font-size: 14px; overflow: hidden; padding: 5px 5px; text-align: center; vertical-align: top; word-break: normal; border: 1px solid;\">25km\/h<\/td>\n<\/tr>\n<tr>\n<td style=\"background-color: #e4e1e1; color: #333333; font-family: inherit; font-size: 14px; font-weight: bold; overflow: hidden; padding: 5px 5px; text-align: right; vertical-align: top; word-break: normal; border: 1px solid;\">Kulku yhdell\u00e4 latauksella<\/td>\n<td style=\"font-family: inherit; font-size: 14px; overflow: hidden; padding: 5px 5px; text-align: center; vertical-align: top; word-break: normal; border: 1px solid;\">jopa 35km (valmistajan erittely)<\/td>\n<\/tr>\n<tr>\n<td style=\"background-color: #e4e1e1; color: #333333; font-family: inherit; font-size: 14px; font-weight: bold; overflow: hidden; padding: 5px 5px; text-align: right; vertical-align: top; word-break: normal; border: 1px solid;\">Laskettu matka \/ et\u00e4isyys<\/td>\n<td style=\"font-family: inherit; font-size: 14px; overflow: hidden; padding: 5px 5px; text-align: center; vertical-align: top; word-break: normal; border: 1px solid;\">25km (25km\/h, 70kg kuljettaja, 15Wh\/km)<\/td>\n<\/tr>\n<tr>\n<td style=\"background-color: #e4e1e1; color: #333333; font-family: inherit; font-size: 14px; font-weight: bold; overflow: hidden; padding: 5px 5px; text-align: right; vertical-align: top; word-break: normal; border: 1px solid;\">Akku<\/td>\n<td style=\"font-family: inherit; font-size: 14px; overflow: hidden; padding: 5px 5px; text-align: center; vertical-align: top; word-break: normal; border: 1px solid;\">36V\/10,4Ah\/374,4Wh Li-Ion<\/td>\n<\/tr>\n<tr>\n<td style=\"background-color: #e4e1e1; color: #333333; font-family: inherit; font-size: 14px; font-weight: bold; overflow: hidden; padding: 5px 5px; text-align: right; vertical-align: top; word-break: normal; border: 1px solid;\">S\u00e4\u00e4nkest\u00e4vyys<\/td>\n<td style=\"font-family: inherit; font-size: 14px; overflow: hidden; padding: 5px 5px; text-align: center; vertical-align: top; word-break: normal; border: 1px solid;\">IP44<\/td>\n<\/tr>\n<tr>\n<td style=\"background-color: #e4e1e1; color: #333333; font-family: inherit; font-size: 14px; font-weight: bold; overflow: hidden; padding: 5px 5px; text-align: right; vertical-align: top; word-break: normal; border: 1px solid;\">Latausaika<\/td>\n<td style=\"font-family: inherit; font-size: 14px; overflow: hidden; padding: 5px 5px; text-align: center; vertical-align: top; word-break: normal; border: 1px solid;\">4-5 tuntia<\/td>\n<\/tr>\n<tr>\n<td style=\"background-color: #e4e1e1; color: #333333; font-family: inherit; font-size: 14px; font-weight: bold; overflow: hidden; padding: 5px 5px; text-align: right; vertical-align: top; word-break: normal; border: 1px solid;\">Painorajoitus<\/td>\n<td style=\"font-family: inherit; font-size: 14px; overflow: hidden; padding: 5px 5px; text-align: center; vertical-align: top; word-break: normal; border: 1px solid;\">120kg<\/td>\n<\/tr>\n<tr>\n<td style=\"background-color: #e4e1e1; color: #333333; font-family: inherit; font-size: 14px; font-weight: bold; overflow: hidden; padding: 5px 5px; text-align: right; vertical-align: top; word-break: normal; border: 1px solid;\">Jarrut<\/td>\n<td style=\"font-family: inherit; font-size: 14px; overflow: hidden; padding: 5px 5px; text-align: center; vertical-align: top; word-break: normal; border: 1px solid;\">Trummelpidur (tagaratas)<\/td>\n<\/tr>\n<tr>\n<td style=\"background-color: #e4e1e1; color: #333333; font-family: inherit; font-size: 14px; font-weight: bold; overflow: hidden; padding: 5px 5px; text-align: right; vertical-align: top; word-break: normal; border: 1px solid;\">Renkaat<\/td>\n<td style=\"font-family: inherit; font-size: 14px; overflow: hidden; padding: 5px 5px; text-align: center; vertical-align: top; word-break: normal; border: 1px solid;\">8 1\/2\u00d72\u2033 (8.5\u00d72) sis\u00e4kumilla ilmarengas edess\u00e4; 8\u2033 t\u00e4ysirengas takana<\/td>\n<\/tr>\n<tr>\n<td style=\"background-color: #e4e1e1; color: #333333; font-family: inherit; font-size: 14px; font-weight: bold; overflow: hidden; padding: 5px 5px; text-align: right; vertical-align: top; word-break: normal; border: 1px solid;\">Tien enim\u00e4iskaltevuus<\/td>\n<td style=\"font-family: inherit; font-size: 14px; overflow: hidden; padding: 5px 5px; text-align: center; vertical-align: top; word-break: normal; border: 1px solid;\">15%<\/td>\n<\/tr>\n<\/tbody>\n<\/table>\n","protected":false},"excerpt":{"rendered":"<p><a href=\"http:\/\/www.xn--tuksimaailm-ffb.ee\/kontakt\/\"><strong>L\u00f6ysitk\u00f6 paremman hinnan? Kirjoita meille, niin teemme sinulle paremman tarjouksen!<\/strong><\/a><\/p>\n<p><strong>Kaikki\u00a0<a href=\"http:\/\/www.xn--tuksimaailm-ffb.ee\/tootekategooria\/lisavarustus\/\">lis\u00e4varusteet<\/a>\u00a0ja\u00a0<a href=\"https:\/\/www.xn\u2014tuksimaailm-ffb.ee\/tootekategooria\/elektritoukeratta-varuosad\/\">varaosat<\/a> ovat\u00a0-20%, kun ne ostetaan s\u00e4hk\u00f6skootterin kanssa. Alennus otetaan automaattisesti k\u00e4ytt\u00f6\u00f6n, kun lis\u00e4\u00e4t sen ostoskoriin!<\/strong><\/p>\n<p><em><strong>Toimitusaika: 2-7tp<\/p>\n<p><\/strong><\/em><\/p>\n","protected":false},"featured_media":23808,"template":"","meta":[],"product_brand":[],"product_cat":[926],"product_tag":[],"filter_elektritoukeratas":[],"class_list":{"0":"post-41574","1":"product","2":"type-product","3":"status-publish","4":"has-post-thumbnail","6":"product_cat-sahkopotkulaudat-fi","7":"product_shipping_class-keskmine-pakk-fi","8":"pa_aku-mahutavus-wh-374-fi","9":"pa_kaal-kg-18-fi","10":"pa_kandevoime-kg-120-fi","11":"pa_labisoit-arvutuslik-km-25-fi","12":"pa_mootorite-arv-uhe-mootoriga-fi","13":"pa_muuja-platvormil-touksimaailm-exocool-ou-fi","14":"pa_piiramata-tippkiirus-kmh-25-fi","15":"pa_tootetuup-elektritoukeratas-fi","16":"pa_valmistaja-techlife-fi","17":"pa_voimsus-w-500-fi","19":"first","20":"instock","21":"taxable","22":"shipping-taxable","23":"purchasable","24":"product-type-simple"},"yoast_head":"<!-- This site is optimized with the Yoast SEO Premium plugin v26.8 (Yoast SEO v27.3) - https:\/\/yoast.com\/product\/yoast-seo-premium-wordpress\/ -->\n<title>Techlife X5 s\u00e4hk\u00f6potkulauta | V\u00e4ike | V\u00f5imekas | T\u00f5uksimaailm<\/title>\n<meta name=\"description\" content=\"Techlife elektrit\u00f5ukerattad - X5 elektrit\u00f5ukeratas. V\u00e4ga kompaktne ja kerge, 350W mootoriga v\u00e4ike elektriline t\u00f5ukeratas.\" \/>\n<meta name=\"robots\" content=\"index, follow, max-snippet:-1, max-image-preview:large, max-video-preview:-1\" \/>\n<link rel=\"canonical\" href=\"https:\/\/www.xn--tuksimaailm-ffb.ee\/fi\/shop\/techlife-x5-sahkopotkulauta\/\" \/>\n<meta property=\"og:locale\" content=\"fi_FI\" \/>\n<meta property=\"og:type\" content=\"article\" \/>\n<meta property=\"og:title\" content=\"Techlife X5 s\u00e4hk\u00f6potkulauta\" \/>\n<meta property=\"og:description\" content=\"Techlife elektrit\u00f5ukerattad - X5 elektrit\u00f5ukeratas. V\u00e4ga kompaktne ja kerge, 350W mootoriga v\u00e4ike elektriline t\u00f5ukeratas.\" \/>\n<meta property=\"og:url\" content=\"https:\/\/www.xn--tuksimaailm-ffb.ee\/fi\/shop\/techlife-x5-sahkopotkulauta\/\" \/>\n<meta property=\"og:site_name\" content=\"T\u00f5uksimaailm\" \/>\n<meta property=\"article:publisher\" content=\"https:\/\/www.facebook.com\/touksimaailm\/\" \/>\n<meta property=\"article:modified_time\" content=\"2024-11-12T10:19:19+00:00\" \/>\n<meta property=\"og:image\" content=\"https:\/\/www.xn--tuksimaailm-ffb.ee\/wp-content\/uploads\/2021\/12\/x5-2.png\" \/>\n\t<meta property=\"og:image:width\" content=\"825\" \/>\n\t<meta property=\"og:image:height\" content=\"800\" \/>\n\t<meta property=\"og:image:type\" content=\"image\/png\" \/>\n<meta name=\"twitter:card\" content=\"summary_large_image\" \/>\n<meta name=\"twitter:label1\" content=\"Hinta\" \/>\n\t<meta name=\"twitter:data1\" content=\"&euro;647.00\" \/>\n\t<meta name=\"twitter:label2\" content=\"Saatavuus\" \/>\n\t<meta name=\"twitter:data2\" content=\"Varastossa\" \/>\n<meta property=\"product:price:amount\" content=\"647.00\" \/>\n<meta property=\"product:price:currency\" content=\"EUR\" \/>\n<meta property=\"og:availability\" content=\"instock\" \/>\n<meta property=\"product:availability\" content=\"instock\" \/>\n<meta property=\"product:retailer_item_id\" content=\"Techlife_X5\" \/>\n<meta property=\"product:condition\" content=\"new\" \/>\n<!-- \/ Yoast SEO Premium plugin. -->","yoast_head_json":{"title":"Techlife X5 s\u00e4hk\u00f6potkulauta | V\u00e4ike | V\u00f5imekas | T\u00f5uksimaailm","description":"Techlife elektrit\u00f5ukerattad - X5 elektrit\u00f5ukeratas. V\u00e4ga kompaktne ja kerge, 350W mootoriga v\u00e4ike elektriline t\u00f5ukeratas.","robots":{"index":"index","follow":"follow","max-snippet":"max-snippet:-1","max-image-preview":"max-image-preview:large","max-video-preview":"max-video-preview:-1"},"canonical":"https:\/\/www.xn--tuksimaailm-ffb.ee\/fi\/shop\/techlife-x5-sahkopotkulauta\/","og_locale":"fi_FI","og_type":"article","og_title":"Techlife X5 s\u00e4hk\u00f6potkulauta","og_description":"Techlife elektrit\u00f5ukerattad - X5 elektrit\u00f5ukeratas. V\u00e4ga kompaktne ja kerge, 350W mootoriga v\u00e4ike elektriline t\u00f5ukeratas.","og_url":"https:\/\/www.xn--tuksimaailm-ffb.ee\/fi\/shop\/techlife-x5-sahkopotkulauta\/","og_site_name":"T\u00f5uksimaailm","article_publisher":"https:\/\/www.facebook.com\/touksimaailm\/","article_modified_time":"2024-11-12T10:19:19+00:00","og_image":[{"width":825,"height":800,"url":"https:\/\/www.xn--tuksimaailm-ffb.ee\/wp-content\/uploads\/2021\/12\/x5-2.png","type":"image\/png"}],"twitter_card":"summary_large_image","twitter_misc":{"Hinta":"&euro;647.00","Saatavuus":"Varastossa"},"schema":{"@context":"https:\/\/schema.org","@graph":[{"@type":"WebPage","@id":"https:\/\/www.xn--tuksimaailm-ffb.ee\/fi\/shop\/techlife-x5-sahkopotkulauta\/","url":"https:\/\/www.xn--tuksimaailm-ffb.ee\/fi\/shop\/techlife-x5-sahkopotkulauta\/","name":"Techlife X5 s\u00e4hk\u00f6potkulauta | V\u00e4ike | V\u00f5imekas | T\u00f5uksimaailm","isPartOf":{"@id":"https:\/\/www.xn--tuksimaailm-ffb.ee\/fi\/#website"},"primaryImageOfPage":{"@id":"https:\/\/www.xn--tuksimaailm-ffb.ee\/fi\/shop\/techlife-x5-sahkopotkulauta\/#primaryimage"},"image":{"@id":"https:\/\/www.xn--tuksimaailm-ffb.ee\/fi\/shop\/techlife-x5-sahkopotkulauta\/#primaryimage"},"thumbnailUrl":"https:\/\/www.xn--tuksimaailm-ffb.ee\/wp-content\/uploads\/2021\/12\/x5-2.png","datePublished":"2021-12-17T16:18:11+00:00","dateModified":"2024-11-12T10:19:19+00:00","description":"Techlife elektrit\u00f5ukerattad - X5 elektrit\u00f5ukeratas. V\u00e4ga kompaktne ja kerge, 350W mootoriga v\u00e4ike elektriline t\u00f5ukeratas.","breadcrumb":{"@id":"https:\/\/www.xn--tuksimaailm-ffb.ee\/fi\/shop\/techlife-x5-sahkopotkulauta\/#breadcrumb"},"inLanguage":"fi","potentialAction":[{"@type":"ReadAction","target":["https:\/\/www.xn--tuksimaailm-ffb.ee\/fi\/shop\/techlife-x5-sahkopotkulauta\/"]}]},{"@type":"ImageObject","inLanguage":"fi","@id":"https:\/\/www.xn--tuksimaailm-ffb.ee\/fi\/shop\/techlife-x5-sahkopotkulauta\/#primaryimage","url":"https:\/\/www.xn--tuksimaailm-ffb.ee\/wp-content\/uploads\/2021\/12\/x5-2.png","contentUrl":"https:\/\/www.xn--tuksimaailm-ffb.ee\/wp-content\/uploads\/2021\/12\/x5-2.png","width":825,"height":800,"caption":"techlife x5 elektrit\u00f5ukeratas elektriline t\u00f5ukeratas kompaktne elektrit\u00f5ukerattad"},{"@type":"BreadcrumbList","@id":"https:\/\/www.xn--tuksimaailm-ffb.ee\/fi\/shop\/techlife-x5-sahkopotkulauta\/#breadcrumb","itemListElement":[{"@type":"ListItem","position":1,"name":"Home","item":"https:\/\/www.xn--tuksimaailm-ffb.ee\/fi\/kotisivu\/"},{"@type":"ListItem","position":2,"name":"Kauppa","item":"https:\/\/www.xn--tuksimaailm-ffb.ee\/elektritoukerataste-pood\/"},{"@type":"ListItem","position":3,"name":"Techlife X5 s\u00e4hk\u00f6potkulauta"}]},{"@type":"WebSite","@id":"https:\/\/www.xn--tuksimaailm-ffb.ee\/fi\/#website","url":"https:\/\/www.xn--tuksimaailm-ffb.ee\/fi\/","name":"T\u00f5uksimaailm","description":"Elektrit\u00f5ukerataste m\u00fc\u00fck, remont ja rent","publisher":{"@id":"https:\/\/www.xn--tuksimaailm-ffb.ee\/fi\/#organization"},"potentialAction":[{"@type":"SearchAction","target":{"@type":"EntryPoint","urlTemplate":"https:\/\/www.xn--tuksimaailm-ffb.ee\/fi\/?s={search_term_string}"},"query-input":{"@type":"PropertyValueSpecification","valueRequired":true,"valueName":"search_term_string"}}],"inLanguage":"fi"},{"@type":"Organization","@id":"https:\/\/www.xn--tuksimaailm-ffb.ee\/fi\/#organization","name":"T\u00f5uksimaailm","url":"https:\/\/www.xn--tuksimaailm-ffb.ee\/fi\/","logo":{"@type":"ImageObject","inLanguage":"fi","@id":"https:\/\/www.xn--tuksimaailm-ffb.ee\/fi\/#\/schema\/logo\/image\/","url":"https:\/\/www.xn--tuksimaailm-ffb.ee\/wp-content\/uploads\/2020\/01\/logoz-e1579792875517.png","contentUrl":"https:\/\/www.xn--tuksimaailm-ffb.ee\/wp-content\/uploads\/2020\/01\/logoz-e1579792875517.png","width":250,"height":250,"caption":"T\u00f5uksimaailm"},"image":{"@id":"https:\/\/www.xn--tuksimaailm-ffb.ee\/fi\/#\/schema\/logo\/image\/"},"sameAs":["https:\/\/www.facebook.com\/touksimaailm\/","https:\/\/www.instagram.com\/touksimaailm_\/","https:\/\/www.youtube.com\/channel\/UC18ml0EKIDLP1xGuQjFzcXQ"]}]},"product_price_amount":"647.00","product_price_currency":"EUR","og_availability":"instock","product_availability":"instock","product_retailer_item_id":"Techlife_X5","product_condition":"new"},"jetpack_sharing_enabled":true,"_links":{"self":[{"href":"https:\/\/www.xn--tuksimaailm-ffb.ee\/fi\/wp-json\/wp\/v2\/product\/41574","targetHints":{"allow":["GET"]}}],"collection":[{"href":"https:\/\/www.xn--tuksimaailm-ffb.ee\/fi\/wp-json\/wp\/v2\/product"}],"about":[{"href":"https:\/\/www.xn--tuksimaailm-ffb.ee\/fi\/wp-json\/wp\/v2\/types\/product"}],"wp:featuredmedia":[{"embeddable":true,"href":"https:\/\/www.xn--tuksimaailm-ffb.ee\/fi\/wp-json\/wp\/v2\/media\/23808"}],"wp:attachment":[{"href":"https:\/\/www.xn--tuksimaailm-ffb.ee\/fi\/wp-json\/wp\/v2\/media?parent=41574"}],"wp:term":[{"taxonomy":"product_brand","embeddable":true,"href":"https:\/\/www.xn--tuksimaailm-ffb.ee\/fi\/wp-json\/wp\/v2\/product_brand?post=41574"},{"taxonomy":"product_cat","embeddable":true,"href":"https:\/\/www.xn--tuksimaailm-ffb.ee\/fi\/wp-json\/wp\/v2\/product_cat?post=41574"},{"taxonomy":"product_tag","embeddable":true,"href":"https:\/\/www.xn--tuksimaailm-ffb.ee\/fi\/wp-json\/wp\/v2\/product_tag?post=41574"},{"taxonomy":"filter_elektritoukeratas","embeddable":true,"href":"https:\/\/www.xn--tuksimaailm-ffb.ee\/fi\/wp-json\/wp\/v2\/filter_elektritoukeratas?post=41574"}],"curies":[{"name":"wp","href":"https:\/\/api.w.org\/{rel}","templated":true}]}}