{"id":41586,"date":"2021-12-17T13:40:28","date_gmt":"2021-12-17T13:40:28","guid":{"rendered":"http:\/\/www.xn--tuksimaailm-ffb.ee\/shop\/techlife-x6-sahkopotkulauta\/"},"modified":"2024-11-08T14:01:39","modified_gmt":"2024-11-08T11:01:39","slug":"techlife-x6-sahkopotkulauta","status":"publish","type":"product","link":"https:\/\/www.xn--tuksimaailm-ffb.ee\/fi\/shop\/techlife-x6-sahkopotkulauta\/","title":{"rendered":"Techlife X6 s\u00e4hk\u00f6potkulauta"},"content":{"rendered":"<h2 style=\"text-align: center;\">TECHLIFE X6 S\u00c4HK\u00d6PORKULAUTA - TUOTEKUVAUS<\/h2>\n<p>Techlife X6 on ehdottomasti yksi parhaista markkinoilla saatavilla olevista kompakti\/suorituskyky\/hintasuhde -s\u00e4hk\u00f6potkulautoista. Tehokkaan 600 W:n moottorin (800 W:n huipputeho) avulla saavutat jopa 25 km\/h nopeuden. S\u00e4hk\u00f6skootteri on taitettavissa suoraan kannesta ja siin\u00e4 on my\u00f6s taitettavat (ohjaustangon suuntaiset) ohjaustangon kahvat, mik\u00e4 tekee t\u00e4st\u00e4 mallista eritt\u00e4in kompaktin s\u00e4hk\u00f6skootterin. T\u00e4rin\u00e4\u00e4 vaimentavat ilmarenkaat ja tien rei\u00e4t auttavat neutralisoimaan etu- ja takajousen kiinnityksi\u00e4. Kaikki t\u00e4m\u00e4 s\u00e4hk\u00f6potkulaudasta, joka painaa vain 19 kg (sama kuin\u00a0<a href=\"http:\/\/www.xn--tuksimaailm-ffb.ee\/shop\/segway-ninebot-max-g30e-ii-elektritoukeratas\/\"><strong>Ninebot Max<\/strong><\/a> -s\u00e4hk\u00f6potkulaudat) ja maksaa puolet<a href=\"http:\/\/www.xn--tuksimaailm-ffb.ee\/shop\/inokim-ox-hero-elektritoukeratas\/\"><strong> Inokim OX Herost<\/strong><\/a>\u00a0hinnasta samalla nopeudella.<\/p>\n<p>Techlife X6 -s\u00e4hk\u00f6potkulauta koostuu vain valikoiduista osista, jotka ovat l\u00e4p\u00e4isseet useita laadunvalvonnan vaiheita. Laadunvalvonta takaa kaikkien Techlife-s\u00e4hk\u00f6skootterimallien poikkeuksellisen kest\u00e4vyyden. X6-s\u00e4hk\u00f6skootteri on suunniteltu tarjoamaan korkeaa suorituskyky\u00e4, kompaktiutta ja mukavuutta kaupunkiymp\u00e4rist\u00f6ss\u00e4.\u00a0<a href=\"http:\/\/www.xn--tuksimaailm-ffb.ee\/shop\/qs-s4-ekraan-display-elektritoukeratas-gpad-storm\/\"><strong>QS-S4<\/strong><\/a> s\u00e4hk\u00f6skootterin n\u00e4yt\u00f6ss\u00e4 on kontrastiv\u00e4rit ja hyv\u00e4 valovoima, joten n\u00e4ytt\u00f6 on eritt\u00e4in helppolukuinen, toisin kuin sen edelt\u00e4jiss\u00e4, kuten TF-100:ssa. N\u00e4ytt\u00f6 on selv\u00e4sti n\u00e4kyviss\u00e4 my\u00f6s nopeissa ajoissa kes\u00e4isell\u00e4 aurinkoisella s\u00e4\u00e4ll\u00e4.<\/p>\n<h2 style=\"text-align: center;\">TECHLIFE X6 S\u00c4HK\u00d6SKOOTTERI - KAUPUNGIN PARAS<\/h2>\n<p>Techlife X6 -s\u00e4hk\u00f6potkulauta on varustettu etu- ja takajousituksella, jotka tekev\u00e4t t\u00e4st\u00e4 s\u00e4hk\u00f6potkulautasta valtavan mukavan kaupunkiskootterin sen koon ja painon vuoksi. Pienet t\u00e4rin\u00e4t ajon aikana vaimentavat 8 1\/2x2\" (8,5x2,0\") ilmarenkaat, joissa on sis\u00e4kumi. Kaikki Techlife X6 -s\u00e4hk\u00f6skootterit on valmistettu kest\u00e4v\u00e4st\u00e4 alumiinista, ja niiss\u00e4 on my\u00f6s leve\u00e4 ohjaustanko, jossa on mukavat kahvat. S\u00e4hk\u00f6skootterin moottorin maksimiteho on 800W. T\u00e4m\u00e4 on v\u00e4hemm\u00e4n kuin 1000W, joka on Viron liikennelain mukaan suurin sallittu teho s\u00e4hk\u00f6potkulaudalle. N\u00e4in ollen t\u00e4m\u00e4 k\u00e4yt\u00e4nn\u00f6llinen s\u00e4hk\u00f6skootteri on ihanteellinen kulkuneuvo yleisille teille ja kaupunkiymp\u00e4rist\u00f6\u00f6n.<\/p>\n<p>Harjaton, eritt\u00e4in tehokas DC-s\u00e4hk\u00f6moottori takaa hyv\u00e4n kiihtyvyyden my\u00f6s yl\u00e4m\u00e4keen ajettaessa jopa 15 asteen rinteess\u00e4. S\u00e4hk\u00f6potkulauta saavuttaa 25km\/h huippunopeuden ilman suurempia ponnistuksia. Yksityisteill\u00e4 voidaan saavuttaa jopa <strong>25km\/h<\/strong> nopeus muutetun virityksen j\u00e4lkeen. Techlife X6 -s\u00e4hk\u00f6skootteri on suunniteltu enint\u00e4\u00e4n <strong>120kg<\/strong> painaville kuljettajille, mik\u00e4 on my\u00f6s 20kg enemm\u00e4n kuin mit\u00e4 useimmat saman kokoluokan ja k\u00e4yt\u00e4nn\u00f6llisyysluokan s\u00e4hk\u00f6skootterit voivat tarjota.<\/p>\n<h2 style=\"text-align: center;\">TECHLIFE S\u00c4HK\u00d6POTKULAUTA - TEKNINEN KUVAUS<\/h2>\n<p>T\u00e4yteen ladatulla akulla voidaan <strong>ajaa jopa 40km<\/strong> ihanteellisissa olosuhteissa rauhallisessa ECO-ajotilassa riippuen kuljettajan ajotyylist\u00e4, s\u00e4\u00e4olosuhteista, painosta ja pituudesta (tuulenvastusero). Kuten kaikilla muillakin s\u00e4hk\u00f6skoottereilla, realistinen ajokilometrim\u00e4\u00e4r\u00e4 yli 25km\/h nopeudella on todenn\u00e4k\u00f6isesti 20-30km:n luokkaa. Techlife X6 -s\u00e4hk\u00f6skootteri on varustettu korkealaatuisella <strong>48V\/13000mAh (624Wh kapasiteetti)<\/strong> litiumioniakulla. Akun t\u00e4yteen lataaminen 0-100%:sta kest\u00e4\u00e4 <strong>jopa 7 tuntia<\/strong> skootterin pakkauksessa olevalla laturilla.<\/p>\n<p>Techlife X6 -s\u00e4hk\u00f6potkulauta on varustettu my\u00f6s LED-valoilla - edess\u00e4 ja takana. Skootteri on varustettu my\u00f6s sivuille ja ohjausputken eteen asennetuilla LED-nauhoilla. Tien valaisemiseksi kauempaa suositellaan kuitenkin <a href=\"http:\/\/www.xn--tuksimaailm-ffb.ee\/tootesilt\/elektritoukeratta-lisatuled\/\">lis\u00e4valon<\/a> asentamista s\u00e4hk\u00f6skootterin ohjaustankoon. S\u00e4hk\u00f6skootterit ovat nopeita s\u00e4hk\u00f6valopy\u00f6ri\u00e4, ja suosittelemme l\u00e4mpim\u00e4sti <a href=\"http:\/\/www.xn--tuksimaailm-ffb.ee\/shop\/elektrilise-toukeratta-kiiver-led-tagatulega-smart-4u\/\">kyp\u00e4r\u00e4n<\/a> k\u00e4ytt\u00f6\u00e4 niill\u00e4 ajettaessa. Alle 16-vuotiaan kuljettajan on <a href=\"https:\/\/www.riigiteataja.ee\/akt\/113112020001\">lain<\/a> mukaan k\u00e4ytett\u00e4v\u00e4 kyp\u00e4r\u00e4\u00e4 s\u00e4hk\u00f6skootterilla ajaessaan. Kaikki muut Techlife-s\u00e4hk\u00f6skootterit l\u00f6yd\u00e4t <a href=\"http:\/\/www.xn--tuksimaailm-ffb.ee\/tootekategooria\/elektritoukeratas\/\">t\u00e4\u00e4lt\u00e4<\/a>.<\/p>\n<p><strong style=\"box-sizing: inherit; margin: 0px; padding: 0px; border: 0px; font-variant-numeric: inherit; font-variant-east-asian: inherit; font-stretch: inherit; font-size: 17px; line-height: inherit;\">Techlife X6 -s\u00e4hk\u00f6potkulauta on Viron liikennelain mukainen kevyt skootteri, jonka valmistajan teho on 800W ja valmistajan nopeus 25km\/h. HUOMAA: Jos k\u00e4ytt\u00e4j\u00e4 on itsen\u00e4isesti muuttanut s\u00e4hk\u00f6skootteria nopeammaksi tai tehokkaammaksi kuin edell\u00e4 mainitut parametrit, T\u00f5uksimaailm ei ole vastuussa lain rikkomisesta aiheutuvista sakoista, s\u00e4hk\u00f6skootterin takavarikoimisesta poliisin toimesta tai mist\u00e4\u00e4n muustakaan t\u00e4llaisten rikkomusten aiheuttamasta vahingosta.<\/strong><\/p>\n<table class=\"tg\" style=\"border-collapse: collapse; max-width: 600px; border-spacing: 0; margin: 0px auto;\">\n<tbody>\n<tr>\n<td style=\"background-color: #e4e1e1; color: #333333; font-family: inherit; font-size: 14px; font-weight: bold; overflow: hidden; padding: 5px 5px; text-align: center; vertical-align: top; word-break: normal; border: 1px solid;\" colspan=\"2\">Tekniset tiedot<\/td>\n<\/tr>\n<tr>\n<td style=\"background-color: #e4e1e1; color: #333333; font-family: inherit; font-size: 14px; font-weight: bold; overflow: hidden; padding: 5px 5px; text-align: right; vertical-align: top; word-break: normal; border: 1px solid;\">Malli<\/td>\n<td style=\"font-family: inherit; font-size: 14px; overflow: hidden; padding: 5px 5px; text-align: center; vertical-align: top; word-break: normal; border: 1px solid;\">Techlife X6<\/td>\n<\/tr>\n<tr>\n<td style=\"background-color: #e4e1e1; color: #333333; font-family: inherit; font-size: 14px; font-weight: bold; overflow: hidden; padding: 5px 5px; text-align: right; vertical-align: top; word-break: normal; border: 1px solid;\">Paino<\/td>\n<td style=\"font-family: inherit; font-size: 14px; overflow: hidden; padding: 5px 5px; text-align: center; vertical-align: top; word-break: normal; border: 1px solid;\">19kg<\/td>\n<\/tr>\n<tr>\n<td style=\"background-color: #e4e1e1; color: #333333; font-family: inherit; font-size: 14px; font-weight: bold; overflow: hidden; padding: 5px 5px; text-align: right; vertical-align: top; word-break: normal; border: 1px solid;\">Teho<\/td>\n<td style=\"font-family: inherit; font-size: 14px; overflow: hidden; padding: 5px 5px; text-align: center; vertical-align: top; word-break: normal; border: 1px solid;\">600W (nominaali); 800W (huipputeho)<\/td>\n<\/tr>\n<tr>\n<td style=\"background-color: #e4e1e1; color: #333333; font-family: inherit; font-size: 14px; font-weight: bold; overflow: hidden; padding: 5px 5px; text-align: right; vertical-align: top; word-break: normal; border: 1px solid;\">Muutettu nopeus virityksen j\u00e4lkeen<\/td>\n<td style=\"font-family: inherit; font-size: 14px; overflow: hidden; padding: 5px 5px; text-align: center; vertical-align: top; word-break: normal; border: 1px solid;\">25km\/h<\/td>\n<\/tr>\n<tr>\n<td style=\"background-color: #e4e1e1; color: #333333; font-family: inherit; font-size: 14px; font-weight: bold; overflow: hidden; padding: 5px 5px; text-align: right; vertical-align: top; word-break: normal; border: 1px solid;\">Tuotaja m\u00e4\u00e4sritely nopeus<\/td>\n<td style=\"font-family: inherit; font-size: 14px; overflow: hidden; padding: 5px 5px; text-align: center; vertical-align: top; word-break: normal; border: 1px solid;\">25km\/h<\/td>\n<\/tr>\n<tr>\n<td style=\"background-color: #e4e1e1; color: #333333; font-family: inherit; font-size: 14px; font-weight: bold; overflow: hidden; padding: 5px 5px; text-align: right; vertical-align: top; word-break: normal; border: 1px solid;\">Et\u00e4isyys yhdell\u00e4 latauksella (valmistajan ilmoittama) Et\u00e4isyys yhdell\u00e4 latauksella arvoitu<\/td>\n<td style=\"font-family: inherit; font-size: 14px; overflow: hidden; padding: 5px 5px; text-align: center; vertical-align: top; word-break: normal; border: 1px solid;\">jopa 40km 42km (25km\/h, 70kg kuljettaja, 15Wh\/km)<\/td>\n<\/tr>\n<tr>\n<td style=\"background-color: #e4e1e1; color: #333333; font-family: inherit; font-size: 14px; font-weight: bold; overflow: hidden; padding: 5px 5px; text-align: right; vertical-align: top; word-break: normal; border: 1px solid;\">Akku<\/td>\n<td style=\"font-family: inherit; font-size: 14px; overflow: hidden; padding: 5px 5px; text-align: center; vertical-align: top; word-break: normal; border: 1px solid;\">48V\/13Ah\/624Wh Li-Ion<\/td>\n<\/tr>\n<tr>\n<td style=\"background-color: #e4e1e1; color: #333333; font-family: inherit; font-size: 14px; font-weight: bold; overflow: hidden; padding: 5px 5px; text-align: right; vertical-align: top; word-break: normal; border: 1px solid;\">Latausaika<\/td>\n<td style=\"font-family: inherit; font-size: 14px; overflow: hidden; padding: 5px 5px; text-align: center; vertical-align: top; word-break: normal; border: 1px solid;\">7 tuntia<\/td>\n<\/tr>\n<tr>\n<td style=\"background-color: #e4e1e1; color: #333333; font-family: inherit; font-size: 14px; font-weight: bold; overflow: hidden; padding: 5px 5px; text-align: right; vertical-align: top; word-break: normal; border: 1px solid;\">Painorajoitus<\/td>\n<td style=\"font-family: inherit; font-size: 14px; overflow: hidden; padding: 5px 5px; text-align: center; vertical-align: top; word-break: normal; border: 1px solid;\">120kg<\/td>\n<\/tr>\n<tr>\n<td style=\"background-color: #e4e1e1; color: #333333; font-family: inherit; font-size: 14px; font-weight: bold; overflow: hidden; padding: 5px 5px; text-align: right; vertical-align: top; word-break: normal; border: 1px solid;\">Jarrut<\/td>\n<td style=\"font-family: inherit; font-size: 14px; overflow: hidden; padding: 5px 5px; text-align: center; vertical-align: top; word-break: normal; border: 1px solid;\">Mekaaninen levyjarru edess\u00e4, rumpujarru takana<\/td>\n<\/tr>\n<tr>\n<td style=\"background-color: #e4e1e1; color: #333333; font-family: inherit; font-size: 14px; font-weight: bold; overflow: hidden; padding: 5px 5px; text-align: right; vertical-align: top; word-break: normal; border: 1px solid;\">Renkaat<\/td>\n<td style=\"font-family: inherit; font-size: 14px; overflow: hidden; padding: 5px 5px; text-align: center; vertical-align: top; word-break: normal; border: 1px solid;\">8 1\/2\u00d72\u2033 (8.5\u00d72) sis\u00e4kumilla ilmarenkaat<\/td>\n<\/tr>\n<tr>\n<td style=\"background-color: #e4e1e1; color: #333333; font-family: inherit; font-size: 14px; font-weight: bold; overflow: hidden; padding: 5px 5px; text-align: right; vertical-align: top; word-break: normal; border: 1px solid;\">Tien enim\u00e4iskaltevuus<\/td>\n<td style=\"font-family: inherit; font-size: 14px; overflow: hidden; padding: 5px 5px; text-align: center; vertical-align: top; word-break: normal; border: 1px solid;\">15%<\/td>\n<\/tr>\n<\/tbody>\n<\/table>\n","protected":false},"excerpt":{"rendered":"<p><a href=\"http:\/\/www.xn--tuksimaailm-ffb.ee\/kontakt\/\"><strong>L\u00f6ysitk\u00f6 paremman hinnan? Kirjoita meille, niin teemme sinulle paremman tarjouksen!<\/strong><\/a><\/p>\n<p><strong>Kaikki <a href=\"http:\/\/www.xn--tuksimaailm-ffb.ee\/tootekategooria\/lisavarustus\/\">lis\u00e4varusteet<\/a> ja <a href=\"https:\/\/www.xn\u2014tuksimaailm-ffb.ee\/tootekategooria\/elektritoukeratta-varuosad\/\">varaosat<\/a> ovat -20%, kun ne ostetaan s\u00e4hk\u00f6skootterin kanssa. Alennus otetaan automaattisesti k\u00e4ytt\u00f6\u00f6n, kun lis\u00e4\u00e4t sen ostoskoriin!<\/strong><\/p>\n<p><em><strong>Toimitusaika: 2-9tp<\/p>\n<p><\/strong><\/em><\/p>\n","protected":false},"featured_media":24020,"template":"","meta":[],"product_brand":[],"product_cat":[926],"product_tag":[],"filter_elektritoukeratas":[],"class_list":{"0":"post-41586","1":"product","2":"type-product","3":"status-publish","4":"has-post-thumbnail","6":"product_cat-sahkopotkulaudat-fi","7":"product_shipping_class-keskmine-pakk-fi","8":"pa_aku-mahutavus-wh-624-fi","9":"pa_kaal-kg-19-fi","10":"pa_kandevoime-kg-120-fi","11":"pa_labisoit-arvutuslik-km-42-fi","12":"pa_mootorite-arv-uhe-mootoriga-fi","13":"pa_muuja-platvormil-touksimaailm-exocool-ou-fi","14":"pa_piiramata-tippkiirus-kmh-25-fi","15":"pa_tootetuup-elektritoukeratas-fi","16":"pa_valmistaja-techlife-fi","17":"pa_voimsus-w-800-fi","19":"first","20":"instock","21":"taxable","22":"shipping-taxable","23":"purchasable","24":"product-type-simple"},"yoast_head":"<!-- This site is optimized with the Yoast SEO Premium plugin v26.8 (Yoast SEO v27.5) - https:\/\/yoast.com\/product\/yoast-seo-premium-wordpress\/ -->\n<title>Techlife X6 s\u00e4hk\u00f6potkulauta | Kompaktne | Kiire | T\u00f5uksimaailm<\/title>\n<meta name=\"description\" content=\"Techlife elektrilised t\u00f5ukerattad - X6 elektrit\u00f5ukeratas. V\u00e4ga kompaktne, v\u00f5imsa 800W mootoriga kiire elektriline t\u00f5ukeratas.\" \/>\n<meta name=\"robots\" content=\"index, follow, max-snippet:-1, max-image-preview:large, max-video-preview:-1\" \/>\n<link rel=\"canonical\" href=\"https:\/\/www.xn--tuksimaailm-ffb.ee\/fi\/shop\/techlife-x6-sahkopotkulauta\/\" \/>\n<meta property=\"og:locale\" content=\"fi_FI\" \/>\n<meta property=\"og:type\" content=\"article\" \/>\n<meta property=\"og:title\" content=\"Techlife X6 s\u00e4hk\u00f6potkulauta\" \/>\n<meta property=\"og:description\" content=\"Techlife elektrilised t\u00f5ukerattad - X6 elektrit\u00f5ukeratas. V\u00e4ga kompaktne, v\u00f5imsa 800W mootoriga kiire elektriline t\u00f5ukeratas.\" \/>\n<meta property=\"og:url\" content=\"https:\/\/www.xn--tuksimaailm-ffb.ee\/fi\/shop\/techlife-x6-sahkopotkulauta\/\" \/>\n<meta property=\"og:site_name\" content=\"T\u00f5uksimaailm\" \/>\n<meta property=\"article:publisher\" content=\"https:\/\/www.facebook.com\/touksimaailm\/\" \/>\n<meta property=\"article:modified_time\" content=\"2024-11-08T11:01:39+00:00\" \/>\n<meta property=\"og:image\" content=\"https:\/\/www.xn--tuksimaailm-ffb.ee\/wp-content\/uploads\/2021\/12\/x6-16.jpg\" \/>\n\t<meta property=\"og:image:width\" content=\"719\" \/>\n\t<meta property=\"og:image:height\" content=\"746\" \/>\n\t<meta property=\"og:image:type\" content=\"image\/jpeg\" \/>\n<meta name=\"twitter:card\" content=\"summary_large_image\" \/>\n<meta name=\"twitter:label1\" content=\"Hinta\" \/>\n\t<meta name=\"twitter:data1\" content=\"&euro;894.00\" \/>\n\t<meta name=\"twitter:label2\" content=\"Saatavuus\" \/>\n\t<meta name=\"twitter:data2\" content=\"Varastossa\" \/>\n<meta property=\"product:price:amount\" content=\"894.00\" \/>\n<meta property=\"product:price:currency\" content=\"EUR\" \/>\n<meta property=\"og:availability\" content=\"instock\" \/>\n<meta property=\"product:availability\" content=\"instock\" \/>\n<meta property=\"product:retailer_item_id\" content=\"Techlife_X6\" \/>\n<meta property=\"product:condition\" content=\"new\" \/>\n<!-- \/ Yoast SEO Premium plugin. -->","yoast_head_json":{"title":"Techlife X6 s\u00e4hk\u00f6potkulauta | Kompaktne | Kiire | T\u00f5uksimaailm","description":"Techlife elektrilised t\u00f5ukerattad - X6 elektrit\u00f5ukeratas. V\u00e4ga kompaktne, v\u00f5imsa 800W mootoriga kiire elektriline t\u00f5ukeratas.","robots":{"index":"index","follow":"follow","max-snippet":"max-snippet:-1","max-image-preview":"max-image-preview:large","max-video-preview":"max-video-preview:-1"},"canonical":"https:\/\/www.xn--tuksimaailm-ffb.ee\/fi\/shop\/techlife-x6-sahkopotkulauta\/","og_locale":"fi_FI","og_type":"article","og_title":"Techlife X6 s\u00e4hk\u00f6potkulauta","og_description":"Techlife elektrilised t\u00f5ukerattad - X6 elektrit\u00f5ukeratas. V\u00e4ga kompaktne, v\u00f5imsa 800W mootoriga kiire elektriline t\u00f5ukeratas.","og_url":"https:\/\/www.xn--tuksimaailm-ffb.ee\/fi\/shop\/techlife-x6-sahkopotkulauta\/","og_site_name":"T\u00f5uksimaailm","article_publisher":"https:\/\/www.facebook.com\/touksimaailm\/","article_modified_time":"2024-11-08T11:01:39+00:00","og_image":[{"width":719,"height":746,"url":"https:\/\/www.xn--tuksimaailm-ffb.ee\/wp-content\/uploads\/2021\/12\/x6-16.jpg","type":"image\/jpeg"}],"twitter_card":"summary_large_image","twitter_misc":{"Hinta":"&euro;894.00","Saatavuus":"Varastossa"},"schema":{"@context":"https:\/\/schema.org","@graph":[{"@type":"WebPage","@id":"https:\/\/www.xn--tuksimaailm-ffb.ee\/fi\/shop\/techlife-x6-sahkopotkulauta\/","url":"https:\/\/www.xn--tuksimaailm-ffb.ee\/fi\/shop\/techlife-x6-sahkopotkulauta\/","name":"Techlife X6 s\u00e4hk\u00f6potkulauta | Kompaktne | Kiire | T\u00f5uksimaailm","isPartOf":{"@id":"https:\/\/www.xn--tuksimaailm-ffb.ee\/fi\/#website"},"primaryImageOfPage":{"@id":"https:\/\/www.xn--tuksimaailm-ffb.ee\/fi\/shop\/techlife-x6-sahkopotkulauta\/#primaryimage"},"image":{"@id":"https:\/\/www.xn--tuksimaailm-ffb.ee\/fi\/shop\/techlife-x6-sahkopotkulauta\/#primaryimage"},"thumbnailUrl":"https:\/\/www.xn--tuksimaailm-ffb.ee\/wp-content\/uploads\/2021\/12\/x6-16.jpg","datePublished":"2021-12-17T13:40:28+00:00","dateModified":"2024-11-08T11:01:39+00:00","description":"Techlife elektrilised t\u00f5ukerattad - X6 elektrit\u00f5ukeratas. V\u00e4ga kompaktne, v\u00f5imsa 800W mootoriga kiire elektriline t\u00f5ukeratas.","breadcrumb":{"@id":"https:\/\/www.xn--tuksimaailm-ffb.ee\/fi\/shop\/techlife-x6-sahkopotkulauta\/#breadcrumb"},"inLanguage":"fi","potentialAction":[{"@type":"ReadAction","target":["https:\/\/www.xn--tuksimaailm-ffb.ee\/fi\/shop\/techlife-x6-sahkopotkulauta\/"]}]},{"@type":"ImageObject","inLanguage":"fi","@id":"https:\/\/www.xn--tuksimaailm-ffb.ee\/fi\/shop\/techlife-x6-sahkopotkulauta\/#primaryimage","url":"https:\/\/www.xn--tuksimaailm-ffb.ee\/wp-content\/uploads\/2021\/12\/x6-16.jpg","contentUrl":"https:\/\/www.xn--tuksimaailm-ffb.ee\/wp-content\/uploads\/2021\/12\/x6-16.jpg","width":719,"height":746,"caption":"techlife x6 elektrit\u00f5ukeratas elektriline t\u00f5ukeratas elektrit\u00f5ukerattad"},{"@type":"BreadcrumbList","@id":"https:\/\/www.xn--tuksimaailm-ffb.ee\/fi\/shop\/techlife-x6-sahkopotkulauta\/#breadcrumb","itemListElement":[{"@type":"ListItem","position":1,"name":"Home","item":"https:\/\/www.xn--tuksimaailm-ffb.ee\/fi\/kotisivu\/"},{"@type":"ListItem","position":2,"name":"Kauppa","item":"https:\/\/www.xn--tuksimaailm-ffb.ee\/elektritoukerataste-pood\/"},{"@type":"ListItem","position":3,"name":"Techlife X6 s\u00e4hk\u00f6potkulauta"}]},{"@type":"WebSite","@id":"https:\/\/www.xn--tuksimaailm-ffb.ee\/fi\/#website","url":"https:\/\/www.xn--tuksimaailm-ffb.ee\/fi\/","name":"T\u00f5uksimaailm","description":"Elektrit\u00f5ukerataste m\u00fc\u00fck, remont ja rent","publisher":{"@id":"https:\/\/www.xn--tuksimaailm-ffb.ee\/fi\/#organization"},"potentialAction":[{"@type":"SearchAction","target":{"@type":"EntryPoint","urlTemplate":"https:\/\/www.xn--tuksimaailm-ffb.ee\/fi\/?s={search_term_string}"},"query-input":{"@type":"PropertyValueSpecification","valueRequired":true,"valueName":"search_term_string"}}],"inLanguage":"fi"},{"@type":"Organization","@id":"https:\/\/www.xn--tuksimaailm-ffb.ee\/fi\/#organization","name":"T\u00f5uksimaailm","url":"https:\/\/www.xn--tuksimaailm-ffb.ee\/fi\/","logo":{"@type":"ImageObject","inLanguage":"fi","@id":"https:\/\/www.xn--tuksimaailm-ffb.ee\/fi\/#\/schema\/logo\/image\/","url":"https:\/\/www.xn--tuksimaailm-ffb.ee\/wp-content\/uploads\/2020\/01\/logoz-e1579792875517.png","contentUrl":"https:\/\/www.xn--tuksimaailm-ffb.ee\/wp-content\/uploads\/2020\/01\/logoz-e1579792875517.png","width":250,"height":250,"caption":"T\u00f5uksimaailm"},"image":{"@id":"https:\/\/www.xn--tuksimaailm-ffb.ee\/fi\/#\/schema\/logo\/image\/"},"sameAs":["https:\/\/www.facebook.com\/touksimaailm\/","https:\/\/www.instagram.com\/touksimaailm_\/","https:\/\/www.youtube.com\/channel\/UC18ml0EKIDLP1xGuQjFzcXQ"]}]},"product_price_amount":"894.00","product_price_currency":"EUR","og_availability":"instock","product_availability":"instock","product_retailer_item_id":"Techlife_X6","product_condition":"new"},"jetpack_sharing_enabled":true,"_links":{"self":[{"href":"https:\/\/www.xn--tuksimaailm-ffb.ee\/fi\/wp-json\/wp\/v2\/product\/41586","targetHints":{"allow":["GET"]}}],"collection":[{"href":"https:\/\/www.xn--tuksimaailm-ffb.ee\/fi\/wp-json\/wp\/v2\/product"}],"about":[{"href":"https:\/\/www.xn--tuksimaailm-ffb.ee\/fi\/wp-json\/wp\/v2\/types\/product"}],"wp:featuredmedia":[{"embeddable":true,"href":"https:\/\/www.xn--tuksimaailm-ffb.ee\/fi\/wp-json\/wp\/v2\/media\/24020"}],"wp:attachment":[{"href":"https:\/\/www.xn--tuksimaailm-ffb.ee\/fi\/wp-json\/wp\/v2\/media?parent=41586"}],"wp:term":[{"taxonomy":"product_brand","embeddable":true,"href":"https:\/\/www.xn--tuksimaailm-ffb.ee\/fi\/wp-json\/wp\/v2\/product_brand?post=41586"},{"taxonomy":"product_cat","embeddable":true,"href":"https:\/\/www.xn--tuksimaailm-ffb.ee\/fi\/wp-json\/wp\/v2\/product_cat?post=41586"},{"taxonomy":"product_tag","embeddable":true,"href":"https:\/\/www.xn--tuksimaailm-ffb.ee\/fi\/wp-json\/wp\/v2\/product_tag?post=41586"},{"taxonomy":"filter_elektritoukeratas","embeddable":true,"href":"https:\/\/www.xn--tuksimaailm-ffb.ee\/fi\/wp-json\/wp\/v2\/filter_elektritoukeratas?post=41586"}],"curies":[{"name":"wp","href":"https:\/\/api.w.org\/{rel}","templated":true}]}}