{"id":41587,"date":"2021-12-16T20:51:27","date_gmt":"2021-12-16T20:51:27","guid":{"rendered":"http:\/\/www.xn--tuksimaailm-ffb.ee\/shop\/techlife-x8-sahkopotkulauta\/"},"modified":"2024-11-08T14:03:41","modified_gmt":"2024-11-08T11:03:41","slug":"techlife-x8-sahkopotkulauta","status":"publish","type":"product","link":"https:\/\/www.xn--tuksimaailm-ffb.ee\/fi\/shop\/techlife-x8-sahkopotkulauta\/","title":{"rendered":"Techlife X8 s\u00e4hk\u00f6potkulauta"},"content":{"rendered":"<h2 style=\"text-align: center;\">TECHLIFE X8 S\u00c4HK\u00d6POTKULAUTA - TUOTEKUVAUS<\/h2>\n<p>Techlife X8 -s\u00e4hk\u00f6potkulauta on suositun <a href=\"http:\/\/www.xn--tuksimaailm-ffb.ee\/shop\/techlife-x7-elektritoukeratas\/\">Techlife X7<\/a>\u00a0-s\u00e4hk\u00f6potkulautan seuraaja. Yleisten ominaisuuksien (akku ja moottorit) osalta X8-s\u00e4hk\u00f6skootteri on melko samanlainen kuin X7, mutta sek\u00e4 ulkon\u00e4k\u00f6\u00f6n ett\u00e4 ominaisuuksiin on varmasti tehty suuria parannuksia. Yksi suurimmista parannuksista on<strong> hydrauliset Zoom-levyjarrut<\/strong> Techlife X8:ssa, mik\u00e4 on jo yksin\u00e4\u00e4n ehdottomasti 100 euron hintapreemion arvoinen (verrattuna X7:\u00e4\u00e4n). Hydrauliset jarrut ovat paljon herkemmin reagoivat, tehokkaammat ja my\u00f6s kuluttavat molemmat jarrupalat samalla nopeudella.<\/p>\n<p>Techlife-s\u00e4hk\u00f6potkulaudat on valmistettu vain korkealaatuisista ja valvotuista komponenteista. Hyv\u00e4 laadunvalvonta takaa, ett\u00e4 kaikki Techlife-s\u00e4hk\u00f6skootterit ovat eritt\u00e4in kest\u00e4vi\u00e4. Hydraulijarrujen lis\u00e4ksi Techlife X8 -s\u00e4hk\u00f6potkulauta on varustettu vakavasti otettavilla tehokkailla ja t\u00e4ysin roiskevedenpit\u00e4vill\u00e4 lokasuojilla. En\u00e4\u00e4 sinun ei tarvitse siet\u00e4\u00e4 p\u00f6lyisi\u00e4 selki\u00e4 ja housuja ajaessasi sateisella s\u00e4\u00e4ll\u00e4 tai m\u00e4r\u00e4ll\u00e4 asfaltilla.<\/p>\n<p>My\u00f6s kompaktius on parantunut huomattavasti. X8-s\u00e4hk\u00f6skootteri on varustettu kokoontaitettavalla linssill\u00e4. Linssin voi taittaa keskelle, mik\u00e4 auttaa est\u00e4m\u00e4\u00e4n kaikenlaista l\u00f6ystymist\u00e4 ja materiaalin v\u00e4symist\u00e4 my\u00f6s pitk\u00e4aikaisen k\u00e4yt\u00f6n aikana. Techlife X8 -s\u00e4hk\u00f6potkulauta voidaan nyt my\u00f6s lukita yhteen linssiputken yl\u00e4osassa olevalla klipsill\u00e4, mik\u00e4 tekee kuljetuksesta paljon k\u00e4tev\u00e4mp\u00e4\u00e4. Mukavamman ajoasennon takaamiseksi jalkatuen taakse on asennettu seisomalevy, jossa on hieman kalteva pinta, mik\u00e4 on erityisen hy\u00f6dyllinen tuki kiihdytett\u00e4ess\u00e4. <img decoding=\"async\" class=\"wp-image-6605 aligncenter\" src=\"https:\/\/www.xn--tuksimaailm-ffb.ee\/wp-content\/uploads\/2021\/12\/Techlife-x8-7-300x141.png\" alt=\"techlife x8 elektrit\u00f5ukeratas elektriline t\u00f5ukeratas\" width=\"789\" height=\"371\" srcset=\"https:\/\/www.xn--tuksimaailm-ffb.ee\/wp-content\/uploads\/2021\/12\/Techlife-x8-7-300x141.png 300w, https:\/\/www.xn--tuksimaailm-ffb.ee\/wp-content\/uploads\/2021\/12\/Techlife-x8-7-611x287.png 611w, https:\/\/www.xn--tuksimaailm-ffb.ee\/wp-content\/uploads\/2021\/12\/Techlife-x8-7-600x282.png 600w, https:\/\/www.xn--tuksimaailm-ffb.ee\/wp-content\/uploads\/2021\/12\/Techlife-x8-7.png 704w\" sizes=\"(max-width: 789px) 100vw, 789px\" \/><\/p>\n<h2 style=\"text-align: center;\">TECHLIFE X8 S\u00c4HK\u00d6POTKULAUTA - AJO-OMINAISUUDET<\/h2>\n<p>Techlife X8 -s\u00e4hk\u00f6potkulauta on varustettu etu- ja takajousituksella, joka takaa parhaan ajomukavuuden kaupungissa ja maastossa. Mukavuutta parantavat entisest\u00e4\u00e4n suuret 10x2,50\" ilmarenkaat, joissa on sis\u00e4renkaat, jotka vaimentavat v\u00e4hemm\u00e4n tien t\u00e4rin\u00e4\u00e4. Techlife X8 -s\u00e4hk\u00f6skootterin runko on valmistettu kest\u00e4v\u00e4st\u00e4 alumiinista, ja skootterissa on my\u00f6s leve\u00e4 ja korkea ohjaustanko, jossa on mukavat kahvat.<\/p>\n<p>S\u00e4hk\u00f6potkulaudan kansi on p\u00e4\u00e4llystetty liukastumista est\u00e4vill\u00e4 nauhoilla (griptape) parhaan mahdollisen turvallisuuden takaamiseksi my\u00f6s sateisella s\u00e4\u00e4ll\u00e4 ajettaessa. S\u00e4hk\u00f6skootterin moottoreiden kokonaisteho on jopa 1000W. Kaksi BLDC DC -s\u00e4hk\u00f6moottoria takaavat kiipe\u00e4misen m\u00e4iss\u00e4, joiden kaltevuus on jopa 27 astetta. S\u00e4hk\u00f6potkulauta saavuttaa valmistajan ilmoittaman <strong>25km\/h<\/strong> nopeuden sekunnissa. Techlife X8:n runko on suunniteltu enint\u00e4\u00e4n <strong>130kg<\/strong> painaville ajajille.<\/p>\n<h2 style=\"text-align: center;\">TECHLIFE S\u00c4HK\u00d6POTKULAUTA - TEKNINEN KUVAUS<\/h2>\n<p>T\u00e4yteen ladatulla akulla voit ajaa <strong>jopa 60km<\/strong> ECO-tilassa ihanteellisissa olosuhteissa ajotyylist\u00e4, s\u00e4\u00e4st\u00e4, kuljettajan painosta ja pituudesta (tuulen vastus) riippuen. Kuten kaikilla muillakin s\u00e4hk\u00f6skoottereilla, realistinen ajokilometri urheilutilassa ja yli 25km\/h nopeudella on 35-45km v\u00e4lill\u00e4. Varkaudenesto on my\u00f6s eritt\u00e4in hyv\u00e4 Techlife X8 -s\u00e4hk\u00f6skootterissa. S\u00e4hk\u00f6skootteri on varustettu avaimella toimivalla lukolla, joka kytkee virran p\u00e4\u00e4lle tai pois p\u00e4\u00e4lt\u00e4 k\u00e4\u00e4nt\u00e4m\u00e4ll\u00e4 avainta s\u00e4hk\u00f6skootterin n\u00e4yt\u00f6ss\u00e4 ja lukitsee tarvittaessa kaikki toiminnot. T\u00e4m\u00e4 tarkoittaa, ett\u00e4 varkaan on mahdotonta ajaa s\u00e4hk\u00f6potkulauta pois hetke\u00e4k\u00e4\u00e4n vartioimatta.<\/p>\n<h2 style=\"text-align: center;\">Tekninen kuvaus<\/h2>\n<p>X8-s\u00e4hk\u00f6potkulautassa on suuri 52V\/18000mAh (936Wh kapasiteetti) Li-Ion-akku, joka on valmistettu korkealaatuisista LG:n akkumoduuleista. T\u00e4m\u00e4n akun t\u00e4yteen lataaminen kest\u00e4\u00e4 jopa 12 tuntia s\u00e4hk\u00f6potkulaitteen mukana tulevalla laturilla, mutta t\u00e4t\u00e4 aikaa voidaan lyhent\u00e4\u00e4 k\u00e4ytt\u00e4m\u00e4ll\u00e4 lis\u00e4laturia, joka lyhent\u00e4\u00e4 latausajan 6 tuntiin. Turvallisen ajon varmistamiseksi Techlife X8:ssa on etu- ja takavalot, jotka on suunniteltu valaisemaan tienpintaa. Kuten edelt\u00e4j\u00e4ns\u00e4 (<a href=\"http:\/\/www.xn--tuksimaailm-ffb.ee\/shop\/techlife-x7s-elektriline-toukeratas\/\">Techlife X7S<\/a>) kohdalla, skootterin ohjaustankoon on asennettava <a href=\"http:\/\/www.xn--tuksimaailm-ffb.ee\/tootesilt\/elektritoukeratta-lisatuled\/\">lis\u00e4valo<\/a> , jotta tie valaistaan kauempaa. X8:n kaltaisella nopealla s\u00e4hk\u00f6potkulautalla ajettaessa on suositeltavaa k\u00e4ytt\u00e4\u00e4 <a href=\"http:\/\/www.xn--tuksimaailm-ffb.ee\/shop\/elektrilise-toukeratta-kiiver-led-tagatulega-smart-4u\/\">kyp\u00e4r\u00e4\u00e4<\/a> ja mahdollisuuksien mukaan vaatteita, joissa on polvi- ja liukuesteet. Kaikkien alle 16-vuotiaiden kevytpy\u00f6r\u00e4ilij\u00f6iden on <a href=\"https:\/\/www.riigiteataja.ee\/akt\/113112020001\">lain<\/a> mukaan pakko k\u00e4ytt\u00e4\u00e4 kyp\u00e4r\u00e4\u00e4 s\u00e4hk\u00f6skootterilla ajettaessa. Kaikki Techlife-s\u00e4hk\u00f6skootterit l\u00f6yd\u00e4t <a href=\"http:\/\/www.xn--tuksimaailm-ffb.ee\/tootekategooria\/elektritoukeratas\/\">t\u00e4\u00e4lt\u00e4<\/a>.<\/p>\n<p><strong style=\"box-sizing: inherit; margin: 0px; padding: 0px; border: 0px; font-variant-numeric: inherit; font-variant-east-asian: inherit; font-stretch: inherit; font-size: 17px; line-height: inherit;\">Techlife X8 -s\u00e4hk\u00f6potkulauta on Viron tieliikennelain mukainen kevyt skootteri, jonka valmistajan teho on 1000W ja valmistajan nopeus 25km\/h. HUOM: Jos k\u00e4ytt\u00e4j\u00e4 on itsen\u00e4isesti muuttanut s\u00e4hk\u00f6skootteria nopeammaksi tai tehokkaammaksi kuin edell\u00e4 mainitut parametrit, T\u00f5uksimaailm ei ole vastuussa lain rikkomisesta aiheutuvista sakoista, poliisin takavarikoimasta s\u00e4hk\u00f6skootterista tai mist\u00e4\u00e4n muustakaan rikkomisesta aiheutuneesta vahingosta.<\/strong><\/p>\n<table class=\"tg\" style=\"border-collapse: collapse; max-width: 600px; border-spacing: 0; margin: 0px auto;\">\n<tbody>\n<tr>\n<td style=\"background-color: #e4e1e1; color: #333333; font-family: inherit; font-size: 14px; font-weight: bold; overflow: hidden; padding: 5px 5px; text-align: center; vertical-align: top; word-break: normal; border: 1px solid;\" colspan=\"2\">Tekniset tiedot<\/td>\n<\/tr>\n<tr>\n<td style=\"background-color: #e4e1e1; color: #333333; font-family: inherit; font-size: 14px; font-weight: bold; overflow: hidden; padding: 5px 5px; text-align: right; vertical-align: top; word-break: normal; border: 1px solid;\">Malli<\/td>\n<td style=\"font-family: inherit; font-size: 14px; overflow: hidden; padding: 5px 5px; text-align: center; vertical-align: top; word-break: normal; border: 1px solid;\">Techlife X8<\/td>\n<\/tr>\n<tr>\n<td style=\"background-color: #e4e1e1; color: #333333; font-family: inherit; font-size: 14px; font-weight: bold; overflow: hidden; padding: 5px 5px; text-align: right; vertical-align: top; word-break: normal; border: 1px solid;\">Paino<\/td>\n<td style=\"font-family: inherit; font-size: 14px; overflow: hidden; padding: 5px 5px; text-align: center; vertical-align: top; word-break: normal; border: 1px solid;\">32kg<\/td>\n<\/tr>\n<tr>\n<td style=\"background-color: #e4e1e1; color: #333333; font-family: inherit; font-size: 14px; font-weight: bold; overflow: hidden; padding: 5px 5px; text-align: right; vertical-align: top; word-break: normal; border: 1px solid;\">Teho<\/td>\n<td style=\"font-family: inherit; font-size: 14px; overflow: hidden; padding: 5px 5px; text-align: center; vertical-align: top; word-break: normal; border: 1px solid;\">1000W<\/td>\n<\/tr>\n<tr>\n<td style=\"background-color: #e4e1e1; color: #333333; font-family: inherit; font-size: 14px; font-weight: bold; overflow: hidden; padding: 5px 5px; text-align: right; vertical-align: top; word-break: normal; border: 1px solid;\">Muutettu nopeus virityksen j\u00e4lkeen<\/td>\n<td style=\"font-family: inherit; font-size: 14px; overflow: hidden; padding: 5px 5px; text-align: center; vertical-align: top; word-break: normal; border: 1px solid;\">25km\/h<\/td>\n<\/tr>\n<tr>\n<td style=\"background-color: #e4e1e1; color: #333333; font-family: inherit; font-size: 14px; font-weight: bold; overflow: hidden; padding: 5px 5px; text-align: right; vertical-align: top; word-break: normal; border: 1px solid;\">Tuotaja m\u00e4\u00e4rittely nopeus<\/td>\n<td style=\"font-family: inherit; font-size: 14px; overflow: hidden; padding: 5px 5px; text-align: center; vertical-align: top; word-break: normal; border: 1px solid;\">25km\/h<\/td>\n<\/tr>\n<tr>\n<td style=\"background-color: #e4e1e1; color: #333333; font-family: inherit; font-size: 14px; font-weight: bold; overflow: hidden; padding: 5px 5px; text-align: right; vertical-align: top; word-break: normal; border: 1px solid;\">Kulku yhdell\u00e4 latauksella, Tuotaja m\u00e4\u00e4rittely. <br \/>Laskettu ajomatka yhdell\u00e4 latauksella<\/td>\n<td style=\"font-family: inherit; font-size: 14px; overflow: hidden; padding: 5px 5px; text-align: center; vertical-align: top; word-break: normal; border: 1px solid;\">jopa 60km<br \/>62km (25km\/h, 70kg kuljettajaja, 15Wh\/km)<\/td>\n<\/tr>\n<tr>\n<td style=\"background-color: #e4e1e1; color: #333333; font-family: inherit; font-size: 14px; font-weight: bold; overflow: hidden; padding: 5px 5px; text-align: right; vertical-align: top; word-break: normal; border: 1px solid;\">Akku<\/td>\n<td style=\"font-family: inherit; font-size: 14px; overflow: hidden; padding: 5px 5px; text-align: center; vertical-align: top; word-break: normal; border: 1px solid;\">52V\/18Ah\/936Wh Li-Ion<\/td>\n<\/tr>\n<tr>\n<td style=\"background-color: #e4e1e1; color: #333333; font-family: inherit; font-size: 14px; font-weight: bold; overflow: hidden; padding: 5px 5px; text-align: right; vertical-align: top; word-break: normal; border: 1px solid;\">Latausaika<\/td>\n<td style=\"font-family: inherit; font-size: 14px; overflow: hidden; padding: 5px 5px; text-align: center; vertical-align: top; word-break: normal; border: 1px solid;\">12h (\u00fchdell\u00e4 laturilla); 6h (kahdella laturilla)<\/td>\n<\/tr>\n<tr>\n<td style=\"background-color: #e4e1e1; color: #333333; font-family: inherit; font-size: 14px; font-weight: bold; overflow: hidden; padding: 5px 5px; text-align: right; vertical-align: top; word-break: normal; border: 1px solid;\">Painorajoitus<\/td>\n<td style=\"font-family: inherit; font-size: 14px; overflow: hidden; padding: 5px 5px; text-align: center; vertical-align: top; word-break: normal; border: 1px solid;\">130kg<\/td>\n<\/tr>\n<tr>\n<td style=\"background-color: #e4e1e1; color: #333333; font-family: inherit; font-size: 14px; font-weight: bold; overflow: hidden; padding: 5px 5px; text-align: right; vertical-align: top; word-break: normal; border: 1px solid;\">Jarrut<\/td>\n<td style=\"font-family: inherit; font-size: 14px; overflow: hidden; padding: 5px 5px; text-align: center; vertical-align: top; word-break: normal; border: 1px solid;\">H\u00fcdraulilised Zoom br\u00e4ndi ketaspidurid<\/td>\n<\/tr>\n<tr>\n<td style=\"background-color: #e4e1e1; color: #333333; font-family: inherit; font-size: 14px; font-weight: bold; overflow: hidden; padding: 5px 5px; text-align: right; vertical-align: top; word-break: normal; border: 1px solid;\">Renkaat<\/td>\n<td style=\"font-family: inherit; font-size: 14px; overflow: hidden; padding: 5px 5px; text-align: center; vertical-align: top; word-break: normal; border: 1px solid;\">10\u00d72.50\u2033 sis\u00e4kumilla ilmarenkaat<\/td>\n<\/tr>\n<tr>\n<td style=\"background-color: #e4e1e1; color: #333333; font-family: inherit; font-size: 14px; font-weight: bold; overflow: hidden; padding: 5px 5px; text-align: right; vertical-align: top; word-break: normal; border: 1px solid;\">Tien enim\u00e4iskaltevuus<\/td>\n<td style=\"font-family: inherit; font-size: 14px; overflow: hidden; padding: 5px 5px; text-align: center; vertical-align: top; word-break: normal; border: 1px solid;\">27% (t\u00e4ydell\u00e4 akulla)<\/td>\n<\/tr>\n<\/tbody>\n<\/table>\n","protected":false},"excerpt":{"rendered":"<p><a href=\"http:\/\/www.xn--tuksimaailm-ffb.ee\/kontakt\/\"><strong>L\u00f6ysitk\u00f6 paremman hinnan? Kirjoita meille, niin teemme sinulle paremman tarjouksen!<\/strong><\/a><\/p>\n<p><strong>Kaikki <a href=\"http:\/\/www.xn--tuksimaailm-ffb.ee\/tootekategooria\/lisavarustus\/\">lis\u00e4varusteet<\/a> ja <a href=\"https:\/\/www.xn\u2014tuksimaailm-ffb.ee\/tootekategooria\/elektritoukeratta-varuosad\/\">varaosat<\/a> ovat -20%, kun ne ostetaan s\u00e4hk\u00f6skootterin kanssa. Alennus otetaan automaattisesti k\u00e4ytt\u00f6\u00f6n, kun lis\u00e4\u00e4t sen ostoskoriin!<\/strong><\/p>\n<p><em><strong>Toimitusaika: 2-9tp<\/p>\n<p><\/strong><\/em><\/p>\n","protected":false},"featured_media":23789,"template":"","meta":[],"product_brand":[],"product_cat":[926],"product_tag":[],"filter_elektritoukeratas":[],"class_list":{"0":"post-41587","1":"product","2":"type-product","3":"status-publish","4":"has-post-thumbnail","6":"product_cat-sahkopotkulaudat-fi","7":"product_shipping_class-keskmine-pakk-fi","8":"pa_aku-mahutavus-wh-936-fi","9":"pa_kaal-kg-32-fi","10":"pa_kandevoime-kg-130-fi","11":"pa_labisoit-arvutuslik-km-62-fi","12":"pa_mootorite-arv-kahdella-moottorilla","13":"pa_muuja-platvormil-touksimaailm-exocool-ou-fi","14":"pa_piiramata-tippkiirus-kmh-25-fi","15":"pa_tootetuup-elektritoukeratas-fi","16":"pa_valmistaja-techlife-fi","17":"pa_voimsus-w-1000-fi","19":"first","20":"instock","21":"taxable","22":"shipping-taxable","23":"purchasable","24":"product-type-simple"},"yoast_head":"<!-- This site is optimized with the Yoast SEO Premium plugin v26.8 (Yoast SEO v27.5) - https:\/\/yoast.com\/product\/yoast-seo-premium-wordpress\/ -->\n<title>Techlife X8 s\u00e4hk\u00f6potkulauta | X7 J\u00e4reltulija | T\u00f5uksimaailm<\/title>\n<meta name=\"description\" content=\"Techlife X8 elektrit\u00f5ukeratas. Mugavad vedruamordid, t\u00f5husad porilauad ja v\u00f5imsate 1000W mootritega elektriline t\u00f5ukeratas. Techlife elektrit\u00f5ukerattad.\" \/>\n<meta name=\"robots\" content=\"index, follow, max-snippet:-1, max-image-preview:large, max-video-preview:-1\" \/>\n<link rel=\"canonical\" href=\"https:\/\/www.xn--tuksimaailm-ffb.ee\/fi\/shop\/techlife-x8-sahkopotkulauta\/\" \/>\n<meta property=\"og:locale\" content=\"fi_FI\" \/>\n<meta property=\"og:type\" content=\"article\" \/>\n<meta property=\"og:title\" content=\"Techlife X8 s\u00e4hk\u00f6potkulauta\" \/>\n<meta property=\"og:description\" content=\"Techlife X8 elektrit\u00f5ukeratas. Mugavad vedruamordid, t\u00f5husad porilauad ja v\u00f5imsate 1000W mootritega elektriline t\u00f5ukeratas. Techlife elektrit\u00f5ukerattad.\" \/>\n<meta property=\"og:url\" content=\"https:\/\/www.xn--tuksimaailm-ffb.ee\/fi\/shop\/techlife-x8-sahkopotkulauta\/\" \/>\n<meta property=\"og:site_name\" content=\"T\u00f5uksimaailm\" \/>\n<meta property=\"article:publisher\" content=\"https:\/\/www.facebook.com\/touksimaailm\/\" \/>\n<meta property=\"article:modified_time\" content=\"2024-11-08T11:03:41+00:00\" \/>\n<meta property=\"og:image\" content=\"https:\/\/www.xn--tuksimaailm-ffb.ee\/wp-content\/uploads\/2021\/12\/Techlife-x8-1.png\" \/>\n\t<meta property=\"og:image:width\" content=\"841\" \/>\n\t<meta property=\"og:image:height\" content=\"803\" \/>\n\t<meta property=\"og:image:type\" content=\"image\/png\" \/>\n<meta name=\"twitter:card\" content=\"summary_large_image\" \/>\n<meta name=\"twitter:label1\" content=\"Hinta\" \/>\n\t<meta name=\"twitter:data1\" content=\"&euro;1,599.00\" \/>\n\t<meta name=\"twitter:label2\" content=\"Saatavuus\" \/>\n\t<meta name=\"twitter:data2\" content=\"Varastossa\" \/>\n<meta property=\"product:price:amount\" content=\"1599.00\" \/>\n<meta property=\"product:price:currency\" content=\"EUR\" \/>\n<meta property=\"og:availability\" content=\"instock\" \/>\n<meta property=\"product:availability\" content=\"instock\" \/>\n<meta property=\"product:retailer_item_id\" content=\"Techlife_X8\" \/>\n<meta property=\"product:condition\" content=\"new\" \/>\n<!-- \/ Yoast SEO Premium plugin. -->","yoast_head_json":{"title":"Techlife X8 s\u00e4hk\u00f6potkulauta | X7 J\u00e4reltulija | T\u00f5uksimaailm","description":"Techlife X8 elektrit\u00f5ukeratas. Mugavad vedruamordid, t\u00f5husad porilauad ja v\u00f5imsate 1000W mootritega elektriline t\u00f5ukeratas. Techlife elektrit\u00f5ukerattad.","robots":{"index":"index","follow":"follow","max-snippet":"max-snippet:-1","max-image-preview":"max-image-preview:large","max-video-preview":"max-video-preview:-1"},"canonical":"https:\/\/www.xn--tuksimaailm-ffb.ee\/fi\/shop\/techlife-x8-sahkopotkulauta\/","og_locale":"fi_FI","og_type":"article","og_title":"Techlife X8 s\u00e4hk\u00f6potkulauta","og_description":"Techlife X8 elektrit\u00f5ukeratas. Mugavad vedruamordid, t\u00f5husad porilauad ja v\u00f5imsate 1000W mootritega elektriline t\u00f5ukeratas. Techlife elektrit\u00f5ukerattad.","og_url":"https:\/\/www.xn--tuksimaailm-ffb.ee\/fi\/shop\/techlife-x8-sahkopotkulauta\/","og_site_name":"T\u00f5uksimaailm","article_publisher":"https:\/\/www.facebook.com\/touksimaailm\/","article_modified_time":"2024-11-08T11:03:41+00:00","og_image":[{"width":841,"height":803,"url":"https:\/\/www.xn--tuksimaailm-ffb.ee\/wp-content\/uploads\/2021\/12\/Techlife-x8-1.png","type":"image\/png"}],"twitter_card":"summary_large_image","twitter_misc":{"Hinta":"&euro;1,599.00","Saatavuus":"Varastossa"},"schema":{"@context":"https:\/\/schema.org","@graph":[{"@type":"WebPage","@id":"https:\/\/www.xn--tuksimaailm-ffb.ee\/fi\/shop\/techlife-x8-sahkopotkulauta\/","url":"https:\/\/www.xn--tuksimaailm-ffb.ee\/fi\/shop\/techlife-x8-sahkopotkulauta\/","name":"Techlife X8 s\u00e4hk\u00f6potkulauta | X7 J\u00e4reltulija | T\u00f5uksimaailm","isPartOf":{"@id":"https:\/\/www.xn--tuksimaailm-ffb.ee\/fi\/#website"},"primaryImageOfPage":{"@id":"https:\/\/www.xn--tuksimaailm-ffb.ee\/fi\/shop\/techlife-x8-sahkopotkulauta\/#primaryimage"},"image":{"@id":"https:\/\/www.xn--tuksimaailm-ffb.ee\/fi\/shop\/techlife-x8-sahkopotkulauta\/#primaryimage"},"thumbnailUrl":"https:\/\/www.xn--tuksimaailm-ffb.ee\/wp-content\/uploads\/2021\/12\/Techlife-x8-1.png","datePublished":"2021-12-16T20:51:27+00:00","dateModified":"2024-11-08T11:03:41+00:00","description":"Techlife X8 elektrit\u00f5ukeratas. Mugavad vedruamordid, t\u00f5husad porilauad ja v\u00f5imsate 1000W mootritega elektriline t\u00f5ukeratas. Techlife elektrit\u00f5ukerattad.","breadcrumb":{"@id":"https:\/\/www.xn--tuksimaailm-ffb.ee\/fi\/shop\/techlife-x8-sahkopotkulauta\/#breadcrumb"},"inLanguage":"fi","potentialAction":[{"@type":"ReadAction","target":["https:\/\/www.xn--tuksimaailm-ffb.ee\/fi\/shop\/techlife-x8-sahkopotkulauta\/"]}]},{"@type":"ImageObject","inLanguage":"fi","@id":"https:\/\/www.xn--tuksimaailm-ffb.ee\/fi\/shop\/techlife-x8-sahkopotkulauta\/#primaryimage","url":"https:\/\/www.xn--tuksimaailm-ffb.ee\/wp-content\/uploads\/2021\/12\/Techlife-x8-1.png","contentUrl":"https:\/\/www.xn--tuksimaailm-ffb.ee\/wp-content\/uploads\/2021\/12\/Techlife-x8-1.png","width":841,"height":803,"caption":"techlife x8 elektrit\u00f5ukeratas elektriline t\u00f5ukeratas"},{"@type":"BreadcrumbList","@id":"https:\/\/www.xn--tuksimaailm-ffb.ee\/fi\/shop\/techlife-x8-sahkopotkulauta\/#breadcrumb","itemListElement":[{"@type":"ListItem","position":1,"name":"Home","item":"https:\/\/www.xn--tuksimaailm-ffb.ee\/fi\/kotisivu\/"},{"@type":"ListItem","position":2,"name":"Kauppa","item":"https:\/\/www.xn--tuksimaailm-ffb.ee\/elektritoukerataste-pood\/"},{"@type":"ListItem","position":3,"name":"Techlife X8 s\u00e4hk\u00f6potkulauta"}]},{"@type":"WebSite","@id":"https:\/\/www.xn--tuksimaailm-ffb.ee\/fi\/#website","url":"https:\/\/www.xn--tuksimaailm-ffb.ee\/fi\/","name":"T\u00f5uksimaailm","description":"Elektrit\u00f5ukerataste m\u00fc\u00fck, remont ja rent","publisher":{"@id":"https:\/\/www.xn--tuksimaailm-ffb.ee\/fi\/#organization"},"potentialAction":[{"@type":"SearchAction","target":{"@type":"EntryPoint","urlTemplate":"https:\/\/www.xn--tuksimaailm-ffb.ee\/fi\/?s={search_term_string}"},"query-input":{"@type":"PropertyValueSpecification","valueRequired":true,"valueName":"search_term_string"}}],"inLanguage":"fi"},{"@type":"Organization","@id":"https:\/\/www.xn--tuksimaailm-ffb.ee\/fi\/#organization","name":"T\u00f5uksimaailm","url":"https:\/\/www.xn--tuksimaailm-ffb.ee\/fi\/","logo":{"@type":"ImageObject","inLanguage":"fi","@id":"https:\/\/www.xn--tuksimaailm-ffb.ee\/fi\/#\/schema\/logo\/image\/","url":"https:\/\/www.xn--tuksimaailm-ffb.ee\/wp-content\/uploads\/2020\/01\/logoz-e1579792875517.png","contentUrl":"https:\/\/www.xn--tuksimaailm-ffb.ee\/wp-content\/uploads\/2020\/01\/logoz-e1579792875517.png","width":250,"height":250,"caption":"T\u00f5uksimaailm"},"image":{"@id":"https:\/\/www.xn--tuksimaailm-ffb.ee\/fi\/#\/schema\/logo\/image\/"},"sameAs":["https:\/\/www.facebook.com\/touksimaailm\/","https:\/\/www.instagram.com\/touksimaailm_\/","https:\/\/www.youtube.com\/channel\/UC18ml0EKIDLP1xGuQjFzcXQ"]}]},"product_price_amount":"1599.00","product_price_currency":"EUR","og_availability":"instock","product_availability":"instock","product_retailer_item_id":"Techlife_X8","product_condition":"new"},"jetpack_sharing_enabled":true,"_links":{"self":[{"href":"https:\/\/www.xn--tuksimaailm-ffb.ee\/fi\/wp-json\/wp\/v2\/product\/41587","targetHints":{"allow":["GET"]}}],"collection":[{"href":"https:\/\/www.xn--tuksimaailm-ffb.ee\/fi\/wp-json\/wp\/v2\/product"}],"about":[{"href":"https:\/\/www.xn--tuksimaailm-ffb.ee\/fi\/wp-json\/wp\/v2\/types\/product"}],"wp:featuredmedia":[{"embeddable":true,"href":"https:\/\/www.xn--tuksimaailm-ffb.ee\/fi\/wp-json\/wp\/v2\/media\/23789"}],"wp:attachment":[{"href":"https:\/\/www.xn--tuksimaailm-ffb.ee\/fi\/wp-json\/wp\/v2\/media?parent=41587"}],"wp:term":[{"taxonomy":"product_brand","embeddable":true,"href":"https:\/\/www.xn--tuksimaailm-ffb.ee\/fi\/wp-json\/wp\/v2\/product_brand?post=41587"},{"taxonomy":"product_cat","embeddable":true,"href":"https:\/\/www.xn--tuksimaailm-ffb.ee\/fi\/wp-json\/wp\/v2\/product_cat?post=41587"},{"taxonomy":"product_tag","embeddable":true,"href":"https:\/\/www.xn--tuksimaailm-ffb.ee\/fi\/wp-json\/wp\/v2\/product_tag?post=41587"},{"taxonomy":"filter_elektritoukeratas","embeddable":true,"href":"https:\/\/www.xn--tuksimaailm-ffb.ee\/fi\/wp-json\/wp\/v2\/filter_elektritoukeratas?post=41587"}],"curies":[{"name":"wp","href":"https:\/\/api.w.org\/{rel}","templated":true}]}}