{"id":41593,"date":"2021-12-16T12:37:04","date_gmt":"2021-12-16T12:37:04","guid":{"rendered":"http:\/\/www.xn--tuksimaailm-ffb.ee\/shop\/techlife-x7s-sahkopotkulauta\/"},"modified":"2024-11-12T13:31:58","modified_gmt":"2024-11-12T10:31:58","slug":"techlife-x7s-sahkopotkulauta","status":"publish","type":"product","link":"https:\/\/www.xn--tuksimaailm-ffb.ee\/fi\/shop\/techlife-x7s-sahkopotkulauta\/","title":{"rendered":"Techlife X7S s\u00e4hk\u00f6potkulauta"},"content":{"rendered":"<h2 style=\"text-align: center;\">TECHLIFE X7S S\u00c4HK\u00d6POTKULAUTA - TUOTEKUVAUS<\/h2>\n<p>Techlife X7S -s\u00e4hk\u00f6potkulauta on yksi suosituimmista T10-DDM-runkoon perustuvista s\u00e4hk\u00f6skoottereista Euroopassa. Verrattuna muihin samassa tehtaassa koottuihin merkkeihin, Techlife X7S -s\u00e4hk\u00f6skootteri on valmistettu vain korkeimmasta laadusta tarkastetuista valikoiduista osista. Korkealaatuinen laadunvalvonta takaa parhaan kest\u00e4vyyden kaikille Techlife-merkkisille malleille. X7S-s\u00e4hk\u00f6skootteri on suunniteltu tarjoamaan mukavuutta, nopeutta ja kyyti\u00e4 maastossa. S\u00e4hk\u00f6potkulauta on suunniteltu my\u00f6s veden- ja sateenkest\u00e4vyyden kannalta - roiskeet l\u00e4t\u00e4k\u00f6iss\u00e4 ja sateessa ajettaessa eiv\u00e4t p\u00e4rj\u00e4\u00e4 t\u00e4lle s\u00e4hk\u00f6potkulautalle.<\/p>\n<p>TTechlife X7S -s\u00e4hk\u00f6potkulauta on <a href=\"http:\/\/www.xn--tuksimaailm-ffb.ee\/shop\/techlife-x7-elektritoukeratas\/\"><strong>X7<\/strong><\/a>-mallin versio, jossa on suurempi LG-moduuliakku \/ pidempi kantama yhdell\u00e4 latauksella. <a href=\"http:\/\/www.xn--tuksimaailm-ffb.ee\/shop\/qs-s4-ekraan-display-elektritoukeratas-gpad-storm\/\"><strong>QS-S4<\/strong><\/a>:n n\u00e4ytt\u00f6 on kauniin v\u00e4rinen ja toisin kuin edelt\u00e4j\u00e4ns\u00e4, kuten TF-100, se on my\u00f6s kirkkaampi ja eritt\u00e4in helppolukuinen. T\u00e4m\u00e4n ansiosta n\u00e4ytt\u00f6 on n\u00e4kyviss\u00e4 jopa nopeilla ajomatkoilla kes\u00e4isess\u00e4 auringonpaisteessa. S\u00e4hk\u00f6potkulauta on kaksipy\u00f6r\u00e4inen ja siin\u00e4 on <strong>2x500W<\/strong> nimellistehon (500W huipputeho) moottorit etu- ja takapy\u00f6riss\u00e4. N\u00e4m\u00e4 2 moottoria yhdess\u00e4 antavat s\u00e4hk\u00f6skootterille <strong>1000W<\/strong>:n kokonaistehon. Dsplay-n\u00e4yt\u00f6ss\u00e4 olevan akun varaustason ilmaisimen lis\u00e4ksi X7S-s\u00e4hk\u00f6skootterissa on my\u00f6s ohjaustankoon asennettu volttimittari. T\u00e4m\u00e4 antaa mahdollisimman tarkat tiedot akun varaustasosta sek\u00e4 j\u00e4nnitteen laskusta kuormituksen aikana.<\/p>\n<h2 style=\"text-align: center;\">TECHLIFE X7S S\u00c4HK\u00d6POTKULAUTA - PARAS METS\u00c4SS\u00c4<\/h2>\n<p>Techlife X7S -s\u00e4hk\u00f6potkulauta on varustettu jousitetuilla iskunvaimentimilla, jotka takaavat mahdollisimman pehme\u00e4n ajon sek\u00e4 kaupungissa ett\u00e4 maastossa. Iskunvaimentimien j\u00e4ykkyys on s\u00e4\u00e4dett\u00e4viss\u00e4, joten jokainen kuljettaja voi s\u00e4\u00e4t\u00e4\u00e4 jousituksen oman painonsa, ajotyylins\u00e4 ja mukavuusmieltymystens\u00e4 mukaan. Poikkeuksellista mukavuutta lis\u00e4\u00e4v\u00e4t suuret 10x2,5 tuuman ilmarenkaat, joissa on sis\u00e4putket, jotka vaimentavat pienet t\u00e4rin\u00e4t\/t\u00e4rin\u00e4t. Techlife X7S:n runko on valmistettu kest\u00e4v\u00e4st\u00e4 alumiinista, ja siin\u00e4 on my\u00f6s leve\u00e4 ohjaustanko, jossa on mukavat kahvat.<\/p>\n<p>S\u00e4hk\u00f6potkulaudan kansiosa on p\u00e4\u00e4llystetty liukastumista est\u00e4v\u00e4ll\u00e4 kumipinnoitteella (griptape), joka takaa parhaan mahdollisen turvallisuuden my\u00f6s sateisella s\u00e4\u00e4ll\u00e4. S\u00e4hk\u00f6skootterin moottoreiden huipputeho on 1000W. Harjattomat, korkean hy\u00f6tysuhteen DC-s\u00e4hk\u00f6moottorit takaavat erinomaisen kiihtyvyyden jopa 25 asteen rinteess\u00e4 yl\u00e4m\u00e4keen ajettaessa. S\u00e4hk\u00f6potkulauta saavuttaa valmistajan ilmoittaman <strong>25km\/h<\/strong> nopeuden nopeasti. Techlife X7S on suunniteltu jopa <strong>130kg:n<\/strong> painoiselle kuljettajalle, mik\u00e4 mahdollistaa\u00a0<a href=\"http:\/\/www.xn--tuksimaailm-ffb.ee\/tootekategooria\/lisavarustus\/\">lis\u00e4varusteiden<\/a> kuljettamisen ja antaa painavammille kuljettajille mahdollisuuden nauttia nopeasta ajosta maasto-olosuhteissa.<\/p>\n<p><iframe title=\"62 kph TECHLIFE X7 eScooter Review - Best Comfort &amp; Ergonomics in class!\" width=\"1082\" height=\"609\" src=\"https:\/\/www.youtube.com\/embed\/IXROatM6ToI?start=10&feature=oembed\" frameborder=\"0\" allow=\"accelerometer; autoplay; clipboard-write; encrypted-media; gyroscope; picture-in-picture; web-share\" allowfullscreen><\/iframe><\/p>\n<h2 style=\"text-align: center;\">TECHLIFE S\u00c4HK\u00d6POTKULAUTA - TEKNINEN KUVAUS<\/h2>\n<p>Ajotyylist\u00e4, s\u00e4\u00e4olosuhteista, kuljettajan painosta ja pituudesta (tuulenpit\u00e4vyysero) riippuen yhdell\u00e4 latauksella voi kulkea <strong>jopa 80km<\/strong> ECO-ajotilassa ihanteellisissa olosuhteissa. Kuten kaikilla s\u00e4hk\u00f6potkulautoilla, todellinen toimintas\u00e4de urheilutilassa ja yli 25 km\/h nopeudella on enemm\u00e4nkin 45-60km:n luokkaa. Techlife X7S -s\u00e4hk\u00f6skootteri on varustettu <strong>mekaanisilla (vaijerilla varustetuilla) levyjarruilla edess\u00e4 ja takana<\/strong>.<\/p>\n<p>Techlife-s\u00e4hk\u00f6potkulaudat ovat my\u00f6s eritt\u00e4in varkauden kest\u00e4vi\u00e4. Skootteri on varustettu \"sytytyslukolla\", joka kytkee skootterin n\u00e4yt\u00f6n virran p\u00e4\u00e4lle\/pois avainta k\u00e4\u00e4nt\u00e4m\u00e4ll\u00e4 ja lukitsee tarvittaessa kaikki toiminnot. N\u00e4in s\u00e4hk\u00f6potkulauta ei ole mahdollista ajaa hetke\u00e4k\u00e4\u00e4n ilman valvontaa ja j\u00e4tt\u00e4\u00e4 sit\u00e4 jonkun muun ajettavaksi. X7S-s\u00e4hk\u00f6skootteri on varustettu suurella <strong>52V\/22400mAh (1165Wh)<\/strong> litiumioniakkuyksik\u00f6ll\u00e4, joka on valmistettu korkealaatuisista LG:n akkumoduuleista. Akun t\u00e4yteen lataaminen mukana tulevalla laturilla kest\u00e4\u00e4 <strong>jopa 13 tuntia<\/strong>.<\/p>\n<p>Turvallisuuden lis\u00e4\u00e4miseksi Techlife X7S:ss\u00e4 on my\u00f6s LED-valot edess\u00e4 ja takana, jotka on suunniteltu valaisemaan tien pintaa. Jos haluat valaista tiet\u00e4 pidemm\u00e4lle eteenp\u00e4in, s\u00e4hk\u00f6potkulaitteen ohjaustankoon on asennettava <a href=\"http:\/\/www.xn--tuksimaailm-ffb.ee\/tootesilt\/elektritoukeratta-lisatuled\/\">lis\u00e4valo<\/a>. X7S:n kaltaisella tehokkaalla s\u00e4hk\u00f6skootterilla ajettaessa suosittelemme <a href=\"http:\/\/www.xn--tuksimaailm-ffb.ee\/shop\/elektrilise-toukeratta-kiiver-led-tagatulega-smart-4u\/\">kyp\u00e4r\u00e4n<\/a> ja mahdollisuuksien mukaan polvi- ja liukuesteill\u00e4 varustettujen vaatteiden k\u00e4ytt\u00f6\u00e4. Kaikkien alle 16-vuotiaiden kevytpy\u00f6r\u00e4ilij\u00f6iden on <a href=\"https:\/\/www.riigiteataja.ee\/akt\/113112020001\">lain<\/a> mukaan pakko k\u00e4ytt\u00e4\u00e4 kyp\u00e4r\u00e4\u00e4 s\u00e4hk\u00f6skootterilla ajaessaan. Muut Techlife-s\u00e4hk\u00f6skootterit l\u00f6yd\u00e4t <a href=\"http:\/\/www.xn--tuksimaailm-ffb.ee\/tootekategooria\/elektritoukeratas\/\">t\u00e4\u00e4lt\u00e4<\/a>.<\/p>\n<p><strong>Techlife X7S -s\u00e4hk\u00f6potkulauta on Viron tieliikennelain mukainen kevyt skootteri, jonka valmistajan teho on 1000W ja valmistajan nopeus 25km\/h. HUOMAA: Jos k\u00e4ytt\u00e4j\u00e4 on itsen\u00e4isesti muuttanut s\u00e4hk\u00f6skootteria nopeammaksi tai tehokkaammaksi kuin edell\u00e4 mainitut parametrit, T\u00f5uksimaailm ei ole vastuussa lain rikkomisesta aiheutuvista sakoista, poliisin takavarikoimasta s\u00e4hk\u00f6skootterista tai mist\u00e4\u00e4n muustakaan t\u00e4llaisten rikkomusten aiheuttamasta vahingosta.<\/strong><\/p>\n<table class=\"tg\" style=\"border-collapse: collapse; max-width: 600px; border-spacing: 0; margin: 0px auto;\">\n<tbody>\n<tr>\n<td style=\"background-color: #e4e1e1; color: #333333; font-family: inherit; font-size: 14px; font-weight: bold; overflow: hidden; padding: 5px 5px; text-align: center; vertical-align: top; word-break: normal; border: 1px solid;\" colspan=\"2\">Tekniset tiedot<\/td>\n<\/tr>\n<tr>\n<td style=\"background-color: #e4e1e1; color: #333333; font-family: inherit; font-size: 14px; font-weight: bold; overflow: hidden; padding: 5px 5px; text-align: right; vertical-align: top; word-break: normal; border: 1px solid;\">Malli<\/td>\n<td style=\"font-family: inherit; font-size: 14px; overflow: hidden; padding: 5px 5px; text-align: center; vertical-align: top; word-break: normal; border: 1px solid;\">Techlife X7S<\/td>\n<\/tr>\n<tr>\n<td style=\"background-color: #e4e1e1; color: #333333; font-family: inherit; font-size: 14px; font-weight: bold; overflow: hidden; padding: 5px 5px; text-align: right; vertical-align: top; word-break: normal; border: 1px solid;\">Paino<\/td>\n<td style=\"font-family: inherit; font-size: 14px; overflow: hidden; padding: 5px 5px; text-align: center; vertical-align: top; word-break: normal; border: 1px solid;\">38.5kg<\/td>\n<\/tr>\n<tr>\n<td style=\"background-color: #e4e1e1; color: #333333; font-family: inherit; font-size: 14px; font-weight: bold; overflow: hidden; padding: 5px 5px; text-align: right; vertical-align: top; word-break: normal; border: 1px solid;\">Teho<\/td>\n<td style=\"font-family: inherit; font-size: 14px; overflow: hidden; padding: 5px 5px; text-align: center; vertical-align: top; word-break: normal; border: 1px solid;\">1000W<\/td>\n<\/tr>\n<tr>\n<td style=\"background-color: #e4e1e1; color: #333333; font-family: inherit; font-size: 14px; font-weight: bold; overflow: hidden; padding: 5px 5px; text-align: right; vertical-align: top; word-break: normal; border: 1px solid;\">Muutettu nopeus virityksen j\u00e4lkeen<\/td>\n<td style=\"font-family: inherit; font-size: 14px; overflow: hidden; padding: 5px 5px; text-align: center; vertical-align: top; word-break: normal; border: 1px solid;\">25km\/h<\/td>\n<\/tr>\n<tr>\n<td style=\"background-color: #e4e1e1; color: #333333; font-family: inherit; font-size: 14px; font-weight: bold; overflow: hidden; padding: 5px 5px; text-align: right; vertical-align: top; word-break: normal; border: 1px solid;\">Tuotaja m\u00e4\u00e4rittely nopeus<\/td>\n<td style=\"font-family: inherit; font-size: 14px; overflow: hidden; padding: 5px 5px; text-align: center; vertical-align: top; word-break: normal; border: 1px solid;\">25km\/h<\/td>\n<\/tr>\n<tr>\n<td style=\"background-color: #e4e1e1; color: #333333; font-family: inherit; font-size: 14px; font-weight: bold; overflow: hidden; padding: 5px 5px; text-align: right; vertical-align: top; word-break: normal; border: 1px solid;\">Ajomatka per lataus (valmistajan ilmoittama) | Arvioitu ajomatka per lataus\u00a0<\/td>\n<td style=\"font-family: inherit; font-size: 14px; overflow: hidden; padding: 5px 5px; text-align: center; vertical-align: top; word-break: normal; border: 1px solid;\">jopa 80km | 78km (25km\/h, 70kg kuljettaja, 15Wh\/km)<\/td>\n<\/tr>\n<tr>\n<td style=\"background-color: #e4e1e1; color: #333333; font-family: inherit; font-size: 14px; font-weight: bold; overflow: hidden; padding: 5px 5px; text-align: right; vertical-align: top; word-break: normal; border: 1px solid;\">Akku<\/td>\n<td style=\"font-family: inherit; font-size: 14px; overflow: hidden; padding: 5px 5px; text-align: center; vertical-align: top; word-break: normal; border: 1px solid;\">52V\/22.4Ah\/1165Wh Li-Ion LG<\/td>\n<\/tr>\n<tr>\n<td style=\"background-color: #e4e1e1; color: #333333; font-family: inherit; font-size: 14px; font-weight: bold; overflow: hidden; padding: 5px 5px; text-align: right; vertical-align: top; word-break: normal; border: 1px solid;\">Latausaika<\/td>\n<td style=\"font-family: inherit; font-size: 14px; overflow: hidden; padding: 5px 5px; text-align: center; vertical-align: top; word-break: normal; border: 1px solid;\">13 tuntia<\/td>\n<\/tr>\n<tr>\n<td style=\"background-color: #e4e1e1; color: #333333; font-family: inherit; font-size: 14px; font-weight: bold; overflow: hidden; padding: 5px 5px; text-align: right; vertical-align: top; word-break: normal; border: 1px solid;\">Painorajoitus<\/td>\n<td style=\"font-family: inherit; font-size: 14px; overflow: hidden; padding: 5px 5px; text-align: center; vertical-align: top; word-break: normal; border: 1px solid;\">130kg<\/td>\n<\/tr>\n<tr>\n<td style=\"background-color: #e4e1e1; color: #333333; font-family: inherit; font-size: 14px; font-weight: bold; overflow: hidden; padding: 5px 5px; text-align: right; vertical-align: top; word-break: normal; border: 1px solid;\">Jarrut<\/td>\n<td style=\"font-family: inherit; font-size: 14px; overflow: hidden; padding: 5px 5px; text-align: center; vertical-align: top; word-break: normal; border: 1px solid;\">Mekaaniset levyjarrut<\/td>\n<\/tr>\n<tr>\n<td style=\"background-color: #e4e1e1; color: #333333; font-family: inherit; font-size: 14px; font-weight: bold; overflow: hidden; padding: 5px 5px; text-align: right; vertical-align: top; word-break: normal; border: 1px solid;\">Renkat<\/td>\n<td style=\"font-family: inherit; font-size: 14px; overflow: hidden; padding: 5px 5px; text-align: center; vertical-align: top; word-break: normal; border: 1px solid;\">10\u00d72.50\u2033 sis\u00e4kumilla ilmarenkaat<\/td>\n<\/tr>\n<tr>\n<td style=\"background-color: #e4e1e1; color: #333333; font-family: inherit; font-size: 14px; font-weight: bold; overflow: hidden; padding: 5px 5px; text-align: right; vertical-align: top; word-break: normal; border: 1px solid;\">Tien enim\u00e4iskaltevuus<\/td>\n<td style=\"font-family: inherit; font-size: 14px; overflow: hidden; padding: 5px 5px; text-align: center; vertical-align: top; word-break: normal; border: 1px solid;\">25%<\/td>\n<\/tr>\n<\/tbody>\n<\/table>\n","protected":false},"excerpt":{"rendered":"<p><a href=\"http:\/\/www.xn--tuksimaailm-ffb.ee\/kontakt\/\"><strong>L\u00f6ysitk\u00f6 paremman hinnan? Kirjoita meille, niin teemme sinulle paremman tarjouksen!<\/strong><\/a><\/p>\n<p><strong>Kaikki <a href=\"http:\/\/www.xn--tuksimaailm-ffb.ee\/tootekategooria\/lisavarustus\/\">lis\u00e4varusteet<\/a> ja <a href=\"https:\/\/www.xn\u2014tuksimaailm-ffb.ee\/tootekategooria\/elektritoukeratta-varuosad\/\">varaosat<\/a> ovat -20%, kun ne ostetaan s\u00e4hk\u00f6skootterin kanssa. Alennus otetaan automaattisesti k\u00e4ytt\u00f6\u00f6n, kun lis\u00e4\u00e4t sen ostoskoriin!<\/strong><\/p>\n<p><em><strong>Toimitusaika: 2-9tp<\/p>\n<p><\/strong><\/em><\/p>\n","protected":false},"featured_media":23777,"template":"","meta":[],"product_brand":[],"product_cat":[926],"product_tag":[],"filter_elektritoukeratas":[],"class_list":{"0":"post-41593","1":"product","2":"type-product","3":"status-publish","4":"has-post-thumbnail","6":"product_cat-sahkopotkulaudat-fi","7":"product_shipping_class-keskmine-pakk-fi","8":"pa_aku-mahutavus-wh-1165-fi","9":"pa_kaal-kg-39-fi","10":"pa_kandevoime-kg-130-fi","11":"pa_labisoit-arvutuslik-km-78-fi","12":"pa_mootorite-arv-kahdella-moottorilla","13":"pa_muuja-platvormil-touksimaailm-exocool-ou-fi","14":"pa_piiramata-tippkiirus-kmh-25-fi","15":"pa_tootetuup-elektritoukeratas-fi","16":"pa_valmistaja-techlife-fi","17":"pa_voimsus-w-1000-fi","19":"first","20":"instock","21":"taxable","22":"shipping-taxable","23":"purchasable","24":"product-type-simple"},"yoast_head":"<!-- This site is optimized with the Yoast SEO Premium plugin v26.8 (Yoast SEO v27.5) - https:\/\/yoast.com\/product\/yoast-seo-premium-wordpress\/ -->\n<title>Techlife X7S s\u00e4hk\u00f6potkulauta | Suur aku | T\u00f5uksimaailm<\/title>\n<meta name=\"description\" content=\"Techlife X7S elektriline t\u00f5ukeratas. K\u00f5ige mugavamate vedru amortisaatoritega. V\u00f5imsate 1000W mootoritega elektrit\u00f5ukeratas. Techlife elektrit\u00f5ukerattad.\" \/>\n<meta name=\"robots\" content=\"index, follow, max-snippet:-1, max-image-preview:large, max-video-preview:-1\" \/>\n<link rel=\"canonical\" href=\"https:\/\/www.xn--tuksimaailm-ffb.ee\/fi\/shop\/techlife-x7s-sahkopotkulauta\/\" \/>\n<meta property=\"og:locale\" content=\"fi_FI\" \/>\n<meta property=\"og:type\" content=\"article\" \/>\n<meta property=\"og:title\" content=\"Techlife X7S s\u00e4hk\u00f6potkulauta\" \/>\n<meta property=\"og:description\" content=\"Techlife X7S elektriline t\u00f5ukeratas. K\u00f5ige mugavamate vedru amortisaatoritega. V\u00f5imsate 1000W mootoritega elektrit\u00f5ukeratas. Techlife elektrit\u00f5ukerattad.\" \/>\n<meta property=\"og:url\" content=\"https:\/\/www.xn--tuksimaailm-ffb.ee\/fi\/shop\/techlife-x7s-sahkopotkulauta\/\" \/>\n<meta property=\"og:site_name\" content=\"T\u00f5uksimaailm\" \/>\n<meta property=\"article:publisher\" content=\"https:\/\/www.facebook.com\/touksimaailm\/\" \/>\n<meta property=\"article:modified_time\" content=\"2024-11-12T10:31:58+00:00\" \/>\n<meta property=\"og:image\" content=\"https:\/\/www.xn--tuksimaailm-ffb.ee\/wp-content\/uploads\/2021\/12\/techlife-x7-1-1.png\" \/>\n\t<meta property=\"og:image:width\" content=\"813\" \/>\n\t<meta property=\"og:image:height\" content=\"837\" \/>\n\t<meta property=\"og:image:type\" content=\"image\/png\" \/>\n<meta name=\"twitter:card\" content=\"summary_large_image\" \/>\n<meta name=\"twitter:label1\" content=\"Hinta\" \/>\n\t<meta name=\"twitter:data1\" content=\"&euro;1,905.00\" \/>\n\t<meta name=\"twitter:label2\" content=\"Saatavuus\" \/>\n\t<meta name=\"twitter:data2\" content=\"Varastossa\" \/>\n<meta property=\"product:price:amount\" content=\"1905.00\" \/>\n<meta property=\"product:price:currency\" content=\"EUR\" \/>\n<meta property=\"og:availability\" content=\"instock\" \/>\n<meta property=\"product:availability\" content=\"instock\" \/>\n<meta property=\"product:retailer_item_id\" content=\"Techlife_X7S\" \/>\n<meta property=\"product:condition\" content=\"new\" \/>\n<!-- \/ Yoast SEO Premium plugin. -->","yoast_head_json":{"title":"Techlife X7S s\u00e4hk\u00f6potkulauta | Suur aku | T\u00f5uksimaailm","description":"Techlife X7S elektriline t\u00f5ukeratas. K\u00f5ige mugavamate vedru amortisaatoritega. V\u00f5imsate 1000W mootoritega elektrit\u00f5ukeratas. Techlife elektrit\u00f5ukerattad.","robots":{"index":"index","follow":"follow","max-snippet":"max-snippet:-1","max-image-preview":"max-image-preview:large","max-video-preview":"max-video-preview:-1"},"canonical":"https:\/\/www.xn--tuksimaailm-ffb.ee\/fi\/shop\/techlife-x7s-sahkopotkulauta\/","og_locale":"fi_FI","og_type":"article","og_title":"Techlife X7S s\u00e4hk\u00f6potkulauta","og_description":"Techlife X7S elektriline t\u00f5ukeratas. K\u00f5ige mugavamate vedru amortisaatoritega. V\u00f5imsate 1000W mootoritega elektrit\u00f5ukeratas. Techlife elektrit\u00f5ukerattad.","og_url":"https:\/\/www.xn--tuksimaailm-ffb.ee\/fi\/shop\/techlife-x7s-sahkopotkulauta\/","og_site_name":"T\u00f5uksimaailm","article_publisher":"https:\/\/www.facebook.com\/touksimaailm\/","article_modified_time":"2024-11-12T10:31:58+00:00","og_image":[{"width":813,"height":837,"url":"https:\/\/www.xn--tuksimaailm-ffb.ee\/wp-content\/uploads\/2021\/12\/techlife-x7-1-1.png","type":"image\/png"}],"twitter_card":"summary_large_image","twitter_misc":{"Hinta":"&euro;1,905.00","Saatavuus":"Varastossa"},"schema":{"@context":"https:\/\/schema.org","@graph":[{"@type":"WebPage","@id":"https:\/\/www.xn--tuksimaailm-ffb.ee\/fi\/shop\/techlife-x7s-sahkopotkulauta\/","url":"https:\/\/www.xn--tuksimaailm-ffb.ee\/fi\/shop\/techlife-x7s-sahkopotkulauta\/","name":"Techlife X7S s\u00e4hk\u00f6potkulauta | Suur aku | T\u00f5uksimaailm","isPartOf":{"@id":"https:\/\/www.xn--tuksimaailm-ffb.ee\/fi\/#website"},"primaryImageOfPage":{"@id":"https:\/\/www.xn--tuksimaailm-ffb.ee\/fi\/shop\/techlife-x7s-sahkopotkulauta\/#primaryimage"},"image":{"@id":"https:\/\/www.xn--tuksimaailm-ffb.ee\/fi\/shop\/techlife-x7s-sahkopotkulauta\/#primaryimage"},"thumbnailUrl":"https:\/\/www.xn--tuksimaailm-ffb.ee\/wp-content\/uploads\/2021\/12\/techlife-x7-1-1.png","datePublished":"2021-12-16T12:37:04+00:00","dateModified":"2024-11-12T10:31:58+00:00","description":"Techlife X7S elektriline t\u00f5ukeratas. K\u00f5ige mugavamate vedru amortisaatoritega. V\u00f5imsate 1000W mootoritega elektrit\u00f5ukeratas. Techlife elektrit\u00f5ukerattad.","breadcrumb":{"@id":"https:\/\/www.xn--tuksimaailm-ffb.ee\/fi\/shop\/techlife-x7s-sahkopotkulauta\/#breadcrumb"},"inLanguage":"fi","potentialAction":[{"@type":"ReadAction","target":["https:\/\/www.xn--tuksimaailm-ffb.ee\/fi\/shop\/techlife-x7s-sahkopotkulauta\/"]}]},{"@type":"ImageObject","inLanguage":"fi","@id":"https:\/\/www.xn--tuksimaailm-ffb.ee\/fi\/shop\/techlife-x7s-sahkopotkulauta\/#primaryimage","url":"https:\/\/www.xn--tuksimaailm-ffb.ee\/wp-content\/uploads\/2021\/12\/techlife-x7-1-1.png","contentUrl":"https:\/\/www.xn--tuksimaailm-ffb.ee\/wp-content\/uploads\/2021\/12\/techlife-x7-1-1.png","width":813,"height":837,"caption":"techlife x7S elektriline t\u00f5ukeratas elektrit\u00f5ukeratas"},{"@type":"BreadcrumbList","@id":"https:\/\/www.xn--tuksimaailm-ffb.ee\/fi\/shop\/techlife-x7s-sahkopotkulauta\/#breadcrumb","itemListElement":[{"@type":"ListItem","position":1,"name":"Home","item":"https:\/\/www.xn--tuksimaailm-ffb.ee\/fi\/kotisivu\/"},{"@type":"ListItem","position":2,"name":"Kauppa","item":"https:\/\/www.xn--tuksimaailm-ffb.ee\/elektritoukerataste-pood\/"},{"@type":"ListItem","position":3,"name":"Techlife X7S s\u00e4hk\u00f6potkulauta"}]},{"@type":"WebSite","@id":"https:\/\/www.xn--tuksimaailm-ffb.ee\/fi\/#website","url":"https:\/\/www.xn--tuksimaailm-ffb.ee\/fi\/","name":"T\u00f5uksimaailm","description":"Elektrit\u00f5ukerataste m\u00fc\u00fck, remont ja rent","publisher":{"@id":"https:\/\/www.xn--tuksimaailm-ffb.ee\/fi\/#organization"},"potentialAction":[{"@type":"SearchAction","target":{"@type":"EntryPoint","urlTemplate":"https:\/\/www.xn--tuksimaailm-ffb.ee\/fi\/?s={search_term_string}"},"query-input":{"@type":"PropertyValueSpecification","valueRequired":true,"valueName":"search_term_string"}}],"inLanguage":"fi"},{"@type":"Organization","@id":"https:\/\/www.xn--tuksimaailm-ffb.ee\/fi\/#organization","name":"T\u00f5uksimaailm","url":"https:\/\/www.xn--tuksimaailm-ffb.ee\/fi\/","logo":{"@type":"ImageObject","inLanguage":"fi","@id":"https:\/\/www.xn--tuksimaailm-ffb.ee\/fi\/#\/schema\/logo\/image\/","url":"https:\/\/www.xn--tuksimaailm-ffb.ee\/wp-content\/uploads\/2020\/01\/logoz-e1579792875517.png","contentUrl":"https:\/\/www.xn--tuksimaailm-ffb.ee\/wp-content\/uploads\/2020\/01\/logoz-e1579792875517.png","width":250,"height":250,"caption":"T\u00f5uksimaailm"},"image":{"@id":"https:\/\/www.xn--tuksimaailm-ffb.ee\/fi\/#\/schema\/logo\/image\/"},"sameAs":["https:\/\/www.facebook.com\/touksimaailm\/","https:\/\/www.instagram.com\/touksimaailm_\/","https:\/\/www.youtube.com\/channel\/UC18ml0EKIDLP1xGuQjFzcXQ"]}]},"product_price_amount":"1905.00","product_price_currency":"EUR","og_availability":"instock","product_availability":"instock","product_retailer_item_id":"Techlife_X7S","product_condition":"new"},"jetpack_sharing_enabled":true,"_links":{"self":[{"href":"https:\/\/www.xn--tuksimaailm-ffb.ee\/fi\/wp-json\/wp\/v2\/product\/41593","targetHints":{"allow":["GET"]}}],"collection":[{"href":"https:\/\/www.xn--tuksimaailm-ffb.ee\/fi\/wp-json\/wp\/v2\/product"}],"about":[{"href":"https:\/\/www.xn--tuksimaailm-ffb.ee\/fi\/wp-json\/wp\/v2\/types\/product"}],"wp:featuredmedia":[{"embeddable":true,"href":"https:\/\/www.xn--tuksimaailm-ffb.ee\/fi\/wp-json\/wp\/v2\/media\/23777"}],"wp:attachment":[{"href":"https:\/\/www.xn--tuksimaailm-ffb.ee\/fi\/wp-json\/wp\/v2\/media?parent=41593"}],"wp:term":[{"taxonomy":"product_brand","embeddable":true,"href":"https:\/\/www.xn--tuksimaailm-ffb.ee\/fi\/wp-json\/wp\/v2\/product_brand?post=41593"},{"taxonomy":"product_cat","embeddable":true,"href":"https:\/\/www.xn--tuksimaailm-ffb.ee\/fi\/wp-json\/wp\/v2\/product_cat?post=41593"},{"taxonomy":"product_tag","embeddable":true,"href":"https:\/\/www.xn--tuksimaailm-ffb.ee\/fi\/wp-json\/wp\/v2\/product_tag?post=41593"},{"taxonomy":"filter_elektritoukeratas","embeddable":true,"href":"https:\/\/www.xn--tuksimaailm-ffb.ee\/fi\/wp-json\/wp\/v2\/filter_elektritoukeratas?post=41593"}],"curies":[{"name":"wp","href":"https:\/\/api.w.org\/{rel}","templated":true}]}}