{"id":41598,"date":"2021-12-15T23:22:44","date_gmt":"2021-12-15T23:22:44","guid":{"rendered":"http:\/\/www.xn--tuksimaailm-ffb.ee\/shop\/techlife-x7-sahkopotkulauta\/"},"modified":"2024-11-12T13:34:17","modified_gmt":"2024-11-12T10:34:17","slug":"techlife-x7-sahkopotkulauta","status":"publish","type":"product","link":"https:\/\/www.xn--tuksimaailm-ffb.ee\/fi\/shop\/techlife-x7-sahkopotkulauta\/","title":{"rendered":"Techlife X7 s\u00e4hk\u00f6potkulauta"},"content":{"rendered":"<h2 style=\"text-align: center;\">TECHLIFE X7 S\u00c4HK\u00d6POTKULAUTA - TUOTEKUVAUS<\/h2>\n<p>Techlife X7 on yksi Euroopan myydyimmist\u00e4 T10-DDM-runkoisista s\u00e4hk\u00f6potkulaudoista. Verrattuna muihin samassa tehtaassa tuotettuihin tuotemerkkeihin, Techlife X7 -s\u00e4hk\u00f6skootteri on valmistettu komponenteista, jotka ovat l\u00e4p\u00e4isseet korkeimman laadunvalvonnan. Laadukkaat komponentit takaavat parhaan luotettavuuden ja kest\u00e4vyyden kaikille Techlife-merkkisille malleille. X7-s\u00e4hk\u00f6skootteri on suunniteltu mukavuuteen, nopeuteen ja kovaan maastoon.<\/p>\n<p>S\u00e4hk\u00f6potkulauta on my\u00f6s suunniteltu s\u00e4\u00e4nkest\u00e4v\u00e4ksi, joten roiskeet ja sade eiv\u00e4t vaikuta siihen. Techlife X7 -n\u00e4ytt\u00f6\/ohjauspaneeli <a href=\"http:\/\/www.xn--tuksimaailm-ffb.ee\/shop\/qs-s4-ekraan-display-elektritoukeratas-gpad-storm\/\"><strong>QS-S4<\/strong><\/a>\u00a0on v\u00e4rik\u00e4s ja, toisin kuin edelt\u00e4j\u00e4ns\u00e4, kuten TF100, eritt\u00e4in helppolukuinen my\u00f6s nopeassa ajossa kes\u00e4isell\u00e4 aurinkoisella s\u00e4\u00e4ll\u00e4. S\u00e4hk\u00f6potkulauta on kaksipy\u00f6r\u00e4inen skootteri, jossa on <strong>2x500W<\/strong> nimellistehon (500W huipputeho) moottorit etu- ja takapy\u00f6riss\u00e4. N\u00e4m\u00e4 moottorit antavat s\u00e4hk\u00f6potkulaudalle yhteens\u00e4 <strong>1000W<\/strong> huipputehon.\u00a0<\/p>\n<p>X7-s\u00e4hk\u00f6potkulauta on varustettu j\u00e4nnitemittarilla sek\u00e4 n\u00e4yt\u00f6ss\u00e4 olevalla akun varaustason ilmaisimella. T\u00e4m\u00e4 antaa mahdollisimman tarkat tiedot akun varaustasosta sek\u00e4 j\u00e4nnitteen laskun m\u00e4\u00e4r\u00e4st\u00e4 ajon\/kuormituksen aikana. Techlife tarjoaa X7-s\u00e4hk\u00f6skootterista my\u00f6s <a href=\"http:\/\/www.xn--tuksimaailm-ffb.ee\/shop\/techlife-x7s-elektriline-toukeratas\/\"><strong>X7S<\/strong><\/a>-version, jossa on suurempi akku. Suuremmalla budjetilla liikkuvien kannattaa tutustua <a href=\"http:\/\/www.xn--tuksimaailm-ffb.ee\/shop\/vsett-10-elektritoukeratas\/\"><strong>Vsett 10+<\/strong><\/a> -malliin, jota on p\u00e4ivitetty ja parannettu monilta osin. \u00a0 <img decoding=\"async\" class=\"wp-image-6534 aligncenter\" src=\"https:\/\/www.xn--tuksimaailm-ffb.ee\/wp-content\/uploads\/2021\/12\/techlife-x7-10-300x124.png\" alt=\"techlife x7 elektrit\u00f5ukeratas elektriline t\u00f5ukeratas\" width=\"815\" height=\"337\" srcset=\"https:\/\/www.xn--tuksimaailm-ffb.ee\/wp-content\/uploads\/2021\/12\/techlife-x7-10-300x124.png 300w, https:\/\/www.xn--tuksimaailm-ffb.ee\/wp-content\/uploads\/2021\/12\/techlife-x7-10-768x318.png 768w, https:\/\/www.xn--tuksimaailm-ffb.ee\/wp-content\/uploads\/2021\/12\/techlife-x7-10-611x253.png 611w, https:\/\/www.xn--tuksimaailm-ffb.ee\/wp-content\/uploads\/2021\/12\/techlife-x7-10-600x249.png 600w, https:\/\/www.xn--tuksimaailm-ffb.ee\/wp-content\/uploads\/2021\/12\/techlife-x7-10.png 828w\" sizes=\"(max-width: 815px) 100vw, 815px\" \/><\/p>\n<h2 style=\"text-align: center;\">TECHLIFE X7 S\u00c4HK\u00d6POTKULAUTA - PARAS MAASTOK\u00c4YTT\u00d6\u00d6N<\/h2>\n<p>Techlife X7 on varustettu jousivanteilla, jotka takaavat parhaan mahdollisen (pehmeimm\u00e4n) ajon niin kaupungissa kuin mets\u00e4ss\u00e4. Iskunvaimentimissa on s\u00e4\u00e4dett\u00e4v\u00e4 j\u00e4ykkyys - jokainen ajaja voi s\u00e4\u00e4t\u00e4\u00e4 jousituksen oman painonsa ja mieltymystens\u00e4 mukaan. Mukavuutta lis\u00e4\u00e4v\u00e4t my\u00f6s suuret, paksut 10-tuumaiset ilmarenkaat, joiden sis\u00e4renkaat vaimentavat pieni\u00e4 t\u00e4rin\u00f6it\u00e4.<\/p>\n<p>Techlife X7 -s\u00e4hk\u00f6potkulauta on valmistettu kest\u00e4v\u00e4st\u00e4 alumiiniseoksesta, ja siin\u00e4 on my\u00f6s leve\u00e4 ohjaustanko, jossa on mukavat kahvat. Skootterin kansiosa on p\u00e4\u00e4llystetty liukastumista est\u00e4v\u00e4ll\u00e4 kumipinnoitteella (griptape), joka takaa turvallisuuden sateisella s\u00e4\u00e4ll\u00e4 liikkuessa. Harjattomat BLDC-suuritehoiset s\u00e4hk\u00f6moottorit takaavat voimakkaan kiihtyvyyden jopa 25 asteen rinteess\u00e4 yl\u00e4m\u00e4keen ajettaessa, ja valmistajan ilmoittama <strong>25km\/h<\/strong> nopeus saavutetaan nopeasti. S\u00e4hk\u00f6skootteri on suunniteltu jopa <strong>130kg<\/strong>:n painoiselle kuljettajalle, mik\u00e4 mahdollistaa my\u00f6s\u00a0<a href=\"http:\/\/www.xn--tuksimaailm-ffb.ee\/tootekategooria\/lisavarustus\/\">lis\u00e4varusteiden<\/a> ottamisen mukaan ja antaa painavammallekin kuljettajalle mahdollisuuden ajaa nopeammin maasto-olosuhteissa.<\/p>\n<p><iframe title=\"62 kph TECHLIFE X7 eScooter Review - Best Comfort &amp; Ergonomics in class!\" width=\"1082\" height=\"609\" src=\"https:\/\/www.youtube.com\/embed\/IXROatM6ToI?start=10&feature=oembed\" frameborder=\"0\" allow=\"accelerometer; autoplay; clipboard-write; encrypted-media; gyroscope; picture-in-picture; web-share\" allowfullscreen><\/iframe><\/p>\n<h2 style=\"text-align: center;\">TECHLIFE S\u00c4HK\u00d6POTKULAUTA - TEKNINEN KUVAUS<\/h2>\n<p>Kun akku on ladattu 100-prosenttisesti t\u00e4yteen, voit ajaa <strong>jopa 60 kilometri\u00e4<\/strong> ECO-tilassa ihanteellisissa olosuhteissa ajotyylist\u00e4, s\u00e4\u00e4olosuhteista, kuljettajan painosta ja pituudesta (tuulen vastus) riippuen. Kuten kaikilla s\u00e4hk\u00f6potkulautoilla, todellinen ajokilometri urheilutilassa on l\u00e4hemp\u00e4n\u00e4 30-40km. Techlife X7 -s\u00e4hk\u00f6skootteri on varustettu <strong>mekaanisilla (vaijerilla varustetuilla) levyjarruilla edess\u00e4 ja takana.<\/strong><\/p>\n<p>Varkaudeneston osalta Techlife-s\u00e4hk\u00f6skootterit ovat my\u00f6s eritt\u00e4in hyvi\u00e4, ja ne on varustettu \"sytytyslukolla\", joka kytkee s\u00e4hk\u00f6moottoripy\u00f6r\u00e4n n\u00e4yt\u00f6n virran p\u00e4\u00e4lle \/ pois p\u00e4\u00e4lt\u00e4 ja lukitsee sytytysvirran poistamalla kaikki toiminnot k\u00e4yt\u00f6st\u00e4. N\u00e4in ei ole mahdollista ajaa skootterilla ilman valvontaa lyhyen aikaa ja j\u00e4tt\u00e4\u00e4 sit\u00e4 jonkun toisen ajettavaksi pois. Skootterin virtal\u00e4hteen\u00e4 on suuri <strong>52V\/18000mAh (936Wh)<\/strong> Li-Ion-akku. T\u00e4m\u00e4n akun lataaminen t\u00e4yteen 100%:iin skootterin mukana tulevalla laturilla kest\u00e4\u00e4 <strong>jopa 10 tuntia.<\/strong><\/p>\n<p>Turvallisuuspuolella Techlife X7 -s\u00e4hk\u00f6skootterissa on my\u00f6s etu- ja takavalot, joiden tarkoituksena on valaista tiet\u00e4. Kun ajat t\u00e4ll\u00e4 tehokkaalla s\u00e4hk\u00f6skootterilla, suosittelemme, ett\u00e4 k\u00e4yt\u00e4t aina <a href=\"http:\/\/www.xn--tuksimaailm-ffb.ee\/shop\/elektrilise-toukeratta-kiiver-led-tagatulega-smart-4u\/\">kyp\u00e4r\u00e4\u00e4<\/a> ja mahdollisuuksien mukaan vaatteita, joissa on polvi- ja liukuesteet. Alle 16-vuotiaiden kuljettajien on <a href=\"https:\/\/www.riigiteataja.ee\/akt\/113112020001\">lain<\/a> mukaan pakko k\u00e4ytt\u00e4\u00e4 kyp\u00e4r\u00e4\u00e4 s\u00e4hk\u00f6skootterilla ajettaessa. Muita Techlife-s\u00e4hk\u00f6skoottereita l\u00f6yd\u00e4t <a href=\"http:\/\/www.xn--tuksimaailm-ffb.ee\/tootekategooria\/elektritoukeratas\/\">t\u00e4\u00e4lt\u00e4<\/a>.<\/p>\n<p><strong style=\"box-sizing: inherit; margin: 0px; padding: 0px; border: 0px; font-variant-numeric: inherit; font-variant-east-asian: inherit; font-stretch: inherit; font-size: 17px; line-height: inherit;\">Techlife X7 -s\u00e4hk\u00f6potkulauta on Viron tieliikennelain mukainen kevyt skootteri, jonka valmistajan teho on 1000W ja valmistajan nopeus 25km\/h. HUOMAA: Jos k\u00e4ytt\u00e4j\u00e4 on itsen\u00e4isesti muuttanut s\u00e4hk\u00f6skootteria nopeammaksi tai tehokkaammaksi kuin edell\u00e4 mainitut parametrit, T\u00f5uksimaailm ei ole vastuussa lain rikkomisesta aiheutuvista sakoista, s\u00e4hk\u00f6skootterin takavarikoimisesta poliisin toimesta tai mist\u00e4\u00e4n muustakaan t\u00e4llaisten rikkomusten aiheuttamasta vahingosta.<\/strong><\/p>\n<table class=\"tg\" style=\"border-collapse: collapse; max-width: 600px; border-spacing: 0px; margin: 0px auto; width: 71.397284%;\">\n<tbody>\n<tr>\n<td style=\"background-color: #e4e1e1; color: #333333; font-family: inherit; font-size: 14px; font-weight: bold; overflow: hidden; padding: 5px; text-align: center; vertical-align: top; word-break: normal; border: 1px solid; width: 99.767981%;\" colspan=\"2\">Tekniset tiedot<\/td>\n<\/tr>\n<tr>\n<td style=\"background-color: #e4e1e1; color: #333333; font-family: inherit; font-size: 14px; font-weight: bold; overflow: hidden; padding: 5px; text-align: right; vertical-align: top; word-break: normal; border: 1px solid; width: 46.867749%;\">Malli<\/td>\n<td style=\"font-family: inherit; font-size: 14px; overflow: hidden; padding: 5px; text-align: center; vertical-align: top; word-break: normal; border: 1px solid; width: 52.900232%;\">Techlife X7<\/td>\n<\/tr>\n<tr>\n<td style=\"background-color: #e4e1e1; color: #333333; font-family: inherit; font-size: 14px; font-weight: bold; overflow: hidden; padding: 5px; text-align: right; vertical-align: top; word-break: normal; border: 1px solid; width: 46.867749%;\">Paino<\/td>\n<td style=\"font-family: inherit; font-size: 14px; overflow: hidden; padding: 5px; text-align: center; vertical-align: top; word-break: normal; border: 1px solid; width: 52.900232%;\">35kg<\/td>\n<\/tr>\n<tr>\n<td style=\"background-color: #e4e1e1; color: #333333; font-family: inherit; font-size: 14px; font-weight: bold; overflow: hidden; padding: 5px; text-align: right; vertical-align: top; word-break: normal; border: 1px solid; width: 46.867749%;\">Teho<\/td>\n<td style=\"font-family: inherit; font-size: 14px; overflow: hidden; padding: 5px; text-align: center; vertical-align: top; word-break: normal; border: 1px solid; width: 52.900232%;\">1000W<\/td>\n<\/tr>\n<tr>\n<td style=\"background-color: #e4e1e1; color: #333333; font-family: inherit; font-size: 14px; font-weight: bold; overflow: hidden; padding: 5px; text-align: right; vertical-align: top; word-break: normal; border: 1px solid; width: 46.867749%;\">Nopeus<\/td>\n<td style=\"font-family: inherit; font-size: 14px; overflow: hidden; padding: 5px; text-align: center; vertical-align: top; word-break: normal; border: 1px solid; width: 52.900232%;\">tuotaja m\u00e4\u00e4rittely 25km\/h<\/td>\n<\/tr>\n<tr>\n<td style=\"background-color: #e4e1e1; color: #333333; font-family: inherit; font-size: 14px; font-weight: bold; overflow: hidden; padding: 5px; text-align: right; vertical-align: top; word-break: normal; border: 1px solid; width: 46.867749%;\">Ajomatka yhdell\u00e4 latauksella<\/td>\n<td style=\"font-family: inherit; font-size: 14px; overflow: hidden; padding: 5px; text-align: center; vertical-align: top; word-break: normal; border: 1px solid; width: 52.900232%;\">jopa 60km (tuotaja m\u00e4\u00e4ritely)<\/td>\n<\/tr>\n<tr>\n<td style=\"background-color: #e4e1e1; color: #333333; font-family: inherit; font-size: 14px; font-weight: bold; overflow: hidden; padding: 5px; text-align: right; vertical-align: top; word-break: normal; border: 1px solid; width: 46.867749%;\">Arvoitu ajomatka<\/td>\n<td style=\"font-family: inherit; font-size: 14px; overflow: hidden; padding: 5px; text-align: center; vertical-align: top; word-break: normal; border: 1px solid; width: 52.900232%;\">62km (25km\/h, 70kg kuljettaja, 15Wh\/km)<\/td>\n<\/tr>\n<tr>\n<td style=\"background-color: #e4e1e1; color: #333333; font-family: inherit; font-size: 14px; font-weight: bold; overflow: hidden; padding: 5px; text-align: right; vertical-align: top; word-break: normal; border: 1px solid; width: 46.867749%;\">Akku<\/td>\n<td style=\"font-family: inherit; font-size: 14px; overflow: hidden; padding: 5px; text-align: center; vertical-align: top; word-break: normal; border: 1px solid; width: 52.900232%;\">52V\/18Ah\/936Wh Li-Ion<\/td>\n<\/tr>\n<tr>\n<td style=\"background-color: #e4e1e1; color: #333333; font-family: inherit; font-size: 14px; font-weight: bold; overflow: hidden; padding: 5px; text-align: right; vertical-align: top; word-break: normal; border: 1px solid; width: 46.867749%;\">Latausaika<\/td>\n<td style=\"font-family: inherit; font-size: 14px; overflow: hidden; padding: 5px; text-align: center; vertical-align: top; word-break: normal; border: 1px solid; width: 52.900232%;\">10 tuntia<\/td>\n<\/tr>\n<tr>\n<td style=\"background-color: #e4e1e1; color: #333333; font-family: inherit; font-size: 14px; font-weight: bold; overflow: hidden; padding: 5px; text-align: right; vertical-align: top; word-break: normal; border: 1px solid; width: 46.867749%;\">Painorajoitus<\/td>\n<td style=\"font-family: inherit; font-size: 14px; overflow: hidden; padding: 5px; text-align: center; vertical-align: top; word-break: normal; border: 1px solid; width: 52.900232%;\">130kg<\/td>\n<\/tr>\n<tr>\n<td style=\"background-color: #e4e1e1; color: #333333; font-family: inherit; font-size: 14px; font-weight: bold; overflow: hidden; padding: 5px; text-align: right; vertical-align: top; word-break: normal; border: 1px solid; width: 46.867749%;\">Jarrut<\/td>\n<td style=\"font-family: inherit; font-size: 14px; overflow: hidden; padding: 5px; text-align: center; vertical-align: top; word-break: normal; border: 1px solid; width: 52.900232%;\">Mekaaniset levyjarrut<\/td>\n<\/tr>\n<tr>\n<td style=\"background-color: #e4e1e1; color: #333333; font-family: inherit; font-size: 14px; font-weight: bold; overflow: hidden; padding: 5px; text-align: right; vertical-align: top; word-break: normal; border: 1px solid; width: 46.867749%;\">Renkaat<\/td>\n<td style=\"font-family: inherit; font-size: 14px; overflow: hidden; padding: 5px; text-align: center; vertical-align: top; word-break: normal; border: 1px solid; width: 52.900232%;\">10\u00d72.50\u2033 sis\u00e4kumilla ilmarenkaat<\/td>\n<\/tr>\n<tr>\n<td style=\"background-color: #e4e1e1; color: #333333; font-family: inherit; font-size: 14px; font-weight: bold; overflow: hidden; padding: 5px; text-align: right; vertical-align: top; word-break: normal; border: 1px solid; width: 46.867749%;\">Tien enim\u00e4iskaltevuus<\/td>\n<td style=\"font-family: inherit; font-size: 14px; overflow: hidden; padding: 5px; text-align: center; vertical-align: top; word-break: normal; border: 1px solid; width: 52.900232%;\">25%<\/td>\n<\/tr>\n<\/tbody>\n<\/table>\n","protected":false},"excerpt":{"rendered":"<p><a href=\"http:\/\/www.xn--tuksimaailm-ffb.ee\/kontakt\/\"><strong>L\u00f6ysitk\u00f6 paremman hinnan? Kirjoita meille, niin teemme sinulle paremman tarjouksen!<\/strong><\/a><\/p>\n<p><strong>Kaikki <a href=\"http:\/\/www.xn--tuksimaailm-ffb.ee\/tootekategooria\/lisavarustus\/\">lis\u00e4varusteet<\/a> ja <a href=\"https:\/\/www.xn\u2014tuksimaailm-ffb.ee\/tootekategooria\/elektritoukeratta-varuosad\/\">varaosat<\/a> ovat -20%, kun ne ostetaan s\u00e4hk\u00f6skootterin kanssa. Alennus otetaan automaattisesti k\u00e4ytt\u00f6\u00f6n, kun lis\u00e4\u00e4t sen ostoskoriin!<\/strong><\/p>\n<p><em><strong>Toimitusaika: 2-9tp<\/p>\n<p><\/strong><\/em><\/p>\n","protected":false},"featured_media":23767,"template":"","meta":[],"product_brand":[],"product_cat":[926],"product_tag":[],"filter_elektritoukeratas":[],"class_list":{"0":"post-41598","1":"product","2":"type-product","3":"status-publish","4":"has-post-thumbnail","6":"product_cat-sahkopotkulaudat-fi","7":"product_shipping_class-keskmine-pakk-fi","8":"pa_aku-mahutavus-wh-936-fi","9":"pa_kaal-kg-35-fi","10":"pa_kandevoime-kg-130-fi","11":"pa_labisoit-arvutuslik-km-62-fi","12":"pa_mootorite-arv-kahdella-moottorilla","13":"pa_muuja-platvormil-touksimaailm-exocool-ou-fi","14":"pa_piiramata-tippkiirus-kmh-25-fi","15":"pa_tootetuup-elektritoukeratas-fi","16":"pa_valmistaja-techlife-fi","17":"pa_voimsus-w-1000-fi","19":"first","20":"instock","21":"taxable","22":"shipping-taxable","23":"purchasable","24":"product-type-simple"},"yoast_head":"<!-- This site is optimized with the Yoast SEO Premium plugin v26.8 (Yoast SEO v27.5) - https:\/\/yoast.com\/product\/yoast-seo-premium-wordpress\/ -->\n<title>Techlife X7 s\u00e4hk\u00f6potkulauta | Mugav ja Kiire | T\u00f5uksimaailm<\/title>\n<meta name=\"description\" content=\"Techlife X7 elektrit\u00f5ukeratas. K\u00f5ige mugavamate vedruamortisaatoritega. 2x500W mootoritega kiire ja v\u00f5imekas elektriline t\u00f5ukeratas.\" \/>\n<meta name=\"robots\" content=\"index, follow, max-snippet:-1, max-image-preview:large, max-video-preview:-1\" \/>\n<link rel=\"canonical\" href=\"https:\/\/www.xn--tuksimaailm-ffb.ee\/fi\/shop\/techlife-x7-sahkopotkulauta\/\" \/>\n<meta property=\"og:locale\" content=\"fi_FI\" \/>\n<meta property=\"og:type\" content=\"article\" \/>\n<meta property=\"og:title\" content=\"Techlife X7 s\u00e4hk\u00f6potkulauta\" \/>\n<meta property=\"og:description\" content=\"Techlife X7 elektrit\u00f5ukeratas. K\u00f5ige mugavamate vedruamortisaatoritega. 2x500W mootoritega kiire ja v\u00f5imekas elektriline t\u00f5ukeratas.\" \/>\n<meta property=\"og:url\" content=\"https:\/\/www.xn--tuksimaailm-ffb.ee\/fi\/shop\/techlife-x7-sahkopotkulauta\/\" \/>\n<meta property=\"og:site_name\" content=\"T\u00f5uksimaailm\" \/>\n<meta property=\"article:publisher\" content=\"https:\/\/www.facebook.com\/touksimaailm\/\" \/>\n<meta property=\"article:modified_time\" content=\"2024-11-12T10:34:17+00:00\" \/>\n<meta property=\"og:image\" content=\"https:\/\/www.xn--tuksimaailm-ffb.ee\/wp-content\/uploads\/2021\/12\/techlife-x7-1.png\" \/>\n\t<meta property=\"og:image:width\" content=\"813\" \/>\n\t<meta property=\"og:image:height\" content=\"837\" \/>\n\t<meta property=\"og:image:type\" content=\"image\/png\" \/>\n<meta name=\"twitter:card\" content=\"summary_large_image\" \/>\n<meta name=\"twitter:label1\" content=\"Hinta\" \/>\n\t<meta name=\"twitter:data1\" content=\"&euro;1,680.00\" \/>\n\t<meta name=\"twitter:label2\" content=\"Saatavuus\" \/>\n\t<meta name=\"twitter:data2\" content=\"Varastossa\" \/>\n<meta property=\"product:price:amount\" content=\"1680.00\" \/>\n<meta property=\"product:price:currency\" content=\"EUR\" \/>\n<meta property=\"og:availability\" content=\"instock\" \/>\n<meta property=\"product:availability\" content=\"instock\" \/>\n<meta property=\"product:retailer_item_id\" content=\"Techlife_X7\" \/>\n<meta property=\"product:condition\" content=\"new\" \/>\n<!-- \/ Yoast SEO Premium plugin. -->","yoast_head_json":{"title":"Techlife X7 s\u00e4hk\u00f6potkulauta | Mugav ja Kiire | T\u00f5uksimaailm","description":"Techlife X7 elektrit\u00f5ukeratas. K\u00f5ige mugavamate vedruamortisaatoritega. 2x500W mootoritega kiire ja v\u00f5imekas elektriline t\u00f5ukeratas.","robots":{"index":"index","follow":"follow","max-snippet":"max-snippet:-1","max-image-preview":"max-image-preview:large","max-video-preview":"max-video-preview:-1"},"canonical":"https:\/\/www.xn--tuksimaailm-ffb.ee\/fi\/shop\/techlife-x7-sahkopotkulauta\/","og_locale":"fi_FI","og_type":"article","og_title":"Techlife X7 s\u00e4hk\u00f6potkulauta","og_description":"Techlife X7 elektrit\u00f5ukeratas. K\u00f5ige mugavamate vedruamortisaatoritega. 2x500W mootoritega kiire ja v\u00f5imekas elektriline t\u00f5ukeratas.","og_url":"https:\/\/www.xn--tuksimaailm-ffb.ee\/fi\/shop\/techlife-x7-sahkopotkulauta\/","og_site_name":"T\u00f5uksimaailm","article_publisher":"https:\/\/www.facebook.com\/touksimaailm\/","article_modified_time":"2024-11-12T10:34:17+00:00","og_image":[{"width":813,"height":837,"url":"https:\/\/www.xn--tuksimaailm-ffb.ee\/wp-content\/uploads\/2021\/12\/techlife-x7-1.png","type":"image\/png"}],"twitter_card":"summary_large_image","twitter_misc":{"Hinta":"&euro;1,680.00","Saatavuus":"Varastossa"},"schema":{"@context":"https:\/\/schema.org","@graph":[{"@type":"WebPage","@id":"https:\/\/www.xn--tuksimaailm-ffb.ee\/fi\/shop\/techlife-x7-sahkopotkulauta\/","url":"https:\/\/www.xn--tuksimaailm-ffb.ee\/fi\/shop\/techlife-x7-sahkopotkulauta\/","name":"Techlife X7 s\u00e4hk\u00f6potkulauta | Mugav ja Kiire | T\u00f5uksimaailm","isPartOf":{"@id":"https:\/\/www.xn--tuksimaailm-ffb.ee\/fi\/#website"},"primaryImageOfPage":{"@id":"https:\/\/www.xn--tuksimaailm-ffb.ee\/fi\/shop\/techlife-x7-sahkopotkulauta\/#primaryimage"},"image":{"@id":"https:\/\/www.xn--tuksimaailm-ffb.ee\/fi\/shop\/techlife-x7-sahkopotkulauta\/#primaryimage"},"thumbnailUrl":"https:\/\/www.xn--tuksimaailm-ffb.ee\/wp-content\/uploads\/2021\/12\/techlife-x7-1.png","datePublished":"2021-12-15T23:22:44+00:00","dateModified":"2024-11-12T10:34:17+00:00","description":"Techlife X7 elektrit\u00f5ukeratas. K\u00f5ige mugavamate vedruamortisaatoritega. 2x500W mootoritega kiire ja v\u00f5imekas elektriline t\u00f5ukeratas.","breadcrumb":{"@id":"https:\/\/www.xn--tuksimaailm-ffb.ee\/fi\/shop\/techlife-x7-sahkopotkulauta\/#breadcrumb"},"inLanguage":"fi","potentialAction":[{"@type":"ReadAction","target":["https:\/\/www.xn--tuksimaailm-ffb.ee\/fi\/shop\/techlife-x7-sahkopotkulauta\/"]}]},{"@type":"ImageObject","inLanguage":"fi","@id":"https:\/\/www.xn--tuksimaailm-ffb.ee\/fi\/shop\/techlife-x7-sahkopotkulauta\/#primaryimage","url":"https:\/\/www.xn--tuksimaailm-ffb.ee\/wp-content\/uploads\/2021\/12\/techlife-x7-1.png","contentUrl":"https:\/\/www.xn--tuksimaailm-ffb.ee\/wp-content\/uploads\/2021\/12\/techlife-x7-1.png","width":813,"height":837,"caption":"techlife x7 elektrit\u00f5ukeratas elektriline t\u00f5ukeratas"},{"@type":"BreadcrumbList","@id":"https:\/\/www.xn--tuksimaailm-ffb.ee\/fi\/shop\/techlife-x7-sahkopotkulauta\/#breadcrumb","itemListElement":[{"@type":"ListItem","position":1,"name":"Home","item":"https:\/\/www.xn--tuksimaailm-ffb.ee\/fi\/kotisivu\/"},{"@type":"ListItem","position":2,"name":"Kauppa","item":"https:\/\/www.xn--tuksimaailm-ffb.ee\/elektritoukerataste-pood\/"},{"@type":"ListItem","position":3,"name":"Techlife X7 s\u00e4hk\u00f6potkulauta"}]},{"@type":"WebSite","@id":"https:\/\/www.xn--tuksimaailm-ffb.ee\/fi\/#website","url":"https:\/\/www.xn--tuksimaailm-ffb.ee\/fi\/","name":"T\u00f5uksimaailm","description":"Elektrit\u00f5ukerataste m\u00fc\u00fck, remont ja rent","publisher":{"@id":"https:\/\/www.xn--tuksimaailm-ffb.ee\/fi\/#organization"},"potentialAction":[{"@type":"SearchAction","target":{"@type":"EntryPoint","urlTemplate":"https:\/\/www.xn--tuksimaailm-ffb.ee\/fi\/?s={search_term_string}"},"query-input":{"@type":"PropertyValueSpecification","valueRequired":true,"valueName":"search_term_string"}}],"inLanguage":"fi"},{"@type":"Organization","@id":"https:\/\/www.xn--tuksimaailm-ffb.ee\/fi\/#organization","name":"T\u00f5uksimaailm","url":"https:\/\/www.xn--tuksimaailm-ffb.ee\/fi\/","logo":{"@type":"ImageObject","inLanguage":"fi","@id":"https:\/\/www.xn--tuksimaailm-ffb.ee\/fi\/#\/schema\/logo\/image\/","url":"https:\/\/www.xn--tuksimaailm-ffb.ee\/wp-content\/uploads\/2020\/01\/logoz-e1579792875517.png","contentUrl":"https:\/\/www.xn--tuksimaailm-ffb.ee\/wp-content\/uploads\/2020\/01\/logoz-e1579792875517.png","width":250,"height":250,"caption":"T\u00f5uksimaailm"},"image":{"@id":"https:\/\/www.xn--tuksimaailm-ffb.ee\/fi\/#\/schema\/logo\/image\/"},"sameAs":["https:\/\/www.facebook.com\/touksimaailm\/","https:\/\/www.instagram.com\/touksimaailm_\/","https:\/\/www.youtube.com\/channel\/UC18ml0EKIDLP1xGuQjFzcXQ"]}]},"product_price_amount":"1680.00","product_price_currency":"EUR","og_availability":"instock","product_availability":"instock","product_retailer_item_id":"Techlife_X7","product_condition":"new"},"jetpack_sharing_enabled":true,"_links":{"self":[{"href":"https:\/\/www.xn--tuksimaailm-ffb.ee\/fi\/wp-json\/wp\/v2\/product\/41598","targetHints":{"allow":["GET"]}}],"collection":[{"href":"https:\/\/www.xn--tuksimaailm-ffb.ee\/fi\/wp-json\/wp\/v2\/product"}],"about":[{"href":"https:\/\/www.xn--tuksimaailm-ffb.ee\/fi\/wp-json\/wp\/v2\/types\/product"}],"wp:featuredmedia":[{"embeddable":true,"href":"https:\/\/www.xn--tuksimaailm-ffb.ee\/fi\/wp-json\/wp\/v2\/media\/23767"}],"wp:attachment":[{"href":"https:\/\/www.xn--tuksimaailm-ffb.ee\/fi\/wp-json\/wp\/v2\/media?parent=41598"}],"wp:term":[{"taxonomy":"product_brand","embeddable":true,"href":"https:\/\/www.xn--tuksimaailm-ffb.ee\/fi\/wp-json\/wp\/v2\/product_brand?post=41598"},{"taxonomy":"product_cat","embeddable":true,"href":"https:\/\/www.xn--tuksimaailm-ffb.ee\/fi\/wp-json\/wp\/v2\/product_cat?post=41598"},{"taxonomy":"product_tag","embeddable":true,"href":"https:\/\/www.xn--tuksimaailm-ffb.ee\/fi\/wp-json\/wp\/v2\/product_tag?post=41598"},{"taxonomy":"filter_elektritoukeratas","embeddable":true,"href":"https:\/\/www.xn--tuksimaailm-ffb.ee\/fi\/wp-json\/wp\/v2\/filter_elektritoukeratas?post=41598"}],"curies":[{"name":"wp","href":"https:\/\/api.w.org\/{rel}","templated":true}]}}