{"id":41599,"date":"2021-12-15T15:08:09","date_gmt":"2021-12-15T12:08:09","guid":{"rendered":"http:\/\/www.xn--tuksimaailm-ffb.ee\/shop\/segway-ninebot-max-g30le-sahkopotkulauta\/"},"modified":"2024-11-21T11:20:05","modified_gmt":"2024-11-21T08:20:05","slug":"segway-ninebot-max-g30le-sahkopotkulauta","status":"publish","type":"product","link":"https:\/\/www.xn--tuksimaailm-ffb.ee\/fi\/shop\/segway-ninebot-max-g30le-sahkopotkulauta\/","title":{"rendered":"Segway Ninebot Max G30LE II s\u00e4hk\u00f6potkulauta"},"content":{"rendered":"<h2 style=\"text-align: center;\">SEGWAY NINEBOT MAX G30LE II S\u00c4HK\u00d6POTKULAUTA - TUOTEKUVAUS<\/h2>\n<p>Segway Ninebot Max G30LE II -s\u00e4hk\u00f6potkulauta (tai Ninebot G30LP II -s\u00e4hk\u00f6potkulauta Yhdysvaltain markkinoille) on pienempi ja edullisempi versio eritt\u00e4in suositusta <a href=\"http:\/\/www.xn--tuksimaailm-ffb.ee\/shop\/elektriline-toukeratas-ninebot-max-g30\/\"><strong>Ninebot Max G30<\/strong><\/a> s\u00e4hk\u00f6potkulautasta. Suurempaan malliin verrattuna G30LE II -s\u00e4hk\u00f6skootteri on lyhyempi ja siin\u00e4 on kolmanneksen pienempi akku (10,2Ah vs. 15,3Ah). Se on my\u00f6s paljon kompaktimpi kuin isoveljens\u00e4, ja se mahtuu jopa helpommin auton tavaratilaan. Koska Segway Ninebot Max G30LE II on Max G30 -mallia lyhyempi, my\u00f6s s\u00e4hk\u00f6potkulaudan ohjaustanko on matalampi. T\u00e4m\u00e4 tarkoittaa sit\u00e4, ett\u00e4 skootteri sopii hyvin lyhyemmille kuljettajille, ja pidempien kuljettajien (yli 180 cm) tulisi suosia joko <a href=\"http:\/\/www.xn--tuksimaailm-ffb.ee\/shop\/elektriline-toukeratas-ninebot-max-g30\/\"><strong>Max G30<\/strong><\/a>- tai <a href=\"http:\/\/www.xn--tuksimaailm-ffb.ee\/shop\/segway-ninebot-max-g30e-ii-elektritoukeratas\/\"><strong>Max G30E II<\/strong><\/a> -mallia. Mittojen lis\u00e4ksi my\u00f6s v\u00e4riss\u00e4 on eroa. Segway Max G30- ja Max G30E II -s\u00e4hk\u00f6potkulautoja on saatavana vain mustana, kun taas G30LE II -s\u00e4hk\u00f6potkulauta on saatavana vain valkoisena.<\/p>\n<p><iframe title=\"Ninebot KickScooter MAX G30LE\" width=\"1082\" height=\"609\" src=\"https:\/\/www.youtube.com\/embed\/uu43ebxcCLU?feature=oembed\" frameborder=\"0\" allow=\"accelerometer; autoplay; clipboard-write; encrypted-media; gyroscope; picture-in-picture; web-share\" allowfullscreen><\/iframe><\/p>\n<h2 style=\"text-align: center;\">SEGWAY NINEBOT MAX G30LE II S\u00c4HK\u00d6POTKULAUTA - TEKNINEN KUVAUS<\/h2>\n<p>Korkeamman luokan py\u00f6rien tapaan NB Max G30LE II -s\u00e4hk\u00f6potkulauta on varustettu letkuttomilla ilmarenkailla. Rengaskoko on <strong>60\/70-6,5<\/strong> eli vastaava <strong>10 tuumaa<\/strong>. Tubeless-renkaat ovat paljon kest\u00e4v\u00e4mm\u00e4t kuin sis\u00e4kumilla ilmarenkaat, ja ne tarjoavat paljon miellytt\u00e4v\u00e4mm\u00e4n ajomukavuuden sek\u00e4 t\u00e4rin\u00e4n- ja iskunkest\u00e4vyyden kuin t\u00e4yskumirenkaat. Lis\u00e4ksi Segway Ninebotin alkuper\u00e4iset tubeless-renkaat on sis\u00e4puolelta p\u00e4\u00e4llystetty elastisella <strong>puhkeamista kest\u00e4v\u00e4ll\u00e4 kerroksella<\/strong>, joka est\u00e4\u00e4 renkaan tyhjentymisen, vaikka se olisi puhjennut. Renkaissa on eritt\u00e4in vahva sivusein\u00e4n runko. Hevosk\u00e4rrymaailman korjauskokemukset ovat osoittaneet, ett\u00e4 n\u00e4m\u00e4 puhkeamattomien renkaiden puhkeamisen kest\u00e4v\u00e4t renkaat voidaan useimmissa tapauksissa t\u00e4ytt\u00e4\u00e4 ja k\u00e4ytt\u00e4\u00e4 onnistuneesti my\u00f6s sen j\u00e4lkeen, kun renkaita on ajettu pitk\u00e4\u00e4n liian alhaisella rengaspaineella (ei suositella!).<\/p>\n<p>Segway Ninebot Max G30LE II -s\u00e4hk\u00f6potkulauta on varustettu <strong>eturumpujarrulla<\/strong>, jonka etuna kaikkiin muihin mahdollisiin ratkaisuihin verrattuna on, ett\u00e4 rumpujarrut ovat eritt\u00e4in huoltovapaita ja luotettavia. Samalla rumpujarru on yhdistetty s\u00e4hk\u00f6moottorijarruun, joka varmistaa, ett\u00e4 skootteri pys\u00e4htyy nopeasti ja turvallisesti. Edess\u00e4 oleva <strong>2W:n LED-valo<\/strong> ja takavalo (+jarruvalo) tekev\u00e4t skootterin kuljettajan n\u00e4kyv\u00e4ksi muille kevytpy\u00f6r\u00e4ilij\u00f6ille.<\/p>\n<p>Max G30LE II on <strong>kokoontaitettava<\/strong> s\u00e4hk\u00f6skootteri. S\u00e4hk\u00f6potkulauta on kokoontaitettava etupy\u00f6r\u00e4ss\u00e4 olevan s\u00e4\u00e4dett\u00e4v\u00e4n vipumekanismin avulla. Kokoontaitettuna skootteri voidaan s\u00e4ilytt\u00e4\u00e4 auton tavaratilassa, vaatekaapissa tai\u00a0<a href=\"http:\/\/www.xn--tuksimaailm-ffb.ee\/shop\/segway-ninebot-kandekott-vihmakindel\/\">s\u00e4hk\u00f6potkulautalaukussa<\/a>.\u00a0G30LE II -s\u00e4hk\u00f6skootteri painaa <strong>17,5kg<\/strong>, joten sit\u00e4 on helppo kantaa ja kuljettaa portaita yl\u00f6s ja alas. S\u00e4hk\u00f6k\u00e4ytt\u00f6isen rattaiden <strong>vedenpit\u00e4vyysluokitus<\/strong> on <strong>IPX5<\/strong> (runko) ja <strong>IPX7<\/strong> (moottori) ja valmistajan ilmoittama enimm\u00e4ispaino on <strong>100kg<\/strong>. Pitk\u00e4aikainen kokemus vanhemmasta Max G30 -mallista on kuitenkin osoittanut, ett\u00e4 todellisuudessa my\u00f6s 130 kg painavat kuljettajat voivat tuntea olonsa eritt\u00e4in mukavaksi - Ninebot Max -s\u00e4hk\u00f6potkulautailijan runko ei anna periksi niin helposti.<img decoding=\"async\" class=\"wp-image-6500 aligncenter\" src=\"http:\/\/www.xn--tuksimaailm-ffb.ee\/wp-content\/uploads\/2021\/12\/G30LE-8-300x198.png\" alt=\"segway ninebot max g30le II elektrit\u00f5ukeratas elektriline t\u00f5ukeratas\" width=\"633\" height=\"418\" srcset=\"https:\/\/www.xn--tuksimaailm-ffb.ee\/wp-content\/uploads\/2021\/12\/G30LE-8-300x198.png 300w, https:\/\/www.xn--tuksimaailm-ffb.ee\/wp-content\/uploads\/2021\/12\/G30LE-8-768x506.png 768w, https:\/\/www.xn--tuksimaailm-ffb.ee\/wp-content\/uploads\/2021\/12\/G30LE-8-455x300.png 455w, https:\/\/www.xn--tuksimaailm-ffb.ee\/wp-content\/uploads\/2021\/12\/G30LE-8-600x395.png 600w, https:\/\/www.xn--tuksimaailm-ffb.ee\/wp-content\/uploads\/2021\/12\/G30LE-8.png 806w\" sizes=\"(max-width: 633px) 100vw, 633px\" \/><\/p>\n<h2 style=\"text-align: center;\">UUS MAX S\u00c4HK\u00d6POTKULAUTA -\u00a0AJOMATKA JA SUORITUSKYKY<\/h2>\n<p>Segwayn mukaan Ninebot Max G30LE II -s\u00e4hk\u00f6potkulauta pystyy <strong>40 kilometrin<\/strong> ajoon t\u00e4ydell\u00e4 akulla. Kilometrim\u00e4\u00e4r\u00e4 riippuu suurelta osin kuljettajan painosta, pituudesta (tuulenvastus) ja ajotyylist\u00e4. Siihen vaikuttaa my\u00f6s s\u00e4\u00e4 - vastatuuli, sade jne. Realistinen matka, jonka s\u00e4hk\u00f6skootteri voi kulkea kaupunkiymp\u00e4rist\u00f6ss\u00e4 (jarru\/kaasu, jarru\/kaasu -ajotyyli) yhdell\u00e4 latauksella, on noin 25 km 90 kg painavalle kuljettajalle. Suuri <strong>36V\/10200mAh (367Wh)<\/strong> akku ja <strong>takaveto<\/strong> takaavat tehokkaan etenemisen my\u00f6s ajettaessa jopa<strong> 20 asteen kaltevuudessa yl\u00e4m\u00e4keen<\/strong>. S\u00e4hk\u00f6potkulauta saavuttaa Viron liikennelain asettaman <strong>25km\/h<\/strong> enimm\u00e4isnopeusrajoituksen.<\/p>\n<p>S\u00e4hk\u00f6potkulaitteen latauspistorasiat (vakiolaturi ja pikalaturipistorasiat) on peitetty kumitiivisteell\u00e4. T\u00e4m\u00e4n suojuksen on oltava tukevasti kiinni koko ajan ajon ajan. Ohjauspylv\u00e4\u00e4n keskelle kuljettajaan p\u00e4in asennettu LCD-v\u00e4rin\u00e4ytt\u00f6 n\u00e4ytt\u00e4\u00e4 nopeuden, akun varaustason ja kulloinkin aktivoidun ajotilan\/vaihteen. NB Max G30LE II -s\u00e4hk\u00f6skootterissa on kolme elektronista vaihteistoa, ja siin\u00e4 on mahdollisuus aktivoida vakionopeudens\u00e4\u00e4din pidempi\u00e4 matkoja ja suoria matkoja varten. S\u00e4hk\u00f6potkulauta on nopea ja mahdollisesti vaarallinen ajoneuvo kuljettajalle. Siksi suosittelemme\u00a0<a href=\"http:\/\/www.xn--tuksimaailm-ffb.ee\/tootesilt\/elektritoukeratta-kiivrid\/\">kyp\u00e4r\u00e4n<\/a> k\u00e4ytt\u00f6\u00e4 aina. Alle 16-vuotiaiden s\u00e4hk\u00f6skootterin kuljettajien on <a href=\"https:\/\/www.riigiteataja.ee\/akt\/113112020001\">lain<\/a> mukaan k\u00e4ytett\u00e4v\u00e4 kyp\u00e4r\u00e4\u00e4 ajaessaan. Kaikki s\u00e4hk\u00f6skootterit l\u00f6yd\u00e4t <a href=\"http:\/\/www.xn--tuksimaailm-ffb.ee\/tootekategooria\/elektritoukeratas\/\"><strong>t\u00e4\u00e4lt\u00e4<\/strong><\/a>.<\/p>\n<p><strong style=\"box-sizing: inherit; margin: 0px; padding: 0px; border: 0px; font-variant-numeric: inherit; font-variant-east-asian: inherit; font-stretch: inherit; font-size: 17px; line-height: inherit;\">Segway Ninebot Max G30LE II -s\u00e4hk\u00f6potkulauta on Viron liikennelains\u00e4\u00e4d\u00e4nn\u00f6n mukainen katuoikeudellinen kevytskootteri, jonka valmistajan teho on 700W ja valmistajan nopeus 25km\/h. HUOMAA: Jos k\u00e4ytt\u00e4j\u00e4 on itsen\u00e4isesti muuttanut s\u00e4hk\u00f6skootteria nopeammaksi tai tehokkaammaksi kuin edell\u00e4 mainitut parametrit, T\u00f5uksimaailm ei ole vastuussa lain rikkomisesta aiheutuvista sakoista, s\u00e4hk\u00f6skootterin takavarikoimisesta poliisin toimesta tai mist\u00e4\u00e4n muustakaan rikkomisesta aiheutuneesta vahingosta.<\/strong><\/p>\n<table class=\"tg\" style=\"border-collapse: collapse; max-width: 600px; border-spacing: 0; margin: 0px auto;\">\n<tbody>\n<tr>\n<td style=\"background-color: #e4e1e1; color: #333333; font-family: inherit; font-size: 14px; font-weight: bold; overflow: hidden; padding: 5px 5px; text-align: center; vertical-align: top; word-break: normal; border: 1px solid;\" colspan=\"2\">Tekniset tiedot<\/td>\n<\/tr>\n<tr>\n<td style=\"background-color: #e4e1e1; color: #333333; font-family: inherit; font-size: 14px; font-weight: bold; overflow: hidden; padding: 5px 5px; text-align: right; vertical-align: top; word-break: normal; border: 1px solid;\">Malli<\/td>\n<td style=\"font-family: inherit; font-size: 14px; overflow: hidden; padding: 5px 5px; text-align: center; vertical-align: top; word-break: normal; border: 1px solid;\">Segway Ninebot Max G30LE II<\/td>\n<\/tr>\n<tr>\n<td style=\"background-color: #e4e1e1; color: #333333; font-family: inherit; font-size: 14px; font-weight: bold; overflow: hidden; padding: 5px 5px; text-align: right; vertical-align: top; word-break: normal; border: 1px solid;\">Akku<\/td>\n<td style=\"font-family: inherit; font-size: 14px; overflow: hidden; padding: 5px 5px; text-align: center; vertical-align: top; word-break: normal; border: 1px solid;\">36V\/10,2Ah\/367Wh Li-Ion<\/td>\n<\/tr>\n<tr>\n<td style=\"background-color: #e4e1e1; color: #333333; font-family: inherit; font-size: 14px; font-weight: bold; overflow: hidden; padding: 5px 5px; text-align: right; vertical-align: top; word-break: normal; border: 1px solid;\">Latausaika<\/td>\n<td style=\"font-family: inherit; font-size: 14px; overflow: hidden; padding: 5px 5px; text-align: center; vertical-align: top; word-break: normal; border: 1px solid;\">jopa 5,5h<\/td>\n<\/tr>\n<tr>\n<td style=\"background-color: #e4e1e1; color: #333333; font-family: inherit; font-size: 14px; font-weight: bold; overflow: hidden; padding: 5px 5px; text-align: right; vertical-align: top; word-break: normal; border: 1px solid;\">Moottorin teho<\/td>\n<td style=\"font-family: inherit; font-size: 14px; overflow: hidden; padding: 5px 5px; text-align: center; vertical-align: top; word-break: normal; border: 1px solid;\">350W (huipputeho 700W)<\/td>\n<\/tr>\n<tr>\n<td style=\"background-color: #e4e1e1; color: #333333; font-family: inherit; font-size: 14px; font-weight: bold; overflow: hidden; padding: 5px 5px; text-align: right; vertical-align: top; word-break: normal; border: 1px solid;\">Ajomatka (valmistajan ilmoittama) Arvioitu ajomatka<\/td>\n<td style=\"font-family: inherit; font-size: 14px; overflow: hidden; padding: 5px 5px; text-align: center; vertical-align: top; word-break: normal; border: 1px solid;\">jopa 40km 25km (25km\/h, 70kg kuljettaja, 15Wh\/km)<\/td>\n<\/tr>\n<tr>\n<td style=\"background-color: #e4e1e1; color: #333333; font-family: inherit; font-size: 14px; font-weight: bold; overflow: hidden; padding: 5px 5px; text-align: right; vertical-align: top; word-break: normal; border: 1px solid;\">Etujarru<\/td>\n<td style=\"font-family: inherit; font-size: 14px; overflow: hidden; padding: 5px 5px; text-align: center; vertical-align: top; word-break: normal; border: 1px solid;\">rumpujarru<\/td>\n<\/tr>\n<tr>\n<td style=\"background-color: #e4e1e1; color: #333333; font-family: inherit; font-size: 14px; font-weight: bold; overflow: hidden; padding: 5px 5px; text-align: right; vertical-align: top; word-break: normal; border: 1px solid;\">Takajarru<\/td>\n<td style=\"font-family: inherit; font-size: 14px; overflow: hidden; padding: 5px 5px; text-align: center; vertical-align: top; word-break: normal; border: 1px solid;\">s\u00e4hk\u00f6inen moottorijarru (regeneratiivinen)<\/td>\n<\/tr>\n<tr>\n<td style=\"background-color: #e4e1e1; color: #333333; font-family: inherit; font-size: 14px; font-weight: bold; overflow: hidden; padding: 5px 5px; text-align: right; vertical-align: top; word-break: normal; border: 1px solid;\">Painorajoitus<\/td>\n<td style=\"font-family: inherit; font-size: 14px; overflow: hidden; padding: 5px 5px; text-align: center; vertical-align: top; word-break: normal; border: 1px solid;\">100kg (tuotaja erittely); realistinen 130kg<\/td>\n<\/tr>\n<tr>\n<td style=\"background-color: #e4e1e1; color: #333333; font-family: inherit; font-size: 14px; font-weight: bold; overflow: hidden; padding: 5px 5px; text-align: right; vertical-align: top; word-break: normal; border: 1px solid;\">Tuotaja m\u00e4\u00e4rittely nopeus<\/td>\n<td style=\"font-family: inherit; font-size: 14px; overflow: hidden; padding: 5px 5px; text-align: center; vertical-align: top; word-break: normal; border: 1px solid;\">25km\/h<\/td>\n<\/tr>\n<tr>\n<td style=\"background-color: #e4e1e1; color: #333333; font-family: inherit; font-size: 14px; font-weight: bold; overflow: hidden; padding: 5px 5px; text-align: right; vertical-align: top; word-break: normal; border: 1px solid;\">Paino<\/td>\n<td style=\"font-family: inherit; font-size: 14px; overflow: hidden; padding: 5px 5px; text-align: center; vertical-align: top; word-break: normal; border: 1px solid;\">17,5kg<\/td>\n<\/tr>\n<tr>\n<td style=\"background-color: #e4e1e1; color: #333333; font-family: inherit; font-size: 14px; font-weight: bold; overflow: hidden; padding: 5px 5px; text-align: right; vertical-align: top; word-break: normal; border: 1px solid;\">Moottorisoitu py\u00f6r\u00e4<\/td>\n<td style=\"font-family: inherit; font-size: 14px; overflow: hidden; padding: 5px 5px; text-align: center; vertical-align: top; word-break: normal; border: 1px solid;\">takapy\u00f6r\u00e4<\/td>\n<\/tr>\n<tr>\n<td style=\"background-color: #e4e1e1; color: #333333; font-family: inherit; font-size: 14px; font-weight: bold; overflow: hidden; padding: 5px 5px; text-align: right; vertical-align: top; word-break: normal; border: 1px solid;\">Renkaat<\/td>\n<td style=\"font-family: inherit; font-size: 14px; overflow: hidden; padding: 5px 5px; text-align: center; vertical-align: top; word-break: normal; border: 1px solid;\">10\" tubeless ilmarenkaat (ilman sis\u00e4kumia) 70\/65-6.5<\/td>\n<\/tr>\n<tr>\n<td style=\"background-color: #e4e1e1; color: #333333; font-family: inherit; font-size: 14px; font-weight: bold; overflow: hidden; padding: 5px 5px; text-align: right; vertical-align: top; word-break: normal; border: 1px solid;\">Tien enim\u00e4iskaltevuus<\/td>\n<td style=\"font-family: inherit; font-size: 14px; overflow: hidden; padding: 5px 5px; text-align: center; vertical-align: top; word-break: normal; border: 1px solid;\">jopa 20%<\/td>\n<\/tr>\n<\/tbody>\n<\/table>\n","protected":false},"excerpt":{"rendered":"<p><a href=\"http:\/\/www.xn--tuksimaailm-ffb.ee\/kontakt\/\"><strong>L\u00f6ysitk\u00f6 paremman hinnan? Kirjoita meille, niin teemme sinulle paremman tarjouksen!<\/strong><\/a><\/p>\n<p><strong>Kaikki <a href=\"http:\/\/www.xn--tuksimaailm-ffb.ee\/tootekategooria\/lisavarustus\/\">lis\u00e4varusteet<\/a> ja <a href=\"https:\/\/www.xn\u2014tuksimaailm-ffb.ee\/tootekategooria\/elektritoukeratta-varuosad\/\">varaosat<\/a> ovat -20%, kun ne ostetaan s\u00e4hk\u00f6skootterin kanssa. Alennus otetaan automaattisesti k\u00e4ytt\u00f6\u00f6n, kun lis\u00e4\u00e4t sen ostoskoriin!<\/strong><\/p>\n<p><em><strong>Toimitusaika: EOL<\/p>\n<p><\/strong><\/em><\/p>\n","protected":false},"featured_media":23754,"template":"","meta":[],"product_brand":[],"product_cat":[926],"product_tag":[],"filter_elektritoukeratas":[],"class_list":{"0":"post-41599","1":"product","2":"type-product","3":"status-publish","4":"has-post-thumbnail","6":"product_cat-sahkopotkulaudat-fi","7":"product_shipping_class-keskmine-pakk-fi","8":"pa_aku-mahutavus-wh-367-fi","9":"pa_kaal-kg-17-fi","10":"pa_kandevoime-kg-130-fi","11":"pa_labisoit-arvutuslik-km-25-fi","12":"pa_mootorite-arv-uhe-mootoriga-fi","13":"pa_muuja-platvormil-touksimaailm-exocool-ou-fi","14":"pa_piiramata-tippkiirus-kmh-25-fi","15":"pa_tootetuup-elektritoukeratas-fi","16":"pa_valmistaja-segway-fi","17":"pa_voimsus-w-700-fi","19":"first","20":"outofstock","21":"taxable","22":"shipping-taxable","23":"purchasable","24":"product-type-simple"},"yoast_head":"<!-- This site is optimized with the Yoast SEO Premium plugin v26.8 (Yoast SEO v27.5) - https:\/\/yoast.com\/product\/yoast-seo-premium-wordpress\/ -->\n<title>Segway Ninebot Max G30LE II s\u00e4hk\u00f6potkulauta | T\u00f5uksimaailm<\/title>\n<meta name=\"description\" content=\"Segway Ninebot Max G30LE II elektrit\u00f5ukeratas. T\u00e4pselt nagu Segway Ninebot Max G30 elektriline t\u00f5ukeratas, aga v\u00e4iksem ja valget v\u00e4rvi.\" \/>\n<meta name=\"robots\" content=\"index, follow, max-snippet:-1, max-image-preview:large, max-video-preview:-1\" \/>\n<link rel=\"canonical\" href=\"https:\/\/www.xn--tuksimaailm-ffb.ee\/fi\/shop\/segway-ninebot-max-g30le-sahkopotkulauta\/\" \/>\n<meta property=\"og:locale\" content=\"fi_FI\" \/>\n<meta property=\"og:type\" content=\"article\" \/>\n<meta property=\"og:title\" content=\"Segway Ninebot Max G30LE II s\u00e4hk\u00f6potkulauta\" \/>\n<meta property=\"og:description\" content=\"Segway Ninebot Max G30LE II elektrit\u00f5ukeratas. T\u00e4pselt nagu Segway Ninebot Max G30 elektriline t\u00f5ukeratas, aga v\u00e4iksem ja valget v\u00e4rvi.\" \/>\n<meta property=\"og:url\" content=\"https:\/\/www.xn--tuksimaailm-ffb.ee\/fi\/shop\/segway-ninebot-max-g30le-sahkopotkulauta\/\" \/>\n<meta property=\"og:site_name\" content=\"T\u00f5uksimaailm\" \/>\n<meta property=\"article:publisher\" content=\"https:\/\/www.facebook.com\/touksimaailm\/\" \/>\n<meta property=\"article:modified_time\" content=\"2024-11-21T08:20:05+00:00\" \/>\n<meta property=\"og:image\" content=\"https:\/\/www.xn--tuksimaailm-ffb.ee\/wp-content\/uploads\/2021\/12\/G30LE-5.png\" \/>\n\t<meta property=\"og:image:width\" content=\"633\" \/>\n\t<meta property=\"og:image:height\" content=\"701\" \/>\n\t<meta property=\"og:image:type\" content=\"image\/png\" \/>\n<meta name=\"twitter:card\" content=\"summary_large_image\" \/>\n<meta name=\"twitter:label1\" content=\"Hinta\" \/>\n\t<meta name=\"twitter:data1\" content=\"&euro;589.00\" \/>\n\t<meta name=\"twitter:label2\" content=\"Saatavuus\" \/>\n\t<meta name=\"twitter:data2\" content=\"Loppu varastosta\" \/>\n<meta property=\"product:price:amount\" content=\"589.00\" \/>\n<meta property=\"product:price:currency\" content=\"EUR\" \/>\n<meta property=\"og:availability\" content=\"out of stock\" \/>\n<meta property=\"product:availability\" content=\"out of stock\" \/>\n<meta property=\"product:retailer_item_id\" content=\"40.30.0000.00\" \/>\n<meta property=\"product:condition\" content=\"new\" \/>\n<!-- \/ Yoast SEO Premium plugin. -->","yoast_head_json":{"title":"Segway Ninebot Max G30LE II s\u00e4hk\u00f6potkulauta | T\u00f5uksimaailm","description":"Segway Ninebot Max G30LE II elektrit\u00f5ukeratas. T\u00e4pselt nagu Segway Ninebot Max G30 elektriline t\u00f5ukeratas, aga v\u00e4iksem ja valget v\u00e4rvi.","robots":{"index":"index","follow":"follow","max-snippet":"max-snippet:-1","max-image-preview":"max-image-preview:large","max-video-preview":"max-video-preview:-1"},"canonical":"https:\/\/www.xn--tuksimaailm-ffb.ee\/fi\/shop\/segway-ninebot-max-g30le-sahkopotkulauta\/","og_locale":"fi_FI","og_type":"article","og_title":"Segway Ninebot Max G30LE II s\u00e4hk\u00f6potkulauta","og_description":"Segway Ninebot Max G30LE II elektrit\u00f5ukeratas. T\u00e4pselt nagu Segway Ninebot Max G30 elektriline t\u00f5ukeratas, aga v\u00e4iksem ja valget v\u00e4rvi.","og_url":"https:\/\/www.xn--tuksimaailm-ffb.ee\/fi\/shop\/segway-ninebot-max-g30le-sahkopotkulauta\/","og_site_name":"T\u00f5uksimaailm","article_publisher":"https:\/\/www.facebook.com\/touksimaailm\/","article_modified_time":"2024-11-21T08:20:05+00:00","og_image":[{"width":633,"height":701,"url":"https:\/\/www.xn--tuksimaailm-ffb.ee\/wp-content\/uploads\/2021\/12\/G30LE-5.png","type":"image\/png"}],"twitter_card":"summary_large_image","twitter_misc":{"Hinta":"&euro;589.00","Saatavuus":"Loppu varastosta"},"schema":{"@context":"https:\/\/schema.org","@graph":[{"@type":"WebPage","@id":"https:\/\/www.xn--tuksimaailm-ffb.ee\/fi\/shop\/segway-ninebot-max-g30le-sahkopotkulauta\/","url":"https:\/\/www.xn--tuksimaailm-ffb.ee\/fi\/shop\/segway-ninebot-max-g30le-sahkopotkulauta\/","name":"Segway Ninebot Max G30LE II s\u00e4hk\u00f6potkulauta | T\u00f5uksimaailm","isPartOf":{"@id":"https:\/\/www.xn--tuksimaailm-ffb.ee\/fi\/#website"},"primaryImageOfPage":{"@id":"https:\/\/www.xn--tuksimaailm-ffb.ee\/fi\/shop\/segway-ninebot-max-g30le-sahkopotkulauta\/#primaryimage"},"image":{"@id":"https:\/\/www.xn--tuksimaailm-ffb.ee\/fi\/shop\/segway-ninebot-max-g30le-sahkopotkulauta\/#primaryimage"},"thumbnailUrl":"https:\/\/www.xn--tuksimaailm-ffb.ee\/wp-content\/uploads\/2021\/12\/G30LE-5.png","datePublished":"2021-12-15T12:08:09+00:00","dateModified":"2024-11-21T08:20:05+00:00","description":"Segway Ninebot Max G30LE II elektrit\u00f5ukeratas. T\u00e4pselt nagu Segway Ninebot Max G30 elektriline t\u00f5ukeratas, aga v\u00e4iksem ja valget v\u00e4rvi.","breadcrumb":{"@id":"https:\/\/www.xn--tuksimaailm-ffb.ee\/fi\/shop\/segway-ninebot-max-g30le-sahkopotkulauta\/#breadcrumb"},"inLanguage":"fi","potentialAction":[{"@type":"ReadAction","target":["https:\/\/www.xn--tuksimaailm-ffb.ee\/fi\/shop\/segway-ninebot-max-g30le-sahkopotkulauta\/"]}]},{"@type":"ImageObject","inLanguage":"fi","@id":"https:\/\/www.xn--tuksimaailm-ffb.ee\/fi\/shop\/segway-ninebot-max-g30le-sahkopotkulauta\/#primaryimage","url":"https:\/\/www.xn--tuksimaailm-ffb.ee\/wp-content\/uploads\/2021\/12\/G30LE-5.png","contentUrl":"https:\/\/www.xn--tuksimaailm-ffb.ee\/wp-content\/uploads\/2021\/12\/G30LE-5.png","width":633,"height":701,"caption":"segway ninebot max g30le II elektrit\u00f5ukeratas elektriline t\u00f5ukeratas"},{"@type":"BreadcrumbList","@id":"https:\/\/www.xn--tuksimaailm-ffb.ee\/fi\/shop\/segway-ninebot-max-g30le-sahkopotkulauta\/#breadcrumb","itemListElement":[{"@type":"ListItem","position":1,"name":"Home","item":"https:\/\/www.xn--tuksimaailm-ffb.ee\/fi\/kotisivu\/"},{"@type":"ListItem","position":2,"name":"Kauppa","item":"https:\/\/www.xn--tuksimaailm-ffb.ee\/elektritoukerataste-pood\/"},{"@type":"ListItem","position":3,"name":"Segway Ninebot Max G30LE II s\u00e4hk\u00f6potkulauta"}]},{"@type":"WebSite","@id":"https:\/\/www.xn--tuksimaailm-ffb.ee\/fi\/#website","url":"https:\/\/www.xn--tuksimaailm-ffb.ee\/fi\/","name":"T\u00f5uksimaailm","description":"Elektrit\u00f5ukerataste m\u00fc\u00fck, remont ja rent","publisher":{"@id":"https:\/\/www.xn--tuksimaailm-ffb.ee\/fi\/#organization"},"potentialAction":[{"@type":"SearchAction","target":{"@type":"EntryPoint","urlTemplate":"https:\/\/www.xn--tuksimaailm-ffb.ee\/fi\/?s={search_term_string}"},"query-input":{"@type":"PropertyValueSpecification","valueRequired":true,"valueName":"search_term_string"}}],"inLanguage":"fi"},{"@type":"Organization","@id":"https:\/\/www.xn--tuksimaailm-ffb.ee\/fi\/#organization","name":"T\u00f5uksimaailm","url":"https:\/\/www.xn--tuksimaailm-ffb.ee\/fi\/","logo":{"@type":"ImageObject","inLanguage":"fi","@id":"https:\/\/www.xn--tuksimaailm-ffb.ee\/fi\/#\/schema\/logo\/image\/","url":"https:\/\/www.xn--tuksimaailm-ffb.ee\/wp-content\/uploads\/2020\/01\/logoz-e1579792875517.png","contentUrl":"https:\/\/www.xn--tuksimaailm-ffb.ee\/wp-content\/uploads\/2020\/01\/logoz-e1579792875517.png","width":250,"height":250,"caption":"T\u00f5uksimaailm"},"image":{"@id":"https:\/\/www.xn--tuksimaailm-ffb.ee\/fi\/#\/schema\/logo\/image\/"},"sameAs":["https:\/\/www.facebook.com\/touksimaailm\/","https:\/\/www.instagram.com\/touksimaailm_\/","https:\/\/www.youtube.com\/channel\/UC18ml0EKIDLP1xGuQjFzcXQ"]}]},"product_price_amount":"589.00","product_price_currency":"EUR","og_availability":"out of stock","product_availability":"out of stock","product_retailer_item_id":"40.30.0000.00","product_condition":"new"},"jetpack_sharing_enabled":true,"_links":{"self":[{"href":"https:\/\/www.xn--tuksimaailm-ffb.ee\/fi\/wp-json\/wp\/v2\/product\/41599","targetHints":{"allow":["GET"]}}],"collection":[{"href":"https:\/\/www.xn--tuksimaailm-ffb.ee\/fi\/wp-json\/wp\/v2\/product"}],"about":[{"href":"https:\/\/www.xn--tuksimaailm-ffb.ee\/fi\/wp-json\/wp\/v2\/types\/product"}],"wp:featuredmedia":[{"embeddable":true,"href":"https:\/\/www.xn--tuksimaailm-ffb.ee\/fi\/wp-json\/wp\/v2\/media\/23754"}],"wp:attachment":[{"href":"https:\/\/www.xn--tuksimaailm-ffb.ee\/fi\/wp-json\/wp\/v2\/media?parent=41599"}],"wp:term":[{"taxonomy":"product_brand","embeddable":true,"href":"https:\/\/www.xn--tuksimaailm-ffb.ee\/fi\/wp-json\/wp\/v2\/product_brand?post=41599"},{"taxonomy":"product_cat","embeddable":true,"href":"https:\/\/www.xn--tuksimaailm-ffb.ee\/fi\/wp-json\/wp\/v2\/product_cat?post=41599"},{"taxonomy":"product_tag","embeddable":true,"href":"https:\/\/www.xn--tuksimaailm-ffb.ee\/fi\/wp-json\/wp\/v2\/product_tag?post=41599"},{"taxonomy":"filter_elektritoukeratas","embeddable":true,"href":"https:\/\/www.xn--tuksimaailm-ffb.ee\/fi\/wp-json\/wp\/v2\/filter_elektritoukeratas?post=41599"}],"curies":[{"name":"wp","href":"https:\/\/api.w.org\/{rel}","templated":true}]}}